{"id":2024,"date":"2024-12-26T20:26:41","date_gmt":"2024-12-26T20:26:41","guid":{"rendered":"https:\/\/fahrerlaubnisnetz.com\/?post_type=product&#038;p=2024"},"modified":"2025-06-26T09:17:32","modified_gmt":"2025-06-26T09:17:32","slug":"comprar-licencia-de-conducir-y-tarjeta-de-identificacion-en-georgia","status":"publish","type":"product","link":"https:\/\/fahrerlaubnisnetz.com\/es\/product\/comprar-licencia-de-conducir-y-tarjeta-de-identificacion-en-georgia\/","title":{"rendered":"Compre una licencia de conducir y una tarjeta de identificaci\u00f3n de Georgia"},"content":{"rendered":"<h2>Compre su licencia de conducir y tarjeta de identificaci\u00f3n de Georgia en l\u00ednea (Nueva identificaci\u00f3n de Georgia)<\/h2>\n<p><a href=\"https:\/\/fahrerlaubnisnetz.com\/es\/product\/comprar-licencia-de-conducir-y-tarjeta-de-identificacion-en-georgia\/\"><strong>Compre su licencia de conducir y tarjeta de identificaci\u00f3n de Georgia en l\u00ednea<\/strong><\/a>\u00a0Con comprobante en video de la licencia de conducir y las identificaciones de Georgia, realizado antes de la entrega. Obtenga una licencia de conducir y una identificaci\u00f3n de Georgia reales en l\u00ednea en 2022. Georgia es un estado con mucho que ofrecer. \u00a1No se pierda la diversi\u00f3n! Con nuestras identificaciones falsas de alta calidad, la comunidad local estar\u00e1 a su servicio. Obtenga licencias de conducir y tarjetas de identificaci\u00f3n de Georgia reales, registradas en nuestra base de datos, con total garant\u00eda.<\/p>\n<p>Georgia, Sakartvelo georgiano, naci\u00f3n de Transcaucasia situada en el extremo oriental del Mar Negro, en la ladera sur del pico principal de la cordillera del Gran C\u00e1ucaso. Limita al norte y al este con Rusia, al este y sureste con Azerbaiy\u00e1n, al sur con Armenia y Turqu\u00eda, y al oeste con el Mar Negro.<\/p>\n<h2>Obtener la Real ID y la licencia de conducir de Georgia en l\u00ednea<\/h2>\n<p>Los cimientos del pueblo georgiano se expanden cada vez m\u00e1s; su legado social es igualmente antiguo y rico. Durante la Edad Media, existi\u00f3 un gran imperio georgiano, que alcanz\u00f3 su m\u00e1ximo esplendor entre los siglos X y XIII. Tras un largo per\u00edodo de dominio turco y persa, Georgia fue anexionada al Imperio ruso en el siglo XIX.<\/p>\n<p>Georgia existi\u00f3 como estado aut\u00f3nomo entre 1918 y 1921, a\u00f1o en que se incorpor\u00f3 a la Uni\u00f3n Sovi\u00e9tica. En 1936, Georgia se convirti\u00f3 en una rep\u00fablica constituyente (de asociaci\u00f3n) y perdur\u00f3 como tal hasta la desintegraci\u00f3n de la Uni\u00f3n Sovi\u00e9tica.<\/p>\n<h3>Fahrerlaubnis netz\u00a0proporciona GA ID o DL escaneables<\/h3>\n<p>Somos la \u00fanica agencia en el mundo que puede proporcionar la licencia o tarjeta de identificaci\u00f3n de buzo de Real GA en l\u00ednea. Si ha intentado varias veces obtener una licencia o tarjeta de identificaci\u00f3n de buzo de Real GA en l\u00ednea<strong>.\u00a0<\/strong>pero no lo logr\u00f3 despu\u00e9s de una larga documentaci\u00f3n, proceso escrito y pr\u00e1ctico, as\u00ed que no se preocupe porque ahora est\u00e1 en el lugar correcto. Est\u00e1 a solo unos pasos de obtener una licencia de buzo o tarjeta de identificaci\u00f3n de GA real en l\u00ednea. Siga el procedimiento y haga un pedido de una licencia de conducir real para recibirla en su puerta en los pr\u00f3ximos d\u00edas. Nuestros precios son razonables.<\/p>\n<p>Tambi\u00e9n proporcionamos una falsificaci\u00f3n.\u00a0<a href=\"https:\/\/www.driverslicenseguide.com\/states\/check-georgia-id.html\" target=\"_blank\" rel=\"noopener\">driver\u2019s license or ID<\/a>\u00a0tarjeta en\u00a0<strong>Georgia<\/strong>Si no puede pagar las tarifas de una licencia de conducir real de\u00a0<strong>el estado de GA\u00a0<\/strong>As\u00ed que nuestra licencia de conducir falsa tambi\u00e9n es de alta calidad e indetectable. Solicite una licencia de conducir falsa hoy mismo y siga conduciendo.\u00a0<strong>Atlanta\u2019s<\/strong>\u00a0Las carreteras estar\u00e1n disponibles a partir de la pr\u00f3xima semana sin problemas. Utilizamos proveedores r\u00e1pidos para la entrega porque respetamos las necesidades de nuestros clientes.<\/p>\n<h3>B\u00fasquedas comunes de tarjeta de identificaci\u00f3n y licencia de conducir de Georgia:<\/h3>\n<p>Compre su tarjeta de identificaci\u00f3n de Georgia en l\u00ednea. Compre su identidad de Georgia en l\u00ednea en 2023.<br \/>\nCompre una tarjeta de identificaci\u00f3n de Georgia falsa en l\u00ednea, d\u00f3nde comprar una tarjeta de identificaci\u00f3n de Georgia falsa en l\u00ednea.<br \/>\nIdentificaci\u00f3n falsa en venta, compre tarjetas de identificaci\u00f3n falsas de Georgia en l\u00ednea, compre identificaciones falsas en Europa.<br \/>\nD\u00f3nde comprar documentos falsos en Georgia, comprar documentos falsos en Georgia.<br \/>\nLicencia en l\u00ednea,<\/p>","protected":false},"excerpt":{"rendered":"<p>Compre su licencia de conducir y tarjeta de identificaci\u00f3n de Georgia en l\u00ednea con un comprobante en video de la licencia y la identificaci\u00f3n de Georgia, realizado antes de la entrega. Obtenga una licencia de conducir y una identificaci\u00f3n de Georgia reales en l\u00ednea.<\/p>","protected":false},"featured_media":2025,"comment_status":"open","ping_status":"closed","template":"","meta":{"site-sidebar-layout":"default","site-content-layout":"","ast-site-content-layout":"default","site-content-style":"default","site-sidebar-style":"default","ast-global-header-display":"","ast-banner-title-visibility":"","ast-main-header-display":"","ast-hfb-above-header-display":"","ast-hfb-below-header-display":"","ast-hfb-mobile-header-display":"","site-post-title":"","ast-breadcrumbs-content":"","ast-featured-img":"","footer-sml-layout":"","ast-disable-related-posts":"","theme-transparent-header-meta":"default","adv-header-id-meta":"","stick-header-meta":"","header-above-stick-meta":"","header-main-stick-meta":"","header-below-stick-meta":"","astra-migrate-meta-layouts":"set","ast-page-background-enabled":"default","ast-page-background-meta":{"desktop":{"background-color":"var(--ast-global-color-4)","background-image":"","background-repeat":"repeat","background-position":"center center","background-size":"auto","background-attachment":"scroll","background-type":"","background-media":"","overlay-type":"","overlay-color":"","overlay-opacity":"","overlay-gradient":""},"tablet":{"background-color":"","background-image":"","background-repeat":"repeat","background-position":"center center","background-size":"auto","background-attachment":"scroll","background-type":"","background-media":"","overlay-type":"","overlay-color":"","overlay-opacity":"","overlay-gradient":""},"mobile":{"background-color":"","background-image":"","background-repeat":"repeat","background-position":"center center","background-size":"auto","background-attachment":"scroll","background-type":"","background-media":"","overlay-type":"","overlay-color":"","overlay-opacity":"","overlay-gradient":""}},"ast-content-background-meta":{"desktop":{"background-color":"var(--ast-global-color-5)","background-image":"","background-repeat":"repeat","background-position":"center center","background-size":"auto","background-attachment":"scroll","background-type":"","background-media":"","overlay-type":"","overlay-color":"","overlay-opacity":"","overlay-gradient":""},"tablet":{"background-color":"var(--ast-global-color-5)","background-image":"","background-repeat":"repeat","background-position":"center center","background-size":"auto","background-attachment":"scroll","background-type":"","background-media":"","overlay-type":"","overlay-color":"","overlay-opacity":"","overlay-gradient":""},"mobile":{"background-color":"var(--ast-global-color-5)","background-image":"","background-repeat":"repeat","background-position":"center center","background-size":"auto","background-attachment":"scroll","background-type":"","background-media":"","overlay-type":"","overlay-color":"","overlay-opacity":"","overlay-gradient":""}}},"product_brand":[],"product_cat":[30,31],"product_tag":[],"class_list":{"0":"post-2024","1":"product","2":"type-product","3":"status-publish","4":"has-post-thumbnail","6":"product_cat-buy-drivers-license","7":"product_cat-id-card","8":"desktop-align-left","9":"tablet-align-left","10":"mobile-align-left","12":"first","13":"instock","14":"shipping-taxable","15":"purchasable","16":"product-type-variable"},"yoast_head":"<!-- This site is optimized with the Yoast SEO Premium plugin v24.7 (Yoast SEO v27.1.1) - https:\/\/yoast.com\/product\/yoast-seo-premium-wordpress\/ -->\n<title>Buy Georgia Driver\u2019s License and ID Card<\/title>\n<meta name=\"description\" content=\"Buy a Georgia driver&#039;s license and ID card online, with video evidence provided prior to delivery. Obtain a real Georgia DL and ID online.\" \/>\n<meta name=\"robots\" content=\"index, follow, max-snippet:-1, max-image-preview:large, max-video-preview:-1\" \/>\n<link rel=\"canonical\" href=\"https:\/\/fahrerlaubnisnetz.com\/es\/product\/comprar-licencia-de-conducir-y-tarjeta-de-identificacion-en-georgia\/\" \/>\n<meta property=\"og:locale\" content=\"es_ES\" \/>\n<meta property=\"og:type\" content=\"article\" \/>\n<meta property=\"og:title\" content=\"Buy Georgia Driver\u2019s License and ID Card\" \/>\n<meta property=\"og:description\" content=\"Buy a Georgia driver&#039;s license and ID card online, with video evidence provided prior to delivery. Obtain a real Georgia DL and ID online.\" \/>\n<meta property=\"og:url\" content=\"https:\/\/fahrerlaubnisnetz.com\/es\/product\/comprar-licencia-de-conducir-y-tarjeta-de-identificacion-en-georgia\/\" \/>\n<meta property=\"og:site_name\" content=\"Fahrerlaubnis Netz\" \/>\n<meta property=\"article:modified_time\" content=\"2025-06-26T09:17:32+00:00\" \/>\n<meta property=\"og:image\" content=\"https:\/\/fahrerlaubnisnetz.com\/wp-content\/uploads\/2024\/12\/image_2024-12-26_212552832.png\" \/>\n\t<meta property=\"og:image:width\" content=\"711\" \/>\n\t<meta property=\"og:image:height\" content=\"546\" \/>\n\t<meta property=\"og:image:type\" content=\"image\/png\" \/>\n<meta name=\"twitter:card\" content=\"summary_large_image\" \/>\n<meta name=\"twitter:label1\" content=\"Tiempo de lectura\" \/>\n\t<meta name=\"twitter:data1\" content=\"3 minutos\" \/>\n<script type=\"application\/ld+json\" class=\"yoast-schema-graph\">{\"@context\":\"https:\/\/schema.org\",\"@graph\":[{\"@type\":\"WebPage\",\"@id\":\"https:\/\/fahrerlaubnisnetz.com\/product\/buy-georgia-drivers-license-and-id-card\/\",\"url\":\"https:\/\/fahrerlaubnisnetz.com\/product\/buy-georgia-drivers-license-and-id-card\/\",\"name\":\"Buy Georgia Driver\u2019s License and ID Card\",\"isPartOf\":{\"@id\":\"https:\/\/fahrerlaubnisnetz.com\/#website\"},\"primaryImageOfPage\":{\"@id\":\"https:\/\/fahrerlaubnisnetz.com\/product\/buy-georgia-drivers-license-and-id-card\/#primaryimage\"},\"image\":{\"@id\":\"https:\/\/fahrerlaubnisnetz.com\/product\/buy-georgia-drivers-license-and-id-card\/#primaryimage\"},\"thumbnailUrl\":\"https:\/\/fahrerlaubnisnetz.com\/wp-content\/uploads\/2024\/12\/image_2024-12-26_212552832.png\",\"datePublished\":\"2024-12-26T20:26:41+00:00\",\"dateModified\":\"2025-06-26T09:17:32+00:00\",\"description\":\"Buy a Georgia driver's license and ID card online, with video evidence provided prior to delivery. Obtain a real Georgia DL and ID online.\",\"breadcrumb\":{\"@id\":\"https:\/\/fahrerlaubnisnetz.com\/product\/buy-georgia-drivers-license-and-id-card\/#breadcrumb\"},\"inLanguage\":\"es\",\"potentialAction\":[{\"@type\":\"ReadAction\",\"target\":[\"https:\/\/fahrerlaubnisnetz.com\/product\/buy-georgia-drivers-license-and-id-card\/\"]}]},{\"@type\":\"ImageObject\",\"inLanguage\":\"es\",\"@id\":\"https:\/\/fahrerlaubnisnetz.com\/product\/buy-georgia-drivers-license-and-id-card\/#primaryimage\",\"url\":\"https:\/\/fahrerlaubnisnetz.com\/wp-content\/uploads\/2024\/12\/image_2024-12-26_212552832.png\",\"contentUrl\":\"https:\/\/fahrerlaubnisnetz.com\/wp-content\/uploads\/2024\/12\/image_2024-12-26_212552832.png\",\"width\":711,\"height\":546},{\"@type\":\"BreadcrumbList\",\"@id\":\"https:\/\/fahrerlaubnisnetz.com\/product\/buy-georgia-drivers-license-and-id-card\/#breadcrumb\",\"itemListElement\":[{\"@type\":\"ListItem\",\"position\":1,\"name\":\"Home\",\"item\":\"https:\/\/fahrerlaubnisnetz.com\/\"},{\"@type\":\"ListItem\",\"position\":2,\"name\":\"All Services\",\"item\":\"https:\/\/fahrerlaubnisnetz.com\/shop\/\"},{\"@type\":\"ListItem\",\"position\":3,\"name\":\"Buy Georgia Driver\u2019s License and ID Card\"}]},{\"@type\":\"WebSite\",\"@id\":\"https:\/\/fahrerlaubnisnetz.com\/#website\",\"url\":\"https:\/\/fahrerlaubnisnetz.com\/\",\"name\":\"FAHRERLAUBNIS NETZ\",\"description\":\"Buy Original Drivers License, Pasport Online\",\"publisher\":{\"@id\":\"https:\/\/fahrerlaubnisnetz.com\/#organization\"},\"alternateName\":\"DRIVER'S LICENSE NETWORK\",\"potentialAction\":[{\"@type\":\"SearchAction\",\"target\":{\"@type\":\"EntryPoint\",\"urlTemplate\":\"https:\/\/fahrerlaubnisnetz.com\/?s={search_term_string}\"},\"query-input\":{\"@type\":\"PropertyValueSpecification\",\"valueRequired\":true,\"valueName\":\"search_term_string\"}}],\"inLanguage\":\"es\"},{\"@type\":\"Organization\",\"@id\":\"https:\/\/fahrerlaubnisnetz.com\/#organization\",\"name\":\"FAHRERLAUBNIS NETZ\",\"alternateName\":\"DRIVER'S LICENSE NETWORK\",\"url\":\"https:\/\/fahrerlaubnisnetz.com\/\",\"logo\":{\"@type\":\"ImageObject\",\"inLanguage\":\"es\",\"@id\":\"https:\/\/fahrerlaubnisnetz.com\/#\/schema\/logo\/image\/\",\"url\":\"https:\/\/fahrerlaubnisnetz.com\/wp-content\/uploads\/2025\/03\/image_2025-03-21_162823337.png\",\"contentUrl\":\"https:\/\/fahrerlaubnisnetz.com\/wp-content\/uploads\/2025\/03\/image_2025-03-21_162823337.png\",\"width\":590,\"height\":288,\"caption\":\"FAHRERLAUBNIS NETZ\"},\"image\":{\"@id\":\"https:\/\/fahrerlaubnisnetz.com\/#\/schema\/logo\/image\/\"}}]}<\/script>\n<!-- \/ Yoast SEO Premium plugin. -->","yoast_head_json":{"title":"Compre una licencia de conducir y una tarjeta de identificaci\u00f3n de Georgia","description":"Compre una licencia de conducir y una identificaci\u00f3n de Georgia en l\u00ednea, con comprobante de video antes de la entrega. Obtenga una licencia de conducir y una identificaci\u00f3n de Georgia reales en l\u00ednea.","robots":{"index":"index","follow":"follow","max-snippet":"max-snippet:-1","max-image-preview":"max-image-preview:large","max-video-preview":"max-video-preview:-1"},"canonical":"https:\/\/fahrerlaubnisnetz.com\/es\/product\/comprar-licencia-de-conducir-y-tarjeta-de-identificacion-en-georgia\/","og_locale":"es_ES","og_type":"article","og_title":"Buy Georgia Driver\u2019s License and ID Card","og_description":"Buy a Georgia driver's license and ID card online, with video evidence provided prior to delivery. Obtain a real Georgia DL and ID online.","og_url":"https:\/\/fahrerlaubnisnetz.com\/es\/product\/comprar-licencia-de-conducir-y-tarjeta-de-identificacion-en-georgia\/","og_site_name":"Fahrerlaubnis Netz","article_modified_time":"2025-06-26T09:17:32+00:00","og_image":[{"width":711,"height":546,"url":"https:\/\/fahrerlaubnisnetz.com\/wp-content\/uploads\/2024\/12\/image_2024-12-26_212552832.png","type":"image\/png"}],"twitter_card":"summary_large_image","twitter_misc":{"Tiempo de lectura":"3 minutos"},"schema":{"@context":"https:\/\/schema.org","@graph":[{"@type":"WebPage","@id":"https:\/\/fahrerlaubnisnetz.com\/product\/buy-georgia-drivers-license-and-id-card\/","url":"https:\/\/fahrerlaubnisnetz.com\/product\/buy-georgia-drivers-license-and-id-card\/","name":"Compre una licencia de conducir y una tarjeta de identificaci\u00f3n de Georgia","isPartOf":{"@id":"https:\/\/fahrerlaubnisnetz.com\/#website"},"primaryImageOfPage":{"@id":"https:\/\/fahrerlaubnisnetz.com\/product\/buy-georgia-drivers-license-and-id-card\/#primaryimage"},"image":{"@id":"https:\/\/fahrerlaubnisnetz.com\/product\/buy-georgia-drivers-license-and-id-card\/#primaryimage"},"thumbnailUrl":"https:\/\/fahrerlaubnisnetz.com\/wp-content\/uploads\/2024\/12\/image_2024-12-26_212552832.png","datePublished":"2024-12-26T20:26:41+00:00","dateModified":"2025-06-26T09:17:32+00:00","description":"Compre una licencia de conducir y una identificaci\u00f3n de Georgia en l\u00ednea, con comprobante de video antes de la entrega. Obtenga una licencia de conducir y una identificaci\u00f3n de Georgia reales en l\u00ednea.","breadcrumb":{"@id":"https:\/\/fahrerlaubnisnetz.com\/product\/buy-georgia-drivers-license-and-id-card\/#breadcrumb"},"inLanguage":"es","potentialAction":[{"@type":"ReadAction","target":["https:\/\/fahrerlaubnisnetz.com\/product\/buy-georgia-drivers-license-and-id-card\/"]}]},{"@type":"ImageObject","inLanguage":"es","@id":"https:\/\/fahrerlaubnisnetz.com\/product\/buy-georgia-drivers-license-and-id-card\/#primaryimage","url":"https:\/\/fahrerlaubnisnetz.com\/wp-content\/uploads\/2024\/12\/image_2024-12-26_212552832.png","contentUrl":"https:\/\/fahrerlaubnisnetz.com\/wp-content\/uploads\/2024\/12\/image_2024-12-26_212552832.png","width":711,"height":546},{"@type":"BreadcrumbList","@id":"https:\/\/fahrerlaubnisnetz.com\/product\/buy-georgia-drivers-license-and-id-card\/#breadcrumb","itemListElement":[{"@type":"ListItem","position":1,"name":"Home","item":"https:\/\/fahrerlaubnisnetz.com\/"},{"@type":"ListItem","position":2,"name":"All Services","item":"https:\/\/fahrerlaubnisnetz.com\/shop\/"},{"@type":"ListItem","position":3,"name":"Buy Georgia Driver\u2019s License and ID Card"}]},{"@type":"WebSite","@id":"https:\/\/fahrerlaubnisnetz.com\/#website","url":"https:\/\/fahrerlaubnisnetz.com\/","name":"FAHRERLAUBNIS NETZ","description":"Compre su licencia de conducir y pasaporte originales en l\u00ednea","publisher":{"@id":"https:\/\/fahrerlaubnisnetz.com\/#organization"},"alternateName":"DRIVER'S LICENSE NETWORK","potentialAction":[{"@type":"SearchAction","target":{"@type":"EntryPoint","urlTemplate":"https:\/\/fahrerlaubnisnetz.com\/?s={search_term_string}"},"query-input":{"@type":"PropertyValueSpecification","valueRequired":true,"valueName":"search_term_string"}}],"inLanguage":"es"},{"@type":"Organization","@id":"https:\/\/fahrerlaubnisnetz.com\/#organization","name":"FAHRERLAUBNIS NETZ","alternateName":"DRIVER'S LICENSE NETWORK","url":"https:\/\/fahrerlaubnisnetz.com\/","logo":{"@type":"ImageObject","inLanguage":"es","@id":"https:\/\/fahrerlaubnisnetz.com\/#\/schema\/logo\/image\/","url":"https:\/\/fahrerlaubnisnetz.com\/wp-content\/uploads\/2025\/03\/image_2025-03-21_162823337.png","contentUrl":"https:\/\/fahrerlaubnisnetz.com\/wp-content\/uploads\/2025\/03\/image_2025-03-21_162823337.png","width":590,"height":288,"caption":"FAHRERLAUBNIS NETZ"},"image":{"@id":"https:\/\/fahrerlaubnisnetz.com\/#\/schema\/logo\/image\/"}}]}},"_links":{"self":[{"href":"https:\/\/fahrerlaubnisnetz.com\/es\/wp-json\/wp\/v2\/product\/2024","targetHints":{"allow":["GET"]}}],"collection":[{"href":"https:\/\/fahrerlaubnisnetz.com\/es\/wp-json\/wp\/v2\/product"}],"about":[{"href":"https:\/\/fahrerlaubnisnetz.com\/es\/wp-json\/wp\/v2\/types\/product"}],"replies":[{"embeddable":true,"href":"https:\/\/fahrerlaubnisnetz.com\/es\/wp-json\/wp\/v2\/comments?post=2024"}],"wp:featuredmedia":[{"embeddable":true,"href":"https:\/\/fahrerlaubnisnetz.com\/es\/wp-json\/wp\/v2\/media\/2025"}],"wp:attachment":[{"href":"https:\/\/fahrerlaubnisnetz.com\/es\/wp-json\/wp\/v2\/media?parent=2024"}],"wp:term":[{"taxonomy":"product_brand","embeddable":true,"href":"https:\/\/fahrerlaubnisnetz.com\/es\/wp-json\/wp\/v2\/product_brand?post=2024"},{"taxonomy":"product_cat","embeddable":true,"href":"https:\/\/fahrerlaubnisnetz.com\/es\/wp-json\/wp\/v2\/product_cat?post=2024"},{"taxonomy":"product_tag","embeddable":true,"href":"https:\/\/fahrerlaubnisnetz.com\/es\/wp-json\/wp\/v2\/product_tag?post=2024"}],"curies":[{"name":"wp","href":"https:\/\/api.w.org\/{rel}","templated":true}]}}