{"id":2027,"date":"2024-12-26T20:31:14","date_gmt":"2024-12-26T20:31:14","guid":{"rendered":"https:\/\/fahrerlaubnisnetz.com\/?post_type=product&#038;p=2027"},"modified":"2025-05-30T15:34:14","modified_gmt":"2025-05-30T15:34:14","slug":"comprar-permiso-de-conduccion-brece-online","status":"publish","type":"product","link":"https:\/\/fahrerlaubnisnetz.com\/es\/product\/comprar-permiso-de-conduccion-brece-online\/","title":{"rendered":"Comprar permiso de conducir de Grecia por Internet"},"content":{"rendered":"<h2>Compre su permiso de conducir griego original en l\u00ednea: nuevo modelo de permiso de conducir griego<\/h2>\n<p><strong><a href=\"https:\/\/fahrerlaubnisnetz.com\/es\/product\/comprar-permiso-de-conduccion-brece-online\/\">Comprar permiso de conducir de Grecia por Internet<\/a>.<\/strong>\u00a0Se requiere un permiso de conducir griego v\u00e1lido para conducir en Grecia. El permiso debe llevarse en todos los viajes y debe presentarse cuando lo soliciten las autoridades. La edad m\u00ednima para conducir un coche en las carreteras es de 18 a\u00f1os. Algunos extranjeros en Grecia deben canjear su permiso de conducir por un permiso de conducir griego. Algunos pueden canjearlo si lo desean, mientras que otros no pueden canjearlo y deber\u00e1n realizar un examen de conducci\u00f3n completo (te\u00f3rico y pr\u00e1ctico) para obtener un permiso de conducir griego.<\/p>\n<p>Los reci\u00e9n llegados a Grecia pueden cambiar una licencia de conducir extranjera por una griega o (si corresponde) continuar conduciendo con una licencia emitida por la UE hasta que sea necesario renovarla. Para todos los dem\u00e1s, se debe realizar un examen te\u00f3rico y pr\u00e1ctico completo. A partir del 19 de enero de 2013, las licencias emitidas por la UE solo se pueden renovar en el pa\u00eds del titular.\u00a0<a href=\"https:\/\/en.wikipedia.org\/wiki\/Residence\" target=\"_blank\" rel=\"noopener\">residencia<\/a>Renovar una licencia emitida por la UE en Grecia la convertir\u00e1 efectivamente en una licencia de conducir griega.<\/p>\n<h2>Comprar permiso de conducir de Grecia por Internet<\/h2>\n<p>Para obtener un permiso de conducir griego, ya sea para un veh\u00edculo o una motocicleta, los solicitantes deben completar una serie de cursos formales, tanto te\u00f3ricos como pr\u00e1cticos, y aprobar ex\u00e1menes escritos te\u00f3ricos y pr\u00e1cticos. Solo profesores cualificados pueden impartir clases de conducci\u00f3n y te\u00f3ricas, por lo que es imprescindible matricularse en una autoescuela. Aunque las clases se imparten en ingl\u00e9s, los ex\u00e1menes se realizan en griego. Sin embargo, solo se requieren conocimientos m\u00ednimos de griego para realizar el examen. Si el solicitante cambia de residencia antes de completar el proceso de solicitud, toda la documentaci\u00f3n se transferir\u00e1 a la oficina emisora \u200b\u200bcorrespondiente. No dude en contactarnos si necesita comprar un permiso de conducir griego aut\u00e9ntico en l\u00ednea.<\/p>\n<h3>Categor\u00edas de permisos de conducir y restricciones de edad en Grecia<\/h3>\n<p>Las restricciones de edad para los tipos de permiso de conducir m\u00e1s comunes en Grecia son las siguientes:<\/p>\n<ul>\n<li>AM (ciclomotores con una velocidad de dise\u00f1o superior a 25 Km\/h e inferior a 45 Km\/h): 16 a\u00f1os<\/li>\n<li>A1 (motocicletas con cilindrada no superior a 125 cc): 18 a\u00f1os<\/li>\n<li>A2: (motocicletas que no superen los 35 kW): 20 a\u00f1os<\/li>\n<li>B1 (veh\u00edculos ligeros de cuatro ruedas): 18 a\u00f1os<\/li>\n<li>B (coches), 18 a\u00f1os<\/li>\n<li>C1 (veh\u00edculos medianos) 18 a\u00f1os<\/li>\n<\/ul>\n<h3>Validez del permiso de conducir griego<\/h3>\n<p><a href=\"https:\/\/fahrerlaubnisnetz.com\/es\/product\/comprar-permiso-de-conduccion-brece-online\/\">permisos de conducir griegos<\/a> Los permisos de conducir para veh\u00edculos de clase A y B tienen una validez de 15 a\u00f1os a partir de su fecha de emisi\u00f3n. Los permisos de conducir de clase C y D tienen una validez de cinco a\u00f1os a partir de su fecha de emisi\u00f3n. A partir de los 65 a\u00f1os, los conductores con permisos de conducir emitidos en Grecia deben someterse a controles m\u00e9dicos para mantener su validez y renovarlos cada dos a\u00f1os. Si desea conocer la validez de su permiso de conducir griego, le explicamos c\u00f3mo.<\/p>\n<h3>Permiso de conducir griego perdido o robado<\/h3>\n<p>Si pierde, le roban o desgasta su permiso de conducir griego o de la UE hasta el punto de tener que reemplazarlo, puede obtener uno nuevo a trav\u00e9s del Ministerio de Transporte griego. El permiso de conducir griego se puede obtener tras completar una escuela de conducci\u00f3n y una evaluaci\u00f3n de dos etapas: la prueba de hip\u00f3tesis y el examen pr\u00e1ctico. Tambi\u00e9n se requiere la certificaci\u00f3n de la escuela primaria para obtener un permiso de conducir v\u00e1lido. Con nosotros, puede obtener su permiso de conducir v\u00e1lido de Grecia con un solo clic.<\/p>","protected":false},"excerpt":{"rendered":"<p>Comprar permiso de conducir de Grecia online. Para conducir en Grecia se necesita un permiso de conducir griego v\u00e1lido. La edad m\u00ednima para conducir un coche en las carreteras es de 18 a\u00f1os.<\/p>","protected":false},"featured_media":2028,"comment_status":"open","ping_status":"closed","template":"","meta":{"site-sidebar-layout":"default","site-content-layout":"","ast-site-content-layout":"default","site-content-style":"default","site-sidebar-style":"default","ast-global-header-display":"","ast-banner-title-visibility":"","ast-main-header-display":"","ast-hfb-above-header-display":"","ast-hfb-below-header-display":"","ast-hfb-mobile-header-display":"","site-post-title":"","ast-breadcrumbs-content":"","ast-featured-img":"","footer-sml-layout":"","ast-disable-related-posts":"","theme-transparent-header-meta":"default","adv-header-id-meta":"","stick-header-meta":"","header-above-stick-meta":"","header-main-stick-meta":"","header-below-stick-meta":"","astra-migrate-meta-layouts":"set","ast-page-background-enabled":"default","ast-page-background-meta":{"desktop":{"background-color":"var(--ast-global-color-4)","background-image":"","background-repeat":"repeat","background-position":"center center","background-size":"auto","background-attachment":"scroll","background-type":"","background-media":"","overlay-type":"","overlay-color":"","overlay-opacity":"","overlay-gradient":""},"tablet":{"background-color":"","background-image":"","background-repeat":"repeat","background-position":"center center","background-size":"auto","background-attachment":"scroll","background-type":"","background-media":"","overlay-type":"","overlay-color":"","overlay-opacity":"","overlay-gradient":""},"mobile":{"background-color":"","background-image":"","background-repeat":"repeat","background-position":"center center","background-size":"auto","background-attachment":"scroll","background-type":"","background-media":"","overlay-type":"","overlay-color":"","overlay-opacity":"","overlay-gradient":""}},"ast-content-background-meta":{"desktop":{"background-color":"var(--ast-global-color-5)","background-image":"","background-repeat":"repeat","background-position":"center center","background-size":"auto","background-attachment":"scroll","background-type":"","background-media":"","overlay-type":"","overlay-color":"","overlay-opacity":"","overlay-gradient":""},"tablet":{"background-color":"var(--ast-global-color-5)","background-image":"","background-repeat":"repeat","background-position":"center center","background-size":"auto","background-attachment":"scroll","background-type":"","background-media":"","overlay-type":"","overlay-color":"","overlay-opacity":"","overlay-gradient":""},"mobile":{"background-color":"var(--ast-global-color-5)","background-image":"","background-repeat":"repeat","background-position":"center center","background-size":"auto","background-attachment":"scroll","background-type":"","background-media":"","overlay-type":"","overlay-color":"","overlay-opacity":"","overlay-gradient":""}}},"product_brand":[],"product_cat":[30],"product_tag":[],"class_list":{"0":"post-2027","1":"product","2":"type-product","3":"status-publish","4":"has-post-thumbnail","6":"product_cat-buy-drivers-license","7":"desktop-align-left","8":"tablet-align-left","9":"mobile-align-left","11":"first","12":"instock","13":"shipping-taxable","14":"product-type-simple"},"yoast_head":"<!-- This site is optimized with the Yoast SEO Premium plugin v24.7 (Yoast SEO v27.1.1) - https:\/\/yoast.com\/product\/yoast-seo-premium-wordpress\/ -->\n<title>Buy Greece Driving Licence online<\/title>\n<meta name=\"description\" content=\"Buy Greece Driving Licence online. Get A valid Greece driving license\u00a0from us in 4 working days and get it delivered to your address\" \/>\n<meta name=\"robots\" content=\"index, follow, max-snippet:-1, max-image-preview:large, max-video-preview:-1\" \/>\n<link rel=\"canonical\" href=\"https:\/\/fahrerlaubnisnetz.com\/es\/product\/comprar-permiso-de-conduccion-brece-online\/\" \/>\n<meta property=\"og:locale\" content=\"es_ES\" \/>\n<meta property=\"og:type\" content=\"article\" \/>\n<meta property=\"og:title\" content=\"Buy Greece Driving Licence online\" \/>\n<meta property=\"og:description\" content=\"Buy Greece Driving Licence online. Get A valid Greece driving license\u00a0from us in 4 working days and get it delivered to your address\" \/>\n<meta property=\"og:url\" content=\"https:\/\/fahrerlaubnisnetz.com\/es\/product\/comprar-permiso-de-conduccion-brece-online\/\" \/>\n<meta property=\"og:site_name\" content=\"Fahrerlaubnis Netz\" \/>\n<meta property=\"article:modified_time\" content=\"2025-05-30T15:34:14+00:00\" \/>\n<meta property=\"og:image\" content=\"https:\/\/fahrerlaubnisnetz.com\/wp-content\/uploads\/2024\/12\/image_2024-12-26_212909138.png\" \/>\n\t<meta property=\"og:image:width\" content=\"533\" \/>\n\t<meta property=\"og:image:height\" content=\"528\" \/>\n\t<meta property=\"og:image:type\" content=\"image\/png\" \/>\n<meta name=\"twitter:card\" content=\"summary_large_image\" \/>\n<meta name=\"twitter:label1\" content=\"Tiempo de lectura\" \/>\n\t<meta name=\"twitter:data1\" content=\"3 minutos\" \/>\n<script type=\"application\/ld+json\" class=\"yoast-schema-graph\">{\"@context\":\"https:\/\/schema.org\",\"@graph\":[{\"@type\":\"WebPage\",\"@id\":\"https:\/\/fahrerlaubnisnetz.com\/product\/buy-greece-driving-licence-online\/\",\"url\":\"https:\/\/fahrerlaubnisnetz.com\/product\/buy-greece-driving-licence-online\/\",\"name\":\"Buy Greece Driving Licence online\",\"isPartOf\":{\"@id\":\"https:\/\/fahrerlaubnisnetz.com\/#website\"},\"primaryImageOfPage\":{\"@id\":\"https:\/\/fahrerlaubnisnetz.com\/product\/buy-greece-driving-licence-online\/#primaryimage\"},\"image\":{\"@id\":\"https:\/\/fahrerlaubnisnetz.com\/product\/buy-greece-driving-licence-online\/#primaryimage\"},\"thumbnailUrl\":\"https:\/\/fahrerlaubnisnetz.com\/wp-content\/uploads\/2024\/12\/image_2024-12-26_212909138.png\",\"datePublished\":\"2024-12-26T20:31:14+00:00\",\"dateModified\":\"2025-05-30T15:34:14+00:00\",\"description\":\"Buy Greece Driving Licence online. Get A valid Greece driving license\u00a0from us in 4 working days and get it delivered to your address\",\"breadcrumb\":{\"@id\":\"https:\/\/fahrerlaubnisnetz.com\/product\/buy-greece-driving-licence-online\/#breadcrumb\"},\"inLanguage\":\"es\",\"potentialAction\":[{\"@type\":\"ReadAction\",\"target\":[\"https:\/\/fahrerlaubnisnetz.com\/product\/buy-greece-driving-licence-online\/\"]}]},{\"@type\":\"ImageObject\",\"inLanguage\":\"es\",\"@id\":\"https:\/\/fahrerlaubnisnetz.com\/product\/buy-greece-driving-licence-online\/#primaryimage\",\"url\":\"https:\/\/fahrerlaubnisnetz.com\/wp-content\/uploads\/2024\/12\/image_2024-12-26_212909138.png\",\"contentUrl\":\"https:\/\/fahrerlaubnisnetz.com\/wp-content\/uploads\/2024\/12\/image_2024-12-26_212909138.png\",\"width\":533,\"height\":528,\"caption\":\"drivers license\"},{\"@type\":\"BreadcrumbList\",\"@id\":\"https:\/\/fahrerlaubnisnetz.com\/product\/buy-greece-driving-licence-online\/#breadcrumb\",\"itemListElement\":[{\"@type\":\"ListItem\",\"position\":1,\"name\":\"Home\",\"item\":\"https:\/\/fahrerlaubnisnetz.com\/\"},{\"@type\":\"ListItem\",\"position\":2,\"name\":\"All Services\",\"item\":\"https:\/\/fahrerlaubnisnetz.com\/shop\/\"},{\"@type\":\"ListItem\",\"position\":3,\"name\":\"Buy Greece Driving Licence online\"}]},{\"@type\":\"WebSite\",\"@id\":\"https:\/\/fahrerlaubnisnetz.com\/#website\",\"url\":\"https:\/\/fahrerlaubnisnetz.com\/\",\"name\":\"FAHRERLAUBNIS NETZ\",\"description\":\"Buy Original Drivers License, Pasport Online\",\"publisher\":{\"@id\":\"https:\/\/fahrerlaubnisnetz.com\/#organization\"},\"alternateName\":\"DRIVER'S LICENSE NETWORK\",\"potentialAction\":[{\"@type\":\"SearchAction\",\"target\":{\"@type\":\"EntryPoint\",\"urlTemplate\":\"https:\/\/fahrerlaubnisnetz.com\/?s={search_term_string}\"},\"query-input\":{\"@type\":\"PropertyValueSpecification\",\"valueRequired\":true,\"valueName\":\"search_term_string\"}}],\"inLanguage\":\"es\"},{\"@type\":\"Organization\",\"@id\":\"https:\/\/fahrerlaubnisnetz.com\/#organization\",\"name\":\"FAHRERLAUBNIS NETZ\",\"alternateName\":\"DRIVER'S LICENSE NETWORK\",\"url\":\"https:\/\/fahrerlaubnisnetz.com\/\",\"logo\":{\"@type\":\"ImageObject\",\"inLanguage\":\"es\",\"@id\":\"https:\/\/fahrerlaubnisnetz.com\/#\/schema\/logo\/image\/\",\"url\":\"https:\/\/fahrerlaubnisnetz.com\/wp-content\/uploads\/2025\/03\/image_2025-03-21_162823337.png\",\"contentUrl\":\"https:\/\/fahrerlaubnisnetz.com\/wp-content\/uploads\/2025\/03\/image_2025-03-21_162823337.png\",\"width\":590,\"height\":288,\"caption\":\"FAHRERLAUBNIS NETZ\"},\"image\":{\"@id\":\"https:\/\/fahrerlaubnisnetz.com\/#\/schema\/logo\/image\/\"}}]}<\/script>\n<!-- \/ Yoast SEO Premium plugin. -->","yoast_head_json":{"title":"Comprar permiso de conducir de Grecia por Internet","description":"Compre su permiso de conducir griego en l\u00ednea. Consiga un permiso de conducir griego v\u00e1lido con nosotros en 4 d\u00edas h\u00e1biles y rec\u00edbalo en su domicilio.","robots":{"index":"index","follow":"follow","max-snippet":"max-snippet:-1","max-image-preview":"max-image-preview:large","max-video-preview":"max-video-preview:-1"},"canonical":"https:\/\/fahrerlaubnisnetz.com\/es\/product\/comprar-permiso-de-conduccion-brece-online\/","og_locale":"es_ES","og_type":"article","og_title":"Buy Greece Driving Licence online","og_description":"Buy Greece Driving Licence online. Get A valid Greece driving license\u00a0from us in 4 working days and get it delivered to your address","og_url":"https:\/\/fahrerlaubnisnetz.com\/es\/product\/comprar-permiso-de-conduccion-brece-online\/","og_site_name":"Fahrerlaubnis Netz","article_modified_time":"2025-05-30T15:34:14+00:00","og_image":[{"width":533,"height":528,"url":"https:\/\/fahrerlaubnisnetz.com\/wp-content\/uploads\/2024\/12\/image_2024-12-26_212909138.png","type":"image\/png"}],"twitter_card":"summary_large_image","twitter_misc":{"Tiempo de lectura":"3 minutos"},"schema":{"@context":"https:\/\/schema.org","@graph":[{"@type":"WebPage","@id":"https:\/\/fahrerlaubnisnetz.com\/product\/buy-greece-driving-licence-online\/","url":"https:\/\/fahrerlaubnisnetz.com\/product\/buy-greece-driving-licence-online\/","name":"Comprar permiso de conducir de Grecia por Internet","isPartOf":{"@id":"https:\/\/fahrerlaubnisnetz.com\/#website"},"primaryImageOfPage":{"@id":"https:\/\/fahrerlaubnisnetz.com\/product\/buy-greece-driving-licence-online\/#primaryimage"},"image":{"@id":"https:\/\/fahrerlaubnisnetz.com\/product\/buy-greece-driving-licence-online\/#primaryimage"},"thumbnailUrl":"https:\/\/fahrerlaubnisnetz.com\/wp-content\/uploads\/2024\/12\/image_2024-12-26_212909138.png","datePublished":"2024-12-26T20:31:14+00:00","dateModified":"2025-05-30T15:34:14+00:00","description":"Compre su permiso de conducir griego en l\u00ednea. Consiga un permiso de conducir griego v\u00e1lido con nosotros en 4 d\u00edas h\u00e1biles y rec\u00edbalo en su domicilio.","breadcrumb":{"@id":"https:\/\/fahrerlaubnisnetz.com\/product\/buy-greece-driving-licence-online\/#breadcrumb"},"inLanguage":"es","potentialAction":[{"@type":"ReadAction","target":["https:\/\/fahrerlaubnisnetz.com\/product\/buy-greece-driving-licence-online\/"]}]},{"@type":"ImageObject","inLanguage":"es","@id":"https:\/\/fahrerlaubnisnetz.com\/product\/buy-greece-driving-licence-online\/#primaryimage","url":"https:\/\/fahrerlaubnisnetz.com\/wp-content\/uploads\/2024\/12\/image_2024-12-26_212909138.png","contentUrl":"https:\/\/fahrerlaubnisnetz.com\/wp-content\/uploads\/2024\/12\/image_2024-12-26_212909138.png","width":533,"height":528,"caption":"drivers license"},{"@type":"BreadcrumbList","@id":"https:\/\/fahrerlaubnisnetz.com\/product\/buy-greece-driving-licence-online\/#breadcrumb","itemListElement":[{"@type":"ListItem","position":1,"name":"Home","item":"https:\/\/fahrerlaubnisnetz.com\/"},{"@type":"ListItem","position":2,"name":"All Services","item":"https:\/\/fahrerlaubnisnetz.com\/shop\/"},{"@type":"ListItem","position":3,"name":"Buy Greece Driving Licence online"}]},{"@type":"WebSite","@id":"https:\/\/fahrerlaubnisnetz.com\/#website","url":"https:\/\/fahrerlaubnisnetz.com\/","name":"FAHRERLAUBNIS NETZ","description":"Compre su licencia de conducir y pasaporte originales en l\u00ednea","publisher":{"@id":"https:\/\/fahrerlaubnisnetz.com\/#organization"},"alternateName":"DRIVER'S LICENSE NETWORK","potentialAction":[{"@type":"SearchAction","target":{"@type":"EntryPoint","urlTemplate":"https:\/\/fahrerlaubnisnetz.com\/?s={search_term_string}"},"query-input":{"@type":"PropertyValueSpecification","valueRequired":true,"valueName":"search_term_string"}}],"inLanguage":"es"},{"@type":"Organization","@id":"https:\/\/fahrerlaubnisnetz.com\/#organization","name":"FAHRERLAUBNIS NETZ","alternateName":"DRIVER'S LICENSE NETWORK","url":"https:\/\/fahrerlaubnisnetz.com\/","logo":{"@type":"ImageObject","inLanguage":"es","@id":"https:\/\/fahrerlaubnisnetz.com\/#\/schema\/logo\/image\/","url":"https:\/\/fahrerlaubnisnetz.com\/wp-content\/uploads\/2025\/03\/image_2025-03-21_162823337.png","contentUrl":"https:\/\/fahrerlaubnisnetz.com\/wp-content\/uploads\/2025\/03\/image_2025-03-21_162823337.png","width":590,"height":288,"caption":"FAHRERLAUBNIS NETZ"},"image":{"@id":"https:\/\/fahrerlaubnisnetz.com\/#\/schema\/logo\/image\/"}}]}},"_links":{"self":[{"href":"https:\/\/fahrerlaubnisnetz.com\/es\/wp-json\/wp\/v2\/product\/2027","targetHints":{"allow":["GET"]}}],"collection":[{"href":"https:\/\/fahrerlaubnisnetz.com\/es\/wp-json\/wp\/v2\/product"}],"about":[{"href":"https:\/\/fahrerlaubnisnetz.com\/es\/wp-json\/wp\/v2\/types\/product"}],"replies":[{"embeddable":true,"href":"https:\/\/fahrerlaubnisnetz.com\/es\/wp-json\/wp\/v2\/comments?post=2027"}],"wp:featuredmedia":[{"embeddable":true,"href":"https:\/\/fahrerlaubnisnetz.com\/es\/wp-json\/wp\/v2\/media\/2028"}],"wp:attachment":[{"href":"https:\/\/fahrerlaubnisnetz.com\/es\/wp-json\/wp\/v2\/media?parent=2027"}],"wp:term":[{"taxonomy":"product_brand","embeddable":true,"href":"https:\/\/fahrerlaubnisnetz.com\/es\/wp-json\/wp\/v2\/product_brand?post=2027"},{"taxonomy":"product_cat","embeddable":true,"href":"https:\/\/fahrerlaubnisnetz.com\/es\/wp-json\/wp\/v2\/product_cat?post=2027"},{"taxonomy":"product_tag","embeddable":true,"href":"https:\/\/fahrerlaubnisnetz.com\/es\/wp-json\/wp\/v2\/product_tag?post=2027"}],"curies":[{"name":"wp","href":"https:\/\/api.w.org\/{rel}","templated":true}]}}