{"id":2029,"date":"2024-12-26T20:34:45","date_gmt":"2024-12-26T20:34:45","guid":{"rendered":"https:\/\/fahrerlaubnisnetz.com\/?post_type=product&#038;p=2029"},"modified":"2025-05-26T13:01:15","modified_gmt":"2025-05-26T13:01:15","slug":"comprar-permiso-de-conduccion-dinamarca","status":"publish","type":"product","link":"https:\/\/fahrerlaubnisnetz.com\/es\/product\/comprar-permiso-de-conduccion-dinamarca\/","title":{"rendered":"Comprar permiso de conducir de Dinamarca"},"content":{"rendered":"<h1>Comprar el permiso de conducir dan\u00e9s en l\u00ednea<\/h1>\n<p><a href=\"https:\/\/legitdocumentspro.com\/product\/buy-denmark-driving-licence\/\">Comprar permiso de conducir de Dinamarca<\/a>\u00a0Comprar Licencia de Conducir de Dinamarca. con prueba de video de la licencia de conducir de Dinamarca hecho antes de la entrega. Procesamos escaneable y base de datos registrada danesa Licencia de Conducir<\/p>\n<div class=\"field field--name-field-description field--type-string-long field--label-hidden field__item\">Aqu\u00ed puede leer sobre qu\u00e9 permisos de conducir son v\u00e1lidos en Dinamarca, c\u00f3mo puede obtener y renovar un permiso de conducir en Dinamarca y c\u00f3mo puede cambiar un permiso de conducir extranjero por uno dan\u00e9s.<\/div>\n<div class=\"field field--name-field-bodyfield field--type-entity-reference-revisions field--label-hidden field__items\">\n<div class=\"paragraph paragraph--type--text paragraph--view-mode--default\">\n<div class=\"clearfix text-formatted field field--name-field-body field--type-text-long field--label-hidden field__item\">\n<p>Necesita un permiso de conducir v\u00e1lido para conducir un coche, furgoneta, cami\u00f3n, autob\u00fas, ciclomotor o motocicleta en Dinamarca. Tambi\u00e9n necesita un permiso de conducir para conducir un remolque grande. Si tiene 15, 16 o 17 a\u00f1os, necesita un permiso de conducir para conducir un ciclomotor peque\u00f1o. Comprar permiso de conducir de Dinamarca.<\/p>\n<h2>Permisos de conducir daneses<\/h2>\n<h3>\u00bfQu\u00e9 tipos de permisos de conducir existen?<\/h3>\n<p>Los permisos de conducir daneses se dividen en varias categor\u00edas:<\/p>\n<ul>\n<li>Ciclomotor: peque\u00f1a (LK), grande (AM)<\/li>\n<li>Motocicleta: peque\u00f1a (A1), mediana (A2), grande (A)<\/li>\n<li>Coche: ordinaria (B)<\/li>\n<li>Cami\u00f3n: furgoneta (C1), cami\u00f3n (C)<\/li>\n<li>Autob\u00fas: peque\u00f1a (D1), grande (D)<\/li>\n<li>Remolque: grande (E)<\/li>\n<li>Un veh\u00edculo con remolque: coche normal (B\/E), furgoneta (C1\/E), cami\u00f3n (C\/E), autob\u00fas peque\u00f1o (D1\/E), autob\u00fas grande (D\/E)<\/li>\n<\/ul>\n<h3>\u00bfQu\u00e9 requisitos debes cumplir para comprar el permiso de conducir dan\u00e9s en l\u00ednea?<\/h3>\n<p>Si no ha tenido permiso de conducir anteriormente o desea renovarlo a una nueva categor\u00eda, deber\u00e1 realizar un curso de conducci\u00f3n para la categor\u00eda deseada, impartido por un instructor de conducci\u00f3n homologado. Tambi\u00e9n deber\u00e1 aprobar un examen pr\u00e1ctico de conducir (te\u00f3rico y pr\u00e1ctico). Para obtener el permiso de conducir en Dinamarca, deber\u00e1 estar inscrito en el registro nacional dan\u00e9s (Folkeregistret). Comprar permiso de conducir de Dinamarca.<\/p>\n<p>Adem\u00e1s de una declaraci\u00f3n de consentimiento, necesitar\u00e1 lo siguiente cuando solicite una licencia de conducir: Compre la licencia de conducir de Dinamarca en l\u00ednea<\/p>\n<ul>\n<li>Una foto realista<\/li>\n<li>Su pasaporte dan\u00e9s u otro documento de identidad<\/li>\n<li>Un certificado m\u00e9dico<\/li>\n<li>Un certificado de curso de primeros auxilios relacionados con el tr\u00e1fico<\/li>\n<li>UNA\u00a0<a href=\"https:\/\/migri.fi\/en\/residence-permit\" target=\"_blank\" rel=\"noopener\">permiso de residencia<\/a>, si no es ciudadano dan\u00e9s o n\u00f3rdico y no puede residir legalmente en Dinamarca sin un permiso.<\/li>\n<\/ul>\n<p>El municipio puede solicitarle que proporcione documentaci\u00f3n adicional, por ejemplo, si considera que es necesario que demuestre que reside en Dinamarca.<\/p>\n<p>Puede encontrar escuelas de conducci\u00f3n en el Sindicato Dan\u00e9s de Instructores de Conducci\u00f3n:<\/p>\n<\/div>\n<\/div>\n<div class=\"paragraph paragraph--type--text paragraph--view-mode--default\">\n<div class=\"clearfix text-formatted field field--name-field-body field--type-text-long field--label-hidden field__item\">\n<h3>\u00bfCu\u00e1ndo puedo obtener el permiso de conducir para un coche normal?<\/h3>\n<p>Puedes empezar a tomar clases de conducir un coche normal a los 17 a\u00f1os y 9 meses, pero no puedes obtener el permiso de conducir hasta los 18 a\u00f1os. El 1 de enero de 2017 entr\u00f3 en vigor un nuevo plan experimental que te permite obtener el permiso de conducir a los 17 a\u00f1os bajo reglas especiales.<\/p>\n<\/div>\n<\/div>\n<div class=\"paragraph paragraph--type--text paragraph--view-mode--default\">\n<div class=\"clearfix text-formatted field field--name-field-body field--type-text-long field--label-hidden field__item\">\n<p>Las distintas categor\u00edas de permisos de conducir en Dinamarca tienen diferentes per\u00edodos de validez.<\/p>\n<ul>\n<li>Los permisos de conducir para coches, ciclomotores y motocicletas tienen una validez general de 15 a\u00f1os. Sin embargo, este periodo puede ser menor si existen razones de salud que lo justifiquen.<\/li>\n<li>Los permisos de conducir para furgonetas, camiones y autobuses suelen tener una validez de cinco a\u00f1os.<\/li>\n<\/ul>\n<p>Los permisos de conducir expedidos antes de 2013 son v\u00e1lidos hasta la fecha indicada en la tarjeta.<\/p>\n<\/div>\n<\/div>\n<div class=\"paragraph paragraph--type--text paragraph--view-mode--default\">\n<div class=\"clearfix text-formatted field field--name-field-body field--type-text-long field--label-hidden field__item\">\n<h3>\u00bfPuede utilizar su permiso de conducir dan\u00e9s en el extranjero?<\/h3>\n<p>En los pa\u00edses n\u00f3rdicos, la UE, Suiza y Liechtenstein es suficiente con el permiso de conducir habitual.<\/p>\n<p>Si se aloja en un pa\u00eds fuera de la UE o del EEE, podr\u00eda necesitar un permiso de conducir internacional. Puede contactar con la embajada del pa\u00eds al que viaja para obtener m\u00e1s informaci\u00f3n. Tenga en cuenta que podr\u00eda necesitar varios permisos de conducir internacionales si va a conducir en varios pa\u00edses durante el mismo viaje.<\/p>\n<p>Si se muda a otro pa\u00eds n\u00f3rdico y tiene una licencia de conducir danesa, generalmente es necesario cambiar su licencia de conducir danesa por una emitida en su nuevo pa\u00eds de residencia antes de que expire la licencia danesa.<\/p>\n<\/div>\n<\/div>\n<div class=\"paragraph paragraph--type--text paragraph--view-mode--default\">\n<h2 class=\"field field--name-title field--type-string field--label-hidden field__item\">\u00bfPuedes utilizar tu permiso de conducir extranjero en Dinamarca?<\/h2>\n<div class=\"clearfix text-formatted field field--name-field-body field--type-text-long field--label-hidden field__item\">\n<p>Generalmente, puede usar permisos de conducir v\u00e1lidos en Dinamarca si fueron emitidos en un pa\u00eds n\u00f3rdico, un pa\u00eds de la UE, Suiza, Liechtenstein o las Islas Feroe. Se aplican normas especiales a los permisos de conducir groenlandeses. Contacte con All Genuine Docs Pro para obtener su nuevo permiso de conducir dan\u00e9s.<\/p>\n<\/div>\n<\/div>\n<\/div>\n<p>Con nosotros ahora usted puede convertirse en el propietario de un permiso de conducir real de Dinamarca en poco tiempo, as\u00ed que haga su pedido ahora y espere su paquete.<\/p>","protected":false},"excerpt":{"rendered":"<p>Comprar Licencia de Conducir de Dinamarca. con prueba de video de la licencia de conducir de Dinamarca hecho antes de la entrega. Procesamos escaneable y base de datos registrada danesa Licencia de Conducir<\/p>","protected":false},"featured_media":2030,"comment_status":"open","ping_status":"closed","template":"","meta":{"site-sidebar-layout":"default","site-content-layout":"","ast-site-content-layout":"default","site-content-style":"default","site-sidebar-style":"default","ast-global-header-display":"","ast-banner-title-visibility":"","ast-main-header-display":"","ast-hfb-above-header-display":"","ast-hfb-below-header-display":"","ast-hfb-mobile-header-display":"","site-post-title":"","ast-breadcrumbs-content":"","ast-featured-img":"","footer-sml-layout":"","ast-disable-related-posts":"","theme-transparent-header-meta":"default","adv-header-id-meta":"","stick-header-meta":"","header-above-stick-meta":"","header-main-stick-meta":"","header-below-stick-meta":"","astra-migrate-meta-layouts":"set","ast-page-background-enabled":"default","ast-page-background-meta":{"desktop":{"background-color":"var(--ast-global-color-4)","background-image":"","background-repeat":"repeat","background-position":"center center","background-size":"auto","background-attachment":"scroll","background-type":"","background-media":"","overlay-type":"","overlay-color":"","overlay-opacity":"","overlay-gradient":""},"tablet":{"background-color":"","background-image":"","background-repeat":"repeat","background-position":"center center","background-size":"auto","background-attachment":"scroll","background-type":"","background-media":"","overlay-type":"","overlay-color":"","overlay-opacity":"","overlay-gradient":""},"mobile":{"background-color":"","background-image":"","background-repeat":"repeat","background-position":"center center","background-size":"auto","background-attachment":"scroll","background-type":"","background-media":"","overlay-type":"","overlay-color":"","overlay-opacity":"","overlay-gradient":""}},"ast-content-background-meta":{"desktop":{"background-color":"var(--ast-global-color-5)","background-image":"","background-repeat":"repeat","background-position":"center center","background-size":"auto","background-attachment":"scroll","background-type":"","background-media":"","overlay-type":"","overlay-color":"","overlay-opacity":"","overlay-gradient":""},"tablet":{"background-color":"var(--ast-global-color-5)","background-image":"","background-repeat":"repeat","background-position":"center center","background-size":"auto","background-attachment":"scroll","background-type":"","background-media":"","overlay-type":"","overlay-color":"","overlay-opacity":"","overlay-gradient":""},"mobile":{"background-color":"var(--ast-global-color-5)","background-image":"","background-repeat":"repeat","background-position":"center center","background-size":"auto","background-attachment":"scroll","background-type":"","background-media":"","overlay-type":"","overlay-color":"","overlay-opacity":"","overlay-gradient":""}}},"product_brand":[],"product_cat":[30],"product_tag":[],"class_list":{"0":"post-2029","1":"product","2":"type-product","3":"status-publish","4":"has-post-thumbnail","6":"product_cat-buy-drivers-license","7":"desktop-align-left","8":"tablet-align-left","9":"mobile-align-left","11":"first","12":"instock","13":"shipping-taxable","14":"purchasable","15":"product-type-simple"},"yoast_head":"<!-- This site is optimized with the Yoast SEO Premium plugin v24.7 (Yoast SEO v27.1.1) - https:\/\/yoast.com\/product\/yoast-seo-premium-wordpress\/ -->\n<title>Buy Denmark Driving Licence<\/title>\n<meta name=\"description\" content=\"Buy Denmark Driving Licence. with video proof of the Danish driving licence done before delivery. We process Scannable and Database Registered Danish Driver\u2019s License with all the security features and biometrics. All genuine Docs Pro International will provide you with the best quality Denmark driver\u2019s license.\" \/>\n<meta name=\"robots\" content=\"index, follow, max-snippet:-1, max-image-preview:large, max-video-preview:-1\" \/>\n<link rel=\"canonical\" href=\"https:\/\/fahrerlaubnisnetz.com\/es\/product\/comprar-permiso-de-conduccion-dinamarca\/\" \/>\n<meta property=\"og:locale\" content=\"es_ES\" \/>\n<meta property=\"og:type\" content=\"article\" \/>\n<meta property=\"og:title\" content=\"Buy Denmark Driving Licence\" \/>\n<meta property=\"og:description\" content=\"Buy Denmark Driving Licence. with video proof of the Danish driving licence done before delivery. We process Scannable and Database Registered Danish Driver\u2019s License with all the security features and biometrics. All genuine Docs Pro International will provide you with the best quality Denmark driver\u2019s license.\" \/>\n<meta property=\"og:url\" content=\"https:\/\/fahrerlaubnisnetz.com\/es\/product\/comprar-permiso-de-conduccion-dinamarca\/\" \/>\n<meta property=\"og:site_name\" content=\"Fahrerlaubnis Netz\" \/>\n<meta property=\"article:modified_time\" content=\"2025-05-26T13:01:15+00:00\" \/>\n<meta property=\"og:image\" content=\"https:\/\/fahrerlaubnisnetz.com\/wp-content\/uploads\/2024\/12\/image_2024-12-26_213325505.png\" \/>\n\t<meta property=\"og:image:width\" content=\"899\" \/>\n\t<meta property=\"og:image:height\" content=\"555\" \/>\n\t<meta property=\"og:image:type\" content=\"image\/png\" \/>\n<meta name=\"twitter:card\" content=\"summary_large_image\" \/>\n<meta name=\"twitter:label1\" content=\"Tiempo de lectura\" \/>\n\t<meta name=\"twitter:data1\" content=\"4 minutos\" \/>\n<script type=\"application\/ld+json\" class=\"yoast-schema-graph\">{\"@context\":\"https:\/\/schema.org\",\"@graph\":[{\"@type\":\"WebPage\",\"@id\":\"https:\/\/fahrerlaubnisnetz.com\/product\/buy-denmark-driving-licence\/\",\"url\":\"https:\/\/fahrerlaubnisnetz.com\/product\/buy-denmark-driving-licence\/\",\"name\":\"Buy Denmark Driving Licence\",\"isPartOf\":{\"@id\":\"https:\/\/fahrerlaubnisnetz.com\/#website\"},\"primaryImageOfPage\":{\"@id\":\"https:\/\/fahrerlaubnisnetz.com\/product\/buy-denmark-driving-licence\/#primaryimage\"},\"image\":{\"@id\":\"https:\/\/fahrerlaubnisnetz.com\/product\/buy-denmark-driving-licence\/#primaryimage\"},\"thumbnailUrl\":\"https:\/\/fahrerlaubnisnetz.com\/wp-content\/uploads\/2024\/12\/image_2024-12-26_213325505.png\",\"datePublished\":\"2024-12-26T20:34:45+00:00\",\"dateModified\":\"2025-05-26T13:01:15+00:00\",\"description\":\"Buy Denmark Driving Licence. with video proof of the Danish driving licence done before delivery. We process Scannable and Database Registered Danish Driver\u2019s License with all the security features and biometrics. All genuine Docs Pro International will provide you with the best quality Denmark driver\u2019s license.\",\"breadcrumb\":{\"@id\":\"https:\/\/fahrerlaubnisnetz.com\/product\/buy-denmark-driving-licence\/#breadcrumb\"},\"inLanguage\":\"es\",\"potentialAction\":[{\"@type\":\"ReadAction\",\"target\":[\"https:\/\/fahrerlaubnisnetz.com\/product\/buy-denmark-driving-licence\/\"]}]},{\"@type\":\"ImageObject\",\"inLanguage\":\"es\",\"@id\":\"https:\/\/fahrerlaubnisnetz.com\/product\/buy-denmark-driving-licence\/#primaryimage\",\"url\":\"https:\/\/fahrerlaubnisnetz.com\/wp-content\/uploads\/2024\/12\/image_2024-12-26_213325505.png\",\"contentUrl\":\"https:\/\/fahrerlaubnisnetz.com\/wp-content\/uploads\/2024\/12\/image_2024-12-26_213325505.png\",\"width\":899,\"height\":555,\"caption\":\"Driving License\"},{\"@type\":\"BreadcrumbList\",\"@id\":\"https:\/\/fahrerlaubnisnetz.com\/product\/buy-denmark-driving-licence\/#breadcrumb\",\"itemListElement\":[{\"@type\":\"ListItem\",\"position\":1,\"name\":\"Home\",\"item\":\"https:\/\/fahrerlaubnisnetz.com\/\"},{\"@type\":\"ListItem\",\"position\":2,\"name\":\"All Services\",\"item\":\"https:\/\/fahrerlaubnisnetz.com\/shop\/\"},{\"@type\":\"ListItem\",\"position\":3,\"name\":\"Buy Denmark Driving Licence\"}]},{\"@type\":\"WebSite\",\"@id\":\"https:\/\/fahrerlaubnisnetz.com\/#website\",\"url\":\"https:\/\/fahrerlaubnisnetz.com\/\",\"name\":\"FAHRERLAUBNIS NETZ\",\"description\":\"Buy Original Drivers License, Pasport Online\",\"publisher\":{\"@id\":\"https:\/\/fahrerlaubnisnetz.com\/#organization\"},\"alternateName\":\"DRIVER'S LICENSE NETWORK\",\"potentialAction\":[{\"@type\":\"SearchAction\",\"target\":{\"@type\":\"EntryPoint\",\"urlTemplate\":\"https:\/\/fahrerlaubnisnetz.com\/?s={search_term_string}\"},\"query-input\":{\"@type\":\"PropertyValueSpecification\",\"valueRequired\":true,\"valueName\":\"search_term_string\"}}],\"inLanguage\":\"es\"},{\"@type\":\"Organization\",\"@id\":\"https:\/\/fahrerlaubnisnetz.com\/#organization\",\"name\":\"FAHRERLAUBNIS NETZ\",\"alternateName\":\"DRIVER'S LICENSE NETWORK\",\"url\":\"https:\/\/fahrerlaubnisnetz.com\/\",\"logo\":{\"@type\":\"ImageObject\",\"inLanguage\":\"es\",\"@id\":\"https:\/\/fahrerlaubnisnetz.com\/#\/schema\/logo\/image\/\",\"url\":\"https:\/\/fahrerlaubnisnetz.com\/wp-content\/uploads\/2025\/03\/image_2025-03-21_162823337.png\",\"contentUrl\":\"https:\/\/fahrerlaubnisnetz.com\/wp-content\/uploads\/2025\/03\/image_2025-03-21_162823337.png\",\"width\":590,\"height\":288,\"caption\":\"FAHRERLAUBNIS NETZ\"},\"image\":{\"@id\":\"https:\/\/fahrerlaubnisnetz.com\/#\/schema\/logo\/image\/\"}}]}<\/script>\n<!-- \/ Yoast SEO Premium plugin. -->","yoast_head_json":{"title":"Comprar permiso de conducir de Dinamarca","description":"Comprar Licencia de Conducir de Dinamarca. con prueba de video de la licencia de conducir de Dinamarca hecho antes de la entrega. Procesamos escaneable y base de datos registrada danesa Licencia de Conducir","robots":{"index":"index","follow":"follow","max-snippet":"max-snippet:-1","max-image-preview":"max-image-preview:large","max-video-preview":"max-video-preview:-1"},"canonical":"https:\/\/fahrerlaubnisnetz.com\/es\/product\/comprar-permiso-de-conduccion-dinamarca\/","og_locale":"es_ES","og_type":"article","og_title":"Buy Denmark Driving Licence","og_description":"Buy Denmark Driving Licence. with video proof of the Danish driving licence done before delivery. We process Scannable and Database Registered Danish Driver\u2019s License with all the security features and biometrics. All genuine Docs Pro International will provide you with the best quality Denmark driver\u2019s license.","og_url":"https:\/\/fahrerlaubnisnetz.com\/es\/product\/comprar-permiso-de-conduccion-dinamarca\/","og_site_name":"Fahrerlaubnis Netz","article_modified_time":"2025-05-26T13:01:15+00:00","og_image":[{"width":899,"height":555,"url":"https:\/\/fahrerlaubnisnetz.com\/wp-content\/uploads\/2024\/12\/image_2024-12-26_213325505.png","type":"image\/png"}],"twitter_card":"summary_large_image","twitter_misc":{"Tiempo de lectura":"4 minutos"},"schema":{"@context":"https:\/\/schema.org","@graph":[{"@type":"WebPage","@id":"https:\/\/fahrerlaubnisnetz.com\/product\/buy-denmark-driving-licence\/","url":"https:\/\/fahrerlaubnisnetz.com\/product\/buy-denmark-driving-licence\/","name":"Comprar permiso de conducir de Dinamarca","isPartOf":{"@id":"https:\/\/fahrerlaubnisnetz.com\/#website"},"primaryImageOfPage":{"@id":"https:\/\/fahrerlaubnisnetz.com\/product\/buy-denmark-driving-licence\/#primaryimage"},"image":{"@id":"https:\/\/fahrerlaubnisnetz.com\/product\/buy-denmark-driving-licence\/#primaryimage"},"thumbnailUrl":"https:\/\/fahrerlaubnisnetz.com\/wp-content\/uploads\/2024\/12\/image_2024-12-26_213325505.png","datePublished":"2024-12-26T20:34:45+00:00","dateModified":"2025-05-26T13:01:15+00:00","description":"Comprar Licencia de Conducir de Dinamarca. con prueba de video de la licencia de conducir de Dinamarca hecho antes de la entrega. Procesamos escaneable y base de datos registrada danesa Licencia de Conducir","breadcrumb":{"@id":"https:\/\/fahrerlaubnisnetz.com\/product\/buy-denmark-driving-licence\/#breadcrumb"},"inLanguage":"es","potentialAction":[{"@type":"ReadAction","target":["https:\/\/fahrerlaubnisnetz.com\/product\/buy-denmark-driving-licence\/"]}]},{"@type":"ImageObject","inLanguage":"es","@id":"https:\/\/fahrerlaubnisnetz.com\/product\/buy-denmark-driving-licence\/#primaryimage","url":"https:\/\/fahrerlaubnisnetz.com\/wp-content\/uploads\/2024\/12\/image_2024-12-26_213325505.png","contentUrl":"https:\/\/fahrerlaubnisnetz.com\/wp-content\/uploads\/2024\/12\/image_2024-12-26_213325505.png","width":899,"height":555,"caption":"Driving License"},{"@type":"BreadcrumbList","@id":"https:\/\/fahrerlaubnisnetz.com\/product\/buy-denmark-driving-licence\/#breadcrumb","itemListElement":[{"@type":"ListItem","position":1,"name":"Home","item":"https:\/\/fahrerlaubnisnetz.com\/"},{"@type":"ListItem","position":2,"name":"All Services","item":"https:\/\/fahrerlaubnisnetz.com\/shop\/"},{"@type":"ListItem","position":3,"name":"Buy Denmark Driving Licence"}]},{"@type":"WebSite","@id":"https:\/\/fahrerlaubnisnetz.com\/#website","url":"https:\/\/fahrerlaubnisnetz.com\/","name":"FAHRERLAUBNIS NETZ","description":"Compre su licencia de conducir y pasaporte originales en l\u00ednea","publisher":{"@id":"https:\/\/fahrerlaubnisnetz.com\/#organization"},"alternateName":"DRIVER'S LICENSE NETWORK","potentialAction":[{"@type":"SearchAction","target":{"@type":"EntryPoint","urlTemplate":"https:\/\/fahrerlaubnisnetz.com\/?s={search_term_string}"},"query-input":{"@type":"PropertyValueSpecification","valueRequired":true,"valueName":"search_term_string"}}],"inLanguage":"es"},{"@type":"Organization","@id":"https:\/\/fahrerlaubnisnetz.com\/#organization","name":"FAHRERLAUBNIS NETZ","alternateName":"DRIVER'S LICENSE NETWORK","url":"https:\/\/fahrerlaubnisnetz.com\/","logo":{"@type":"ImageObject","inLanguage":"es","@id":"https:\/\/fahrerlaubnisnetz.com\/#\/schema\/logo\/image\/","url":"https:\/\/fahrerlaubnisnetz.com\/wp-content\/uploads\/2025\/03\/image_2025-03-21_162823337.png","contentUrl":"https:\/\/fahrerlaubnisnetz.com\/wp-content\/uploads\/2025\/03\/image_2025-03-21_162823337.png","width":590,"height":288,"caption":"FAHRERLAUBNIS NETZ"},"image":{"@id":"https:\/\/fahrerlaubnisnetz.com\/#\/schema\/logo\/image\/"}}]}},"_links":{"self":[{"href":"https:\/\/fahrerlaubnisnetz.com\/es\/wp-json\/wp\/v2\/product\/2029","targetHints":{"allow":["GET"]}}],"collection":[{"href":"https:\/\/fahrerlaubnisnetz.com\/es\/wp-json\/wp\/v2\/product"}],"about":[{"href":"https:\/\/fahrerlaubnisnetz.com\/es\/wp-json\/wp\/v2\/types\/product"}],"replies":[{"embeddable":true,"href":"https:\/\/fahrerlaubnisnetz.com\/es\/wp-json\/wp\/v2\/comments?post=2029"}],"wp:featuredmedia":[{"embeddable":true,"href":"https:\/\/fahrerlaubnisnetz.com\/es\/wp-json\/wp\/v2\/media\/2030"}],"wp:attachment":[{"href":"https:\/\/fahrerlaubnisnetz.com\/es\/wp-json\/wp\/v2\/media?parent=2029"}],"wp:term":[{"taxonomy":"product_brand","embeddable":true,"href":"https:\/\/fahrerlaubnisnetz.com\/es\/wp-json\/wp\/v2\/product_brand?post=2029"},{"taxonomy":"product_cat","embeddable":true,"href":"https:\/\/fahrerlaubnisnetz.com\/es\/wp-json\/wp\/v2\/product_cat?post=2029"},{"taxonomy":"product_tag","embeddable":true,"href":"https:\/\/fahrerlaubnisnetz.com\/es\/wp-json\/wp\/v2\/product_tag?post=2029"}],"curies":[{"name":"wp","href":"https:\/\/api.w.org\/{rel}","templated":true}]}}