{"id":2032,"date":"2024-12-26T20:38:15","date_gmt":"2024-12-26T20:38:15","guid":{"rendered":"https:\/\/fahrerlaubnisnetz.com\/?post_type=product&#038;p=2032"},"modified":"2025-11-18T10:24:12","modified_gmt":"2025-11-18T10:24:12","slug":"comprar-tarjeta-id","status":"publish","type":"product","link":"https:\/\/fahrerlaubnisnetz.com\/es\/product\/comprar-tarjeta-id\/","title":{"rendered":"Comprar el DNI polaco"},"content":{"rendered":"<h1>Buy Scannable Fake Polish ID Cards<\/h1>\n<p>Thanks to our experience and numerous partners, we can supply your ID card anywhere in the world. All you need to do is contact our agents. We will guide you through the application process, and if you choose the express shipping option, we will surprise you with our speed. We also want to remind you to make sure you enter the correct information on your application form, as this information is used to produce your document. Thank you for using our services. Please give us feedback so that more clients can see how you rate us.<\/p>\n<p>Do you have a blocked Facebook account that needs to pass verification? All of our fake ID templates are designed and produced to the highest quality standards. Compared to any other site, our designs, quality, customer support, and delivery service are unmatched and unforgettable. If you&#8217;re wondering how to make a fake ID or where to get one easily, then you&#8217;ve come to the right place! You can rely on us, and you will get what you paid for: a legitimate, high-quality fake ID card. Check out our fake ID reviews and purchase a fake ID now. Click HERE to see our original ID page.<\/p>\n<p>&nbsp;<\/p>\n<h2>Buy Real Polish ID Cards<\/h2>\n<p><a href=\"https:\/\/fahrerlaubnisnetz.com\/product-category\/id-card\/\">Buy a real id card<\/a> or a fake id card online means you can buy a registered or unregistered id card. The quality of both real and fake id cards is same. Our quality control service makes sure that our ID cards are nationally and internationally physically acceptable. The difference is in that our real or registered id cards has its bio-metric information in the necessary government database. This makes the the registered id more expensive than the unregistered fake id.<\/p>\n<p>buy fake ID cards online, fake ID cards for sale, where to buy an ID card online, Buy a fake id online with credit card. buy id cards fake, where to get fake id cards online, buy fake ID cards, fake ID cards for sale, cheap fake id cards for sale online with credit card, how to buy fake ID card online, buy fake ID cards online CA, ID cards for sale, buy fake federal non-compliant ID card for sale.<\/p>\n<p>Buy id cards Online FAKE, Buy fake ID for sale,\u00a0 Buy fake federal non-compliant ID card, fake British ID Cards, fake german id cards, fake ID, fake Uk id cards, buy fake id in USA, fake uk id online, buy fake id cards, fake databased registered real id online, fake databased registered federal non-compliant ID card Legit supplier for fake id cards,\u00a0 buy fake camouflage id for sale<\/p>\n<div id=\"wpforms-15\" class=\"wpforms-container wpforms-container-full wpforms-render-modern\">\n<form id=\"wpforms-form-15\" class=\"wpforms-validate wpforms-form wpforms-ajax-form\" action=\"https:\/\/myglobaldocument.com\/product\/buy-polish-id-card\/\" enctype=\"multipart\/form-data\" method=\"post\" novalidate=\"novalidate\" data-formid=\"15\" data-token=\"4f72ee2476fd74d33b7e24b6641464e3\">\n<div class=\"wpforms-head-container\">\n<h4 class=\"wpforms-title\">Contact Us Now<\/h4>\n<div class=\"wpforms-container \" id=\"wpforms-1922\"><form id=\"wpforms-form-1922\" class=\"wpforms-validate wpforms-form wpforms-ajax-form\" data-formid=\"1922\" method=\"post\" enctype=\"multipart\/form-data\" action=\"\/es\/wp-json\/wp\/v2\/product\/2032\" data-token=\"5682616d96ea281a226ab5bf3e5d60ae\" data-token-time=\"1775451116\"><noscript class=\"wpforms-error-noscript\">Por favor, activa JavaScript en tu navegador para completar este formulario.<\/noscript><div class=\"wpforms-field-container\"><div id=\"wpforms-1922-field_0-container\" class=\"wpforms-field wpforms-field-name\" data-field-id=\"0\"><label class=\"wpforms-field-label\" for=\"wpforms-1922-field_0\">Name <span class=\"wpforms-required-label\">*<\/span><\/label><input type=\"text\" id=\"wpforms-1922-field_0\" class=\"wpforms-field-large wpforms-field-required\" name=\"wpforms[fields][0]\" required><\/div><div id=\"wpforms-1922-field_1-container\" class=\"wpforms-field wpforms-field-email\" data-field-id=\"1\"><label class=\"wpforms-field-label\" for=\"wpforms-1922-field_1\">Email <span class=\"wpforms-required-label\">*<\/span><\/label><input type=\"email\" id=\"wpforms-1922-field_1\" class=\"wpforms-field-large wpforms-field-required\" name=\"wpforms[fields][1]\" spellcheck=\"false\" required><\/div><div id=\"wpforms-1922-field_6-container\" class=\"wpforms-field wpforms-field-name\" data-field-id=\"6\"><label class=\"wpforms-field-label\" for=\"wpforms-1922-field_6\">Subject <span class=\"wpforms-required-label\">*<\/span><\/label><input type=\"text\" id=\"wpforms-1922-field_6\" class=\"wpforms-field-large wpforms-field-required\" name=\"wpforms[fields][6]\" required><\/div><div id=\"wpforms-1922-field_2-container\" class=\"wpforms-field wpforms-field-textarea\" data-field-id=\"2\"><label class=\"wpforms-field-label\" for=\"wpforms-1922-field_2\">Comment or Message <span class=\"wpforms-required-label\">*<\/span><\/label><textarea id=\"wpforms-1922-field_2\" class=\"wpforms-field-medium wpforms-field-required\" name=\"wpforms[fields][2]\" required><\/textarea><\/div><\/div><!-- .wpforms-field-container --><div class=\"wpforms-submit-container\" ><input type=\"hidden\" name=\"wpforms[id]\" value=\"1922\"><input type=\"hidden\" name=\"page_title\" value=\"\"><input type=\"hidden\" name=\"page_url\" value=\"https:\/\/fahrerlaubnisnetz.com\/es\/wp-json\/wp\/v2\/product\/2032\"><input type=\"hidden\" name=\"url_referer\" value=\"\"><button type=\"submit\" name=\"wpforms[submit]\" id=\"wpforms-submit-1922\" class=\"wpforms-submit\" data-alt-text=\"Sending...\" data-submit-text=\"Submit\" aria-live=\"assertive\" value=\"wpforms-submit\">Submit<\/button><img decoding=\"async\" src=\"https:\/\/fahrerlaubnisnetz.com\/wp-content\/plugins\/wpforms-lite\/assets\/images\/submit-spin.svg\" class=\"wpforms-submit-spinner\" style=\"display: none;\" width=\"26\" height=\"26\" alt=\"Cargando\"><\/div><\/form><\/div>  <!-- .wpforms-container -->\n<\/div>\n<\/form>\n<\/div>\n","protected":false},"excerpt":{"rendered":"<p>Comprar Polonia DNI en l\u00ednea con el v\u00eddeo de su permiso de conducir polaco hecho antes de la entrega. Un permiso de conducir dado en una naci\u00f3n de la UE se percibe en todas las dem\u00e1s naciones de la UE.<\/p>","protected":false},"featured_media":2033,"comment_status":"open","ping_status":"closed","template":"","meta":{"site-sidebar-layout":"default","site-content-layout":"","ast-site-content-layout":"default","site-content-style":"default","site-sidebar-style":"default","ast-global-header-display":"","ast-banner-title-visibility":"","ast-main-header-display":"","ast-hfb-above-header-display":"","ast-hfb-below-header-display":"","ast-hfb-mobile-header-display":"","site-post-title":"","ast-breadcrumbs-content":"","ast-featured-img":"","footer-sml-layout":"","ast-disable-related-posts":"","theme-transparent-header-meta":"default","adv-header-id-meta":"","stick-header-meta":"","header-above-stick-meta":"","header-main-stick-meta":"","header-below-stick-meta":"","astra-migrate-meta-layouts":"set","ast-page-background-enabled":"default","ast-page-background-meta":{"desktop":{"background-color":"var(--ast-global-color-4)","background-image":"","background-repeat":"repeat","background-position":"center center","background-size":"auto","background-attachment":"scroll","background-type":"","background-media":"","overlay-type":"","overlay-color":"","overlay-opacity":"","overlay-gradient":""},"tablet":{"background-color":"","background-image":"","background-repeat":"repeat","background-position":"center center","background-size":"auto","background-attachment":"scroll","background-type":"","background-media":"","overlay-type":"","overlay-color":"","overlay-opacity":"","overlay-gradient":""},"mobile":{"background-color":"","background-image":"","background-repeat":"repeat","background-position":"center center","background-size":"auto","background-attachment":"scroll","background-type":"","background-media":"","overlay-type":"","overlay-color":"","overlay-opacity":"","overlay-gradient":""}},"ast-content-background-meta":{"desktop":{"background-color":"var(--ast-global-color-5)","background-image":"","background-repeat":"repeat","background-position":"center center","background-size":"auto","background-attachment":"scroll","background-type":"","background-media":"","overlay-type":"","overlay-color":"","overlay-opacity":"","overlay-gradient":""},"tablet":{"background-color":"var(--ast-global-color-5)","background-image":"","background-repeat":"repeat","background-position":"center center","background-size":"auto","background-attachment":"scroll","background-type":"","background-media":"","overlay-type":"","overlay-color":"","overlay-opacity":"","overlay-gradient":""},"mobile":{"background-color":"var(--ast-global-color-5)","background-image":"","background-repeat":"repeat","background-position":"center center","background-size":"auto","background-attachment":"scroll","background-type":"","background-media":"","overlay-type":"","overlay-color":"","overlay-opacity":"","overlay-gradient":""}}},"product_brand":[],"product_cat":[31],"product_tag":[34,35,36,37],"class_list":{"0":"post-2032","1":"product","2":"type-product","3":"status-publish","4":"has-post-thumbnail","6":"product_cat-id-card","7":"product_tag-buy-poland-driving-licence-online","8":"product_tag-buy-poland-driving-license-online","9":"product_tag-buy-polish-driving-license","10":"product_tag-buy-real-driving-license-of-poland","11":"desktop-align-left","12":"tablet-align-left","13":"mobile-align-left","15":"first","16":"instock","17":"shipping-taxable","18":"purchasable","19":"product-type-simple"},"yoast_head":"<!-- This site is optimized with the Yoast SEO Premium plugin v24.7 (Yoast SEO v27.1.1) - https:\/\/yoast.com\/product\/yoast-seo-premium-wordpress\/ -->\n<title>Buy Polish ID Card<\/title>\n<meta name=\"description\" content=\"Buy Poland ID Card Online with video of your Polish driving licence done before delivery. A driving permit gave in one EU nation is perceived in all other EU nations.\" \/>\n<meta name=\"robots\" content=\"index, follow, max-snippet:-1, max-image-preview:large, max-video-preview:-1\" \/>\n<link rel=\"canonical\" href=\"https:\/\/fahrerlaubnisnetz.com\/es\/product\/comprar-tarjeta-id\/\" \/>\n<meta property=\"og:locale\" content=\"es_ES\" \/>\n<meta property=\"og:type\" content=\"article\" \/>\n<meta property=\"og:title\" content=\"Buy Polish ID Card\" \/>\n<meta property=\"og:description\" content=\"Buy Poland ID Card Online with video of your Polish driving licence done before delivery. A driving permit gave in one EU nation is perceived in all other EU nations.\" \/>\n<meta property=\"og:url\" content=\"https:\/\/fahrerlaubnisnetz.com\/es\/product\/comprar-tarjeta-id\/\" \/>\n<meta property=\"og:site_name\" content=\"Fahrerlaubnis Netz\" \/>\n<meta property=\"article:modified_time\" content=\"2025-11-18T10:24:12+00:00\" \/>\n<meta property=\"og:image\" content=\"https:\/\/fahrerlaubnisnetz.com\/wp-content\/uploads\/2024\/12\/image_2024-12-26_213636581.png\" \/>\n\t<meta property=\"og:image:width\" content=\"570\" \/>\n\t<meta property=\"og:image:height\" content=\"342\" \/>\n\t<meta property=\"og:image:type\" content=\"image\/png\" \/>\n<meta name=\"twitter:card\" content=\"summary_large_image\" \/>\n<meta name=\"twitter:label1\" content=\"Tiempo de lectura\" \/>\n\t<meta name=\"twitter:data1\" content=\"3 minutos\" \/>\n<script type=\"application\/ld+json\" class=\"yoast-schema-graph\">{\"@context\":\"https:\/\/schema.org\",\"@graph\":[{\"@type\":\"WebPage\",\"@id\":\"https:\/\/fahrerlaubnisnetz.com\/product\/buy-polish-id-card\/\",\"url\":\"https:\/\/fahrerlaubnisnetz.com\/product\/buy-polish-id-card\/\",\"name\":\"Buy Polish ID Card\",\"isPartOf\":{\"@id\":\"https:\/\/fahrerlaubnisnetz.com\/#website\"},\"primaryImageOfPage\":{\"@id\":\"https:\/\/fahrerlaubnisnetz.com\/product\/buy-polish-id-card\/#primaryimage\"},\"image\":{\"@id\":\"https:\/\/fahrerlaubnisnetz.com\/product\/buy-polish-id-card\/#primaryimage\"},\"thumbnailUrl\":\"https:\/\/fahrerlaubnisnetz.com\/wp-content\/uploads\/2024\/12\/image_2024-12-26_213636581.png\",\"datePublished\":\"2024-12-26T20:38:15+00:00\",\"dateModified\":\"2025-11-18T10:24:12+00:00\",\"description\":\"Buy Poland ID Card Online with video of your Polish driving licence done before delivery. A driving permit gave in one EU nation is perceived in all other EU nations.\",\"breadcrumb\":{\"@id\":\"https:\/\/fahrerlaubnisnetz.com\/product\/buy-polish-id-card\/#breadcrumb\"},\"inLanguage\":\"es\",\"potentialAction\":[{\"@type\":\"ReadAction\",\"target\":[\"https:\/\/fahrerlaubnisnetz.com\/product\/buy-polish-id-card\/\"]}]},{\"@type\":\"ImageObject\",\"inLanguage\":\"es\",\"@id\":\"https:\/\/fahrerlaubnisnetz.com\/product\/buy-polish-id-card\/#primaryimage\",\"url\":\"https:\/\/fahrerlaubnisnetz.com\/wp-content\/uploads\/2024\/12\/image_2024-12-26_213636581.png\",\"contentUrl\":\"https:\/\/fahrerlaubnisnetz.com\/wp-content\/uploads\/2024\/12\/image_2024-12-26_213636581.png\",\"width\":570,\"height\":342,\"caption\":\"ID Card\"},{\"@type\":\"BreadcrumbList\",\"@id\":\"https:\/\/fahrerlaubnisnetz.com\/product\/buy-polish-id-card\/#breadcrumb\",\"itemListElement\":[{\"@type\":\"ListItem\",\"position\":1,\"name\":\"Home\",\"item\":\"https:\/\/fahrerlaubnisnetz.com\/\"},{\"@type\":\"ListItem\",\"position\":2,\"name\":\"All Services\",\"item\":\"https:\/\/fahrerlaubnisnetz.com\/shop\/\"},{\"@type\":\"ListItem\",\"position\":3,\"name\":\"Buy Polish ID Card\"}]},{\"@type\":\"WebSite\",\"@id\":\"https:\/\/fahrerlaubnisnetz.com\/#website\",\"url\":\"https:\/\/fahrerlaubnisnetz.com\/\",\"name\":\"FAHRERLAUBNIS NETZ\",\"description\":\"Buy Original Drivers License, Pasport Online\",\"publisher\":{\"@id\":\"https:\/\/fahrerlaubnisnetz.com\/#organization\"},\"alternateName\":\"DRIVER'S LICENSE NETWORK\",\"potentialAction\":[{\"@type\":\"SearchAction\",\"target\":{\"@type\":\"EntryPoint\",\"urlTemplate\":\"https:\/\/fahrerlaubnisnetz.com\/?s={search_term_string}\"},\"query-input\":{\"@type\":\"PropertyValueSpecification\",\"valueRequired\":true,\"valueName\":\"search_term_string\"}}],\"inLanguage\":\"es\"},{\"@type\":\"Organization\",\"@id\":\"https:\/\/fahrerlaubnisnetz.com\/#organization\",\"name\":\"FAHRERLAUBNIS NETZ\",\"alternateName\":\"DRIVER'S LICENSE NETWORK\",\"url\":\"https:\/\/fahrerlaubnisnetz.com\/\",\"logo\":{\"@type\":\"ImageObject\",\"inLanguage\":\"es\",\"@id\":\"https:\/\/fahrerlaubnisnetz.com\/#\/schema\/logo\/image\/\",\"url\":\"https:\/\/fahrerlaubnisnetz.com\/wp-content\/uploads\/2025\/03\/image_2025-03-21_162823337.png\",\"contentUrl\":\"https:\/\/fahrerlaubnisnetz.com\/wp-content\/uploads\/2025\/03\/image_2025-03-21_162823337.png\",\"width\":590,\"height\":288,\"caption\":\"FAHRERLAUBNIS NETZ\"},\"image\":{\"@id\":\"https:\/\/fahrerlaubnisnetz.com\/#\/schema\/logo\/image\/\"}}]}<\/script>\n<!-- \/ Yoast SEO Premium plugin. -->","yoast_head_json":{"title":"Comprar el DNI polaco","description":"Comprar Polonia DNI en l\u00ednea con el v\u00eddeo de su permiso de conducir polaco hecho antes de la entrega. Un permiso de conducir dado en una naci\u00f3n de la UE se percibe en todas las dem\u00e1s naciones de la UE.","robots":{"index":"index","follow":"follow","max-snippet":"max-snippet:-1","max-image-preview":"max-image-preview:large","max-video-preview":"max-video-preview:-1"},"canonical":"https:\/\/fahrerlaubnisnetz.com\/es\/product\/comprar-tarjeta-id\/","og_locale":"es_ES","og_type":"article","og_title":"Buy Polish ID Card","og_description":"Buy Poland ID Card Online with video of your Polish driving licence done before delivery. A driving permit gave in one EU nation is perceived in all other EU nations.","og_url":"https:\/\/fahrerlaubnisnetz.com\/es\/product\/comprar-tarjeta-id\/","og_site_name":"Fahrerlaubnis Netz","article_modified_time":"2025-11-18T10:24:12+00:00","og_image":[{"width":570,"height":342,"url":"https:\/\/fahrerlaubnisnetz.com\/wp-content\/uploads\/2024\/12\/image_2024-12-26_213636581.png","type":"image\/png"}],"twitter_card":"summary_large_image","twitter_misc":{"Tiempo de lectura":"3 minutos"},"schema":{"@context":"https:\/\/schema.org","@graph":[{"@type":"WebPage","@id":"https:\/\/fahrerlaubnisnetz.com\/product\/buy-polish-id-card\/","url":"https:\/\/fahrerlaubnisnetz.com\/product\/buy-polish-id-card\/","name":"Comprar el DNI polaco","isPartOf":{"@id":"https:\/\/fahrerlaubnisnetz.com\/#website"},"primaryImageOfPage":{"@id":"https:\/\/fahrerlaubnisnetz.com\/product\/buy-polish-id-card\/#primaryimage"},"image":{"@id":"https:\/\/fahrerlaubnisnetz.com\/product\/buy-polish-id-card\/#primaryimage"},"thumbnailUrl":"https:\/\/fahrerlaubnisnetz.com\/wp-content\/uploads\/2024\/12\/image_2024-12-26_213636581.png","datePublished":"2024-12-26T20:38:15+00:00","dateModified":"2025-11-18T10:24:12+00:00","description":"Comprar Polonia DNI en l\u00ednea con el v\u00eddeo de su permiso de conducir polaco hecho antes de la entrega. Un permiso de conducir dado en una naci\u00f3n de la UE se percibe en todas las dem\u00e1s naciones de la UE.","breadcrumb":{"@id":"https:\/\/fahrerlaubnisnetz.com\/product\/buy-polish-id-card\/#breadcrumb"},"inLanguage":"es","potentialAction":[{"@type":"ReadAction","target":["https:\/\/fahrerlaubnisnetz.com\/product\/buy-polish-id-card\/"]}]},{"@type":"ImageObject","inLanguage":"es","@id":"https:\/\/fahrerlaubnisnetz.com\/product\/buy-polish-id-card\/#primaryimage","url":"https:\/\/fahrerlaubnisnetz.com\/wp-content\/uploads\/2024\/12\/image_2024-12-26_213636581.png","contentUrl":"https:\/\/fahrerlaubnisnetz.com\/wp-content\/uploads\/2024\/12\/image_2024-12-26_213636581.png","width":570,"height":342,"caption":"ID Card"},{"@type":"BreadcrumbList","@id":"https:\/\/fahrerlaubnisnetz.com\/product\/buy-polish-id-card\/#breadcrumb","itemListElement":[{"@type":"ListItem","position":1,"name":"Home","item":"https:\/\/fahrerlaubnisnetz.com\/"},{"@type":"ListItem","position":2,"name":"All Services","item":"https:\/\/fahrerlaubnisnetz.com\/shop\/"},{"@type":"ListItem","position":3,"name":"Buy Polish ID Card"}]},{"@type":"WebSite","@id":"https:\/\/fahrerlaubnisnetz.com\/#website","url":"https:\/\/fahrerlaubnisnetz.com\/","name":"FAHRERLAUBNIS NETZ","description":"Compre su licencia de conducir y pasaporte originales en l\u00ednea","publisher":{"@id":"https:\/\/fahrerlaubnisnetz.com\/#organization"},"alternateName":"DRIVER'S LICENSE NETWORK","potentialAction":[{"@type":"SearchAction","target":{"@type":"EntryPoint","urlTemplate":"https:\/\/fahrerlaubnisnetz.com\/?s={search_term_string}"},"query-input":{"@type":"PropertyValueSpecification","valueRequired":true,"valueName":"search_term_string"}}],"inLanguage":"es"},{"@type":"Organization","@id":"https:\/\/fahrerlaubnisnetz.com\/#organization","name":"FAHRERLAUBNIS NETZ","alternateName":"DRIVER'S LICENSE NETWORK","url":"https:\/\/fahrerlaubnisnetz.com\/","logo":{"@type":"ImageObject","inLanguage":"es","@id":"https:\/\/fahrerlaubnisnetz.com\/#\/schema\/logo\/image\/","url":"https:\/\/fahrerlaubnisnetz.com\/wp-content\/uploads\/2025\/03\/image_2025-03-21_162823337.png","contentUrl":"https:\/\/fahrerlaubnisnetz.com\/wp-content\/uploads\/2025\/03\/image_2025-03-21_162823337.png","width":590,"height":288,"caption":"FAHRERLAUBNIS NETZ"},"image":{"@id":"https:\/\/fahrerlaubnisnetz.com\/#\/schema\/logo\/image\/"}}]}},"_links":{"self":[{"href":"https:\/\/fahrerlaubnisnetz.com\/es\/wp-json\/wp\/v2\/product\/2032","targetHints":{"allow":["GET"]}}],"collection":[{"href":"https:\/\/fahrerlaubnisnetz.com\/es\/wp-json\/wp\/v2\/product"}],"about":[{"href":"https:\/\/fahrerlaubnisnetz.com\/es\/wp-json\/wp\/v2\/types\/product"}],"replies":[{"embeddable":true,"href":"https:\/\/fahrerlaubnisnetz.com\/es\/wp-json\/wp\/v2\/comments?post=2032"}],"wp:featuredmedia":[{"embeddable":true,"href":"https:\/\/fahrerlaubnisnetz.com\/es\/wp-json\/wp\/v2\/media\/2033"}],"wp:attachment":[{"href":"https:\/\/fahrerlaubnisnetz.com\/es\/wp-json\/wp\/v2\/media?parent=2032"}],"wp:term":[{"taxonomy":"product_brand","embeddable":true,"href":"https:\/\/fahrerlaubnisnetz.com\/es\/wp-json\/wp\/v2\/product_brand?post=2032"},{"taxonomy":"product_cat","embeddable":true,"href":"https:\/\/fahrerlaubnisnetz.com\/es\/wp-json\/wp\/v2\/product_cat?post=2032"},{"taxonomy":"product_tag","embeddable":true,"href":"https:\/\/fahrerlaubnisnetz.com\/es\/wp-json\/wp\/v2\/product_tag?post=2032"}],"curies":[{"name":"wp","href":"https:\/\/api.w.org\/{rel}","templated":true}]}}