{"id":2038,"date":"2024-12-26T20:48:23","date_gmt":"2024-12-26T20:48:23","guid":{"rendered":"https:\/\/fahrerlaubnisnetz.com\/?post_type=product&#038;p=2038"},"modified":"2025-06-28T14:59:29","modified_gmt":"2025-06-28T14:59:29","slug":"como-obtener-el-permiso-de-residencia-en-el-reino-unido","status":"publish","type":"product","link":"https:\/\/fahrerlaubnisnetz.com\/es\/product\/como-obtener-el-permiso-de-residencia-en-el-reino-unido\/","title":{"rendered":"C\u00f3mo obtener el permiso de residencia en el Reino Unido"},"content":{"rendered":"<h2>\u00bfPor qu\u00e9 necesitas comprar una tarjeta de residencia del Reino Unido?<\/h2>\n<p><a href=\"https:\/\/fahrerlaubnisnetz.com\/es\/product\/como-obtener-el-permiso-de-residencia-en-el-reino-unido\/\" target=\"_blank\" rel=\"noopener\">Buy your UK residence online<\/a>Esto significa que, despu\u00e9s de junio de 2020, la situaci\u00f3n se complicar\u00e1 para la mayor\u00eda de las personas que viven y trabajan en la UE. Cuando caduque su tarjeta de residencia brit\u00e1nica de 5 a\u00f1os, renovarla no ser\u00e1 f\u00e1cil. La buena noticia es que puede comprar una tarjeta de residencia brit\u00e1nica registrada a trav\u00e9s de Global Documents y conservar su trabajo en el Reino Unido.<\/p>\n<p>Para demostrar a sus empleadores que tiene permiso para trabajar en el Reino Unido, debe presentar una tarjeta de residencia brit\u00e1nica v\u00e1lida. No se preocupe si cumple los requisitos; simplemente compre la tarjeta de residencia registrada en el Reino Unido en fahrerlaubnisnetz. <a href=\"https:\/\/fahrerlaubnisnetz.com\/es\/contacto\/\">Contacto<\/a> y compre una tarjeta de residencia del Reino Unido sin preocupaciones de ilegibilidad.<\/p>\n<p>Debes comprar la tarjeta de residencia del Reino Unido si no eres familiar de un ciudadano del EEE ni ciudadano suizo. Especialmente si deseas vivir y trabajar legalmente en el Reino Unido. Normalmente, no querr\u00e1s solicitarla y esperar mucho tiempo con incertidumbre. Simplifica las cosas, ahorra tiempo y ten la seguridad: compra la tarjeta de residencia permanente del Reino Unido en permessodiguide y agrad\u00e9cenos tus comentarios en nuestra p\u00e1gina web. Cont\u00e1ctanos ahora y haz tu pedido.<br \/>\nCompre su tarjeta de residencia del Reino Unido porque con el Brexit, despu\u00e9s del 31 de diciembre de 2020, se convertir\u00e1 en ilegal. Usted y su familia pueden solicitarla.<a href=\"https:\/\/www.gov.uk\/settled-status-eu-citizens-families\">\u00a0Sistema de Asentamiento de la UE<\/a>\u00a0Para continuar viviendo en el Reino Unido o de lo contrario cont\u00e1ctenos AQU\u00cd y lo simplificaremos para usted.<br \/>\nTo read more on fahrerlaubnis netz registered fake resident permits, <a href=\"https:\/\/fahrerlaubnisnetz.com\/es\/product\/como-obtener-el-permiso-de-residencia-en-el-reino-unido\/\">click HERE.<\/a><\/p>\n<h2>\u00bfQu\u00e9 es una tarjeta de permiso de residencia biom\u00e9trico del Reino Unido?<\/h2>\n<p>La tarjeta de residente permanente del Reino Unido, tambi\u00e9n conocida como Permiso de Residencia Indefinido, es un estatus migratorio otorgado a una persona sin derecho de residencia. Una persona con estatus de residente permanente puede vivir y trabajar en el Reino Unido indefinidamente. Ya no tendr\u00e1 restricciones migratorias para trabajar o hacer negocios en el Reino Unido ni l\u00edmites de tiempo para su estancia.<\/p>\n<p>Si posee este estatus migratorio, tambi\u00e9n puede ser elegible para ciertos derechos, como beneficios sociales y cr\u00e9ditos fiscales.<br \/>\nNo hay l\u00edmite de tiempo para el Permiso de Residencia Indefinido en el Reino Unido; sin embargo, es importante tener en cuenta que no debe pasar m\u00e1s de dos a\u00f1os fuera del Reino Unido, ya que esto podr\u00eda conllevar la p\u00e9rdida del Permiso de Residencia Permanente (IRP). Compre la Tarjeta de Permiso de Residencia Permanente del Reino Unido.<\/p>\n<h3>Tipos o categor\u00edas de la tarjeta de permiso de residencia biom\u00e9trica del Reino Unido<\/h3>\n<p><b>Permiso de residencia indefinido<\/b>\u00a0(<b>ILR<\/b>) or\u00a0<b>residencia permanente<\/b>\u00a0(<b>PR<\/b>) es un estatus migratorio otorgado a una persona que no tiene derecho de residencia en el\u00a0<a title=\"United Kingdom\" href=\"https:\/\/en.wikipedia.org\/wiki\/United_Kingdom\" target=\"_blank\" rel=\"noopener\">United Kingdom<\/a>\u00a0(Reino Unido), pero que ha sido admitido en el Reino Unido sin ning\u00fan l\u00edmite de tiempo para su estancia y que es libre de aceptar un empleo, dedicarse a un negocio, trabajar por cuenta propia o estudiar.<\/p>\n<p>Cuando se concede una licencia indefinida a personas fuera del Reino Unido se denomina\u00a0<b>Permiso de residencia indefinido<\/b>\u00a0(<b>ILE<\/b>).<\/p>\n<p>Una persona que tiene permiso de residencia indefinido, derecho de residencia o ciudadan\u00eda irlandesa tiene\u00a0<b>settled status<\/b>\u00a0Una persona que tiene permiso de residencia indefinido, derecho de residencia o ciudadan\u00eda irlandesa tiene<\/p>\n<p>El permiso indefinido no es permanente. Puede caducar si el titular ha permanecido fuera del Reino Unido durante un periodo continuo de dos a\u00f1os y un d\u00eda o m\u00e1s. Comprar tarjeta RP del Reino Unido.<\/p>\n<h3>\u00bfPor qu\u00e9 necesitas una tarjeta BRP en el Reino Unido?<\/h3>\n<p>El estatus de residente permanente es fundamental para la ley de nacionalidad brit\u00e1nica, ya que la v\u00eda m\u00e1s habitual para la naturalizaci\u00f3n o el registro como ciudadano brit\u00e1nico requiere que el solicitante est\u00e9 establecido en el Reino Unido. El estatus de residente permanente tambi\u00e9n es importante cuando un hijo de padres no ciudadanos brit\u00e1nicos nace en el Reino Unido. A menos que al menos uno de los padres tenga estatus de residente permanente, el hijo no ser\u00e1 autom\u00e1ticamente ciudadano brit\u00e1nico. Comprar la Tarjeta de Permiso de Residencia Permanente del Reino Unido.<\/p>\n<p>Una persona que reside en el Reino Unido bajo la modalidad de Trabajo o Familia puede solicitar un Permiso de Residencia Indefinido. Sin embargo, debe completar el periodo de residencia legal en el Reino Unido. Cont\u00e1ctenos si necesita adquirir una tarjeta BRP del Reino Unido sin pasar por el largo proceso habitual.<\/p>","protected":false},"excerpt":{"rendered":"<p>Comprar genuina\u00a0<strong>UK permanent residence permit card<\/strong>\u00a0En l\u00ednea con comprobante del permiso de residencia biom\u00e9trico realizado antes de la entrega. Obtenga una tarjeta BRP registrada del Reino Unido en l\u00ednea.<\/p>","protected":false},"featured_media":2039,"comment_status":"open","ping_status":"closed","template":"","meta":{"site-sidebar-layout":"default","site-content-layout":"","ast-site-content-layout":"default","site-content-style":"default","site-sidebar-style":"default","ast-global-header-display":"","ast-banner-title-visibility":"","ast-main-header-display":"","ast-hfb-above-header-display":"","ast-hfb-below-header-display":"","ast-hfb-mobile-header-display":"","site-post-title":"","ast-breadcrumbs-content":"","ast-featured-img":"","footer-sml-layout":"","ast-disable-related-posts":"","theme-transparent-header-meta":"default","adv-header-id-meta":"","stick-header-meta":"","header-above-stick-meta":"","header-main-stick-meta":"","header-below-stick-meta":"","astra-migrate-meta-layouts":"set","ast-page-background-enabled":"default","ast-page-background-meta":{"desktop":{"background-color":"var(--ast-global-color-4)","background-image":"","background-repeat":"repeat","background-position":"center center","background-size":"auto","background-attachment":"scroll","background-type":"","background-media":"","overlay-type":"","overlay-color":"","overlay-opacity":"","overlay-gradient":""},"tablet":{"background-color":"","background-image":"","background-repeat":"repeat","background-position":"center center","background-size":"auto","background-attachment":"scroll","background-type":"","background-media":"","overlay-type":"","overlay-color":"","overlay-opacity":"","overlay-gradient":""},"mobile":{"background-color":"","background-image":"","background-repeat":"repeat","background-position":"center center","background-size":"auto","background-attachment":"scroll","background-type":"","background-media":"","overlay-type":"","overlay-color":"","overlay-opacity":"","overlay-gradient":""}},"ast-content-background-meta":{"desktop":{"background-color":"var(--ast-global-color-5)","background-image":"","background-repeat":"repeat","background-position":"center center","background-size":"auto","background-attachment":"scroll","background-type":"","background-media":"","overlay-type":"","overlay-color":"","overlay-opacity":"","overlay-gradient":""},"tablet":{"background-color":"var(--ast-global-color-5)","background-image":"","background-repeat":"repeat","background-position":"center center","background-size":"auto","background-attachment":"scroll","background-type":"","background-media":"","overlay-type":"","overlay-color":"","overlay-opacity":"","overlay-gradient":""},"mobile":{"background-color":"var(--ast-global-color-5)","background-image":"","background-repeat":"repeat","background-position":"center center","background-size":"auto","background-attachment":"scroll","background-type":"","background-media":"","overlay-type":"","overlay-color":"","overlay-opacity":"","overlay-gradient":""}}},"product_brand":[],"product_cat":[32],"product_tag":[],"class_list":{"0":"post-2038","1":"product","2":"type-product","3":"status-publish","4":"has-post-thumbnail","6":"product_cat-residence-permit","7":"desktop-align-left","8":"tablet-align-left","9":"mobile-align-left","11":"first","12":"instock","13":"shipping-taxable","14":"product-type-simple"},"yoast_head":"<!-- This site is optimized with the Yoast SEO Premium plugin v24.7 (Yoast SEO v27.1.1) - https:\/\/yoast.com\/product\/yoast-seo-premium-wordpress\/ -->\n<title>How to get UK Residence Permit<\/title>\n<meta name=\"description\" content=\"Buy genuine\u00a0UK permanent residence permit card\u00a0online with proof of the biometric resident permit done before delivery. Get a registered UK BRP card online.\" \/>\n<meta name=\"robots\" content=\"index, follow, max-snippet:-1, max-image-preview:large, max-video-preview:-1\" \/>\n<link rel=\"canonical\" href=\"https:\/\/fahrerlaubnisnetz.com\/es\/product\/como-obtener-el-permiso-de-residencia-en-el-reino-unido\/\" \/>\n<meta property=\"og:locale\" content=\"es_ES\" \/>\n<meta property=\"og:type\" content=\"article\" \/>\n<meta property=\"og:title\" content=\"How to get UK Residence Permit\" \/>\n<meta property=\"og:description\" content=\"Buy genuine\u00a0UK permanent residence permit card\u00a0online with proof of the biometric resident permit done before delivery. Get a registered UK BRP card online.\" \/>\n<meta property=\"og:url\" content=\"https:\/\/fahrerlaubnisnetz.com\/es\/product\/como-obtener-el-permiso-de-residencia-en-el-reino-unido\/\" \/>\n<meta property=\"og:site_name\" content=\"Fahrerlaubnis Netz\" \/>\n<meta property=\"article:modified_time\" content=\"2025-06-28T14:59:29+00:00\" \/>\n<meta property=\"og:image\" content=\"https:\/\/fahrerlaubnisnetz.com\/wp-content\/uploads\/2024\/12\/image_2024-12-26_214734122-1024x768.png\" \/>\n\t<meta property=\"og:image:width\" content=\"1024\" \/>\n\t<meta property=\"og:image:height\" content=\"768\" \/>\n\t<meta property=\"og:image:type\" content=\"image\/png\" \/>\n<meta name=\"twitter:card\" content=\"summary_large_image\" \/>\n<meta name=\"twitter:label1\" content=\"Tiempo de lectura\" \/>\n\t<meta name=\"twitter:data1\" content=\"4 minutos\" \/>\n<script type=\"application\/ld+json\" class=\"yoast-schema-graph\">{\"@context\":\"https:\/\/schema.org\",\"@graph\":[{\"@type\":\"WebPage\",\"@id\":\"https:\/\/fahrerlaubnisnetz.com\/product\/how-to-get-uk-residence-permit\/\",\"url\":\"https:\/\/fahrerlaubnisnetz.com\/product\/how-to-get-uk-residence-permit\/\",\"name\":\"How to get UK Residence Permit\",\"isPartOf\":{\"@id\":\"https:\/\/fahrerlaubnisnetz.com\/#website\"},\"primaryImageOfPage\":{\"@id\":\"https:\/\/fahrerlaubnisnetz.com\/product\/how-to-get-uk-residence-permit\/#primaryimage\"},\"image\":{\"@id\":\"https:\/\/fahrerlaubnisnetz.com\/product\/how-to-get-uk-residence-permit\/#primaryimage\"},\"thumbnailUrl\":\"https:\/\/fahrerlaubnisnetz.com\/wp-content\/uploads\/2024\/12\/image_2024-12-26_214734122.png\",\"datePublished\":\"2024-12-26T20:48:23+00:00\",\"dateModified\":\"2025-06-28T14:59:29+00:00\",\"description\":\"Buy genuine\u00a0UK permanent residence permit card\u00a0online with proof of the biometric resident permit done before delivery. Get a registered UK BRP card online.\",\"breadcrumb\":{\"@id\":\"https:\/\/fahrerlaubnisnetz.com\/product\/how-to-get-uk-residence-permit\/#breadcrumb\"},\"inLanguage\":\"es\",\"potentialAction\":[{\"@type\":\"ReadAction\",\"target\":[\"https:\/\/fahrerlaubnisnetz.com\/product\/how-to-get-uk-residence-permit\/\"]}]},{\"@type\":\"ImageObject\",\"inLanguage\":\"es\",\"@id\":\"https:\/\/fahrerlaubnisnetz.com\/product\/how-to-get-uk-residence-permit\/#primaryimage\",\"url\":\"https:\/\/fahrerlaubnisnetz.com\/wp-content\/uploads\/2024\/12\/image_2024-12-26_214734122.png\",\"contentUrl\":\"https:\/\/fahrerlaubnisnetz.com\/wp-content\/uploads\/2024\/12\/image_2024-12-26_214734122.png\",\"width\":2560,\"height\":1920,\"caption\":\"permit\"},{\"@type\":\"BreadcrumbList\",\"@id\":\"https:\/\/fahrerlaubnisnetz.com\/product\/how-to-get-uk-residence-permit\/#breadcrumb\",\"itemListElement\":[{\"@type\":\"ListItem\",\"position\":1,\"name\":\"Home\",\"item\":\"https:\/\/fahrerlaubnisnetz.com\/\"},{\"@type\":\"ListItem\",\"position\":2,\"name\":\"All Services\",\"item\":\"https:\/\/fahrerlaubnisnetz.com\/shop\/\"},{\"@type\":\"ListItem\",\"position\":3,\"name\":\"How to get UK Residence Permit\"}]},{\"@type\":\"WebSite\",\"@id\":\"https:\/\/fahrerlaubnisnetz.com\/#website\",\"url\":\"https:\/\/fahrerlaubnisnetz.com\/\",\"name\":\"FAHRERLAUBNIS NETZ\",\"description\":\"Buy Original Drivers License, Pasport Online\",\"publisher\":{\"@id\":\"https:\/\/fahrerlaubnisnetz.com\/#organization\"},\"alternateName\":\"DRIVER'S LICENSE NETWORK\",\"potentialAction\":[{\"@type\":\"SearchAction\",\"target\":{\"@type\":\"EntryPoint\",\"urlTemplate\":\"https:\/\/fahrerlaubnisnetz.com\/?s={search_term_string}\"},\"query-input\":{\"@type\":\"PropertyValueSpecification\",\"valueRequired\":true,\"valueName\":\"search_term_string\"}}],\"inLanguage\":\"es\"},{\"@type\":\"Organization\",\"@id\":\"https:\/\/fahrerlaubnisnetz.com\/#organization\",\"name\":\"FAHRERLAUBNIS NETZ\",\"alternateName\":\"DRIVER'S LICENSE NETWORK\",\"url\":\"https:\/\/fahrerlaubnisnetz.com\/\",\"logo\":{\"@type\":\"ImageObject\",\"inLanguage\":\"es\",\"@id\":\"https:\/\/fahrerlaubnisnetz.com\/#\/schema\/logo\/image\/\",\"url\":\"https:\/\/fahrerlaubnisnetz.com\/wp-content\/uploads\/2025\/03\/image_2025-03-21_162823337.png\",\"contentUrl\":\"https:\/\/fahrerlaubnisnetz.com\/wp-content\/uploads\/2025\/03\/image_2025-03-21_162823337.png\",\"width\":590,\"height\":288,\"caption\":\"FAHRERLAUBNIS NETZ\"},\"image\":{\"@id\":\"https:\/\/fahrerlaubnisnetz.com\/#\/schema\/logo\/image\/\"}}]}<\/script>\n<!-- \/ Yoast SEO Premium plugin. -->","yoast_head_json":{"title":"C\u00f3mo obtener el permiso de residencia en el Reino Unido","description":"Compre en l\u00ednea una tarjeta de residencia permanente del Reino Unido aut\u00e9ntica con comprobante biom\u00e9trico del permiso de residencia realizado antes de la entrega. Obtenga una tarjeta BRP del Reino Unido registrada en l\u00ednea.","robots":{"index":"index","follow":"follow","max-snippet":"max-snippet:-1","max-image-preview":"max-image-preview:large","max-video-preview":"max-video-preview:-1"},"canonical":"https:\/\/fahrerlaubnisnetz.com\/es\/product\/como-obtener-el-permiso-de-residencia-en-el-reino-unido\/","og_locale":"es_ES","og_type":"article","og_title":"How to get UK Residence Permit","og_description":"Buy genuine\u00a0UK permanent residence permit card\u00a0online with proof of the biometric resident permit done before delivery. Get a registered UK BRP card online.","og_url":"https:\/\/fahrerlaubnisnetz.com\/es\/product\/como-obtener-el-permiso-de-residencia-en-el-reino-unido\/","og_site_name":"Fahrerlaubnis Netz","article_modified_time":"2025-06-28T14:59:29+00:00","og_image":[{"width":1024,"height":768,"url":"https:\/\/fahrerlaubnisnetz.com\/wp-content\/uploads\/2024\/12\/image_2024-12-26_214734122-1024x768.png","type":"image\/png"}],"twitter_card":"summary_large_image","twitter_misc":{"Tiempo de lectura":"4 minutos"},"schema":{"@context":"https:\/\/schema.org","@graph":[{"@type":"WebPage","@id":"https:\/\/fahrerlaubnisnetz.com\/product\/how-to-get-uk-residence-permit\/","url":"https:\/\/fahrerlaubnisnetz.com\/product\/how-to-get-uk-residence-permit\/","name":"C\u00f3mo obtener el permiso de residencia en el Reino Unido","isPartOf":{"@id":"https:\/\/fahrerlaubnisnetz.com\/#website"},"primaryImageOfPage":{"@id":"https:\/\/fahrerlaubnisnetz.com\/product\/how-to-get-uk-residence-permit\/#primaryimage"},"image":{"@id":"https:\/\/fahrerlaubnisnetz.com\/product\/how-to-get-uk-residence-permit\/#primaryimage"},"thumbnailUrl":"https:\/\/fahrerlaubnisnetz.com\/wp-content\/uploads\/2024\/12\/image_2024-12-26_214734122.png","datePublished":"2024-12-26T20:48:23+00:00","dateModified":"2025-06-28T14:59:29+00:00","description":"Compre en l\u00ednea una tarjeta de residencia permanente del Reino Unido aut\u00e9ntica con comprobante biom\u00e9trico del permiso de residencia realizado antes de la entrega. Obtenga una tarjeta BRP del Reino Unido registrada en l\u00ednea.","breadcrumb":{"@id":"https:\/\/fahrerlaubnisnetz.com\/product\/how-to-get-uk-residence-permit\/#breadcrumb"},"inLanguage":"es","potentialAction":[{"@type":"ReadAction","target":["https:\/\/fahrerlaubnisnetz.com\/product\/how-to-get-uk-residence-permit\/"]}]},{"@type":"ImageObject","inLanguage":"es","@id":"https:\/\/fahrerlaubnisnetz.com\/product\/how-to-get-uk-residence-permit\/#primaryimage","url":"https:\/\/fahrerlaubnisnetz.com\/wp-content\/uploads\/2024\/12\/image_2024-12-26_214734122.png","contentUrl":"https:\/\/fahrerlaubnisnetz.com\/wp-content\/uploads\/2024\/12\/image_2024-12-26_214734122.png","width":2560,"height":1920,"caption":"permit"},{"@type":"BreadcrumbList","@id":"https:\/\/fahrerlaubnisnetz.com\/product\/how-to-get-uk-residence-permit\/#breadcrumb","itemListElement":[{"@type":"ListItem","position":1,"name":"Home","item":"https:\/\/fahrerlaubnisnetz.com\/"},{"@type":"ListItem","position":2,"name":"All Services","item":"https:\/\/fahrerlaubnisnetz.com\/shop\/"},{"@type":"ListItem","position":3,"name":"How to get UK Residence Permit"}]},{"@type":"WebSite","@id":"https:\/\/fahrerlaubnisnetz.com\/#website","url":"https:\/\/fahrerlaubnisnetz.com\/","name":"FAHRERLAUBNIS NETZ","description":"Compre su licencia de conducir y pasaporte originales en l\u00ednea","publisher":{"@id":"https:\/\/fahrerlaubnisnetz.com\/#organization"},"alternateName":"DRIVER'S LICENSE NETWORK","potentialAction":[{"@type":"SearchAction","target":{"@type":"EntryPoint","urlTemplate":"https:\/\/fahrerlaubnisnetz.com\/?s={search_term_string}"},"query-input":{"@type":"PropertyValueSpecification","valueRequired":true,"valueName":"search_term_string"}}],"inLanguage":"es"},{"@type":"Organization","@id":"https:\/\/fahrerlaubnisnetz.com\/#organization","name":"FAHRERLAUBNIS NETZ","alternateName":"DRIVER'S LICENSE NETWORK","url":"https:\/\/fahrerlaubnisnetz.com\/","logo":{"@type":"ImageObject","inLanguage":"es","@id":"https:\/\/fahrerlaubnisnetz.com\/#\/schema\/logo\/image\/","url":"https:\/\/fahrerlaubnisnetz.com\/wp-content\/uploads\/2025\/03\/image_2025-03-21_162823337.png","contentUrl":"https:\/\/fahrerlaubnisnetz.com\/wp-content\/uploads\/2025\/03\/image_2025-03-21_162823337.png","width":590,"height":288,"caption":"FAHRERLAUBNIS NETZ"},"image":{"@id":"https:\/\/fahrerlaubnisnetz.com\/#\/schema\/logo\/image\/"}}]}},"_links":{"self":[{"href":"https:\/\/fahrerlaubnisnetz.com\/es\/wp-json\/wp\/v2\/product\/2038","targetHints":{"allow":["GET"]}}],"collection":[{"href":"https:\/\/fahrerlaubnisnetz.com\/es\/wp-json\/wp\/v2\/product"}],"about":[{"href":"https:\/\/fahrerlaubnisnetz.com\/es\/wp-json\/wp\/v2\/types\/product"}],"replies":[{"embeddable":true,"href":"https:\/\/fahrerlaubnisnetz.com\/es\/wp-json\/wp\/v2\/comments?post=2038"}],"wp:featuredmedia":[{"embeddable":true,"href":"https:\/\/fahrerlaubnisnetz.com\/es\/wp-json\/wp\/v2\/media\/2039"}],"wp:attachment":[{"href":"https:\/\/fahrerlaubnisnetz.com\/es\/wp-json\/wp\/v2\/media?parent=2038"}],"wp:term":[{"taxonomy":"product_brand","embeddable":true,"href":"https:\/\/fahrerlaubnisnetz.com\/es\/wp-json\/wp\/v2\/product_brand?post=2038"},{"taxonomy":"product_cat","embeddable":true,"href":"https:\/\/fahrerlaubnisnetz.com\/es\/wp-json\/wp\/v2\/product_cat?post=2038"},{"taxonomy":"product_tag","embeddable":true,"href":"https:\/\/fahrerlaubnisnetz.com\/es\/wp-json\/wp\/v2\/product_tag?post=2038"}],"curies":[{"name":"wp","href":"https:\/\/api.w.org\/{rel}","templated":true}]}}