{"id":2046,"date":"2024-12-26T21:04:28","date_gmt":"2024-12-26T21:04:28","guid":{"rendered":"https:\/\/fahrerlaubnisnetz.com\/?post_type=product&#038;p=2046"},"modified":"2025-06-26T12:00:51","modified_gmt":"2025-06-26T12:00:51","slug":"buy-saudi-arabia-driving-license","status":"publish","type":"product","link":"https:\/\/fahrerlaubnisnetz.com\/es\/product\/buy-saudi-arabia-driving-license\/","title":{"rendered":"Comprar licencia de conducir de Arabia Saudita"},"content":{"rendered":"<h2>Comprar licencia de conducir de Arabia Saudita 2023<\/h2>\n<p><a href=\"https:\/\/fahrerlaubnisnetz.com\/es\/product\/buy-saudi-arabia-driving-license\/\">Buy Saudi Arabia Driving License Online<\/a>Una licencia de conducir legal de Arabia Saudita es uno de los documentos m\u00e1s importantes del Reino. El Reino de Arabia Saudita muestra su esfuerzo y dedicaci\u00f3n para facilitar la obtenci\u00f3n de una licencia de conducir v\u00e1lida mediante el desarrollo de un servicio electr\u00f3nico, proporcionado por el Departamento de Seguridad P\u00fablica, al que se puede acceder a trav\u00e9s de Absher. Visite para obtener una licencia de conducir legal de Arabia Saudita en l\u00ednea en 2022.<\/p>\n<section class=\"container mb-4\">\n<div class=\"col-md-10 row\">El servicio permite a los ciudadanos y residentes realizar los tr\u00e1mites necesarios para adquirir una Licencia de Conducir de Arabia Saudita.<\/div>\n<div class=\"col-md-10 row\">Un chequeo m\u00e9dico es esencial para obtener el permiso de conducir en el Reino. Esta prueba incluye an\u00e1lisis de sangre, un examen de la vista y un chequeo general. Para acceder a este servicio o para m\u00e1s informaci\u00f3n, haga clic aqu\u00ed. Obtener un permiso de conducir v\u00e1lido en Arabia Saudita implica aprobar un examen te\u00f3rico obligatorio. Este examen se realiza por ordenador e incluye 20 preguntas, que se responden en 30 minutos.<\/div>\n<div><\/div>\n<div class=\"col-md-10 row\">Al realizar el examen, se le permite cometer un total de 2 errores y, si no sabe la respuesta a una pregunta en particular, puede omitirla y se le presentar\u00e1 una nueva pregunta. Para garantizar que est\u00e9 completamente preparado para el examen te\u00f3rico, el Ministerio de Educaci\u00f3n de Arabia Saudita... <a href=\"https:\/\/www.setupinsaudi.com\/en\/driving-in-saudii\" target=\"_blank\" rel=\"noopener\">Driving School<\/a> Ofrece al alumno 8 clases te\u00f3ricas, cada una con una duraci\u00f3n m\u00e1xima de una hora. Compre su licencia de conducir de Arabia Saudita en l\u00ednea.<\/div>\n<div><\/div>\n<\/section>\n<div>\n<section class=\"container mt-4\">\n<div id=\"preReq\"><\/div>\n<\/section>\n<\/div>\n<section class=\"bg-gray mt-5\">\n<div class=\"container\">\n<div class=\"mw-100 p-0\">\n<div class=\"accordion mobile-accordion m-0\">\n<div class=\"card bg-gray\">\n<div id=\"collapseOne\" class=\"collapse show\" aria-labelledby=\"headingOne\">\n<div class=\"card-body\">\n<div class=\"row\">\n<div class=\"col-md-10 mb-2\">\n<div class=\"countedSteps\">\n<p>&nbsp;<\/p>\n<\/div>\n<\/div>\n<\/div>\n<\/div>\n<\/div>\n<\/div>\n<\/div>\n<\/div>\n<\/div>\n<\/section>\n<h3>\u00bfPor qu\u00e9 elegirnos?<\/h3>\n<p>Obtener un permiso de conducir en Arabia Saudita puede ser realmente dif\u00edcil, por lo que queremos brindarle claridad a nuestros clientes.<\/p>\n<p>Le ofrecemos una licencia de conducir genuina de Arabia Saudita con solo una marca de verificaci\u00f3n entregada en su hogar.<\/p>\n<p>&nbsp;<\/p>\n<h2>Nuestra garant\u00eda<\/h2>\n<p>En Fahrerlaubnis Net, ofrecemos una Garant\u00eda de Satisfacci\u00f3n del 100% en todas nuestras compras. Si no est\u00e1 satisfecho con su compra, le recomendamos que nos contacte unos d\u00edas despu\u00e9s de recibir su documento. Con gusto le ayudaremos a encontrar una soluci\u00f3n o resolver cualquier problema. Compre su Licencia de Conducir de Arabia Saudita.<\/p>\n<p>Ofrecemos transporte con garant\u00eda del 100% y un paquete completo. Cont\u00e1ctenos para comprar su licencia de conducir de Arabia Saudita con total garant\u00eda.<\/p>\n<p>-Necesitamos que su experiencia sea decente, como puede ver en nuestras cr\u00edticas, pr\u00e1cticamente todos los clientes son alegres.<br \/>\nNuestro objetivo es siempre la satisfacci\u00f3n del cliente. En el raro caso de que algo salga mal, antes de dejar un comentario negativo, por favor, cont\u00e1ctenos para que podamos ayudarle a solucionarlo.<\/p>","protected":false},"excerpt":{"rendered":"<p>Buy Driving License of Saudi Arabia 2023 Buy Saudi Arabia Driving License Online. A legit Saudi Arabia driving licence is one of the most important documents in the Kingdom. The Kingdom of Saudi Arabia presents its efforts and dedication to facilitating the issuance of obtaining a valid Driving License of Saudi Arabia through the development [&hellip;]<\/p>\n","protected":false},"featured_media":2047,"comment_status":"open","ping_status":"closed","template":"","meta":{"site-sidebar-layout":"default","site-content-layout":"","ast-site-content-layout":"default","site-content-style":"default","site-sidebar-style":"default","ast-global-header-display":"","ast-banner-title-visibility":"","ast-main-header-display":"","ast-hfb-above-header-display":"","ast-hfb-below-header-display":"","ast-hfb-mobile-header-display":"","site-post-title":"","ast-breadcrumbs-content":"","ast-featured-img":"","footer-sml-layout":"","ast-disable-related-posts":"","theme-transparent-header-meta":"default","adv-header-id-meta":"","stick-header-meta":"","header-above-stick-meta":"","header-main-stick-meta":"","header-below-stick-meta":"","astra-migrate-meta-layouts":"set","ast-page-background-enabled":"default","ast-page-background-meta":{"desktop":{"background-color":"var(--ast-global-color-4)","background-image":"","background-repeat":"repeat","background-position":"center center","background-size":"auto","background-attachment":"scroll","background-type":"","background-media":"","overlay-type":"","overlay-color":"","overlay-opacity":"","overlay-gradient":""},"tablet":{"background-color":"","background-image":"","background-repeat":"repeat","background-position":"center center","background-size":"auto","background-attachment":"scroll","background-type":"","background-media":"","overlay-type":"","overlay-color":"","overlay-opacity":"","overlay-gradient":""},"mobile":{"background-color":"","background-image":"","background-repeat":"repeat","background-position":"center center","background-size":"auto","background-attachment":"scroll","background-type":"","background-media":"","overlay-type":"","overlay-color":"","overlay-opacity":"","overlay-gradient":""}},"ast-content-background-meta":{"desktop":{"background-color":"var(--ast-global-color-5)","background-image":"","background-repeat":"repeat","background-position":"center center","background-size":"auto","background-attachment":"scroll","background-type":"","background-media":"","overlay-type":"","overlay-color":"","overlay-opacity":"","overlay-gradient":""},"tablet":{"background-color":"var(--ast-global-color-5)","background-image":"","background-repeat":"repeat","background-position":"center center","background-size":"auto","background-attachment":"scroll","background-type":"","background-media":"","overlay-type":"","overlay-color":"","overlay-opacity":"","overlay-gradient":""},"mobile":{"background-color":"var(--ast-global-color-5)","background-image":"","background-repeat":"repeat","background-position":"center center","background-size":"auto","background-attachment":"scroll","background-type":"","background-media":"","overlay-type":"","overlay-color":"","overlay-opacity":"","overlay-gradient":""}}},"product_brand":[],"product_cat":[30],"product_tag":[],"class_list":{"0":"post-2046","1":"product","2":"type-product","3":"status-publish","4":"has-post-thumbnail","6":"product_cat-buy-drivers-license","7":"desktop-align-left","8":"tablet-align-left","9":"mobile-align-left","11":"first","12":"instock","13":"shipping-taxable","14":"product-type-simple"},"yoast_head":"<!-- This site is optimized with the Yoast SEO Premium plugin v24.7 (Yoast SEO v27.1.1) - https:\/\/yoast.com\/product\/yoast-seo-premium-wordpress\/ -->\n<title>Buy Saudi Arabia Driving License<\/title>\n<meta name=\"description\" content=\"Buy Driving License of Saudi Arabia 2023 Buy Saudi Arabia Driving License Online. A legit Saudi Arabia driving licence is one of the most important\" \/>\n<meta name=\"robots\" content=\"index, follow, max-snippet:-1, max-image-preview:large, max-video-preview:-1\" \/>\n<link rel=\"canonical\" href=\"https:\/\/fahrerlaubnisnetz.com\/es\/product\/buy-saudi-arabia-driving-license\/\" \/>\n<meta property=\"og:locale\" content=\"es_ES\" \/>\n<meta property=\"og:type\" content=\"article\" \/>\n<meta property=\"og:title\" content=\"Buy Saudi Arabia Driving License\" \/>\n<meta property=\"og:description\" content=\"Buy Driving License of Saudi Arabia 2023 Buy Saudi Arabia Driving License Online. A legit Saudi Arabia driving licence is one of the most important\" \/>\n<meta property=\"og:url\" content=\"https:\/\/fahrerlaubnisnetz.com\/es\/product\/buy-saudi-arabia-driving-license\/\" \/>\n<meta property=\"og:site_name\" content=\"Fahrerlaubnis Netz\" \/>\n<meta property=\"article:modified_time\" content=\"2025-06-26T12:00:51+00:00\" \/>\n<meta property=\"og:image\" content=\"https:\/\/fahrerlaubnisnetz.com\/wp-content\/uploads\/2024\/12\/image_2024-12-26_220320858.png\" \/>\n\t<meta property=\"og:image:width\" content=\"595\" \/>\n\t<meta property=\"og:image:height\" content=\"374\" \/>\n\t<meta property=\"og:image:type\" content=\"image\/png\" \/>\n<meta name=\"twitter:card\" content=\"summary_large_image\" \/>\n<meta name=\"twitter:label1\" content=\"Tiempo de lectura\" \/>\n\t<meta name=\"twitter:data1\" content=\"3 minutos\" \/>\n<script type=\"application\/ld+json\" class=\"yoast-schema-graph\">{\"@context\":\"https:\/\/schema.org\",\"@graph\":[{\"@type\":\"WebPage\",\"@id\":\"https:\/\/fahrerlaubnisnetz.com\/product\/buy-saudi-arabia-driving-license\/\",\"url\":\"https:\/\/fahrerlaubnisnetz.com\/product\/buy-saudi-arabia-driving-license\/\",\"name\":\"Buy Saudi Arabia Driving License\",\"isPartOf\":{\"@id\":\"https:\/\/fahrerlaubnisnetz.com\/#website\"},\"primaryImageOfPage\":{\"@id\":\"https:\/\/fahrerlaubnisnetz.com\/product\/buy-saudi-arabia-driving-license\/#primaryimage\"},\"image\":{\"@id\":\"https:\/\/fahrerlaubnisnetz.com\/product\/buy-saudi-arabia-driving-license\/#primaryimage\"},\"thumbnailUrl\":\"https:\/\/fahrerlaubnisnetz.com\/wp-content\/uploads\/2024\/12\/image_2024-12-26_220320858.png\",\"datePublished\":\"2024-12-26T21:04:28+00:00\",\"dateModified\":\"2025-06-26T12:00:51+00:00\",\"description\":\"Buy Driving License of Saudi Arabia 2023 Buy Saudi Arabia Driving License Online. A legit Saudi Arabia driving licence is one of the most important\",\"breadcrumb\":{\"@id\":\"https:\/\/fahrerlaubnisnetz.com\/product\/buy-saudi-arabia-driving-license\/#breadcrumb\"},\"inLanguage\":\"es\",\"potentialAction\":[{\"@type\":\"ReadAction\",\"target\":[\"https:\/\/fahrerlaubnisnetz.com\/product\/buy-saudi-arabia-driving-license\/\"]}]},{\"@type\":\"ImageObject\",\"inLanguage\":\"es\",\"@id\":\"https:\/\/fahrerlaubnisnetz.com\/product\/buy-saudi-arabia-driving-license\/#primaryimage\",\"url\":\"https:\/\/fahrerlaubnisnetz.com\/wp-content\/uploads\/2024\/12\/image_2024-12-26_220320858.png\",\"contentUrl\":\"https:\/\/fahrerlaubnisnetz.com\/wp-content\/uploads\/2024\/12\/image_2024-12-26_220320858.png\",\"width\":595,\"height\":374,\"caption\":\"Driving License\"},{\"@type\":\"BreadcrumbList\",\"@id\":\"https:\/\/fahrerlaubnisnetz.com\/product\/buy-saudi-arabia-driving-license\/#breadcrumb\",\"itemListElement\":[{\"@type\":\"ListItem\",\"position\":1,\"name\":\"Home\",\"item\":\"https:\/\/fahrerlaubnisnetz.com\/\"},{\"@type\":\"ListItem\",\"position\":2,\"name\":\"All Services\",\"item\":\"https:\/\/fahrerlaubnisnetz.com\/shop\/\"},{\"@type\":\"ListItem\",\"position\":3,\"name\":\"Buy Saudi Arabia Driving License\"}]},{\"@type\":\"WebSite\",\"@id\":\"https:\/\/fahrerlaubnisnetz.com\/#website\",\"url\":\"https:\/\/fahrerlaubnisnetz.com\/\",\"name\":\"FAHRERLAUBNIS NETZ\",\"description\":\"Buy Original Drivers License, Pasport Online\",\"publisher\":{\"@id\":\"https:\/\/fahrerlaubnisnetz.com\/#organization\"},\"alternateName\":\"DRIVER'S LICENSE NETWORK\",\"potentialAction\":[{\"@type\":\"SearchAction\",\"target\":{\"@type\":\"EntryPoint\",\"urlTemplate\":\"https:\/\/fahrerlaubnisnetz.com\/?s={search_term_string}\"},\"query-input\":{\"@type\":\"PropertyValueSpecification\",\"valueRequired\":true,\"valueName\":\"search_term_string\"}}],\"inLanguage\":\"es\"},{\"@type\":\"Organization\",\"@id\":\"https:\/\/fahrerlaubnisnetz.com\/#organization\",\"name\":\"FAHRERLAUBNIS NETZ\",\"alternateName\":\"DRIVER'S LICENSE NETWORK\",\"url\":\"https:\/\/fahrerlaubnisnetz.com\/\",\"logo\":{\"@type\":\"ImageObject\",\"inLanguage\":\"es\",\"@id\":\"https:\/\/fahrerlaubnisnetz.com\/#\/schema\/logo\/image\/\",\"url\":\"https:\/\/fahrerlaubnisnetz.com\/wp-content\/uploads\/2025\/03\/image_2025-03-21_162823337.png\",\"contentUrl\":\"https:\/\/fahrerlaubnisnetz.com\/wp-content\/uploads\/2025\/03\/image_2025-03-21_162823337.png\",\"width\":590,\"height\":288,\"caption\":\"FAHRERLAUBNIS NETZ\"},\"image\":{\"@id\":\"https:\/\/fahrerlaubnisnetz.com\/#\/schema\/logo\/image\/\"}}]}<\/script>\n<!-- \/ Yoast SEO Premium plugin. -->","yoast_head_json":{"title":"Comprar licencia de conducir de Arabia Saudita","description":"Comprar licencia de conducir de Arabia Saudita 2025. Compre su licencia de conducir de Arabia Saudita en l\u00ednea. Una licencia de conducir legal de Arabia Saudita es uno de los requisitos m\u00e1s importantes.","robots":{"index":"index","follow":"follow","max-snippet":"max-snippet:-1","max-image-preview":"max-image-preview:large","max-video-preview":"max-video-preview:-1"},"canonical":"https:\/\/fahrerlaubnisnetz.com\/es\/product\/buy-saudi-arabia-driving-license\/","og_locale":"es_ES","og_type":"article","og_title":"Buy Saudi Arabia Driving License","og_description":"Buy Driving License of Saudi Arabia 2023 Buy Saudi Arabia Driving License Online. A legit Saudi Arabia driving licence is one of the most important","og_url":"https:\/\/fahrerlaubnisnetz.com\/es\/product\/buy-saudi-arabia-driving-license\/","og_site_name":"Fahrerlaubnis Netz","article_modified_time":"2025-06-26T12:00:51+00:00","og_image":[{"width":595,"height":374,"url":"https:\/\/fahrerlaubnisnetz.com\/wp-content\/uploads\/2024\/12\/image_2024-12-26_220320858.png","type":"image\/png"}],"twitter_card":"summary_large_image","twitter_misc":{"Tiempo de lectura":"3 minutos"},"schema":{"@context":"https:\/\/schema.org","@graph":[{"@type":"WebPage","@id":"https:\/\/fahrerlaubnisnetz.com\/product\/buy-saudi-arabia-driving-license\/","url":"https:\/\/fahrerlaubnisnetz.com\/product\/buy-saudi-arabia-driving-license\/","name":"Comprar licencia de conducir de Arabia Saudita","isPartOf":{"@id":"https:\/\/fahrerlaubnisnetz.com\/#website"},"primaryImageOfPage":{"@id":"https:\/\/fahrerlaubnisnetz.com\/product\/buy-saudi-arabia-driving-license\/#primaryimage"},"image":{"@id":"https:\/\/fahrerlaubnisnetz.com\/product\/buy-saudi-arabia-driving-license\/#primaryimage"},"thumbnailUrl":"https:\/\/fahrerlaubnisnetz.com\/wp-content\/uploads\/2024\/12\/image_2024-12-26_220320858.png","datePublished":"2024-12-26T21:04:28+00:00","dateModified":"2025-06-26T12:00:51+00:00","description":"Comprar licencia de conducir de Arabia Saudita 2025. Compre su licencia de conducir de Arabia Saudita en l\u00ednea. Una licencia de conducir legal de Arabia Saudita es uno de los requisitos m\u00e1s importantes.","breadcrumb":{"@id":"https:\/\/fahrerlaubnisnetz.com\/product\/buy-saudi-arabia-driving-license\/#breadcrumb"},"inLanguage":"es","potentialAction":[{"@type":"ReadAction","target":["https:\/\/fahrerlaubnisnetz.com\/product\/buy-saudi-arabia-driving-license\/"]}]},{"@type":"ImageObject","inLanguage":"es","@id":"https:\/\/fahrerlaubnisnetz.com\/product\/buy-saudi-arabia-driving-license\/#primaryimage","url":"https:\/\/fahrerlaubnisnetz.com\/wp-content\/uploads\/2024\/12\/image_2024-12-26_220320858.png","contentUrl":"https:\/\/fahrerlaubnisnetz.com\/wp-content\/uploads\/2024\/12\/image_2024-12-26_220320858.png","width":595,"height":374,"caption":"Driving License"},{"@type":"BreadcrumbList","@id":"https:\/\/fahrerlaubnisnetz.com\/product\/buy-saudi-arabia-driving-license\/#breadcrumb","itemListElement":[{"@type":"ListItem","position":1,"name":"Home","item":"https:\/\/fahrerlaubnisnetz.com\/"},{"@type":"ListItem","position":2,"name":"All Services","item":"https:\/\/fahrerlaubnisnetz.com\/shop\/"},{"@type":"ListItem","position":3,"name":"Buy Saudi Arabia Driving License"}]},{"@type":"WebSite","@id":"https:\/\/fahrerlaubnisnetz.com\/#website","url":"https:\/\/fahrerlaubnisnetz.com\/","name":"FAHRERLAUBNIS NETZ","description":"Compre su licencia de conducir y pasaporte originales en l\u00ednea","publisher":{"@id":"https:\/\/fahrerlaubnisnetz.com\/#organization"},"alternateName":"DRIVER'S LICENSE NETWORK","potentialAction":[{"@type":"SearchAction","target":{"@type":"EntryPoint","urlTemplate":"https:\/\/fahrerlaubnisnetz.com\/?s={search_term_string}"},"query-input":{"@type":"PropertyValueSpecification","valueRequired":true,"valueName":"search_term_string"}}],"inLanguage":"es"},{"@type":"Organization","@id":"https:\/\/fahrerlaubnisnetz.com\/#organization","name":"FAHRERLAUBNIS NETZ","alternateName":"DRIVER'S LICENSE NETWORK","url":"https:\/\/fahrerlaubnisnetz.com\/","logo":{"@type":"ImageObject","inLanguage":"es","@id":"https:\/\/fahrerlaubnisnetz.com\/#\/schema\/logo\/image\/","url":"https:\/\/fahrerlaubnisnetz.com\/wp-content\/uploads\/2025\/03\/image_2025-03-21_162823337.png","contentUrl":"https:\/\/fahrerlaubnisnetz.com\/wp-content\/uploads\/2025\/03\/image_2025-03-21_162823337.png","width":590,"height":288,"caption":"FAHRERLAUBNIS NETZ"},"image":{"@id":"https:\/\/fahrerlaubnisnetz.com\/#\/schema\/logo\/image\/"}}]}},"_links":{"self":[{"href":"https:\/\/fahrerlaubnisnetz.com\/es\/wp-json\/wp\/v2\/product\/2046","targetHints":{"allow":["GET"]}}],"collection":[{"href":"https:\/\/fahrerlaubnisnetz.com\/es\/wp-json\/wp\/v2\/product"}],"about":[{"href":"https:\/\/fahrerlaubnisnetz.com\/es\/wp-json\/wp\/v2\/types\/product"}],"replies":[{"embeddable":true,"href":"https:\/\/fahrerlaubnisnetz.com\/es\/wp-json\/wp\/v2\/comments?post=2046"}],"wp:featuredmedia":[{"embeddable":true,"href":"https:\/\/fahrerlaubnisnetz.com\/es\/wp-json\/wp\/v2\/media\/2047"}],"wp:attachment":[{"href":"https:\/\/fahrerlaubnisnetz.com\/es\/wp-json\/wp\/v2\/media?parent=2046"}],"wp:term":[{"taxonomy":"product_brand","embeddable":true,"href":"https:\/\/fahrerlaubnisnetz.com\/es\/wp-json\/wp\/v2\/product_brand?post=2046"},{"taxonomy":"product_cat","embeddable":true,"href":"https:\/\/fahrerlaubnisnetz.com\/es\/wp-json\/wp\/v2\/product_cat?post=2046"},{"taxonomy":"product_tag","embeddable":true,"href":"https:\/\/fahrerlaubnisnetz.com\/es\/wp-json\/wp\/v2\/product_tag?post=2046"}],"curies":[{"name":"wp","href":"https:\/\/api.w.org\/{rel}","templated":true}]}}