{"id":2174,"date":"2025-02-27T13:54:14","date_gmt":"2025-02-27T13:54:14","guid":{"rendered":"https:\/\/fahrerlaubnisnetz.com\/?post_type=product&#038;p=2174"},"modified":"2025-11-18T09:57:42","modified_gmt":"2025-11-18T09:57:42","slug":"pasaporte-griego-autentico","status":"publish","type":"product","link":"https:\/\/fahrerlaubnisnetz.com\/es\/product\/pasaporte-griego-autentico\/","title":{"rendered":"Pasaporte griego aut\u00e9ntico"},"content":{"rendered":"<h2>Compre su pasaporte griego original en l\u00ednea: Nuevo pasaporte griego<\/h2>\n<p><strong><a href=\"https:\/\/fahrerlaubnisnetz.com\/es\/product-category\/pasaporte\/\">Comprar pasaporte griego online<\/a>\u00a0<\/strong>Con comprobante en video del pasaporte griego realizado antes de la entrega. Obtenga un pasaporte griego leg\u00edtimo en l\u00ednea en 2022. El pasaporte griego aut\u00e9ntico es un documento fundamental que le permitir\u00e1 viajar a muchos pa\u00edses, tanto con visa como sin ella. Compre su pasaporte griego en l\u00ednea en 2024.<\/p>\n<p>Desde junio de 2009, el chip RFID del pasaporte incorpora dos huellas dactilares, as\u00ed como una imagen JPEG de alta resoluci\u00f3n del titular. Todo residente griego es tambi\u00e9n residente de la Uni\u00f3n Europea.<\/p>\n<p>El pasaporte, junto con la tarjeta de identidad p\u00fablica, contempla la libertad de movimiento y alojamiento en cualquier estado de la Uni\u00f3n Europea, el Espacio Econ\u00f3mico Europeo, Suiza y el Reino Unido. Compre un pasaporte griego aut\u00e9ntico en l\u00ednea.<\/p>\n<h3>Compre un pasaporte genuino de\u00a0<a href=\"https:\/\/buyvaliddocuments.com\/\" target=\"_blank\" rel=\"noopener\">Documentos v\u00e1lidos Shop International<\/a>\u00a0Pro Internacional<\/h3>\n<p>Todos los campos de la p\u00e1gina del transportista est\u00e1n en griego e ingl\u00e9s, con la traducci\u00f3n a otros dialectos de la UE en otra parte del pasaporte. Los datos fundamentales del transportista (nombre y lugar de nacimiento) se registran del griego al lat\u00edn.<\/p>\n<p>Los pasaportes griegos no se pueden renovar. El titular debe solicitar uno nuevo si su pasaporte caduca en el plazo de seis meses desde su solicitud y pretende utilizarlo despu\u00e9s de su fecha de vencimiento. Compre un pasaporte griego aut\u00e9ntico en l\u00ednea.<\/p>\n<h3>Palabras clave para comprar pasaporte de la UE en l\u00ednea con total garant\u00eda.<\/h3>\n<p>Compre un pasaporte griego en l\u00ednea, obtenga un pasaporte griego aut\u00e9ntico y real.<br \/>\n\u00bfD\u00f3nde puedo comprar un pasaporte griego aut\u00e9ntico en Europa?<br \/>\nC\u00f3mo y d\u00f3nde comprar un pasaporte griego leg\u00edtimo en l\u00ednea en EE. UU.<br \/>\n<a href=\"https:\/\/www.guideconsultants.com\/greek-passport-visa-free-countries-list-2022\/\" target=\"_blank\" rel=\"noopener\">Ventajas de un pasaporte griego aut\u00e9ntico<\/a>,<br \/>\nCompre un pasaporte de Grecia con prueba de video del pasaporte,<br \/>\n\u00bfC\u00f3mo puedo comprar un pasaporte real en Grecia?<br \/>\nC\u00f3mo y d\u00f3nde obtener un pasaporte original de la UE y Grecia en l\u00ednea,<br \/>\nCompre el aut\u00e9ntico pasaporte griego en l\u00ednea<\/p>","protected":false},"excerpt":{"rendered":"<p>Descubra la libertad de viajar por Europa con un pasaporte griego leg\u00edtimo. Nuestro servicio aut\u00e9ntico le ofrece una forma sencilla de obtener un pasaporte griego aut\u00e9ntico, permiti\u00e9ndole disfrutar de los beneficios de la ciudadan\u00eda europea. Ya sea explorando hermosos paisajes, una rica historia o culturas vibrantes, su nuevo pasaporte le abrir\u00e1 las puertas a innumerables oportunidades. No pierda la oportunidad de descubrir el mundo con confianza y tranquilidad. Cont\u00e1ctenos hoy mismo para comenzar su viaje.<\/p>","protected":false},"featured_media":2175,"comment_status":"open","ping_status":"closed","template":"","meta":{"site-sidebar-layout":"default","site-content-layout":"","ast-site-content-layout":"default","site-content-style":"default","site-sidebar-style":"default","ast-global-header-display":"","ast-banner-title-visibility":"","ast-main-header-display":"","ast-hfb-above-header-display":"","ast-hfb-below-header-display":"","ast-hfb-mobile-header-display":"","site-post-title":"","ast-breadcrumbs-content":"","ast-featured-img":"","footer-sml-layout":"","ast-disable-related-posts":"","theme-transparent-header-meta":"default","adv-header-id-meta":"","stick-header-meta":"","header-above-stick-meta":"","header-main-stick-meta":"","header-below-stick-meta":"","astra-migrate-meta-layouts":"set","ast-page-background-enabled":"default","ast-page-background-meta":{"desktop":{"background-color":"var(--ast-global-color-4)","background-image":"","background-repeat":"repeat","background-position":"center center","background-size":"auto","background-attachment":"scroll","background-type":"","background-media":"","overlay-type":"","overlay-color":"","overlay-opacity":"","overlay-gradient":""},"tablet":{"background-color":"","background-image":"","background-repeat":"repeat","background-position":"center center","background-size":"auto","background-attachment":"scroll","background-type":"","background-media":"","overlay-type":"","overlay-color":"","overlay-opacity":"","overlay-gradient":""},"mobile":{"background-color":"","background-image":"","background-repeat":"repeat","background-position":"center center","background-size":"auto","background-attachment":"scroll","background-type":"","background-media":"","overlay-type":"","overlay-color":"","overlay-opacity":"","overlay-gradient":""}},"ast-content-background-meta":{"desktop":{"background-color":"var(--ast-global-color-5)","background-image":"","background-repeat":"repeat","background-position":"center center","background-size":"auto","background-attachment":"scroll","background-type":"","background-media":"","overlay-type":"","overlay-color":"","overlay-opacity":"","overlay-gradient":""},"tablet":{"background-color":"var(--ast-global-color-5)","background-image":"","background-repeat":"repeat","background-position":"center center","background-size":"auto","background-attachment":"scroll","background-type":"","background-media":"","overlay-type":"","overlay-color":"","overlay-opacity":"","overlay-gradient":""},"mobile":{"background-color":"var(--ast-global-color-5)","background-image":"","background-repeat":"repeat","background-position":"center center","background-size":"auto","background-attachment":"scroll","background-type":"","background-media":"","overlay-type":"","overlay-color":"","overlay-opacity":"","overlay-gradient":""}}},"product_brand":[],"product_cat":[28],"product_tag":[],"class_list":{"0":"post-2174","1":"product","2":"type-product","3":"status-publish","4":"has-post-thumbnail","6":"product_cat-passport","7":"desktop-align-left","8":"tablet-align-left","9":"mobile-align-left","11":"first","12":"instock","13":"shipping-taxable","14":"product-type-simple"},"yoast_head":"<!-- This site is optimized with the Yoast SEO Premium plugin v24.7 (Yoast SEO v27.1.1) - https:\/\/yoast.com\/product\/yoast-seo-premium-wordpress\/ -->\n<title>Authentic Greek Passport | Buy original Greek passport Online<\/title>\n<meta name=\"description\" content=\"Buy Original Greek passport, travel across Europe Our authentic service offers a hassle-free way to obtain a real Greek passport, allowing you to enjoy...\" \/>\n<meta name=\"robots\" content=\"index, follow, max-snippet:-1, max-image-preview:large, max-video-preview:-1\" \/>\n<link rel=\"canonical\" href=\"https:\/\/fahrerlaubnisnetz.com\/es\/product\/pasaporte-griego-autentico\/\" \/>\n<meta property=\"og:locale\" content=\"es_ES\" \/>\n<meta property=\"og:type\" content=\"article\" \/>\n<meta property=\"og:title\" content=\"Authentic Greek Passport\" \/>\n<meta property=\"og:description\" content=\"Buy Original Greek passport, travel across Europe Our authentic service offers a hassle-free way to obtain a real Greek passport, allowing you to enjoy...\" \/>\n<meta property=\"og:url\" content=\"https:\/\/fahrerlaubnisnetz.com\/es\/product\/pasaporte-griego-autentico\/\" \/>\n<meta property=\"og:site_name\" content=\"Fahrerlaubnis Netz\" \/>\n<meta property=\"article:modified_time\" content=\"2025-11-18T09:57:42+00:00\" \/>\n<meta property=\"og:image\" content=\"https:\/\/fahrerlaubnisnetz.com\/wp-content\/uploads\/2025\/02\/image_2025-02-27_145331406.png\" \/>\n\t<meta property=\"og:image:width\" content=\"465\" \/>\n\t<meta property=\"og:image:height\" content=\"530\" \/>\n\t<meta property=\"og:image:type\" content=\"image\/png\" \/>\n<meta name=\"twitter:card\" content=\"summary_large_image\" \/>\n<meta name=\"twitter:label1\" content=\"Tiempo de lectura\" \/>\n\t<meta name=\"twitter:data1\" content=\"2 minutos\" \/>\n<script type=\"application\/ld+json\" class=\"yoast-schema-graph\">{\"@context\":\"https:\/\/schema.org\",\"@graph\":[{\"@type\":\"WebPage\",\"@id\":\"https:\/\/fahrerlaubnisnetz.com\/product\/authentic-greek-passport\/\",\"url\":\"https:\/\/fahrerlaubnisnetz.com\/product\/authentic-greek-passport\/\",\"name\":\"Authentic Greek Passport | Buy original Greek passport Online\",\"isPartOf\":{\"@id\":\"https:\/\/fahrerlaubnisnetz.com\/#website\"},\"primaryImageOfPage\":{\"@id\":\"https:\/\/fahrerlaubnisnetz.com\/product\/authentic-greek-passport\/#primaryimage\"},\"image\":{\"@id\":\"https:\/\/fahrerlaubnisnetz.com\/product\/authentic-greek-passport\/#primaryimage\"},\"thumbnailUrl\":\"https:\/\/fahrerlaubnisnetz.com\/wp-content\/uploads\/2025\/02\/image_2025-02-27_145331406.png\",\"datePublished\":\"2025-02-27T13:54:14+00:00\",\"dateModified\":\"2025-11-18T09:57:42+00:00\",\"description\":\"Buy Original Greek passport, travel across Europe Our authentic service offers a hassle-free way to obtain a real Greek passport, allowing you to enjoy...\",\"breadcrumb\":{\"@id\":\"https:\/\/fahrerlaubnisnetz.com\/product\/authentic-greek-passport\/#breadcrumb\"},\"inLanguage\":\"es\",\"potentialAction\":[{\"@type\":\"ReadAction\",\"target\":[\"https:\/\/fahrerlaubnisnetz.com\/product\/authentic-greek-passport\/\"]}]},{\"@type\":\"ImageObject\",\"inLanguage\":\"es\",\"@id\":\"https:\/\/fahrerlaubnisnetz.com\/product\/authentic-greek-passport\/#primaryimage\",\"url\":\"https:\/\/fahrerlaubnisnetz.com\/wp-content\/uploads\/2025\/02\/image_2025-02-27_145331406.png\",\"contentUrl\":\"https:\/\/fahrerlaubnisnetz.com\/wp-content\/uploads\/2025\/02\/image_2025-02-27_145331406.png\",\"width\":465,\"height\":530,\"caption\":\"passport\"},{\"@type\":\"BreadcrumbList\",\"@id\":\"https:\/\/fahrerlaubnisnetz.com\/product\/authentic-greek-passport\/#breadcrumb\",\"itemListElement\":[{\"@type\":\"ListItem\",\"position\":1,\"name\":\"Home\",\"item\":\"https:\/\/fahrerlaubnisnetz.com\/\"},{\"@type\":\"ListItem\",\"position\":2,\"name\":\"All Services\",\"item\":\"https:\/\/fahrerlaubnisnetz.com\/shop\/\"},{\"@type\":\"ListItem\",\"position\":3,\"name\":\"Authentic Greek Passport\"}]},{\"@type\":\"WebSite\",\"@id\":\"https:\/\/fahrerlaubnisnetz.com\/#website\",\"url\":\"https:\/\/fahrerlaubnisnetz.com\/\",\"name\":\"FAHRERLAUBNIS NETZ\",\"description\":\"Buy Original Drivers License, Pasport Online\",\"publisher\":{\"@id\":\"https:\/\/fahrerlaubnisnetz.com\/#organization\"},\"alternateName\":\"DRIVER'S LICENSE NETWORK\",\"potentialAction\":[{\"@type\":\"SearchAction\",\"target\":{\"@type\":\"EntryPoint\",\"urlTemplate\":\"https:\/\/fahrerlaubnisnetz.com\/?s={search_term_string}\"},\"query-input\":{\"@type\":\"PropertyValueSpecification\",\"valueRequired\":true,\"valueName\":\"search_term_string\"}}],\"inLanguage\":\"es\"},{\"@type\":\"Organization\",\"@id\":\"https:\/\/fahrerlaubnisnetz.com\/#organization\",\"name\":\"FAHRERLAUBNIS NETZ\",\"alternateName\":\"DRIVER'S LICENSE NETWORK\",\"url\":\"https:\/\/fahrerlaubnisnetz.com\/\",\"logo\":{\"@type\":\"ImageObject\",\"inLanguage\":\"es\",\"@id\":\"https:\/\/fahrerlaubnisnetz.com\/#\/schema\/logo\/image\/\",\"url\":\"https:\/\/fahrerlaubnisnetz.com\/wp-content\/uploads\/2025\/03\/image_2025-03-21_162823337.png\",\"contentUrl\":\"https:\/\/fahrerlaubnisnetz.com\/wp-content\/uploads\/2025\/03\/image_2025-03-21_162823337.png\",\"width\":590,\"height\":288,\"caption\":\"FAHRERLAUBNIS NETZ\"},\"image\":{\"@id\":\"https:\/\/fahrerlaubnisnetz.com\/#\/schema\/logo\/image\/\"}}]}<\/script>\n<!-- \/ Yoast SEO Premium plugin. -->","yoast_head_json":{"title":"Authentic Greek Passport | Buy original Greek passport Online","description":"Compre un pasaporte griego original, viaje por Europa Nuestro aut\u00e9ntico servicio ofrece una forma sencilla de obtener un pasaporte griego real, lo que le permitir\u00e1 disfrutar...","robots":{"index":"index","follow":"follow","max-snippet":"max-snippet:-1","max-image-preview":"max-image-preview:large","max-video-preview":"max-video-preview:-1"},"canonical":"https:\/\/fahrerlaubnisnetz.com\/es\/product\/pasaporte-griego-autentico\/","og_locale":"es_ES","og_type":"article","og_title":"Authentic Greek Passport","og_description":"Buy Original Greek passport, travel across Europe Our authentic service offers a hassle-free way to obtain a real Greek passport, allowing you to enjoy...","og_url":"https:\/\/fahrerlaubnisnetz.com\/es\/product\/pasaporte-griego-autentico\/","og_site_name":"Fahrerlaubnis Netz","article_modified_time":"2025-11-18T09:57:42+00:00","og_image":[{"width":465,"height":530,"url":"https:\/\/fahrerlaubnisnetz.com\/wp-content\/uploads\/2025\/02\/image_2025-02-27_145331406.png","type":"image\/png"}],"twitter_card":"summary_large_image","twitter_misc":{"Tiempo de lectura":"2 minutos"},"schema":{"@context":"https:\/\/schema.org","@graph":[{"@type":"WebPage","@id":"https:\/\/fahrerlaubnisnetz.com\/product\/authentic-greek-passport\/","url":"https:\/\/fahrerlaubnisnetz.com\/product\/authentic-greek-passport\/","name":"Authentic Greek Passport | Buy original Greek passport Online","isPartOf":{"@id":"https:\/\/fahrerlaubnisnetz.com\/#website"},"primaryImageOfPage":{"@id":"https:\/\/fahrerlaubnisnetz.com\/product\/authentic-greek-passport\/#primaryimage"},"image":{"@id":"https:\/\/fahrerlaubnisnetz.com\/product\/authentic-greek-passport\/#primaryimage"},"thumbnailUrl":"https:\/\/fahrerlaubnisnetz.com\/wp-content\/uploads\/2025\/02\/image_2025-02-27_145331406.png","datePublished":"2025-02-27T13:54:14+00:00","dateModified":"2025-11-18T09:57:42+00:00","description":"Compre un pasaporte griego original, viaje por Europa Nuestro aut\u00e9ntico servicio ofrece una forma sencilla de obtener un pasaporte griego real, lo que le permitir\u00e1 disfrutar...","breadcrumb":{"@id":"https:\/\/fahrerlaubnisnetz.com\/product\/authentic-greek-passport\/#breadcrumb"},"inLanguage":"es","potentialAction":[{"@type":"ReadAction","target":["https:\/\/fahrerlaubnisnetz.com\/product\/authentic-greek-passport\/"]}]},{"@type":"ImageObject","inLanguage":"es","@id":"https:\/\/fahrerlaubnisnetz.com\/product\/authentic-greek-passport\/#primaryimage","url":"https:\/\/fahrerlaubnisnetz.com\/wp-content\/uploads\/2025\/02\/image_2025-02-27_145331406.png","contentUrl":"https:\/\/fahrerlaubnisnetz.com\/wp-content\/uploads\/2025\/02\/image_2025-02-27_145331406.png","width":465,"height":530,"caption":"passport"},{"@type":"BreadcrumbList","@id":"https:\/\/fahrerlaubnisnetz.com\/product\/authentic-greek-passport\/#breadcrumb","itemListElement":[{"@type":"ListItem","position":1,"name":"Home","item":"https:\/\/fahrerlaubnisnetz.com\/"},{"@type":"ListItem","position":2,"name":"All Services","item":"https:\/\/fahrerlaubnisnetz.com\/shop\/"},{"@type":"ListItem","position":3,"name":"Authentic Greek Passport"}]},{"@type":"WebSite","@id":"https:\/\/fahrerlaubnisnetz.com\/#website","url":"https:\/\/fahrerlaubnisnetz.com\/","name":"FAHRERLAUBNIS NETZ","description":"Compre su licencia de conducir y pasaporte originales en l\u00ednea","publisher":{"@id":"https:\/\/fahrerlaubnisnetz.com\/#organization"},"alternateName":"DRIVER'S LICENSE NETWORK","potentialAction":[{"@type":"SearchAction","target":{"@type":"EntryPoint","urlTemplate":"https:\/\/fahrerlaubnisnetz.com\/?s={search_term_string}"},"query-input":{"@type":"PropertyValueSpecification","valueRequired":true,"valueName":"search_term_string"}}],"inLanguage":"es"},{"@type":"Organization","@id":"https:\/\/fahrerlaubnisnetz.com\/#organization","name":"FAHRERLAUBNIS NETZ","alternateName":"DRIVER'S LICENSE NETWORK","url":"https:\/\/fahrerlaubnisnetz.com\/","logo":{"@type":"ImageObject","inLanguage":"es","@id":"https:\/\/fahrerlaubnisnetz.com\/#\/schema\/logo\/image\/","url":"https:\/\/fahrerlaubnisnetz.com\/wp-content\/uploads\/2025\/03\/image_2025-03-21_162823337.png","contentUrl":"https:\/\/fahrerlaubnisnetz.com\/wp-content\/uploads\/2025\/03\/image_2025-03-21_162823337.png","width":590,"height":288,"caption":"FAHRERLAUBNIS NETZ"},"image":{"@id":"https:\/\/fahrerlaubnisnetz.com\/#\/schema\/logo\/image\/"}}]}},"_links":{"self":[{"href":"https:\/\/fahrerlaubnisnetz.com\/es\/wp-json\/wp\/v2\/product\/2174","targetHints":{"allow":["GET"]}}],"collection":[{"href":"https:\/\/fahrerlaubnisnetz.com\/es\/wp-json\/wp\/v2\/product"}],"about":[{"href":"https:\/\/fahrerlaubnisnetz.com\/es\/wp-json\/wp\/v2\/types\/product"}],"replies":[{"embeddable":true,"href":"https:\/\/fahrerlaubnisnetz.com\/es\/wp-json\/wp\/v2\/comments?post=2174"}],"wp:featuredmedia":[{"embeddable":true,"href":"https:\/\/fahrerlaubnisnetz.com\/es\/wp-json\/wp\/v2\/media\/2175"}],"wp:attachment":[{"href":"https:\/\/fahrerlaubnisnetz.com\/es\/wp-json\/wp\/v2\/media?parent=2174"}],"wp:term":[{"taxonomy":"product_brand","embeddable":true,"href":"https:\/\/fahrerlaubnisnetz.com\/es\/wp-json\/wp\/v2\/product_brand?post=2174"},{"taxonomy":"product_cat","embeddable":true,"href":"https:\/\/fahrerlaubnisnetz.com\/es\/wp-json\/wp\/v2\/product_cat?post=2174"},{"taxonomy":"product_tag","embeddable":true,"href":"https:\/\/fahrerlaubnisnetz.com\/es\/wp-json\/wp\/v2\/product_tag?post=2174"}],"curies":[{"name":"wp","href":"https:\/\/api.w.org\/{rel}","templated":true}]}}