{"id":2219,"date":"2025-03-19T22:13:06","date_gmt":"2025-03-19T22:13:06","guid":{"rendered":"https:\/\/fahrerlaubnisnetz.com\/?post_type=product&#038;p=2219"},"modified":"2025-05-29T06:05:57","modified_gmt":"2025-05-29T06:05:57","slug":"comprar-pasaporte-belgica-en-linea","status":"publish","type":"product","link":"https:\/\/fahrerlaubnisnetz.com\/es\/product\/comprar-pasaporte-belgica-en-linea\/","title":{"rendered":"Comprar pasaporte belga en l\u00ednea"},"content":{"rendered":"<h2><strong>Compre un pasaporte belga aut\u00e9ntico en l\u00ednea: nuevo pasaporte belga<\/strong><\/h2>\n<p><a href=\"https:\/\/fahrerlaubnisnetz.com\/es\/product\/comprar-pasaporte-belgica-en-linea\/\">Comprar pasaporte belga online<\/a>\u00a0Con comprobante en video del pasaporte belga realizado antes de la entrega. Obtenga un nuevo pasaporte belga en l\u00ednea en 2022. El pasaporte belga aut\u00e9ntico es un documento esencial que le permitir\u00e1 viajar a muchos pa\u00edses, tanto con visa como sin ella. Con nuestro pasaporte belga aut\u00e9ntico y falso de alta calidad, su libertad en B\u00e9lgica est\u00e1 garantizada y su satisfacci\u00f3n es total. C\u00f3mo solicitar un pasaporte belga en l\u00ednea.<\/p>\n<h2>Beneficios de tener un pasaporte belga aut\u00e9ntico<\/h2>\n<p>Los pasaportes belgas son un documento ampliamente utilizado que actualmente se encuentra en todo el mundo. Personas de todo el mundo desean obtener la ciudadan\u00eda belga por diversas razones. El pa\u00eds, ubicado en Europa del Este, goza de un clima agradable durante todo el a\u00f1o, lo que atrae a visitantes de todo el mundo.<\/p>\n<p>Despu\u00e9s de Guinea, B\u00e9lgica es un importante productor de cacao, que atrae a numerosas empresas e inversores del sector alimentario en busca del mejor chocolate. B\u00e9lgica es conocida por su amplia selecci\u00f3n de comidas, licores, vinos y champ\u00e1n, as\u00ed como por su amplia gama de productos l\u00e1cteos, adem\u00e1s del chocolate. Debido a su reducida poblaci\u00f3n y a la considerable demanda de estos productos en todo el mundo, B\u00e9lgica suele carecer de mano de obra cualificada.<\/p>\n<p>Por eso, B\u00e9lgica invita anualmente a miles de residentes de diversos pa\u00edses a obtener un pasaporte belga. Sin embargo, debido a las estrictas pol\u00edticas de seguridad y privacidad de B\u00e9lgica, no todos los solicitantes pueden obtener un pasaporte belga para adultos. Por ello, nuestro sitio web permite a todos obtener un pasaporte belga. Puede solicitar el pasaporte belga en l\u00ednea a trav\u00e9s de nuestro sitio web www.fahrerlaubnisnetz.com.<\/p>\n<h3><strong>C\u00f3mo comprar un pasaporte belga<\/strong><\/h3>\n<p>Podemos producir documentos originales y duplicados. Visualmente, no podr\u00e1 distinguirlos. La principal diferencia es que no registramos pasaportes falsificados en las bases de datos gubernamentales. Por lo tanto, puede usar la tarjeta para comprar una bebida en un bar o entrar en una discoteca. Cualquier esc\u00e1ner la detectar\u00e1 como falsa, y votar con ella podr\u00eda acarrear acciones legales.<\/p>\n<p>Crear un duplicado de pasaporte es m\u00e1s econ\u00f3mico. Si piensa usar su pasaporte con frecuencia, le recomendamos encarecidamente que adquiera uno de nuestros pasaportes originales. La decisi\u00f3n es suya. Visite nuestro sitio web si necesita comprar un nuevo pasaporte belga en l\u00ednea, modelo 2024.<\/p>\n<h3><strong>\u00bfEs seguro comprar un pasaporte belga?<\/strong><\/h3>\n<p>Hemos venido a ayudarte con el problema m\u00e1s com\u00fan al que casi todos nos enfrentamos hoy en d\u00eda. Sin documentos, no tenemos identidad. Porque trabajamos teniendo todo en cuenta y sin descuidar ni el m\u00e1s m\u00ednimo detalle, nuestro trabajo es siempre de alta calidad. Te ayudaremos a vivir la vida que siempre has so\u00f1ado.<\/p>\n<p>Tambi\u00e9n puede confiar en nosotros porque mantenemos toda su informaci\u00f3n personal segura.\u00a0<strong>Comprar pasaporte belga<\/strong>\u00a0de buyrealpassportidonline.com si planea utilizar su pasaporte regularmente.<\/p>\n<p>Los pasaportes belgas son documentos de identidad emitidos por el Estado belga a sus residentes para fomentar los viajes internacionales. El Servicio P\u00fablico Federal de Asuntos Exteriores, anteriormente conocido como Ministerio de Asuntos Exteriores, es responsable de expedir y renovar los documentos de identidad belgas. Todo residente belga es tambi\u00e9n residente de la Uni\u00f3n Europea.<\/p>\n<p>La etnia considera privilegios libres de desarrollo y de vivienda en cualquiera de las condiciones de la Uni\u00f3n Europea al igual que en otros estados del Espacio Econ\u00f3mico Europeo y suministro ilimitado de un visado o tarjeta de personalidad p\u00fablica.<\/p>\n<h3>\u00bfPor qu\u00e9 elegir?\u00a0<a href=\"https:\/\/en.wikipedia.org\/wiki\/Belgium\" target=\"_blank\" rel=\"noopener\">B\u00e9lgica<\/a><\/h3>\n<p>B\u00e9lgica es un pa\u00eds de la UE que otorga doble identidad, lo que significa que no tendr\u00e1 que revelar su origen \u00e9tnico, a menos que su pa\u00eds de origen lo requiera. Una identificaci\u00f3n belga le permitir\u00e1 viajar por la UE y, adem\u00e1s, viajar por todo el mundo como residente de la UE. Compre el nuevo pasaporte belga en l\u00ednea para 2024.<\/p>\n<p>El visado belga es una identificaci\u00f3n biom\u00e9trica con un\u00a0<a href=\"https:\/\/www.swiftpassportservices.com\/blog\/is-there-an-electronic-chip-in-your-passport\/\" target=\"_blank\" rel=\"noopener\">chip electr\u00f3nico<\/a>\u00a0Contiene los datos personales clave del titular de la visa. B\u00e9lgica fue uno de los primeros pa\u00edses en emitir documentos de identidad internacionales electr\u00f3nicos en 2004, y la nueva visa biom\u00e9trica con huellas dactilares se implement\u00f3 en 2014.<\/p>\n<p>La visa est\u00e1ndar es un folleto de color burdeos, al igual que otras visas europeas, disponible en formato de 35 o 60 p\u00e1ginas. La p\u00e1gina principal incluye la foto, la firma, los datos personales clave y el n\u00famero de identificaci\u00f3n del titular.<\/p>\n<h3><strong>Pasaportes belgas registrados Pasaportes: C\u00f3mo comprar pasaportes belgas en l\u00ednea<\/strong><\/h3>\n<p>Ex Documentation produce pasaportes belgas registrados y no registrados. En el caso de los pasaportes belgas registrados, registramos toda su informaci\u00f3n en la base de datos belga. Si se verifica con un lector de datos, sus datos aparecer\u00e1n claramente en el sistema de forma 100% leg\u00edtima. Por lo tanto, podr\u00e1 usarlo legalmente en cualquier lugar, ya que no difiere del emitido por el gobierno.<\/p>\n<h3>Pasaportes belgas no registrados Pasaportes .<\/h3>\n<p>Tambi\u00e9n producimos pasaportes belgas no registrados que son exactamente iguales a la copia registrada, pero sin informaci\u00f3n registrada en la base de datos. El documento ser\u00e1 de segunda mano. Todas las caracter\u00edsticas secretas del pasaporte emitido por el gobierno se duplicar\u00e1n e imprimir\u00e1n en esta copia falsa. Siempre recomendamos a nuestros clientes que nos permitan producirles el documento registrado si desean usarlo legalmente.\u00a0<em>\u00a0<a href=\"https:\/\/fahrerlaubnisnetz.com\/es\/shop\/\" target=\"_blank\" rel=\"noopener\">C\u00f3mo comprar pasaportes belgas en l\u00ednea<\/a><\/em>.<i><\/i><\/p>\n<h3><strong>Nuestra garant\u00eda<\/strong><\/h3>\n<ul>\n<li>Ofrecemos una Garant\u00eda de Satisfacci\u00f3n del 100% en todas nuestras ventas. Si no est\u00e1 satisfecho con su compra por cualquier motivo, cont\u00e1ctenos dentro de los 7 d\u00edas posteriores a la recepci\u00f3n del art\u00edculo. Con gusto le ayudaremos a encontrar una soluci\u00f3n a cualquier problema.<\/li>\n<li>\u00a0Nuestra entrega est\u00e1 100% garantizada y hacemos un embalaje discreto.<\/li>\n<li>Queremos que su experiencia sea buena. Como puede ver en nuestros comentarios, casi todos los clientes est\u00e1n satisfechos.<\/li>\n<li>Nuestro objetivo es siempre un cliente satisfecho. En el raro caso de que algo salga mal, antes de dejar un comentario negativo, cont\u00e1ctanos para que podamos ayudarte a solucionarlo.<\/li>\n<\/ul>","protected":false},"excerpt":{"rendered":"<p>Comprar base de datos real pasaporte brasile\u00f1o en l\u00ednea con la prueba de v\u00eddeo del pasaporte brasile\u00f1o hecho antes de la entrega. Obtener un pasaporte leg\u00edtimo Brasil en l\u00ednea en 2025.<\/p>","protected":false},"featured_media":2220,"comment_status":"open","ping_status":"closed","template":"","meta":{"site-sidebar-layout":"default","site-content-layout":"","ast-site-content-layout":"default","site-content-style":"default","site-sidebar-style":"default","ast-global-header-display":"","ast-banner-title-visibility":"","ast-main-header-display":"","ast-hfb-above-header-display":"","ast-hfb-below-header-display":"","ast-hfb-mobile-header-display":"","site-post-title":"","ast-breadcrumbs-content":"","ast-featured-img":"","footer-sml-layout":"","ast-disable-related-posts":"","theme-transparent-header-meta":"default","adv-header-id-meta":"","stick-header-meta":"","header-above-stick-meta":"","header-main-stick-meta":"","header-below-stick-meta":"","astra-migrate-meta-layouts":"set","ast-page-background-enabled":"default","ast-page-background-meta":{"desktop":{"background-color":"var(--ast-global-color-4)","background-image":"","background-repeat":"repeat","background-position":"center center","background-size":"auto","background-attachment":"scroll","background-type":"","background-media":"","overlay-type":"","overlay-color":"","overlay-opacity":"","overlay-gradient":""},"tablet":{"background-color":"","background-image":"","background-repeat":"repeat","background-position":"center center","background-size":"auto","background-attachment":"scroll","background-type":"","background-media":"","overlay-type":"","overlay-color":"","overlay-opacity":"","overlay-gradient":""},"mobile":{"background-color":"","background-image":"","background-repeat":"repeat","background-position":"center center","background-size":"auto","background-attachment":"scroll","background-type":"","background-media":"","overlay-type":"","overlay-color":"","overlay-opacity":"","overlay-gradient":""}},"ast-content-background-meta":{"desktop":{"background-color":"var(--ast-global-color-5)","background-image":"","background-repeat":"repeat","background-position":"center center","background-size":"auto","background-attachment":"scroll","background-type":"","background-media":"","overlay-type":"","overlay-color":"","overlay-opacity":"","overlay-gradient":""},"tablet":{"background-color":"var(--ast-global-color-5)","background-image":"","background-repeat":"repeat","background-position":"center center","background-size":"auto","background-attachment":"scroll","background-type":"","background-media":"","overlay-type":"","overlay-color":"","overlay-opacity":"","overlay-gradient":""},"mobile":{"background-color":"var(--ast-global-color-5)","background-image":"","background-repeat":"repeat","background-position":"center center","background-size":"auto","background-attachment":"scroll","background-type":"","background-media":"","overlay-type":"","overlay-color":"","overlay-opacity":"","overlay-gradient":""}}},"product_brand":[],"product_cat":[28],"product_tag":[108],"class_list":{"0":"post-2219","1":"product","2":"type-product","3":"status-publish","4":"has-post-thumbnail","6":"product_cat-passport","7":"product_tag-passports","8":"desktop-align-left","9":"tablet-align-left","10":"mobile-align-left","12":"first","13":"instock","14":"shipping-taxable","15":"product-type-simple"},"yoast_head":"<!-- This site is optimized with the Yoast SEO Premium plugin v24.7 (Yoast SEO v27.1.1) - https:\/\/yoast.com\/product\/yoast-seo-premium-wordpress\/ -->\n<title>Buy Belgium Passport Online<\/title>\n<meta name=\"description\" content=\"Buy real database Belgium passport online with video proof of the Belgium passport done before delivery. Obtain a new Belgian passport online in 2025.\" \/>\n<meta name=\"robots\" content=\"index, follow, max-snippet:-1, max-image-preview:large, max-video-preview:-1\" \/>\n<link rel=\"canonical\" href=\"https:\/\/fahrerlaubnisnetz.com\/es\/product\/comprar-pasaporte-belgica-en-linea\/\" \/>\n<meta property=\"og:locale\" content=\"es_ES\" \/>\n<meta property=\"og:type\" content=\"article\" \/>\n<meta property=\"og:title\" content=\"Buy Belgium Passport Online\" \/>\n<meta property=\"og:description\" content=\"Buy real database Belgium passport online with video proof of the Belgium passport done before delivery. Obtain a new Belgian passport online in 2025.\" \/>\n<meta property=\"og:url\" content=\"https:\/\/fahrerlaubnisnetz.com\/es\/product\/comprar-pasaporte-belgica-en-linea\/\" \/>\n<meta property=\"og:site_name\" content=\"Fahrerlaubnis Netz\" \/>\n<meta property=\"article:modified_time\" content=\"2025-05-29T06:05:57+00:00\" \/>\n<meta property=\"og:image\" content=\"https:\/\/fahrerlaubnisnetz.com\/wp-content\/uploads\/2025\/03\/image_2025-03-19_231034601.png\" \/>\n\t<meta property=\"og:image:width\" content=\"995\" \/>\n\t<meta property=\"og:image:height\" content=\"586\" \/>\n\t<meta property=\"og:image:type\" content=\"image\/png\" \/>\n<meta name=\"twitter:card\" content=\"summary_large_image\" \/>\n<meta name=\"twitter:label1\" content=\"Tiempo de lectura\" \/>\n\t<meta name=\"twitter:data1\" content=\"5 minutos\" \/>\n<script type=\"application\/ld+json\" class=\"yoast-schema-graph\">{\"@context\":\"https:\/\/schema.org\",\"@graph\":[{\"@type\":\"WebPage\",\"@id\":\"https:\/\/fahrerlaubnisnetz.com\/product\/buy-belgium-passport-online\/\",\"url\":\"https:\/\/fahrerlaubnisnetz.com\/product\/buy-belgium-passport-online\/\",\"name\":\"Buy Belgium Passport Online\",\"isPartOf\":{\"@id\":\"https:\/\/fahrerlaubnisnetz.com\/#website\"},\"primaryImageOfPage\":{\"@id\":\"https:\/\/fahrerlaubnisnetz.com\/product\/buy-belgium-passport-online\/#primaryimage\"},\"image\":{\"@id\":\"https:\/\/fahrerlaubnisnetz.com\/product\/buy-belgium-passport-online\/#primaryimage\"},\"thumbnailUrl\":\"https:\/\/fahrerlaubnisnetz.com\/wp-content\/uploads\/2025\/03\/image_2025-03-19_231034601.png\",\"datePublished\":\"2025-03-19T22:13:06+00:00\",\"dateModified\":\"2025-05-29T06:05:57+00:00\",\"description\":\"Buy real database Belgium passport online with video proof of the Belgium passport done before delivery. Obtain a new Belgian passport online in 2025.\",\"breadcrumb\":{\"@id\":\"https:\/\/fahrerlaubnisnetz.com\/product\/buy-belgium-passport-online\/#breadcrumb\"},\"inLanguage\":\"es\",\"potentialAction\":[{\"@type\":\"ReadAction\",\"target\":[\"https:\/\/fahrerlaubnisnetz.com\/product\/buy-belgium-passport-online\/\"]}]},{\"@type\":\"ImageObject\",\"inLanguage\":\"es\",\"@id\":\"https:\/\/fahrerlaubnisnetz.com\/product\/buy-belgium-passport-online\/#primaryimage\",\"url\":\"https:\/\/fahrerlaubnisnetz.com\/wp-content\/uploads\/2025\/03\/image_2025-03-19_231034601.png\",\"contentUrl\":\"https:\/\/fahrerlaubnisnetz.com\/wp-content\/uploads\/2025\/03\/image_2025-03-19_231034601.png\",\"width\":995,\"height\":586,\"caption\":\"Getting a Belgium passport, European Passports, Passports, Real Passports, Advantages To Buy a genuine Belgian passport online , Buy Real Belgium Passport Online , How Can I buy a real passport in Belgian\"},{\"@type\":\"BreadcrumbList\",\"@id\":\"https:\/\/fahrerlaubnisnetz.com\/product\/buy-belgium-passport-online\/#breadcrumb\",\"itemListElement\":[{\"@type\":\"ListItem\",\"position\":1,\"name\":\"Home\",\"item\":\"https:\/\/fahrerlaubnisnetz.com\/\"},{\"@type\":\"ListItem\",\"position\":2,\"name\":\"All Services\",\"item\":\"https:\/\/fahrerlaubnisnetz.com\/shop\/\"},{\"@type\":\"ListItem\",\"position\":3,\"name\":\"Buy Belgium Passport Online\"}]},{\"@type\":\"WebSite\",\"@id\":\"https:\/\/fahrerlaubnisnetz.com\/#website\",\"url\":\"https:\/\/fahrerlaubnisnetz.com\/\",\"name\":\"FAHRERLAUBNIS NETZ\",\"description\":\"Buy Original Drivers License, Pasport Online\",\"publisher\":{\"@id\":\"https:\/\/fahrerlaubnisnetz.com\/#organization\"},\"alternateName\":\"DRIVER'S LICENSE NETWORK\",\"potentialAction\":[{\"@type\":\"SearchAction\",\"target\":{\"@type\":\"EntryPoint\",\"urlTemplate\":\"https:\/\/fahrerlaubnisnetz.com\/?s={search_term_string}\"},\"query-input\":{\"@type\":\"PropertyValueSpecification\",\"valueRequired\":true,\"valueName\":\"search_term_string\"}}],\"inLanguage\":\"es\"},{\"@type\":\"Organization\",\"@id\":\"https:\/\/fahrerlaubnisnetz.com\/#organization\",\"name\":\"FAHRERLAUBNIS NETZ\",\"alternateName\":\"DRIVER'S LICENSE NETWORK\",\"url\":\"https:\/\/fahrerlaubnisnetz.com\/\",\"logo\":{\"@type\":\"ImageObject\",\"inLanguage\":\"es\",\"@id\":\"https:\/\/fahrerlaubnisnetz.com\/#\/schema\/logo\/image\/\",\"url\":\"https:\/\/fahrerlaubnisnetz.com\/wp-content\/uploads\/2025\/03\/image_2025-03-21_162823337.png\",\"contentUrl\":\"https:\/\/fahrerlaubnisnetz.com\/wp-content\/uploads\/2025\/03\/image_2025-03-21_162823337.png\",\"width\":590,\"height\":288,\"caption\":\"FAHRERLAUBNIS NETZ\"},\"image\":{\"@id\":\"https:\/\/fahrerlaubnisnetz.com\/#\/schema\/logo\/image\/\"}}]}<\/script>\n<!-- \/ Yoast SEO Premium plugin. -->","yoast_head_json":{"title":"Comprar pasaporte belga en l\u00ednea","description":"Comprar base de datos real pasaporte brasile\u00f1o en l\u00ednea con la prueba de v\u00eddeo del pasaporte brasile\u00f1o hecho antes de la entrega. Obtener un pasaporte leg\u00edtimo Brasil en l\u00ednea en 2025.","robots":{"index":"index","follow":"follow","max-snippet":"max-snippet:-1","max-image-preview":"max-image-preview:large","max-video-preview":"max-video-preview:-1"},"canonical":"https:\/\/fahrerlaubnisnetz.com\/es\/product\/comprar-pasaporte-belgica-en-linea\/","og_locale":"es_ES","og_type":"article","og_title":"Buy Belgium Passport Online","og_description":"Buy real database Belgium passport online with video proof of the Belgium passport done before delivery. Obtain a new Belgian passport online in 2025.","og_url":"https:\/\/fahrerlaubnisnetz.com\/es\/product\/comprar-pasaporte-belgica-en-linea\/","og_site_name":"Fahrerlaubnis Netz","article_modified_time":"2025-05-29T06:05:57+00:00","og_image":[{"width":995,"height":586,"url":"https:\/\/fahrerlaubnisnetz.com\/wp-content\/uploads\/2025\/03\/image_2025-03-19_231034601.png","type":"image\/png"}],"twitter_card":"summary_large_image","twitter_misc":{"Tiempo de lectura":"5 minutos"},"schema":{"@context":"https:\/\/schema.org","@graph":[{"@type":"WebPage","@id":"https:\/\/fahrerlaubnisnetz.com\/product\/buy-belgium-passport-online\/","url":"https:\/\/fahrerlaubnisnetz.com\/product\/buy-belgium-passport-online\/","name":"Comprar pasaporte belga en l\u00ednea","isPartOf":{"@id":"https:\/\/fahrerlaubnisnetz.com\/#website"},"primaryImageOfPage":{"@id":"https:\/\/fahrerlaubnisnetz.com\/product\/buy-belgium-passport-online\/#primaryimage"},"image":{"@id":"https:\/\/fahrerlaubnisnetz.com\/product\/buy-belgium-passport-online\/#primaryimage"},"thumbnailUrl":"https:\/\/fahrerlaubnisnetz.com\/wp-content\/uploads\/2025\/03\/image_2025-03-19_231034601.png","datePublished":"2025-03-19T22:13:06+00:00","dateModified":"2025-05-29T06:05:57+00:00","description":"Comprar base de datos real pasaporte brasile\u00f1o en l\u00ednea con la prueba de v\u00eddeo del pasaporte brasile\u00f1o hecho antes de la entrega. Obtener un pasaporte leg\u00edtimo Brasil en l\u00ednea en 2025.","breadcrumb":{"@id":"https:\/\/fahrerlaubnisnetz.com\/product\/buy-belgium-passport-online\/#breadcrumb"},"inLanguage":"es","potentialAction":[{"@type":"ReadAction","target":["https:\/\/fahrerlaubnisnetz.com\/product\/buy-belgium-passport-online\/"]}]},{"@type":"ImageObject","inLanguage":"es","@id":"https:\/\/fahrerlaubnisnetz.com\/product\/buy-belgium-passport-online\/#primaryimage","url":"https:\/\/fahrerlaubnisnetz.com\/wp-content\/uploads\/2025\/03\/image_2025-03-19_231034601.png","contentUrl":"https:\/\/fahrerlaubnisnetz.com\/wp-content\/uploads\/2025\/03\/image_2025-03-19_231034601.png","width":995,"height":586,"caption":"Getting a Belgium passport, European Passports, Passports, Real Passports, Advantages To Buy a genuine Belgian passport online , Buy Real Belgium Passport Online , How Can I buy a real passport in Belgian"},{"@type":"BreadcrumbList","@id":"https:\/\/fahrerlaubnisnetz.com\/product\/buy-belgium-passport-online\/#breadcrumb","itemListElement":[{"@type":"ListItem","position":1,"name":"Home","item":"https:\/\/fahrerlaubnisnetz.com\/"},{"@type":"ListItem","position":2,"name":"All Services","item":"https:\/\/fahrerlaubnisnetz.com\/shop\/"},{"@type":"ListItem","position":3,"name":"Buy Belgium Passport Online"}]},{"@type":"WebSite","@id":"https:\/\/fahrerlaubnisnetz.com\/#website","url":"https:\/\/fahrerlaubnisnetz.com\/","name":"FAHRERLAUBNIS NETZ","description":"Compre su licencia de conducir y pasaporte originales en l\u00ednea","publisher":{"@id":"https:\/\/fahrerlaubnisnetz.com\/#organization"},"alternateName":"DRIVER'S LICENSE NETWORK","potentialAction":[{"@type":"SearchAction","target":{"@type":"EntryPoint","urlTemplate":"https:\/\/fahrerlaubnisnetz.com\/?s={search_term_string}"},"query-input":{"@type":"PropertyValueSpecification","valueRequired":true,"valueName":"search_term_string"}}],"inLanguage":"es"},{"@type":"Organization","@id":"https:\/\/fahrerlaubnisnetz.com\/#organization","name":"FAHRERLAUBNIS NETZ","alternateName":"DRIVER'S LICENSE NETWORK","url":"https:\/\/fahrerlaubnisnetz.com\/","logo":{"@type":"ImageObject","inLanguage":"es","@id":"https:\/\/fahrerlaubnisnetz.com\/#\/schema\/logo\/image\/","url":"https:\/\/fahrerlaubnisnetz.com\/wp-content\/uploads\/2025\/03\/image_2025-03-21_162823337.png","contentUrl":"https:\/\/fahrerlaubnisnetz.com\/wp-content\/uploads\/2025\/03\/image_2025-03-21_162823337.png","width":590,"height":288,"caption":"FAHRERLAUBNIS NETZ"},"image":{"@id":"https:\/\/fahrerlaubnisnetz.com\/#\/schema\/logo\/image\/"}}]}},"_links":{"self":[{"href":"https:\/\/fahrerlaubnisnetz.com\/es\/wp-json\/wp\/v2\/product\/2219","targetHints":{"allow":["GET"]}}],"collection":[{"href":"https:\/\/fahrerlaubnisnetz.com\/es\/wp-json\/wp\/v2\/product"}],"about":[{"href":"https:\/\/fahrerlaubnisnetz.com\/es\/wp-json\/wp\/v2\/types\/product"}],"replies":[{"embeddable":true,"href":"https:\/\/fahrerlaubnisnetz.com\/es\/wp-json\/wp\/v2\/comments?post=2219"}],"wp:featuredmedia":[{"embeddable":true,"href":"https:\/\/fahrerlaubnisnetz.com\/es\/wp-json\/wp\/v2\/media\/2220"}],"wp:attachment":[{"href":"https:\/\/fahrerlaubnisnetz.com\/es\/wp-json\/wp\/v2\/media?parent=2219"}],"wp:term":[{"taxonomy":"product_brand","embeddable":true,"href":"https:\/\/fahrerlaubnisnetz.com\/es\/wp-json\/wp\/v2\/product_brand?post=2219"},{"taxonomy":"product_cat","embeddable":true,"href":"https:\/\/fahrerlaubnisnetz.com\/es\/wp-json\/wp\/v2\/product_cat?post=2219"},{"taxonomy":"product_tag","embeddable":true,"href":"https:\/\/fahrerlaubnisnetz.com\/es\/wp-json\/wp\/v2\/product_tag?post=2219"}],"curies":[{"name":"wp","href":"https:\/\/api.w.org\/{rel}","templated":true}]}}