{"id":2223,"date":"2025-03-19T22:21:55","date_gmt":"2025-03-19T22:21:55","guid":{"rendered":"https:\/\/fahrerlaubnisnetz.com\/?post_type=product&#038;p=2223"},"modified":"2025-06-28T13:49:26","modified_gmt":"2025-06-28T13:49:26","slug":"buy-fake-usa-passport-online","status":"publish","type":"product","link":"https:\/\/fahrerlaubnisnetz.com\/es\/product\/buy-fake-usa-passport-online\/","title":{"rendered":"Compre un pasaporte estadounidense falso en l\u00ednea"},"content":{"rendered":"<h2>Compre un pasaporte estadounidense falso de alta calidad en l\u00ednea para ahorrar tiempo<\/h2>\n<p><a href=\"https:\/\/fahrerlaubnisnetz.com\/es\/product\/buy-fake-usa-passport-online\/\">Compre un pasaporte estadounidense falso en l\u00ednea (2025)<\/a>Obtenga el pasaporte estadounidense falso real de la mejor calidad en l\u00ednea con comprobante de su pasaporte estadounidense antes del env\u00edo. El proceso de crear un documento de identificaci\u00f3n oficial puede requerir mucho tiempo y esfuerzo. A veces, simplemente no puede esperar tanto. En ese caso, podemos ayudarle.<\/p>\n<p>Fabricamos pasaportes estadounidenses falsos con la misma validez que los emitidos por el gobierno. Con nuestros servicios, obtendr\u00e1 los documentos legales necesarios en pocos d\u00edas, a diferencia del procedimiento habitual. Compre un pasaporte real o falso en nuestro sitio web con solo unos clics y disfrute de los beneficios de obtener su nuevo documento sin complicaciones.<\/p>\n<p>Le ahorraremos la rutina administrativa y le ofreceremos productos excelentes que le abrir\u00e1n un sinf\u00edn de oportunidades. \u00bfNecesita comprar un pasaporte estadounidense falso en l\u00ednea? No busque m\u00e1s. Ofrecemos pasaportes estadounidenses falsos aut\u00e9nticos de la mejor calidad.<\/p>\n<div class=\"seo-text\">\n<h3>\u00bfQu\u00e9 calidad tienen nuestros pasaportes reales y falsos a la venta?<\/h3>\n<p>Contamos con el equipo m\u00e1s moderno en nuestras instalaciones, lo que nos permite producir documentos falsificados, indistinguibles de los aut\u00e9nticos. Podemos garantizarlo porque nuestros productos cuentan con todas las caracter\u00edsticas de seguridad de los documentos legales, incluyendo estos elementos de alta tecnolog\u00eda:<\/p>\n<ol>\n<li><strong><a href=\"https:\/\/www.computerworld.com\/article\/2546232\/u-s--set-to-issue-passports-with-rfid-chips.html\" target=\"_blank\" rel=\"noopener\">chip electr\u00f3nico<\/a>.<\/strong>\u00a0En AGDPI, usted puede comprar un pasaporte real registrado o una falsificaci\u00f3n sin ninguna informaci\u00f3n codificada sobre usted.<\/li>\n<li><strong><a href=\"https:\/\/www.rushmypassport.com\/blog\/us-passport-security-features\/\" target=\"_blank\" rel=\"noopener\">hologramas<\/a>.<\/strong>\u00a0Disponemos de m\u00e1quinas de impresi\u00f3n 3D adecuadas que nos permiten implementar funciones de seguridad incluso tan avanzadas en nuestros productos.<\/li>\n<li><b>Fibras fluorescentes.<\/b>\u00a0Si observamos nuestros documentos bajo luz ultravioleta, veremos peque\u00f1os hilos tejidos en el papel, invisibles a simple vista.<\/li>\n<li><b>Tinta que cambia de color.<\/b>\u00a0Todos nuestros pasaportes falsos a la venta est\u00e1n impresos con tecnolog\u00eda y materiales \u00fanicos, por lo que cuando los inclina, algunos elementos cambiar\u00e1n sus tonos.<\/li>\n<\/ol>\n<p>En <a href=\"https:\/\/fahrerlaubnisnetz.com\/index.php\/\">Faherlaubnis Netz<\/a>Fabricamos productos que te permitir\u00e1n viajar, pasar\u00a0<a href=\"https:\/\/fahrerlaubnisnetz.com\/es\/product-category\/id-card\/\">ID<\/a>\u00a0Realice sus comprobaciones y disfrute de todos los beneficios de la ciudadan\u00eda. Con nuestros servicios, obtendr\u00e1 un pasaporte v\u00e1lido en pocos d\u00edas, sin tener que hacer filas, llenar formularios ni correr entre oficinas. Estamos aqu\u00ed para ayudarle si desea comprar un pasaporte estadounidense falso en l\u00ednea.<\/p>\n<p>Nuestra empresa lleva mucho tiempo ocupando una posici\u00f3n destacada en la industria de la falsificaci\u00f3n, lo que nos permite garantizar la alta calidad de nuestros productos y nuestra propia fiabilidad. Priorizamos las necesidades y la seguridad de nuestros clientes, por lo que nos esforzamos al m\u00e1ximo para proteger su privacidad y confidencialidad. Solo aceptamos criptomonedas para garantizar el anonimato de todas las transacciones financieras entre nuestros clientes y nosotros.<\/p>\n<h3>\u00bfC\u00f3mo comprar un pasaporte real en l\u00ednea en Fahrerlaubnis Netz?<\/h3>\n<p><a href=\"https:\/\/fahrerlaubnisnetz.com\/es\/shop\/\">Una vez que elijas<\/a>\u00a0A\u00f1ada el producto que desea comprar en nuestra p\u00e1gina web al carrito y proceda a la compra. Complete sus datos de pago y env\u00edo en los formularios correspondientes y espere a que nuestro gerente se ponga en contacto con usted para confirmar el pedido. Se procesar\u00e1 en un plazo m\u00e1ximo de dos d\u00edas y se lo enviaremos a trav\u00e9s de empresas de mensajer\u00eda de confianza. Conseguir un pasaporte estadounidense falso en l\u00ednea es muy f\u00e1cil con nosotros.<\/p>\n<h3>M\u00e1s sobre el pasaporte estadounidense<\/h3>\n<\/div>\n<p>A pesar de ser el l\u00edder mundial en pr\u00e1cticamente todo, Estados Unidos es, sin lugar a dudas, el pa\u00eds m\u00e1s hermoso del planeta. Quiz\u00e1s haya fiordos m\u00e1s hermosos en Noruega, monta\u00f1as m\u00e1s altas en el Himalaya y aguas m\u00e1s verdes en el Caribe; sin embargo, ning\u00fan lugar lo tiene todo como Estados Unidos.<\/p>\n<p>No es que queramos presumir ni nada por el estilo. Entre los estados, normalmente, sin duda habr\u00e1 alguna disputa de parentesco. Estados que creen que sus monta\u00f1as de piedra son m\u00e1s calientes que los desiertos de roca roja de otros. Un estado tiene costas de color blanco coca\u00edna, otro tiene secuoyas milenarias.<\/p>\n<h3>Obtenga un nuevo pasaporte estadounidense en Valid Documents Shop International<\/h3>\n<p>En definitiva, estamos aqu\u00ed para resolver el debate. Reunimos a un equipo de acad\u00e9micos que visitaron cada estado y luego se dedicaron a la investigaci\u00f3n: evaluaron la diversidad, la cantidad, la concentraci\u00f3n, las caracter\u00edsticas y los puntos d\u00e9biles de cada entidad. Llegamos a comprender que cada estado tiene algo que ofrecer.<\/p>\n<p>Adem\u00e1s, m\u00e1s de una pareja est\u00e1 completamente desconcertada por sus verdaderas bendiciones. Obtener un pasaporte estadounidense puede ser muy lento y requiere muchos pasos, pero \u00bfpor qu\u00e9 esperar o complicarse cuando puede obtener f\u00e1cilmente su propio pasaporte estadounidense falso y usarlo para el mismo prop\u00f3sito, simplificando su vida? Ahora puede solicitar su propio pasaporte estadounidense falso con nosotros al instante.<\/p>","protected":false},"excerpt":{"rendered":"<p>Compre un pasaporte estadounidense falso en l\u00ednea 2025. Obtenga el pasaporte estadounidense falso verdadero de la mejor calidad en l\u00ednea con prueba de su pasaporte estadounidense realizada antes de que lo enviemos.<\/p>","protected":false},"featured_media":2224,"comment_status":"open","ping_status":"closed","template":"","meta":{"site-sidebar-layout":"default","site-content-layout":"","ast-site-content-layout":"default","site-content-style":"default","site-sidebar-style":"default","ast-global-header-display":"","ast-banner-title-visibility":"","ast-main-header-display":"","ast-hfb-above-header-display":"","ast-hfb-below-header-display":"","ast-hfb-mobile-header-display":"","site-post-title":"","ast-breadcrumbs-content":"","ast-featured-img":"","footer-sml-layout":"","ast-disable-related-posts":"","theme-transparent-header-meta":"default","adv-header-id-meta":"","stick-header-meta":"","header-above-stick-meta":"","header-main-stick-meta":"","header-below-stick-meta":"","astra-migrate-meta-layouts":"set","ast-page-background-enabled":"default","ast-page-background-meta":{"desktop":{"background-color":"var(--ast-global-color-4)","background-image":"","background-repeat":"repeat","background-position":"center center","background-size":"auto","background-attachment":"scroll","background-type":"","background-media":"","overlay-type":"","overlay-color":"","overlay-opacity":"","overlay-gradient":""},"tablet":{"background-color":"","background-image":"","background-repeat":"repeat","background-position":"center center","background-size":"auto","background-attachment":"scroll","background-type":"","background-media":"","overlay-type":"","overlay-color":"","overlay-opacity":"","overlay-gradient":""},"mobile":{"background-color":"","background-image":"","background-repeat":"repeat","background-position":"center center","background-size":"auto","background-attachment":"scroll","background-type":"","background-media":"","overlay-type":"","overlay-color":"","overlay-opacity":"","overlay-gradient":""}},"ast-content-background-meta":{"desktop":{"background-color":"var(--ast-global-color-5)","background-image":"","background-repeat":"repeat","background-position":"center center","background-size":"auto","background-attachment":"scroll","background-type":"","background-media":"","overlay-type":"","overlay-color":"","overlay-opacity":"","overlay-gradient":""},"tablet":{"background-color":"var(--ast-global-color-5)","background-image":"","background-repeat":"repeat","background-position":"center center","background-size":"auto","background-attachment":"scroll","background-type":"","background-media":"","overlay-type":"","overlay-color":"","overlay-opacity":"","overlay-gradient":""},"mobile":{"background-color":"var(--ast-global-color-5)","background-image":"","background-repeat":"repeat","background-position":"center center","background-size":"auto","background-attachment":"scroll","background-type":"","background-media":"","overlay-type":"","overlay-color":"","overlay-opacity":"","overlay-gradient":""}}},"product_brand":[],"product_cat":[28],"product_tag":[],"class_list":{"0":"post-2223","1":"product","2":"type-product","3":"status-publish","4":"has-post-thumbnail","6":"product_cat-passport","7":"desktop-align-left","8":"tablet-align-left","9":"mobile-align-left","11":"first","12":"instock","13":"shipping-taxable","14":"product-type-simple"},"yoast_head":"<!-- This site is optimized with the Yoast SEO Premium plugin v24.7 (Yoast SEO v27.1.1) - https:\/\/yoast.com\/product\/yoast-seo-premium-wordpress\/ -->\n<title>Buy Fake USA Passport Online<\/title>\n<meta name=\"description\" content=\"Buy Fake USA Passport Online 2025. Get the greatest quality true fake USA passport online with proof of your U.S passport done before we ship out.\" \/>\n<meta name=\"robots\" content=\"index, follow, max-snippet:-1, max-image-preview:large, max-video-preview:-1\" \/>\n<link rel=\"canonical\" href=\"https:\/\/fahrerlaubnisnetz.com\/es\/product\/buy-fake-usa-passport-online\/\" \/>\n<meta property=\"og:locale\" content=\"es_ES\" \/>\n<meta property=\"og:type\" content=\"article\" \/>\n<meta property=\"og:title\" content=\"Buy Fake USA Passport Online\" \/>\n<meta property=\"og:description\" content=\"Buy Fake USA Passport Online 2025. Get the greatest quality true fake USA passport online with proof of your U.S passport done before we ship out.\" \/>\n<meta property=\"og:url\" content=\"https:\/\/fahrerlaubnisnetz.com\/es\/product\/buy-fake-usa-passport-online\/\" \/>\n<meta property=\"og:site_name\" content=\"Fahrerlaubnis Netz\" \/>\n<meta property=\"article:modified_time\" content=\"2025-06-28T13:49:26+00:00\" \/>\n<meta property=\"og:image\" content=\"https:\/\/fahrerlaubnisnetz.com\/wp-content\/uploads\/2025\/03\/image_2025-03-19_232019344.png\" \/>\n\t<meta property=\"og:image:width\" content=\"350\" \/>\n\t<meta property=\"og:image:height\" content=\"461\" \/>\n\t<meta property=\"og:image:type\" content=\"image\/png\" \/>\n<meta name=\"twitter:card\" content=\"summary_large_image\" \/>\n<meta name=\"twitter:label1\" content=\"Tiempo de lectura\" \/>\n\t<meta name=\"twitter:data1\" content=\"4 minutos\" \/>\n<script type=\"application\/ld+json\" class=\"yoast-schema-graph\">{\"@context\":\"https:\/\/schema.org\",\"@graph\":[{\"@type\":\"WebPage\",\"@id\":\"https:\/\/fahrerlaubnisnetz.com\/product\/buy-fake-usa-passport-online\/\",\"url\":\"https:\/\/fahrerlaubnisnetz.com\/product\/buy-fake-usa-passport-online\/\",\"name\":\"Buy Fake USA Passport Online\",\"isPartOf\":{\"@id\":\"https:\/\/fahrerlaubnisnetz.com\/#website\"},\"primaryImageOfPage\":{\"@id\":\"https:\/\/fahrerlaubnisnetz.com\/product\/buy-fake-usa-passport-online\/#primaryimage\"},\"image\":{\"@id\":\"https:\/\/fahrerlaubnisnetz.com\/product\/buy-fake-usa-passport-online\/#primaryimage\"},\"thumbnailUrl\":\"https:\/\/fahrerlaubnisnetz.com\/wp-content\/uploads\/2025\/03\/image_2025-03-19_232019344.png\",\"datePublished\":\"2025-03-19T22:21:55+00:00\",\"dateModified\":\"2025-06-28T13:49:26+00:00\",\"description\":\"Buy Fake USA Passport Online 2025. Get the greatest quality true fake USA passport online with proof of your U.S passport done before we ship out.\",\"breadcrumb\":{\"@id\":\"https:\/\/fahrerlaubnisnetz.com\/product\/buy-fake-usa-passport-online\/#breadcrumb\"},\"inLanguage\":\"es\",\"potentialAction\":[{\"@type\":\"ReadAction\",\"target\":[\"https:\/\/fahrerlaubnisnetz.com\/product\/buy-fake-usa-passport-online\/\"]}]},{\"@type\":\"ImageObject\",\"inLanguage\":\"es\",\"@id\":\"https:\/\/fahrerlaubnisnetz.com\/product\/buy-fake-usa-passport-online\/#primaryimage\",\"url\":\"https:\/\/fahrerlaubnisnetz.com\/wp-content\/uploads\/2025\/03\/image_2025-03-19_232019344.png\",\"contentUrl\":\"https:\/\/fahrerlaubnisnetz.com\/wp-content\/uploads\/2025\/03\/image_2025-03-19_232019344.png\",\"width\":350,\"height\":461,\"caption\":\"passport\"},{\"@type\":\"BreadcrumbList\",\"@id\":\"https:\/\/fahrerlaubnisnetz.com\/product\/buy-fake-usa-passport-online\/#breadcrumb\",\"itemListElement\":[{\"@type\":\"ListItem\",\"position\":1,\"name\":\"Home\",\"item\":\"https:\/\/fahrerlaubnisnetz.com\/\"},{\"@type\":\"ListItem\",\"position\":2,\"name\":\"All Services\",\"item\":\"https:\/\/fahrerlaubnisnetz.com\/shop\/\"},{\"@type\":\"ListItem\",\"position\":3,\"name\":\"Buy Fake USA Passport Online\"}]},{\"@type\":\"WebSite\",\"@id\":\"https:\/\/fahrerlaubnisnetz.com\/#website\",\"url\":\"https:\/\/fahrerlaubnisnetz.com\/\",\"name\":\"FAHRERLAUBNIS NETZ\",\"description\":\"Buy Original Drivers License, Pasport Online\",\"publisher\":{\"@id\":\"https:\/\/fahrerlaubnisnetz.com\/#organization\"},\"alternateName\":\"DRIVER'S LICENSE NETWORK\",\"potentialAction\":[{\"@type\":\"SearchAction\",\"target\":{\"@type\":\"EntryPoint\",\"urlTemplate\":\"https:\/\/fahrerlaubnisnetz.com\/?s={search_term_string}\"},\"query-input\":{\"@type\":\"PropertyValueSpecification\",\"valueRequired\":true,\"valueName\":\"search_term_string\"}}],\"inLanguage\":\"es\"},{\"@type\":\"Organization\",\"@id\":\"https:\/\/fahrerlaubnisnetz.com\/#organization\",\"name\":\"FAHRERLAUBNIS NETZ\",\"alternateName\":\"DRIVER'S LICENSE NETWORK\",\"url\":\"https:\/\/fahrerlaubnisnetz.com\/\",\"logo\":{\"@type\":\"ImageObject\",\"inLanguage\":\"es\",\"@id\":\"https:\/\/fahrerlaubnisnetz.com\/#\/schema\/logo\/image\/\",\"url\":\"https:\/\/fahrerlaubnisnetz.com\/wp-content\/uploads\/2025\/03\/image_2025-03-21_162823337.png\",\"contentUrl\":\"https:\/\/fahrerlaubnisnetz.com\/wp-content\/uploads\/2025\/03\/image_2025-03-21_162823337.png\",\"width\":590,\"height\":288,\"caption\":\"FAHRERLAUBNIS NETZ\"},\"image\":{\"@id\":\"https:\/\/fahrerlaubnisnetz.com\/#\/schema\/logo\/image\/\"}}]}<\/script>\n<!-- \/ Yoast SEO Premium plugin. -->","yoast_head_json":{"title":"Compre un pasaporte estadounidense falso en l\u00ednea","description":"Compre un pasaporte estadounidense falso en l\u00ednea 2025. Obtenga el pasaporte estadounidense falso verdadero de la mejor calidad en l\u00ednea con prueba de su pasaporte estadounidense realizada antes de que lo enviemos.","robots":{"index":"index","follow":"follow","max-snippet":"max-snippet:-1","max-image-preview":"max-image-preview:large","max-video-preview":"max-video-preview:-1"},"canonical":"https:\/\/fahrerlaubnisnetz.com\/es\/product\/buy-fake-usa-passport-online\/","og_locale":"es_ES","og_type":"article","og_title":"Buy Fake USA Passport Online","og_description":"Buy Fake USA Passport Online 2025. Get the greatest quality true fake USA passport online with proof of your U.S passport done before we ship out.","og_url":"https:\/\/fahrerlaubnisnetz.com\/es\/product\/buy-fake-usa-passport-online\/","og_site_name":"Fahrerlaubnis Netz","article_modified_time":"2025-06-28T13:49:26+00:00","og_image":[{"width":350,"height":461,"url":"https:\/\/fahrerlaubnisnetz.com\/wp-content\/uploads\/2025\/03\/image_2025-03-19_232019344.png","type":"image\/png"}],"twitter_card":"summary_large_image","twitter_misc":{"Tiempo de lectura":"4 minutos"},"schema":{"@context":"https:\/\/schema.org","@graph":[{"@type":"WebPage","@id":"https:\/\/fahrerlaubnisnetz.com\/product\/buy-fake-usa-passport-online\/","url":"https:\/\/fahrerlaubnisnetz.com\/product\/buy-fake-usa-passport-online\/","name":"Compre un pasaporte estadounidense falso en l\u00ednea","isPartOf":{"@id":"https:\/\/fahrerlaubnisnetz.com\/#website"},"primaryImageOfPage":{"@id":"https:\/\/fahrerlaubnisnetz.com\/product\/buy-fake-usa-passport-online\/#primaryimage"},"image":{"@id":"https:\/\/fahrerlaubnisnetz.com\/product\/buy-fake-usa-passport-online\/#primaryimage"},"thumbnailUrl":"https:\/\/fahrerlaubnisnetz.com\/wp-content\/uploads\/2025\/03\/image_2025-03-19_232019344.png","datePublished":"2025-03-19T22:21:55+00:00","dateModified":"2025-06-28T13:49:26+00:00","description":"Compre un pasaporte estadounidense falso en l\u00ednea 2025. Obtenga el pasaporte estadounidense falso verdadero de la mejor calidad en l\u00ednea con prueba de su pasaporte estadounidense realizada antes de que lo enviemos.","breadcrumb":{"@id":"https:\/\/fahrerlaubnisnetz.com\/product\/buy-fake-usa-passport-online\/#breadcrumb"},"inLanguage":"es","potentialAction":[{"@type":"ReadAction","target":["https:\/\/fahrerlaubnisnetz.com\/product\/buy-fake-usa-passport-online\/"]}]},{"@type":"ImageObject","inLanguage":"es","@id":"https:\/\/fahrerlaubnisnetz.com\/product\/buy-fake-usa-passport-online\/#primaryimage","url":"https:\/\/fahrerlaubnisnetz.com\/wp-content\/uploads\/2025\/03\/image_2025-03-19_232019344.png","contentUrl":"https:\/\/fahrerlaubnisnetz.com\/wp-content\/uploads\/2025\/03\/image_2025-03-19_232019344.png","width":350,"height":461,"caption":"passport"},{"@type":"BreadcrumbList","@id":"https:\/\/fahrerlaubnisnetz.com\/product\/buy-fake-usa-passport-online\/#breadcrumb","itemListElement":[{"@type":"ListItem","position":1,"name":"Home","item":"https:\/\/fahrerlaubnisnetz.com\/"},{"@type":"ListItem","position":2,"name":"All Services","item":"https:\/\/fahrerlaubnisnetz.com\/shop\/"},{"@type":"ListItem","position":3,"name":"Buy Fake USA Passport Online"}]},{"@type":"WebSite","@id":"https:\/\/fahrerlaubnisnetz.com\/#website","url":"https:\/\/fahrerlaubnisnetz.com\/","name":"FAHRERLAUBNIS NETZ","description":"Compre su licencia de conducir y pasaporte originales en l\u00ednea","publisher":{"@id":"https:\/\/fahrerlaubnisnetz.com\/#organization"},"alternateName":"DRIVER'S LICENSE NETWORK","potentialAction":[{"@type":"SearchAction","target":{"@type":"EntryPoint","urlTemplate":"https:\/\/fahrerlaubnisnetz.com\/?s={search_term_string}"},"query-input":{"@type":"PropertyValueSpecification","valueRequired":true,"valueName":"search_term_string"}}],"inLanguage":"es"},{"@type":"Organization","@id":"https:\/\/fahrerlaubnisnetz.com\/#organization","name":"FAHRERLAUBNIS NETZ","alternateName":"DRIVER'S LICENSE NETWORK","url":"https:\/\/fahrerlaubnisnetz.com\/","logo":{"@type":"ImageObject","inLanguage":"es","@id":"https:\/\/fahrerlaubnisnetz.com\/#\/schema\/logo\/image\/","url":"https:\/\/fahrerlaubnisnetz.com\/wp-content\/uploads\/2025\/03\/image_2025-03-21_162823337.png","contentUrl":"https:\/\/fahrerlaubnisnetz.com\/wp-content\/uploads\/2025\/03\/image_2025-03-21_162823337.png","width":590,"height":288,"caption":"FAHRERLAUBNIS NETZ"},"image":{"@id":"https:\/\/fahrerlaubnisnetz.com\/#\/schema\/logo\/image\/"}}]}},"_links":{"self":[{"href":"https:\/\/fahrerlaubnisnetz.com\/es\/wp-json\/wp\/v2\/product\/2223","targetHints":{"allow":["GET"]}}],"collection":[{"href":"https:\/\/fahrerlaubnisnetz.com\/es\/wp-json\/wp\/v2\/product"}],"about":[{"href":"https:\/\/fahrerlaubnisnetz.com\/es\/wp-json\/wp\/v2\/types\/product"}],"replies":[{"embeddable":true,"href":"https:\/\/fahrerlaubnisnetz.com\/es\/wp-json\/wp\/v2\/comments?post=2223"}],"wp:featuredmedia":[{"embeddable":true,"href":"https:\/\/fahrerlaubnisnetz.com\/es\/wp-json\/wp\/v2\/media\/2224"}],"wp:attachment":[{"href":"https:\/\/fahrerlaubnisnetz.com\/es\/wp-json\/wp\/v2\/media?parent=2223"}],"wp:term":[{"taxonomy":"product_brand","embeddable":true,"href":"https:\/\/fahrerlaubnisnetz.com\/es\/wp-json\/wp\/v2\/product_brand?post=2223"},{"taxonomy":"product_cat","embeddable":true,"href":"https:\/\/fahrerlaubnisnetz.com\/es\/wp-json\/wp\/v2\/product_cat?post=2223"},{"taxonomy":"product_tag","embeddable":true,"href":"https:\/\/fahrerlaubnisnetz.com\/es\/wp-json\/wp\/v2\/product_tag?post=2223"}],"curies":[{"name":"wp","href":"https:\/\/api.w.org\/{rel}","templated":true}]}}