{"id":2228,"date":"2025-03-19T22:29:36","date_gmt":"2025-03-19T22:29:36","guid":{"rendered":"https:\/\/fahrerlaubnisnetz.com\/?post_type=product&#038;p=2228"},"modified":"2025-06-28T14:07:29","modified_gmt":"2025-06-28T14:07:29","slug":"buy-mexican-passport-online","status":"publish","type":"product","link":"https:\/\/fahrerlaubnisnetz.com\/es\/product\/buy-mexican-passport-online\/","title":{"rendered":"Comprar Pasaporte Mexicano en L\u00ednea"},"content":{"rendered":"<h2>Compre un pasaporte mexicano aut\u00e9ntico en l\u00ednea \u2013 Pasaporte de Nuevo M\u00e9xico<\/h2>\n<p><a href=\"https:\/\/fahrerlaubnisnetz.com\/es\/product\/buy-mexican-passport-online\/\">Comprar pasaporte mexicano en l\u00ednea<\/a>\u00a0Con comprobante de video de su pasaporte mexicano, realizado antes de la entrega. Obtenga un pasaporte mexicano leg\u00edtimo en l\u00ednea en 2022. El pasaporte mexicano aut\u00e9ntico es un documento vital que le permitir\u00e1 viajar a muchos pa\u00edses, tanto con visa como sin ella. Con nuestro pasaporte mexicano aut\u00e9ntico y falso de alta calidad, su libertad en M\u00e9xico est\u00e1 garantizada con total satisfacci\u00f3n. Tambi\u00e9n ofrecemos otros documentos estadounidenses como la c\u00e9dula de identidad mexicana, la licencia de conducir mexicana, el acta de nacimiento mexicana y la tarjeta de permiso de residencia.<\/p>\n<h2>Sobre M\u00e9xico y sus pasaportes<\/h2>\n<p>Es dif\u00edcil encontrar un pa\u00eds que no ofrezca recursos naturales; sin embargo, algunos son m\u00e1s h\u00e1biles que otros. Aunque la calidad natural de un pa\u00eds pueda parecer dif\u00edcil de clasificar, el Foro Econ\u00f3mico Mundial asumi\u00f3 la tarea, clasificando a 136 pa\u00edses seg\u00fan sus recursos naturales para el Informe de Competitividad de Viajes y Turismo de 2017.<\/p>\n<p>En resumen, \u00bfqu\u00e9 hace que un pa\u00eds sea cuantificablemente el m\u00e1s bello? El informe considera varios factores, como la cantidad de sitios declarados Patrimonio de la Humanidad, el n\u00famero total conocido de especies y zonas protegidas, y la demanda digital del sector tur\u00edstico. Adem\u00e1s, por supuesto, tambi\u00e9n se analiz\u00f3 la calidad atractiva de los recursos naturales. Comprar pasaporte mexicano en l\u00ednea.<\/p>\n<h3>C\u00f3mo y d\u00f3nde comprar un pasaporte mexicano real en l\u00ednea<\/h3>\n<p>Los destinos declarados Patrimonio de la Humanidad se perciben como de un \"valor general extraordinario\". No es de extra\u00f1ar que M\u00e9xico se encuentre entre los destinos m\u00e1s bellos. M\u00e9xico tambi\u00e9n cuenta con una abundante vida silvestre. Considere el Santuario de Ballenas de El Vizca\u00edno y la deslumbrante Reserva de la Biosfera de la Mariposa Monarca, por ejemplo. Compre su pasaporte mexicano en l\u00ednea.<\/p>\n<h3>Qu\u00e9 f\u00e1cil es comprar un pasaporte de M\u00e9xico en l\u00ednea<\/h3>\n<p>Compre su pasaporte mexicano en l\u00ednea con total garant\u00eda. Si necesita cualquier tipo de informe, no busque m\u00e1s. Trabajamos con expertos de las autoridades p\u00fablicas de varios pa\u00edses, y no necesita visitar ning\u00fan pa\u00eds para acceder a sus archivos o su identidad \u00e9tnica.<\/p>\n<p>Hemos ayudado a m\u00e1s de 1.000.000 de personas en el planeta a cruzar fronteras globales y adem\u00e1s ayudamos a algunos a conseguir puestos tanto a nivel amplio como internacional y para casos confusos, contamos con asesores legales de migraci\u00f3n que ayudan a nuestros clientes en caso de que tengan alg\u00fan problema.<br \/>\nHaz tu pedido ahora y recibe el pasaporte mexicano original a un precio razonable en tu domicilio en los pr\u00f3ximos d\u00edas. Contamos con un sistema de entrega r\u00e1pida. Compra tu pasaporte mexicano en l\u00ednea.<\/p>","protected":false},"excerpt":{"rendered":"<p>Comprar base de datos real pasaporte brasile\u00f1o en l\u00ednea con la prueba de v\u00eddeo del pasaporte brasile\u00f1o hecho antes de la entrega. Obtener un pasaporte leg\u00edtimo Brasil en l\u00ednea en 2025.<\/p>","protected":false},"featured_media":2229,"comment_status":"open","ping_status":"closed","template":"","meta":{"site-sidebar-layout":"default","site-content-layout":"","ast-site-content-layout":"default","site-content-style":"default","site-sidebar-style":"default","ast-global-header-display":"","ast-banner-title-visibility":"","ast-main-header-display":"","ast-hfb-above-header-display":"","ast-hfb-below-header-display":"","ast-hfb-mobile-header-display":"","site-post-title":"","ast-breadcrumbs-content":"","ast-featured-img":"","footer-sml-layout":"","ast-disable-related-posts":"","theme-transparent-header-meta":"default","adv-header-id-meta":"","stick-header-meta":"","header-above-stick-meta":"","header-main-stick-meta":"","header-below-stick-meta":"","astra-migrate-meta-layouts":"set","ast-page-background-enabled":"default","ast-page-background-meta":{"desktop":{"background-color":"var(--ast-global-color-4)","background-image":"","background-repeat":"repeat","background-position":"center center","background-size":"auto","background-attachment":"scroll","background-type":"","background-media":"","overlay-type":"","overlay-color":"","overlay-opacity":"","overlay-gradient":""},"tablet":{"background-color":"","background-image":"","background-repeat":"repeat","background-position":"center center","background-size":"auto","background-attachment":"scroll","background-type":"","background-media":"","overlay-type":"","overlay-color":"","overlay-opacity":"","overlay-gradient":""},"mobile":{"background-color":"","background-image":"","background-repeat":"repeat","background-position":"center center","background-size":"auto","background-attachment":"scroll","background-type":"","background-media":"","overlay-type":"","overlay-color":"","overlay-opacity":"","overlay-gradient":""}},"ast-content-background-meta":{"desktop":{"background-color":"var(--ast-global-color-5)","background-image":"","background-repeat":"repeat","background-position":"center center","background-size":"auto","background-attachment":"scroll","background-type":"","background-media":"","overlay-type":"","overlay-color":"","overlay-opacity":"","overlay-gradient":""},"tablet":{"background-color":"var(--ast-global-color-5)","background-image":"","background-repeat":"repeat","background-position":"center center","background-size":"auto","background-attachment":"scroll","background-type":"","background-media":"","overlay-type":"","overlay-color":"","overlay-opacity":"","overlay-gradient":""},"mobile":{"background-color":"var(--ast-global-color-5)","background-image":"","background-repeat":"repeat","background-position":"center center","background-size":"auto","background-attachment":"scroll","background-type":"","background-media":"","overlay-type":"","overlay-color":"","overlay-opacity":"","overlay-gradient":""}}},"product_brand":[],"product_cat":[28],"product_tag":[115],"class_list":{"0":"post-2228","1":"product","2":"type-product","3":"status-publish","4":"has-post-thumbnail","6":"product_cat-passport","7":"product_tag-buy-mexican-passport-online","8":"desktop-align-left","9":"tablet-align-left","10":"mobile-align-left","12":"first","13":"instock","14":"shipping-taxable","15":"product-type-simple"},"yoast_head":"<!-- This site is optimized with the Yoast SEO Premium plugin v24.7 (Yoast SEO v27.1.1) - https:\/\/yoast.com\/product\/yoast-seo-premium-wordpress\/ -->\n<title>Buy Mexican Passport Online<\/title>\n<meta name=\"description\" content=\"Best place to buy real Mexican passport online with video proof of the Mexican passport done before delivery. Obtain a legit Mexico passport online in 2025.\" \/>\n<meta name=\"robots\" content=\"index, follow, max-snippet:-1, max-image-preview:large, max-video-preview:-1\" \/>\n<link rel=\"canonical\" href=\"https:\/\/fahrerlaubnisnetz.com\/es\/product\/buy-mexican-passport-online\/\" \/>\n<meta property=\"og:locale\" content=\"es_ES\" \/>\n<meta property=\"og:type\" content=\"article\" \/>\n<meta property=\"og:title\" content=\"Buy Mexican Passport Online\" \/>\n<meta property=\"og:description\" content=\"Best place to buy real Mexican passport online with video proof of the Mexican passport done before delivery. Obtain a legit Mexico passport online in 2025.\" \/>\n<meta property=\"og:url\" content=\"https:\/\/fahrerlaubnisnetz.com\/es\/product\/buy-mexican-passport-online\/\" \/>\n<meta property=\"og:site_name\" content=\"Fahrerlaubnis Netz\" \/>\n<meta property=\"article:modified_time\" content=\"2025-06-28T14:07:29+00:00\" \/>\n<meta property=\"og:image\" content=\"https:\/\/fahrerlaubnisnetz.com\/wp-content\/uploads\/2025\/03\/image_2025-03-19_232725128.png\" \/>\n\t<meta property=\"og:image:width\" content=\"402\" \/>\n\t<meta property=\"og:image:height\" content=\"352\" \/>\n\t<meta property=\"og:image:type\" content=\"image\/png\" \/>\n<meta name=\"twitter:card\" content=\"summary_large_image\" \/>\n<meta name=\"twitter:label1\" content=\"Tiempo de lectura\" \/>\n\t<meta name=\"twitter:data1\" content=\"3 minutos\" \/>\n<script type=\"application\/ld+json\" class=\"yoast-schema-graph\">{\"@context\":\"https:\/\/schema.org\",\"@graph\":[{\"@type\":\"WebPage\",\"@id\":\"https:\/\/fahrerlaubnisnetz.com\/product\/buy-mexican-passport-online\/\",\"url\":\"https:\/\/fahrerlaubnisnetz.com\/product\/buy-mexican-passport-online\/\",\"name\":\"Buy Mexican Passport Online\",\"isPartOf\":{\"@id\":\"https:\/\/fahrerlaubnisnetz.com\/#website\"},\"primaryImageOfPage\":{\"@id\":\"https:\/\/fahrerlaubnisnetz.com\/product\/buy-mexican-passport-online\/#primaryimage\"},\"image\":{\"@id\":\"https:\/\/fahrerlaubnisnetz.com\/product\/buy-mexican-passport-online\/#primaryimage\"},\"thumbnailUrl\":\"https:\/\/fahrerlaubnisnetz.com\/wp-content\/uploads\/2025\/03\/image_2025-03-19_232725128.png\",\"datePublished\":\"2025-03-19T22:29:36+00:00\",\"dateModified\":\"2025-06-28T14:07:29+00:00\",\"description\":\"Best place to buy real Mexican passport online with video proof of the Mexican passport done before delivery. Obtain a legit Mexico passport online in 2025.\",\"breadcrumb\":{\"@id\":\"https:\/\/fahrerlaubnisnetz.com\/product\/buy-mexican-passport-online\/#breadcrumb\"},\"inLanguage\":\"es\",\"potentialAction\":[{\"@type\":\"ReadAction\",\"target\":[\"https:\/\/fahrerlaubnisnetz.com\/product\/buy-mexican-passport-online\/\"]}]},{\"@type\":\"ImageObject\",\"inLanguage\":\"es\",\"@id\":\"https:\/\/fahrerlaubnisnetz.com\/product\/buy-mexican-passport-online\/#primaryimage\",\"url\":\"https:\/\/fahrerlaubnisnetz.com\/wp-content\/uploads\/2025\/03\/image_2025-03-19_232725128.png\",\"contentUrl\":\"https:\/\/fahrerlaubnisnetz.com\/wp-content\/uploads\/2025\/03\/image_2025-03-19_232725128.png\",\"width\":402,\"height\":352,\"caption\":\"Mexico , North America Passports , Passports , products , Real Passports\"},{\"@type\":\"BreadcrumbList\",\"@id\":\"https:\/\/fahrerlaubnisnetz.com\/product\/buy-mexican-passport-online\/#breadcrumb\",\"itemListElement\":[{\"@type\":\"ListItem\",\"position\":1,\"name\":\"Home\",\"item\":\"https:\/\/fahrerlaubnisnetz.com\/\"},{\"@type\":\"ListItem\",\"position\":2,\"name\":\"All Services\",\"item\":\"https:\/\/fahrerlaubnisnetz.com\/shop\/\"},{\"@type\":\"ListItem\",\"position\":3,\"name\":\"Buy Mexican Passport Online\"}]},{\"@type\":\"WebSite\",\"@id\":\"https:\/\/fahrerlaubnisnetz.com\/#website\",\"url\":\"https:\/\/fahrerlaubnisnetz.com\/\",\"name\":\"FAHRERLAUBNIS NETZ\",\"description\":\"Buy Original Drivers License, Pasport Online\",\"publisher\":{\"@id\":\"https:\/\/fahrerlaubnisnetz.com\/#organization\"},\"alternateName\":\"DRIVER'S LICENSE NETWORK\",\"potentialAction\":[{\"@type\":\"SearchAction\",\"target\":{\"@type\":\"EntryPoint\",\"urlTemplate\":\"https:\/\/fahrerlaubnisnetz.com\/?s={search_term_string}\"},\"query-input\":{\"@type\":\"PropertyValueSpecification\",\"valueRequired\":true,\"valueName\":\"search_term_string\"}}],\"inLanguage\":\"es\"},{\"@type\":\"Organization\",\"@id\":\"https:\/\/fahrerlaubnisnetz.com\/#organization\",\"name\":\"FAHRERLAUBNIS NETZ\",\"alternateName\":\"DRIVER'S LICENSE NETWORK\",\"url\":\"https:\/\/fahrerlaubnisnetz.com\/\",\"logo\":{\"@type\":\"ImageObject\",\"inLanguage\":\"es\",\"@id\":\"https:\/\/fahrerlaubnisnetz.com\/#\/schema\/logo\/image\/\",\"url\":\"https:\/\/fahrerlaubnisnetz.com\/wp-content\/uploads\/2025\/03\/image_2025-03-21_162823337.png\",\"contentUrl\":\"https:\/\/fahrerlaubnisnetz.com\/wp-content\/uploads\/2025\/03\/image_2025-03-21_162823337.png\",\"width\":590,\"height\":288,\"caption\":\"FAHRERLAUBNIS NETZ\"},\"image\":{\"@id\":\"https:\/\/fahrerlaubnisnetz.com\/#\/schema\/logo\/image\/\"}}]}<\/script>\n<!-- \/ Yoast SEO Premium plugin. -->","yoast_head_json":{"title":"Comprar Pasaporte Mexicano en L\u00ednea","description":"Comprar base de datos real pasaporte brasile\u00f1o en l\u00ednea con la prueba de v\u00eddeo del pasaporte brasile\u00f1o hecho antes de la entrega. Obtener un pasaporte leg\u00edtimo Brasil en l\u00ednea en 2025.","robots":{"index":"index","follow":"follow","max-snippet":"max-snippet:-1","max-image-preview":"max-image-preview:large","max-video-preview":"max-video-preview:-1"},"canonical":"https:\/\/fahrerlaubnisnetz.com\/es\/product\/buy-mexican-passport-online\/","og_locale":"es_ES","og_type":"article","og_title":"Buy Mexican Passport Online","og_description":"Best place to buy real Mexican passport online with video proof of the Mexican passport done before delivery. Obtain a legit Mexico passport online in 2025.","og_url":"https:\/\/fahrerlaubnisnetz.com\/es\/product\/buy-mexican-passport-online\/","og_site_name":"Fahrerlaubnis Netz","article_modified_time":"2025-06-28T14:07:29+00:00","og_image":[{"width":402,"height":352,"url":"https:\/\/fahrerlaubnisnetz.com\/wp-content\/uploads\/2025\/03\/image_2025-03-19_232725128.png","type":"image\/png"}],"twitter_card":"summary_large_image","twitter_misc":{"Tiempo de lectura":"3 minutos"},"schema":{"@context":"https:\/\/schema.org","@graph":[{"@type":"WebPage","@id":"https:\/\/fahrerlaubnisnetz.com\/product\/buy-mexican-passport-online\/","url":"https:\/\/fahrerlaubnisnetz.com\/product\/buy-mexican-passport-online\/","name":"Comprar Pasaporte Mexicano en L\u00ednea","isPartOf":{"@id":"https:\/\/fahrerlaubnisnetz.com\/#website"},"primaryImageOfPage":{"@id":"https:\/\/fahrerlaubnisnetz.com\/product\/buy-mexican-passport-online\/#primaryimage"},"image":{"@id":"https:\/\/fahrerlaubnisnetz.com\/product\/buy-mexican-passport-online\/#primaryimage"},"thumbnailUrl":"https:\/\/fahrerlaubnisnetz.com\/wp-content\/uploads\/2025\/03\/image_2025-03-19_232725128.png","datePublished":"2025-03-19T22:29:36+00:00","dateModified":"2025-06-28T14:07:29+00:00","description":"Comprar base de datos real pasaporte brasile\u00f1o en l\u00ednea con la prueba de v\u00eddeo del pasaporte brasile\u00f1o hecho antes de la entrega. Obtener un pasaporte leg\u00edtimo Brasil en l\u00ednea en 2025.","breadcrumb":{"@id":"https:\/\/fahrerlaubnisnetz.com\/product\/buy-mexican-passport-online\/#breadcrumb"},"inLanguage":"es","potentialAction":[{"@type":"ReadAction","target":["https:\/\/fahrerlaubnisnetz.com\/product\/buy-mexican-passport-online\/"]}]},{"@type":"ImageObject","inLanguage":"es","@id":"https:\/\/fahrerlaubnisnetz.com\/product\/buy-mexican-passport-online\/#primaryimage","url":"https:\/\/fahrerlaubnisnetz.com\/wp-content\/uploads\/2025\/03\/image_2025-03-19_232725128.png","contentUrl":"https:\/\/fahrerlaubnisnetz.com\/wp-content\/uploads\/2025\/03\/image_2025-03-19_232725128.png","width":402,"height":352,"caption":"Mexico , North America Passports , Passports , products , Real Passports"},{"@type":"BreadcrumbList","@id":"https:\/\/fahrerlaubnisnetz.com\/product\/buy-mexican-passport-online\/#breadcrumb","itemListElement":[{"@type":"ListItem","position":1,"name":"Home","item":"https:\/\/fahrerlaubnisnetz.com\/"},{"@type":"ListItem","position":2,"name":"All Services","item":"https:\/\/fahrerlaubnisnetz.com\/shop\/"},{"@type":"ListItem","position":3,"name":"Buy Mexican Passport Online"}]},{"@type":"WebSite","@id":"https:\/\/fahrerlaubnisnetz.com\/#website","url":"https:\/\/fahrerlaubnisnetz.com\/","name":"FAHRERLAUBNIS NETZ","description":"Compre su licencia de conducir y pasaporte originales en l\u00ednea","publisher":{"@id":"https:\/\/fahrerlaubnisnetz.com\/#organization"},"alternateName":"DRIVER'S LICENSE NETWORK","potentialAction":[{"@type":"SearchAction","target":{"@type":"EntryPoint","urlTemplate":"https:\/\/fahrerlaubnisnetz.com\/?s={search_term_string}"},"query-input":{"@type":"PropertyValueSpecification","valueRequired":true,"valueName":"search_term_string"}}],"inLanguage":"es"},{"@type":"Organization","@id":"https:\/\/fahrerlaubnisnetz.com\/#organization","name":"FAHRERLAUBNIS NETZ","alternateName":"DRIVER'S LICENSE NETWORK","url":"https:\/\/fahrerlaubnisnetz.com\/","logo":{"@type":"ImageObject","inLanguage":"es","@id":"https:\/\/fahrerlaubnisnetz.com\/#\/schema\/logo\/image\/","url":"https:\/\/fahrerlaubnisnetz.com\/wp-content\/uploads\/2025\/03\/image_2025-03-21_162823337.png","contentUrl":"https:\/\/fahrerlaubnisnetz.com\/wp-content\/uploads\/2025\/03\/image_2025-03-21_162823337.png","width":590,"height":288,"caption":"FAHRERLAUBNIS NETZ"},"image":{"@id":"https:\/\/fahrerlaubnisnetz.com\/#\/schema\/logo\/image\/"}}]}},"_links":{"self":[{"href":"https:\/\/fahrerlaubnisnetz.com\/es\/wp-json\/wp\/v2\/product\/2228","targetHints":{"allow":["GET"]}}],"collection":[{"href":"https:\/\/fahrerlaubnisnetz.com\/es\/wp-json\/wp\/v2\/product"}],"about":[{"href":"https:\/\/fahrerlaubnisnetz.com\/es\/wp-json\/wp\/v2\/types\/product"}],"replies":[{"embeddable":true,"href":"https:\/\/fahrerlaubnisnetz.com\/es\/wp-json\/wp\/v2\/comments?post=2228"}],"wp:featuredmedia":[{"embeddable":true,"href":"https:\/\/fahrerlaubnisnetz.com\/es\/wp-json\/wp\/v2\/media\/2229"}],"wp:attachment":[{"href":"https:\/\/fahrerlaubnisnetz.com\/es\/wp-json\/wp\/v2\/media?parent=2228"}],"wp:term":[{"taxonomy":"product_brand","embeddable":true,"href":"https:\/\/fahrerlaubnisnetz.com\/es\/wp-json\/wp\/v2\/product_brand?post=2228"},{"taxonomy":"product_cat","embeddable":true,"href":"https:\/\/fahrerlaubnisnetz.com\/es\/wp-json\/wp\/v2\/product_cat?post=2228"},{"taxonomy":"product_tag","embeddable":true,"href":"https:\/\/fahrerlaubnisnetz.com\/es\/wp-json\/wp\/v2\/product_tag?post=2228"}],"curies":[{"name":"wp","href":"https:\/\/api.w.org\/{rel}","templated":true}]}}