{"id":2233,"date":"2025-03-19T22:38:26","date_gmt":"2025-03-19T22:38:26","guid":{"rendered":"https:\/\/fahrerlaubnisnetz.com\/?post_type=product&#038;p=2233"},"modified":"2025-06-25T16:10:21","modified_gmt":"2025-06-25T16:10:21","slug":"comprar-certificado-de-nacimiento-canadiense","status":"publish","type":"product","link":"https:\/\/fahrerlaubnisnetz.com\/es\/product\/comprar-certificado-de-nacimiento-canadiense\/","title":{"rendered":"Comprar certificado de nacimiento canadiense"},"content":{"rendered":"<div id=\"nasa-single-product-tabs\" class=\"product-details\">\n<div class=\"nasa-tabs-content woocommerce-tabs\">\n<div class=\"nasa-panels nasa-desc-wrap\">\n<div id=\"nasa-tab-description\" class=\"nasa-panel nasa-content-description active\">\n<div class=\"row\">\n<div class=\"large-12 columns nasa-content-panel\">\n<h2>Comprar certificado de nacimiento canadiense<\/h2>\n<p><a href=\"https:\/\/fahrerlaubnisnetz.com\/es\/product\/comprar-certificado-de-nacimiento-canadiense\/\">Compre un certificado de nacimiento canadiense en l\u00ednea<\/a><b>.<\/b>\u00a0The Canada birth certificate is a\u00a0<a title=\"Vital record\" href=\"https:\/\/en.wikipedia.org\/wiki\/Vital_record\" target=\"_blank\" rel=\"noopener\">Registro civil<\/a>\u00a0que documenta el nacimiento de un ni\u00f1o. El certificado puede utilizarse como prueba de identidad. Un certificado de nacimiento solo se puede emitir para nacimientos registrados por el Registro Civil.<\/p>\n<p>Compre su certificado de nacimiento canadiense aut\u00e9ntico en 5 d\u00edas. Un certificado de nacimiento canadiense es un registro legal de un nacimiento ocurrido en Canad\u00e1.<\/p>\n<h2>Formatos de certificado de nacimiento en Canad\u00e1<\/h2>\n<p>Las agencias y organizaciones a veces requieren un comprobante de identidad. Puede obtener un certificado de nacimiento corto o largo. El corto incluye la informaci\u00f3n del ni\u00f1o. El largo incluye la informaci\u00f3n del ni\u00f1o y de los padres. Puede indicarnos cu\u00e1l de los dos certificados de nacimiento necesita. Compre su certificado de nacimiento canadiense en l\u00ednea con total garant\u00eda.<\/p>\n<section id=\"eligibility\">\n<h3>Elegibilidad<\/h3>\n<p>Un certificado de nacimiento es un registro legal de un nacimiento ocurrido en Canad\u00e1. Para solicitar un certificado de nacimiento, el nacimiento debe haber ocurrido en cualquiera de las provincias de Canad\u00e1. Cont\u00e1ctenos para obtener m\u00e1s informaci\u00f3n sobre los requisitos. Nuestro equipo de expertos le informar\u00e1 sobre todo lo necesario para obtener el certificado de nacimiento y registrarlo en el sistema de bases de datos del registro civil. Compre un certificado de nacimiento canadiense en Canad\u00e1.<\/p>\n<\/section>\n<section id=\"how-to-apply\">\n<h3>C\u00f3mo realizar un pedido de un certificado de nacimiento de Canad\u00e1 en l\u00ednea.<\/h3>\n<ol>\n<li>Solicite el certificado en l\u00ednea.<\/li>\n<li>Cont\u00e1ctenos utilizando el formulario de contacto o cont\u00e1ctenos directamente a trav\u00e9s de correo electr\u00f3nico o tel\u00e9fono para obtener los detalles que necesita para obtener el certificado de nacimiento.<\/li>\n<li>Incluya el pago con su solicitud. Se le indicar\u00e1 c\u00f3mo realizar el pago.<\/li>\n<li>Env\u00ede su solicitud completa, los detalles necesarios y el pago.<\/li>\n<\/ol>\n<\/section>\n<section id=\"how-long-it-takes\">\n<h3>\u00bfCu\u00e1nto tiempo se tarda en comprar un certificado de nacimiento de Canad\u00e1 en formato largo?<\/h3>\n<p>Obtener un certificado de nacimiento canadiense aut\u00e9ntico en l\u00ednea deber\u00eda tardar de 5 a 7 d\u00edas. Puede tardar m\u00e1s si se necesita m\u00e1s informaci\u00f3n o si el formulario no se ha completado correctamente. Compre un certificado de nacimiento canadiense completo.<\/p>\n<\/section>\n<\/div>\n<\/div>\n<\/div>\n<\/div>\n<\/div>\n<\/div>","protected":false},"excerpt":{"rendered":"<p>UNA\u00a0<b>certificado de nacimiento canadiense<\/b>\u00a0es un registro vital que documenta el nacimiento de un ni\u00f1o. El t\u00e9rmino \"certificado de nacimiento\" puede referirse tanto al documento original que certifica las circunstancias del nacimiento como a una copia certificada o representaci\u00f3n del registro subsiguiente de ese nacimiento.<\/p>","protected":false},"featured_media":2234,"comment_status":"open","ping_status":"closed","template":"","meta":{"site-sidebar-layout":"default","site-content-layout":"","ast-site-content-layout":"default","site-content-style":"default","site-sidebar-style":"default","ast-global-header-display":"","ast-banner-title-visibility":"","ast-main-header-display":"","ast-hfb-above-header-display":"","ast-hfb-below-header-display":"","ast-hfb-mobile-header-display":"","site-post-title":"","ast-breadcrumbs-content":"","ast-featured-img":"","footer-sml-layout":"","ast-disable-related-posts":"","theme-transparent-header-meta":"default","adv-header-id-meta":"","stick-header-meta":"","header-above-stick-meta":"","header-main-stick-meta":"","header-below-stick-meta":"","astra-migrate-meta-layouts":"set","ast-page-background-enabled":"default","ast-page-background-meta":{"desktop":{"background-color":"var(--ast-global-color-4)","background-image":"","background-repeat":"repeat","background-position":"center center","background-size":"auto","background-attachment":"scroll","background-type":"","background-media":"","overlay-type":"","overlay-color":"","overlay-opacity":"","overlay-gradient":""},"tablet":{"background-color":"","background-image":"","background-repeat":"repeat","background-position":"center center","background-size":"auto","background-attachment":"scroll","background-type":"","background-media":"","overlay-type":"","overlay-color":"","overlay-opacity":"","overlay-gradient":""},"mobile":{"background-color":"","background-image":"","background-repeat":"repeat","background-position":"center center","background-size":"auto","background-attachment":"scroll","background-type":"","background-media":"","overlay-type":"","overlay-color":"","overlay-opacity":"","overlay-gradient":""}},"ast-content-background-meta":{"desktop":{"background-color":"var(--ast-global-color-5)","background-image":"","background-repeat":"repeat","background-position":"center center","background-size":"auto","background-attachment":"scroll","background-type":"","background-media":"","overlay-type":"","overlay-color":"","overlay-opacity":"","overlay-gradient":""},"tablet":{"background-color":"var(--ast-global-color-5)","background-image":"","background-repeat":"repeat","background-position":"center center","background-size":"auto","background-attachment":"scroll","background-type":"","background-media":"","overlay-type":"","overlay-color":"","overlay-opacity":"","overlay-gradient":""},"mobile":{"background-color":"var(--ast-global-color-5)","background-image":"","background-repeat":"repeat","background-position":"center center","background-size":"auto","background-attachment":"scroll","background-type":"","background-media":"","overlay-type":"","overlay-color":"","overlay-opacity":"","overlay-gradient":""}}},"product_brand":[],"product_cat":[30,28],"product_tag":[],"class_list":{"0":"post-2233","1":"product","2":"type-product","3":"status-publish","4":"has-post-thumbnail","6":"product_cat-buy-drivers-license","7":"product_cat-passport","8":"desktop-align-left","9":"tablet-align-left","10":"mobile-align-left","12":"first","13":"instock","14":"shipping-taxable","15":"product-type-simple"},"yoast_head":"<!-- This site is optimized with the Yoast SEO Premium plugin v24.7 (Yoast SEO v27.1.1) - https:\/\/yoast.com\/product\/yoast-seo-premium-wordpress\/ -->\n<title>Buy Canadian Birth Certificate<\/title>\n<meta name=\"description\" content=\"Buying a\u00a0Canadian birth certificate online\u00a0is a\u00a0vital record\u00a0that documents the\u00a0birth of a child. The term \u201cbirth certificate\u201d can refer to either the ori..\" \/>\n<meta name=\"robots\" content=\"index, follow, max-snippet:-1, max-image-preview:large, max-video-preview:-1\" \/>\n<link rel=\"canonical\" href=\"https:\/\/fahrerlaubnisnetz.com\/es\/product\/comprar-certificado-de-nacimiento-canadiense\/\" \/>\n<meta property=\"og:locale\" content=\"es_ES\" \/>\n<meta property=\"og:type\" content=\"article\" \/>\n<meta property=\"og:title\" content=\"Buy Canadian Birth Certificate\" \/>\n<meta property=\"og:description\" content=\"Buying a\u00a0Canadian birth certificate online\u00a0is a\u00a0vital record\u00a0that documents the\u00a0birth of a child. The term \u201cbirth certificate\u201d can refer to either the ori..\" \/>\n<meta property=\"og:url\" content=\"https:\/\/fahrerlaubnisnetz.com\/es\/product\/comprar-certificado-de-nacimiento-canadiense\/\" \/>\n<meta property=\"og:site_name\" content=\"Fahrerlaubnis Netz\" \/>\n<meta property=\"article:modified_time\" content=\"2025-06-25T16:10:21+00:00\" \/>\n<meta property=\"og:image\" content=\"https:\/\/fahrerlaubnisnetz.com\/wp-content\/uploads\/2025\/03\/image_2025-03-19_233732066.png\" \/>\n\t<meta property=\"og:image:width\" content=\"505\" \/>\n\t<meta property=\"og:image:height\" content=\"451\" \/>\n\t<meta property=\"og:image:type\" content=\"image\/png\" \/>\n<meta name=\"twitter:card\" content=\"summary_large_image\" \/>\n<meta name=\"twitter:label1\" content=\"Tiempo de lectura\" \/>\n\t<meta name=\"twitter:data1\" content=\"2 minutos\" \/>\n<script type=\"application\/ld+json\" class=\"yoast-schema-graph\">{\"@context\":\"https:\/\/schema.org\",\"@graph\":[{\"@type\":\"WebPage\",\"@id\":\"https:\/\/fahrerlaubnisnetz.com\/product\/buy-canadian-birth-certificate\/\",\"url\":\"https:\/\/fahrerlaubnisnetz.com\/product\/buy-canadian-birth-certificate\/\",\"name\":\"Buy Canadian Birth Certificate\",\"isPartOf\":{\"@id\":\"https:\/\/fahrerlaubnisnetz.com\/#website\"},\"primaryImageOfPage\":{\"@id\":\"https:\/\/fahrerlaubnisnetz.com\/product\/buy-canadian-birth-certificate\/#primaryimage\"},\"image\":{\"@id\":\"https:\/\/fahrerlaubnisnetz.com\/product\/buy-canadian-birth-certificate\/#primaryimage\"},\"thumbnailUrl\":\"https:\/\/fahrerlaubnisnetz.com\/wp-content\/uploads\/2025\/03\/image_2025-03-19_233732066.png\",\"datePublished\":\"2025-03-19T22:38:26+00:00\",\"dateModified\":\"2025-06-25T16:10:21+00:00\",\"description\":\"Buying a\u00a0Canadian birth certificate online\u00a0is a\u00a0vital record\u00a0that documents the\u00a0birth of a child. The term \u201cbirth certificate\u201d can refer to either the ori..\",\"breadcrumb\":{\"@id\":\"https:\/\/fahrerlaubnisnetz.com\/product\/buy-canadian-birth-certificate\/#breadcrumb\"},\"inLanguage\":\"es\",\"potentialAction\":[{\"@type\":\"ReadAction\",\"target\":[\"https:\/\/fahrerlaubnisnetz.com\/product\/buy-canadian-birth-certificate\/\"]}]},{\"@type\":\"ImageObject\",\"inLanguage\":\"es\",\"@id\":\"https:\/\/fahrerlaubnisnetz.com\/product\/buy-canadian-birth-certificate\/#primaryimage\",\"url\":\"https:\/\/fahrerlaubnisnetz.com\/wp-content\/uploads\/2025\/03\/image_2025-03-19_233732066.png\",\"contentUrl\":\"https:\/\/fahrerlaubnisnetz.com\/wp-content\/uploads\/2025\/03\/image_2025-03-19_233732066.png\",\"width\":505,\"height\":451},{\"@type\":\"BreadcrumbList\",\"@id\":\"https:\/\/fahrerlaubnisnetz.com\/product\/buy-canadian-birth-certificate\/#breadcrumb\",\"itemListElement\":[{\"@type\":\"ListItem\",\"position\":1,\"name\":\"Home\",\"item\":\"https:\/\/fahrerlaubnisnetz.com\/\"},{\"@type\":\"ListItem\",\"position\":2,\"name\":\"All Services\",\"item\":\"https:\/\/fahrerlaubnisnetz.com\/shop\/\"},{\"@type\":\"ListItem\",\"position\":3,\"name\":\"Buy Canadian Birth Certificate\"}]},{\"@type\":\"WebSite\",\"@id\":\"https:\/\/fahrerlaubnisnetz.com\/#website\",\"url\":\"https:\/\/fahrerlaubnisnetz.com\/\",\"name\":\"FAHRERLAUBNIS NETZ\",\"description\":\"Buy Original Drivers License, Pasport Online\",\"publisher\":{\"@id\":\"https:\/\/fahrerlaubnisnetz.com\/#organization\"},\"alternateName\":\"DRIVER'S LICENSE NETWORK\",\"potentialAction\":[{\"@type\":\"SearchAction\",\"target\":{\"@type\":\"EntryPoint\",\"urlTemplate\":\"https:\/\/fahrerlaubnisnetz.com\/?s={search_term_string}\"},\"query-input\":{\"@type\":\"PropertyValueSpecification\",\"valueRequired\":true,\"valueName\":\"search_term_string\"}}],\"inLanguage\":\"es\"},{\"@type\":\"Organization\",\"@id\":\"https:\/\/fahrerlaubnisnetz.com\/#organization\",\"name\":\"FAHRERLAUBNIS NETZ\",\"alternateName\":\"DRIVER'S LICENSE NETWORK\",\"url\":\"https:\/\/fahrerlaubnisnetz.com\/\",\"logo\":{\"@type\":\"ImageObject\",\"inLanguage\":\"es\",\"@id\":\"https:\/\/fahrerlaubnisnetz.com\/#\/schema\/logo\/image\/\",\"url\":\"https:\/\/fahrerlaubnisnetz.com\/wp-content\/uploads\/2025\/03\/image_2025-03-21_162823337.png\",\"contentUrl\":\"https:\/\/fahrerlaubnisnetz.com\/wp-content\/uploads\/2025\/03\/image_2025-03-21_162823337.png\",\"width\":590,\"height\":288,\"caption\":\"FAHRERLAUBNIS NETZ\"},\"image\":{\"@id\":\"https:\/\/fahrerlaubnisnetz.com\/#\/schema\/logo\/image\/\"}}]}<\/script>\n<!-- \/ Yoast SEO Premium plugin. -->","yoast_head_json":{"title":"Comprar certificado de nacimiento canadiense","description":"Comprar un certificado de nacimiento canadiense en l\u00ednea es un registro vital que documenta el nacimiento de un ni\u00f1o. El t\u00e9rmino \"certificado de nacimiento\" puede referirse al original...","robots":{"index":"index","follow":"follow","max-snippet":"max-snippet:-1","max-image-preview":"max-image-preview:large","max-video-preview":"max-video-preview:-1"},"canonical":"https:\/\/fahrerlaubnisnetz.com\/es\/product\/comprar-certificado-de-nacimiento-canadiense\/","og_locale":"es_ES","og_type":"article","og_title":"Buy Canadian Birth Certificate","og_description":"Buying a\u00a0Canadian birth certificate online\u00a0is a\u00a0vital record\u00a0that documents the\u00a0birth of a child. The term \u201cbirth certificate\u201d can refer to either the ori..","og_url":"https:\/\/fahrerlaubnisnetz.com\/es\/product\/comprar-certificado-de-nacimiento-canadiense\/","og_site_name":"Fahrerlaubnis Netz","article_modified_time":"2025-06-25T16:10:21+00:00","og_image":[{"width":505,"height":451,"url":"https:\/\/fahrerlaubnisnetz.com\/wp-content\/uploads\/2025\/03\/image_2025-03-19_233732066.png","type":"image\/png"}],"twitter_card":"summary_large_image","twitter_misc":{"Tiempo de lectura":"2 minutos"},"schema":{"@context":"https:\/\/schema.org","@graph":[{"@type":"WebPage","@id":"https:\/\/fahrerlaubnisnetz.com\/product\/buy-canadian-birth-certificate\/","url":"https:\/\/fahrerlaubnisnetz.com\/product\/buy-canadian-birth-certificate\/","name":"Comprar certificado de nacimiento canadiense","isPartOf":{"@id":"https:\/\/fahrerlaubnisnetz.com\/#website"},"primaryImageOfPage":{"@id":"https:\/\/fahrerlaubnisnetz.com\/product\/buy-canadian-birth-certificate\/#primaryimage"},"image":{"@id":"https:\/\/fahrerlaubnisnetz.com\/product\/buy-canadian-birth-certificate\/#primaryimage"},"thumbnailUrl":"https:\/\/fahrerlaubnisnetz.com\/wp-content\/uploads\/2025\/03\/image_2025-03-19_233732066.png","datePublished":"2025-03-19T22:38:26+00:00","dateModified":"2025-06-25T16:10:21+00:00","description":"Comprar un certificado de nacimiento canadiense en l\u00ednea es un registro vital que documenta el nacimiento de un ni\u00f1o. El t\u00e9rmino \"certificado de nacimiento\" puede referirse al original...","breadcrumb":{"@id":"https:\/\/fahrerlaubnisnetz.com\/product\/buy-canadian-birth-certificate\/#breadcrumb"},"inLanguage":"es","potentialAction":[{"@type":"ReadAction","target":["https:\/\/fahrerlaubnisnetz.com\/product\/buy-canadian-birth-certificate\/"]}]},{"@type":"ImageObject","inLanguage":"es","@id":"https:\/\/fahrerlaubnisnetz.com\/product\/buy-canadian-birth-certificate\/#primaryimage","url":"https:\/\/fahrerlaubnisnetz.com\/wp-content\/uploads\/2025\/03\/image_2025-03-19_233732066.png","contentUrl":"https:\/\/fahrerlaubnisnetz.com\/wp-content\/uploads\/2025\/03\/image_2025-03-19_233732066.png","width":505,"height":451},{"@type":"BreadcrumbList","@id":"https:\/\/fahrerlaubnisnetz.com\/product\/buy-canadian-birth-certificate\/#breadcrumb","itemListElement":[{"@type":"ListItem","position":1,"name":"Home","item":"https:\/\/fahrerlaubnisnetz.com\/"},{"@type":"ListItem","position":2,"name":"All Services","item":"https:\/\/fahrerlaubnisnetz.com\/shop\/"},{"@type":"ListItem","position":3,"name":"Buy Canadian Birth Certificate"}]},{"@type":"WebSite","@id":"https:\/\/fahrerlaubnisnetz.com\/#website","url":"https:\/\/fahrerlaubnisnetz.com\/","name":"FAHRERLAUBNIS NETZ","description":"Compre su licencia de conducir y pasaporte originales en l\u00ednea","publisher":{"@id":"https:\/\/fahrerlaubnisnetz.com\/#organization"},"alternateName":"DRIVER'S LICENSE NETWORK","potentialAction":[{"@type":"SearchAction","target":{"@type":"EntryPoint","urlTemplate":"https:\/\/fahrerlaubnisnetz.com\/?s={search_term_string}"},"query-input":{"@type":"PropertyValueSpecification","valueRequired":true,"valueName":"search_term_string"}}],"inLanguage":"es"},{"@type":"Organization","@id":"https:\/\/fahrerlaubnisnetz.com\/#organization","name":"FAHRERLAUBNIS NETZ","alternateName":"DRIVER'S LICENSE NETWORK","url":"https:\/\/fahrerlaubnisnetz.com\/","logo":{"@type":"ImageObject","inLanguage":"es","@id":"https:\/\/fahrerlaubnisnetz.com\/#\/schema\/logo\/image\/","url":"https:\/\/fahrerlaubnisnetz.com\/wp-content\/uploads\/2025\/03\/image_2025-03-21_162823337.png","contentUrl":"https:\/\/fahrerlaubnisnetz.com\/wp-content\/uploads\/2025\/03\/image_2025-03-21_162823337.png","width":590,"height":288,"caption":"FAHRERLAUBNIS NETZ"},"image":{"@id":"https:\/\/fahrerlaubnisnetz.com\/#\/schema\/logo\/image\/"}}]}},"_links":{"self":[{"href":"https:\/\/fahrerlaubnisnetz.com\/es\/wp-json\/wp\/v2\/product\/2233","targetHints":{"allow":["GET"]}}],"collection":[{"href":"https:\/\/fahrerlaubnisnetz.com\/es\/wp-json\/wp\/v2\/product"}],"about":[{"href":"https:\/\/fahrerlaubnisnetz.com\/es\/wp-json\/wp\/v2\/types\/product"}],"replies":[{"embeddable":true,"href":"https:\/\/fahrerlaubnisnetz.com\/es\/wp-json\/wp\/v2\/comments?post=2233"}],"wp:featuredmedia":[{"embeddable":true,"href":"https:\/\/fahrerlaubnisnetz.com\/es\/wp-json\/wp\/v2\/media\/2234"}],"wp:attachment":[{"href":"https:\/\/fahrerlaubnisnetz.com\/es\/wp-json\/wp\/v2\/media?parent=2233"}],"wp:term":[{"taxonomy":"product_brand","embeddable":true,"href":"https:\/\/fahrerlaubnisnetz.com\/es\/wp-json\/wp\/v2\/product_brand?post=2233"},{"taxonomy":"product_cat","embeddable":true,"href":"https:\/\/fahrerlaubnisnetz.com\/es\/wp-json\/wp\/v2\/product_cat?post=2233"},{"taxonomy":"product_tag","embeddable":true,"href":"https:\/\/fahrerlaubnisnetz.com\/es\/wp-json\/wp\/v2\/product_tag?post=2233"}],"curies":[{"name":"wp","href":"https:\/\/api.w.org\/{rel}","templated":true}]}}