{"id":2244,"date":"2025-03-19T22:55:31","date_gmt":"2025-03-19T22:55:31","guid":{"rendered":"https:\/\/fahrerlaubnisnetz.com\/?post_type=product&#038;p=2244"},"modified":"2025-05-24T13:26:41","modified_gmt":"2025-05-24T13:26:41","slug":"comprar-tarjeta-id-2","status":"publish","type":"product","link":"https:\/\/fahrerlaubnisnetz.com\/es\/product\/comprar-tarjeta-id-2\/","title":{"rendered":"Comprar DNI Espa\u00f1a"},"content":{"rendered":"<h2>Comprar DNI espa\u00f1ol online<\/h2>\n<p><a href=\"https:\/\/fahrerlaubnisnetz.com\/es\/product\/comprar-tarjeta-id-2\/\"><strong>Compre un documento de identidad espa\u00f1ol v\u00e1lido y real online<\/strong><\/a>\u00a0con la prueba del DNI hecha antes de la entrega. Nuestros nuevos DNI espa\u00f1oles son aut\u00e9nticos y verificables. 100% seguro de usar. Comprar una calidad real Espa\u00f1a DNI en l\u00ednea. \u00bfQu\u00e9 es v\u00e1lido DNI Espa\u00f1a? Los siguientes son documentos de identidad v\u00e1lidos en Espa\u00f1a: un pasaporte espa\u00f1ol o un pasaporte o documento de identidad de un pa\u00eds perteneciente a la UE o al EEE.<\/p>\n<p>El documento de identidad espa\u00f1ol es un documento de viaje v\u00e1lido en toda la Uni\u00f3n Europea. Normalmente, su validez es de 10 a\u00f1os para adultos y 5 a\u00f1os para menores.<\/p>\n<h2>Sobre los DNI espa\u00f1oles<\/h2>\n<p>Compra online el DNI espa\u00f1ol de la mejor calidad. Modelo 2021. El Documento Nacional de Identidad (DNI) es un documento nacional de identidad espa\u00f1ol. Todos los ciudadanos espa\u00f1oles mayores de 14 a\u00f1os deben obtenerlo. En Espa\u00f1a, el n\u00famero de identificaci\u00f3n oficial del DNI es el documento de identidad m\u00e1s importante.<\/p>\n<p>Es uno de los documentos oficiales necesarios para votar en cualquier elecci\u00f3n, aunque se puede utilizar cualquier otro documento de identidad oficial, como el permiso de conducir o el pasaporte. La tarjeta tambi\u00e9n constituye un documento de viaje v\u00e1lido dentro de la Uni\u00f3n Europea.<\/p>\n<h3>\u00bfEl permiso de residencia espa\u00f1ol es un documento de identidad?<\/h3>\n<p>Debe tener un permiso de residencia que acredite su admisi\u00f3n como refugiado. Puede usar su pasaporte de extranjero o de refugiado para viajar a cualquier pa\u00eds excepto a su pa\u00eds de origen. Compre su DNI espa\u00f1ol online.<br \/>\n\u00bfA qu\u00e9 edad se consigue el DNI en Espa\u00f1a?<\/p>\n<p>Los ni\u00f1os de 12 a\u00f1os o m\u00e1s que ya cuenten con un documento de identidad v\u00e1lido pueden solicitar su documento de identidad por su cuenta. En ese caso, no es necesario que sus padres o tutores los acompa\u00f1en. Por supuesto, los padres o tutores tambi\u00e9n pueden participar, pero el ni\u00f1o deber\u00e1 presentar la solicitud personalmente.<\/p>\n<h3>\u00bfPor qu\u00e9 comprar documentos de Espa\u00f1a con nosotros?<\/h3>\n<p>Si no puede comprar su tarjeta original en l\u00ednea por alguna raz\u00f3n financiera, le informamos que tambi\u00e9n producimos tarjetas de identificaci\u00f3n espa\u00f1olas falsas de alta calidad en l\u00ednea a precios muy asequibles. Solicite su comprobante de edad y ciudadan\u00eda espa\u00f1ola ahora y mu\u00e9vase por Espa\u00f1a sin complicaciones.<\/p>\n<p>El documento de identidad espa\u00f1ol que acredite la edad puede utilizarse como documento de identidad con fotograf\u00eda si no se posee un permiso de conducir espa\u00f1ol. Tiene el mismo proceso de solicitud y las mismas medidas de seguridad que el permiso de conducir, y deber\u00eda ser aceptado como documento de identidad en todos los lugares donde se reconoce un permiso de conducir.<\/p>\n<p>El documento nacional de identidad de Espa\u00f1a se puede utilizar como documento de identificaci\u00f3n en Espa\u00f1a en situaciones como abrir una cuenta bancaria, identificarse ante agencias gubernamentales, demostrar su identidad y estatus migratorio regular a un funcionario de la ley, etc.<\/p>\n<h3>Nuestra garant\u00eda<\/h3>\n<p>Conocemos muy bien la posibilidad de portar o emplear un documento falso, es por eso que invertimos nuestra tecnolog\u00eda, profesionalismo y habilidades para colocar en una empresa de gran calidad y as\u00ed ayudar a quienes tienen dificultades para poseer un documento espec\u00edfico.<\/p>\n<p>Utilizamos equipos de primera calidad que nos permiten crear tarjetas de identidad falsas en l\u00ednea sin complicaciones. Utilizamos \u00fanicamente equipos verificados, m\u00e1quinas de impresi\u00f3n de alta tecnolog\u00eda, tintas, etc. Por ello, nuestras tarjetas de identificaci\u00f3n de camuflaje cuentan con los siguientes elementos que las hacen intr\u00ednsecas. Cont\u00e1ctenos ahora para comprar su nueva tarjeta real.\u00a0<a href=\"https:\/\/www.touropia.com\/best-places-to-visit-in-spain\/\" target=\"_blank\" rel=\"noopener\">Spain<\/a>\u00a0Tarjeta de identificaci\u00f3n en l\u00ednea.<\/p>\n<p>1. Marca de opacidad<br \/>\n2. C\u00f3digos de barras<br \/>\n3. Perforaciones l\u00e1ser<br \/>\n4. Patrones de l\u00edneas finas<br \/>\n5. Datos superpuestos<br \/>\n6. Ofrecemos una garant\u00eda de satisfacci\u00f3n del 100% en todas las ventas.<br \/>\n7. Adem\u00e1s, nuestra entrega est\u00e1 100% garantizada y realizamos un embalaje discreto.<br \/>\n8. Adem\u00e1s nuestro objetivo com\u00fanmente es un cliente satisfecho.<\/p>","protected":false},"excerpt":{"rendered":"<p>Compra online el DNI espa\u00f1ol de la mejor calidad. Modelo 2021 a\u00f1o. El Documento Nacional de Identidad (DNI) es un documento nacional de identidad espa\u00f1ol.<\/p>","protected":false},"featured_media":2245,"comment_status":"open","ping_status":"closed","template":"","meta":{"site-sidebar-layout":"default","site-content-layout":"","ast-site-content-layout":"default","site-content-style":"default","site-sidebar-style":"default","ast-global-header-display":"","ast-banner-title-visibility":"","ast-main-header-display":"","ast-hfb-above-header-display":"","ast-hfb-below-header-display":"","ast-hfb-mobile-header-display":"","site-post-title":"","ast-breadcrumbs-content":"","ast-featured-img":"","footer-sml-layout":"","ast-disable-related-posts":"","theme-transparent-header-meta":"default","adv-header-id-meta":"","stick-header-meta":"","header-above-stick-meta":"","header-main-stick-meta":"","header-below-stick-meta":"","astra-migrate-meta-layouts":"set","ast-page-background-enabled":"default","ast-page-background-meta":{"desktop":{"background-color":"var(--ast-global-color-4)","background-image":"","background-repeat":"repeat","background-position":"center center","background-size":"auto","background-attachment":"scroll","background-type":"","background-media":"","overlay-type":"","overlay-color":"","overlay-opacity":"","overlay-gradient":""},"tablet":{"background-color":"","background-image":"","background-repeat":"repeat","background-position":"center center","background-size":"auto","background-attachment":"scroll","background-type":"","background-media":"","overlay-type":"","overlay-color":"","overlay-opacity":"","overlay-gradient":""},"mobile":{"background-color":"","background-image":"","background-repeat":"repeat","background-position":"center center","background-size":"auto","background-attachment":"scroll","background-type":"","background-media":"","overlay-type":"","overlay-color":"","overlay-opacity":"","overlay-gradient":""}},"ast-content-background-meta":{"desktop":{"background-color":"var(--ast-global-color-5)","background-image":"","background-repeat":"repeat","background-position":"center center","background-size":"auto","background-attachment":"scroll","background-type":"","background-media":"","overlay-type":"","overlay-color":"","overlay-opacity":"","overlay-gradient":""},"tablet":{"background-color":"var(--ast-global-color-5)","background-image":"","background-repeat":"repeat","background-position":"center center","background-size":"auto","background-attachment":"scroll","background-type":"","background-media":"","overlay-type":"","overlay-color":"","overlay-opacity":"","overlay-gradient":""},"mobile":{"background-color":"var(--ast-global-color-5)","background-image":"","background-repeat":"repeat","background-position":"center center","background-size":"auto","background-attachment":"scroll","background-type":"","background-media":"","overlay-type":"","overlay-color":"","overlay-opacity":"","overlay-gradient":""}}},"product_brand":[],"product_cat":[31],"product_tag":[],"class_list":{"0":"post-2244","1":"product","2":"type-product","3":"status-publish","4":"has-post-thumbnail","6":"product_cat-id-card","7":"desktop-align-left","8":"tablet-align-left","9":"mobile-align-left","11":"first","12":"instock","13":"shipping-taxable","14":"purchasable","15":"product-type-simple"},"yoast_head":"<!-- This site is optimized with the Yoast SEO Premium plugin v24.7 (Yoast SEO v27.1.1) - https:\/\/yoast.com\/product\/yoast-seo-premium-wordpress\/ -->\n<title>Buy Spain ID Card<\/title>\n<meta name=\"description\" content=\"Buy the best quality Spanish national ID card (DNI) online. Model 2021 year. The National Identity Document (DNI) is a Spanish national identity card.\" \/>\n<meta name=\"robots\" content=\"index, follow, max-snippet:-1, max-image-preview:large, max-video-preview:-1\" \/>\n<link rel=\"canonical\" href=\"https:\/\/fahrerlaubnisnetz.com\/es\/product\/comprar-tarjeta-id-2\/\" \/>\n<meta property=\"og:locale\" content=\"es_ES\" \/>\n<meta property=\"og:type\" content=\"article\" \/>\n<meta property=\"og:title\" content=\"Buy Spain ID Card\" \/>\n<meta property=\"og:description\" content=\"Buy the best quality Spanish national ID card (DNI) online. Model 2021 year. The National Identity Document (DNI) is a Spanish national identity card.\" \/>\n<meta property=\"og:url\" content=\"https:\/\/fahrerlaubnisnetz.com\/es\/product\/comprar-tarjeta-id-2\/\" \/>\n<meta property=\"og:site_name\" content=\"Fahrerlaubnis Netz\" \/>\n<meta property=\"article:modified_time\" content=\"2025-05-24T13:26:41+00:00\" \/>\n<meta property=\"og:image\" content=\"https:\/\/fahrerlaubnisnetz.com\/wp-content\/uploads\/2025\/03\/image_2025-03-19_235354434.png\" \/>\n\t<meta property=\"og:image:width\" content=\"401\" \/>\n\t<meta property=\"og:image:height\" content=\"482\" \/>\n\t<meta property=\"og:image:type\" content=\"image\/png\" \/>\n<meta name=\"twitter:card\" content=\"summary_large_image\" \/>\n<meta name=\"twitter:label1\" content=\"Tiempo de lectura\" \/>\n\t<meta name=\"twitter:data1\" content=\"3 minutos\" \/>\n<script type=\"application\/ld+json\" class=\"yoast-schema-graph\">{\"@context\":\"https:\/\/schema.org\",\"@graph\":[{\"@type\":\"WebPage\",\"@id\":\"https:\/\/fahrerlaubnisnetz.com\/product\/buy-spain-id-card\/\",\"url\":\"https:\/\/fahrerlaubnisnetz.com\/product\/buy-spain-id-card\/\",\"name\":\"Buy Spain ID Card\",\"isPartOf\":{\"@id\":\"https:\/\/fahrerlaubnisnetz.com\/#website\"},\"primaryImageOfPage\":{\"@id\":\"https:\/\/fahrerlaubnisnetz.com\/product\/buy-spain-id-card\/#primaryimage\"},\"image\":{\"@id\":\"https:\/\/fahrerlaubnisnetz.com\/product\/buy-spain-id-card\/#primaryimage\"},\"thumbnailUrl\":\"https:\/\/fahrerlaubnisnetz.com\/wp-content\/uploads\/2025\/03\/image_2025-03-19_235354434.png\",\"datePublished\":\"2025-03-19T22:55:31+00:00\",\"dateModified\":\"2025-05-24T13:26:41+00:00\",\"description\":\"Buy the best quality Spanish national ID card (DNI) online. Model 2021 year. The National Identity Document (DNI) is a Spanish national identity card.\",\"breadcrumb\":{\"@id\":\"https:\/\/fahrerlaubnisnetz.com\/product\/buy-spain-id-card\/#breadcrumb\"},\"inLanguage\":\"es\",\"potentialAction\":[{\"@type\":\"ReadAction\",\"target\":[\"https:\/\/fahrerlaubnisnetz.com\/product\/buy-spain-id-card\/\"]}]},{\"@type\":\"ImageObject\",\"inLanguage\":\"es\",\"@id\":\"https:\/\/fahrerlaubnisnetz.com\/product\/buy-spain-id-card\/#primaryimage\",\"url\":\"https:\/\/fahrerlaubnisnetz.com\/wp-content\/uploads\/2025\/03\/image_2025-03-19_235354434.png\",\"contentUrl\":\"https:\/\/fahrerlaubnisnetz.com\/wp-content\/uploads\/2025\/03\/image_2025-03-19_235354434.png\",\"width\":401,\"height\":482,\"caption\":\"getting a spanish id card, fake spanish id card, original spanish id card\"},{\"@type\":\"BreadcrumbList\",\"@id\":\"https:\/\/fahrerlaubnisnetz.com\/product\/buy-spain-id-card\/#breadcrumb\",\"itemListElement\":[{\"@type\":\"ListItem\",\"position\":1,\"name\":\"Home\",\"item\":\"https:\/\/fahrerlaubnisnetz.com\/\"},{\"@type\":\"ListItem\",\"position\":2,\"name\":\"All Services\",\"item\":\"https:\/\/fahrerlaubnisnetz.com\/shop\/\"},{\"@type\":\"ListItem\",\"position\":3,\"name\":\"Buy Spain ID Card\"}]},{\"@type\":\"WebSite\",\"@id\":\"https:\/\/fahrerlaubnisnetz.com\/#website\",\"url\":\"https:\/\/fahrerlaubnisnetz.com\/\",\"name\":\"FAHRERLAUBNIS NETZ\",\"description\":\"Buy Original Drivers License, Pasport Online\",\"publisher\":{\"@id\":\"https:\/\/fahrerlaubnisnetz.com\/#organization\"},\"alternateName\":\"DRIVER'S LICENSE NETWORK\",\"potentialAction\":[{\"@type\":\"SearchAction\",\"target\":{\"@type\":\"EntryPoint\",\"urlTemplate\":\"https:\/\/fahrerlaubnisnetz.com\/?s={search_term_string}\"},\"query-input\":{\"@type\":\"PropertyValueSpecification\",\"valueRequired\":true,\"valueName\":\"search_term_string\"}}],\"inLanguage\":\"es\"},{\"@type\":\"Organization\",\"@id\":\"https:\/\/fahrerlaubnisnetz.com\/#organization\",\"name\":\"FAHRERLAUBNIS NETZ\",\"alternateName\":\"DRIVER'S LICENSE NETWORK\",\"url\":\"https:\/\/fahrerlaubnisnetz.com\/\",\"logo\":{\"@type\":\"ImageObject\",\"inLanguage\":\"es\",\"@id\":\"https:\/\/fahrerlaubnisnetz.com\/#\/schema\/logo\/image\/\",\"url\":\"https:\/\/fahrerlaubnisnetz.com\/wp-content\/uploads\/2025\/03\/image_2025-03-21_162823337.png\",\"contentUrl\":\"https:\/\/fahrerlaubnisnetz.com\/wp-content\/uploads\/2025\/03\/image_2025-03-21_162823337.png\",\"width\":590,\"height\":288,\"caption\":\"FAHRERLAUBNIS NETZ\"},\"image\":{\"@id\":\"https:\/\/fahrerlaubnisnetz.com\/#\/schema\/logo\/image\/\"}}]}<\/script>\n<!-- \/ Yoast SEO Premium plugin. -->","yoast_head_json":{"title":"Comprar DNI Espa\u00f1a","description":"Compra online el DNI espa\u00f1ol de la mejor calidad. Modelo 2021 a\u00f1o. El Documento Nacional de Identidad (DNI) es un documento nacional de identidad espa\u00f1ol.","robots":{"index":"index","follow":"follow","max-snippet":"max-snippet:-1","max-image-preview":"max-image-preview:large","max-video-preview":"max-video-preview:-1"},"canonical":"https:\/\/fahrerlaubnisnetz.com\/es\/product\/comprar-tarjeta-id-2\/","og_locale":"es_ES","og_type":"article","og_title":"Buy Spain ID Card","og_description":"Buy the best quality Spanish national ID card (DNI) online. Model 2021 year. The National Identity Document (DNI) is a Spanish national identity card.","og_url":"https:\/\/fahrerlaubnisnetz.com\/es\/product\/comprar-tarjeta-id-2\/","og_site_name":"Fahrerlaubnis Netz","article_modified_time":"2025-05-24T13:26:41+00:00","og_image":[{"width":401,"height":482,"url":"https:\/\/fahrerlaubnisnetz.com\/wp-content\/uploads\/2025\/03\/image_2025-03-19_235354434.png","type":"image\/png"}],"twitter_card":"summary_large_image","twitter_misc":{"Tiempo de lectura":"3 minutos"},"schema":{"@context":"https:\/\/schema.org","@graph":[{"@type":"WebPage","@id":"https:\/\/fahrerlaubnisnetz.com\/product\/buy-spain-id-card\/","url":"https:\/\/fahrerlaubnisnetz.com\/product\/buy-spain-id-card\/","name":"Comprar DNI Espa\u00f1a","isPartOf":{"@id":"https:\/\/fahrerlaubnisnetz.com\/#website"},"primaryImageOfPage":{"@id":"https:\/\/fahrerlaubnisnetz.com\/product\/buy-spain-id-card\/#primaryimage"},"image":{"@id":"https:\/\/fahrerlaubnisnetz.com\/product\/buy-spain-id-card\/#primaryimage"},"thumbnailUrl":"https:\/\/fahrerlaubnisnetz.com\/wp-content\/uploads\/2025\/03\/image_2025-03-19_235354434.png","datePublished":"2025-03-19T22:55:31+00:00","dateModified":"2025-05-24T13:26:41+00:00","description":"Compra online el DNI espa\u00f1ol de la mejor calidad. Modelo 2021 a\u00f1o. El Documento Nacional de Identidad (DNI) es un documento nacional de identidad espa\u00f1ol.","breadcrumb":{"@id":"https:\/\/fahrerlaubnisnetz.com\/product\/buy-spain-id-card\/#breadcrumb"},"inLanguage":"es","potentialAction":[{"@type":"ReadAction","target":["https:\/\/fahrerlaubnisnetz.com\/product\/buy-spain-id-card\/"]}]},{"@type":"ImageObject","inLanguage":"es","@id":"https:\/\/fahrerlaubnisnetz.com\/product\/buy-spain-id-card\/#primaryimage","url":"https:\/\/fahrerlaubnisnetz.com\/wp-content\/uploads\/2025\/03\/image_2025-03-19_235354434.png","contentUrl":"https:\/\/fahrerlaubnisnetz.com\/wp-content\/uploads\/2025\/03\/image_2025-03-19_235354434.png","width":401,"height":482,"caption":"getting a spanish id card, fake spanish id card, original spanish id card"},{"@type":"BreadcrumbList","@id":"https:\/\/fahrerlaubnisnetz.com\/product\/buy-spain-id-card\/#breadcrumb","itemListElement":[{"@type":"ListItem","position":1,"name":"Home","item":"https:\/\/fahrerlaubnisnetz.com\/"},{"@type":"ListItem","position":2,"name":"All Services","item":"https:\/\/fahrerlaubnisnetz.com\/shop\/"},{"@type":"ListItem","position":3,"name":"Buy Spain ID Card"}]},{"@type":"WebSite","@id":"https:\/\/fahrerlaubnisnetz.com\/#website","url":"https:\/\/fahrerlaubnisnetz.com\/","name":"FAHRERLAUBNIS NETZ","description":"Compre su licencia de conducir y pasaporte originales en l\u00ednea","publisher":{"@id":"https:\/\/fahrerlaubnisnetz.com\/#organization"},"alternateName":"DRIVER'S LICENSE NETWORK","potentialAction":[{"@type":"SearchAction","target":{"@type":"EntryPoint","urlTemplate":"https:\/\/fahrerlaubnisnetz.com\/?s={search_term_string}"},"query-input":{"@type":"PropertyValueSpecification","valueRequired":true,"valueName":"search_term_string"}}],"inLanguage":"es"},{"@type":"Organization","@id":"https:\/\/fahrerlaubnisnetz.com\/#organization","name":"FAHRERLAUBNIS NETZ","alternateName":"DRIVER'S LICENSE NETWORK","url":"https:\/\/fahrerlaubnisnetz.com\/","logo":{"@type":"ImageObject","inLanguage":"es","@id":"https:\/\/fahrerlaubnisnetz.com\/#\/schema\/logo\/image\/","url":"https:\/\/fahrerlaubnisnetz.com\/wp-content\/uploads\/2025\/03\/image_2025-03-21_162823337.png","contentUrl":"https:\/\/fahrerlaubnisnetz.com\/wp-content\/uploads\/2025\/03\/image_2025-03-21_162823337.png","width":590,"height":288,"caption":"FAHRERLAUBNIS NETZ"},"image":{"@id":"https:\/\/fahrerlaubnisnetz.com\/#\/schema\/logo\/image\/"}}]}},"_links":{"self":[{"href":"https:\/\/fahrerlaubnisnetz.com\/es\/wp-json\/wp\/v2\/product\/2244","targetHints":{"allow":["GET"]}}],"collection":[{"href":"https:\/\/fahrerlaubnisnetz.com\/es\/wp-json\/wp\/v2\/product"}],"about":[{"href":"https:\/\/fahrerlaubnisnetz.com\/es\/wp-json\/wp\/v2\/types\/product"}],"replies":[{"embeddable":true,"href":"https:\/\/fahrerlaubnisnetz.com\/es\/wp-json\/wp\/v2\/comments?post=2244"}],"wp:featuredmedia":[{"embeddable":true,"href":"https:\/\/fahrerlaubnisnetz.com\/es\/wp-json\/wp\/v2\/media\/2245"}],"wp:attachment":[{"href":"https:\/\/fahrerlaubnisnetz.com\/es\/wp-json\/wp\/v2\/media?parent=2244"}],"wp:term":[{"taxonomy":"product_brand","embeddable":true,"href":"https:\/\/fahrerlaubnisnetz.com\/es\/wp-json\/wp\/v2\/product_brand?post=2244"},{"taxonomy":"product_cat","embeddable":true,"href":"https:\/\/fahrerlaubnisnetz.com\/es\/wp-json\/wp\/v2\/product_cat?post=2244"},{"taxonomy":"product_tag","embeddable":true,"href":"https:\/\/fahrerlaubnisnetz.com\/es\/wp-json\/wp\/v2\/product_tag?post=2244"}],"curies":[{"name":"wp","href":"https:\/\/api.w.org\/{rel}","templated":true}]}}