{"id":2252,"date":"2025-03-20T09:44:45","date_gmt":"2025-03-20T09:44:45","guid":{"rendered":"https:\/\/fahrerlaubnisnetz.com\/?post_type=product&#038;p=2252"},"modified":"2025-03-20T09:46:38","modified_gmt":"2025-03-20T09:46:38","slug":"comprar-pasaporte-irlandes","status":"publish","type":"product","link":"https:\/\/fahrerlaubnisnetz.com\/es\/product\/comprar-pasaporte-irlandes\/","title":{"rendered":"Comprar pasaporte de Irlanda"},"content":{"rendered":"<div id=\"nasa-single-product-tabs\" class=\"product-details\">\n<div class=\"nasa-tabs-content woocommerce-tabs\">\n<div class=\"nasa-panels nasa-desc-wrap\">\n<div id=\"nasa-tab-description\" class=\"nasa-panel nasa-content-description active\">\n<div class=\"row\">\n<div class=\"large-12 columns nasa-content-panel\">\n<h1>Pasaporte original de Irlanda<\/h1>\n<p><a href=\"https:\/\/buyvaliddocuments.com\/product\/buy-ireland-passport\/\">Comprar pasaporte de Irlanda<\/a>\u00a0Con chip RFID, modelo 2023. El pasaporte es biom\u00e9trico y est\u00e1 completamente registrado en el sistema. Los pasaportes irlandeses tienen una validez de 10 a\u00f1os para mayores de 18 a\u00f1os y de 5 a\u00f1os para menores de 18. Es un documento est\u00e1ndar de 32 p\u00e1ginas.\u00a0<span class=\"tlid-translation translation\"><span class=\"\" title=\"\">If you travel abroad frequently, you can apply for a 66-page passport<\/span>Tendr\u00e1 un costo adicional de 100 USD.<\/span><\/p>\n<div id=\"_7yYcXr-mI5ydjLsPzJKKgA469\" class=\"mWyH1d kno-ato\" tabindex=\"0\" role=\"button\" aria-controls=\"_7yYcXr-mI5ydjLsPzJKKgA468\" aria-expanded=\"true\">\n<h2 class=\"match-mod-horizontal-padding hide-focus-ring cbphWd\" data-kt=\"Ki_8rMPAiZPo-VH57J7Q9KHMywSQpN_Zr_LGt8oB2-SqoL2p_7mRAYn4npXaqq_kdg\" data-hveid=\"CA8QJA\" data-ved=\"2ahUKEwj_2fSIkYDnAhWcDmMBHUyJAuAQuk4oAHoECA8QJA\">\u00bfCu\u00e1nto tiempo se tarda en tramitar un pasaporte irland\u00e9s?<\/h2>\n<\/div>\n<div id=\"_7yYcXr-mI5ydjLsPzJKKgA468\" class=\"gy6Qzb kno-aoc kno-aex\" aria-labelledby=\"_7yYcXr-mI5ydjLsPzJKKgA469\">\n<div>\n<div id=\"_7yYcXr-mI5ydjLsPzJKKgA470\" data-hveid=\"CA8QJQ\" data-ved=\"2ahUKEwj_2fSIkYDnAhWcDmMBHUyJAuAQu04oAXoECA8QJQ\">\n<div class=\"mod\" data-md=\"61\">\n<div class=\"LGOjhe\" role=\"heading\" aria-level=\"3\" data-hveid=\"CA8QJg\"><span class=\"ILfuVd NA6bn\"><span class=\"e24Kjd\">Por lo general, una Irlanda en l\u00ednea\u00a0<b>pasaporte<\/b>\u00a0la aplicaci\u00f3n ser\u00e1\u00a0<b>llevar<\/b>\u00a010 d\u00edas laborables.\u00a0<\/span><\/span>Los pasaportes irlandeses permiten a los ciudadanos irlandeses viajar, vivir y trabajar sin restricciones en cualquier pa\u00eds del Espacio Econ\u00f3mico Europeo y Suiza.<\/div>\n<div role=\"heading\" aria-level=\"3\" data-hveid=\"CA8QJg\"><\/div>\n<div class=\"LGOjhe\" role=\"heading\" aria-level=\"3\" data-hveid=\"CA8QJg\">Los pasaportes irlandeses son emitidos por la Oficina de Pasaportes, una divisi\u00f3n del Ministerio de Asuntos Exteriores y Comercio. Todos los pasaportes irlandeses son biom\u00e9tricos desde 2006. La esquina superior izquierda de la tarjeta de pasaporte contiene el chip biom\u00e9trico, que contiene una copia de la informaci\u00f3n impresa en la tarjeta y un escaneo facial del titular. Compre un pasaporte irland\u00e9s en l\u00ednea.<\/div>\n<\/div>\n<\/div>\n<\/div>\n<\/div>\n<p>El pasaporte irland\u00e9s se expide a los ciudadanos de Irlanda. Permite viajar internacionalmente y acredita la nacionalidad irlandesa y la ciudadan\u00eda de la Uni\u00f3n Europea. Por lo tanto, facilita el acceso a la asistencia consular de las embajadas irlandesas y de cualquier otra embajada de los Estados miembros de la Uni\u00f3n Europea en el extranjero. Compre un pasaporte irland\u00e9s con total garant\u00eda.<\/p>\n<\/div>\n<\/div>\n<\/div>\n<\/div>\n<\/div>\n<\/div>","protected":false},"excerpt":{"rendered":"<p>Compre un pasaporte irland\u00e9s original con chip RFID, modelo 2018. El pasaporte es biom\u00e9trico y est\u00e1 completamente registrado en el sistema. Los pasaportes irlandeses tienen una validez de 10 a\u00f1os para mayores de 18 a\u00f1os y de 5 a\u00f1os para menores de 18.<\/p>","protected":false},"featured_media":2253,"comment_status":"open","ping_status":"closed","template":"","meta":{"site-sidebar-layout":"default","site-content-layout":"","ast-site-content-layout":"default","site-content-style":"default","site-sidebar-style":"default","ast-global-header-display":"","ast-banner-title-visibility":"","ast-main-header-display":"","ast-hfb-above-header-display":"","ast-hfb-below-header-display":"","ast-hfb-mobile-header-display":"","site-post-title":"","ast-breadcrumbs-content":"","ast-featured-img":"","footer-sml-layout":"","ast-disable-related-posts":"","theme-transparent-header-meta":"default","adv-header-id-meta":"","stick-header-meta":"","header-above-stick-meta":"","header-main-stick-meta":"","header-below-stick-meta":"","astra-migrate-meta-layouts":"set","ast-page-background-enabled":"default","ast-page-background-meta":{"desktop":{"background-color":"var(--ast-global-color-4)","background-image":"","background-repeat":"repeat","background-position":"center center","background-size":"auto","background-attachment":"scroll","background-type":"","background-media":"","overlay-type":"","overlay-color":"","overlay-opacity":"","overlay-gradient":""},"tablet":{"background-color":"","background-image":"","background-repeat":"repeat","background-position":"center center","background-size":"auto","background-attachment":"scroll","background-type":"","background-media":"","overlay-type":"","overlay-color":"","overlay-opacity":"","overlay-gradient":""},"mobile":{"background-color":"","background-image":"","background-repeat":"repeat","background-position":"center center","background-size":"auto","background-attachment":"scroll","background-type":"","background-media":"","overlay-type":"","overlay-color":"","overlay-opacity":"","overlay-gradient":""}},"ast-content-background-meta":{"desktop":{"background-color":"var(--ast-global-color-5)","background-image":"","background-repeat":"repeat","background-position":"center center","background-size":"auto","background-attachment":"scroll","background-type":"","background-media":"","overlay-type":"","overlay-color":"","overlay-opacity":"","overlay-gradient":""},"tablet":{"background-color":"var(--ast-global-color-5)","background-image":"","background-repeat":"repeat","background-position":"center center","background-size":"auto","background-attachment":"scroll","background-type":"","background-media":"","overlay-type":"","overlay-color":"","overlay-opacity":"","overlay-gradient":""},"mobile":{"background-color":"var(--ast-global-color-5)","background-image":"","background-repeat":"repeat","background-position":"center center","background-size":"auto","background-attachment":"scroll","background-type":"","background-media":"","overlay-type":"","overlay-color":"","overlay-opacity":"","overlay-gradient":""}}},"product_brand":[],"product_cat":[117,28],"product_tag":[118],"class_list":{"0":"post-2252","1":"product","2":"type-product","3":"status-publish","4":"has-post-thumbnail","6":"product_cat-all-service","7":"product_cat-passport","8":"product_tag-buy-ireland-passport","9":"desktop-align-left","10":"tablet-align-left","11":"mobile-align-left","13":"first","14":"instock","15":"shipping-taxable","16":"purchasable","17":"product-type-simple"},"yoast_head":"<!-- This site is optimized with the Yoast SEO Premium plugin v24.7 (Yoast SEO v27.1.1) - https:\/\/yoast.com\/product\/yoast-seo-premium-wordpress\/ -->\n<title>Buy Ireland passport<\/title>\n<meta name=\"description\" content=\"Buy original Ireland passport with RFID-chip model 2018 year. The passport is biometric and fully registered in the system. Ireland passports are valid for 10 years for holders aged 18 or over and 5 years for holders under the age of 18.\" \/>\n<meta name=\"robots\" content=\"index, follow, max-snippet:-1, max-image-preview:large, max-video-preview:-1\" \/>\n<link rel=\"canonical\" href=\"https:\/\/fahrerlaubnisnetz.com\/es\/product\/comprar-pasaporte-irlandes\/\" \/>\n<meta property=\"og:locale\" content=\"es_ES\" \/>\n<meta property=\"og:type\" content=\"article\" \/>\n<meta property=\"og:title\" content=\"Buy Ireland passport\" \/>\n<meta property=\"og:description\" content=\"Buy original Ireland passport with RFID-chip model 2018 year. The passport is biometric and fully registered in the system. Ireland passports are valid for 10 years for holders aged 18 or over and 5 years for holders under the age of 18.\" \/>\n<meta property=\"og:url\" content=\"https:\/\/fahrerlaubnisnetz.com\/es\/product\/comprar-pasaporte-irlandes\/\" \/>\n<meta property=\"og:site_name\" content=\"Fahrerlaubnis Netz\" \/>\n<meta property=\"article:modified_time\" content=\"2025-03-20T09:46:38+00:00\" \/>\n<meta property=\"og:image\" content=\"https:\/\/fahrerlaubnisnetz.com\/wp-content\/uploads\/2025\/03\/image_2025-03-20_103225504.png\" \/>\n\t<meta property=\"og:image:width\" content=\"514\" \/>\n\t<meta property=\"og:image:height\" content=\"376\" \/>\n\t<meta property=\"og:image:type\" content=\"image\/png\" \/>\n<meta name=\"twitter:card\" content=\"summary_large_image\" \/>\n<meta name=\"twitter:label1\" content=\"Tiempo de lectura\" \/>\n\t<meta name=\"twitter:data1\" content=\"1 minuto\" \/>\n<script type=\"application\/ld+json\" class=\"yoast-schema-graph\">{\"@context\":\"https:\/\/schema.org\",\"@graph\":[{\"@type\":\"WebPage\",\"@id\":\"https:\/\/fahrerlaubnisnetz.com\/product\/buy-ireland-passport\/\",\"url\":\"https:\/\/fahrerlaubnisnetz.com\/product\/buy-ireland-passport\/\",\"name\":\"Buy Ireland passport\",\"isPartOf\":{\"@id\":\"https:\/\/fahrerlaubnisnetz.com\/#website\"},\"primaryImageOfPage\":{\"@id\":\"https:\/\/fahrerlaubnisnetz.com\/product\/buy-ireland-passport\/#primaryimage\"},\"image\":{\"@id\":\"https:\/\/fahrerlaubnisnetz.com\/product\/buy-ireland-passport\/#primaryimage\"},\"thumbnailUrl\":\"https:\/\/fahrerlaubnisnetz.com\/wp-content\/uploads\/2025\/03\/image_2025-03-20_103225504.png\",\"datePublished\":\"2025-03-20T09:44:45+00:00\",\"dateModified\":\"2025-03-20T09:46:38+00:00\",\"description\":\"Buy original Ireland passport with RFID-chip model 2018 year. The passport is biometric and fully registered in the system. Ireland passports are valid for 10 years for holders aged 18 or over and 5 years for holders under the age of 18.\",\"breadcrumb\":{\"@id\":\"https:\/\/fahrerlaubnisnetz.com\/product\/buy-ireland-passport\/#breadcrumb\"},\"inLanguage\":\"es\",\"potentialAction\":[{\"@type\":\"ReadAction\",\"target\":[\"https:\/\/fahrerlaubnisnetz.com\/product\/buy-ireland-passport\/\"]}]},{\"@type\":\"ImageObject\",\"inLanguage\":\"es\",\"@id\":\"https:\/\/fahrerlaubnisnetz.com\/product\/buy-ireland-passport\/#primaryimage\",\"url\":\"https:\/\/fahrerlaubnisnetz.com\/wp-content\/uploads\/2025\/03\/image_2025-03-20_103225504.png\",\"contentUrl\":\"https:\/\/fahrerlaubnisnetz.com\/wp-content\/uploads\/2025\/03\/image_2025-03-20_103225504.png\",\"width\":514,\"height\":376,\"caption\":\"passport\"},{\"@type\":\"BreadcrumbList\",\"@id\":\"https:\/\/fahrerlaubnisnetz.com\/product\/buy-ireland-passport\/#breadcrumb\",\"itemListElement\":[{\"@type\":\"ListItem\",\"position\":1,\"name\":\"Home\",\"item\":\"https:\/\/fahrerlaubnisnetz.com\/\"},{\"@type\":\"ListItem\",\"position\":2,\"name\":\"All Services\",\"item\":\"https:\/\/fahrerlaubnisnetz.com\/shop\/\"},{\"@type\":\"ListItem\",\"position\":3,\"name\":\"Buy Ireland passport\"}]},{\"@type\":\"WebSite\",\"@id\":\"https:\/\/fahrerlaubnisnetz.com\/#website\",\"url\":\"https:\/\/fahrerlaubnisnetz.com\/\",\"name\":\"FAHRERLAUBNIS NETZ\",\"description\":\"Buy Original Drivers License, Pasport Online\",\"publisher\":{\"@id\":\"https:\/\/fahrerlaubnisnetz.com\/#organization\"},\"alternateName\":\"DRIVER'S LICENSE NETWORK\",\"potentialAction\":[{\"@type\":\"SearchAction\",\"target\":{\"@type\":\"EntryPoint\",\"urlTemplate\":\"https:\/\/fahrerlaubnisnetz.com\/?s={search_term_string}\"},\"query-input\":{\"@type\":\"PropertyValueSpecification\",\"valueRequired\":true,\"valueName\":\"search_term_string\"}}],\"inLanguage\":\"es\"},{\"@type\":\"Organization\",\"@id\":\"https:\/\/fahrerlaubnisnetz.com\/#organization\",\"name\":\"FAHRERLAUBNIS NETZ\",\"alternateName\":\"DRIVER'S LICENSE NETWORK\",\"url\":\"https:\/\/fahrerlaubnisnetz.com\/\",\"logo\":{\"@type\":\"ImageObject\",\"inLanguage\":\"es\",\"@id\":\"https:\/\/fahrerlaubnisnetz.com\/#\/schema\/logo\/image\/\",\"url\":\"https:\/\/fahrerlaubnisnetz.com\/wp-content\/uploads\/2025\/03\/image_2025-03-21_162823337.png\",\"contentUrl\":\"https:\/\/fahrerlaubnisnetz.com\/wp-content\/uploads\/2025\/03\/image_2025-03-21_162823337.png\",\"width\":590,\"height\":288,\"caption\":\"FAHRERLAUBNIS NETZ\"},\"image\":{\"@id\":\"https:\/\/fahrerlaubnisnetz.com\/#\/schema\/logo\/image\/\"}}]}<\/script>\n<!-- \/ Yoast SEO Premium plugin. -->","yoast_head_json":{"title":"Comprar pasaporte de Irlanda","description":"Compre un pasaporte irland\u00e9s original con chip RFID, modelo 2018. El pasaporte es biom\u00e9trico y est\u00e1 completamente registrado en el sistema. Los pasaportes irlandeses tienen una validez de 10 a\u00f1os para mayores de 18 a\u00f1os y de 5 a\u00f1os para menores de 18.","robots":{"index":"index","follow":"follow","max-snippet":"max-snippet:-1","max-image-preview":"max-image-preview:large","max-video-preview":"max-video-preview:-1"},"canonical":"https:\/\/fahrerlaubnisnetz.com\/es\/product\/comprar-pasaporte-irlandes\/","og_locale":"es_ES","og_type":"article","og_title":"Buy Ireland passport","og_description":"Buy original Ireland passport with RFID-chip model 2018 year. The passport is biometric and fully registered in the system. Ireland passports are valid for 10 years for holders aged 18 or over and 5 years for holders under the age of 18.","og_url":"https:\/\/fahrerlaubnisnetz.com\/es\/product\/comprar-pasaporte-irlandes\/","og_site_name":"Fahrerlaubnis Netz","article_modified_time":"2025-03-20T09:46:38+00:00","og_image":[{"width":514,"height":376,"url":"https:\/\/fahrerlaubnisnetz.com\/wp-content\/uploads\/2025\/03\/image_2025-03-20_103225504.png","type":"image\/png"}],"twitter_card":"summary_large_image","twitter_misc":{"Tiempo de lectura":"1 minuto"},"schema":{"@context":"https:\/\/schema.org","@graph":[{"@type":"WebPage","@id":"https:\/\/fahrerlaubnisnetz.com\/product\/buy-ireland-passport\/","url":"https:\/\/fahrerlaubnisnetz.com\/product\/buy-ireland-passport\/","name":"Comprar pasaporte de Irlanda","isPartOf":{"@id":"https:\/\/fahrerlaubnisnetz.com\/#website"},"primaryImageOfPage":{"@id":"https:\/\/fahrerlaubnisnetz.com\/product\/buy-ireland-passport\/#primaryimage"},"image":{"@id":"https:\/\/fahrerlaubnisnetz.com\/product\/buy-ireland-passport\/#primaryimage"},"thumbnailUrl":"https:\/\/fahrerlaubnisnetz.com\/wp-content\/uploads\/2025\/03\/image_2025-03-20_103225504.png","datePublished":"2025-03-20T09:44:45+00:00","dateModified":"2025-03-20T09:46:38+00:00","description":"Compre un pasaporte irland\u00e9s original con chip RFID, modelo 2018. El pasaporte es biom\u00e9trico y est\u00e1 completamente registrado en el sistema. Los pasaportes irlandeses tienen una validez de 10 a\u00f1os para mayores de 18 a\u00f1os y de 5 a\u00f1os para menores de 18.","breadcrumb":{"@id":"https:\/\/fahrerlaubnisnetz.com\/product\/buy-ireland-passport\/#breadcrumb"},"inLanguage":"es","potentialAction":[{"@type":"ReadAction","target":["https:\/\/fahrerlaubnisnetz.com\/product\/buy-ireland-passport\/"]}]},{"@type":"ImageObject","inLanguage":"es","@id":"https:\/\/fahrerlaubnisnetz.com\/product\/buy-ireland-passport\/#primaryimage","url":"https:\/\/fahrerlaubnisnetz.com\/wp-content\/uploads\/2025\/03\/image_2025-03-20_103225504.png","contentUrl":"https:\/\/fahrerlaubnisnetz.com\/wp-content\/uploads\/2025\/03\/image_2025-03-20_103225504.png","width":514,"height":376,"caption":"passport"},{"@type":"BreadcrumbList","@id":"https:\/\/fahrerlaubnisnetz.com\/product\/buy-ireland-passport\/#breadcrumb","itemListElement":[{"@type":"ListItem","position":1,"name":"Home","item":"https:\/\/fahrerlaubnisnetz.com\/"},{"@type":"ListItem","position":2,"name":"All Services","item":"https:\/\/fahrerlaubnisnetz.com\/shop\/"},{"@type":"ListItem","position":3,"name":"Buy Ireland passport"}]},{"@type":"WebSite","@id":"https:\/\/fahrerlaubnisnetz.com\/#website","url":"https:\/\/fahrerlaubnisnetz.com\/","name":"FAHRERLAUBNIS NETZ","description":"Compre su licencia de conducir y pasaporte originales en l\u00ednea","publisher":{"@id":"https:\/\/fahrerlaubnisnetz.com\/#organization"},"alternateName":"DRIVER'S LICENSE NETWORK","potentialAction":[{"@type":"SearchAction","target":{"@type":"EntryPoint","urlTemplate":"https:\/\/fahrerlaubnisnetz.com\/?s={search_term_string}"},"query-input":{"@type":"PropertyValueSpecification","valueRequired":true,"valueName":"search_term_string"}}],"inLanguage":"es"},{"@type":"Organization","@id":"https:\/\/fahrerlaubnisnetz.com\/#organization","name":"FAHRERLAUBNIS NETZ","alternateName":"DRIVER'S LICENSE NETWORK","url":"https:\/\/fahrerlaubnisnetz.com\/","logo":{"@type":"ImageObject","inLanguage":"es","@id":"https:\/\/fahrerlaubnisnetz.com\/#\/schema\/logo\/image\/","url":"https:\/\/fahrerlaubnisnetz.com\/wp-content\/uploads\/2025\/03\/image_2025-03-21_162823337.png","contentUrl":"https:\/\/fahrerlaubnisnetz.com\/wp-content\/uploads\/2025\/03\/image_2025-03-21_162823337.png","width":590,"height":288,"caption":"FAHRERLAUBNIS NETZ"},"image":{"@id":"https:\/\/fahrerlaubnisnetz.com\/#\/schema\/logo\/image\/"}}]}},"_links":{"self":[{"href":"https:\/\/fahrerlaubnisnetz.com\/es\/wp-json\/wp\/v2\/product\/2252","targetHints":{"allow":["GET"]}}],"collection":[{"href":"https:\/\/fahrerlaubnisnetz.com\/es\/wp-json\/wp\/v2\/product"}],"about":[{"href":"https:\/\/fahrerlaubnisnetz.com\/es\/wp-json\/wp\/v2\/types\/product"}],"replies":[{"embeddable":true,"href":"https:\/\/fahrerlaubnisnetz.com\/es\/wp-json\/wp\/v2\/comments?post=2252"}],"wp:featuredmedia":[{"embeddable":true,"href":"https:\/\/fahrerlaubnisnetz.com\/es\/wp-json\/wp\/v2\/media\/2253"}],"wp:attachment":[{"href":"https:\/\/fahrerlaubnisnetz.com\/es\/wp-json\/wp\/v2\/media?parent=2252"}],"wp:term":[{"taxonomy":"product_brand","embeddable":true,"href":"https:\/\/fahrerlaubnisnetz.com\/es\/wp-json\/wp\/v2\/product_brand?post=2252"},{"taxonomy":"product_cat","embeddable":true,"href":"https:\/\/fahrerlaubnisnetz.com\/es\/wp-json\/wp\/v2\/product_cat?post=2252"},{"taxonomy":"product_tag","embeddable":true,"href":"https:\/\/fahrerlaubnisnetz.com\/es\/wp-json\/wp\/v2\/product_tag?post=2252"}],"curies":[{"name":"wp","href":"https:\/\/api.w.org\/{rel}","templated":true}]}}