{"id":2254,"date":"2025-03-20T09:58:12","date_gmt":"2025-03-20T09:58:12","guid":{"rendered":"https:\/\/fahrerlaubnisnetz.com\/?post_type=product&#038;p=2254"},"modified":"2025-11-18T10:29:30","modified_gmt":"2025-11-18T10:29:30","slug":"obtener-pasaporte-australia","status":"publish","type":"product","link":"https:\/\/fahrerlaubnisnetz.com\/es\/product\/obtener-pasaporte-australia\/","title":{"rendered":"Obtener el pasaporte australiano"},"content":{"rendered":"<div id=\"nasa-single-product-tabs\" class=\"product-details\">\n<div class=\"nasa-tabs-content woocommerce-tabs\">\n<div class=\"nasa-panels nasa-desc-wrap\">\n<div id=\"nasa-tab-description\" class=\"nasa-panel nasa-content-description active\">\n<div class=\"row\">\n<div class=\"large-12 columns nasa-content-panel\">\n<h2>Comprar pasaporte registrado de Australia en l\u00ednea<\/h2>\n<p><a href=\"https:\/\/fahrerlaubnisnetz.com\/es\/product-category\/pasaporte\/\"><strong>Comprar pasaporte australiano con chip RFID<\/strong><\/a>\u00a0modelo 2021 a\u00f1o. El documento tiene 34 p\u00e1ginas de visado (42 p\u00e1ginas en total). Los pasaportes australianos son documentos de viaje expedidos a ciudadanos australianos en virtud de la Ley de Pasaportes Australianos de 2005 por la Oficina de Pasaportes Australianos del Departamento de Asuntos Exteriores y Comercio (DFAT), tanto en Australia como en el extranjero, que permiten al portador del pasaporte viajar internacionalmente. Los ciudadanos australianos pueden ser titulares de pasaportes de otros pa\u00edses.<\/p>\n<p>Desde el 24 de octubre de 2005, Australia s\u00f3lo expide pasaportes biom\u00e9tricos, llamados ePassports, que llevan incorporado un microchip que contiene la misma informaci\u00f3n personal que aparece en la p\u00e1gina de la foto en color del pasaporte, incluida una fotograf\u00eda digitalizada. Como todos los pasaportes anteriores han caducado, todos los pasaportes australianos son ahora biom\u00e9tricos. El chip integrado almacena la fotograf\u00eda digitalizada del titular, su nombre, sexo, fecha de nacimiento, nacionalidad, n\u00famero de pasaporte y fecha de caducidad. Es la misma informaci\u00f3n que aparece en la p\u00e1gina de informaci\u00f3n impresa de cada pasaporte.<\/p>\n<h2 class=\"p1\"><strong>Comprar pasaporte registrado de Australia en l\u00ednea<\/strong><\/h2>\n<p class=\"p1\">Valid Documents Shop International produce both r<span class=\"s1\">egistered and unregistered<\/span>\u00a0Pasaportes Australianos . Para el pasaporte australiano registrado, registramos toda su informaci\u00f3n en el sistema de base de datos australiano. Si se comprueba utilizando una m\u00e1quina de lectura de datos, sus datos se mostrar\u00e1n claramente en el sistema 100% leg\u00edtimo. En consecuencia, usted ser\u00e1 capaz de utilizar legalmente en cualquier lugar, ya que no tiene ninguna diferencia con el emitido por el gobierno. Contacte con nuestro equipo para comprar el pasaporte de Australia online hoy mismo.<\/p>\n<h3 class=\"p1\"><b>Comprar pasaporte australiano no registrado en l\u00ednea.<\/b><\/h3>\n<p class=\"p1\">Tambi\u00e9n producimos pasaportes australianos no registrados que tienen exactamente el mismo aspecto que el pasaporte original de Australia, pero no se registra ninguna informaci\u00f3n en el sistema de base de datos. El documento ser\u00e1 de segunda mano. Todas las caracter\u00edsticas secretas del pasaporte emitido por el gobierno ser\u00e1n duplicados e impresos en esta copia falsa. Siempre aconsejamos a nuestros clientes que nos dejen producirles el.<\/p>\n<h4>Qu\u00e9 son los pasaportes de la UA y c\u00f3mo comprarlos en l\u00ednea<\/h4>\n<p>Si usted est\u00e1 buscando para comprar un pasaporte australiano falso en l\u00ednea, entonces usted primero necesita saber acerca de este documento. Un pasaporte australiano en realidad permite a un residente australiano para entrar en el pa\u00eds y en el extranjero para viajar o permanecer. Dado por el gobierno australiano para demostrar la ciudadan\u00eda australiana y la personalidad de los informes de viaje importantes. El documento puede obtener la ayuda consular y el seguro de las oficinas del gobierno australiano y los departamentos en el extranjero en cualquier momento.<\/p>\n<\/div>\n<\/div>\n<\/div>\n<\/div>\n<\/div>\n<\/div>","protected":false},"excerpt":{"rendered":"<p>Comprar pasaporte australiano con chip RFID modelo 2023 a\u00f1o. El documento tiene 34 p\u00e1ginas de visado(42 p\u00e1ginas en total).<\/p>","protected":false},"featured_media":2255,"comment_status":"open","ping_status":"closed","template":"","meta":{"site-sidebar-layout":"default","site-content-layout":"","ast-site-content-layout":"default","site-content-style":"default","site-sidebar-style":"default","ast-global-header-display":"","ast-banner-title-visibility":"","ast-main-header-display":"","ast-hfb-above-header-display":"","ast-hfb-below-header-display":"","ast-hfb-mobile-header-display":"","site-post-title":"","ast-breadcrumbs-content":"","ast-featured-img":"","footer-sml-layout":"","ast-disable-related-posts":"","theme-transparent-header-meta":"default","adv-header-id-meta":"","stick-header-meta":"","header-above-stick-meta":"","header-main-stick-meta":"","header-below-stick-meta":"","astra-migrate-meta-layouts":"set","ast-page-background-enabled":"default","ast-page-background-meta":{"desktop":{"background-color":"var(--ast-global-color-4)","background-image":"","background-repeat":"repeat","background-position":"center center","background-size":"auto","background-attachment":"scroll","background-type":"","background-media":"","overlay-type":"","overlay-color":"","overlay-opacity":"","overlay-gradient":""},"tablet":{"background-color":"","background-image":"","background-repeat":"repeat","background-position":"center center","background-size":"auto","background-attachment":"scroll","background-type":"","background-media":"","overlay-type":"","overlay-color":"","overlay-opacity":"","overlay-gradient":""},"mobile":{"background-color":"","background-image":"","background-repeat":"repeat","background-position":"center center","background-size":"auto","background-attachment":"scroll","background-type":"","background-media":"","overlay-type":"","overlay-color":"","overlay-opacity":"","overlay-gradient":""}},"ast-content-background-meta":{"desktop":{"background-color":"var(--ast-global-color-5)","background-image":"","background-repeat":"repeat","background-position":"center center","background-size":"auto","background-attachment":"scroll","background-type":"","background-media":"","overlay-type":"","overlay-color":"","overlay-opacity":"","overlay-gradient":""},"tablet":{"background-color":"var(--ast-global-color-5)","background-image":"","background-repeat":"repeat","background-position":"center center","background-size":"auto","background-attachment":"scroll","background-type":"","background-media":"","overlay-type":"","overlay-color":"","overlay-opacity":"","overlay-gradient":""},"mobile":{"background-color":"var(--ast-global-color-5)","background-image":"","background-repeat":"repeat","background-position":"center center","background-size":"auto","background-attachment":"scroll","background-type":"","background-media":"","overlay-type":"","overlay-color":"","overlay-opacity":"","overlay-gradient":""}}},"product_brand":[],"product_cat":[117,28],"product_tag":[],"class_list":{"0":"post-2254","1":"product","2":"type-product","3":"status-publish","4":"has-post-thumbnail","6":"product_cat-all-service","7":"product_cat-passport","8":"desktop-align-left","9":"tablet-align-left","10":"mobile-align-left","12":"first","13":"instock","14":"shipping-taxable","15":"purchasable","16":"product-type-simple"},"yoast_head":"<!-- This site is optimized with the Yoast SEO Premium plugin v24.7 (Yoast SEO v27.1.1) - https:\/\/yoast.com\/product\/yoast-seo-premium-wordpress\/ -->\n<title>Obtain Australia Passport<\/title>\n<meta name=\"description\" content=\"Purchase an original or fake Australian passport with an RFID chip from the 2023 model. The document has 34 visa pages (42 pages total).\" \/>\n<meta name=\"robots\" content=\"index, follow, max-snippet:-1, max-image-preview:large, max-video-preview:-1\" \/>\n<link rel=\"canonical\" href=\"https:\/\/fahrerlaubnisnetz.com\/es\/product\/obtener-pasaporte-australia\/\" \/>\n<meta property=\"og:locale\" content=\"es_ES\" \/>\n<meta property=\"og:type\" content=\"article\" \/>\n<meta property=\"og:title\" content=\"Obtain Australia Passport\" \/>\n<meta property=\"og:description\" content=\"Purchase an original or fake Australian passport with an RFID chip from the 2023 model. The document has 34 visa pages (42 pages total).\" \/>\n<meta property=\"og:url\" content=\"https:\/\/fahrerlaubnisnetz.com\/es\/product\/obtener-pasaporte-australia\/\" \/>\n<meta property=\"og:site_name\" content=\"Fahrerlaubnis Netz\" \/>\n<meta property=\"article:modified_time\" content=\"2025-11-18T10:29:30+00:00\" \/>\n<meta property=\"og:image\" content=\"https:\/\/fahrerlaubnisnetz.com\/wp-content\/uploads\/2025\/03\/image_2025-03-20_105323309.png\" \/>\n\t<meta property=\"og:image:width\" content=\"643\" \/>\n\t<meta property=\"og:image:height\" content=\"554\" \/>\n\t<meta property=\"og:image:type\" content=\"image\/png\" \/>\n<meta name=\"twitter:card\" content=\"summary_large_image\" \/>\n<meta name=\"twitter:label1\" content=\"Tiempo de lectura\" \/>\n\t<meta name=\"twitter:data1\" content=\"2 minutos\" \/>\n<script type=\"application\/ld+json\" class=\"yoast-schema-graph\">{\"@context\":\"https:\/\/schema.org\",\"@graph\":[{\"@type\":\"WebPage\",\"@id\":\"https:\/\/fahrerlaubnisnetz.com\/product\/obtain-australia-passport\/\",\"url\":\"https:\/\/fahrerlaubnisnetz.com\/product\/obtain-australia-passport\/\",\"name\":\"Obtain Australia Passport\",\"isPartOf\":{\"@id\":\"https:\/\/fahrerlaubnisnetz.com\/#website\"},\"primaryImageOfPage\":{\"@id\":\"https:\/\/fahrerlaubnisnetz.com\/product\/obtain-australia-passport\/#primaryimage\"},\"image\":{\"@id\":\"https:\/\/fahrerlaubnisnetz.com\/product\/obtain-australia-passport\/#primaryimage\"},\"thumbnailUrl\":\"https:\/\/fahrerlaubnisnetz.com\/wp-content\/uploads\/2025\/03\/image_2025-03-20_105323309.png\",\"datePublished\":\"2025-03-20T09:58:12+00:00\",\"dateModified\":\"2025-11-18T10:29:30+00:00\",\"description\":\"Purchase an original or fake Australian passport with an RFID chip from the 2023 model. The document has 34 visa pages (42 pages total).\",\"breadcrumb\":{\"@id\":\"https:\/\/fahrerlaubnisnetz.com\/product\/obtain-australia-passport\/#breadcrumb\"},\"inLanguage\":\"es\",\"potentialAction\":[{\"@type\":\"ReadAction\",\"target\":[\"https:\/\/fahrerlaubnisnetz.com\/product\/obtain-australia-passport\/\"]}]},{\"@type\":\"ImageObject\",\"inLanguage\":\"es\",\"@id\":\"https:\/\/fahrerlaubnisnetz.com\/product\/obtain-australia-passport\/#primaryimage\",\"url\":\"https:\/\/fahrerlaubnisnetz.com\/wp-content\/uploads\/2025\/03\/image_2025-03-20_105323309.png\",\"contentUrl\":\"https:\/\/fahrerlaubnisnetz.com\/wp-content\/uploads\/2025\/03\/image_2025-03-20_105323309.png\",\"width\":643,\"height\":554,\"caption\":\"australia passport card , australia fake biometric passport , australia passport, australian original passports , buy fake australia passport, Buy fake passport, buy fake passports online , buy passport card, buy real australia passports , buy real fake passport, buy real passport, database passport , fake australia passport, fake documents fake passport , fake passport for sale, fake passport generator , fake passport maker , fake passport maker online free , fake passport template, fake passports , how to get a fake passport, how to make a fake passport, where can i buy fake passports\"},{\"@type\":\"BreadcrumbList\",\"@id\":\"https:\/\/fahrerlaubnisnetz.com\/product\/obtain-australia-passport\/#breadcrumb\",\"itemListElement\":[{\"@type\":\"ListItem\",\"position\":1,\"name\":\"Home\",\"item\":\"https:\/\/fahrerlaubnisnetz.com\/\"},{\"@type\":\"ListItem\",\"position\":2,\"name\":\"All Services\",\"item\":\"https:\/\/fahrerlaubnisnetz.com\/shop\/\"},{\"@type\":\"ListItem\",\"position\":3,\"name\":\"Obtain Australia Passport\"}]},{\"@type\":\"WebSite\",\"@id\":\"https:\/\/fahrerlaubnisnetz.com\/#website\",\"url\":\"https:\/\/fahrerlaubnisnetz.com\/\",\"name\":\"FAHRERLAUBNIS NETZ\",\"description\":\"Buy Original Drivers License, Pasport Online\",\"publisher\":{\"@id\":\"https:\/\/fahrerlaubnisnetz.com\/#organization\"},\"alternateName\":\"DRIVER'S LICENSE NETWORK\",\"potentialAction\":[{\"@type\":\"SearchAction\",\"target\":{\"@type\":\"EntryPoint\",\"urlTemplate\":\"https:\/\/fahrerlaubnisnetz.com\/?s={search_term_string}\"},\"query-input\":{\"@type\":\"PropertyValueSpecification\",\"valueRequired\":true,\"valueName\":\"search_term_string\"}}],\"inLanguage\":\"es\"},{\"@type\":\"Organization\",\"@id\":\"https:\/\/fahrerlaubnisnetz.com\/#organization\",\"name\":\"FAHRERLAUBNIS NETZ\",\"alternateName\":\"DRIVER'S LICENSE NETWORK\",\"url\":\"https:\/\/fahrerlaubnisnetz.com\/\",\"logo\":{\"@type\":\"ImageObject\",\"inLanguage\":\"es\",\"@id\":\"https:\/\/fahrerlaubnisnetz.com\/#\/schema\/logo\/image\/\",\"url\":\"https:\/\/fahrerlaubnisnetz.com\/wp-content\/uploads\/2025\/03\/image_2025-03-21_162823337.png\",\"contentUrl\":\"https:\/\/fahrerlaubnisnetz.com\/wp-content\/uploads\/2025\/03\/image_2025-03-21_162823337.png\",\"width\":590,\"height\":288,\"caption\":\"FAHRERLAUBNIS NETZ\"},\"image\":{\"@id\":\"https:\/\/fahrerlaubnisnetz.com\/#\/schema\/logo\/image\/\"}}]}<\/script>\n<!-- \/ Yoast SEO Premium plugin. -->","yoast_head_json":{"title":"Obtener el pasaporte australiano","description":"Compre un pasaporte australiano original o falso con chip RFID del modelo 2023. El documento tiene 34 p\u00e1ginas para visados (42 p\u00e1ginas en total).","robots":{"index":"index","follow":"follow","max-snippet":"max-snippet:-1","max-image-preview":"max-image-preview:large","max-video-preview":"max-video-preview:-1"},"canonical":"https:\/\/fahrerlaubnisnetz.com\/es\/product\/obtener-pasaporte-australia\/","og_locale":"es_ES","og_type":"article","og_title":"Obtain Australia Passport","og_description":"Purchase an original or fake Australian passport with an RFID chip from the 2023 model. The document has 34 visa pages (42 pages total).","og_url":"https:\/\/fahrerlaubnisnetz.com\/es\/product\/obtener-pasaporte-australia\/","og_site_name":"Fahrerlaubnis Netz","article_modified_time":"2025-11-18T10:29:30+00:00","og_image":[{"width":643,"height":554,"url":"https:\/\/fahrerlaubnisnetz.com\/wp-content\/uploads\/2025\/03\/image_2025-03-20_105323309.png","type":"image\/png"}],"twitter_card":"summary_large_image","twitter_misc":{"Tiempo de lectura":"2 minutos"},"schema":{"@context":"https:\/\/schema.org","@graph":[{"@type":"WebPage","@id":"https:\/\/fahrerlaubnisnetz.com\/product\/obtain-australia-passport\/","url":"https:\/\/fahrerlaubnisnetz.com\/product\/obtain-australia-passport\/","name":"Obtener el pasaporte australiano","isPartOf":{"@id":"https:\/\/fahrerlaubnisnetz.com\/#website"},"primaryImageOfPage":{"@id":"https:\/\/fahrerlaubnisnetz.com\/product\/obtain-australia-passport\/#primaryimage"},"image":{"@id":"https:\/\/fahrerlaubnisnetz.com\/product\/obtain-australia-passport\/#primaryimage"},"thumbnailUrl":"https:\/\/fahrerlaubnisnetz.com\/wp-content\/uploads\/2025\/03\/image_2025-03-20_105323309.png","datePublished":"2025-03-20T09:58:12+00:00","dateModified":"2025-11-18T10:29:30+00:00","description":"Compre un pasaporte australiano original o falso con chip RFID del modelo 2023. El documento tiene 34 p\u00e1ginas para visados (42 p\u00e1ginas en total).","breadcrumb":{"@id":"https:\/\/fahrerlaubnisnetz.com\/product\/obtain-australia-passport\/#breadcrumb"},"inLanguage":"es","potentialAction":[{"@type":"ReadAction","target":["https:\/\/fahrerlaubnisnetz.com\/product\/obtain-australia-passport\/"]}]},{"@type":"ImageObject","inLanguage":"es","@id":"https:\/\/fahrerlaubnisnetz.com\/product\/obtain-australia-passport\/#primaryimage","url":"https:\/\/fahrerlaubnisnetz.com\/wp-content\/uploads\/2025\/03\/image_2025-03-20_105323309.png","contentUrl":"https:\/\/fahrerlaubnisnetz.com\/wp-content\/uploads\/2025\/03\/image_2025-03-20_105323309.png","width":643,"height":554,"caption":"australia passport card , australia fake biometric passport , australia passport, australian original passports , buy fake australia passport, Buy fake passport, buy fake passports online , buy passport card, buy real australia passports , buy real fake passport, buy real passport, database passport , fake australia passport, fake documents fake passport , fake passport for sale, fake passport generator , fake passport maker , fake passport maker online free , fake passport template, fake passports , how to get a fake passport, how to make a fake passport, where can i buy fake passports"},{"@type":"BreadcrumbList","@id":"https:\/\/fahrerlaubnisnetz.com\/product\/obtain-australia-passport\/#breadcrumb","itemListElement":[{"@type":"ListItem","position":1,"name":"Home","item":"https:\/\/fahrerlaubnisnetz.com\/"},{"@type":"ListItem","position":2,"name":"All Services","item":"https:\/\/fahrerlaubnisnetz.com\/shop\/"},{"@type":"ListItem","position":3,"name":"Obtain Australia Passport"}]},{"@type":"WebSite","@id":"https:\/\/fahrerlaubnisnetz.com\/#website","url":"https:\/\/fahrerlaubnisnetz.com\/","name":"FAHRERLAUBNIS NETZ","description":"Compre su licencia de conducir y pasaporte originales en l\u00ednea","publisher":{"@id":"https:\/\/fahrerlaubnisnetz.com\/#organization"},"alternateName":"DRIVER'S LICENSE NETWORK","potentialAction":[{"@type":"SearchAction","target":{"@type":"EntryPoint","urlTemplate":"https:\/\/fahrerlaubnisnetz.com\/?s={search_term_string}"},"query-input":{"@type":"PropertyValueSpecification","valueRequired":true,"valueName":"search_term_string"}}],"inLanguage":"es"},{"@type":"Organization","@id":"https:\/\/fahrerlaubnisnetz.com\/#organization","name":"FAHRERLAUBNIS NETZ","alternateName":"DRIVER'S LICENSE NETWORK","url":"https:\/\/fahrerlaubnisnetz.com\/","logo":{"@type":"ImageObject","inLanguage":"es","@id":"https:\/\/fahrerlaubnisnetz.com\/#\/schema\/logo\/image\/","url":"https:\/\/fahrerlaubnisnetz.com\/wp-content\/uploads\/2025\/03\/image_2025-03-21_162823337.png","contentUrl":"https:\/\/fahrerlaubnisnetz.com\/wp-content\/uploads\/2025\/03\/image_2025-03-21_162823337.png","width":590,"height":288,"caption":"FAHRERLAUBNIS NETZ"},"image":{"@id":"https:\/\/fahrerlaubnisnetz.com\/#\/schema\/logo\/image\/"}}]}},"_links":{"self":[{"href":"https:\/\/fahrerlaubnisnetz.com\/es\/wp-json\/wp\/v2\/product\/2254","targetHints":{"allow":["GET"]}}],"collection":[{"href":"https:\/\/fahrerlaubnisnetz.com\/es\/wp-json\/wp\/v2\/product"}],"about":[{"href":"https:\/\/fahrerlaubnisnetz.com\/es\/wp-json\/wp\/v2\/types\/product"}],"replies":[{"embeddable":true,"href":"https:\/\/fahrerlaubnisnetz.com\/es\/wp-json\/wp\/v2\/comments?post=2254"}],"wp:featuredmedia":[{"embeddable":true,"href":"https:\/\/fahrerlaubnisnetz.com\/es\/wp-json\/wp\/v2\/media\/2255"}],"wp:attachment":[{"href":"https:\/\/fahrerlaubnisnetz.com\/es\/wp-json\/wp\/v2\/media?parent=2254"}],"wp:term":[{"taxonomy":"product_brand","embeddable":true,"href":"https:\/\/fahrerlaubnisnetz.com\/es\/wp-json\/wp\/v2\/product_brand?post=2254"},{"taxonomy":"product_cat","embeddable":true,"href":"https:\/\/fahrerlaubnisnetz.com\/es\/wp-json\/wp\/v2\/product_cat?post=2254"},{"taxonomy":"product_tag","embeddable":true,"href":"https:\/\/fahrerlaubnisnetz.com\/es\/wp-json\/wp\/v2\/product_tag?post=2254"}],"curies":[{"name":"wp","href":"https:\/\/api.w.org\/{rel}","templated":true}]}}