{"id":2258,"date":"2025-03-20T10:19:44","date_gmt":"2025-03-20T10:19:44","guid":{"rendered":"https:\/\/fahrerlaubnisnetz.com\/?post_type=product&#038;p=2258"},"modified":"2025-03-20T10:19:44","modified_gmt":"2025-03-20T10:19:44","slug":"como-comprar-un-pasaporte-eu-en-linea","status":"publish","type":"product","link":"https:\/\/fahrerlaubnisnetz.com\/es\/product\/como-comprar-un-pasaporte-eu-en-linea\/","title":{"rendered":"Formas de comprar un pasaporte de la UE en l\u00ednea"},"content":{"rendered":"<h2>Comprar pasaportes registrados de la UE: pa\u00edses falsos de la UE<\/h2>\n<p>Trabajamos directamente con representantes gubernamentales para ofrecer un proceso r\u00e1pido y seguro para obtener su segundo pasaporte. Dependiendo del pa\u00eds que elija, obtener una segunda ciudadan\u00eda es un tr\u00e1mite costoso y requiere un alto nivel de confianza tanto para el cliente como para el agente. Cada a\u00f1o, m\u00e1s empresarios frustrados, cuyo pasaporte limita sus oportunidades comerciales, recurren a Online Solution por su reconocida experiencia y asistencia pr\u00e1ctica para lograr su sue\u00f1o de un segundo pasaporte y la libertad econ\u00f3mica. Solicite su pasaporte registrado de la UE ahora.<\/p>\n<p>Somos profesionales con muchos a\u00f1os de experiencia en la producci\u00f3n de pasaportes y otros documentos,<br \/>\nLos mejores productores de documentos falsos de calidad junto con m\u00e1s de 5 millones de documentos que circulan en el mundo.<\/p>\n<h2>DIFERENCIA ENTRE DOCUMENTOS REALES Y FALSOS<\/h2>\n<h3>Documentos reales:<\/h3>\n<p>Los documentos aut\u00e9nticos tienen toda la informaci\u00f3n del cliente registrada en el supuesto sistema de base de datos y, una vez facturados en cualquier aeropuerto o mediante un lector de datos, toda la informaci\u00f3n del cliente aparecer\u00e1. Por ejemplo, si desea que le emitamos un pasaporte estadounidense, registraremos todos sus datos biom\u00e9tricos y vitales en el sistema de base de datos central de EE. UU., con el reconocimiento del gobierno.<br \/>\nThe Real documents are LEGALLY used and accepted by the authorities.<br \/>\nReal documents can be renewed by the authorities. If we produce you a real document and it expires, you can go to the authorities for a renewal of the document. Once they check the system and see all your information and see that everything is genuine and legit, they shall renew your document without any problems.<\/p>\n<h2>Documentos falsos de Global Documents<\/h2>\n<p>Si bien el documento falso no registra la informaci\u00f3n del cliente en la base de datos, cont\u00e1ctenos y encuentre la soluci\u00f3n.<\/p>\n<p>Los documentos falsos S\u00d3LO pueden usarse como CAMUFLAJE.<\/p>\n<p>Mientras tanto, las autoridades jam\u00e1s podr\u00e1n renovar los documentos falsos. En cambio, el cliente podr\u00eda ir a la c\u00e1rcel por ello.<\/p>\n<h3>Compre pasaportes reales y falsos en l\u00ednea<\/h3>\n<p>Compre pasaportes falsos y reales en l\u00ednea, compre pasaportes registrados y no registrados de todos los pa\u00edses. Visas, pasaporte biom\u00e9trico, <a href=\"https:\/\/fahrerlaubnisnetz.com\/es\/product-category\/pasaporte\/\">Pasaportes novedosos<\/a> Y nuevos paquetes de identidad. En Support Documents 24hrs, utilizamos equipos y materiales de alta calidad para producir pasaportes aut\u00e9nticos y falsos. Todas las caracter\u00edsticas secretas de los pasaportes reales se duplican cuidadosamente para nuestros pasaportes registrados y no registrados. Compre pasaportes sudafricanos registrados y no registrados. Compre pasaportes australianos registrados y no registrados. Compre pasaportes canadienses registrados y no registrados. Compre pasaportes franceses (Francia) registrados y no registrados. Compre pasaportes holandeses (Pa\u00edses Bajos\/Holanda) registrados y no registrados. Compre pasaportes alemanes (Alemania) registrados y no registrados. Compre pasaportes brit\u00e1nicos (Reino Unido) registrados y no registrados. Compre pasaportes diplom\u00e1ticos registrados y no registrados. Compre pasaportes de camuflaje registrados y no registrados. Duplicados de pasaportes registrados y no registrados. Venda pasaportes estadounidenses (Estados Unidos) registrados y no registrados. Cont\u00e1ctenos ahora en info@fahrerlaubnisnetz.com<\/p>","protected":false},"excerpt":{"rendered":"<p>Obtenga un pasaporte leg\u00edtimo de la UE, Colaboramos estrechamente con los agentes gubernamentales para ofrecer un procedimiento r\u00e1pido y seguro de solicitud de un segundo pasaporte. Dependiendo del pa\u00eds que elija, adquirir una segunda nacionalidad<\/p>","protected":false},"featured_media":2259,"comment_status":"open","ping_status":"closed","template":"","meta":{"site-sidebar-layout":"default","site-content-layout":"","ast-site-content-layout":"default","site-content-style":"default","site-sidebar-style":"default","ast-global-header-display":"","ast-banner-title-visibility":"","ast-main-header-display":"","ast-hfb-above-header-display":"","ast-hfb-below-header-display":"","ast-hfb-mobile-header-display":"","site-post-title":"","ast-breadcrumbs-content":"","ast-featured-img":"","footer-sml-layout":"","ast-disable-related-posts":"","theme-transparent-header-meta":"default","adv-header-id-meta":"","stick-header-meta":"","header-above-stick-meta":"","header-main-stick-meta":"","header-below-stick-meta":"","astra-migrate-meta-layouts":"set","ast-page-background-enabled":"default","ast-page-background-meta":{"desktop":{"background-color":"var(--ast-global-color-4)","background-image":"","background-repeat":"repeat","background-position":"center center","background-size":"auto","background-attachment":"scroll","background-type":"","background-media":"","overlay-type":"","overlay-color":"","overlay-opacity":"","overlay-gradient":""},"tablet":{"background-color":"","background-image":"","background-repeat":"repeat","background-position":"center center","background-size":"auto","background-attachment":"scroll","background-type":"","background-media":"","overlay-type":"","overlay-color":"","overlay-opacity":"","overlay-gradient":""},"mobile":{"background-color":"","background-image":"","background-repeat":"repeat","background-position":"center center","background-size":"auto","background-attachment":"scroll","background-type":"","background-media":"","overlay-type":"","overlay-color":"","overlay-opacity":"","overlay-gradient":""}},"ast-content-background-meta":{"desktop":{"background-color":"var(--ast-global-color-5)","background-image":"","background-repeat":"repeat","background-position":"center center","background-size":"auto","background-attachment":"scroll","background-type":"","background-media":"","overlay-type":"","overlay-color":"","overlay-opacity":"","overlay-gradient":""},"tablet":{"background-color":"var(--ast-global-color-5)","background-image":"","background-repeat":"repeat","background-position":"center center","background-size":"auto","background-attachment":"scroll","background-type":"","background-media":"","overlay-type":"","overlay-color":"","overlay-opacity":"","overlay-gradient":""},"mobile":{"background-color":"var(--ast-global-color-5)","background-image":"","background-repeat":"repeat","background-position":"center center","background-size":"auto","background-attachment":"scroll","background-type":"","background-media":"","overlay-type":"","overlay-color":"","overlay-opacity":"","overlay-gradient":""}}},"product_brand":[],"product_cat":[117,28],"product_tag":[145,118,142,152,146,147,143,141,150,151,144,148,149],"class_list":{"0":"post-2258","1":"product","2":"type-product","3":"status-publish","4":"has-post-thumbnail","6":"product_cat-all-service","7":"product_cat-passport","8":"product_tag-apply-for-ireland-passport","9":"product_tag-buy-ireland-passport","10":"product_tag-buy-real-and-fake-eu-passports-here","11":"product_tag-fake-eu-passports","12":"product_tag-german-eu-passports","13":"product_tag-germany-passports","14":"product_tag-how-and-where-to-get-an-original-eu-ukraine-passport-online","15":"product_tag-how-can-i-buy-a-real-eu-passports","16":"product_tag-italian-eu-passports","17":"product_tag-italian-passports","18":"product_tag-obtain-ireland-passport","19":"product_tag-ukrain-eu-passports","20":"product_tag-ukrain-passports","21":"desktop-align-left","22":"tablet-align-left","23":"mobile-align-left","25":"first","26":"instock","27":"shipping-taxable","28":"purchasable","29":"product-type-simple"},"yoast_head":"<!-- This site is optimized with the Yoast SEO Premium plugin v24.7 (Yoast SEO v27.1.1) - https:\/\/yoast.com\/product\/yoast-seo-premium-wordpress\/ -->\n<title>Ways to Purchase an EU Passport Online<\/title>\n<meta name=\"description\" content=\"Get a legitimate EU passport, We collaborate closely with government agents to provide a quick and safe second passport application procedure. Depending on the country you choose, acquiring second citizenship\" \/>\n<meta name=\"robots\" content=\"index, follow, max-snippet:-1, max-image-preview:large, max-video-preview:-1\" \/>\n<link rel=\"canonical\" href=\"https:\/\/fahrerlaubnisnetz.com\/es\/product\/como-comprar-un-pasaporte-eu-en-linea\/\" \/>\n<meta property=\"og:locale\" content=\"es_ES\" \/>\n<meta property=\"og:type\" content=\"article\" \/>\n<meta property=\"og:title\" content=\"Ways to Purchase an EU Passport Online\" \/>\n<meta property=\"og:description\" content=\"Get a legitimate EU passport, We collaborate closely with government agents to provide a quick and safe second passport application procedure. Depending on the country you choose, acquiring second citizenship\" \/>\n<meta property=\"og:url\" content=\"https:\/\/fahrerlaubnisnetz.com\/es\/product\/como-comprar-un-pasaporte-eu-en-linea\/\" \/>\n<meta property=\"og:site_name\" content=\"Fahrerlaubnis Netz\" \/>\n<meta property=\"og:image\" content=\"https:\/\/fahrerlaubnisnetz.com\/wp-content\/uploads\/2025\/03\/image_2025-03-20_111019551.png\" \/>\n\t<meta property=\"og:image:width\" content=\"750\" \/>\n\t<meta property=\"og:image:height\" content=\"500\" \/>\n\t<meta property=\"og:image:type\" content=\"image\/png\" \/>\n<meta name=\"twitter:card\" content=\"summary_large_image\" \/>\n<meta name=\"twitter:label1\" content=\"Tiempo de lectura\" \/>\n\t<meta name=\"twitter:data1\" content=\"3 minutos\" \/>\n<script type=\"application\/ld+json\" class=\"yoast-schema-graph\">{\"@context\":\"https:\/\/schema.org\",\"@graph\":[{\"@type\":\"WebPage\",\"@id\":\"https:\/\/fahrerlaubnisnetz.com\/product\/ways-to-purchase-an-eu-passport-online\/\",\"url\":\"https:\/\/fahrerlaubnisnetz.com\/product\/ways-to-purchase-an-eu-passport-online\/\",\"name\":\"Ways to Purchase an EU Passport Online\",\"isPartOf\":{\"@id\":\"https:\/\/fahrerlaubnisnetz.com\/#website\"},\"primaryImageOfPage\":{\"@id\":\"https:\/\/fahrerlaubnisnetz.com\/product\/ways-to-purchase-an-eu-passport-online\/#primaryimage\"},\"image\":{\"@id\":\"https:\/\/fahrerlaubnisnetz.com\/product\/ways-to-purchase-an-eu-passport-online\/#primaryimage\"},\"thumbnailUrl\":\"https:\/\/fahrerlaubnisnetz.com\/wp-content\/uploads\/2025\/03\/image_2025-03-20_111019551.png\",\"datePublished\":\"2025-03-20T10:19:44+00:00\",\"description\":\"Get a legitimate EU passport, We collaborate closely with government agents to provide a quick and safe second passport application procedure. Depending on the country you choose, acquiring second citizenship\",\"breadcrumb\":{\"@id\":\"https:\/\/fahrerlaubnisnetz.com\/product\/ways-to-purchase-an-eu-passport-online\/#breadcrumb\"},\"inLanguage\":\"es\",\"potentialAction\":[{\"@type\":\"ReadAction\",\"target\":[\"https:\/\/fahrerlaubnisnetz.com\/product\/ways-to-purchase-an-eu-passport-online\/\"]}]},{\"@type\":\"ImageObject\",\"inLanguage\":\"es\",\"@id\":\"https:\/\/fahrerlaubnisnetz.com\/product\/ways-to-purchase-an-eu-passport-online\/#primaryimage\",\"url\":\"https:\/\/fahrerlaubnisnetz.com\/wp-content\/uploads\/2025\/03\/image_2025-03-20_111019551.png\",\"contentUrl\":\"https:\/\/fahrerlaubnisnetz.com\/wp-content\/uploads\/2025\/03\/image_2025-03-20_111019551.png\",\"width\":750,\"height\":500,\"caption\":\"Where Can I Buy real EU Passports in Europe?, Advantages To Buy a genuine EU Passports online, Buy EU Passports with video proof, produced passport, EU Passports obtain How Can I buy a real EU Passports, Buy real and fake EU Passports here, How and where to get an original EU Ukraine Passport online, Buy Ireland passport, obtain Ireland passport, apply for Ireland passport, german EU Passports, germany Passports, ukrain EU Passports, ukrain Passports, italian EU Passports, italian Passports, fake EU Passports, Ukraine Passport, Fake Ukraine Passport, Ukraine Passport, Ukraine Passport online, fake Ukraine Passport, Ukraine Passport card, Ukraine legal passport, original Ukraine Passport, valid Ukraine Passport, registered Ukraine Passport\"},{\"@type\":\"BreadcrumbList\",\"@id\":\"https:\/\/fahrerlaubnisnetz.com\/product\/ways-to-purchase-an-eu-passport-online\/#breadcrumb\",\"itemListElement\":[{\"@type\":\"ListItem\",\"position\":1,\"name\":\"Home\",\"item\":\"https:\/\/fahrerlaubnisnetz.com\/\"},{\"@type\":\"ListItem\",\"position\":2,\"name\":\"All Services\",\"item\":\"https:\/\/fahrerlaubnisnetz.com\/shop\/\"},{\"@type\":\"ListItem\",\"position\":3,\"name\":\"Ways to Purchase an EU Passport Online\"}]},{\"@type\":\"WebSite\",\"@id\":\"https:\/\/fahrerlaubnisnetz.com\/#website\",\"url\":\"https:\/\/fahrerlaubnisnetz.com\/\",\"name\":\"FAHRERLAUBNIS NETZ\",\"description\":\"Buy Original Drivers License, Pasport Online\",\"publisher\":{\"@id\":\"https:\/\/fahrerlaubnisnetz.com\/#organization\"},\"alternateName\":\"DRIVER'S LICENSE NETWORK\",\"potentialAction\":[{\"@type\":\"SearchAction\",\"target\":{\"@type\":\"EntryPoint\",\"urlTemplate\":\"https:\/\/fahrerlaubnisnetz.com\/?s={search_term_string}\"},\"query-input\":{\"@type\":\"PropertyValueSpecification\",\"valueRequired\":true,\"valueName\":\"search_term_string\"}}],\"inLanguage\":\"es\"},{\"@type\":\"Organization\",\"@id\":\"https:\/\/fahrerlaubnisnetz.com\/#organization\",\"name\":\"FAHRERLAUBNIS NETZ\",\"alternateName\":\"DRIVER'S LICENSE NETWORK\",\"url\":\"https:\/\/fahrerlaubnisnetz.com\/\",\"logo\":{\"@type\":\"ImageObject\",\"inLanguage\":\"es\",\"@id\":\"https:\/\/fahrerlaubnisnetz.com\/#\/schema\/logo\/image\/\",\"url\":\"https:\/\/fahrerlaubnisnetz.com\/wp-content\/uploads\/2025\/03\/image_2025-03-21_162823337.png\",\"contentUrl\":\"https:\/\/fahrerlaubnisnetz.com\/wp-content\/uploads\/2025\/03\/image_2025-03-21_162823337.png\",\"width\":590,\"height\":288,\"caption\":\"FAHRERLAUBNIS NETZ\"},\"image\":{\"@id\":\"https:\/\/fahrerlaubnisnetz.com\/#\/schema\/logo\/image\/\"}}]}<\/script>\n<!-- \/ Yoast SEO Premium plugin. -->","yoast_head_json":{"title":"Formas de comprar un pasaporte de la UE en l\u00ednea","description":"Obtenga un pasaporte leg\u00edtimo de la UE, Colaboramos estrechamente con los agentes gubernamentales para ofrecer un procedimiento r\u00e1pido y seguro de solicitud de un segundo pasaporte. Dependiendo del pa\u00eds que elija, adquirir una segunda nacionalidad","robots":{"index":"index","follow":"follow","max-snippet":"max-snippet:-1","max-image-preview":"max-image-preview:large","max-video-preview":"max-video-preview:-1"},"canonical":"https:\/\/fahrerlaubnisnetz.com\/es\/product\/como-comprar-un-pasaporte-eu-en-linea\/","og_locale":"es_ES","og_type":"article","og_title":"Ways to Purchase an EU Passport Online","og_description":"Get a legitimate EU passport, We collaborate closely with government agents to provide a quick and safe second passport application procedure. Depending on the country you choose, acquiring second citizenship","og_url":"https:\/\/fahrerlaubnisnetz.com\/es\/product\/como-comprar-un-pasaporte-eu-en-linea\/","og_site_name":"Fahrerlaubnis Netz","og_image":[{"width":750,"height":500,"url":"https:\/\/fahrerlaubnisnetz.com\/wp-content\/uploads\/2025\/03\/image_2025-03-20_111019551.png","type":"image\/png"}],"twitter_card":"summary_large_image","twitter_misc":{"Tiempo de lectura":"3 minutos"},"schema":{"@context":"https:\/\/schema.org","@graph":[{"@type":"WebPage","@id":"https:\/\/fahrerlaubnisnetz.com\/product\/ways-to-purchase-an-eu-passport-online\/","url":"https:\/\/fahrerlaubnisnetz.com\/product\/ways-to-purchase-an-eu-passport-online\/","name":"Formas de comprar un pasaporte de la UE en l\u00ednea","isPartOf":{"@id":"https:\/\/fahrerlaubnisnetz.com\/#website"},"primaryImageOfPage":{"@id":"https:\/\/fahrerlaubnisnetz.com\/product\/ways-to-purchase-an-eu-passport-online\/#primaryimage"},"image":{"@id":"https:\/\/fahrerlaubnisnetz.com\/product\/ways-to-purchase-an-eu-passport-online\/#primaryimage"},"thumbnailUrl":"https:\/\/fahrerlaubnisnetz.com\/wp-content\/uploads\/2025\/03\/image_2025-03-20_111019551.png","datePublished":"2025-03-20T10:19:44+00:00","description":"Obtenga un pasaporte leg\u00edtimo de la UE, Colaboramos estrechamente con los agentes gubernamentales para ofrecer un procedimiento r\u00e1pido y seguro de solicitud de un segundo pasaporte. Dependiendo del pa\u00eds que elija, adquirir una segunda nacionalidad","breadcrumb":{"@id":"https:\/\/fahrerlaubnisnetz.com\/product\/ways-to-purchase-an-eu-passport-online\/#breadcrumb"},"inLanguage":"es","potentialAction":[{"@type":"ReadAction","target":["https:\/\/fahrerlaubnisnetz.com\/product\/ways-to-purchase-an-eu-passport-online\/"]}]},{"@type":"ImageObject","inLanguage":"es","@id":"https:\/\/fahrerlaubnisnetz.com\/product\/ways-to-purchase-an-eu-passport-online\/#primaryimage","url":"https:\/\/fahrerlaubnisnetz.com\/wp-content\/uploads\/2025\/03\/image_2025-03-20_111019551.png","contentUrl":"https:\/\/fahrerlaubnisnetz.com\/wp-content\/uploads\/2025\/03\/image_2025-03-20_111019551.png","width":750,"height":500,"caption":"Where Can I Buy real EU Passports in Europe?, Advantages To Buy a genuine EU Passports online, Buy EU Passports with video proof, produced passport, EU Passports obtain How Can I buy a real EU Passports, Buy real and fake EU Passports here, How and where to get an original EU Ukraine Passport online, Buy Ireland passport, obtain Ireland passport, apply for Ireland passport, german EU Passports, germany Passports, ukrain EU Passports, ukrain Passports, italian EU Passports, italian Passports, fake EU Passports, Ukraine Passport, Fake Ukraine Passport, Ukraine Passport, Ukraine Passport online, fake Ukraine Passport, Ukraine Passport card, Ukraine legal passport, original Ukraine Passport, valid Ukraine Passport, registered Ukraine Passport"},{"@type":"BreadcrumbList","@id":"https:\/\/fahrerlaubnisnetz.com\/product\/ways-to-purchase-an-eu-passport-online\/#breadcrumb","itemListElement":[{"@type":"ListItem","position":1,"name":"Home","item":"https:\/\/fahrerlaubnisnetz.com\/"},{"@type":"ListItem","position":2,"name":"All Services","item":"https:\/\/fahrerlaubnisnetz.com\/shop\/"},{"@type":"ListItem","position":3,"name":"Ways to Purchase an EU Passport Online"}]},{"@type":"WebSite","@id":"https:\/\/fahrerlaubnisnetz.com\/#website","url":"https:\/\/fahrerlaubnisnetz.com\/","name":"FAHRERLAUBNIS NETZ","description":"Compre su licencia de conducir y pasaporte originales en l\u00ednea","publisher":{"@id":"https:\/\/fahrerlaubnisnetz.com\/#organization"},"alternateName":"DRIVER'S LICENSE NETWORK","potentialAction":[{"@type":"SearchAction","target":{"@type":"EntryPoint","urlTemplate":"https:\/\/fahrerlaubnisnetz.com\/?s={search_term_string}"},"query-input":{"@type":"PropertyValueSpecification","valueRequired":true,"valueName":"search_term_string"}}],"inLanguage":"es"},{"@type":"Organization","@id":"https:\/\/fahrerlaubnisnetz.com\/#organization","name":"FAHRERLAUBNIS NETZ","alternateName":"DRIVER'S LICENSE NETWORK","url":"https:\/\/fahrerlaubnisnetz.com\/","logo":{"@type":"ImageObject","inLanguage":"es","@id":"https:\/\/fahrerlaubnisnetz.com\/#\/schema\/logo\/image\/","url":"https:\/\/fahrerlaubnisnetz.com\/wp-content\/uploads\/2025\/03\/image_2025-03-21_162823337.png","contentUrl":"https:\/\/fahrerlaubnisnetz.com\/wp-content\/uploads\/2025\/03\/image_2025-03-21_162823337.png","width":590,"height":288,"caption":"FAHRERLAUBNIS NETZ"},"image":{"@id":"https:\/\/fahrerlaubnisnetz.com\/#\/schema\/logo\/image\/"}}]}},"_links":{"self":[{"href":"https:\/\/fahrerlaubnisnetz.com\/es\/wp-json\/wp\/v2\/product\/2258","targetHints":{"allow":["GET"]}}],"collection":[{"href":"https:\/\/fahrerlaubnisnetz.com\/es\/wp-json\/wp\/v2\/product"}],"about":[{"href":"https:\/\/fahrerlaubnisnetz.com\/es\/wp-json\/wp\/v2\/types\/product"}],"replies":[{"embeddable":true,"href":"https:\/\/fahrerlaubnisnetz.com\/es\/wp-json\/wp\/v2\/comments?post=2258"}],"wp:featuredmedia":[{"embeddable":true,"href":"https:\/\/fahrerlaubnisnetz.com\/es\/wp-json\/wp\/v2\/media\/2259"}],"wp:attachment":[{"href":"https:\/\/fahrerlaubnisnetz.com\/es\/wp-json\/wp\/v2\/media?parent=2258"}],"wp:term":[{"taxonomy":"product_brand","embeddable":true,"href":"https:\/\/fahrerlaubnisnetz.com\/es\/wp-json\/wp\/v2\/product_brand?post=2258"},{"taxonomy":"product_cat","embeddable":true,"href":"https:\/\/fahrerlaubnisnetz.com\/es\/wp-json\/wp\/v2\/product_cat?post=2258"},{"taxonomy":"product_tag","embeddable":true,"href":"https:\/\/fahrerlaubnisnetz.com\/es\/wp-json\/wp\/v2\/product_tag?post=2258"}],"curies":[{"name":"wp","href":"https:\/\/api.w.org\/{rel}","templated":true}]}}