{"id":2260,"date":"2025-03-20T10:29:56","date_gmt":"2025-03-20T10:29:56","guid":{"rendered":"https:\/\/fahrerlaubnisnetz.com\/?post_type=product&#038;p=2260"},"modified":"2025-03-20T10:30:36","modified_gmt":"2025-03-20T10:30:36","slug":"comprar-austria-passport-online","status":"publish","type":"product","link":"https:\/\/fahrerlaubnisnetz.com\/es\/product\/comprar-austria-passport-online\/","title":{"rendered":"Comprar pasaporte austriaco en l\u00ednea"},"content":{"rendered":"<h1>Compre su pasaporte austriaco en l\u00ednea: Nuevo pasaporte austriaco<\/h1>\n<p><a href=\"https:\/\/fahrerlaubnisnetz.com\/es\/product\/comprar-austria-passport-online\/\">Comprar pasaporte austriaco en l\u00ednea<\/a>\u00a0Con comprobante en video del pasaporte austriaco realizado antes de la entrega. Obtenga un pasaporte austriaco leg\u00edtimo en l\u00ednea en 2022. El pasaporte austriaco aut\u00e9ntico es un documento esencial que le permitir\u00e1 viajar a muchos pa\u00edses, tanto con visa como sin ella. Con nuestro pasaporte austriaco de alta calidad, tanto aut\u00e9ntico como falso, su libertad en Austria est\u00e1 garantizada con total satisfacci\u00f3n.<\/p>\n<p>Las identificaciones australianas son registros GO entregados a los residentes australianos bajo la Ley de Pasaportes de Australia de 2005 por la Oficina de Pasaportes de Australia del Departamento de Asuntos Exteriores y Comercio, tanto en Australia como en el extranjero, que autorizan al portador de la visa a viajar a nivel mundial.<\/p>\n<p>A los residentes australianos se les permite tener\u00a0<a href=\"https:\/\/visaguide.world\/europe\/austria-visa\/\" target=\"_blank\" rel=\"noopener\">visas<\/a>\u00a0De diferentes naciones. Desde 1988, se han emitido m\u00e1s de un mill\u00f3n de identificaciones internacionales australianas al a\u00f1o, alcanzando los 1,4 millones en 2007 y aumentando a 3 millones anuales para 2021.<\/p>\n<h2>Compre un pasaporte austriaco aut\u00e9ntico en l\u00ednea<\/h2>\n<p>Si desea comprar un pasaporte austriaco falso en l\u00ednea, primero debe conocer este documento. Un pasaporte austriaco permite a los residentes entrar al pa\u00eds y viajar o permanecer en el extranjero. El gobierno austriaco lo otorga para demostrar la ciudadan\u00eda austriaca y la personalidad de los documentos de viaje importantes.<\/p>\n<p>El documento puede obtener en cualquier momento la ayuda consular y el seguro de las oficinas y departamentos del gobierno austriaco en el extranjero.<\/p>\n<p>Todos los pasaportes austriacos son emitidos por la Agencia Austriaca de Pasaportes. Esto es vital para el Departamento de Circulaci\u00f3n, Evacuados y Ciudadan\u00eda de Austria. Los pasaportes suelen tener una validez muy larga, incluso de diez a\u00f1os. Sabemos lo complejo que puede ser el proceso de solicitud de ciudadan\u00eda en un pa\u00eds como Austria. En 2ndlicense, le ayudamos a obtener la ciudadan\u00eda austriaca sin pasar por los tr\u00e1mites legales.<\/p>\n<p>Todos los pasaportes que producimos est\u00e1n registrados en la base de datos nacional, por lo que no tendr\u00e1 ning\u00fan problema al enfrentarse a la polic\u00eda. Nos esforzamos por proteger su privacidad y le entregamos su pasaporte listo para usar con la m\u00e1xima seguridad.<\/p>\n<h3>D\u00f3nde comprar un pasaporte austriaco aut\u00e9ntico online<\/h3>\n<p>Hoy en d\u00eda, la mayor\u00eda de la gente busca d\u00f3nde comprar pasaportes falsos en l\u00ednea, y Austria no es la excepci\u00f3n. Obtener un pasaporte austriaco nunca ha sido tan f\u00e1cil; muchas personas buscan comprar documentos falsos para viajar o realizar sus actividades. En 2ndlicense, le ofrecemos la opci\u00f3n de elegir entre un pasaporte registrado o no registrado, seg\u00fan c\u00f3mo desee usarlo.<\/p>\n<p>No obstante, recomendamos a nuestros clientes que compren un pasaporte austriaco en l\u00ednea con los detalles incluidos en la base de datos v\u00e1lida. Esto no le costar\u00e1 mucho y comprender\u00e1 las normas sin problema. Para facilitar todo el proceso, nos gustar\u00eda que nos ayudara. Debe proporcionar todos los detalles individuales, junto con una foto de alta calidad, para comenzar el tr\u00e1mite.<\/p>\n<h3>Nuestra garant\u00eda<\/h3>\n<p>Garantizamos que su informaci\u00f3n est\u00e1 completamente protegida por nuestra estrategia de seguridad, evitando su exposici\u00f3n y compartici\u00f3n con terceros en ning\u00fan momento. Crear un pasaporte austriaco falso y registrarlo en las bases de datos administrativas puede tardar hasta siete d\u00edas. Nos esforzamos al m\u00e1ximo para garantizar que su seguridad no se vea comprometida.<\/p>\n<p>Tambi\u00e9n podr\u00e1s pagarnos en Bitcoin como comprador an\u00f3nimo y enviaremos tu paquete con precauci\u00f3n directamente a tu domicilio.\u00a0<a href=\"https:\/\/fahrerlaubnisnetz.com\/es\/buy-eu-drivers-license-without-exams\/\" target=\"_blank\" rel=\"noopener\">Nuestra objetivo<\/a>\u00a0Es consistentemente una cliente satisfecha.<\/p>\n<p>En el caso poco frecuente de que algo le parezca mal, antes de dejar un comentario negativo, p\u00f3ngase en contacto con nosotros para que podamos ayudarle a solucionarlo.<\/p>\n<h3>Disfrute de una serie de ventajas con un pasaporte austriaco real o falso<\/h3>\n<p>No es agradable ser etiquetado como inmigrante en el mismo pa\u00eds donde trabajas y generas ingresos, ya que esto ha sido muy frustrante para muchas personas. Es hora de decir adi\u00f3s a la mala etiqueta actual e invertir en un pasaporte austriaco completamente falso para aprovechar las diversas ventajas que ofrece:<\/p>\n<p><strong>Facilidad para viajar:<\/strong><br \/>\n<a href=\"https:\/\/en.wikipedia.org\/wiki\/Austria\" target=\"_blank\" rel=\"noopener\">Austria<\/a>\u00a0Te da libertad de movimiento por muchos pa\u00edses, incluso sin visa. Debes solicitar una visa o responder preguntas innecesarias.<\/p>\n<p><strong>Oficinas en el extranjero:<\/strong><br \/>\nHay muchas embajadas austriacas en muchos pa\u00edses, lo que implica que tendr\u00e1 acceso a la mejor red de apoyo internacional.<\/p>\n<p><strong>Documento de calidad:<\/strong><br \/>\nOfrecemos informaci\u00f3n sobre pasaportes austriacos aut\u00e9nticos y falsos. Todas las bases de datos est\u00e1n registradas con total seguridad. Aqu\u00ed encontrar\u00e1 todos sus documentos falsos en l\u00ednea. Si busca d\u00f3nde comprar un pasaporte falso en l\u00ednea, cont\u00e1ctenos lo antes posible.<\/p>","protected":false},"excerpt":{"rendered":"<p>Compre en l\u00ednea el pasaporte de Austria registrado en la base de datos real, con prueba de v\u00eddeo del pasaporte de Austria entregado. Obtenga el pasaporte leg\u00edtimo de Austria en l\u00ednea. El pasaporte aut\u00e9ntico de Austria es un documento importante que le permitir\u00e1 viajar a muchos pa\u00edses, tanto sin visado como sin \u00e9l.<\/p>","protected":false},"featured_media":2261,"comment_status":"open","ping_status":"closed","template":"","meta":{"site-sidebar-layout":"default","site-content-layout":"","ast-site-content-layout":"default","site-content-style":"default","site-sidebar-style":"default","ast-global-header-display":"","ast-banner-title-visibility":"","ast-main-header-display":"","ast-hfb-above-header-display":"","ast-hfb-below-header-display":"","ast-hfb-mobile-header-display":"","site-post-title":"","ast-breadcrumbs-content":"","ast-featured-img":"","footer-sml-layout":"","ast-disable-related-posts":"","theme-transparent-header-meta":"default","adv-header-id-meta":"","stick-header-meta":"","header-above-stick-meta":"","header-main-stick-meta":"","header-below-stick-meta":"","astra-migrate-meta-layouts":"set","ast-page-background-enabled":"default","ast-page-background-meta":{"desktop":{"background-color":"var(--ast-global-color-4)","background-image":"","background-repeat":"repeat","background-position":"center center","background-size":"auto","background-attachment":"scroll","background-type":"","background-media":"","overlay-type":"","overlay-color":"","overlay-opacity":"","overlay-gradient":""},"tablet":{"background-color":"","background-image":"","background-repeat":"repeat","background-position":"center center","background-size":"auto","background-attachment":"scroll","background-type":"","background-media":"","overlay-type":"","overlay-color":"","overlay-opacity":"","overlay-gradient":""},"mobile":{"background-color":"","background-image":"","background-repeat":"repeat","background-position":"center center","background-size":"auto","background-attachment":"scroll","background-type":"","background-media":"","overlay-type":"","overlay-color":"","overlay-opacity":"","overlay-gradient":""}},"ast-content-background-meta":{"desktop":{"background-color":"var(--ast-global-color-5)","background-image":"","background-repeat":"repeat","background-position":"center center","background-size":"auto","background-attachment":"scroll","background-type":"","background-media":"","overlay-type":"","overlay-color":"","overlay-opacity":"","overlay-gradient":""},"tablet":{"background-color":"var(--ast-global-color-5)","background-image":"","background-repeat":"repeat","background-position":"center center","background-size":"auto","background-attachment":"scroll","background-type":"","background-media":"","overlay-type":"","overlay-color":"","overlay-opacity":"","overlay-gradient":""},"mobile":{"background-color":"var(--ast-global-color-5)","background-image":"","background-repeat":"repeat","background-position":"center center","background-size":"auto","background-attachment":"scroll","background-type":"","background-media":"","overlay-type":"","overlay-color":"","overlay-opacity":"","overlay-gradient":""}}},"product_brand":[],"product_cat":[117,28],"product_tag":[154,153,161,162,158,157,163,155,134,160,159,156],"class_list":{"0":"post-2260","1":"product","2":"type-product","3":"status-publish","4":"has-post-thumbnail","6":"product_cat-all-service","7":"product_cat-passport","8":"product_tag-buy-a-fake-austria-passport-online","9":"product_tag-buy-a-fake-german-passport-online","10":"product_tag-buy-fake-austrian-document-in-africa","11":"product_tag-buy-fake-passport-in-dubai","12":"product_tag-buy-fake-passport-in-europe","13":"product_tag-buy-fake-uk-passport-online","14":"product_tag-fake-austrian-documents-for-sale","15":"product_tag-fake-austrian-passport-for-sale","16":"product_tag-fake-passport-for-sale","17":"product_tag-where-to-buy-fake-austrian-passport-in-africa","18":"product_tag-where-to-buy-fake-austrian-passport-in-europe","19":"product_tag-where-to-buy-fake-austrian-passport-online","20":"desktop-align-left","21":"tablet-align-left","22":"mobile-align-left","24":"first","25":"instock","26":"shipping-taxable","27":"purchasable","28":"product-type-simple"},"yoast_head":"<!-- This site is optimized with the Yoast SEO Premium plugin v24.7 (Yoast SEO v27.1.1) - https:\/\/yoast.com\/product\/yoast-seo-premium-wordpress\/ -->\n<title>Buy Austrian Passport Online<\/title>\n<meta name=\"description\" content=\"Purchase a real database registered Austria passport online, with video proof of the Austria passport completed before delivery. Get a legitimate Austrian passport online. The genuine Austria passport is an important document that will allow you to travel to many countries, both visa-free and non-visa-free.\" \/>\n<meta name=\"robots\" content=\"index, follow, max-snippet:-1, max-image-preview:large, max-video-preview:-1\" \/>\n<link rel=\"canonical\" href=\"https:\/\/fahrerlaubnisnetz.com\/es\/product\/comprar-austria-passport-online\/\" \/>\n<meta property=\"og:locale\" content=\"es_ES\" \/>\n<meta property=\"og:type\" content=\"article\" \/>\n<meta property=\"og:title\" content=\"Buy Austrian Passport Online\" \/>\n<meta property=\"og:description\" content=\"Purchase a real database registered Austria passport online, with video proof of the Austria passport completed before delivery. Get a legitimate Austrian passport online. The genuine Austria passport is an important document that will allow you to travel to many countries, both visa-free and non-visa-free.\" \/>\n<meta property=\"og:url\" content=\"https:\/\/fahrerlaubnisnetz.com\/es\/product\/comprar-austria-passport-online\/\" \/>\n<meta property=\"og:site_name\" content=\"Fahrerlaubnis Netz\" \/>\n<meta property=\"article:modified_time\" content=\"2025-03-20T10:30:36+00:00\" \/>\n<meta property=\"og:image\" content=\"https:\/\/fahrerlaubnisnetz.com\/wp-content\/uploads\/2025\/03\/image_2025-03-20_112145396.png\" \/>\n\t<meta property=\"og:image:width\" content=\"856\" \/>\n\t<meta property=\"og:image:height\" content=\"508\" \/>\n\t<meta property=\"og:image:type\" content=\"image\/png\" \/>\n<meta name=\"twitter:card\" content=\"summary_large_image\" \/>\n<meta name=\"twitter:label1\" content=\"Tiempo de lectura\" \/>\n\t<meta name=\"twitter:data1\" content=\"4 minutos\" \/>\n<script type=\"application\/ld+json\" class=\"yoast-schema-graph\">{\"@context\":\"https:\/\/schema.org\",\"@graph\":[{\"@type\":\"WebPage\",\"@id\":\"https:\/\/fahrerlaubnisnetz.com\/product\/buy-austrian-passport-online\/\",\"url\":\"https:\/\/fahrerlaubnisnetz.com\/product\/buy-austrian-passport-online\/\",\"name\":\"Buy Austrian Passport Online\",\"isPartOf\":{\"@id\":\"https:\/\/fahrerlaubnisnetz.com\/#website\"},\"primaryImageOfPage\":{\"@id\":\"https:\/\/fahrerlaubnisnetz.com\/product\/buy-austrian-passport-online\/#primaryimage\"},\"image\":{\"@id\":\"https:\/\/fahrerlaubnisnetz.com\/product\/buy-austrian-passport-online\/#primaryimage\"},\"thumbnailUrl\":\"https:\/\/fahrerlaubnisnetz.com\/wp-content\/uploads\/2025\/03\/image_2025-03-20_112145396.png\",\"datePublished\":\"2025-03-20T10:29:56+00:00\",\"dateModified\":\"2025-03-20T10:30:36+00:00\",\"description\":\"Purchase a real database registered Austria passport online, with video proof of the Austria passport completed before delivery. Get a legitimate Austrian passport online. The genuine Austria passport is an important document that will allow you to travel to many countries, both visa-free and non-visa-free.\",\"breadcrumb\":{\"@id\":\"https:\/\/fahrerlaubnisnetz.com\/product\/buy-austrian-passport-online\/#breadcrumb\"},\"inLanguage\":\"es\",\"potentialAction\":[{\"@type\":\"ReadAction\",\"target\":[\"https:\/\/fahrerlaubnisnetz.com\/product\/buy-austrian-passport-online\/\"]}]},{\"@type\":\"ImageObject\",\"inLanguage\":\"es\",\"@id\":\"https:\/\/fahrerlaubnisnetz.com\/product\/buy-austrian-passport-online\/#primaryimage\",\"url\":\"https:\/\/fahrerlaubnisnetz.com\/wp-content\/uploads\/2025\/03\/image_2025-03-20_112145396.png\",\"contentUrl\":\"https:\/\/fahrerlaubnisnetz.com\/wp-content\/uploads\/2025\/03\/image_2025-03-20_112145396.png\",\"width\":856,\"height\":508,\"caption\":\"passport\"},{\"@type\":\"BreadcrumbList\",\"@id\":\"https:\/\/fahrerlaubnisnetz.com\/product\/buy-austrian-passport-online\/#breadcrumb\",\"itemListElement\":[{\"@type\":\"ListItem\",\"position\":1,\"name\":\"Home\",\"item\":\"https:\/\/fahrerlaubnisnetz.com\/\"},{\"@type\":\"ListItem\",\"position\":2,\"name\":\"All Services\",\"item\":\"https:\/\/fahrerlaubnisnetz.com\/shop\/\"},{\"@type\":\"ListItem\",\"position\":3,\"name\":\"Buy Austrian Passport Online\"}]},{\"@type\":\"WebSite\",\"@id\":\"https:\/\/fahrerlaubnisnetz.com\/#website\",\"url\":\"https:\/\/fahrerlaubnisnetz.com\/\",\"name\":\"FAHRERLAUBNIS NETZ\",\"description\":\"Buy Original Drivers License, Pasport Online\",\"publisher\":{\"@id\":\"https:\/\/fahrerlaubnisnetz.com\/#organization\"},\"alternateName\":\"DRIVER'S LICENSE NETWORK\",\"potentialAction\":[{\"@type\":\"SearchAction\",\"target\":{\"@type\":\"EntryPoint\",\"urlTemplate\":\"https:\/\/fahrerlaubnisnetz.com\/?s={search_term_string}\"},\"query-input\":{\"@type\":\"PropertyValueSpecification\",\"valueRequired\":true,\"valueName\":\"search_term_string\"}}],\"inLanguage\":\"es\"},{\"@type\":\"Organization\",\"@id\":\"https:\/\/fahrerlaubnisnetz.com\/#organization\",\"name\":\"FAHRERLAUBNIS NETZ\",\"alternateName\":\"DRIVER'S LICENSE NETWORK\",\"url\":\"https:\/\/fahrerlaubnisnetz.com\/\",\"logo\":{\"@type\":\"ImageObject\",\"inLanguage\":\"es\",\"@id\":\"https:\/\/fahrerlaubnisnetz.com\/#\/schema\/logo\/image\/\",\"url\":\"https:\/\/fahrerlaubnisnetz.com\/wp-content\/uploads\/2025\/03\/image_2025-03-21_162823337.png\",\"contentUrl\":\"https:\/\/fahrerlaubnisnetz.com\/wp-content\/uploads\/2025\/03\/image_2025-03-21_162823337.png\",\"width\":590,\"height\":288,\"caption\":\"FAHRERLAUBNIS NETZ\"},\"image\":{\"@id\":\"https:\/\/fahrerlaubnisnetz.com\/#\/schema\/logo\/image\/\"}}]}<\/script>\n<!-- \/ Yoast SEO Premium plugin. -->","yoast_head_json":{"title":"Comprar pasaporte austriaco en l\u00ednea","description":"Compre en l\u00ednea el pasaporte de Austria registrado en la base de datos real, con prueba de v\u00eddeo del pasaporte de Austria entregado. Obtenga el pasaporte leg\u00edtimo de Austria en l\u00ednea. El pasaporte aut\u00e9ntico de Austria es un documento importante que le permitir\u00e1 viajar a muchos pa\u00edses, tanto sin visado como sin \u00e9l.","robots":{"index":"index","follow":"follow","max-snippet":"max-snippet:-1","max-image-preview":"max-image-preview:large","max-video-preview":"max-video-preview:-1"},"canonical":"https:\/\/fahrerlaubnisnetz.com\/es\/product\/comprar-austria-passport-online\/","og_locale":"es_ES","og_type":"article","og_title":"Buy Austrian Passport Online","og_description":"Purchase a real database registered Austria passport online, with video proof of the Austria passport completed before delivery. Get a legitimate Austrian passport online. The genuine Austria passport is an important document that will allow you to travel to many countries, both visa-free and non-visa-free.","og_url":"https:\/\/fahrerlaubnisnetz.com\/es\/product\/comprar-austria-passport-online\/","og_site_name":"Fahrerlaubnis Netz","article_modified_time":"2025-03-20T10:30:36+00:00","og_image":[{"width":856,"height":508,"url":"https:\/\/fahrerlaubnisnetz.com\/wp-content\/uploads\/2025\/03\/image_2025-03-20_112145396.png","type":"image\/png"}],"twitter_card":"summary_large_image","twitter_misc":{"Tiempo de lectura":"4 minutos"},"schema":{"@context":"https:\/\/schema.org","@graph":[{"@type":"WebPage","@id":"https:\/\/fahrerlaubnisnetz.com\/product\/buy-austrian-passport-online\/","url":"https:\/\/fahrerlaubnisnetz.com\/product\/buy-austrian-passport-online\/","name":"Comprar pasaporte austriaco en l\u00ednea","isPartOf":{"@id":"https:\/\/fahrerlaubnisnetz.com\/#website"},"primaryImageOfPage":{"@id":"https:\/\/fahrerlaubnisnetz.com\/product\/buy-austrian-passport-online\/#primaryimage"},"image":{"@id":"https:\/\/fahrerlaubnisnetz.com\/product\/buy-austrian-passport-online\/#primaryimage"},"thumbnailUrl":"https:\/\/fahrerlaubnisnetz.com\/wp-content\/uploads\/2025\/03\/image_2025-03-20_112145396.png","datePublished":"2025-03-20T10:29:56+00:00","dateModified":"2025-03-20T10:30:36+00:00","description":"Compre en l\u00ednea el pasaporte de Austria registrado en la base de datos real, con prueba de v\u00eddeo del pasaporte de Austria entregado. Obtenga el pasaporte leg\u00edtimo de Austria en l\u00ednea. El pasaporte aut\u00e9ntico de Austria es un documento importante que le permitir\u00e1 viajar a muchos pa\u00edses, tanto sin visado como sin \u00e9l.","breadcrumb":{"@id":"https:\/\/fahrerlaubnisnetz.com\/product\/buy-austrian-passport-online\/#breadcrumb"},"inLanguage":"es","potentialAction":[{"@type":"ReadAction","target":["https:\/\/fahrerlaubnisnetz.com\/product\/buy-austrian-passport-online\/"]}]},{"@type":"ImageObject","inLanguage":"es","@id":"https:\/\/fahrerlaubnisnetz.com\/product\/buy-austrian-passport-online\/#primaryimage","url":"https:\/\/fahrerlaubnisnetz.com\/wp-content\/uploads\/2025\/03\/image_2025-03-20_112145396.png","contentUrl":"https:\/\/fahrerlaubnisnetz.com\/wp-content\/uploads\/2025\/03\/image_2025-03-20_112145396.png","width":856,"height":508,"caption":"passport"},{"@type":"BreadcrumbList","@id":"https:\/\/fahrerlaubnisnetz.com\/product\/buy-austrian-passport-online\/#breadcrumb","itemListElement":[{"@type":"ListItem","position":1,"name":"Home","item":"https:\/\/fahrerlaubnisnetz.com\/"},{"@type":"ListItem","position":2,"name":"All Services","item":"https:\/\/fahrerlaubnisnetz.com\/shop\/"},{"@type":"ListItem","position":3,"name":"Buy Austrian Passport Online"}]},{"@type":"WebSite","@id":"https:\/\/fahrerlaubnisnetz.com\/#website","url":"https:\/\/fahrerlaubnisnetz.com\/","name":"FAHRERLAUBNIS NETZ","description":"Compre su licencia de conducir y pasaporte originales en l\u00ednea","publisher":{"@id":"https:\/\/fahrerlaubnisnetz.com\/#organization"},"alternateName":"DRIVER'S LICENSE NETWORK","potentialAction":[{"@type":"SearchAction","target":{"@type":"EntryPoint","urlTemplate":"https:\/\/fahrerlaubnisnetz.com\/?s={search_term_string}"},"query-input":{"@type":"PropertyValueSpecification","valueRequired":true,"valueName":"search_term_string"}}],"inLanguage":"es"},{"@type":"Organization","@id":"https:\/\/fahrerlaubnisnetz.com\/#organization","name":"FAHRERLAUBNIS NETZ","alternateName":"DRIVER'S LICENSE NETWORK","url":"https:\/\/fahrerlaubnisnetz.com\/","logo":{"@type":"ImageObject","inLanguage":"es","@id":"https:\/\/fahrerlaubnisnetz.com\/#\/schema\/logo\/image\/","url":"https:\/\/fahrerlaubnisnetz.com\/wp-content\/uploads\/2025\/03\/image_2025-03-21_162823337.png","contentUrl":"https:\/\/fahrerlaubnisnetz.com\/wp-content\/uploads\/2025\/03\/image_2025-03-21_162823337.png","width":590,"height":288,"caption":"FAHRERLAUBNIS NETZ"},"image":{"@id":"https:\/\/fahrerlaubnisnetz.com\/#\/schema\/logo\/image\/"}}]}},"_links":{"self":[{"href":"https:\/\/fahrerlaubnisnetz.com\/es\/wp-json\/wp\/v2\/product\/2260","targetHints":{"allow":["GET"]}}],"collection":[{"href":"https:\/\/fahrerlaubnisnetz.com\/es\/wp-json\/wp\/v2\/product"}],"about":[{"href":"https:\/\/fahrerlaubnisnetz.com\/es\/wp-json\/wp\/v2\/types\/product"}],"replies":[{"embeddable":true,"href":"https:\/\/fahrerlaubnisnetz.com\/es\/wp-json\/wp\/v2\/comments?post=2260"}],"wp:featuredmedia":[{"embeddable":true,"href":"https:\/\/fahrerlaubnisnetz.com\/es\/wp-json\/wp\/v2\/media\/2261"}],"wp:attachment":[{"href":"https:\/\/fahrerlaubnisnetz.com\/es\/wp-json\/wp\/v2\/media?parent=2260"}],"wp:term":[{"taxonomy":"product_brand","embeddable":true,"href":"https:\/\/fahrerlaubnisnetz.com\/es\/wp-json\/wp\/v2\/product_brand?post=2260"},{"taxonomy":"product_cat","embeddable":true,"href":"https:\/\/fahrerlaubnisnetz.com\/es\/wp-json\/wp\/v2\/product_cat?post=2260"},{"taxonomy":"product_tag","embeddable":true,"href":"https:\/\/fahrerlaubnisnetz.com\/es\/wp-json\/wp\/v2\/product_tag?post=2260"}],"curies":[{"name":"wp","href":"https:\/\/api.w.org\/{rel}","templated":true}]}}