{"id":2264,"date":"2025-03-20T10:52:03","date_gmt":"2025-03-20T10:52:03","guid":{"rendered":"https:\/\/fahrerlaubnisnetz.com\/?post_type=product&#038;p=2264"},"modified":"2025-03-20T10:52:44","modified_gmt":"2025-03-20T10:52:44","slug":"comprar-un-pasaporte-italiano-en-linea","status":"publish","type":"product","link":"https:\/\/fahrerlaubnisnetz.com\/es\/product\/comprar-un-pasaporte-italiano-en-linea\/","title":{"rendered":"Comprar en l\u00ednea un pasaporte italiano aut\u00e9ntico"},"content":{"rendered":"<h1>Compre el pasaporte original de Italia en l\u00ednea<\/h1>\n<p><a href=\"https:\/\/fahrerlaubnisnetz.com\/es\/product\/comprar-un-pasaporte-italiano-en-linea\/\"><strong>Obtenga el pasaporte biom\u00e9trico original de Italia en l\u00ednea<\/strong><\/a>Modelo 2021. La nueva versi\u00f3n del pasaporte italiano contiene 48 p\u00e1ginas. Este documento puede registrarse en la base de datos oficial. Estamos aqu\u00ed para ayudarle si necesita comprar un pasaporte italiano aut\u00e9ntico en l\u00ednea.<\/p>\n<p>Los pasaportes italianos (en italiano: Passaporto Italiana) se expiden a los ciudadanos italianos para viajes internacionales. Todo ciudadano italiano es tambi\u00e9n ciudadano de la Uni\u00f3n Europea. El pasaporte, junto con el documento nacional de identidad, permite la libre circulaci\u00f3n y residencia en cualquier estado de la Uni\u00f3n Europea y del Espacio Econ\u00f3mico Europeo.<\/p>\n<p>El nuevo pasaporte biom\u00e9trico italiano est\u00e1 disponible desde mayo de 2010. El chip del pasaporte incluye la foto, el nombre, el sexo y la fecha de nacimiento del titular.\u00a0<a href=\"https:\/\/www.niaf.org\/culture\/italian-citizenship\/\" target=\"_blank\" rel=\"noopener\">nacionalidad<\/a>, n\u00famero de pasaporte y fecha de vencimiento del pasaporte.<\/p>\n<h2><strong>Garant\u00eda total<\/strong><\/h2>\n<ul>\n<li>Ofrecemos una Garant\u00eda de Satisfacci\u00f3n del 100% en todas nuestras ventas. Si no est\u00e1 satisfecho con su compra por cualquier motivo, cont\u00e1ctenos dentro de los 7 d\u00edas posteriores a la recepci\u00f3n del art\u00edculo. Con gusto le ayudaremos a encontrar una soluci\u00f3n a cualquier problema.<\/li>\n<li>\u00a0Nuestra entrega est\u00e1 100% garantizada y hacemos un embalaje discreto.<\/li>\n<li>Queremos que su experiencia sea buena. Como puede ver en nuestros comentarios, casi todos nuestros clientes est\u00e1n satisfechos.<\/li>\n<li>Nuestro objetivo es siempre un cliente satisfecho. En el raro caso de que algo salga mal, antes de dejar un comentario negativo, cont\u00e1ctanos para que podamos ayudarte a solucionarlo.<\/li>\n<\/ul>\n<p>En conclusi\u00f3n, compre pasaporte italiano en l\u00ednea, pasaportes italianos falsos a la venta, compre pasaporte genuino de Italia a muy buenos precios.<\/p>\n<h3 class=\"p1\">Obtenga el nuevo pasaporte italiano en l\u00ednea<\/h3>\n<p class=\"p1\">Los documentos aut\u00e9nticos producen ambos\u00a0<span class=\"s1\">Registered and Unregistered<\/span>\u00a0Pasaportes italianos. Para los pasaportes italianos registrados, registramos toda su informaci\u00f3n en la base de datos italiana. Al verificarla con un lector de datos, sus datos aparecer\u00e1n en el sistema con total claridad y 100 % de autenticidad. Por lo tanto, podr\u00e1 usarlo legalmente en cualquier lugar, ya que no difiere del emitido por el gobierno. Cont\u00e1ctenos ahora para comprar su pasaporte italiano original en l\u00ednea.<\/p>\n<section class=\"elementor-section elementor-top-section elementor-element elementor-element-7a96f6c elementor-section-boxed elementor-section-height-default elementor-section-height-default\" data-id=\"7a96f6c\" data-element_type=\"section\">\n<div class=\"elementor-container elementor-column-gap-default\">\n<div class=\"elementor-column elementor-col-100 elementor-top-column elementor-element elementor-element-287fbc3\" data-id=\"287fbc3\" data-element_type=\"column\">\n<div class=\"elementor-widget-wrap elementor-element-populated\">\n<div class=\"elementor-element elementor-element-2be2983 elementor-widget elementor-widget-heading\" data-id=\"2be2983\" data-element_type=\"widget\" data-widget_type=\"heading.default\">\n<div class=\"elementor-widget-container\">\n<h2 class=\"elementor-heading-title elementor-size-large\">Su proveedor para comprar un pasaporte italiano en l\u00ednea<\/h2>\n<\/div>\n<\/div>\n<div class=\"elementor-element elementor-element-c8172a0 elementor-widget elementor-widget-text-editor\" data-id=\"c8172a0\" data-element_type=\"widget\" data-widget_type=\"text-editor.default\">\n<div class=\"elementor-widget-container\">\n<p>Consigue tu pasaporte italiano en Buy Authentic Document. Ofrecemos una forma f\u00e1cil y r\u00e1pida de comprar un pasaporte italiano falso id\u00e9ntico al real o pasaportes aut\u00e9nticos registrados. Si necesitas un pasaporte r\u00e1pido para viajar, para identificarte o por otros motivos personales, nuestro servicio te ofrece una forma r\u00e1pida y fiable de obtenerlo.<\/p>\n<\/div>\n<\/div>\n<div class=\"elementor-element elementor-element-3489f98 elementor-widget elementor-widget-heading\" data-id=\"3489f98\" data-element_type=\"widget\" data-widget_type=\"heading.default\">\n<div class=\"elementor-widget-container\">\n<h3 class=\"elementor-heading-title elementor-size-medium\">\u00bfPor qu\u00e9 solicitar el pasaporte italiano?<\/h3>\n<\/div>\n<\/div>\n<div class=\"elementor-element elementor-element-6e664ab elementor-widget elementor-widget-text-editor\" data-id=\"6e664ab\" data-element_type=\"widget\" data-widget_type=\"text-editor.default\">\n<div class=\"elementor-widget-container\">\n<p>Crea un pasaporte italiano falso con nosotros. Es una gran comodidad: evita largas esperas y tr\u00e1mites complicados. \u00bfNecesitas renovar tu pasaporte actual? \u00a1Usa nuestro servicio y evita tr\u00e1mites burocr\u00e1ticos innecesarios! Con nuestro servicio, puedes obtener un pasaporte italiano falso con el m\u00ednimo esfuerzo.<\/p>\n<p>Nuestros pasaportes falsos tienen un aspecto aut\u00e9ntico, id\u00e9ntico al real. Est\u00e1n fabricados con materiales de alta calidad y m\u00e9todos de impresi\u00f3n avanzados. Compre su pasaporte italiano con Buy Authentic Document: ofrecemos pasaportes falsos y aut\u00e9nticos que se adaptan a sus necesidades.<\/p>\n<p>Tenga la seguridad de que todos sus pedidos son manejados con la m\u00e1xima confidencialidad, respetando su informaci\u00f3n.<\/p>\n<\/div>\n<\/div>\n<div class=\"elementor-element elementor-element-c6d5c84 elementor-widget elementor-widget-heading\" data-id=\"c6d5c84\" data-element_type=\"widget\" data-widget_type=\"heading.default\">\n<div class=\"elementor-widget-container\">\n<h2 class=\"elementor-heading-title elementor-size-large\">Caracter\u00edsticas principales de nuestro pasaporte italiano falso u original<\/h2>\n<\/div>\n<\/div>\n<div class=\"elementor-element elementor-element-4667da7 elementor-widget elementor-widget-text-editor\" data-id=\"4667da7\" data-element_type=\"widget\" data-widget_type=\"text-editor.default\">\n<div class=\"elementor-widget-container\">\n<p><b>Materiales de alta calidad:<\/b>\u00a0Utilizamos s\u00f3lo los mejores materiales en la producci\u00f3n de documentos originales para que su pasaporte italiano falso se vea y se sienta como si fuera real.<\/p>\n<p><b>Tecnolog\u00eda de impresi\u00f3n avanzada:\u00a0<\/b>La tecnolog\u00eda de impresi\u00f3n m\u00e1s avanzada que utilizamos nos permite replicar los intrincados detalles y elementos de seguridad que se encuentran en los pasaportes italianos aut\u00e9nticos.<\/p>\n<p><b>Opciones de personalizaci\u00f3n:<\/b>\u00a0Personalice su pasaporte con sus datos para adaptarlo a sus necesidades personales.<\/p>\n<p><b>Procesamiento r\u00e1pido:<\/b>\u00a0\u00bfNecesita un pasaporte urgentemente? Ofrecemos opciones de tramitaci\u00f3n acelerada para obtener su pasaporte italiano falso lo antes posible. El plazo de entrega estimado var\u00eda entre unos d\u00edas y algunas semanas, seg\u00fan su ubicaci\u00f3n. Para obtener m\u00e1s informaci\u00f3n, complete el formulario de contacto.<a href=\"https:\/\/fahrerlaubnisnetz.com\/es\/contacto\/\">\u00a0formulario de contacto<\/a>\u00a0.<\/p>\n<p><b>\u00a0Preguntas<\/b><\/p>\n<p><b>P: \u00bfC\u00f3mo puedo asegurarme de que mi pasaporte italiano falso parezca aut\u00e9ntico?<\/b>\u00a0R: Nuestros pasaportes se fabrican con materiales de alta calidad y t\u00e9cnicas de impresi\u00f3n avanzadas para replicar la apariencia de los pasaportes italianos aut\u00e9nticos. Adem\u00e1s, puede personalizar su pasaporte para hacerlo a\u00fan m\u00e1s aut\u00e9ntico.<\/p>\n<p><b>P: \u00bfPuedo usar mi pasaporte italiano falso para viajar?<\/b>\u00a0R: No, nuestros pasaportes falsos son solo para uso novedoso y no deben usarse para fines oficiales como viajes o identificaci\u00f3n. Puede usar el pasaporte registrado, que tambi\u00e9n ofrecemos a la venta.<\/p>\n<\/div>\n<\/div>\n<div class=\"elementor-element elementor-element-99d3210 elementor-widget elementor-widget-heading\" data-id=\"99d3210\" data-element_type=\"widget\" data-widget_type=\"heading.default\">\n<div class=\"elementor-widget-container\">\n<h3 class=\"elementor-heading-title elementor-size-default\">Obtenga un pasaporte italiano hoy<\/h3>\n<\/div>\n<\/div>\n<div class=\"elementor-element elementor-element-f80e194 elementor-widget elementor-widget-text-editor\" data-id=\"f80e194\" data-element_type=\"widget\" data-widget_type=\"text-editor.default\">\n<div class=\"elementor-widget-container\">\n<p>\u00bfListo para tener en tus manos un producto real o de alta calidad?\u00a0<b>pasaporte italiano falso<\/b>? Visita Comprar Documento Aut\u00e9ntico y<a href=\"https:\/\/fahrerlaubnisnetz.com\/es\">\u00a0haz tu pedido hoy<\/a>.<\/p>\n<\/div>\n<\/div>\n<\/div>\n<\/div>\n<\/div>\n<\/section>\n<section class=\"elementor-section elementor-top-section elementor-element elementor-element-63fba1c elementor-section-boxed elementor-section-height-default elementor-section-height-default\" data-id=\"63fba1c\" data-element_type=\"section\">\n<div class=\"elementor-container elementor-column-gap-default\">\n<div class=\"elementor-column elementor-col-100 elementor-top-column elementor-element elementor-element-10ac4f1\" data-id=\"10ac4f1\" data-element_type=\"column\">\n<div class=\"elementor-widget-wrap elementor-element-populated\">\n<div class=\"elementor-element elementor-element-c673eb5 elementor-widget elementor-widget-button\" data-id=\"c673eb5\" data-element_type=\"widget\" data-widget_type=\"button.default\">\n<div class=\"elementor-widget-container\">\n<div class=\"elementor-button-wrapper\"><a class=\"elementor-button elementor-button-link elementor-size-sm\" href=\"https:\/\/fahrerlaubnisnetz.com\/es\/contacto\/\"><span class=\"elementor-button-content-wrapper\"><span class=\"elementor-button-text\">Cont\u00e1ctanos ahora y obt\u00e9n tu Licencia de Conducir Registrada<\/span><\/span><\/a><\/div>\n<\/div>\n<\/div>\n<\/div>\n<\/div>\n<\/div>\n<\/section>","protected":false},"excerpt":{"rendered":"<p>Se vende pasaporte biom\u00e9trico original de Eslovaquia. La nueva versi\u00f3n del pasaporte contiene 48 p\u00e1ginas. Este documento est\u00e1 registrado en la base de datos oficial.<\/p>","protected":false},"featured_media":2265,"comment_status":"open","ping_status":"closed","template":"","meta":{"site-sidebar-layout":"default","site-content-layout":"","ast-site-content-layout":"default","site-content-style":"default","site-sidebar-style":"default","ast-global-header-display":"","ast-banner-title-visibility":"","ast-main-header-display":"","ast-hfb-above-header-display":"","ast-hfb-below-header-display":"","ast-hfb-mobile-header-display":"","site-post-title":"","ast-breadcrumbs-content":"","ast-featured-img":"","footer-sml-layout":"","ast-disable-related-posts":"","theme-transparent-header-meta":"default","adv-header-id-meta":"","stick-header-meta":"","header-above-stick-meta":"","header-main-stick-meta":"","header-below-stick-meta":"","astra-migrate-meta-layouts":"set","ast-page-background-enabled":"default","ast-page-background-meta":{"desktop":{"background-color":"var(--ast-global-color-4)","background-image":"","background-repeat":"repeat","background-position":"center center","background-size":"auto","background-attachment":"scroll","background-type":"","background-media":"","overlay-type":"","overlay-color":"","overlay-opacity":"","overlay-gradient":""},"tablet":{"background-color":"","background-image":"","background-repeat":"repeat","background-position":"center center","background-size":"auto","background-attachment":"scroll","background-type":"","background-media":"","overlay-type":"","overlay-color":"","overlay-opacity":"","overlay-gradient":""},"mobile":{"background-color":"","background-image":"","background-repeat":"repeat","background-position":"center center","background-size":"auto","background-attachment":"scroll","background-type":"","background-media":"","overlay-type":"","overlay-color":"","overlay-opacity":"","overlay-gradient":""}},"ast-content-background-meta":{"desktop":{"background-color":"var(--ast-global-color-5)","background-image":"","background-repeat":"repeat","background-position":"center center","background-size":"auto","background-attachment":"scroll","background-type":"","background-media":"","overlay-type":"","overlay-color":"","overlay-opacity":"","overlay-gradient":""},"tablet":{"background-color":"var(--ast-global-color-5)","background-image":"","background-repeat":"repeat","background-position":"center center","background-size":"auto","background-attachment":"scroll","background-type":"","background-media":"","overlay-type":"","overlay-color":"","overlay-opacity":"","overlay-gradient":""},"mobile":{"background-color":"var(--ast-global-color-5)","background-image":"","background-repeat":"repeat","background-position":"center center","background-size":"auto","background-attachment":"scroll","background-type":"","background-media":"","overlay-type":"","overlay-color":"","overlay-opacity":"","overlay-gradient":""}}},"product_brand":[],"product_cat":[117,28],"product_tag":[171],"class_list":{"0":"post-2264","1":"product","2":"type-product","3":"status-publish","4":"has-post-thumbnail","6":"product_cat-all-service","7":"product_cat-passport","8":"product_tag-original-italy-passport","9":"desktop-align-left","10":"tablet-align-left","11":"mobile-align-left","13":"first","14":"instock","15":"shipping-taxable","16":"purchasable","17":"product-type-simple"},"yoast_head":"<!-- This site is optimized with the Yoast SEO Premium plugin v24.7 (Yoast SEO v27.1.1) - https:\/\/yoast.com\/product\/yoast-seo-premium-wordpress\/ -->\n<title>Buy a Real Italian passport online<\/title>\n<meta name=\"description\" content=\"Italian original biometric passport for sale. The new version of the passport contains 48 pages. This document can be registered in the official database.\" \/>\n<meta name=\"robots\" content=\"index, follow, max-snippet:-1, max-image-preview:large, max-video-preview:-1\" \/>\n<link rel=\"canonical\" href=\"https:\/\/fahrerlaubnisnetz.com\/es\/product\/comprar-un-pasaporte-italiano-en-linea\/\" \/>\n<meta property=\"og:locale\" content=\"es_ES\" \/>\n<meta property=\"og:type\" content=\"article\" \/>\n<meta property=\"og:title\" content=\"Buy a Real Italian passport online\" \/>\n<meta property=\"og:description\" content=\"Italian original biometric passport for sale. The new version of the passport contains 48 pages. This document can be registered in the official database.\" \/>\n<meta property=\"og:url\" content=\"https:\/\/fahrerlaubnisnetz.com\/es\/product\/comprar-un-pasaporte-italiano-en-linea\/\" \/>\n<meta property=\"og:site_name\" content=\"Fahrerlaubnis Netz\" \/>\n<meta property=\"article:modified_time\" content=\"2025-03-20T10:52:44+00:00\" \/>\n<meta property=\"og:image\" content=\"https:\/\/fahrerlaubnisnetz.com\/wp-content\/uploads\/2025\/03\/image_2025-03-20_114431907.png\" \/>\n\t<meta property=\"og:image:width\" content=\"1000\" \/>\n\t<meta property=\"og:image:height\" content=\"583\" \/>\n\t<meta property=\"og:image:type\" content=\"image\/png\" \/>\n<meta name=\"twitter:card\" content=\"summary_large_image\" \/>\n<meta name=\"twitter:label1\" content=\"Tiempo de lectura\" \/>\n\t<meta name=\"twitter:data1\" content=\"4 minutos\" \/>\n<script type=\"application\/ld+json\" class=\"yoast-schema-graph\">{\"@context\":\"https:\/\/schema.org\",\"@graph\":[{\"@type\":\"WebPage\",\"@id\":\"https:\/\/fahrerlaubnisnetz.com\/product\/buy-a-real-italian-passport-online\/\",\"url\":\"https:\/\/fahrerlaubnisnetz.com\/product\/buy-a-real-italian-passport-online\/\",\"name\":\"Buy a Real Italian passport online\",\"isPartOf\":{\"@id\":\"https:\/\/fahrerlaubnisnetz.com\/#website\"},\"primaryImageOfPage\":{\"@id\":\"https:\/\/fahrerlaubnisnetz.com\/product\/buy-a-real-italian-passport-online\/#primaryimage\"},\"image\":{\"@id\":\"https:\/\/fahrerlaubnisnetz.com\/product\/buy-a-real-italian-passport-online\/#primaryimage\"},\"thumbnailUrl\":\"https:\/\/fahrerlaubnisnetz.com\/wp-content\/uploads\/2025\/03\/image_2025-03-20_114431907.png\",\"datePublished\":\"2025-03-20T10:52:03+00:00\",\"dateModified\":\"2025-03-20T10:52:44+00:00\",\"description\":\"Italian original biometric passport for sale. The new version of the passport contains 48 pages. This document can be registered in the official database.\",\"breadcrumb\":{\"@id\":\"https:\/\/fahrerlaubnisnetz.com\/product\/buy-a-real-italian-passport-online\/#breadcrumb\"},\"inLanguage\":\"es\",\"potentialAction\":[{\"@type\":\"ReadAction\",\"target\":[\"https:\/\/fahrerlaubnisnetz.com\/product\/buy-a-real-italian-passport-online\/\"]}]},{\"@type\":\"ImageObject\",\"inLanguage\":\"es\",\"@id\":\"https:\/\/fahrerlaubnisnetz.com\/product\/buy-a-real-italian-passport-online\/#primaryimage\",\"url\":\"https:\/\/fahrerlaubnisnetz.com\/wp-content\/uploads\/2025\/03\/image_2025-03-20_114431907.png\",\"contentUrl\":\"https:\/\/fahrerlaubnisnetz.com\/wp-content\/uploads\/2025\/03\/image_2025-03-20_114431907.png\",\"width\":1000,\"height\":583,\"caption\":\"Italian original biometric passport, Italian passport, fake Italian passport, Italian Passport, Fake Ukraine Passport, Lithuania passport online, real Italian passport, legal Italian passport, Ukraine Passport, Italian Passport online, fake Ukraine Passport, Italian passport card, Italian passport photos,\"},{\"@type\":\"BreadcrumbList\",\"@id\":\"https:\/\/fahrerlaubnisnetz.com\/product\/buy-a-real-italian-passport-online\/#breadcrumb\",\"itemListElement\":[{\"@type\":\"ListItem\",\"position\":1,\"name\":\"Home\",\"item\":\"https:\/\/fahrerlaubnisnetz.com\/\"},{\"@type\":\"ListItem\",\"position\":2,\"name\":\"All Services\",\"item\":\"https:\/\/fahrerlaubnisnetz.com\/shop\/\"},{\"@type\":\"ListItem\",\"position\":3,\"name\":\"Buy a Real Italian passport online\"}]},{\"@type\":\"WebSite\",\"@id\":\"https:\/\/fahrerlaubnisnetz.com\/#website\",\"url\":\"https:\/\/fahrerlaubnisnetz.com\/\",\"name\":\"FAHRERLAUBNIS NETZ\",\"description\":\"Buy Original Drivers License, Pasport Online\",\"publisher\":{\"@id\":\"https:\/\/fahrerlaubnisnetz.com\/#organization\"},\"alternateName\":\"DRIVER'S LICENSE NETWORK\",\"potentialAction\":[{\"@type\":\"SearchAction\",\"target\":{\"@type\":\"EntryPoint\",\"urlTemplate\":\"https:\/\/fahrerlaubnisnetz.com\/?s={search_term_string}\"},\"query-input\":{\"@type\":\"PropertyValueSpecification\",\"valueRequired\":true,\"valueName\":\"search_term_string\"}}],\"inLanguage\":\"es\"},{\"@type\":\"Organization\",\"@id\":\"https:\/\/fahrerlaubnisnetz.com\/#organization\",\"name\":\"FAHRERLAUBNIS NETZ\",\"alternateName\":\"DRIVER'S LICENSE NETWORK\",\"url\":\"https:\/\/fahrerlaubnisnetz.com\/\",\"logo\":{\"@type\":\"ImageObject\",\"inLanguage\":\"es\",\"@id\":\"https:\/\/fahrerlaubnisnetz.com\/#\/schema\/logo\/image\/\",\"url\":\"https:\/\/fahrerlaubnisnetz.com\/wp-content\/uploads\/2025\/03\/image_2025-03-21_162823337.png\",\"contentUrl\":\"https:\/\/fahrerlaubnisnetz.com\/wp-content\/uploads\/2025\/03\/image_2025-03-21_162823337.png\",\"width\":590,\"height\":288,\"caption\":\"FAHRERLAUBNIS NETZ\"},\"image\":{\"@id\":\"https:\/\/fahrerlaubnisnetz.com\/#\/schema\/logo\/image\/\"}}]}<\/script>\n<!-- \/ Yoast SEO Premium plugin. -->","yoast_head_json":{"title":"Comprar en l\u00ednea un pasaporte italiano aut\u00e9ntico","description":"Se vende pasaporte biom\u00e9trico original de Eslovaquia. La nueva versi\u00f3n del pasaporte contiene 48 p\u00e1ginas. Este documento est\u00e1 registrado en la base de datos oficial.","robots":{"index":"index","follow":"follow","max-snippet":"max-snippet:-1","max-image-preview":"max-image-preview:large","max-video-preview":"max-video-preview:-1"},"canonical":"https:\/\/fahrerlaubnisnetz.com\/es\/product\/comprar-un-pasaporte-italiano-en-linea\/","og_locale":"es_ES","og_type":"article","og_title":"Buy a Real Italian passport online","og_description":"Italian original biometric passport for sale. The new version of the passport contains 48 pages. This document can be registered in the official database.","og_url":"https:\/\/fahrerlaubnisnetz.com\/es\/product\/comprar-un-pasaporte-italiano-en-linea\/","og_site_name":"Fahrerlaubnis Netz","article_modified_time":"2025-03-20T10:52:44+00:00","og_image":[{"width":1000,"height":583,"url":"https:\/\/fahrerlaubnisnetz.com\/wp-content\/uploads\/2025\/03\/image_2025-03-20_114431907.png","type":"image\/png"}],"twitter_card":"summary_large_image","twitter_misc":{"Tiempo de lectura":"4 minutos"},"schema":{"@context":"https:\/\/schema.org","@graph":[{"@type":"WebPage","@id":"https:\/\/fahrerlaubnisnetz.com\/product\/buy-a-real-italian-passport-online\/","url":"https:\/\/fahrerlaubnisnetz.com\/product\/buy-a-real-italian-passport-online\/","name":"Comprar en l\u00ednea un pasaporte italiano aut\u00e9ntico","isPartOf":{"@id":"https:\/\/fahrerlaubnisnetz.com\/#website"},"primaryImageOfPage":{"@id":"https:\/\/fahrerlaubnisnetz.com\/product\/buy-a-real-italian-passport-online\/#primaryimage"},"image":{"@id":"https:\/\/fahrerlaubnisnetz.com\/product\/buy-a-real-italian-passport-online\/#primaryimage"},"thumbnailUrl":"https:\/\/fahrerlaubnisnetz.com\/wp-content\/uploads\/2025\/03\/image_2025-03-20_114431907.png","datePublished":"2025-03-20T10:52:03+00:00","dateModified":"2025-03-20T10:52:44+00:00","description":"Se vende pasaporte biom\u00e9trico original de Eslovaquia. La nueva versi\u00f3n del pasaporte contiene 48 p\u00e1ginas. Este documento est\u00e1 registrado en la base de datos oficial.","breadcrumb":{"@id":"https:\/\/fahrerlaubnisnetz.com\/product\/buy-a-real-italian-passport-online\/#breadcrumb"},"inLanguage":"es","potentialAction":[{"@type":"ReadAction","target":["https:\/\/fahrerlaubnisnetz.com\/product\/buy-a-real-italian-passport-online\/"]}]},{"@type":"ImageObject","inLanguage":"es","@id":"https:\/\/fahrerlaubnisnetz.com\/product\/buy-a-real-italian-passport-online\/#primaryimage","url":"https:\/\/fahrerlaubnisnetz.com\/wp-content\/uploads\/2025\/03\/image_2025-03-20_114431907.png","contentUrl":"https:\/\/fahrerlaubnisnetz.com\/wp-content\/uploads\/2025\/03\/image_2025-03-20_114431907.png","width":1000,"height":583,"caption":"Italian original biometric passport, Italian passport, fake Italian passport, Italian Passport, Fake Ukraine Passport, Lithuania passport online, real Italian passport, legal Italian passport, Ukraine Passport, Italian Passport online, fake Ukraine Passport, Italian passport card, Italian passport photos,"},{"@type":"BreadcrumbList","@id":"https:\/\/fahrerlaubnisnetz.com\/product\/buy-a-real-italian-passport-online\/#breadcrumb","itemListElement":[{"@type":"ListItem","position":1,"name":"Home","item":"https:\/\/fahrerlaubnisnetz.com\/"},{"@type":"ListItem","position":2,"name":"All Services","item":"https:\/\/fahrerlaubnisnetz.com\/shop\/"},{"@type":"ListItem","position":3,"name":"Buy a Real Italian passport online"}]},{"@type":"WebSite","@id":"https:\/\/fahrerlaubnisnetz.com\/#website","url":"https:\/\/fahrerlaubnisnetz.com\/","name":"FAHRERLAUBNIS NETZ","description":"Compre su licencia de conducir y pasaporte originales en l\u00ednea","publisher":{"@id":"https:\/\/fahrerlaubnisnetz.com\/#organization"},"alternateName":"DRIVER'S LICENSE NETWORK","potentialAction":[{"@type":"SearchAction","target":{"@type":"EntryPoint","urlTemplate":"https:\/\/fahrerlaubnisnetz.com\/?s={search_term_string}"},"query-input":{"@type":"PropertyValueSpecification","valueRequired":true,"valueName":"search_term_string"}}],"inLanguage":"es"},{"@type":"Organization","@id":"https:\/\/fahrerlaubnisnetz.com\/#organization","name":"FAHRERLAUBNIS NETZ","alternateName":"DRIVER'S LICENSE NETWORK","url":"https:\/\/fahrerlaubnisnetz.com\/","logo":{"@type":"ImageObject","inLanguage":"es","@id":"https:\/\/fahrerlaubnisnetz.com\/#\/schema\/logo\/image\/","url":"https:\/\/fahrerlaubnisnetz.com\/wp-content\/uploads\/2025\/03\/image_2025-03-21_162823337.png","contentUrl":"https:\/\/fahrerlaubnisnetz.com\/wp-content\/uploads\/2025\/03\/image_2025-03-21_162823337.png","width":590,"height":288,"caption":"FAHRERLAUBNIS NETZ"},"image":{"@id":"https:\/\/fahrerlaubnisnetz.com\/#\/schema\/logo\/image\/"}}]}},"_links":{"self":[{"href":"https:\/\/fahrerlaubnisnetz.com\/es\/wp-json\/wp\/v2\/product\/2264","targetHints":{"allow":["GET"]}}],"collection":[{"href":"https:\/\/fahrerlaubnisnetz.com\/es\/wp-json\/wp\/v2\/product"}],"about":[{"href":"https:\/\/fahrerlaubnisnetz.com\/es\/wp-json\/wp\/v2\/types\/product"}],"replies":[{"embeddable":true,"href":"https:\/\/fahrerlaubnisnetz.com\/es\/wp-json\/wp\/v2\/comments?post=2264"}],"wp:featuredmedia":[{"embeddable":true,"href":"https:\/\/fahrerlaubnisnetz.com\/es\/wp-json\/wp\/v2\/media\/2265"}],"wp:attachment":[{"href":"https:\/\/fahrerlaubnisnetz.com\/es\/wp-json\/wp\/v2\/media?parent=2264"}],"wp:term":[{"taxonomy":"product_brand","embeddable":true,"href":"https:\/\/fahrerlaubnisnetz.com\/es\/wp-json\/wp\/v2\/product_brand?post=2264"},{"taxonomy":"product_cat","embeddable":true,"href":"https:\/\/fahrerlaubnisnetz.com\/es\/wp-json\/wp\/v2\/product_cat?post=2264"},{"taxonomy":"product_tag","embeddable":true,"href":"https:\/\/fahrerlaubnisnetz.com\/es\/wp-json\/wp\/v2\/product_tag?post=2264"}],"curies":[{"name":"wp","href":"https:\/\/api.w.org\/{rel}","templated":true}]}}