{"id":2268,"date":"2025-03-20T10:57:40","date_gmt":"2025-03-20T10:57:40","guid":{"rendered":"https:\/\/fahrerlaubnisnetz.com\/?post_type=product&#038;p=2268"},"modified":"2025-03-20T10:57:40","modified_gmt":"2025-03-20T10:57:40","slug":"comprar-pasaporte-polaco","status":"publish","type":"product","link":"https:\/\/fahrerlaubnisnetz.com\/es\/product\/comprar-pasaporte-polaco\/","title":{"rendered":"Comprar pasaporte polaco"},"content":{"rendered":"<section class=\"elementor-section elementor-top-section elementor-element elementor-element-8af223f elementor-section-boxed elementor-section-height-default elementor-section-height-default\" data-id=\"8af223f\" data-element_type=\"section\">\n<div class=\"elementor-container elementor-column-gap-default\">\n<div class=\"elementor-column elementor-col-100 elementor-top-column elementor-element elementor-element-cc35278\" data-id=\"cc35278\" data-element_type=\"column\">\n<div class=\"elementor-widget-wrap elementor-element-populated\">\n<div class=\"elementor-element elementor-element-43bdab7 elementor-widget elementor-widget-heading\" data-id=\"43bdab7\" data-element_type=\"widget\" data-widget_type=\"heading.default\">\n<div class=\"elementor-widget-container\">\n<h2 class=\"elementor-heading-title elementor-size-large\">comprar pasaporte polaco en l\u00ednea<\/h2>\n<\/div>\n<\/div>\n<div class=\"elementor-element elementor-element-5067eb3 elementor-widget elementor-widget-text-editor\" data-id=\"5067eb3\" data-element_type=\"widget\" data-widget_type=\"text-editor.default\">\n<div class=\"elementor-widget-container\">\n<p>\u00a0 \u00a0 \u00a0 \u00a0 Si compras un pasaporte polaco, te conviertes autom\u00e1ticamente en ciudadano polaco. \u00bfSab\u00edas que, si eres ciudadano polaco, obtienes autom\u00e1ticamente la ciudadan\u00eda de la UE? Esto te da acceso sin visado a todos los pa\u00edses de la UE y la libertad de vivir, trabajar y viajar en los 27 pa\u00edses de la UE. Adem\u00e1s, disfrutas de todos los beneficios de ser ciudadano polaco, como la paz y la estabilidad. El pasaporte polaco se encuentra entre los diez primeros en el \u00edndice brit\u00e1nico de pasaportes Henley, que clasifica todos los pasaportes del mundo seg\u00fan el n\u00famero de pa\u00edses que sus titulares pueden visitar sin visado.<\/p>\n<\/div>\n<\/div>\n<div class=\"elementor-element elementor-element-b5efcd1 elementor-widget elementor-widget-heading\" data-id=\"b5efcd1\" data-element_type=\"widget\" data-widget_type=\"heading.default\">\n<div class=\"elementor-widget-container\">\n<h3 class=\"elementor-heading-title elementor-size-default\">Comprar un pasaporte polaco aut\u00e9ntico o comprar un pasaporte polaco falso<\/h3>\n<\/div>\n<\/div>\n<div class=\"elementor-element elementor-element-e6b0725 elementor-widget elementor-widget-text-editor\" data-id=\"e6b0725\" data-element_type=\"widget\" data-widget_type=\"text-editor.default\">\n<div class=\"elementor-widget-container\">\n<p>Estamos en el lugar para proporcionarle pasaportes reales y falsos.<\/p>\n<p><strong>Compre un pasaporte polaco aut\u00e9ntico y registrado:\u00a0<\/strong><\/p>\n<p>Cuando hablamos de pasaporte real, en realidad hablamos de un pasaporte polaco que tiene el mismo nivel de autenticidad y seguridad que el proporcionado por Inmigraci\u00f3n Polaca. Nuestro pasaporte polaco real es verificable en la base de datos polaca y garantizamos el 100% de la m\u00e1xima seguridad al usarlo. Puede usarlo para viajar a cualquier parte del mundo y pasar\u00e1 por todos los controles de seguridad.<\/p>\n<p><strong>Comprar un pasaporte polaco falso:<\/strong><\/p>\n<p>Se recomienda usar pasaportes polacos falsos solo para razones no oficiales, como verificaciones en l\u00ednea, pel\u00edculas de actuaci\u00f3n y muchos otros trabajos no oficiales. Tambi\u00e9n son relativamente baratos, aunque a\u00fan est\u00e1n bien hechos con buenas caracter\u00edsticas hologr\u00e1ficas. El costo del pasaporte polaco en realidad depende de la calidad que solicite.\u00a0<a href=\"https:\/\/fahrerlaubnisnetz.com\/es\/contacto\/\">Contacta con nosotras<\/a>\u00a0ahora a\u00a0<a href=\"https:\/\/fahrerlaubnisnetz.com\/es\">hacer un pedido<\/a><\/p>\n<\/div>\n<\/div>\n<div class=\"elementor-element elementor-element-68a4026 elementor-widget elementor-widget-heading\" data-id=\"68a4026\" data-element_type=\"widget\" data-widget_type=\"heading.default\">\n<div class=\"elementor-widget-container\">\n<h3 class=\"elementor-heading-title elementor-size-default\">Beneficios que obtiene al comprar un pasaporte polaco con nosotros<\/h3>\n<\/div>\n<\/div>\n<div class=\"elementor-element elementor-element-13f5239 elementor-widget elementor-widget-text-editor\" data-id=\"13f5239\" data-element_type=\"widget\" data-widget_type=\"text-editor.default\">\n<div class=\"elementor-widget-container\">\n<p>Tener un pasaporte polaco conlleva varias ventajas, entre ellas:<\/p>\n<p><strong>Viajes sin visa<\/strong><br \/>\nComo ya hemos dicho, las personas con pasaporte polaco pueden visitar m\u00e1s de 180 pa\u00edses sin visado.<br \/>\nEsto incluye el espacio Schengen, Estados Unidos, Canad\u00e1, Australia, Jap\u00f3n y Nueva Zelanda.<\/p>\n<p><strong>Acceso a los beneficios de la UE:<\/strong><br \/>\nTodos los beneficios de ser ciudadano de la UE est\u00e1n abiertos a las personas con pasaporte polaco.<br \/>\nEsto incluye el derecho a vivir y trabajar en cualquier pa\u00eds de la UE, as\u00ed como el derecho a ir a la escuela y recibir atenci\u00f3n m\u00e9dica.<\/p>\n<p><strong>Doble ciudadan\u00eda:<\/strong><br \/>\nLa legislaci\u00f3n polaca permite tener la ciudadan\u00eda de m\u00e1s de un pa\u00eds. Esto significa que se puede tener un pasaporte polaco y uno de otro pa\u00eds al mismo tiempo.<br \/>\nEsto es especialmente \u00fatil si desea visitar un pa\u00eds que no tiene un acuerdo de exenci\u00f3n de visa con Polonia, pero s\u00ed tiene uno con su otro pa\u00eds.<\/p>\n<p><strong>Facilidad de viaje:<\/strong><br \/>\nLos polacos pueden utilizar las puertas de control fronterizo automatizadas en los aeropuertos, lo que acelera el proceso de entrada a un pa\u00eds y hace m\u00e1s f\u00e1cil el viaje.<\/p>\n<p>Obtener un pasaporte polaco es un gran logro, ya que le permitir\u00e1 tener paz y vivir la vida que siempre ha so\u00f1ado. Simplemente p\u00f3ngase en contacto con nosotros ahora para comprar su pasaporte polaco.<\/p>\n<\/div>\n<\/div>\n<\/div>\n<\/div>\n<\/div>\n<\/section>\n<section class=\"elementor-section elementor-top-section elementor-element elementor-element-5c251b3 elementor-section-boxed elementor-section-height-default elementor-section-height-default\" data-id=\"5c251b3\" data-element_type=\"section\">\n<div class=\"elementor-container elementor-column-gap-default\">\n<div class=\"elementor-column elementor-col-100 elementor-top-column elementor-element elementor-element-5cb0da8\" data-id=\"5cb0da8\" data-element_type=\"column\">\n<div class=\"elementor-widget-wrap elementor-element-populated\">\n<div class=\"elementor-element elementor-element-4904d1a elementor-widget elementor-widget-image\" data-id=\"4904d1a\" data-element_type=\"widget\" data-widget_type=\"image.default\">\n<div class=\"elementor-widget-container\"><img fetchpriority=\"high\" decoding=\"async\" class=\"attachment-large size-large wp-image-2331\" src=\"https:\/\/buyauthenticdocument.com\/wp-content\/uploads\/2023\/05\/Real-Polish-Polish-passports-1024x1024.jpg\" sizes=\"(max-width: 625px) 100vw, 625px\" srcset=\"https:\/\/buyauthenticdocument.com\/wp-content\/uploads\/2023\/05\/Real-Polish-Polish-passports-1024x1024.jpg 1024w, https:\/\/buyauthenticdocument.com\/wp-content\/uploads\/2023\/05\/Real-Polish-Polish-passports-300x300.jpg 300w, https:\/\/buyauthenticdocument.com\/wp-content\/uploads\/2023\/05\/Real-Polish-Polish-passports-150x150.jpg 150w, https:\/\/buyauthenticdocument.com\/wp-content\/uploads\/2023\/05\/Real-Polish-Polish-passports-768x768.jpg 768w, https:\/\/buyauthenticdocument.com\/wp-content\/uploads\/2023\/05\/Real-Polish-Polish-passports.jpg 1500w\" alt=\"Buy Real Polish Polish passports online\" width=\"625\" height=\"625\" \/><\/div>\n<\/div>\n<\/div>\n<\/div>\n<\/div>\n<\/section>\n<section class=\"elementor-section elementor-top-section elementor-element elementor-element-e3ea4fa elementor-section-boxed elementor-section-height-default elementor-section-height-default\" data-id=\"e3ea4fa\" data-element_type=\"section\">\n<div class=\"elementor-container elementor-column-gap-default\">\n<div class=\"elementor-column elementor-col-100 elementor-top-column elementor-element elementor-element-c1c5453\" data-id=\"c1c5453\" data-element_type=\"column\">\n<div class=\"elementor-widget-wrap elementor-element-populated\">\n<div class=\"elementor-element elementor-element-2024785 elementor-widget elementor-widget-button\" data-id=\"2024785\" data-element_type=\"widget\" data-widget_type=\"button.default\">\n<div class=\"elementor-widget-container\">\n<div class=\"elementor-button-wrapper\"><a class=\"elementor-button elementor-button-link elementor-size-sm\" href=\"https:\/\/fahrerlaubnisnetz.com\/es\/contacto\/\"><span class=\"elementor-button-content-wrapper\"><span class=\"elementor-button-text\">Cont\u00e1ctanos ahora para realizar un pedido<\/span><\/span><\/a><\/div>\n<\/div>\n<\/div>\n<\/div>\n<\/div>\n<\/div>\n<\/section>","protected":false},"excerpt":{"rendered":"<p>Se vende pasaporte biom\u00e9trico original de Eslovaquia. La nueva versi\u00f3n del pasaporte contiene 48 p\u00e1ginas. Este documento est\u00e1 registrado en la base de datos oficial.<\/p>","protected":false},"featured_media":2269,"comment_status":"open","ping_status":"closed","template":"","meta":{"site-sidebar-layout":"default","site-content-layout":"","ast-site-content-layout":"default","site-content-style":"default","site-sidebar-style":"default","ast-global-header-display":"","ast-banner-title-visibility":"","ast-main-header-display":"","ast-hfb-above-header-display":"","ast-hfb-below-header-display":"","ast-hfb-mobile-header-display":"","site-post-title":"","ast-breadcrumbs-content":"","ast-featured-img":"","footer-sml-layout":"","ast-disable-related-posts":"","theme-transparent-header-meta":"default","adv-header-id-meta":"","stick-header-meta":"","header-above-stick-meta":"","header-main-stick-meta":"","header-below-stick-meta":"","astra-migrate-meta-layouts":"set","ast-page-background-enabled":"default","ast-page-background-meta":{"desktop":{"background-color":"var(--ast-global-color-4)","background-image":"","background-repeat":"repeat","background-position":"center center","background-size":"auto","background-attachment":"scroll","background-type":"","background-media":"","overlay-type":"","overlay-color":"","overlay-opacity":"","overlay-gradient":""},"tablet":{"background-color":"","background-image":"","background-repeat":"repeat","background-position":"center center","background-size":"auto","background-attachment":"scroll","background-type":"","background-media":"","overlay-type":"","overlay-color":"","overlay-opacity":"","overlay-gradient":""},"mobile":{"background-color":"","background-image":"","background-repeat":"repeat","background-position":"center center","background-size":"auto","background-attachment":"scroll","background-type":"","background-media":"","overlay-type":"","overlay-color":"","overlay-opacity":"","overlay-gradient":""}},"ast-content-background-meta":{"desktop":{"background-color":"var(--ast-global-color-5)","background-image":"","background-repeat":"repeat","background-position":"center center","background-size":"auto","background-attachment":"scroll","background-type":"","background-media":"","overlay-type":"","overlay-color":"","overlay-opacity":"","overlay-gradient":""},"tablet":{"background-color":"var(--ast-global-color-5)","background-image":"","background-repeat":"repeat","background-position":"center center","background-size":"auto","background-attachment":"scroll","background-type":"","background-media":"","overlay-type":"","overlay-color":"","overlay-opacity":"","overlay-gradient":""},"mobile":{"background-color":"var(--ast-global-color-5)","background-image":"","background-repeat":"repeat","background-position":"center center","background-size":"auto","background-attachment":"scroll","background-type":"","background-media":"","overlay-type":"","overlay-color":"","overlay-opacity":"","overlay-gradient":""}}},"product_brand":[],"product_cat":[117,28],"product_tag":[172,174,173],"class_list":{"0":"post-2268","1":"product","2":"type-product","3":"status-publish","4":"has-post-thumbnail","6":"product_cat-all-service","7":"product_cat-passport","8":"product_tag-polish-fake-passports","9":"product_tag-polish-passports","10":"product_tag-polish-realpassports","11":"desktop-align-left","12":"tablet-align-left","13":"mobile-align-left","15":"first","16":"instock","17":"shipping-taxable","18":"purchasable","19":"product-type-simple"},"yoast_head":"<!-- This site is optimized with the Yoast SEO Premium plugin v24.7 (Yoast SEO v27.1.1) - https:\/\/yoast.com\/product\/yoast-seo-premium-wordpress\/ -->\n<title>Buy Polish Passport<\/title>\n<meta name=\"description\" content=\"Polish original biometric passport for sale. The new version of the passport contains 48 pages. This document is registered in the official database.\" \/>\n<meta name=\"robots\" content=\"index, follow, max-snippet:-1, max-image-preview:large, max-video-preview:-1\" \/>\n<link rel=\"canonical\" href=\"https:\/\/fahrerlaubnisnetz.com\/es\/product\/comprar-pasaporte-polaco\/\" \/>\n<meta property=\"og:locale\" content=\"es_ES\" \/>\n<meta property=\"og:type\" content=\"article\" \/>\n<meta property=\"og:title\" content=\"Buy Polish Passport\" \/>\n<meta property=\"og:description\" content=\"Polish original biometric passport for sale. The new version of the passport contains 48 pages. This document is registered in the official database.\" \/>\n<meta property=\"og:url\" content=\"https:\/\/fahrerlaubnisnetz.com\/es\/product\/comprar-pasaporte-polaco\/\" \/>\n<meta property=\"og:site_name\" content=\"Fahrerlaubnis Netz\" \/>\n<meta property=\"og:image\" content=\"https:\/\/fahrerlaubnisnetz.com\/wp-content\/uploads\/2025\/03\/image_2025-03-20_115403710.png\" \/>\n\t<meta property=\"og:image:width\" content=\"624\" \/>\n\t<meta property=\"og:image:height\" content=\"374\" \/>\n\t<meta property=\"og:image:type\" content=\"image\/png\" \/>\n<meta name=\"twitter:card\" content=\"summary_large_image\" \/>\n<meta name=\"twitter:label1\" content=\"Tiempo de lectura\" \/>\n\t<meta name=\"twitter:data1\" content=\"2 minutos\" \/>\n<script type=\"application\/ld+json\" class=\"yoast-schema-graph\">{\"@context\":\"https:\/\/schema.org\",\"@graph\":[{\"@type\":\"WebPage\",\"@id\":\"https:\/\/fahrerlaubnisnetz.com\/product\/buy-polish-passport\/\",\"url\":\"https:\/\/fahrerlaubnisnetz.com\/product\/buy-polish-passport\/\",\"name\":\"Buy Polish Passport\",\"isPartOf\":{\"@id\":\"https:\/\/fahrerlaubnisnetz.com\/#website\"},\"primaryImageOfPage\":{\"@id\":\"https:\/\/fahrerlaubnisnetz.com\/product\/buy-polish-passport\/#primaryimage\"},\"image\":{\"@id\":\"https:\/\/fahrerlaubnisnetz.com\/product\/buy-polish-passport\/#primaryimage\"},\"thumbnailUrl\":\"https:\/\/fahrerlaubnisnetz.com\/wp-content\/uploads\/2025\/03\/image_2025-03-20_115403710.png\",\"datePublished\":\"2025-03-20T10:57:40+00:00\",\"description\":\"Polish original biometric passport for sale. The new version of the passport contains 48 pages. This document is registered in the official database.\",\"breadcrumb\":{\"@id\":\"https:\/\/fahrerlaubnisnetz.com\/product\/buy-polish-passport\/#breadcrumb\"},\"inLanguage\":\"es\",\"potentialAction\":[{\"@type\":\"ReadAction\",\"target\":[\"https:\/\/fahrerlaubnisnetz.com\/product\/buy-polish-passport\/\"]}]},{\"@type\":\"ImageObject\",\"inLanguage\":\"es\",\"@id\":\"https:\/\/fahrerlaubnisnetz.com\/product\/buy-polish-passport\/#primaryimage\",\"url\":\"https:\/\/fahrerlaubnisnetz.com\/wp-content\/uploads\/2025\/03\/image_2025-03-20_115403710.png\",\"contentUrl\":\"https:\/\/fahrerlaubnisnetz.com\/wp-content\/uploads\/2025\/03\/image_2025-03-20_115403710.png\",\"width\":624,\"height\":374},{\"@type\":\"BreadcrumbList\",\"@id\":\"https:\/\/fahrerlaubnisnetz.com\/product\/buy-polish-passport\/#breadcrumb\",\"itemListElement\":[{\"@type\":\"ListItem\",\"position\":1,\"name\":\"Home\",\"item\":\"https:\/\/fahrerlaubnisnetz.com\/\"},{\"@type\":\"ListItem\",\"position\":2,\"name\":\"All Services\",\"item\":\"https:\/\/fahrerlaubnisnetz.com\/shop\/\"},{\"@type\":\"ListItem\",\"position\":3,\"name\":\"Buy Polish Passport\"}]},{\"@type\":\"WebSite\",\"@id\":\"https:\/\/fahrerlaubnisnetz.com\/#website\",\"url\":\"https:\/\/fahrerlaubnisnetz.com\/\",\"name\":\"FAHRERLAUBNIS NETZ\",\"description\":\"Buy Original Drivers License, Pasport Online\",\"publisher\":{\"@id\":\"https:\/\/fahrerlaubnisnetz.com\/#organization\"},\"alternateName\":\"DRIVER'S LICENSE NETWORK\",\"potentialAction\":[{\"@type\":\"SearchAction\",\"target\":{\"@type\":\"EntryPoint\",\"urlTemplate\":\"https:\/\/fahrerlaubnisnetz.com\/?s={search_term_string}\"},\"query-input\":{\"@type\":\"PropertyValueSpecification\",\"valueRequired\":true,\"valueName\":\"search_term_string\"}}],\"inLanguage\":\"es\"},{\"@type\":\"Organization\",\"@id\":\"https:\/\/fahrerlaubnisnetz.com\/#organization\",\"name\":\"FAHRERLAUBNIS NETZ\",\"alternateName\":\"DRIVER'S LICENSE NETWORK\",\"url\":\"https:\/\/fahrerlaubnisnetz.com\/\",\"logo\":{\"@type\":\"ImageObject\",\"inLanguage\":\"es\",\"@id\":\"https:\/\/fahrerlaubnisnetz.com\/#\/schema\/logo\/image\/\",\"url\":\"https:\/\/fahrerlaubnisnetz.com\/wp-content\/uploads\/2025\/03\/image_2025-03-21_162823337.png\",\"contentUrl\":\"https:\/\/fahrerlaubnisnetz.com\/wp-content\/uploads\/2025\/03\/image_2025-03-21_162823337.png\",\"width\":590,\"height\":288,\"caption\":\"FAHRERLAUBNIS NETZ\"},\"image\":{\"@id\":\"https:\/\/fahrerlaubnisnetz.com\/#\/schema\/logo\/image\/\"}}]}<\/script>\n<!-- \/ Yoast SEO Premium plugin. -->","yoast_head_json":{"title":"Comprar pasaporte polaco","description":"Se vende pasaporte biom\u00e9trico original de Eslovaquia. La nueva versi\u00f3n del pasaporte contiene 48 p\u00e1ginas. Este documento est\u00e1 registrado en la base de datos oficial.","robots":{"index":"index","follow":"follow","max-snippet":"max-snippet:-1","max-image-preview":"max-image-preview:large","max-video-preview":"max-video-preview:-1"},"canonical":"https:\/\/fahrerlaubnisnetz.com\/es\/product\/comprar-pasaporte-polaco\/","og_locale":"es_ES","og_type":"article","og_title":"Buy Polish Passport","og_description":"Polish original biometric passport for sale. The new version of the passport contains 48 pages. This document is registered in the official database.","og_url":"https:\/\/fahrerlaubnisnetz.com\/es\/product\/comprar-pasaporte-polaco\/","og_site_name":"Fahrerlaubnis Netz","og_image":[{"width":624,"height":374,"url":"https:\/\/fahrerlaubnisnetz.com\/wp-content\/uploads\/2025\/03\/image_2025-03-20_115403710.png","type":"image\/png"}],"twitter_card":"summary_large_image","twitter_misc":{"Tiempo de lectura":"2 minutos"},"schema":{"@context":"https:\/\/schema.org","@graph":[{"@type":"WebPage","@id":"https:\/\/fahrerlaubnisnetz.com\/product\/buy-polish-passport\/","url":"https:\/\/fahrerlaubnisnetz.com\/product\/buy-polish-passport\/","name":"Comprar pasaporte polaco","isPartOf":{"@id":"https:\/\/fahrerlaubnisnetz.com\/#website"},"primaryImageOfPage":{"@id":"https:\/\/fahrerlaubnisnetz.com\/product\/buy-polish-passport\/#primaryimage"},"image":{"@id":"https:\/\/fahrerlaubnisnetz.com\/product\/buy-polish-passport\/#primaryimage"},"thumbnailUrl":"https:\/\/fahrerlaubnisnetz.com\/wp-content\/uploads\/2025\/03\/image_2025-03-20_115403710.png","datePublished":"2025-03-20T10:57:40+00:00","description":"Se vende pasaporte biom\u00e9trico original de Eslovaquia. La nueva versi\u00f3n del pasaporte contiene 48 p\u00e1ginas. Este documento est\u00e1 registrado en la base de datos oficial.","breadcrumb":{"@id":"https:\/\/fahrerlaubnisnetz.com\/product\/buy-polish-passport\/#breadcrumb"},"inLanguage":"es","potentialAction":[{"@type":"ReadAction","target":["https:\/\/fahrerlaubnisnetz.com\/product\/buy-polish-passport\/"]}]},{"@type":"ImageObject","inLanguage":"es","@id":"https:\/\/fahrerlaubnisnetz.com\/product\/buy-polish-passport\/#primaryimage","url":"https:\/\/fahrerlaubnisnetz.com\/wp-content\/uploads\/2025\/03\/image_2025-03-20_115403710.png","contentUrl":"https:\/\/fahrerlaubnisnetz.com\/wp-content\/uploads\/2025\/03\/image_2025-03-20_115403710.png","width":624,"height":374},{"@type":"BreadcrumbList","@id":"https:\/\/fahrerlaubnisnetz.com\/product\/buy-polish-passport\/#breadcrumb","itemListElement":[{"@type":"ListItem","position":1,"name":"Home","item":"https:\/\/fahrerlaubnisnetz.com\/"},{"@type":"ListItem","position":2,"name":"All Services","item":"https:\/\/fahrerlaubnisnetz.com\/shop\/"},{"@type":"ListItem","position":3,"name":"Buy Polish Passport"}]},{"@type":"WebSite","@id":"https:\/\/fahrerlaubnisnetz.com\/#website","url":"https:\/\/fahrerlaubnisnetz.com\/","name":"FAHRERLAUBNIS NETZ","description":"Compre su licencia de conducir y pasaporte originales en l\u00ednea","publisher":{"@id":"https:\/\/fahrerlaubnisnetz.com\/#organization"},"alternateName":"DRIVER'S LICENSE NETWORK","potentialAction":[{"@type":"SearchAction","target":{"@type":"EntryPoint","urlTemplate":"https:\/\/fahrerlaubnisnetz.com\/?s={search_term_string}"},"query-input":{"@type":"PropertyValueSpecification","valueRequired":true,"valueName":"search_term_string"}}],"inLanguage":"es"},{"@type":"Organization","@id":"https:\/\/fahrerlaubnisnetz.com\/#organization","name":"FAHRERLAUBNIS NETZ","alternateName":"DRIVER'S LICENSE NETWORK","url":"https:\/\/fahrerlaubnisnetz.com\/","logo":{"@type":"ImageObject","inLanguage":"es","@id":"https:\/\/fahrerlaubnisnetz.com\/#\/schema\/logo\/image\/","url":"https:\/\/fahrerlaubnisnetz.com\/wp-content\/uploads\/2025\/03\/image_2025-03-21_162823337.png","contentUrl":"https:\/\/fahrerlaubnisnetz.com\/wp-content\/uploads\/2025\/03\/image_2025-03-21_162823337.png","width":590,"height":288,"caption":"FAHRERLAUBNIS NETZ"},"image":{"@id":"https:\/\/fahrerlaubnisnetz.com\/#\/schema\/logo\/image\/"}}]}},"_links":{"self":[{"href":"https:\/\/fahrerlaubnisnetz.com\/es\/wp-json\/wp\/v2\/product\/2268","targetHints":{"allow":["GET"]}}],"collection":[{"href":"https:\/\/fahrerlaubnisnetz.com\/es\/wp-json\/wp\/v2\/product"}],"about":[{"href":"https:\/\/fahrerlaubnisnetz.com\/es\/wp-json\/wp\/v2\/types\/product"}],"replies":[{"embeddable":true,"href":"https:\/\/fahrerlaubnisnetz.com\/es\/wp-json\/wp\/v2\/comments?post=2268"}],"wp:featuredmedia":[{"embeddable":true,"href":"https:\/\/fahrerlaubnisnetz.com\/es\/wp-json\/wp\/v2\/media\/2269"}],"wp:attachment":[{"href":"https:\/\/fahrerlaubnisnetz.com\/es\/wp-json\/wp\/v2\/media?parent=2268"}],"wp:term":[{"taxonomy":"product_brand","embeddable":true,"href":"https:\/\/fahrerlaubnisnetz.com\/es\/wp-json\/wp\/v2\/product_brand?post=2268"},{"taxonomy":"product_cat","embeddable":true,"href":"https:\/\/fahrerlaubnisnetz.com\/es\/wp-json\/wp\/v2\/product_cat?post=2268"},{"taxonomy":"product_tag","embeddable":true,"href":"https:\/\/fahrerlaubnisnetz.com\/es\/wp-json\/wp\/v2\/product_tag?post=2268"}],"curies":[{"name":"wp","href":"https:\/\/api.w.org\/{rel}","templated":true}]}}