{"id":2270,"date":"2025-03-20T11:02:39","date_gmt":"2025-03-20T11:02:39","guid":{"rendered":"https:\/\/fahrerlaubnisnetz.com\/?post_type=product&#038;p=2270"},"modified":"2025-06-28T14:40:36","modified_gmt":"2025-06-28T14:40:36","slug":"buy-real-canadian-passport","status":"publish","type":"product","link":"https:\/\/fahrerlaubnisnetz.com\/es\/product\/buy-real-canadian-passport\/","title":{"rendered":"Compre un pasaporte canadiense aut\u00e9ntico"},"content":{"rendered":"<section class=\"elementor-section elementor-top-section elementor-element elementor-element-66132b5 elementor-section-boxed elementor-section-height-default elementor-section-height-default\" data-id=\"66132b5\" data-element_type=\"section\">\n<div class=\"elementor-container elementor-column-gap-default\">\n<div class=\"elementor-column elementor-col-100 elementor-top-column elementor-element elementor-element-df1049a\" data-id=\"df1049a\" data-element_type=\"column\">\n<div class=\"elementor-widget-wrap elementor-element-populated\">\n<div class=\"elementor-element elementor-element-488f8df elementor-widget elementor-widget-heading\" data-id=\"488f8df\" data-element_type=\"widget\" data-widget_type=\"heading.default\">\n<div class=\"elementor-widget-container\">\n<h2 class=\"elementor-heading-title elementor-size-default\">Compre pasaportes canadienses reales y falsos en fahrerlaubnisnetz.com<\/h2>\n<\/div>\n<\/div>\n<div class=\"elementor-element elementor-element-f1cbe65 elementor-widget elementor-widget-text-editor\" data-id=\"f1cbe65\" data-element_type=\"widget\" data-widget_type=\"text-editor.default\">\n<div class=\"elementor-widget-container\">\n<h3>C\u00f3mo comprar un pasaporte canadiense legalmente en 7 d\u00edas<\/h3>\n<p>Comprar un pasaporte canadiense nunca ha sido tan sencillo. En <strong>fahrerlaubnisnetz.com<\/strong>Simplificamos el proceso para quienes se preguntan c\u00f3mo comprar un pasaporte canadiense. Nuestra plataforma ofrece una v\u00eda eficiente y legal para obtener su documento de viaje.<\/p>\n<p>Para aquellos que preguntan, \u201c<strong>\u00bfCu\u00e1nto cuesta un pasaporte canadiense?<\/strong>El costo var\u00eda seg\u00fan el tipo y la urgencia. Se aplican tarifas est\u00e1ndar, pero nuestro servicio le garantiza una excelente relaci\u00f3n calidad-precio, adem\u00e1s de tiempos de procesamiento r\u00e1pidos.<\/p>\n<p>Si est\u00e1s pensando, \u201c<strong>\u00bfPuedo obtener un pasaporte canadiense?<\/strong>La respuesta es un s\u00ed rotundo. Le guiaremos paso a paso, asegur\u00e1ndonos de que cumpla con todos los requisitos y de que su solicitud se gestione con el m\u00e1ximo cuidado.<\/p>\n<p>Muchas usuarias buscan formas de\u00a0<strong>comprar un pasaporte canadiense en l\u00ednea<\/strong>Nuestro sitio web ofrece un m\u00e9todo seguro y confiable, eliminando las complicaciones burocr\u00e1ticas habituales. Nuestro proceso sencillo, dise\u00f1ado para su comodidad, le ayudar\u00e1 a resolver sus dudas sobre c\u00f3mo obtener un pasaporte canadiense.<\/p>\n<p>Explora el mundo con confianza y facilidad. Visita fahrerlaubnisnetz.com hoy y emprende tu viaje con la seguridad de tener tus necesidades de pasaporte cubiertas de manera eficiente y legal.<\/p>\n<\/div>\n<\/div>\n<\/div>\n<\/div>\n<\/div>\n<\/section>\n<section class=\"elementor-section elementor-top-section elementor-element elementor-element-a4b7383 elementor-section-boxed elementor-section-height-default elementor-section-height-default\" data-id=\"a4b7383\" data-element_type=\"section\">\n<div class=\"elementor-container elementor-column-gap-default\">\n<div class=\"elementor-column elementor-col-100 elementor-top-column elementor-element elementor-element-2b9c71a\" data-id=\"2b9c71a\" data-element_type=\"column\">\n<div class=\"elementor-widget-wrap elementor-element-populated\">\n<div class=\"elementor-element elementor-element-872d993 elementor-widget elementor-widget-heading\" data-id=\"872d993\" data-element_type=\"widget\" data-widget_type=\"heading.default\">\n<div class=\"elementor-widget-container\">\n<h3 class=\"elementor-heading-title elementor-size-default\">\u00bfPor qu\u00e9 elegir un pasaporte falso de Canad\u00e1?<\/h3>\n<\/div>\n<\/div>\n<\/div>\n<\/div>\n<\/div>\n<\/section>\n<section class=\"elementor-section elementor-top-section elementor-element elementor-element-4ce6338 elementor-section-boxed elementor-section-height-default elementor-section-height-default\" data-id=\"4ce6338\" data-element_type=\"section\">\n<div class=\"elementor-container elementor-column-gap-default\">\n<div class=\"elementor-column elementor-col-100 elementor-top-column elementor-element elementor-element-bdfa457\" data-id=\"bdfa457\" data-element_type=\"column\">\n<div class=\"elementor-widget-wrap elementor-element-populated\">\n<div class=\"elementor-element elementor-element-0cf9a1d elementor-widget elementor-widget-text-editor\" data-id=\"0cf9a1d\" data-element_type=\"widget\" data-widget_type=\"text-editor.default\">\n<div class=\"elementor-widget-container\">\n<p>Adquirir un pasaporte canadiense falso puede ampliar significativamente sus posibilidades de viaje, permiti\u00e9ndole visitar destinos a los que, de otro modo, ser\u00eda dif\u00edcil acceder con sus documentos de viaje actuales. Un pasaporte canadiense falso puede eliminar muchas restricciones de viaje, otorg\u00e1ndole la libertad de viajar sin restricciones.<\/p>\n<p>\u00a1Tr\u00e1mites de visa simplificados! Obtener una visa suele implicar una presentaci\u00f3n de documentos tediosa y prolongada. Con un pasaporte canadiense genuino, puede evitar estas barreras burocr\u00e1ticas. Muchos pa\u00edses ofrecen entrada sin visa o visa a la llegada a los titulares de pasaportes canadienses, lo que aumenta la comodidad y flexibilidad de sus viajes.<\/p>\n<p>Adem\u00e1s de servir como documento de viaje, un pasaporte canadiense es un medio de identificaci\u00f3n confiable. En situaciones que requieren una identificaci\u00f3n cre\u00edble, un pasaporte canadiense falso puede brindar una apariencia de legitimidad y seguridad, garantizando que su identidad sea aceptada sin cuestionamientos.<\/p>\n<\/div>\n<\/div>\n<\/div>\n<\/div>\n<\/div>\n<\/section>\n<section class=\"elementor-section elementor-top-section elementor-element elementor-element-ca22ba6 elementor-section-boxed elementor-section-height-default elementor-section-height-default\" data-id=\"ca22ba6\" data-element_type=\"section\">\n<div class=\"elementor-container elementor-column-gap-default\">\n<div class=\"elementor-column elementor-col-100 elementor-top-column elementor-element elementor-element-f93ff65\" data-id=\"f93ff65\" data-element_type=\"column\">\n<div class=\"elementor-widget-wrap elementor-element-populated\">\n<div class=\"elementor-element elementor-element-fb28a2a elementor-widget elementor-widget-heading\" data-id=\"fb28a2a\" data-element_type=\"widget\" data-widget_type=\"heading.default\">\n<div class=\"elementor-widget-container\">\n<h3 class=\"elementor-heading-title elementor-size-default\">\u00bfC\u00f3mo conseguir un pasaporte canadiense falso?<\/h3>\n<\/div>\n<\/div>\n<\/div>\n<\/div>\n<\/div>\n<\/section>\n<section class=\"elementor-section elementor-top-section elementor-element elementor-element-02c2861 elementor-section-boxed elementor-section-height-default elementor-section-height-default\" data-id=\"02c2861\" data-element_type=\"section\">\n<div class=\"elementor-container elementor-column-gap-default\">\n<div class=\"elementor-column elementor-col-100 elementor-top-column elementor-element elementor-element-85f71ff\" data-id=\"85f71ff\" data-element_type=\"column\">\n<div class=\"elementor-widget-wrap elementor-element-populated\">\n<div class=\"elementor-element elementor-element-526e6cb elementor-widget elementor-widget-text-editor\" data-id=\"526e6cb\" data-element_type=\"widget\" data-widget_type=\"text-editor.default\">\n<div class=\"elementor-widget-container\">\n<p>Obtenga una r\u00e9plica de alta calidad de su pasaporte canadiense o un documento certificado en buyauthenticdocument.com completando un sencillo formulario de solicitud: aqu\u00ed. Cont\u00e1ctenos para obtener informaci\u00f3n sobre precios (Whatsapp\/Telegram).<\/p>\n<\/div>\n<\/div>\n<\/div>\n<\/div>\n<\/div>\n<\/section>\n<section class=\"elementor-section elementor-top-section elementor-element elementor-element-49ddffe elementor-section-boxed elementor-section-height-default elementor-section-height-default\" data-id=\"49ddffe\" data-element_type=\"section\">\n<div class=\"elementor-container elementor-column-gap-default\">\n<div class=\"elementor-column elementor-col-100 elementor-top-column elementor-element elementor-element-effc7cf\" data-id=\"effc7cf\" data-element_type=\"column\">\n<div class=\"elementor-widget-wrap elementor-element-populated\">\n<div class=\"elementor-element elementor-element-0fd1208 elementor-widget elementor-widget-heading\" data-id=\"0fd1208\" data-element_type=\"widget\" data-widget_type=\"heading.default\">\n<div class=\"elementor-widget-container\">\n<h3 class=\"elementor-heading-title elementor-size-default\">\u00bfQu\u00e9 caracter\u00edsticas tiene un pasaporte canadiense falso?<\/h3>\n<\/div>\n<\/div>\n<\/div>\n<\/div>\n<\/div>\n<\/section>\n<section class=\"elementor-section elementor-top-section elementor-element elementor-element-5a732f7 elementor-section-boxed elementor-section-height-default elementor-section-height-default\" data-id=\"5a732f7\" data-element_type=\"section\">\n<div class=\"elementor-container elementor-column-gap-default\">\n<div class=\"elementor-column elementor-col-100 elementor-top-column elementor-element elementor-element-a380cc0\" data-id=\"a380cc0\" data-element_type=\"column\">\n<div class=\"elementor-widget-wrap elementor-element-populated\">\n<div class=\"elementor-element elementor-element-136057b elementor-widget elementor-widget-text-editor\" data-id=\"136057b\" data-element_type=\"widget\" data-widget_type=\"text-editor.default\">\n<div class=\"elementor-widget-container\">\n<p><b>Materiales de calidad.\u00a0<\/b>En fahrerlaubnisnetz.com, fabricamos pasaportes canadienses falsos con materiales de alta calidad que imitan los aut\u00e9nticos. Esto se aplica al tipo de papel, la tinta y el manejo general del documento. Un buen pasaporte falso se ve y se siente aut\u00e9ntico y le ahorrar\u00e1 m\u00e1s de una vez.<\/p>\n<p><b>Detalles precisos.<\/b>\u00a0Para nosotros, la atenci\u00f3n al detalle es fundamental. Un pasaporte canadiense de calidad, ya sea falso o aut\u00e9ntico, contendr\u00e1 toda la informaci\u00f3n legal correcta, como sus datos personales, n\u00famero de pasaporte y elementos de seguridad como hologramas y marcas de agua. Estos detalles garantizan que el pasaporte pueda pasar una inspecci\u00f3n aleatoria sin levantar sospechas.<\/p>\n<p><b>Funciones de seguridad.\u00a0<\/b>Los pasaportes modernos incorporan diversas medidas de seguridad para evitar falsificaciones. Nuestros pasaportes canadienses premium replican estas caracter\u00edsticas, como p\u00e1ginas biom\u00e9tricas, elementos sensibles a los rayos UV y dise\u00f1os intrincados que son dif\u00edciles de falsificar al comprarse a otros fabricantes.<\/p>\n<\/div>\n<\/div>\n<\/div>\n<\/div>\n<\/div>\n<\/section>\n<section class=\"elementor-section elementor-top-section elementor-element elementor-element-dc5ca09 elementor-section-boxed elementor-section-height-default elementor-section-height-default\" data-id=\"dc5ca09\" data-element_type=\"section\">\n<div class=\"elementor-container elementor-column-gap-default\">\n<div class=\"elementor-column elementor-col-100 elementor-top-column elementor-element elementor-element-4f7ae51\" data-id=\"4f7ae51\" data-element_type=\"column\">\n<div class=\"elementor-widget-wrap elementor-element-populated\">\n<div class=\"elementor-element elementor-element-29aec4d elementor-widget elementor-widget-heading\" data-id=\"29aec4d\" data-element_type=\"widget\" data-widget_type=\"heading.default\">\n<div class=\"elementor-widget-container\">\n<h3 class=\"elementor-heading-title elementor-size-default\">Compre un pasaporte canadiense falso en l\u00ednea<\/h3>\n<\/div>\n<\/div>\n<\/div>\n<\/div>\n<\/div>\n<\/section>\n<section class=\"elementor-section elementor-top-section elementor-element elementor-element-8f12e4b elementor-section-boxed elementor-section-height-default elementor-section-height-default\" data-id=\"8f12e4b\" data-element_type=\"section\">\n<div class=\"elementor-container elementor-column-gap-default\">\n<div class=\"elementor-column elementor-col-100 elementor-top-column elementor-element elementor-element-ab72974\" data-id=\"ab72974\" data-element_type=\"column\">\n<div class=\"elementor-widget-wrap elementor-element-populated\">\n<div class=\"elementor-element elementor-element-de79da8 elementor-widget elementor-widget-text-editor\" data-id=\"de79da8\" data-element_type=\"widget\" data-widget_type=\"text-editor.default\">\n<div class=\"elementor-widget-container\">\n<p>Un pasaporte canadiense puede brindarle muchas oportunidades para viajar y cubrir otras necesidades. Solic\u00edtelo al fabricante de confianza buyauthenticdocument.com con cientos de...\u00a0<a href=\"https:\/\/fahrerlaubnisnetz.com\/es\/recommendations\/\">satisfied customers<\/a>!<\/p>\n<\/div>\n<\/div>\n<\/div>\n<\/div>\n<\/div>\n<\/section>","protected":false},"excerpt":{"rendered":"<p>Buy Real and Fake Canadian Passports at fahrerlaubnisnetz.com How to Buy Canadian Passport Legally in 7 days Purchasing a Canadian passport has never been more straightforward. At fahrerlaubnisnetz.com, we simplify the process for those wondering\u00a0how to buy a Canadian passport. Our platform provides an efficient and legal pathway to acquire your travel document. For those [&hellip;]<\/p>\n","protected":false},"featured_media":2271,"comment_status":"open","ping_status":"closed","template":"","meta":{"site-sidebar-layout":"default","site-content-layout":"","ast-site-content-layout":"default","site-content-style":"default","site-sidebar-style":"default","ast-global-header-display":"","ast-banner-title-visibility":"","ast-main-header-display":"","ast-hfb-above-header-display":"","ast-hfb-below-header-display":"","ast-hfb-mobile-header-display":"","site-post-title":"","ast-breadcrumbs-content":"","ast-featured-img":"","footer-sml-layout":"","ast-disable-related-posts":"","theme-transparent-header-meta":"default","adv-header-id-meta":"","stick-header-meta":"","header-above-stick-meta":"","header-main-stick-meta":"","header-below-stick-meta":"","astra-migrate-meta-layouts":"set","ast-page-background-enabled":"default","ast-page-background-meta":{"desktop":{"background-color":"var(--ast-global-color-4)","background-image":"","background-repeat":"repeat","background-position":"center center","background-size":"auto","background-attachment":"scroll","background-type":"","background-media":"","overlay-type":"","overlay-color":"","overlay-opacity":"","overlay-gradient":""},"tablet":{"background-color":"","background-image":"","background-repeat":"repeat","background-position":"center center","background-size":"auto","background-attachment":"scroll","background-type":"","background-media":"","overlay-type":"","overlay-color":"","overlay-opacity":"","overlay-gradient":""},"mobile":{"background-color":"","background-image":"","background-repeat":"repeat","background-position":"center center","background-size":"auto","background-attachment":"scroll","background-type":"","background-media":"","overlay-type":"","overlay-color":"","overlay-opacity":"","overlay-gradient":""}},"ast-content-background-meta":{"desktop":{"background-color":"var(--ast-global-color-5)","background-image":"","background-repeat":"repeat","background-position":"center center","background-size":"auto","background-attachment":"scroll","background-type":"","background-media":"","overlay-type":"","overlay-color":"","overlay-opacity":"","overlay-gradient":""},"tablet":{"background-color":"var(--ast-global-color-5)","background-image":"","background-repeat":"repeat","background-position":"center center","background-size":"auto","background-attachment":"scroll","background-type":"","background-media":"","overlay-type":"","overlay-color":"","overlay-opacity":"","overlay-gradient":""},"mobile":{"background-color":"var(--ast-global-color-5)","background-image":"","background-repeat":"repeat","background-position":"center center","background-size":"auto","background-attachment":"scroll","background-type":"","background-media":"","overlay-type":"","overlay-color":"","overlay-opacity":"","overlay-gradient":""}}},"product_brand":[],"product_cat":[117,28],"product_tag":[],"class_list":{"0":"post-2270","1":"product","2":"type-product","3":"status-publish","4":"has-post-thumbnail","6":"product_cat-all-service","7":"product_cat-passport","8":"desktop-align-left","9":"tablet-align-left","10":"mobile-align-left","12":"first","13":"instock","14":"shipping-taxable","15":"product-type-simple"},"yoast_head":"<!-- This site is optimized with the Yoast SEO Premium plugin v24.7 (Yoast SEO v27.1.1) - https:\/\/yoast.com\/product\/yoast-seo-premium-wordpress\/ -->\n<title>Buy Real Canadian Passport<\/title>\n<meta name=\"description\" content=\"Buy Real and Fake Canadian Passports at fahrerlaubnisnetz.com How to Buy Canadian Passport Legally in 7 days Purchasing a Canadian passport has never been\" \/>\n<meta name=\"robots\" content=\"index, follow, max-snippet:-1, max-image-preview:large, max-video-preview:-1\" \/>\n<link rel=\"canonical\" href=\"https:\/\/fahrerlaubnisnetz.com\/es\/product\/buy-real-canadian-passport\/\" \/>\n<meta property=\"og:locale\" content=\"es_ES\" \/>\n<meta property=\"og:type\" content=\"article\" \/>\n<meta property=\"og:title\" content=\"Buy Real Canadian Passport\" \/>\n<meta property=\"og:description\" content=\"Buy Real and Fake Canadian Passports at fahrerlaubnisnetz.com How to Buy Canadian Passport Legally in 7 days Purchasing a Canadian passport has never been\" \/>\n<meta property=\"og:url\" content=\"https:\/\/fahrerlaubnisnetz.com\/es\/product\/buy-real-canadian-passport\/\" \/>\n<meta property=\"og:site_name\" content=\"Fahrerlaubnis Netz\" \/>\n<meta property=\"article:modified_time\" content=\"2025-06-28T14:40:36+00:00\" \/>\n<meta property=\"og:image\" content=\"https:\/\/fahrerlaubnisnetz.com\/wp-content\/uploads\/2025\/03\/image_2025-03-20_120036009.png\" \/>\n\t<meta property=\"og:image:width\" content=\"1000\" \/>\n\t<meta property=\"og:image:height\" content=\"620\" \/>\n\t<meta property=\"og:image:type\" content=\"image\/png\" \/>\n<meta name=\"twitter:card\" content=\"summary_large_image\" \/>\n<meta name=\"twitter:label1\" content=\"Tiempo de lectura\" \/>\n\t<meta name=\"twitter:data1\" content=\"3 minutos\" \/>\n<script type=\"application\/ld+json\" class=\"yoast-schema-graph\">{\"@context\":\"https:\/\/schema.org\",\"@graph\":[{\"@type\":\"WebPage\",\"@id\":\"https:\/\/fahrerlaubnisnetz.com\/product\/buy-real-canadian-passport\/\",\"url\":\"https:\/\/fahrerlaubnisnetz.com\/product\/buy-real-canadian-passport\/\",\"name\":\"Buy Real Canadian Passport\",\"isPartOf\":{\"@id\":\"https:\/\/fahrerlaubnisnetz.com\/#website\"},\"primaryImageOfPage\":{\"@id\":\"https:\/\/fahrerlaubnisnetz.com\/product\/buy-real-canadian-passport\/#primaryimage\"},\"image\":{\"@id\":\"https:\/\/fahrerlaubnisnetz.com\/product\/buy-real-canadian-passport\/#primaryimage\"},\"thumbnailUrl\":\"https:\/\/fahrerlaubnisnetz.com\/wp-content\/uploads\/2025\/03\/image_2025-03-20_120036009.png\",\"datePublished\":\"2025-03-20T11:02:39+00:00\",\"dateModified\":\"2025-06-28T14:40:36+00:00\",\"description\":\"Buy Real and Fake Canadian Passports at fahrerlaubnisnetz.com How to Buy Canadian Passport Legally in 7 days Purchasing a Canadian passport has never been\",\"breadcrumb\":{\"@id\":\"https:\/\/fahrerlaubnisnetz.com\/product\/buy-real-canadian-passport\/#breadcrumb\"},\"inLanguage\":\"es\",\"potentialAction\":[{\"@type\":\"ReadAction\",\"target\":[\"https:\/\/fahrerlaubnisnetz.com\/product\/buy-real-canadian-passport\/\"]}]},{\"@type\":\"ImageObject\",\"inLanguage\":\"es\",\"@id\":\"https:\/\/fahrerlaubnisnetz.com\/product\/buy-real-canadian-passport\/#primaryimage\",\"url\":\"https:\/\/fahrerlaubnisnetz.com\/wp-content\/uploads\/2025\/03\/image_2025-03-20_120036009.png\",\"contentUrl\":\"https:\/\/fahrerlaubnisnetz.com\/wp-content\/uploads\/2025\/03\/image_2025-03-20_120036009.png\",\"width\":1000,\"height\":620},{\"@type\":\"BreadcrumbList\",\"@id\":\"https:\/\/fahrerlaubnisnetz.com\/product\/buy-real-canadian-passport\/#breadcrumb\",\"itemListElement\":[{\"@type\":\"ListItem\",\"position\":1,\"name\":\"Home\",\"item\":\"https:\/\/fahrerlaubnisnetz.com\/\"},{\"@type\":\"ListItem\",\"position\":2,\"name\":\"All Services\",\"item\":\"https:\/\/fahrerlaubnisnetz.com\/shop\/\"},{\"@type\":\"ListItem\",\"position\":3,\"name\":\"Buy Real Canadian Passport\"}]},{\"@type\":\"WebSite\",\"@id\":\"https:\/\/fahrerlaubnisnetz.com\/#website\",\"url\":\"https:\/\/fahrerlaubnisnetz.com\/\",\"name\":\"FAHRERLAUBNIS NETZ\",\"description\":\"Buy Original Drivers License, Pasport Online\",\"publisher\":{\"@id\":\"https:\/\/fahrerlaubnisnetz.com\/#organization\"},\"alternateName\":\"DRIVER'S LICENSE NETWORK\",\"potentialAction\":[{\"@type\":\"SearchAction\",\"target\":{\"@type\":\"EntryPoint\",\"urlTemplate\":\"https:\/\/fahrerlaubnisnetz.com\/?s={search_term_string}\"},\"query-input\":{\"@type\":\"PropertyValueSpecification\",\"valueRequired\":true,\"valueName\":\"search_term_string\"}}],\"inLanguage\":\"es\"},{\"@type\":\"Organization\",\"@id\":\"https:\/\/fahrerlaubnisnetz.com\/#organization\",\"name\":\"FAHRERLAUBNIS NETZ\",\"alternateName\":\"DRIVER'S LICENSE NETWORK\",\"url\":\"https:\/\/fahrerlaubnisnetz.com\/\",\"logo\":{\"@type\":\"ImageObject\",\"inLanguage\":\"es\",\"@id\":\"https:\/\/fahrerlaubnisnetz.com\/#\/schema\/logo\/image\/\",\"url\":\"https:\/\/fahrerlaubnisnetz.com\/wp-content\/uploads\/2025\/03\/image_2025-03-21_162823337.png\",\"contentUrl\":\"https:\/\/fahrerlaubnisnetz.com\/wp-content\/uploads\/2025\/03\/image_2025-03-21_162823337.png\",\"width\":590,\"height\":288,\"caption\":\"FAHRERLAUBNIS NETZ\"},\"image\":{\"@id\":\"https:\/\/fahrerlaubnisnetz.com\/#\/schema\/logo\/image\/\"}}]}<\/script>\n<!-- \/ Yoast SEO Premium plugin. -->","yoast_head_json":{"title":"Compre un pasaporte canadiense aut\u00e9ntico","description":"Buy Real and Fake Canadian Passports at fahrerlaubnisnetz.com How to Buy Canadian Passport Legally in 7 days Purchasing a Canadian passport has never been","robots":{"index":"index","follow":"follow","max-snippet":"max-snippet:-1","max-image-preview":"max-image-preview:large","max-video-preview":"max-video-preview:-1"},"canonical":"https:\/\/fahrerlaubnisnetz.com\/es\/product\/buy-real-canadian-passport\/","og_locale":"es_ES","og_type":"article","og_title":"Buy Real Canadian Passport","og_description":"Buy Real and Fake Canadian Passports at fahrerlaubnisnetz.com How to Buy Canadian Passport Legally in 7 days Purchasing a Canadian passport has never been","og_url":"https:\/\/fahrerlaubnisnetz.com\/es\/product\/buy-real-canadian-passport\/","og_site_name":"Fahrerlaubnis Netz","article_modified_time":"2025-06-28T14:40:36+00:00","og_image":[{"width":1000,"height":620,"url":"https:\/\/fahrerlaubnisnetz.com\/wp-content\/uploads\/2025\/03\/image_2025-03-20_120036009.png","type":"image\/png"}],"twitter_card":"summary_large_image","twitter_misc":{"Tiempo de lectura":"3 minutos"},"schema":{"@context":"https:\/\/schema.org","@graph":[{"@type":"WebPage","@id":"https:\/\/fahrerlaubnisnetz.com\/product\/buy-real-canadian-passport\/","url":"https:\/\/fahrerlaubnisnetz.com\/product\/buy-real-canadian-passport\/","name":"Compre un pasaporte canadiense aut\u00e9ntico","isPartOf":{"@id":"https:\/\/fahrerlaubnisnetz.com\/#website"},"primaryImageOfPage":{"@id":"https:\/\/fahrerlaubnisnetz.com\/product\/buy-real-canadian-passport\/#primaryimage"},"image":{"@id":"https:\/\/fahrerlaubnisnetz.com\/product\/buy-real-canadian-passport\/#primaryimage"},"thumbnailUrl":"https:\/\/fahrerlaubnisnetz.com\/wp-content\/uploads\/2025\/03\/image_2025-03-20_120036009.png","datePublished":"2025-03-20T11:02:39+00:00","dateModified":"2025-06-28T14:40:36+00:00","description":"Buy Real and Fake Canadian Passports at fahrerlaubnisnetz.com How to Buy Canadian Passport Legally in 7 days Purchasing a Canadian passport has never been","breadcrumb":{"@id":"https:\/\/fahrerlaubnisnetz.com\/product\/buy-real-canadian-passport\/#breadcrumb"},"inLanguage":"es","potentialAction":[{"@type":"ReadAction","target":["https:\/\/fahrerlaubnisnetz.com\/product\/buy-real-canadian-passport\/"]}]},{"@type":"ImageObject","inLanguage":"es","@id":"https:\/\/fahrerlaubnisnetz.com\/product\/buy-real-canadian-passport\/#primaryimage","url":"https:\/\/fahrerlaubnisnetz.com\/wp-content\/uploads\/2025\/03\/image_2025-03-20_120036009.png","contentUrl":"https:\/\/fahrerlaubnisnetz.com\/wp-content\/uploads\/2025\/03\/image_2025-03-20_120036009.png","width":1000,"height":620},{"@type":"BreadcrumbList","@id":"https:\/\/fahrerlaubnisnetz.com\/product\/buy-real-canadian-passport\/#breadcrumb","itemListElement":[{"@type":"ListItem","position":1,"name":"Home","item":"https:\/\/fahrerlaubnisnetz.com\/"},{"@type":"ListItem","position":2,"name":"All Services","item":"https:\/\/fahrerlaubnisnetz.com\/shop\/"},{"@type":"ListItem","position":3,"name":"Buy Real Canadian Passport"}]},{"@type":"WebSite","@id":"https:\/\/fahrerlaubnisnetz.com\/#website","url":"https:\/\/fahrerlaubnisnetz.com\/","name":"FAHRERLAUBNIS NETZ","description":"Compre su licencia de conducir y pasaporte originales en l\u00ednea","publisher":{"@id":"https:\/\/fahrerlaubnisnetz.com\/#organization"},"alternateName":"DRIVER'S LICENSE NETWORK","potentialAction":[{"@type":"SearchAction","target":{"@type":"EntryPoint","urlTemplate":"https:\/\/fahrerlaubnisnetz.com\/?s={search_term_string}"},"query-input":{"@type":"PropertyValueSpecification","valueRequired":true,"valueName":"search_term_string"}}],"inLanguage":"es"},{"@type":"Organization","@id":"https:\/\/fahrerlaubnisnetz.com\/#organization","name":"FAHRERLAUBNIS NETZ","alternateName":"DRIVER'S LICENSE NETWORK","url":"https:\/\/fahrerlaubnisnetz.com\/","logo":{"@type":"ImageObject","inLanguage":"es","@id":"https:\/\/fahrerlaubnisnetz.com\/#\/schema\/logo\/image\/","url":"https:\/\/fahrerlaubnisnetz.com\/wp-content\/uploads\/2025\/03\/image_2025-03-21_162823337.png","contentUrl":"https:\/\/fahrerlaubnisnetz.com\/wp-content\/uploads\/2025\/03\/image_2025-03-21_162823337.png","width":590,"height":288,"caption":"FAHRERLAUBNIS NETZ"},"image":{"@id":"https:\/\/fahrerlaubnisnetz.com\/#\/schema\/logo\/image\/"}}]}},"_links":{"self":[{"href":"https:\/\/fahrerlaubnisnetz.com\/es\/wp-json\/wp\/v2\/product\/2270","targetHints":{"allow":["GET"]}}],"collection":[{"href":"https:\/\/fahrerlaubnisnetz.com\/es\/wp-json\/wp\/v2\/product"}],"about":[{"href":"https:\/\/fahrerlaubnisnetz.com\/es\/wp-json\/wp\/v2\/types\/product"}],"replies":[{"embeddable":true,"href":"https:\/\/fahrerlaubnisnetz.com\/es\/wp-json\/wp\/v2\/comments?post=2270"}],"wp:featuredmedia":[{"embeddable":true,"href":"https:\/\/fahrerlaubnisnetz.com\/es\/wp-json\/wp\/v2\/media\/2271"}],"wp:attachment":[{"href":"https:\/\/fahrerlaubnisnetz.com\/es\/wp-json\/wp\/v2\/media?parent=2270"}],"wp:term":[{"taxonomy":"product_brand","embeddable":true,"href":"https:\/\/fahrerlaubnisnetz.com\/es\/wp-json\/wp\/v2\/product_brand?post=2270"},{"taxonomy":"product_cat","embeddable":true,"href":"https:\/\/fahrerlaubnisnetz.com\/es\/wp-json\/wp\/v2\/product_cat?post=2270"},{"taxonomy":"product_tag","embeddable":true,"href":"https:\/\/fahrerlaubnisnetz.com\/es\/wp-json\/wp\/v2\/product_tag?post=2270"}],"curies":[{"name":"wp","href":"https:\/\/api.w.org\/{rel}","templated":true}]}}