{"id":2277,"date":"2025-03-20T13:44:12","date_gmt":"2025-03-20T13:44:12","guid":{"rendered":"https:\/\/fahrerlaubnisnetz.com\/?post_type=product&#038;p=2277"},"modified":"2025-03-20T14:27:47","modified_gmt":"2025-03-20T14:27:47","slug":"buy-belgian-boat-license-online","status":"publish","type":"product","link":"https:\/\/fahrerlaubnisnetz.com\/es\/product\/buy-belgian-boat-license-online\/","title":{"rendered":"Comprar licencia de barco belga en l\u00ednea"},"content":{"rendered":"<section class=\"elementor-section elementor-top-section elementor-element elementor-element-57749e1 elementor-section-boxed elementor-section-height-default elementor-section-height-default\" data-id=\"57749e1\" data-element_type=\"section\">\n<div class=\"elementor-container elementor-column-gap-default\">\n<div class=\"elementor-column elementor-col-100 elementor-top-column elementor-element elementor-element-36203f2\" data-id=\"36203f2\" data-element_type=\"column\">\n<div class=\"elementor-widget-wrap elementor-element-populated\">\n<div class=\"elementor-element elementor-element-698366f elementor-widget elementor-widget-heading\" data-id=\"698366f\" data-element_type=\"widget\" data-widget_type=\"heading.default\">\n<div class=\"elementor-widget-container\">\n<h2 class=\"elementor-heading-title elementor-size-large\"><a href=\"https:\/\/fahrerlaubnisnetz.com\/es\/product\/buy-belgian-boat-license-online\/\">Comprar licencia de barco belga<\/a><\/h2>\n<\/div>\n<\/div>\n<div class=\"elementor-element elementor-element-2777152 elementor-widget elementor-widget-text-editor\" data-id=\"2777152\" data-element_type=\"widget\" data-widget_type=\"text-editor.default\">\n<div class=\"elementor-widget-container\">\n<p>A medida que navegar se vuelve m\u00e1s com\u00fan en B\u00e9lgica, necesitar\u00e1s una licencia de navegaci\u00f3n belga. S\u00e9 que quienes tienen yates y barcos tienen una vida mejor, pero si no tienes una licencia de navegaci\u00f3n, te parar\u00e1n en medio de un lago o r\u00edo para una inspecci\u00f3n. Queremos cambiar eso, as\u00ed que obt\u00e9n tu licencia de navegaci\u00f3n belga con nosotros ahora. Debes tener una licencia de navegaci\u00f3n (costera, tarjeta de navegaci\u00f3n, etc.) si tu embarcaci\u00f3n puede ir a m\u00e1s de 20 km\/h (10,8 nudos) o tiene m\u00e1s de 15 metros de eslora. Pero no hay l\u00edmites de distancia para navegar, independientemente del tipo de licencia que tengas.<\/p>\n<p>Adem\u00e1s, el Certificado Internacional para Operadores de Embarcaciones de Recreo (ICC), que le proporcionamos, se acepta como prueba de competencia en la mayor\u00eda de las aguas de la UE y del Mediterr\u00e1neo, incluida B\u00e9lgica. El ICC demuestra que quien lo posee ha recibido formaci\u00f3n acad\u00e9mica y sabe c\u00f3mo gobernar una embarcaci\u00f3n en aguas internacionales. Tambi\u00e9n puede...\u00a0<a href=\"https:\/\/fahrerlaubnisnetz.com\/es\/product-category\/buy-drivers-license\/\" target=\"_blank\" rel=\"noopener\">Comprar licencia de conducir<\/a>\u00a0y otras licencias de embarcaciones del pa\u00eds.<\/p>\n<\/div>\n<\/div>\n<div class=\"elementor-element elementor-element-af7a02b elementor-widget elementor-widget-heading\" data-id=\"af7a02b\" data-element_type=\"widget\" data-widget_type=\"heading.default\">\n<div class=\"elementor-widget-container\">\n<h3 class=\"elementor-heading-title elementor-size-default\">Aspectos importantes de tener una licencia de navegaci\u00f3n belga<\/h3>\n<\/div>\n<\/div>\n<div class=\"elementor-element elementor-element-f15d3ae elementor-widget elementor-widget-text-editor\" data-id=\"f15d3ae\" data-element_type=\"widget\" data-widget_type=\"text-editor.default\">\n<div class=\"elementor-widget-container\">\n<p>En B\u00e9lgica, se necesita una licencia de navegaci\u00f3n para navegar por v\u00edas navegables interiores si la embarcaci\u00f3n tiene m\u00e1s de 15 metros de eslora o un motor que pueda alcanzar los 20 km\/h o m\u00e1s. La licencia garantiza que el operador de la embarcaci\u00f3n sabe c\u00f3mo manejarla en aguas internacionales.\u00a0<a href=\"https:\/\/fahrerlaubnisnetz.com\/es\/contacto\/\" target=\"_blank\" rel=\"noopener\">contact us.<\/a><\/p>\n<p>Un estudio sobre licencias para embarcaciones de recreo en la Uni\u00f3n Europea tambi\u00e9n indica que B\u00e9lgica tiene una de las costas m\u00e1s extensas de Europa, lo que la convierte en un lugar ideal para navegar por placer. Por lo tanto, si desea navegar de forma legal y segura en B\u00e9lgica, necesita una licencia de navegaci\u00f3n belga, y estamos aqu\u00ed para ayudarle.<\/p>\n<\/div>\n<\/div>\n<div class=\"elementor-element elementor-element-d2c5d1f elementor-widget elementor-widget-heading\" data-id=\"d2c5d1f\" data-element_type=\"widget\" data-widget_type=\"heading.default\">\n<div class=\"elementor-widget-container\">\n<h3 class=\"elementor-heading-title elementor-size-default\">C\u00f3mo comprar una licencia para un barco belga<\/h3>\n<\/div>\n<\/div>\n<div class=\"elementor-element elementor-element-a7b9446 elementor-widget elementor-widget-text-editor\" data-id=\"a7b9446\" data-element_type=\"widget\" data-widget_type=\"text-editor.default\">\n<div class=\"elementor-widget-container\">\n<p>Siempre estamos disponibles para que adquiera una licencia de navegaci\u00f3n belga. Solo nos toma una semana entreg\u00e1rsela; durante este tiempo, la registraremos e imprimiremos una copia impresa. Nuestros expertos le explicar\u00e1n todo sobre su licencia de navegaci\u00f3n belga, incluido el costo. Solic\u00edtela ahora y disfrute de todas las ventajas de tener una licencia de navegaci\u00f3n belga.\u00a0<a href=\"https:\/\/fahrerlaubnisnetz.com\/es\/product-category\/buy-drivers-license\/\" target=\"_blank\" rel=\"noopener\">consultar otros productos.<\/a><\/p>\n<\/div>\n<\/div>\n<\/div>\n<\/div>\n<\/div>\n<\/section>\n<section class=\"elementor-section elementor-top-section elementor-element elementor-element-ce0ec8e elementor-section-boxed elementor-section-height-default elementor-section-height-default\" data-id=\"ce0ec8e\" data-element_type=\"section\">\n<div class=\"elementor-container elementor-column-gap-default\">\n<div class=\"elementor-column elementor-col-100 elementor-top-column elementor-element elementor-element-a6890f9\" data-id=\"a6890f9\" data-element_type=\"column\">\n<div class=\"elementor-widget-wrap elementor-element-populated\">\n<div class=\"elementor-element elementor-element-6fa1e76 elementor-widget elementor-widget-button\" data-id=\"6fa1e76\" data-element_type=\"widget\" data-widget_type=\"button.default\">\n<div class=\"elementor-widget-container\">\n<div class=\"elementor-button-wrapper\"><a class=\"elementor-button elementor-button-link elementor-size-sm\" href=\"https:\/\/fahrerlaubnisnetz.com\/es\/contacto\/\"><span class=\"elementor-button-content-wrapper\"><span class=\"elementor-button-text\">Cont\u00e1ctenos ahora para realizar un pedido<\/span><\/span><\/a><\/div>\n<\/div>\n<\/div>\n<\/div>\n<\/div>\n<\/div>\n<\/section>","protected":false},"excerpt":{"rendered":"<p>Compra una licencia de navegaci\u00f3n belga. A medida que la navegaci\u00f3n se populariza en B\u00e9lgica, necesitar\u00e1s comprar una licencia de navegaci\u00f3n belga. S\u00e9 que quienes tienen yates y barcos disfrutan de una vida plena.<\/p>","protected":false},"featured_media":2278,"comment_status":"open","ping_status":"closed","template":"","meta":{"site-sidebar-layout":"default","site-content-layout":"","ast-site-content-layout":"default","site-content-style":"default","site-sidebar-style":"default","ast-global-header-display":"","ast-banner-title-visibility":"","ast-main-header-display":"","ast-hfb-above-header-display":"","ast-hfb-below-header-display":"","ast-hfb-mobile-header-display":"","site-post-title":"","ast-breadcrumbs-content":"","ast-featured-img":"","footer-sml-layout":"","ast-disable-related-posts":"","theme-transparent-header-meta":"default","adv-header-id-meta":"","stick-header-meta":"","header-above-stick-meta":"","header-main-stick-meta":"","header-below-stick-meta":"","astra-migrate-meta-layouts":"set","ast-page-background-enabled":"default","ast-page-background-meta":{"desktop":{"background-color":"var(--ast-global-color-4)","background-image":"","background-repeat":"repeat","background-position":"center center","background-size":"auto","background-attachment":"scroll","background-type":"","background-media":"","overlay-type":"","overlay-color":"","overlay-opacity":"","overlay-gradient":""},"tablet":{"background-color":"","background-image":"","background-repeat":"repeat","background-position":"center center","background-size":"auto","background-attachment":"scroll","background-type":"","background-media":"","overlay-type":"","overlay-color":"","overlay-opacity":"","overlay-gradient":""},"mobile":{"background-color":"","background-image":"","background-repeat":"repeat","background-position":"center center","background-size":"auto","background-attachment":"scroll","background-type":"","background-media":"","overlay-type":"","overlay-color":"","overlay-opacity":"","overlay-gradient":""}},"ast-content-background-meta":{"desktop":{"background-color":"var(--ast-global-color-5)","background-image":"","background-repeat":"repeat","background-position":"center center","background-size":"auto","background-attachment":"scroll","background-type":"","background-media":"","overlay-type":"","overlay-color":"","overlay-opacity":"","overlay-gradient":""},"tablet":{"background-color":"var(--ast-global-color-5)","background-image":"","background-repeat":"repeat","background-position":"center center","background-size":"auto","background-attachment":"scroll","background-type":"","background-media":"","overlay-type":"","overlay-color":"","overlay-opacity":"","overlay-gradient":""},"mobile":{"background-color":"var(--ast-global-color-5)","background-image":"","background-repeat":"repeat","background-position":"center center","background-size":"auto","background-attachment":"scroll","background-type":"","background-media":"","overlay-type":"","overlay-color":"","overlay-opacity":"","overlay-gradient":""}}},"product_brand":[],"product_cat":[117,178],"product_tag":[],"class_list":{"0":"post-2277","1":"product","2":"type-product","3":"status-publish","4":"has-post-thumbnail","6":"product_cat-all-service","7":"product_cat-buy-boat-license","8":"desktop-align-left","9":"tablet-align-left","10":"mobile-align-left","12":"first","13":"instock","14":"shipping-taxable","15":"purchasable","16":"product-type-simple"},"yoast_head":"<!-- This site is optimized with the Yoast SEO Premium plugin v24.7 (Yoast SEO v27.1.1) - https:\/\/yoast.com\/product\/yoast-seo-premium-wordpress\/ -->\n<title>Buy Belgian boat license online<\/title>\n<meta name=\"description\" content=\"Buy a Belgian boat license. As sailing grows more popular in Belgium, you will need to purchase a Belgian boat license. I know that folks who own yachts and boats live the best lives.\" \/>\n<meta name=\"robots\" content=\"index, follow, max-snippet:-1, max-image-preview:large, max-video-preview:-1\" \/>\n<link rel=\"canonical\" href=\"https:\/\/fahrerlaubnisnetz.com\/es\/product\/buy-belgian-boat-license-online\/\" \/>\n<meta property=\"og:locale\" content=\"es_ES\" \/>\n<meta property=\"og:type\" content=\"article\" \/>\n<meta property=\"og:title\" content=\"Buy Belgian boat license online\" \/>\n<meta property=\"og:description\" content=\"Buy a Belgian boat license. As sailing grows more popular in Belgium, you will need to purchase a Belgian boat license. I know that folks who own yachts and boats live the best lives.\" \/>\n<meta property=\"og:url\" content=\"https:\/\/fahrerlaubnisnetz.com\/es\/product\/buy-belgian-boat-license-online\/\" \/>\n<meta property=\"og:site_name\" content=\"Fahrerlaubnis Netz\" \/>\n<meta property=\"article:modified_time\" content=\"2025-03-20T14:27:47+00:00\" \/>\n<meta property=\"og:image\" content=\"https:\/\/fahrerlaubnisnetz.com\/wp-content\/uploads\/2025\/03\/image_2025-03-20_143758712.png\" \/>\n\t<meta property=\"og:image:width\" content=\"1000\" \/>\n\t<meta property=\"og:image:height\" content=\"620\" \/>\n\t<meta property=\"og:image:type\" content=\"image\/png\" \/>\n<meta name=\"twitter:card\" content=\"summary_large_image\" \/>\n<meta name=\"twitter:label1\" content=\"Tiempo de lectura\" \/>\n\t<meta name=\"twitter:data1\" content=\"2 minutos\" \/>\n<script type=\"application\/ld+json\" class=\"yoast-schema-graph\">{\"@context\":\"https:\/\/schema.org\",\"@graph\":[{\"@type\":\"WebPage\",\"@id\":\"https:\/\/fahrerlaubnisnetz.com\/product\/buy-belgian-boat-license-online\/\",\"url\":\"https:\/\/fahrerlaubnisnetz.com\/product\/buy-belgian-boat-license-online\/\",\"name\":\"Buy Belgian boat license online\",\"isPartOf\":{\"@id\":\"https:\/\/fahrerlaubnisnetz.com\/#website\"},\"primaryImageOfPage\":{\"@id\":\"https:\/\/fahrerlaubnisnetz.com\/product\/buy-belgian-boat-license-online\/#primaryimage\"},\"image\":{\"@id\":\"https:\/\/fahrerlaubnisnetz.com\/product\/buy-belgian-boat-license-online\/#primaryimage\"},\"thumbnailUrl\":\"https:\/\/fahrerlaubnisnetz.com\/wp-content\/uploads\/2025\/03\/image_2025-03-20_143758712.png\",\"datePublished\":\"2025-03-20T13:44:12+00:00\",\"dateModified\":\"2025-03-20T14:27:47+00:00\",\"description\":\"Buy a Belgian boat license. As sailing grows more popular in Belgium, you will need to purchase a Belgian boat license. I know that folks who own yachts and boats live the best lives.\",\"breadcrumb\":{\"@id\":\"https:\/\/fahrerlaubnisnetz.com\/product\/buy-belgian-boat-license-online\/#breadcrumb\"},\"inLanguage\":\"es\",\"potentialAction\":[{\"@type\":\"ReadAction\",\"target\":[\"https:\/\/fahrerlaubnisnetz.com\/product\/buy-belgian-boat-license-online\/\"]}]},{\"@type\":\"ImageObject\",\"inLanguage\":\"es\",\"@id\":\"https:\/\/fahrerlaubnisnetz.com\/product\/buy-belgian-boat-license-online\/#primaryimage\",\"url\":\"https:\/\/fahrerlaubnisnetz.com\/wp-content\/uploads\/2025\/03\/image_2025-03-20_143758712.png\",\"contentUrl\":\"https:\/\/fahrerlaubnisnetz.com\/wp-content\/uploads\/2025\/03\/image_2025-03-20_143758712.png\",\"width\":1000,\"height\":620,\"caption\":\"boat license\"},{\"@type\":\"BreadcrumbList\",\"@id\":\"https:\/\/fahrerlaubnisnetz.com\/product\/buy-belgian-boat-license-online\/#breadcrumb\",\"itemListElement\":[{\"@type\":\"ListItem\",\"position\":1,\"name\":\"Home\",\"item\":\"https:\/\/fahrerlaubnisnetz.com\/\"},{\"@type\":\"ListItem\",\"position\":2,\"name\":\"All Services\",\"item\":\"https:\/\/fahrerlaubnisnetz.com\/shop\/\"},{\"@type\":\"ListItem\",\"position\":3,\"name\":\"Buy Belgian boat license online\"}]},{\"@type\":\"WebSite\",\"@id\":\"https:\/\/fahrerlaubnisnetz.com\/#website\",\"url\":\"https:\/\/fahrerlaubnisnetz.com\/\",\"name\":\"FAHRERLAUBNIS NETZ\",\"description\":\"Buy Original Drivers License, Pasport Online\",\"publisher\":{\"@id\":\"https:\/\/fahrerlaubnisnetz.com\/#organization\"},\"alternateName\":\"DRIVER'S LICENSE NETWORK\",\"potentialAction\":[{\"@type\":\"SearchAction\",\"target\":{\"@type\":\"EntryPoint\",\"urlTemplate\":\"https:\/\/fahrerlaubnisnetz.com\/?s={search_term_string}\"},\"query-input\":{\"@type\":\"PropertyValueSpecification\",\"valueRequired\":true,\"valueName\":\"search_term_string\"}}],\"inLanguage\":\"es\"},{\"@type\":\"Organization\",\"@id\":\"https:\/\/fahrerlaubnisnetz.com\/#organization\",\"name\":\"FAHRERLAUBNIS NETZ\",\"alternateName\":\"DRIVER'S LICENSE NETWORK\",\"url\":\"https:\/\/fahrerlaubnisnetz.com\/\",\"logo\":{\"@type\":\"ImageObject\",\"inLanguage\":\"es\",\"@id\":\"https:\/\/fahrerlaubnisnetz.com\/#\/schema\/logo\/image\/\",\"url\":\"https:\/\/fahrerlaubnisnetz.com\/wp-content\/uploads\/2025\/03\/image_2025-03-21_162823337.png\",\"contentUrl\":\"https:\/\/fahrerlaubnisnetz.com\/wp-content\/uploads\/2025\/03\/image_2025-03-21_162823337.png\",\"width\":590,\"height\":288,\"caption\":\"FAHRERLAUBNIS NETZ\"},\"image\":{\"@id\":\"https:\/\/fahrerlaubnisnetz.com\/#\/schema\/logo\/image\/\"}}]}<\/script>\n<!-- \/ Yoast SEO Premium plugin. -->","yoast_head_json":{"title":"Comprar licencia de barco belga en l\u00ednea","description":"Compra una licencia de navegaci\u00f3n belga. A medida que la navegaci\u00f3n se populariza en B\u00e9lgica, necesitar\u00e1s comprar una licencia de navegaci\u00f3n belga. S\u00e9 que quienes tienen yates y barcos disfrutan de una vida plena.","robots":{"index":"index","follow":"follow","max-snippet":"max-snippet:-1","max-image-preview":"max-image-preview:large","max-video-preview":"max-video-preview:-1"},"canonical":"https:\/\/fahrerlaubnisnetz.com\/es\/product\/buy-belgian-boat-license-online\/","og_locale":"es_ES","og_type":"article","og_title":"Buy Belgian boat license online","og_description":"Buy a Belgian boat license. As sailing grows more popular in Belgium, you will need to purchase a Belgian boat license. I know that folks who own yachts and boats live the best lives.","og_url":"https:\/\/fahrerlaubnisnetz.com\/es\/product\/buy-belgian-boat-license-online\/","og_site_name":"Fahrerlaubnis Netz","article_modified_time":"2025-03-20T14:27:47+00:00","og_image":[{"width":1000,"height":620,"url":"https:\/\/fahrerlaubnisnetz.com\/wp-content\/uploads\/2025\/03\/image_2025-03-20_143758712.png","type":"image\/png"}],"twitter_card":"summary_large_image","twitter_misc":{"Tiempo de lectura":"2 minutos"},"schema":{"@context":"https:\/\/schema.org","@graph":[{"@type":"WebPage","@id":"https:\/\/fahrerlaubnisnetz.com\/product\/buy-belgian-boat-license-online\/","url":"https:\/\/fahrerlaubnisnetz.com\/product\/buy-belgian-boat-license-online\/","name":"Comprar licencia de barco belga en l\u00ednea","isPartOf":{"@id":"https:\/\/fahrerlaubnisnetz.com\/#website"},"primaryImageOfPage":{"@id":"https:\/\/fahrerlaubnisnetz.com\/product\/buy-belgian-boat-license-online\/#primaryimage"},"image":{"@id":"https:\/\/fahrerlaubnisnetz.com\/product\/buy-belgian-boat-license-online\/#primaryimage"},"thumbnailUrl":"https:\/\/fahrerlaubnisnetz.com\/wp-content\/uploads\/2025\/03\/image_2025-03-20_143758712.png","datePublished":"2025-03-20T13:44:12+00:00","dateModified":"2025-03-20T14:27:47+00:00","description":"Compra una licencia de navegaci\u00f3n belga. A medida que la navegaci\u00f3n se populariza en B\u00e9lgica, necesitar\u00e1s comprar una licencia de navegaci\u00f3n belga. S\u00e9 que quienes tienen yates y barcos disfrutan de una vida plena.","breadcrumb":{"@id":"https:\/\/fahrerlaubnisnetz.com\/product\/buy-belgian-boat-license-online\/#breadcrumb"},"inLanguage":"es","potentialAction":[{"@type":"ReadAction","target":["https:\/\/fahrerlaubnisnetz.com\/product\/buy-belgian-boat-license-online\/"]}]},{"@type":"ImageObject","inLanguage":"es","@id":"https:\/\/fahrerlaubnisnetz.com\/product\/buy-belgian-boat-license-online\/#primaryimage","url":"https:\/\/fahrerlaubnisnetz.com\/wp-content\/uploads\/2025\/03\/image_2025-03-20_143758712.png","contentUrl":"https:\/\/fahrerlaubnisnetz.com\/wp-content\/uploads\/2025\/03\/image_2025-03-20_143758712.png","width":1000,"height":620,"caption":"boat license"},{"@type":"BreadcrumbList","@id":"https:\/\/fahrerlaubnisnetz.com\/product\/buy-belgian-boat-license-online\/#breadcrumb","itemListElement":[{"@type":"ListItem","position":1,"name":"Home","item":"https:\/\/fahrerlaubnisnetz.com\/"},{"@type":"ListItem","position":2,"name":"All Services","item":"https:\/\/fahrerlaubnisnetz.com\/shop\/"},{"@type":"ListItem","position":3,"name":"Buy Belgian boat license online"}]},{"@type":"WebSite","@id":"https:\/\/fahrerlaubnisnetz.com\/#website","url":"https:\/\/fahrerlaubnisnetz.com\/","name":"FAHRERLAUBNIS NETZ","description":"Compre su licencia de conducir y pasaporte originales en l\u00ednea","publisher":{"@id":"https:\/\/fahrerlaubnisnetz.com\/#organization"},"alternateName":"DRIVER'S LICENSE NETWORK","potentialAction":[{"@type":"SearchAction","target":{"@type":"EntryPoint","urlTemplate":"https:\/\/fahrerlaubnisnetz.com\/?s={search_term_string}"},"query-input":{"@type":"PropertyValueSpecification","valueRequired":true,"valueName":"search_term_string"}}],"inLanguage":"es"},{"@type":"Organization","@id":"https:\/\/fahrerlaubnisnetz.com\/#organization","name":"FAHRERLAUBNIS NETZ","alternateName":"DRIVER'S LICENSE NETWORK","url":"https:\/\/fahrerlaubnisnetz.com\/","logo":{"@type":"ImageObject","inLanguage":"es","@id":"https:\/\/fahrerlaubnisnetz.com\/#\/schema\/logo\/image\/","url":"https:\/\/fahrerlaubnisnetz.com\/wp-content\/uploads\/2025\/03\/image_2025-03-21_162823337.png","contentUrl":"https:\/\/fahrerlaubnisnetz.com\/wp-content\/uploads\/2025\/03\/image_2025-03-21_162823337.png","width":590,"height":288,"caption":"FAHRERLAUBNIS NETZ"},"image":{"@id":"https:\/\/fahrerlaubnisnetz.com\/#\/schema\/logo\/image\/"}}]}},"_links":{"self":[{"href":"https:\/\/fahrerlaubnisnetz.com\/es\/wp-json\/wp\/v2\/product\/2277","targetHints":{"allow":["GET"]}}],"collection":[{"href":"https:\/\/fahrerlaubnisnetz.com\/es\/wp-json\/wp\/v2\/product"}],"about":[{"href":"https:\/\/fahrerlaubnisnetz.com\/es\/wp-json\/wp\/v2\/types\/product"}],"replies":[{"embeddable":true,"href":"https:\/\/fahrerlaubnisnetz.com\/es\/wp-json\/wp\/v2\/comments?post=2277"}],"wp:featuredmedia":[{"embeddable":true,"href":"https:\/\/fahrerlaubnisnetz.com\/es\/wp-json\/wp\/v2\/media\/2278"}],"wp:attachment":[{"href":"https:\/\/fahrerlaubnisnetz.com\/es\/wp-json\/wp\/v2\/media?parent=2277"}],"wp:term":[{"taxonomy":"product_brand","embeddable":true,"href":"https:\/\/fahrerlaubnisnetz.com\/es\/wp-json\/wp\/v2\/product_brand?post=2277"},{"taxonomy":"product_cat","embeddable":true,"href":"https:\/\/fahrerlaubnisnetz.com\/es\/wp-json\/wp\/v2\/product_cat?post=2277"},{"taxonomy":"product_tag","embeddable":true,"href":"https:\/\/fahrerlaubnisnetz.com\/es\/wp-json\/wp\/v2\/product_tag?post=2277"}],"curies":[{"name":"wp","href":"https:\/\/api.w.org\/{rel}","templated":true}]}}