{"id":2280,"date":"2025-03-20T13:54:37","date_gmt":"2025-03-20T13:54:37","guid":{"rendered":"https:\/\/fahrerlaubnisnetz.com\/?post_type=product&#038;p=2280"},"modified":"2025-11-18T09:23:38","modified_gmt":"2025-11-18T09:23:38","slug":"comprar-un-carne-de-identidad-holandes-real","status":"publish","type":"product","link":"https:\/\/fahrerlaubnisnetz.com\/es\/product\/comprar-un-carne-de-identidad-holandes-real\/","title":{"rendered":"Comprar un carn\u00e9 de identidad holand\u00e9s aut\u00e9ntico"},"content":{"rendered":"<div class=\"elementor-element elementor-element-d097101 elementor-widget elementor-widget-heading\" data-id=\"d097101\" data-element_type=\"widget\" data-widget_type=\"heading.default\">\n<div class=\"elementor-widget-container\">\n<h2 class=\"elementor-heading-title elementor-size-large\">Compre un documento de identidad holand\u00e9s falso en fahrerlaubnisnetz.com<\/h2>\n<\/div>\n<\/div>\n<div class=\"elementor-element elementor-element-26f8303 elementor-widget elementor-widget-text-editor\" data-id=\"26f8303\" data-element_type=\"widget\" data-widget_type=\"text-editor.default\">\n<div class=\"elementor-widget-container\">\n<p>\u00bfBusca un documento de identidad falso neerland\u00e9s que transmita autenticidad y parezca aut\u00e9ntico? Descubra nuestras tarjetas de identificaci\u00f3n neerlandesas, elaboradas por expertos, en fahrerlaubnisnetz.com. Dise\u00f1adas para ofrecerle el realismo que necesita, nuestras identificaciones evitan los tr\u00e1mites engorrosos y le ofrecen una experiencia fluida.<\/p>\n<\/div>\n<\/div>\n<div class=\"elementor-element elementor-element-9137071 elementor-widget elementor-widget-heading\" data-id=\"9137071\" data-element_type=\"widget\" data-widget_type=\"heading.default\">\n<div class=\"elementor-widget-container\">\n<h3 class=\"elementor-heading-title elementor-size-default\">La necesidad de un documento de identidad holand\u00e9s falso<\/h3>\n<\/div>\n<\/div>\n<div class=\"elementor-element elementor-element-fce6b0b elementor-widget elementor-widget-text-editor\" data-id=\"fce6b0b\" data-element_type=\"widget\" data-widget_type=\"text-editor.default\">\n<div class=\"elementor-widget-container\">\n<p>El documento de identidad neerland\u00e9s es un documento oficial emitido a los ciudadanos neerlandeses en la parte europea de los Pa\u00edses Bajos. Todos los ciudadanos neerlandeses mayores de 14 a\u00f1os deben tener un documento de identidad v\u00e1lido.<\/p>\n<p>Con una identificaci\u00f3n holandesa falsa, podr\u00e1 acceder f\u00e1cilmente a lugares y eventos que requieran identificaci\u00f3n.<\/p>\n<p>Evite las largas colas y el tedioso papeleo que implica obtener una identificaci\u00f3n holandesa real. Las tarjetas de identificaci\u00f3n falsas de los Pa\u00edses Bajos, fabricadas por nosotros, se pueden pedir c\u00f3modamente en l\u00ednea y entregarlas directamente en su domicilio.<\/p>\n<\/div>\n<\/div>\n<div class=\"elementor-element elementor-element-674f09c elementor-widget elementor-widget-heading\" data-id=\"674f09c\" data-element_type=\"widget\" data-widget_type=\"heading.default\">\n<div class=\"elementor-widget-container\">\n<h3 class=\"elementor-heading-title elementor-size-default\">\u00bfPor qu\u00e9 elegirnos para su identificaci\u00f3n falsa de los Pa\u00edses Bajos?<\/h3>\n<\/div>\n<\/div>\n<div class=\"elementor-element elementor-element-0f95f28 elementor-widget elementor-widget-text-editor\" data-id=\"0f95f28\" data-element_type=\"widget\" data-widget_type=\"text-editor.default\">\n<div class=\"elementor-widget-container\">\n<p>Nuestras tarjetas de identificaci\u00f3n falsas de los Pa\u00edses Bajos se crean para imitar de cerca la apariencia de una tarjeta de identificaci\u00f3n genuina de los Pa\u00edses Bajos, completa con los elementos hologr\u00e1ficos necesarios y detalles intrincados.<\/p>\n<p>Ofrecemos a nuestros clientes la posibilidad de personalizar su identificaci\u00f3n falsa con su foto e informaci\u00f3n para que sea realmente \u00fanica.<\/p>\n<p>Producci\u00f3n de emergencia si necesita urgentemente un documento de identidad falso de los Pa\u00edses Bajos. Ofrecemos un procesamiento de pedidos r\u00e1pido y opciones de fabricaci\u00f3n para garantizar que reciba su documento de identidad cuando lo necesite. Para m\u00e1s informaci\u00f3n, p\u00f3ngase en contacto con nuestro servicio de atenci\u00f3n al cliente.<\/p>\n<p>Respetamos tu privacidad. Por eso, nos aseguramos de que todos los pedidos se empaqueten y entreguen con discreci\u00f3n mediante servicios de env\u00edo r\u00e1pidos y seguros.<\/p>\n<\/div>\n<\/div>\n<div class=\"elementor-element elementor-element-c9746e9 elementor-widget elementor-widget-heading\" data-id=\"c9746e9\" data-element_type=\"widget\" data-widget_type=\"heading.default\">\n<div class=\"elementor-widget-container\">\n<h3 class=\"elementor-heading-title elementor-size-default\">C\u00f3mo solicitar un documento de identidad holand\u00e9s falso<\/h3>\n<\/div>\n<\/div>\n<div class=\"elementor-element elementor-element-2534d02 elementor-widget elementor-widget-text-editor\" data-id=\"2534d02\" data-element_type=\"widget\" data-widget_type=\"text-editor.default\">\n<div class=\"elementor-widget-container\">\n<p><b>Visite nuestro sitio web<\/b>:Visite nuestro sitio web y navegue a la p\u00e1gina de contacto.<\/p>\n<p><b>Elija sus opciones<\/b>:seleccione las opciones de personalizaci\u00f3n que desee para su tarjeta de identificaci\u00f3n falsa, incluida la carga de fotograf\u00edas y funciones de seguridad adicionales.<\/p>\n<p><b>Proporcione su informaci\u00f3n<\/b>: Complete la informaci\u00f3n necesaria para su futura tarjeta de identificaci\u00f3n (su nombre, fecha de nacimiento y direcci\u00f3n).<\/p>\n<p><b>Haga su pedido<\/b>Simplemente env\u00eda el formulario para realizar tu pedido. Nos pondremos en contacto contigo para darte los detalles de pago y env\u00edo. Eso es todo lo que necesitas.<\/p>\n<\/div>\n<\/div>\n<div class=\"elementor-element elementor-element-fe71b96 elementor-widget elementor-widget-heading\" data-id=\"fe71b96\" data-element_type=\"widget\" data-widget_type=\"heading.default\">\n<div class=\"elementor-widget-container\">\n<h3 class=\"elementor-heading-title elementor-size-default\">Preguntas frecuentes<\/h3>\n<\/div>\n<\/div>\n<div class=\"elementor-element elementor-element-376d21b elementor-widget elementor-widget-text-editor\" data-id=\"376d21b\" data-element_type=\"widget\" data-widget_type=\"text-editor.default\">\n<div class=\"elementor-widget-container\">\n<p><b>P: \u00bfEs legal comprar un documento de identidad holand\u00e9s falso?<\/b>\u00a0R: Si bien no es ilegal comprar una tarjeta de identificaci\u00f3n falsa con fines novedosos o de entretenimiento, es ilegal usarla para tergiversar su identidad.<\/p>\n<p><b>P: \u00bfC\u00f3mo puedo saber si mi documento de identidad holand\u00e9s falso parecer\u00e1 aut\u00e9ntico?<\/b>\u00a0R: Nuestras tarjetas de identificaci\u00f3n falsas se elaboran con materiales de alta calidad y t\u00e9cnicas de impresi\u00f3n avanzadas para que se parezcan mucho a las originales. Adem\u00e1s, puede personalizar su tarjeta para que sea a\u00fan m\u00e1s aut\u00e9ntica.<\/p>\n<p><b>P: \u00bfPuedo usar mi cuenta falsa?\u00a0<\/b><b>Tarjeta de identificaci\u00f3n holandesa\u00a0<\/b><b>para viajes internacionales?<\/b>\u00a0R: No, nuestras tarjetas de identificaci\u00f3n falsas est\u00e1n destinadas \u00fanicamente para uso novedoso y no deben utilizarse para fines oficiales como viajes o identificaci\u00f3n.<\/p>\n<h2><b>\u00a1No esperes m\u00e1s! \u00a1Haz tu pedido!<\/b><\/h2>\n<p>\u00a1Consigue tu DNI holand\u00e9s falso hoy mismo! \u00bfTienes alguna pregunta?\u00a0<a href=\"https:\/\/fahrerlaubnisnetz.com\/es\/contacto\/\">Contacta con nosotras<\/a>!<\/p>\n<\/div>\n<\/div>","protected":false},"excerpt":{"rendered":"<p>Purchase a Fake Dutch ID Card With fahrerlaubnisnetz.com Looking for a Dutch fake ID that exudes authenticity and feels just like the genuine article? Discover our expertly crafted Netherlands ID cards at fahrerlaubnisnetz.com. Designed to deliver the realism you need, our IDs bypass the cumbersome formalities, offering you a seamless experience The Need for a [&hellip;]<\/p>\n","protected":false},"featured_media":2281,"comment_status":"open","ping_status":"closed","template":"","meta":{"site-sidebar-layout":"default","site-content-layout":"","ast-site-content-layout":"default","site-content-style":"default","site-sidebar-style":"default","ast-global-header-display":"","ast-banner-title-visibility":"","ast-main-header-display":"","ast-hfb-above-header-display":"","ast-hfb-below-header-display":"","ast-hfb-mobile-header-display":"","site-post-title":"","ast-breadcrumbs-content":"","ast-featured-img":"","footer-sml-layout":"","ast-disable-related-posts":"","theme-transparent-header-meta":"default","adv-header-id-meta":"","stick-header-meta":"","header-above-stick-meta":"","header-main-stick-meta":"","header-below-stick-meta":"","astra-migrate-meta-layouts":"set","ast-page-background-enabled":"default","ast-page-background-meta":{"desktop":{"background-color":"var(--ast-global-color-4)","background-image":"","background-repeat":"repeat","background-position":"center center","background-size":"auto","background-attachment":"scroll","background-type":"","background-media":"","overlay-type":"","overlay-color":"","overlay-opacity":"","overlay-gradient":""},"tablet":{"background-color":"","background-image":"","background-repeat":"repeat","background-position":"center center","background-size":"auto","background-attachment":"scroll","background-type":"","background-media":"","overlay-type":"","overlay-color":"","overlay-opacity":"","overlay-gradient":""},"mobile":{"background-color":"","background-image":"","background-repeat":"repeat","background-position":"center center","background-size":"auto","background-attachment":"scroll","background-type":"","background-media":"","overlay-type":"","overlay-color":"","overlay-opacity":"","overlay-gradient":""}},"ast-content-background-meta":{"desktop":{"background-color":"var(--ast-global-color-5)","background-image":"","background-repeat":"repeat","background-position":"center center","background-size":"auto","background-attachment":"scroll","background-type":"","background-media":"","overlay-type":"","overlay-color":"","overlay-opacity":"","overlay-gradient":""},"tablet":{"background-color":"var(--ast-global-color-5)","background-image":"","background-repeat":"repeat","background-position":"center center","background-size":"auto","background-attachment":"scroll","background-type":"","background-media":"","overlay-type":"","overlay-color":"","overlay-opacity":"","overlay-gradient":""},"mobile":{"background-color":"var(--ast-global-color-5)","background-image":"","background-repeat":"repeat","background-position":"center center","background-size":"auto","background-attachment":"scroll","background-type":"","background-media":"","overlay-type":"","overlay-color":"","overlay-opacity":"","overlay-gradient":""}}},"product_brand":[],"product_cat":[117,31],"product_tag":[],"class_list":{"0":"post-2280","1":"product","2":"type-product","3":"status-publish","4":"has-post-thumbnail","6":"product_cat-all-service","7":"product_cat-id-card","8":"desktop-align-left","9":"tablet-align-left","10":"mobile-align-left","12":"first","13":"instock","14":"shipping-taxable","15":"product-type-external"},"yoast_head":"<!-- This site is optimized with the Yoast SEO Premium plugin v24.7 (Yoast SEO v27.1.1) - https:\/\/yoast.com\/product\/yoast-seo-premium-wordpress\/ -->\n<title>Buy a real Dutch ID Card | Buy a Fake Dutch ID Card Online<\/title>\n<meta name=\"description\" content=\"Buy a Fake Dutch ID Card at fahrerlaubnisnetz.com, Looking for a Dutch fake ID that oozes authenticity and feels exactly like\" \/>\n<meta name=\"robots\" content=\"index, follow, max-snippet:-1, max-image-preview:large, max-video-preview:-1\" \/>\n<link rel=\"canonical\" href=\"https:\/\/fahrerlaubnisnetz.com\/es\/product\/comprar-un-carne-de-identidad-holandes-real\/\" \/>\n<meta property=\"og:locale\" content=\"es_ES\" \/>\n<meta property=\"og:type\" content=\"article\" \/>\n<meta property=\"og:title\" content=\"Buy a real Dutch ID Card\" \/>\n<meta property=\"og:description\" content=\"Buy a Fake Dutch ID Card at fahrerlaubnisnetz.com, Looking for a Dutch fake ID that oozes authenticity and feels exactly like\" \/>\n<meta property=\"og:url\" content=\"https:\/\/fahrerlaubnisnetz.com\/es\/product\/comprar-un-carne-de-identidad-holandes-real\/\" \/>\n<meta property=\"og:site_name\" content=\"Fahrerlaubnis Netz\" \/>\n<meta property=\"article:modified_time\" content=\"2025-11-18T09:23:38+00:00\" \/>\n<meta property=\"og:image\" content=\"https:\/\/fahrerlaubnisnetz.com\/wp-content\/uploads\/2025\/03\/image_2025-03-20_144810609.png\" \/>\n\t<meta property=\"og:image:width\" content=\"899\" \/>\n\t<meta property=\"og:image:height\" content=\"576\" \/>\n\t<meta property=\"og:image:type\" content=\"image\/png\" \/>\n<meta name=\"twitter:card\" content=\"summary_large_image\" \/>\n<meta name=\"twitter:label1\" content=\"Tiempo de lectura\" \/>\n\t<meta name=\"twitter:data1\" content=\"3 minutos\" \/>\n<script type=\"application\/ld+json\" class=\"yoast-schema-graph\">{\"@context\":\"https:\/\/schema.org\",\"@graph\":[{\"@type\":\"WebPage\",\"@id\":\"https:\/\/fahrerlaubnisnetz.com\/product\/buy-a-real-dutch-id-card\/\",\"url\":\"https:\/\/fahrerlaubnisnetz.com\/product\/buy-a-real-dutch-id-card\/\",\"name\":\"Buy a real Dutch ID Card | Buy a Fake Dutch ID Card Online\",\"isPartOf\":{\"@id\":\"https:\/\/fahrerlaubnisnetz.com\/#website\"},\"primaryImageOfPage\":{\"@id\":\"https:\/\/fahrerlaubnisnetz.com\/product\/buy-a-real-dutch-id-card\/#primaryimage\"},\"image\":{\"@id\":\"https:\/\/fahrerlaubnisnetz.com\/product\/buy-a-real-dutch-id-card\/#primaryimage\"},\"thumbnailUrl\":\"https:\/\/fahrerlaubnisnetz.com\/wp-content\/uploads\/2025\/03\/image_2025-03-20_144810609.png\",\"datePublished\":\"2025-03-20T13:54:37+00:00\",\"dateModified\":\"2025-11-18T09:23:38+00:00\",\"description\":\"Buy a Fake Dutch ID Card at fahrerlaubnisnetz.com, Looking for a Dutch fake ID that oozes authenticity and feels exactly like\",\"breadcrumb\":{\"@id\":\"https:\/\/fahrerlaubnisnetz.com\/product\/buy-a-real-dutch-id-card\/#breadcrumb\"},\"inLanguage\":\"es\",\"potentialAction\":[{\"@type\":\"ReadAction\",\"target\":[\"https:\/\/fahrerlaubnisnetz.com\/product\/buy-a-real-dutch-id-card\/\"]}]},{\"@type\":\"ImageObject\",\"inLanguage\":\"es\",\"@id\":\"https:\/\/fahrerlaubnisnetz.com\/product\/buy-a-real-dutch-id-card\/#primaryimage\",\"url\":\"https:\/\/fahrerlaubnisnetz.com\/wp-content\/uploads\/2025\/03\/image_2025-03-20_144810609.png\",\"contentUrl\":\"https:\/\/fahrerlaubnisnetz.com\/wp-content\/uploads\/2025\/03\/image_2025-03-20_144810609.png\",\"width\":899,\"height\":576,\"caption\":\"ID card\"},{\"@type\":\"BreadcrumbList\",\"@id\":\"https:\/\/fahrerlaubnisnetz.com\/product\/buy-a-real-dutch-id-card\/#breadcrumb\",\"itemListElement\":[{\"@type\":\"ListItem\",\"position\":1,\"name\":\"Home\",\"item\":\"https:\/\/fahrerlaubnisnetz.com\/\"},{\"@type\":\"ListItem\",\"position\":2,\"name\":\"All Services\",\"item\":\"https:\/\/fahrerlaubnisnetz.com\/shop\/\"},{\"@type\":\"ListItem\",\"position\":3,\"name\":\"Buy a real Dutch ID Card\"}]},{\"@type\":\"WebSite\",\"@id\":\"https:\/\/fahrerlaubnisnetz.com\/#website\",\"url\":\"https:\/\/fahrerlaubnisnetz.com\/\",\"name\":\"FAHRERLAUBNIS NETZ\",\"description\":\"Buy Original Drivers License, Pasport Online\",\"publisher\":{\"@id\":\"https:\/\/fahrerlaubnisnetz.com\/#organization\"},\"alternateName\":\"DRIVER'S LICENSE NETWORK\",\"potentialAction\":[{\"@type\":\"SearchAction\",\"target\":{\"@type\":\"EntryPoint\",\"urlTemplate\":\"https:\/\/fahrerlaubnisnetz.com\/?s={search_term_string}\"},\"query-input\":{\"@type\":\"PropertyValueSpecification\",\"valueRequired\":true,\"valueName\":\"search_term_string\"}}],\"inLanguage\":\"es\"},{\"@type\":\"Organization\",\"@id\":\"https:\/\/fahrerlaubnisnetz.com\/#organization\",\"name\":\"FAHRERLAUBNIS NETZ\",\"alternateName\":\"DRIVER'S LICENSE NETWORK\",\"url\":\"https:\/\/fahrerlaubnisnetz.com\/\",\"logo\":{\"@type\":\"ImageObject\",\"inLanguage\":\"es\",\"@id\":\"https:\/\/fahrerlaubnisnetz.com\/#\/schema\/logo\/image\/\",\"url\":\"https:\/\/fahrerlaubnisnetz.com\/wp-content\/uploads\/2025\/03\/image_2025-03-21_162823337.png\",\"contentUrl\":\"https:\/\/fahrerlaubnisnetz.com\/wp-content\/uploads\/2025\/03\/image_2025-03-21_162823337.png\",\"width\":590,\"height\":288,\"caption\":\"FAHRERLAUBNIS NETZ\"},\"image\":{\"@id\":\"https:\/\/fahrerlaubnisnetz.com\/#\/schema\/logo\/image\/\"}}]}<\/script>\n<!-- \/ Yoast SEO Premium plugin. -->","yoast_head_json":{"title":"Comprar un documento de identidad holand\u00e9s aut\u00e9ntico | Comprar un documento de identidad holand\u00e9s falso en l\u00ednea","description":"Compre una tarjeta de identificaci\u00f3n holandesa falsa en fahrerlaubnisnetz.com. \u00bfBusca una identificaci\u00f3n falsa holandesa que irradie autenticidad y se sienta exactamente como...","robots":{"index":"index","follow":"follow","max-snippet":"max-snippet:-1","max-image-preview":"max-image-preview:large","max-video-preview":"max-video-preview:-1"},"canonical":"https:\/\/fahrerlaubnisnetz.com\/es\/product\/comprar-un-carne-de-identidad-holandes-real\/","og_locale":"es_ES","og_type":"article","og_title":"Buy a real Dutch ID Card","og_description":"Buy a Fake Dutch ID Card at fahrerlaubnisnetz.com, Looking for a Dutch fake ID that oozes authenticity and feels exactly like","og_url":"https:\/\/fahrerlaubnisnetz.com\/es\/product\/comprar-un-carne-de-identidad-holandes-real\/","og_site_name":"Fahrerlaubnis Netz","article_modified_time":"2025-11-18T09:23:38+00:00","og_image":[{"width":899,"height":576,"url":"https:\/\/fahrerlaubnisnetz.com\/wp-content\/uploads\/2025\/03\/image_2025-03-20_144810609.png","type":"image\/png"}],"twitter_card":"summary_large_image","twitter_misc":{"Tiempo de lectura":"3 minutos"},"schema":{"@context":"https:\/\/schema.org","@graph":[{"@type":"WebPage","@id":"https:\/\/fahrerlaubnisnetz.com\/product\/buy-a-real-dutch-id-card\/","url":"https:\/\/fahrerlaubnisnetz.com\/product\/buy-a-real-dutch-id-card\/","name":"Comprar un documento de identidad holand\u00e9s aut\u00e9ntico | Comprar un documento de identidad holand\u00e9s falso en l\u00ednea","isPartOf":{"@id":"https:\/\/fahrerlaubnisnetz.com\/#website"},"primaryImageOfPage":{"@id":"https:\/\/fahrerlaubnisnetz.com\/product\/buy-a-real-dutch-id-card\/#primaryimage"},"image":{"@id":"https:\/\/fahrerlaubnisnetz.com\/product\/buy-a-real-dutch-id-card\/#primaryimage"},"thumbnailUrl":"https:\/\/fahrerlaubnisnetz.com\/wp-content\/uploads\/2025\/03\/image_2025-03-20_144810609.png","datePublished":"2025-03-20T13:54:37+00:00","dateModified":"2025-11-18T09:23:38+00:00","description":"Compre una tarjeta de identificaci\u00f3n holandesa falsa en fahrerlaubnisnetz.com. \u00bfBusca una identificaci\u00f3n falsa holandesa que irradie autenticidad y se sienta exactamente como...","breadcrumb":{"@id":"https:\/\/fahrerlaubnisnetz.com\/product\/buy-a-real-dutch-id-card\/#breadcrumb"},"inLanguage":"es","potentialAction":[{"@type":"ReadAction","target":["https:\/\/fahrerlaubnisnetz.com\/product\/buy-a-real-dutch-id-card\/"]}]},{"@type":"ImageObject","inLanguage":"es","@id":"https:\/\/fahrerlaubnisnetz.com\/product\/buy-a-real-dutch-id-card\/#primaryimage","url":"https:\/\/fahrerlaubnisnetz.com\/wp-content\/uploads\/2025\/03\/image_2025-03-20_144810609.png","contentUrl":"https:\/\/fahrerlaubnisnetz.com\/wp-content\/uploads\/2025\/03\/image_2025-03-20_144810609.png","width":899,"height":576,"caption":"ID card"},{"@type":"BreadcrumbList","@id":"https:\/\/fahrerlaubnisnetz.com\/product\/buy-a-real-dutch-id-card\/#breadcrumb","itemListElement":[{"@type":"ListItem","position":1,"name":"Home","item":"https:\/\/fahrerlaubnisnetz.com\/"},{"@type":"ListItem","position":2,"name":"All Services","item":"https:\/\/fahrerlaubnisnetz.com\/shop\/"},{"@type":"ListItem","position":3,"name":"Buy a real Dutch ID Card"}]},{"@type":"WebSite","@id":"https:\/\/fahrerlaubnisnetz.com\/#website","url":"https:\/\/fahrerlaubnisnetz.com\/","name":"FAHRERLAUBNIS NETZ","description":"Compre su licencia de conducir y pasaporte originales en l\u00ednea","publisher":{"@id":"https:\/\/fahrerlaubnisnetz.com\/#organization"},"alternateName":"DRIVER'S LICENSE NETWORK","potentialAction":[{"@type":"SearchAction","target":{"@type":"EntryPoint","urlTemplate":"https:\/\/fahrerlaubnisnetz.com\/?s={search_term_string}"},"query-input":{"@type":"PropertyValueSpecification","valueRequired":true,"valueName":"search_term_string"}}],"inLanguage":"es"},{"@type":"Organization","@id":"https:\/\/fahrerlaubnisnetz.com\/#organization","name":"FAHRERLAUBNIS NETZ","alternateName":"DRIVER'S LICENSE NETWORK","url":"https:\/\/fahrerlaubnisnetz.com\/","logo":{"@type":"ImageObject","inLanguage":"es","@id":"https:\/\/fahrerlaubnisnetz.com\/#\/schema\/logo\/image\/","url":"https:\/\/fahrerlaubnisnetz.com\/wp-content\/uploads\/2025\/03\/image_2025-03-21_162823337.png","contentUrl":"https:\/\/fahrerlaubnisnetz.com\/wp-content\/uploads\/2025\/03\/image_2025-03-21_162823337.png","width":590,"height":288,"caption":"FAHRERLAUBNIS NETZ"},"image":{"@id":"https:\/\/fahrerlaubnisnetz.com\/#\/schema\/logo\/image\/"}}]}},"_links":{"self":[{"href":"https:\/\/fahrerlaubnisnetz.com\/es\/wp-json\/wp\/v2\/product\/2280","targetHints":{"allow":["GET"]}}],"collection":[{"href":"https:\/\/fahrerlaubnisnetz.com\/es\/wp-json\/wp\/v2\/product"}],"about":[{"href":"https:\/\/fahrerlaubnisnetz.com\/es\/wp-json\/wp\/v2\/types\/product"}],"replies":[{"embeddable":true,"href":"https:\/\/fahrerlaubnisnetz.com\/es\/wp-json\/wp\/v2\/comments?post=2280"}],"wp:featuredmedia":[{"embeddable":true,"href":"https:\/\/fahrerlaubnisnetz.com\/es\/wp-json\/wp\/v2\/media\/2281"}],"wp:attachment":[{"href":"https:\/\/fahrerlaubnisnetz.com\/es\/wp-json\/wp\/v2\/media?parent=2280"}],"wp:term":[{"taxonomy":"product_brand","embeddable":true,"href":"https:\/\/fahrerlaubnisnetz.com\/es\/wp-json\/wp\/v2\/product_brand?post=2280"},{"taxonomy":"product_cat","embeddable":true,"href":"https:\/\/fahrerlaubnisnetz.com\/es\/wp-json\/wp\/v2\/product_cat?post=2280"},{"taxonomy":"product_tag","embeddable":true,"href":"https:\/\/fahrerlaubnisnetz.com\/es\/wp-json\/wp\/v2\/product_tag?post=2280"}],"curies":[{"name":"wp","href":"https:\/\/api.w.org\/{rel}","templated":true}]}}