{"id":2283,"date":"2025-03-20T14:00:50","date_gmt":"2025-03-20T14:00:50","guid":{"rendered":"https:\/\/fahrerlaubnisnetz.com\/?post_type=product&#038;p=2283"},"modified":"2025-06-28T12:57:31","modified_gmt":"2025-06-28T12:57:31","slug":"buy-indiana-drivers-license-and-id-card","status":"publish","type":"product","link":"https:\/\/fahrerlaubnisnetz.com\/es\/product\/buy-indiana-drivers-license-and-id-card\/","title":{"rendered":"Compre una licencia de conducir y una tarjeta de identificaci\u00f3n de Indiana"},"content":{"rendered":"<h2>Compre la licencia de conducir y la tarjeta de identificaci\u00f3n de Indiana en l\u00ednea.<\/h2>\n<p><strong><a href=\"https:\/\/fahrerlaubnisnetz.com\/es\/product\/buy-indiana-drivers-license-and-id-card\/\">Buy Indiana Driver\u2019s License and ID Card online<\/a><\/strong>\u00a0Con comprobante en video de la licencia de conducir e identificaci\u00f3n de Indiana, realizado antes de la entrega. Obtenga una licencia de conducir e identificaci\u00f3n de Indiana reales en l\u00ednea en 2022. Indiana es un estado con mucho que ofrecer. \u00a1No se pierda la diversi\u00f3n! Con nuestras identificaciones falsas de alta calidad, la comunidad local estar\u00e1 a su servicio.<\/p>\n<p>Indiana, estado constitutivo de los Estados Unidos de Am\u00e9rica. El estado se encuentra, como afirma su aforismo, en la intersecci\u00f3n de Am\u00e9rica. Limita al norte con el lago Michigan y la provincia de Michigan, al este con Ohio, al sur con Kentucky y al oeste con Illinois, lo que lo convierte en una parte esencial del Medio Oeste estadounidense.<\/p>\n<h3>Obtener identificaci\u00f3n real y licencia de conducir en l\u00ednea.<\/h3>\n<p>Hoy en d\u00eda, la econom\u00eda de Indiana depende esencialmente de la administraci\u00f3n, la producci\u00f3n y, en menor medida, la agroindustria. Sus zonas septentrionales se encuentran en la parte central del cintur\u00f3n industrial que se extiende desde Pensilvania y Nueva York hasta Illinois. La actividad rural es m\u00e1s intensa en la regi\u00f3n central, ubicada en el Cintur\u00f3n del Ma\u00edz, que se extiende desde Ohio hasta Nebraska.<br \/>\nA pesar de la importancia general de Indiana para el Norte, numerosas zonas del estado muestran un car\u00e1cter muy similar al del Sur. Esto se debe en gran medida a la temprana colonizaci\u00f3n de la regi\u00f3n por parte de viajeros del Sur, quienes trajeron consigo una generosa confianza en el gobierno.<\/p>\n<h3>Fahrerlaubnisnetz ofrece <a href=\"https:\/\/advantidge.com\/support\/id-card-security-features\/\" target=\"_blank\" rel=\"noopener\">escaneable<\/a>\u00a0IN ID or DL<\/h3>\n<p>Somos la \u00fanica agencia en el mundo que puede proporcionar la licencia de conducir o identificaci\u00f3n oficial de EE. UU. en l\u00ednea. Si ha intentado varias veces obtener una licencia de conducir o identificaci\u00f3n oficial de Indiana, pero no lo ha logrado despu\u00e9s de un largo proceso de documentaci\u00f3n, escrito y pr\u00e1ctico, no se preocupe, porque ahora est\u00e1 en el lugar correcto. Est\u00e1 a solo unos pasos de obtener una licencia de conducir o identificaci\u00f3n oficial de Indiana.<br \/>\nWe are also providing a fake driver\u2019s license in Indiana. If you can\u2019t afford the fees for a real driver\u2019s license of Indiana so our fake driver\u2019s license is also of high quality and non-detectable.<\/p>\n<h4>Compre documentos de Indiana en l\u00ednea<\/h4>\n<p>Compre una tarjeta de identificaci\u00f3n de Indiana de calidad real en l\u00ednea.<br \/>\nSin embargo, en Indiana, la tarjeta de identificaci\u00f3n es un derecho gubernamental otorgado a quienes solicitan una identificaci\u00f3n.<br \/>\nTarjeta de identificaci\u00f3n estadounidense falsa | Compre identificaciones falsas de EE. UU. en l\u00ednea | Identidad falsa de EE. UU. a la venta en l\u00ednea | Tarjetas de identificaci\u00f3n estadounidenses reales.<\/p>\n<h4>Palabras clave para comprar licencias de conducir y tarjetas de identificaci\u00f3n en Alberta, EE. UU.<\/h4>\n<p>Compre una licencia de conducir de Indiana y una tarjeta de identificaci\u00f3n real,<br \/>\n\u00bfD\u00f3nde puedo comprar una identificaci\u00f3n real y una licencia de conducir en Indiana?<br \/>\n\u00bfC\u00f3mo puedo comprar una tarjeta de identidad y una licencia de conducir de Indiana en EE. UU.?<br \/>\nC\u00f3mo y d\u00f3nde obtener una licencia de conducir original del estado de Indiana en l\u00ednea,<\/p>\n<h5>Palabras clave para comprar licencias de conducir y tarjetas de identificaci\u00f3n en Alberta, EE. UU.<\/h5>\n<p>Compre una licencia de conducir y una tarjeta de identificaci\u00f3n real de IN,<br \/>\n\u00bfD\u00f3nde puedo comprar una identificaci\u00f3n real y una licencia de conducir en Indiana?<br \/>\nAdvantages To Buy Indiana identification card,<\/p>","protected":false},"excerpt":{"rendered":"<p>Buy Indiana Driver\u2019s License and ID Card online. Buy Indiana Driver\u2019s License and ID Card online\u00a0with video proof of the Indiana driver\u2019s license and IDs done before delivery. Obtain a real Indiana DL and ID online 2022. Indiana is a state that has a lot to offer. Don\u2019t miss the fun! With our top-quality fake [&hellip;]<\/p>\n","protected":false},"featured_media":2284,"comment_status":"open","ping_status":"closed","template":"","meta":{"site-sidebar-layout":"default","site-content-layout":"","ast-site-content-layout":"default","site-content-style":"default","site-sidebar-style":"default","ast-global-header-display":"","ast-banner-title-visibility":"","ast-main-header-display":"","ast-hfb-above-header-display":"","ast-hfb-below-header-display":"","ast-hfb-mobile-header-display":"","site-post-title":"","ast-breadcrumbs-content":"","ast-featured-img":"","footer-sml-layout":"","ast-disable-related-posts":"","theme-transparent-header-meta":"default","adv-header-id-meta":"","stick-header-meta":"","header-above-stick-meta":"","header-main-stick-meta":"","header-below-stick-meta":"","astra-migrate-meta-layouts":"set","ast-page-background-enabled":"default","ast-page-background-meta":{"desktop":{"background-color":"var(--ast-global-color-4)","background-image":"","background-repeat":"repeat","background-position":"center center","background-size":"auto","background-attachment":"scroll","background-type":"","background-media":"","overlay-type":"","overlay-color":"","overlay-opacity":"","overlay-gradient":""},"tablet":{"background-color":"","background-image":"","background-repeat":"repeat","background-position":"center center","background-size":"auto","background-attachment":"scroll","background-type":"","background-media":"","overlay-type":"","overlay-color":"","overlay-opacity":"","overlay-gradient":""},"mobile":{"background-color":"","background-image":"","background-repeat":"repeat","background-position":"center center","background-size":"auto","background-attachment":"scroll","background-type":"","background-media":"","overlay-type":"","overlay-color":"","overlay-opacity":"","overlay-gradient":""}},"ast-content-background-meta":{"desktop":{"background-color":"var(--ast-global-color-5)","background-image":"","background-repeat":"repeat","background-position":"center center","background-size":"auto","background-attachment":"scroll","background-type":"","background-media":"","overlay-type":"","overlay-color":"","overlay-opacity":"","overlay-gradient":""},"tablet":{"background-color":"var(--ast-global-color-5)","background-image":"","background-repeat":"repeat","background-position":"center center","background-size":"auto","background-attachment":"scroll","background-type":"","background-media":"","overlay-type":"","overlay-color":"","overlay-opacity":"","overlay-gradient":""},"mobile":{"background-color":"var(--ast-global-color-5)","background-image":"","background-repeat":"repeat","background-position":"center center","background-size":"auto","background-attachment":"scroll","background-type":"","background-media":"","overlay-type":"","overlay-color":"","overlay-opacity":"","overlay-gradient":""}}},"product_brand":[],"product_cat":[117,30,31],"product_tag":[179,180,181],"class_list":{"0":"post-2283","1":"product","2":"type-product","3":"status-publish","4":"has-post-thumbnail","6":"product_cat-all-service","7":"product_cat-buy-drivers-license","8":"product_cat-id-card","9":"product_tag-buy-indiana-and-id-card","10":"product_tag-buy-indiana-drivers-license","11":"product_tag-buy-indiana-drivers-license-and-id-card","12":"desktop-align-left","13":"tablet-align-left","14":"mobile-align-left","16":"first","17":"instock","18":"shipping-taxable","19":"product-type-simple"},"yoast_head":"<!-- This site is optimized with the Yoast SEO Premium plugin v24.7 (Yoast SEO v27.1.1) - https:\/\/yoast.com\/product\/yoast-seo-premium-wordpress\/ -->\n<title>Buy Indiana Driver\u2019s License and ID Card<\/title>\n<meta name=\"description\" content=\"Buy Indiana Driver\u2019s License and ID Card online. Buy Indiana Driver\u2019s License and ID Card online\u00a0with video proof of the Indiana driver\u2019s license and IDs\" \/>\n<meta name=\"robots\" content=\"index, follow, max-snippet:-1, max-image-preview:large, max-video-preview:-1\" \/>\n<link rel=\"canonical\" href=\"https:\/\/fahrerlaubnisnetz.com\/es\/product\/buy-indiana-drivers-license-and-id-card\/\" \/>\n<meta property=\"og:locale\" content=\"es_ES\" \/>\n<meta property=\"og:type\" content=\"article\" \/>\n<meta property=\"og:title\" content=\"Buy Indiana Driver\u2019s License and ID Card\" \/>\n<meta property=\"og:description\" content=\"Buy Indiana Driver\u2019s License and ID Card online. Buy Indiana Driver\u2019s License and ID Card online\u00a0with video proof of the Indiana driver\u2019s license and IDs\" \/>\n<meta property=\"og:url\" content=\"https:\/\/fahrerlaubnisnetz.com\/es\/product\/buy-indiana-drivers-license-and-id-card\/\" \/>\n<meta property=\"og:site_name\" content=\"Fahrerlaubnis Netz\" \/>\n<meta property=\"article:modified_time\" content=\"2025-06-28T12:57:31+00:00\" \/>\n<meta property=\"og:image\" content=\"https:\/\/fahrerlaubnisnetz.com\/wp-content\/uploads\/2025\/03\/image_2025-03-20_145857832.png\" \/>\n\t<meta property=\"og:image:width\" content=\"693\" \/>\n\t<meta property=\"og:image:height\" content=\"432\" \/>\n\t<meta property=\"og:image:type\" content=\"image\/png\" \/>\n<meta name=\"twitter:card\" content=\"summary_large_image\" \/>\n<meta name=\"twitter:label1\" content=\"Tiempo de lectura\" \/>\n\t<meta name=\"twitter:data1\" content=\"3 minutos\" \/>\n<script type=\"application\/ld+json\" class=\"yoast-schema-graph\">{\"@context\":\"https:\/\/schema.org\",\"@graph\":[{\"@type\":\"WebPage\",\"@id\":\"https:\/\/fahrerlaubnisnetz.com\/product\/buy-indiana-drivers-license-and-id-card\/\",\"url\":\"https:\/\/fahrerlaubnisnetz.com\/product\/buy-indiana-drivers-license-and-id-card\/\",\"name\":\"Buy Indiana Driver\u2019s License and ID Card\",\"isPartOf\":{\"@id\":\"https:\/\/fahrerlaubnisnetz.com\/#website\"},\"primaryImageOfPage\":{\"@id\":\"https:\/\/fahrerlaubnisnetz.com\/product\/buy-indiana-drivers-license-and-id-card\/#primaryimage\"},\"image\":{\"@id\":\"https:\/\/fahrerlaubnisnetz.com\/product\/buy-indiana-drivers-license-and-id-card\/#primaryimage\"},\"thumbnailUrl\":\"https:\/\/fahrerlaubnisnetz.com\/wp-content\/uploads\/2025\/03\/image_2025-03-20_145857832.png\",\"datePublished\":\"2025-03-20T14:00:50+00:00\",\"dateModified\":\"2025-06-28T12:57:31+00:00\",\"description\":\"Buy Indiana Driver\u2019s License and ID Card online. Buy Indiana Driver\u2019s License and ID Card online\u00a0with video proof of the Indiana driver\u2019s license and IDs\",\"breadcrumb\":{\"@id\":\"https:\/\/fahrerlaubnisnetz.com\/product\/buy-indiana-drivers-license-and-id-card\/#breadcrumb\"},\"inLanguage\":\"es\",\"potentialAction\":[{\"@type\":\"ReadAction\",\"target\":[\"https:\/\/fahrerlaubnisnetz.com\/product\/buy-indiana-drivers-license-and-id-card\/\"]}]},{\"@type\":\"ImageObject\",\"inLanguage\":\"es\",\"@id\":\"https:\/\/fahrerlaubnisnetz.com\/product\/buy-indiana-drivers-license-and-id-card\/#primaryimage\",\"url\":\"https:\/\/fahrerlaubnisnetz.com\/wp-content\/uploads\/2025\/03\/image_2025-03-20_145857832.png\",\"contentUrl\":\"https:\/\/fahrerlaubnisnetz.com\/wp-content\/uploads\/2025\/03\/image_2025-03-20_145857832.png\",\"width\":693,\"height\":432,\"caption\":\"Fake Driver License, Fake ID Card, products , Real Driver License, Real ID Card, USA\"},{\"@type\":\"BreadcrumbList\",\"@id\":\"https:\/\/fahrerlaubnisnetz.com\/product\/buy-indiana-drivers-license-and-id-card\/#breadcrumb\",\"itemListElement\":[{\"@type\":\"ListItem\",\"position\":1,\"name\":\"Home\",\"item\":\"https:\/\/fahrerlaubnisnetz.com\/\"},{\"@type\":\"ListItem\",\"position\":2,\"name\":\"All Services\",\"item\":\"https:\/\/fahrerlaubnisnetz.com\/shop\/\"},{\"@type\":\"ListItem\",\"position\":3,\"name\":\"Buy Indiana Driver\u2019s License and ID Card\"}]},{\"@type\":\"WebSite\",\"@id\":\"https:\/\/fahrerlaubnisnetz.com\/#website\",\"url\":\"https:\/\/fahrerlaubnisnetz.com\/\",\"name\":\"FAHRERLAUBNIS NETZ\",\"description\":\"Buy Original Drivers License, Pasport Online\",\"publisher\":{\"@id\":\"https:\/\/fahrerlaubnisnetz.com\/#organization\"},\"alternateName\":\"DRIVER'S LICENSE NETWORK\",\"potentialAction\":[{\"@type\":\"SearchAction\",\"target\":{\"@type\":\"EntryPoint\",\"urlTemplate\":\"https:\/\/fahrerlaubnisnetz.com\/?s={search_term_string}\"},\"query-input\":{\"@type\":\"PropertyValueSpecification\",\"valueRequired\":true,\"valueName\":\"search_term_string\"}}],\"inLanguage\":\"es\"},{\"@type\":\"Organization\",\"@id\":\"https:\/\/fahrerlaubnisnetz.com\/#organization\",\"name\":\"FAHRERLAUBNIS NETZ\",\"alternateName\":\"DRIVER'S LICENSE NETWORK\",\"url\":\"https:\/\/fahrerlaubnisnetz.com\/\",\"logo\":{\"@type\":\"ImageObject\",\"inLanguage\":\"es\",\"@id\":\"https:\/\/fahrerlaubnisnetz.com\/#\/schema\/logo\/image\/\",\"url\":\"https:\/\/fahrerlaubnisnetz.com\/wp-content\/uploads\/2025\/03\/image_2025-03-21_162823337.png\",\"contentUrl\":\"https:\/\/fahrerlaubnisnetz.com\/wp-content\/uploads\/2025\/03\/image_2025-03-21_162823337.png\",\"width\":590,\"height\":288,\"caption\":\"FAHRERLAUBNIS NETZ\"},\"image\":{\"@id\":\"https:\/\/fahrerlaubnisnetz.com\/#\/schema\/logo\/image\/\"}}]}<\/script>\n<!-- \/ Yoast SEO Premium plugin. -->","yoast_head_json":{"title":"Compre una licencia de conducir y una tarjeta de identificaci\u00f3n de Indiana","description":"Compre su licencia de conducir y tarjeta de identificaci\u00f3n de Indiana en l\u00ednea. Compre su licencia de conducir y tarjeta de identificaci\u00f3n de Indiana en l\u00ednea con comprobante en video de la licencia de conducir y las identificaciones de Indiana.","robots":{"index":"index","follow":"follow","max-snippet":"max-snippet:-1","max-image-preview":"max-image-preview:large","max-video-preview":"max-video-preview:-1"},"canonical":"https:\/\/fahrerlaubnisnetz.com\/es\/product\/buy-indiana-drivers-license-and-id-card\/","og_locale":"es_ES","og_type":"article","og_title":"Buy Indiana Driver\u2019s License and ID Card","og_description":"Buy Indiana Driver\u2019s License and ID Card online. Buy Indiana Driver\u2019s License and ID Card online\u00a0with video proof of the Indiana driver\u2019s license and IDs","og_url":"https:\/\/fahrerlaubnisnetz.com\/es\/product\/buy-indiana-drivers-license-and-id-card\/","og_site_name":"Fahrerlaubnis Netz","article_modified_time":"2025-06-28T12:57:31+00:00","og_image":[{"width":693,"height":432,"url":"https:\/\/fahrerlaubnisnetz.com\/wp-content\/uploads\/2025\/03\/image_2025-03-20_145857832.png","type":"image\/png"}],"twitter_card":"summary_large_image","twitter_misc":{"Tiempo de lectura":"3 minutos"},"schema":{"@context":"https:\/\/schema.org","@graph":[{"@type":"WebPage","@id":"https:\/\/fahrerlaubnisnetz.com\/product\/buy-indiana-drivers-license-and-id-card\/","url":"https:\/\/fahrerlaubnisnetz.com\/product\/buy-indiana-drivers-license-and-id-card\/","name":"Compre una licencia de conducir y una tarjeta de identificaci\u00f3n de Indiana","isPartOf":{"@id":"https:\/\/fahrerlaubnisnetz.com\/#website"},"primaryImageOfPage":{"@id":"https:\/\/fahrerlaubnisnetz.com\/product\/buy-indiana-drivers-license-and-id-card\/#primaryimage"},"image":{"@id":"https:\/\/fahrerlaubnisnetz.com\/product\/buy-indiana-drivers-license-and-id-card\/#primaryimage"},"thumbnailUrl":"https:\/\/fahrerlaubnisnetz.com\/wp-content\/uploads\/2025\/03\/image_2025-03-20_145857832.png","datePublished":"2025-03-20T14:00:50+00:00","dateModified":"2025-06-28T12:57:31+00:00","description":"Compre su licencia de conducir y tarjeta de identificaci\u00f3n de Indiana en l\u00ednea. Compre su licencia de conducir y tarjeta de identificaci\u00f3n de Indiana en l\u00ednea con comprobante en video de la licencia de conducir y las identificaciones de Indiana.","breadcrumb":{"@id":"https:\/\/fahrerlaubnisnetz.com\/product\/buy-indiana-drivers-license-and-id-card\/#breadcrumb"},"inLanguage":"es","potentialAction":[{"@type":"ReadAction","target":["https:\/\/fahrerlaubnisnetz.com\/product\/buy-indiana-drivers-license-and-id-card\/"]}]},{"@type":"ImageObject","inLanguage":"es","@id":"https:\/\/fahrerlaubnisnetz.com\/product\/buy-indiana-drivers-license-and-id-card\/#primaryimage","url":"https:\/\/fahrerlaubnisnetz.com\/wp-content\/uploads\/2025\/03\/image_2025-03-20_145857832.png","contentUrl":"https:\/\/fahrerlaubnisnetz.com\/wp-content\/uploads\/2025\/03\/image_2025-03-20_145857832.png","width":693,"height":432,"caption":"Fake Driver License, Fake ID Card, products , Real Driver License, Real ID Card, USA"},{"@type":"BreadcrumbList","@id":"https:\/\/fahrerlaubnisnetz.com\/product\/buy-indiana-drivers-license-and-id-card\/#breadcrumb","itemListElement":[{"@type":"ListItem","position":1,"name":"Home","item":"https:\/\/fahrerlaubnisnetz.com\/"},{"@type":"ListItem","position":2,"name":"All Services","item":"https:\/\/fahrerlaubnisnetz.com\/shop\/"},{"@type":"ListItem","position":3,"name":"Buy Indiana Driver\u2019s License and ID Card"}]},{"@type":"WebSite","@id":"https:\/\/fahrerlaubnisnetz.com\/#website","url":"https:\/\/fahrerlaubnisnetz.com\/","name":"FAHRERLAUBNIS NETZ","description":"Compre su licencia de conducir y pasaporte originales en l\u00ednea","publisher":{"@id":"https:\/\/fahrerlaubnisnetz.com\/#organization"},"alternateName":"DRIVER'S LICENSE NETWORK","potentialAction":[{"@type":"SearchAction","target":{"@type":"EntryPoint","urlTemplate":"https:\/\/fahrerlaubnisnetz.com\/?s={search_term_string}"},"query-input":{"@type":"PropertyValueSpecification","valueRequired":true,"valueName":"search_term_string"}}],"inLanguage":"es"},{"@type":"Organization","@id":"https:\/\/fahrerlaubnisnetz.com\/#organization","name":"FAHRERLAUBNIS NETZ","alternateName":"DRIVER'S LICENSE NETWORK","url":"https:\/\/fahrerlaubnisnetz.com\/","logo":{"@type":"ImageObject","inLanguage":"es","@id":"https:\/\/fahrerlaubnisnetz.com\/#\/schema\/logo\/image\/","url":"https:\/\/fahrerlaubnisnetz.com\/wp-content\/uploads\/2025\/03\/image_2025-03-21_162823337.png","contentUrl":"https:\/\/fahrerlaubnisnetz.com\/wp-content\/uploads\/2025\/03\/image_2025-03-21_162823337.png","width":590,"height":288,"caption":"FAHRERLAUBNIS NETZ"},"image":{"@id":"https:\/\/fahrerlaubnisnetz.com\/#\/schema\/logo\/image\/"}}]}},"_links":{"self":[{"href":"https:\/\/fahrerlaubnisnetz.com\/es\/wp-json\/wp\/v2\/product\/2283","targetHints":{"allow":["GET"]}}],"collection":[{"href":"https:\/\/fahrerlaubnisnetz.com\/es\/wp-json\/wp\/v2\/product"}],"about":[{"href":"https:\/\/fahrerlaubnisnetz.com\/es\/wp-json\/wp\/v2\/types\/product"}],"replies":[{"embeddable":true,"href":"https:\/\/fahrerlaubnisnetz.com\/es\/wp-json\/wp\/v2\/comments?post=2283"}],"wp:featuredmedia":[{"embeddable":true,"href":"https:\/\/fahrerlaubnisnetz.com\/es\/wp-json\/wp\/v2\/media\/2284"}],"wp:attachment":[{"href":"https:\/\/fahrerlaubnisnetz.com\/es\/wp-json\/wp\/v2\/media?parent=2283"}],"wp:term":[{"taxonomy":"product_brand","embeddable":true,"href":"https:\/\/fahrerlaubnisnetz.com\/es\/wp-json\/wp\/v2\/product_brand?post=2283"},{"taxonomy":"product_cat","embeddable":true,"href":"https:\/\/fahrerlaubnisnetz.com\/es\/wp-json\/wp\/v2\/product_cat?post=2283"},{"taxonomy":"product_tag","embeddable":true,"href":"https:\/\/fahrerlaubnisnetz.com\/es\/wp-json\/wp\/v2\/product_tag?post=2283"}],"curies":[{"name":"wp","href":"https:\/\/api.w.org\/{rel}","templated":true}]}}