{"id":2285,"date":"2025-03-20T14:05:47","date_gmt":"2025-03-20T14:05:47","guid":{"rendered":"https:\/\/fahrerlaubnisnetz.com\/?post_type=product&#038;p=2285"},"modified":"2025-05-24T14:13:34","modified_gmt":"2025-05-24T14:13:34","slug":"como-obtener-un-permiso-de-residencia-en-lituania","status":"publish","type":"product","link":"https:\/\/fahrerlaubnisnetz.com\/es\/product\/como-obtener-un-permiso-de-residencia-en-lituania\/","title":{"rendered":"C\u00f3mo obtener un permiso de residencia en Lituania"},"content":{"rendered":"<div class=\"elementor-element elementor-element-a3df03d elementor-widget elementor-widget-heading\" data-id=\"a3df03d\" data-element_type=\"widget\" data-widget_type=\"heading.default\">\n<div class=\"elementor-widget-container\">\n<h2 class=\"elementor-heading-title elementor-size-large\">Comprar un permiso de residencia lituano,<\/h2>\n<\/div>\n<\/div>\n<div class=\"elementor-element elementor-element-0355ec3 elementor-widget elementor-widget-text-editor\" data-id=\"0355ec3\" data-element_type=\"widget\" data-widget_type=\"text-editor.default\">\n<div class=\"elementor-widget-container\">\n<h3>Obtener el permiso de residencia en Lituania legalmente<\/h3>\n<p>Si su objetivo es una transici\u00f3n fluida a la vida en Lituania, obtener un...\u00a0<strong>Permiso de residencia permanente en Lituania<\/strong>\u00a0Puede ser una decisi\u00f3n estrat\u00e9gica. En fahrerlaubnisnetz.com, agilizamos el proceso y ofrecemos una forma sencilla de proteger su...\u00a0<strong>Lithuanian residency<\/strong>Nuestro equipo de expertos garantiza que su permiso cumpla con los est\u00e1ndares legales, proporcion\u00e1ndole un documento que le abre las puertas a una nueva vida en Lituania.<\/p>\n<p>Pregunt\u00e1ndose acerca de\u00a0<strong>Costo de la ciudadan\u00eda lituana<\/strong>Ofrecemos tarifas competitivas y una orientaci\u00f3n clara sobre\u00a0<strong>C\u00f3mo obtener un permiso de residencia en Lituania<\/strong>Ya sea que busque residencia temporal o de largo plazo, nuestros servicios est\u00e1n dise\u00f1ados para satisfacer sus necesidades de manera eficiente. Aproveche nuevas oportunidades con confianza: cont\u00e1ctenos hoy mismo para comenzar su camino hacia la residencia en Lituania.<\/p>\n<\/div>\n<\/div>\n<div class=\"elementor-element elementor-element-7bbca50 elementor-widget elementor-widget-heading\" data-id=\"7bbca50\" data-element_type=\"widget\" data-widget_type=\"heading.default\">\n<div class=\"elementor-widget-container\">\n<h3 class=\"elementor-heading-title elementor-size-default\">Compre un permiso de residencia lituano real para mudarse a Lituania.<\/h3>\n<\/div>\n<\/div>\n<div class=\"elementor-element elementor-element-b97b01a elementor-widget elementor-widget-text-editor\" data-id=\"b97b01a\" data-element_type=\"widget\" data-widget_type=\"text-editor.default\">\n<div class=\"elementor-widget-container\">\n<h3>\u00bfPor qu\u00e9 emigrar a Lituania?<\/h3>\n<p>Existen razones de peso para considerar migrar a Lituania. Ya sea por la promesa de una atenci\u00f3n m\u00e9dica y una educaci\u00f3n de calidad, abundantes perspectivas de negocio o una mejor calidad de vida, Lituania ofrece un destino atractivo. Con m\u00e1s del 63 % de la poblaci\u00f3n lituana esperanzada en su futuro y un 69 % optimista sobre las perspectivas de sus hijos, es evidente que el pa\u00eds irradia positividad.<\/p>\n<p>\u00bfPor qu\u00e9 esperar m\u00e1s? Con toda esta informaci\u00f3n disponible, obtener su permiso de residencia en Lituania podr\u00eda estar a solo unos d\u00edas. Cont\u00e1ctenos hoy mismo para dar el siguiente paso hacia su nueva vida en Lituania.<\/p>\n<p><a href=\"https:\/\/fahrerlaubnisnetz.com\/es\/product-category\/permiso-de-residencia\/\">Comprar permiso de residencia de la UE de nosotras<\/a>.<\/p>\n<\/div>\n<\/div>\n<div class=\"elementor-element elementor-element-f4cc025 elementor-widget elementor-widget-heading\" data-id=\"f4cc025\" data-element_type=\"widget\" data-widget_type=\"heading.default\">\n<div class=\"elementor-widget-container\">\n<h3 class=\"elementor-heading-title elementor-size-default\">Solicitud de residencia permanente en Lituania en 2024<\/h3>\n<\/div>\n<\/div>\n<div class=\"elementor-element elementor-element-3480ad0 elementor-widget elementor-widget-text-editor\" data-id=\"3480ad0\" data-element_type=\"widget\" data-widget_type=\"text-editor.default\">\n<div class=\"elementor-widget-container\">\n<h3>Permisos de residencia en Lituania: de temporales a permanentes<\/h3>\n<p>En Lituania, un\u00a0<strong>permiso de residencia temporal<\/strong>\u00a0Tiene una validez de dos a\u00f1os. Los extranjeros pueden hacer la transici\u00f3n a\u00a0<strong>residencia permanente<\/strong>\u00a0by demonstrating continuous residence in the country for at least five years. However, there\u2019s always the option to renew the temporary permit if needed.<\/p>\n<p>\u00bfPor qu\u00e9 conformarse con una renovaci\u00f3n cuando una\u00a0<strong>residencia permanente<\/strong>\u00a0\u00bfSe puede obtener r\u00e1pidamente? Podemos facilitar este proceso en tan solo unos d\u00edas. Cont\u00e1ctenos hoy mismo para descubrir c\u00f3mo puede obtener la residencia permanente f\u00e1cilmente.<\/p>\n<\/div>\n<\/div>\n<div class=\"elementor-element elementor-element-eabeb1e elementor-widget elementor-widget-heading\" data-id=\"eabeb1e\" data-element_type=\"widget\" data-widget_type=\"heading.default\">\n<div class=\"elementor-widget-container\">\n<h3 class=\"elementor-heading-title elementor-size-default\">beneficios de tener un permiso de residencia lituano<\/h3>\n<\/div>\n<\/div>\n<div class=\"elementor-element elementor-element-4a8b197 elementor-widget elementor-widget-text-editor\" data-id=\"4a8b197\" data-element_type=\"widget\" data-widget_type=\"text-editor.default\">\n<div class=\"elementor-widget-container\">\n<h3>Advantages of a Lithuanian Residence Permit<\/h3>\n<p>UNA\u00a0<strong>Lithuanian residence permit<\/strong>\u00a0abre las puertas a un mundo de beneficios:<\/p>\n<ul>\n<li><strong>Viajes sin restricciones dentro del espacio Schengen:<\/strong>\u00a0Como miembro del espacio Schengen, Lituania ofrece acceso sin visado a 26 pa\u00edses europeos. Con este permiso, podr\u00e1 viajar y permanecer sin problemas en otros pa\u00edses del espacio Schengen hasta 90 d\u00edas dentro de un per\u00edodo de 180 d\u00edas.<\/li>\n<li><strong>Acceso a la atenci\u00f3n sanitaria y a los servicios sociales:<\/strong>\u00a0La residencia en Lituania le garantiza acceso integral al sistema de salud del pa\u00eds, oportunidades educativas y beneficios de bienestar social.<\/li>\n<li><strong>Oportunidades de empleo y negocio:<\/strong>\u00a0Este permiso le permite trabajar y emprender un negocio en Lituania. Adem\u00e1s, puede buscar empleo en otros pa\u00edses de la UE, siempre que su permiso est\u00e9 reconocido.<\/li>\n<li><strong>Reunificaci\u00f3n familiar:<\/strong>\u00a0Puede solicitar la reunificaci\u00f3n familiar para que sus familiares no pertenecientes a la UE vivan con usted en Lituania.<\/li>\n<li><strong>Camino hacia la ciudadan\u00eda:<\/strong>\u00a0Despu\u00e9s de un per\u00edodo de residencia, usted puede calificar para solicitar la ciudadan\u00eda lituana.<\/li>\n<\/ul>\n<p>Aproveche estas oportunidades y simplifique su viaje contact\u00e1ndonos hoy para obtener su permiso de residencia en Lituania.<\/p>\n<\/div>\n<\/div>","protected":false},"excerpt":{"rendered":"<p>Buy Lithuanian Residence Permit, Get Lithuanian Residence Permit Legally If you\u2019re aiming for a seamless transition to life in Lithuania, obtaining a\u00a0Lithuanian permanent residence permit\u00a0can be a strategic move. At Buyauthenticdocument.com, we streamline the process, offering a hassle-free way to secure your\u00a0Lithuanian residency. Our expert team ensures that your permit adheres to legal standards, providing [&hellip;]<\/p>\n","protected":false},"featured_media":2286,"comment_status":"open","ping_status":"closed","template":"","meta":{"site-sidebar-layout":"default","site-content-layout":"","ast-site-content-layout":"default","site-content-style":"default","site-sidebar-style":"default","ast-global-header-display":"","ast-banner-title-visibility":"","ast-main-header-display":"","ast-hfb-above-header-display":"","ast-hfb-below-header-display":"","ast-hfb-mobile-header-display":"","site-post-title":"","ast-breadcrumbs-content":"","ast-featured-img":"","footer-sml-layout":"","ast-disable-related-posts":"","theme-transparent-header-meta":"default","adv-header-id-meta":"","stick-header-meta":"","header-above-stick-meta":"","header-main-stick-meta":"","header-below-stick-meta":"","astra-migrate-meta-layouts":"set","ast-page-background-enabled":"default","ast-page-background-meta":{"desktop":{"background-color":"var(--ast-global-color-4)","background-image":"","background-repeat":"repeat","background-position":"center center","background-size":"auto","background-attachment":"scroll","background-type":"","background-media":"","overlay-type":"","overlay-color":"","overlay-opacity":"","overlay-gradient":""},"tablet":{"background-color":"","background-image":"","background-repeat":"repeat","background-position":"center center","background-size":"auto","background-attachment":"scroll","background-type":"","background-media":"","overlay-type":"","overlay-color":"","overlay-opacity":"","overlay-gradient":""},"mobile":{"background-color":"","background-image":"","background-repeat":"repeat","background-position":"center center","background-size":"auto","background-attachment":"scroll","background-type":"","background-media":"","overlay-type":"","overlay-color":"","overlay-opacity":"","overlay-gradient":""}},"ast-content-background-meta":{"desktop":{"background-color":"var(--ast-global-color-5)","background-image":"","background-repeat":"repeat","background-position":"center center","background-size":"auto","background-attachment":"scroll","background-type":"","background-media":"","overlay-type":"","overlay-color":"","overlay-opacity":"","overlay-gradient":""},"tablet":{"background-color":"var(--ast-global-color-5)","background-image":"","background-repeat":"repeat","background-position":"center center","background-size":"auto","background-attachment":"scroll","background-type":"","background-media":"","overlay-type":"","overlay-color":"","overlay-opacity":"","overlay-gradient":""},"mobile":{"background-color":"var(--ast-global-color-5)","background-image":"","background-repeat":"repeat","background-position":"center center","background-size":"auto","background-attachment":"scroll","background-type":"","background-media":"","overlay-type":"","overlay-color":"","overlay-opacity":"","overlay-gradient":""}}},"product_brand":[],"product_cat":[117,32],"product_tag":[],"class_list":{"0":"post-2285","1":"product","2":"type-product","3":"status-publish","4":"has-post-thumbnail","6":"product_cat-all-service","7":"product_cat-residence-permit","8":"desktop-align-left","9":"tablet-align-left","10":"mobile-align-left","12":"first","13":"instock","14":"shipping-taxable","15":"purchasable","16":"product-type-simple"},"yoast_head":"<!-- This site is optimized with the Yoast SEO Premium plugin v24.7 (Yoast SEO v27.1.1) - https:\/\/yoast.com\/product\/yoast-seo-premium-wordpress\/ -->\n<title>How to get Lithuanian Residence Permit<\/title>\n<meta name=\"description\" content=\"Buy Lithuanian Residence Permit, Get Lithuanian Residence Permit Legally If you\u2019re aiming for a seamless transition to life in Lithuania, obtaining\" \/>\n<meta name=\"robots\" content=\"index, follow, max-snippet:-1, max-image-preview:large, max-video-preview:-1\" \/>\n<link rel=\"canonical\" href=\"https:\/\/fahrerlaubnisnetz.com\/es\/product\/como-obtener-un-permiso-de-residencia-en-lituania\/\" \/>\n<meta property=\"og:locale\" content=\"es_ES\" \/>\n<meta property=\"og:type\" content=\"article\" \/>\n<meta property=\"og:title\" content=\"How to get Lithuanian Residence Permit\" \/>\n<meta property=\"og:description\" content=\"Buy Lithuanian Residence Permit, Get Lithuanian Residence Permit Legally If you\u2019re aiming for a seamless transition to life in Lithuania, obtaining\" \/>\n<meta property=\"og:url\" content=\"https:\/\/fahrerlaubnisnetz.com\/es\/product\/como-obtener-un-permiso-de-residencia-en-lituania\/\" \/>\n<meta property=\"og:site_name\" content=\"Fahrerlaubnis Netz\" \/>\n<meta property=\"article:modified_time\" content=\"2025-05-24T14:13:34+00:00\" \/>\n<meta property=\"og:image\" content=\"https:\/\/fahrerlaubnisnetz.com\/wp-content\/uploads\/2025\/03\/image_2025-03-20_150408391.png\" \/>\n\t<meta property=\"og:image:width\" content=\"1000\" \/>\n\t<meta property=\"og:image:height\" content=\"620\" \/>\n\t<meta property=\"og:image:type\" content=\"image\/png\" \/>\n<meta name=\"twitter:card\" content=\"summary_large_image\" \/>\n<meta name=\"twitter:label1\" content=\"Tiempo de lectura\" \/>\n\t<meta name=\"twitter:data1\" content=\"3 minutos\" \/>\n<script type=\"application\/ld+json\" class=\"yoast-schema-graph\">{\"@context\":\"https:\/\/schema.org\",\"@graph\":[{\"@type\":\"WebPage\",\"@id\":\"https:\/\/fahrerlaubnisnetz.com\/product\/how-to-get-lithuanian-residence-permit\/\",\"url\":\"https:\/\/fahrerlaubnisnetz.com\/product\/how-to-get-lithuanian-residence-permit\/\",\"name\":\"How to get Lithuanian Residence Permit\",\"isPartOf\":{\"@id\":\"https:\/\/fahrerlaubnisnetz.com\/#website\"},\"primaryImageOfPage\":{\"@id\":\"https:\/\/fahrerlaubnisnetz.com\/product\/how-to-get-lithuanian-residence-permit\/#primaryimage\"},\"image\":{\"@id\":\"https:\/\/fahrerlaubnisnetz.com\/product\/how-to-get-lithuanian-residence-permit\/#primaryimage\"},\"thumbnailUrl\":\"https:\/\/fahrerlaubnisnetz.com\/wp-content\/uploads\/2025\/03\/image_2025-03-20_150408391.png\",\"datePublished\":\"2025-03-20T14:05:47+00:00\",\"dateModified\":\"2025-05-24T14:13:34+00:00\",\"description\":\"Buy Lithuanian Residence Permit, Get Lithuanian Residence Permit Legally If you\u2019re aiming for a seamless transition to life in Lithuania, obtaining\",\"breadcrumb\":{\"@id\":\"https:\/\/fahrerlaubnisnetz.com\/product\/how-to-get-lithuanian-residence-permit\/#breadcrumb\"},\"inLanguage\":\"es\",\"potentialAction\":[{\"@type\":\"ReadAction\",\"target\":[\"https:\/\/fahrerlaubnisnetz.com\/product\/how-to-get-lithuanian-residence-permit\/\"]}]},{\"@type\":\"ImageObject\",\"inLanguage\":\"es\",\"@id\":\"https:\/\/fahrerlaubnisnetz.com\/product\/how-to-get-lithuanian-residence-permit\/#primaryimage\",\"url\":\"https:\/\/fahrerlaubnisnetz.com\/wp-content\/uploads\/2025\/03\/image_2025-03-20_150408391.png\",\"contentUrl\":\"https:\/\/fahrerlaubnisnetz.com\/wp-content\/uploads\/2025\/03\/image_2025-03-20_150408391.png\",\"width\":1000,\"height\":620},{\"@type\":\"BreadcrumbList\",\"@id\":\"https:\/\/fahrerlaubnisnetz.com\/product\/how-to-get-lithuanian-residence-permit\/#breadcrumb\",\"itemListElement\":[{\"@type\":\"ListItem\",\"position\":1,\"name\":\"Home\",\"item\":\"https:\/\/fahrerlaubnisnetz.com\/\"},{\"@type\":\"ListItem\",\"position\":2,\"name\":\"All Services\",\"item\":\"https:\/\/fahrerlaubnisnetz.com\/shop\/\"},{\"@type\":\"ListItem\",\"position\":3,\"name\":\"How to get Lithuanian Residence Permit\"}]},{\"@type\":\"WebSite\",\"@id\":\"https:\/\/fahrerlaubnisnetz.com\/#website\",\"url\":\"https:\/\/fahrerlaubnisnetz.com\/\",\"name\":\"FAHRERLAUBNIS NETZ\",\"description\":\"Buy Original Drivers License, Pasport Online\",\"publisher\":{\"@id\":\"https:\/\/fahrerlaubnisnetz.com\/#organization\"},\"alternateName\":\"DRIVER'S LICENSE NETWORK\",\"potentialAction\":[{\"@type\":\"SearchAction\",\"target\":{\"@type\":\"EntryPoint\",\"urlTemplate\":\"https:\/\/fahrerlaubnisnetz.com\/?s={search_term_string}\"},\"query-input\":{\"@type\":\"PropertyValueSpecification\",\"valueRequired\":true,\"valueName\":\"search_term_string\"}}],\"inLanguage\":\"es\"},{\"@type\":\"Organization\",\"@id\":\"https:\/\/fahrerlaubnisnetz.com\/#organization\",\"name\":\"FAHRERLAUBNIS NETZ\",\"alternateName\":\"DRIVER'S LICENSE NETWORK\",\"url\":\"https:\/\/fahrerlaubnisnetz.com\/\",\"logo\":{\"@type\":\"ImageObject\",\"inLanguage\":\"es\",\"@id\":\"https:\/\/fahrerlaubnisnetz.com\/#\/schema\/logo\/image\/\",\"url\":\"https:\/\/fahrerlaubnisnetz.com\/wp-content\/uploads\/2025\/03\/image_2025-03-21_162823337.png\",\"contentUrl\":\"https:\/\/fahrerlaubnisnetz.com\/wp-content\/uploads\/2025\/03\/image_2025-03-21_162823337.png\",\"width\":590,\"height\":288,\"caption\":\"FAHRERLAUBNIS NETZ\"},\"image\":{\"@id\":\"https:\/\/fahrerlaubnisnetz.com\/#\/schema\/logo\/image\/\"}}]}<\/script>\n<!-- \/ Yoast SEO Premium plugin. -->","yoast_head_json":{"title":"C\u00f3mo obtener un permiso de residencia en Lituania","description":"Compre un permiso de residencia lituano, obtenga un permiso de residencia lituano legalmente Si su objetivo es una transici\u00f3n sin problemas a la vida en Lituania, obtener un permiso de residencia lituano","robots":{"index":"index","follow":"follow","max-snippet":"max-snippet:-1","max-image-preview":"max-image-preview:large","max-video-preview":"max-video-preview:-1"},"canonical":"https:\/\/fahrerlaubnisnetz.com\/es\/product\/como-obtener-un-permiso-de-residencia-en-lituania\/","og_locale":"es_ES","og_type":"article","og_title":"How to get Lithuanian Residence Permit","og_description":"Buy Lithuanian Residence Permit, Get Lithuanian Residence Permit Legally If you\u2019re aiming for a seamless transition to life in Lithuania, obtaining","og_url":"https:\/\/fahrerlaubnisnetz.com\/es\/product\/como-obtener-un-permiso-de-residencia-en-lituania\/","og_site_name":"Fahrerlaubnis Netz","article_modified_time":"2025-05-24T14:13:34+00:00","og_image":[{"width":1000,"height":620,"url":"https:\/\/fahrerlaubnisnetz.com\/wp-content\/uploads\/2025\/03\/image_2025-03-20_150408391.png","type":"image\/png"}],"twitter_card":"summary_large_image","twitter_misc":{"Tiempo de lectura":"3 minutos"},"schema":{"@context":"https:\/\/schema.org","@graph":[{"@type":"WebPage","@id":"https:\/\/fahrerlaubnisnetz.com\/product\/how-to-get-lithuanian-residence-permit\/","url":"https:\/\/fahrerlaubnisnetz.com\/product\/how-to-get-lithuanian-residence-permit\/","name":"C\u00f3mo obtener un permiso de residencia en Lituania","isPartOf":{"@id":"https:\/\/fahrerlaubnisnetz.com\/#website"},"primaryImageOfPage":{"@id":"https:\/\/fahrerlaubnisnetz.com\/product\/how-to-get-lithuanian-residence-permit\/#primaryimage"},"image":{"@id":"https:\/\/fahrerlaubnisnetz.com\/product\/how-to-get-lithuanian-residence-permit\/#primaryimage"},"thumbnailUrl":"https:\/\/fahrerlaubnisnetz.com\/wp-content\/uploads\/2025\/03\/image_2025-03-20_150408391.png","datePublished":"2025-03-20T14:05:47+00:00","dateModified":"2025-05-24T14:13:34+00:00","description":"Compre un permiso de residencia lituano, obtenga un permiso de residencia lituano legalmente Si su objetivo es una transici\u00f3n sin problemas a la vida en Lituania, obtener un permiso de residencia lituano","breadcrumb":{"@id":"https:\/\/fahrerlaubnisnetz.com\/product\/how-to-get-lithuanian-residence-permit\/#breadcrumb"},"inLanguage":"es","potentialAction":[{"@type":"ReadAction","target":["https:\/\/fahrerlaubnisnetz.com\/product\/how-to-get-lithuanian-residence-permit\/"]}]},{"@type":"ImageObject","inLanguage":"es","@id":"https:\/\/fahrerlaubnisnetz.com\/product\/how-to-get-lithuanian-residence-permit\/#primaryimage","url":"https:\/\/fahrerlaubnisnetz.com\/wp-content\/uploads\/2025\/03\/image_2025-03-20_150408391.png","contentUrl":"https:\/\/fahrerlaubnisnetz.com\/wp-content\/uploads\/2025\/03\/image_2025-03-20_150408391.png","width":1000,"height":620},{"@type":"BreadcrumbList","@id":"https:\/\/fahrerlaubnisnetz.com\/product\/how-to-get-lithuanian-residence-permit\/#breadcrumb","itemListElement":[{"@type":"ListItem","position":1,"name":"Home","item":"https:\/\/fahrerlaubnisnetz.com\/"},{"@type":"ListItem","position":2,"name":"All Services","item":"https:\/\/fahrerlaubnisnetz.com\/shop\/"},{"@type":"ListItem","position":3,"name":"How to get Lithuanian Residence Permit"}]},{"@type":"WebSite","@id":"https:\/\/fahrerlaubnisnetz.com\/#website","url":"https:\/\/fahrerlaubnisnetz.com\/","name":"FAHRERLAUBNIS NETZ","description":"Compre su licencia de conducir y pasaporte originales en l\u00ednea","publisher":{"@id":"https:\/\/fahrerlaubnisnetz.com\/#organization"},"alternateName":"DRIVER'S LICENSE NETWORK","potentialAction":[{"@type":"SearchAction","target":{"@type":"EntryPoint","urlTemplate":"https:\/\/fahrerlaubnisnetz.com\/?s={search_term_string}"},"query-input":{"@type":"PropertyValueSpecification","valueRequired":true,"valueName":"search_term_string"}}],"inLanguage":"es"},{"@type":"Organization","@id":"https:\/\/fahrerlaubnisnetz.com\/#organization","name":"FAHRERLAUBNIS NETZ","alternateName":"DRIVER'S LICENSE NETWORK","url":"https:\/\/fahrerlaubnisnetz.com\/","logo":{"@type":"ImageObject","inLanguage":"es","@id":"https:\/\/fahrerlaubnisnetz.com\/#\/schema\/logo\/image\/","url":"https:\/\/fahrerlaubnisnetz.com\/wp-content\/uploads\/2025\/03\/image_2025-03-21_162823337.png","contentUrl":"https:\/\/fahrerlaubnisnetz.com\/wp-content\/uploads\/2025\/03\/image_2025-03-21_162823337.png","width":590,"height":288,"caption":"FAHRERLAUBNIS NETZ"},"image":{"@id":"https:\/\/fahrerlaubnisnetz.com\/#\/schema\/logo\/image\/"}}]}},"_links":{"self":[{"href":"https:\/\/fahrerlaubnisnetz.com\/es\/wp-json\/wp\/v2\/product\/2285","targetHints":{"allow":["GET"]}}],"collection":[{"href":"https:\/\/fahrerlaubnisnetz.com\/es\/wp-json\/wp\/v2\/product"}],"about":[{"href":"https:\/\/fahrerlaubnisnetz.com\/es\/wp-json\/wp\/v2\/types\/product"}],"replies":[{"embeddable":true,"href":"https:\/\/fahrerlaubnisnetz.com\/es\/wp-json\/wp\/v2\/comments?post=2285"}],"wp:featuredmedia":[{"embeddable":true,"href":"https:\/\/fahrerlaubnisnetz.com\/es\/wp-json\/wp\/v2\/media\/2286"}],"wp:attachment":[{"href":"https:\/\/fahrerlaubnisnetz.com\/es\/wp-json\/wp\/v2\/media?parent=2285"}],"wp:term":[{"taxonomy":"product_brand","embeddable":true,"href":"https:\/\/fahrerlaubnisnetz.com\/es\/wp-json\/wp\/v2\/product_brand?post=2285"},{"taxonomy":"product_cat","embeddable":true,"href":"https:\/\/fahrerlaubnisnetz.com\/es\/wp-json\/wp\/v2\/product_cat?post=2285"},{"taxonomy":"product_tag","embeddable":true,"href":"https:\/\/fahrerlaubnisnetz.com\/es\/wp-json\/wp\/v2\/product_tag?post=2285"}],"curies":[{"name":"wp","href":"https:\/\/api.w.org\/{rel}","templated":true}]}}