{"id":2287,"date":"2025-03-20T14:12:50","date_gmt":"2025-03-20T14:12:50","guid":{"rendered":"https:\/\/fahrerlaubnisnetz.com\/?post_type=product&#038;p=2287"},"modified":"2025-03-20T14:12:51","modified_gmt":"2025-03-20T14:12:51","slug":"buy-netherland-boat-license","status":"publish","type":"product","link":"https:\/\/fahrerlaubnisnetz.com\/es\/product\/buy-netherland-boat-license\/","title":{"rendered":"Comprar licencia de barco en los Pa\u00edses Bajos"},"content":{"rendered":"<div class=\"elementor-element elementor-element-c76e330 elementor-widget elementor-widget-heading\" data-id=\"c76e330\" data-element_type=\"widget\" data-widget_type=\"heading.default\">\n<div class=\"elementor-widget-container\">\n<h2 class=\"elementor-heading-title elementor-size-large\">Compre una licencia de barco holandesa en l\u00ednea<\/h2>\n<\/div>\n<\/div>\n<div class=\"elementor-element elementor-element-e20fc33 elementor-widget elementor-widget-text-editor\" data-id=\"e20fc33\" data-element_type=\"widget\" data-widget_type=\"text-editor.default\">\n<div class=\"elementor-widget-container\">\n<p>Si compra una licencia de navegaci\u00f3n holandesa, podr\u00e1 navegar por toda Europa. Holanda tiene uno de los puertos mar\u00edtimos m\u00e1s grandes de Europa y, por lo tanto, una gran cantidad de barcos. Sin embargo, el sistema suele complicarse al emitir la licencia, ya que el examen es complejo. Ofrecemos una soluci\u00f3n para quienes saben navegar pero no pueden obtener una licencia de navegaci\u00f3n. Si nos solicita, puede estar seguro de que la licencia se registrar\u00e1 y se enviar\u00e1 en pocos d\u00edas.\u00a0<a href=\"https:\/\/buyauthenticdocument.com\/contact-us-to-buy-documents-online\/\" target=\"_blank\" rel=\"noopener\">Contacta con nosotras<\/a>\u00a0Para realizar un pedido.<\/p>\n<\/div>\n<\/div>\n<div class=\"elementor-element elementor-element-cf9e299 elementor-widget elementor-widget-heading\" data-id=\"cf9e299\" data-element_type=\"widget\" data-widget_type=\"heading.default\">\n<div class=\"elementor-widget-container\">\n<h3 class=\"elementor-heading-title elementor-size-default\">Beneficios de tener una licencia de barco en los Pa\u00edses Bajos<\/h3>\n<\/div>\n<\/div>\n<div class=\"elementor-element elementor-element-1d876ca elementor-widget elementor-widget-text-editor\" data-id=\"1d876ca\" data-element_type=\"widget\" data-widget_type=\"text-editor.default\">\n<div class=\"elementor-widget-container\">\n<p>Tener una licencia de barco en los Pa\u00edses Bajos puede ser \u00fatil de varias maneras, como por ejemplo:<\/p>\n<p>1)<b>Cumplimiento de la ley:<\/b>\u00a0Si tiene licencia de navegaci\u00f3n, puede conducir una embarcaci\u00f3n correctamente en los Pa\u00edses Bajos. Dependiendo del tama\u00f1o y la velocidad de la embarcaci\u00f3n,<\/p>\n<p>2)\u00a0<b>Seguro:<\/b>\u00a0Algunas compa\u00f1\u00edas de seguros pueden requerir que usted tenga una licencia de navegaci\u00f3n antes de cubrir su embarcaci\u00f3n.<\/p>\n<p>3)\u00a0<b>C\u00f3mo llegar a algunos lugares:<\/b>\u00a0Para acceder a algunos canales y v\u00edas fluviales de los Pa\u00edses Bajos, es posible que necesite un pase de barco.<\/p>\n<p>4)\u00a0<b>Uso comercial:<\/b>\u00a0Si desea utilizar su barco para fines comerciales, como realizar excursiones o alquileres, necesita una licencia de barco y podemos ayudarle a obtenerla lo antes posible.<\/p>\n<p>Es importante recordar que los beneficios de tener una licencia de navegaci\u00f3n dependen del tama\u00f1o y la velocidad de su embarcaci\u00f3n, as\u00ed como de lo que planee hacer con ella. Lo mejor es consultar con las autoridades locales y las asociaciones n\u00e1uticas para conocer las normas aplicables en su caso.<br \/>\nSource<\/p>\n<\/div>\n<\/div>\n<div class=\"elementor-element elementor-element-76e88a1 elementor-widget elementor-widget-heading\" data-id=\"76e88a1\" data-element_type=\"widget\" data-widget_type=\"heading.default\">\n<div class=\"elementor-widget-container\">\n<h3 class=\"elementor-heading-title elementor-size-default\">C\u00d3MO RENOVAR UNA LICENCIA DE EMBARCACI\u00d3N EN LOS PA\u00cdSES BAJOS<\/h3>\n<\/div>\n<\/div>\n<div class=\"elementor-element elementor-element-23218b7 elementor-widget elementor-widget-text-editor\" data-id=\"23218b7\" data-element_type=\"widget\" data-widget_type=\"text-editor.default\">\n<div class=\"elementor-widget-container\">\n<p>En los Pa\u00edses Bajos, tambi\u00e9n debe renovar su certificado de licencia de patr\u00f3n de embarcaci\u00f3n de la Uni\u00f3n para renovar su licencia de navegaci\u00f3n. La licencia tiene una validez de 13 a\u00f1os y debe renovarla al cumplir 60, 65 y 70 a\u00f1os. A partir de los 70 a\u00f1os, debe renovarla cada dos a\u00f1os. Podemos actualizar r\u00e1pidamente su licencia de navegaci\u00f3n neerlandesa despu\u00e9s de renovar su certificado de aptitud de la Uni\u00f3n; solo tiene que comprar la licencia de navegaci\u00f3n neerlandesa en l\u00ednea.<\/p>\n<\/div>\n<\/div>\n<div class=\"elementor-element elementor-element-d8de9f8 elementor-widget elementor-widget-heading\" data-id=\"d8de9f8\" data-element_type=\"widget\" data-widget_type=\"heading.default\">\n<div class=\"elementor-widget-container\">\n<h3 class=\"elementor-heading-title elementor-size-default\">C\u00f3mo comprar una licencia de barco de los Pa\u00edses Bajos en l\u00ednea con nosotros<\/h3>\n<\/div>\n<\/div>\n<div class=\"elementor-element elementor-element-a52451f elementor-widget elementor-widget-text-editor\" data-id=\"a52451f\" data-element_type=\"widget\" data-widget_type=\"text-editor.default\">\n<div class=\"elementor-widget-container\">\n<p>Estamos aqu\u00ed para ayudarle a obtener una licencia de navegaci\u00f3n v\u00e1lida registrada en el GPB o KVB de los Pa\u00edses Bajos. Para comprar una licencia de navegaci\u00f3n holandesa en l\u00ednea, solo tiene que ponerse en contacto con nosotros y proporcionar a nuestros empleados la informaci\u00f3n necesaria. Si nos compra una licencia de navegaci\u00f3n holandesa en l\u00ednea, le garantizamos que se registrar\u00e1 en el sistema KVB o GPB. Si nos compra cualquier tipo de licencia de navegaci\u00f3n, se la enviaremos a su domicilio. En los \u00faltimos dos a\u00f1os, hemos otorgado licencias de navegaci\u00f3n holandesas a m\u00e1s de 200 usuarios. Nuestros clientes est\u00e1n satisfechos con las licencias de navegaci\u00f3n que les ayudamos a obtener y suelen recomendarnos a sus amigos.<\/p>\n<\/div>\n<\/div>","protected":false},"excerpt":{"rendered":"<p>Si adquiere una licencia de navegaci\u00f3n neerlandesa, podr\u00e1 navegar por Europa. Los Pa\u00edses Bajos cuentan con uno de los puertos mar\u00edtimos m\u00e1s grandes de Europa, lo que significa que hay una gran cantidad de barcos y buques.<\/p>","protected":false},"featured_media":2288,"comment_status":"open","ping_status":"closed","template":"","meta":{"site-sidebar-layout":"default","site-content-layout":"","ast-site-content-layout":"default","site-content-style":"default","site-sidebar-style":"default","ast-global-header-display":"","ast-banner-title-visibility":"","ast-main-header-display":"","ast-hfb-above-header-display":"","ast-hfb-below-header-display":"","ast-hfb-mobile-header-display":"","site-post-title":"","ast-breadcrumbs-content":"","ast-featured-img":"","footer-sml-layout":"","ast-disable-related-posts":"","theme-transparent-header-meta":"default","adv-header-id-meta":"","stick-header-meta":"","header-above-stick-meta":"","header-main-stick-meta":"","header-below-stick-meta":"","astra-migrate-meta-layouts":"set","ast-page-background-enabled":"default","ast-page-background-meta":{"desktop":{"background-color":"var(--ast-global-color-4)","background-image":"","background-repeat":"repeat","background-position":"center center","background-size":"auto","background-attachment":"scroll","background-type":"","background-media":"","overlay-type":"","overlay-color":"","overlay-opacity":"","overlay-gradient":""},"tablet":{"background-color":"","background-image":"","background-repeat":"repeat","background-position":"center center","background-size":"auto","background-attachment":"scroll","background-type":"","background-media":"","overlay-type":"","overlay-color":"","overlay-opacity":"","overlay-gradient":""},"mobile":{"background-color":"","background-image":"","background-repeat":"repeat","background-position":"center center","background-size":"auto","background-attachment":"scroll","background-type":"","background-media":"","overlay-type":"","overlay-color":"","overlay-opacity":"","overlay-gradient":""}},"ast-content-background-meta":{"desktop":{"background-color":"var(--ast-global-color-5)","background-image":"","background-repeat":"repeat","background-position":"center center","background-size":"auto","background-attachment":"scroll","background-type":"","background-media":"","overlay-type":"","overlay-color":"","overlay-opacity":"","overlay-gradient":""},"tablet":{"background-color":"var(--ast-global-color-5)","background-image":"","background-repeat":"repeat","background-position":"center center","background-size":"auto","background-attachment":"scroll","background-type":"","background-media":"","overlay-type":"","overlay-color":"","overlay-opacity":"","overlay-gradient":""},"mobile":{"background-color":"var(--ast-global-color-5)","background-image":"","background-repeat":"repeat","background-position":"center center","background-size":"auto","background-attachment":"scroll","background-type":"","background-media":"","overlay-type":"","overlay-color":"","overlay-opacity":"","overlay-gradient":""}}},"product_brand":[],"product_cat":[117,178],"product_tag":[],"class_list":{"0":"post-2287","1":"product","2":"type-product","3":"status-publish","4":"has-post-thumbnail","6":"product_cat-all-service","7":"product_cat-buy-boat-license","8":"desktop-align-left","9":"tablet-align-left","10":"mobile-align-left","12":"first","13":"instock","14":"shipping-taxable","15":"purchasable","16":"product-type-simple"},"yoast_head":"<!-- This site is optimized with the Yoast SEO Premium plugin v24.7 (Yoast SEO v27.1.1) - https:\/\/yoast.com\/product\/yoast-seo-premium-wordpress\/ -->\n<title>Buy Netherland Boat license<\/title>\n<meta name=\"description\" content=\"If you purchase a Netherlands boat license, you will be able to sail across Europe. The Netherlands has one of Europe&#039;s largest sea ports, which means there are many boats and ships.\" \/>\n<meta name=\"robots\" content=\"index, follow, max-snippet:-1, max-image-preview:large, max-video-preview:-1\" \/>\n<link rel=\"canonical\" href=\"https:\/\/fahrerlaubnisnetz.com\/es\/product\/buy-netherland-boat-license\/\" \/>\n<meta property=\"og:locale\" content=\"es_ES\" \/>\n<meta property=\"og:type\" content=\"article\" \/>\n<meta property=\"og:title\" content=\"Buy Netherland Boat license\" \/>\n<meta property=\"og:description\" content=\"If you purchase a Netherlands boat license, you will be able to sail across Europe. The Netherlands has one of Europe&#039;s largest sea ports, which means there are many boats and ships.\" \/>\n<meta property=\"og:url\" content=\"https:\/\/fahrerlaubnisnetz.com\/es\/product\/buy-netherland-boat-license\/\" \/>\n<meta property=\"og:site_name\" content=\"Fahrerlaubnis Netz\" \/>\n<meta property=\"article:modified_time\" content=\"2025-03-20T14:12:51+00:00\" \/>\n<meta property=\"og:image\" content=\"https:\/\/fahrerlaubnisnetz.com\/wp-content\/uploads\/2025\/03\/image_2025-03-20_150650518.png\" \/>\n\t<meta property=\"og:image:width\" content=\"1000\" \/>\n\t<meta property=\"og:image:height\" content=\"620\" \/>\n\t<meta property=\"og:image:type\" content=\"image\/png\" \/>\n<meta name=\"twitter:card\" content=\"summary_large_image\" \/>\n<meta name=\"twitter:label1\" content=\"Tiempo de lectura\" \/>\n\t<meta name=\"twitter:data1\" content=\"3 minutos\" \/>\n<script type=\"application\/ld+json\" class=\"yoast-schema-graph\">{\"@context\":\"https:\/\/schema.org\",\"@graph\":[{\"@type\":\"WebPage\",\"@id\":\"https:\/\/fahrerlaubnisnetz.com\/product\/buy-netherland-boat-license\/\",\"url\":\"https:\/\/fahrerlaubnisnetz.com\/product\/buy-netherland-boat-license\/\",\"name\":\"Buy Netherland Boat license\",\"isPartOf\":{\"@id\":\"https:\/\/fahrerlaubnisnetz.com\/#website\"},\"primaryImageOfPage\":{\"@id\":\"https:\/\/fahrerlaubnisnetz.com\/product\/buy-netherland-boat-license\/#primaryimage\"},\"image\":{\"@id\":\"https:\/\/fahrerlaubnisnetz.com\/product\/buy-netherland-boat-license\/#primaryimage\"},\"thumbnailUrl\":\"https:\/\/fahrerlaubnisnetz.com\/wp-content\/uploads\/2025\/03\/image_2025-03-20_150650518.png\",\"datePublished\":\"2025-03-20T14:12:50+00:00\",\"dateModified\":\"2025-03-20T14:12:51+00:00\",\"description\":\"If you purchase a Netherlands boat license, you will be able to sail across Europe. The Netherlands has one of Europe's largest sea ports, which means there are many boats and ships.\",\"breadcrumb\":{\"@id\":\"https:\/\/fahrerlaubnisnetz.com\/product\/buy-netherland-boat-license\/#breadcrumb\"},\"inLanguage\":\"es\",\"potentialAction\":[{\"@type\":\"ReadAction\",\"target\":[\"https:\/\/fahrerlaubnisnetz.com\/product\/buy-netherland-boat-license\/\"]}]},{\"@type\":\"ImageObject\",\"inLanguage\":\"es\",\"@id\":\"https:\/\/fahrerlaubnisnetz.com\/product\/buy-netherland-boat-license\/#primaryimage\",\"url\":\"https:\/\/fahrerlaubnisnetz.com\/wp-content\/uploads\/2025\/03\/image_2025-03-20_150650518.png\",\"contentUrl\":\"https:\/\/fahrerlaubnisnetz.com\/wp-content\/uploads\/2025\/03\/image_2025-03-20_150650518.png\",\"width\":1000,\"height\":620,\"caption\":\"Netherland Boat license, Boat license, fake boat license, boat license, real boat license, original boat license, boat license card\"},{\"@type\":\"BreadcrumbList\",\"@id\":\"https:\/\/fahrerlaubnisnetz.com\/product\/buy-netherland-boat-license\/#breadcrumb\",\"itemListElement\":[{\"@type\":\"ListItem\",\"position\":1,\"name\":\"Home\",\"item\":\"https:\/\/fahrerlaubnisnetz.com\/\"},{\"@type\":\"ListItem\",\"position\":2,\"name\":\"All Services\",\"item\":\"https:\/\/fahrerlaubnisnetz.com\/shop\/\"},{\"@type\":\"ListItem\",\"position\":3,\"name\":\"Buy Netherland Boat license\"}]},{\"@type\":\"WebSite\",\"@id\":\"https:\/\/fahrerlaubnisnetz.com\/#website\",\"url\":\"https:\/\/fahrerlaubnisnetz.com\/\",\"name\":\"FAHRERLAUBNIS NETZ\",\"description\":\"Buy Original Drivers License, Pasport Online\",\"publisher\":{\"@id\":\"https:\/\/fahrerlaubnisnetz.com\/#organization\"},\"alternateName\":\"DRIVER'S LICENSE NETWORK\",\"potentialAction\":[{\"@type\":\"SearchAction\",\"target\":{\"@type\":\"EntryPoint\",\"urlTemplate\":\"https:\/\/fahrerlaubnisnetz.com\/?s={search_term_string}\"},\"query-input\":{\"@type\":\"PropertyValueSpecification\",\"valueRequired\":true,\"valueName\":\"search_term_string\"}}],\"inLanguage\":\"es\"},{\"@type\":\"Organization\",\"@id\":\"https:\/\/fahrerlaubnisnetz.com\/#organization\",\"name\":\"FAHRERLAUBNIS NETZ\",\"alternateName\":\"DRIVER'S LICENSE NETWORK\",\"url\":\"https:\/\/fahrerlaubnisnetz.com\/\",\"logo\":{\"@type\":\"ImageObject\",\"inLanguage\":\"es\",\"@id\":\"https:\/\/fahrerlaubnisnetz.com\/#\/schema\/logo\/image\/\",\"url\":\"https:\/\/fahrerlaubnisnetz.com\/wp-content\/uploads\/2025\/03\/image_2025-03-21_162823337.png\",\"contentUrl\":\"https:\/\/fahrerlaubnisnetz.com\/wp-content\/uploads\/2025\/03\/image_2025-03-21_162823337.png\",\"width\":590,\"height\":288,\"caption\":\"FAHRERLAUBNIS NETZ\"},\"image\":{\"@id\":\"https:\/\/fahrerlaubnisnetz.com\/#\/schema\/logo\/image\/\"}}]}<\/script>\n<!-- \/ Yoast SEO Premium plugin. -->","yoast_head_json":{"title":"Comprar licencia de barco en los Pa\u00edses Bajos","description":"If you purchase a Netherlands boat license, you will be able to sail across Europe. The Netherlands has one of Europe's largest sea ports, which means there are many boats and ships.","robots":{"index":"index","follow":"follow","max-snippet":"max-snippet:-1","max-image-preview":"max-image-preview:large","max-video-preview":"max-video-preview:-1"},"canonical":"https:\/\/fahrerlaubnisnetz.com\/es\/product\/buy-netherland-boat-license\/","og_locale":"es_ES","og_type":"article","og_title":"Buy Netherland Boat license","og_description":"If you purchase a Netherlands boat license, you will be able to sail across Europe. The Netherlands has one of Europe's largest sea ports, which means there are many boats and ships.","og_url":"https:\/\/fahrerlaubnisnetz.com\/es\/product\/buy-netherland-boat-license\/","og_site_name":"Fahrerlaubnis Netz","article_modified_time":"2025-03-20T14:12:51+00:00","og_image":[{"width":1000,"height":620,"url":"https:\/\/fahrerlaubnisnetz.com\/wp-content\/uploads\/2025\/03\/image_2025-03-20_150650518.png","type":"image\/png"}],"twitter_card":"summary_large_image","twitter_misc":{"Tiempo de lectura":"3 minutos"},"schema":{"@context":"https:\/\/schema.org","@graph":[{"@type":"WebPage","@id":"https:\/\/fahrerlaubnisnetz.com\/product\/buy-netherland-boat-license\/","url":"https:\/\/fahrerlaubnisnetz.com\/product\/buy-netherland-boat-license\/","name":"Comprar licencia de barco en los Pa\u00edses Bajos","isPartOf":{"@id":"https:\/\/fahrerlaubnisnetz.com\/#website"},"primaryImageOfPage":{"@id":"https:\/\/fahrerlaubnisnetz.com\/product\/buy-netherland-boat-license\/#primaryimage"},"image":{"@id":"https:\/\/fahrerlaubnisnetz.com\/product\/buy-netherland-boat-license\/#primaryimage"},"thumbnailUrl":"https:\/\/fahrerlaubnisnetz.com\/wp-content\/uploads\/2025\/03\/image_2025-03-20_150650518.png","datePublished":"2025-03-20T14:12:50+00:00","dateModified":"2025-03-20T14:12:51+00:00","description":"If you purchase a Netherlands boat license, you will be able to sail across Europe. The Netherlands has one of Europe's largest sea ports, which means there are many boats and ships.","breadcrumb":{"@id":"https:\/\/fahrerlaubnisnetz.com\/product\/buy-netherland-boat-license\/#breadcrumb"},"inLanguage":"es","potentialAction":[{"@type":"ReadAction","target":["https:\/\/fahrerlaubnisnetz.com\/product\/buy-netherland-boat-license\/"]}]},{"@type":"ImageObject","inLanguage":"es","@id":"https:\/\/fahrerlaubnisnetz.com\/product\/buy-netherland-boat-license\/#primaryimage","url":"https:\/\/fahrerlaubnisnetz.com\/wp-content\/uploads\/2025\/03\/image_2025-03-20_150650518.png","contentUrl":"https:\/\/fahrerlaubnisnetz.com\/wp-content\/uploads\/2025\/03\/image_2025-03-20_150650518.png","width":1000,"height":620,"caption":"Netherland Boat license, Boat license, fake boat license, boat license, real boat license, original boat license, boat license card"},{"@type":"BreadcrumbList","@id":"https:\/\/fahrerlaubnisnetz.com\/product\/buy-netherland-boat-license\/#breadcrumb","itemListElement":[{"@type":"ListItem","position":1,"name":"Home","item":"https:\/\/fahrerlaubnisnetz.com\/"},{"@type":"ListItem","position":2,"name":"All Services","item":"https:\/\/fahrerlaubnisnetz.com\/shop\/"},{"@type":"ListItem","position":3,"name":"Buy Netherland Boat license"}]},{"@type":"WebSite","@id":"https:\/\/fahrerlaubnisnetz.com\/#website","url":"https:\/\/fahrerlaubnisnetz.com\/","name":"FAHRERLAUBNIS NETZ","description":"Compre su licencia de conducir y pasaporte originales en l\u00ednea","publisher":{"@id":"https:\/\/fahrerlaubnisnetz.com\/#organization"},"alternateName":"DRIVER'S LICENSE NETWORK","potentialAction":[{"@type":"SearchAction","target":{"@type":"EntryPoint","urlTemplate":"https:\/\/fahrerlaubnisnetz.com\/?s={search_term_string}"},"query-input":{"@type":"PropertyValueSpecification","valueRequired":true,"valueName":"search_term_string"}}],"inLanguage":"es"},{"@type":"Organization","@id":"https:\/\/fahrerlaubnisnetz.com\/#organization","name":"FAHRERLAUBNIS NETZ","alternateName":"DRIVER'S LICENSE NETWORK","url":"https:\/\/fahrerlaubnisnetz.com\/","logo":{"@type":"ImageObject","inLanguage":"es","@id":"https:\/\/fahrerlaubnisnetz.com\/#\/schema\/logo\/image\/","url":"https:\/\/fahrerlaubnisnetz.com\/wp-content\/uploads\/2025\/03\/image_2025-03-21_162823337.png","contentUrl":"https:\/\/fahrerlaubnisnetz.com\/wp-content\/uploads\/2025\/03\/image_2025-03-21_162823337.png","width":590,"height":288,"caption":"FAHRERLAUBNIS NETZ"},"image":{"@id":"https:\/\/fahrerlaubnisnetz.com\/#\/schema\/logo\/image\/"}}]}},"_links":{"self":[{"href":"https:\/\/fahrerlaubnisnetz.com\/es\/wp-json\/wp\/v2\/product\/2287","targetHints":{"allow":["GET"]}}],"collection":[{"href":"https:\/\/fahrerlaubnisnetz.com\/es\/wp-json\/wp\/v2\/product"}],"about":[{"href":"https:\/\/fahrerlaubnisnetz.com\/es\/wp-json\/wp\/v2\/types\/product"}],"replies":[{"embeddable":true,"href":"https:\/\/fahrerlaubnisnetz.com\/es\/wp-json\/wp\/v2\/comments?post=2287"}],"wp:featuredmedia":[{"embeddable":true,"href":"https:\/\/fahrerlaubnisnetz.com\/es\/wp-json\/wp\/v2\/media\/2288"}],"wp:attachment":[{"href":"https:\/\/fahrerlaubnisnetz.com\/es\/wp-json\/wp\/v2\/media?parent=2287"}],"wp:term":[{"taxonomy":"product_brand","embeddable":true,"href":"https:\/\/fahrerlaubnisnetz.com\/es\/wp-json\/wp\/v2\/product_brand?post=2287"},{"taxonomy":"product_cat","embeddable":true,"href":"https:\/\/fahrerlaubnisnetz.com\/es\/wp-json\/wp\/v2\/product_cat?post=2287"},{"taxonomy":"product_tag","embeddable":true,"href":"https:\/\/fahrerlaubnisnetz.com\/es\/wp-json\/wp\/v2\/product_tag?post=2287"}],"curies":[{"name":"wp","href":"https:\/\/api.w.org\/{rel}","templated":true}]}}