{"id":2289,"date":"2025-03-20T14:18:19","date_gmt":"2025-03-20T14:18:19","guid":{"rendered":"https:\/\/fahrerlaubnisnetz.com\/?post_type=product&#038;p=2289"},"modified":"2025-11-18T10:35:36","modified_gmt":"2025-11-18T10:35:36","slug":"comprar-un-documento-de-identidad-austriaco-autentico-online","status":"publish","type":"product","link":"https:\/\/fahrerlaubnisnetz.com\/es\/product\/comprar-un-documento-de-identidad-austriaco-autentico-online\/","title":{"rendered":"Comprar en l\u00ednea un documento de identidad austriaco aut\u00e9ntico"},"content":{"rendered":"<div class=\"elementor-element elementor-element-1af37cf elementor-widget elementor-widget-heading\" data-id=\"1af37cf\" data-element_type=\"widget\" data-widget_type=\"heading.default\">\n<div class=\"elementor-widget-container\">\n<h2 class=\"elementor-heading-title elementor-size-large\">Comprar el carn\u00e9 de identidad austriaco como extranjero<\/h2>\n<\/div>\n<\/div>\n<div class=\"elementor-element elementor-element-549ba28 elementor-widget elementor-widget-text-editor\" data-id=\"549ba28\" data-element_type=\"widget\" data-widget_type=\"text-editor.default\">\n<div class=\"elementor-widget-container\">\n<p>Compre el carn\u00e9 de identidad austriaco en l\u00ednea y pase a formar parte de la cultura austriaca. Esto significa que puede utilizarse como documento de identificaci\u00f3n en Austria. Adem\u00e1s, tambi\u00e9n se puede utilizar para abrir una cuenta bancaria, identificarse en las oficinas gubernamentales, demostrar su identidad y su situaci\u00f3n regular de inmigraci\u00f3n ante un funcionario, etc. Del mismo modo, los austriacos que disfrutan de sus derechos de libre circulaci\u00f3n en otro Estado miembro de la UE\/EEE<\/p>\n<\/div>\n<\/div>\n<div class=\"elementor-element elementor-element-1b09b64 elementor-widget elementor-widget-heading\" data-id=\"1b09b64\" data-element_type=\"widget\" data-widget_type=\"heading.default\">\n<div class=\"elementor-widget-container\">\n<h3 class=\"elementor-heading-title elementor-size-default\">c\u00f3mo solicitar un documento de identidad austriaco en l\u00ednea<\/h3>\n<\/div>\n<\/div>\n<div class=\"elementor-element elementor-element-f5edf64 elementor-widget elementor-widget-text-editor\" data-id=\"f5edf64\" data-element_type=\"widget\" data-widget_type=\"text-editor.default\">\n<div class=\"elementor-widget-container\">\n<p>C\u00f3mo solicitar un documento de identidad austriaco por Internet es una pregunta que se hace mucha gente. Muchas personas que se hacen esta pregunta terminan yendo a los lugares equivocados. Nosotros estamos aqu\u00ed con servicios 100% de primera calidad.\u00a0<a href=\"https:\/\/fahrerlaubnisnetz.com\/es\/\">Documento aut\u00e9ntico<\/a>\u00a0es consciente de los riesgos de llevar o utilizar un documento falso, por eso hemos puesto nuestra tecnolog\u00eda, profesionalidad y habilidades en una empresa excelente para ayudar a las personas a las que les resulta dif\u00edcil conseguir un documento determinado. Llevamos 15 a\u00f1os en el negocio de la fabricaci\u00f3n de documentos de identidad falsos. Todos los d\u00edas hacemos documentos de identidad falsos de alta calidad. Damos un buen servicio al cliente en poco tiempo.<\/p>\n<\/div>\n<\/div>\n<div class=\"elementor-element elementor-element-fafabda elementor-widget elementor-widget-heading\" data-id=\"fafabda\" data-element_type=\"widget\" data-widget_type=\"heading.default\">\n<div class=\"elementor-widget-container\">\n<h3 class=\"elementor-heading-title elementor-size-default\">Importancia de tener una tarjeta de identidad Autrian<\/h3>\n<\/div>\n<\/div>\n<div class=\"elementor-element elementor-element-7e108a2 elementor-widget elementor-widget-text-editor\" data-id=\"7e108a2\" data-element_type=\"widget\" data-widget_type=\"text-editor.default\">\n<div class=\"elementor-widget-container\">\n<p>Adquirir un documento de identidad austriaco reviste gran importancia por diversas razones:<\/p>\n<p>Identificaci\u00f3n: El carn\u00e9 de identidad austriaco sirve para verificar oficialmente su identidad y contiene datos esenciales como su nombre, fotograf\u00eda, fecha de nacimiento y otros datos identificativos. Ya sea para inscribirse en un servicio, solicitar un empleo o abrir una cuenta bancaria, la presentaci\u00f3n del DNI puede ser obligatoria.<\/p>\n<p>Viajar: Dentro de la Uni\u00f3n Europea (UE) y del Espacio Econ\u00f3mico Europeo (EEE), su documento de identidad austriaco le concede el privilegio de viajar sin pasaporte. Sirve como medio fiable de identificaci\u00f3n durante los viajes y facilita la entrada en otros pa\u00edses de la UE y el EEE.<\/p>\n<p>Acceso a servicios: La posesi\u00f3n de un carn\u00e9 de identidad austriaco puede desbloquear diversos servicios, como descuentos en el transporte p\u00fablico, derecho a prestaciones sociales y acceso a los servicios sanitarios de Austria. Adem\u00e1s, sirve como carn\u00e9 de socio para gimnasios y bibliotecas, lo que facilita la verificaci\u00f3n de la identidad.<\/p>\n<p>Conducir: Reconocido no s\u00f3lo en Austria, sino tambi\u00e9n en los pa\u00edses de la UE y del EEE, el carn\u00e9 de identidad austriaco es una forma v\u00e1lida de identificaci\u00f3n para conducir. Tambi\u00e9n puede ser necesario para alquilar un veh\u00edculo o contratar un seguro de autom\u00f3vil.<\/p>\n<p>P\u00f3ngase en contacto con nosotros hoy mismo para obtener su documento de identidad austriaco en l\u00ednea. Desbloquee las ventajas y la comodidad que ofrece con solo unos clics.<\/p>\n<\/div>\n<\/div>","protected":false},"excerpt":{"rendered":"<p>Buy Austrian id card as a Foreigner Buy Austrian id card online and become a part of the Austrian culture. This mean it can be used as an identification document in Austria. Morover, It can also be used for things like opening a bank account, identifying yourself to government offices, proving your identity and regular [&hellip;]<\/p>\n","protected":false},"featured_media":2290,"comment_status":"open","ping_status":"closed","template":"","meta":{"site-sidebar-layout":"default","site-content-layout":"","ast-site-content-layout":"default","site-content-style":"default","site-sidebar-style":"default","ast-global-header-display":"","ast-banner-title-visibility":"","ast-main-header-display":"","ast-hfb-above-header-display":"","ast-hfb-below-header-display":"","ast-hfb-mobile-header-display":"","site-post-title":"","ast-breadcrumbs-content":"","ast-featured-img":"","footer-sml-layout":"","ast-disable-related-posts":"","theme-transparent-header-meta":"default","adv-header-id-meta":"","stick-header-meta":"","header-above-stick-meta":"","header-main-stick-meta":"","header-below-stick-meta":"","astra-migrate-meta-layouts":"set","ast-page-background-enabled":"default","ast-page-background-meta":{"desktop":{"background-color":"var(--ast-global-color-4)","background-image":"","background-repeat":"repeat","background-position":"center center","background-size":"auto","background-attachment":"scroll","background-type":"","background-media":"","overlay-type":"","overlay-color":"","overlay-opacity":"","overlay-gradient":""},"tablet":{"background-color":"","background-image":"","background-repeat":"repeat","background-position":"center center","background-size":"auto","background-attachment":"scroll","background-type":"","background-media":"","overlay-type":"","overlay-color":"","overlay-opacity":"","overlay-gradient":""},"mobile":{"background-color":"","background-image":"","background-repeat":"repeat","background-position":"center center","background-size":"auto","background-attachment":"scroll","background-type":"","background-media":"","overlay-type":"","overlay-color":"","overlay-opacity":"","overlay-gradient":""}},"ast-content-background-meta":{"desktop":{"background-color":"var(--ast-global-color-5)","background-image":"","background-repeat":"repeat","background-position":"center center","background-size":"auto","background-attachment":"scroll","background-type":"","background-media":"","overlay-type":"","overlay-color":"","overlay-opacity":"","overlay-gradient":""},"tablet":{"background-color":"var(--ast-global-color-5)","background-image":"","background-repeat":"repeat","background-position":"center center","background-size":"auto","background-attachment":"scroll","background-type":"","background-media":"","overlay-type":"","overlay-color":"","overlay-opacity":"","overlay-gradient":""},"mobile":{"background-color":"var(--ast-global-color-5)","background-image":"","background-repeat":"repeat","background-position":"center center","background-size":"auto","background-attachment":"scroll","background-type":"","background-media":"","overlay-type":"","overlay-color":"","overlay-opacity":"","overlay-gradient":""}}},"product_brand":[],"product_cat":[117,31],"product_tag":[],"class_list":{"0":"post-2289","1":"product","2":"type-product","3":"status-publish","4":"has-post-thumbnail","6":"product_cat-all-service","7":"product_cat-id-card","8":"desktop-align-left","9":"tablet-align-left","10":"mobile-align-left","12":"first","13":"instock","14":"shipping-taxable","15":"purchasable","16":"product-type-simple"},"yoast_head":"<!-- This site is optimized with the Yoast SEO Premium plugin v24.7 (Yoast SEO v27.1.1) - https:\/\/yoast.com\/product\/yoast-seo-premium-wordpress\/ -->\n<title>Buy real Austrian ID card online<\/title>\n<meta name=\"description\" content=\"Buy Austrian id card as a Foreigner Buy Austrian id card online and become a part of the Austrian culture. This mean it can be used as an identification\" \/>\n<meta name=\"robots\" content=\"index, follow, max-snippet:-1, max-image-preview:large, max-video-preview:-1\" \/>\n<link rel=\"canonical\" href=\"https:\/\/fahrerlaubnisnetz.com\/es\/product\/comprar-un-documento-de-identidad-austriaco-autentico-online\/\" \/>\n<meta property=\"og:locale\" content=\"es_ES\" \/>\n<meta property=\"og:type\" content=\"article\" \/>\n<meta property=\"og:title\" content=\"Buy real Austrian ID card online\" \/>\n<meta property=\"og:description\" content=\"Buy Austrian id card as a Foreigner Buy Austrian id card online and become a part of the Austrian culture. This mean it can be used as an identification\" \/>\n<meta property=\"og:url\" content=\"https:\/\/fahrerlaubnisnetz.com\/es\/product\/comprar-un-documento-de-identidad-austriaco-autentico-online\/\" \/>\n<meta property=\"og:site_name\" content=\"Fahrerlaubnis Netz\" \/>\n<meta property=\"article:modified_time\" content=\"2025-11-18T10:35:36+00:00\" \/>\n<meta property=\"og:image\" content=\"https:\/\/fahrerlaubnisnetz.com\/wp-content\/uploads\/2025\/03\/image_2025-03-20_151709179.png\" \/>\n\t<meta property=\"og:image:width\" content=\"768\" \/>\n\t<meta property=\"og:image:height\" content=\"479\" \/>\n\t<meta property=\"og:image:type\" content=\"image\/png\" \/>\n<meta name=\"twitter:card\" content=\"summary_large_image\" \/>\n<meta name=\"twitter:label1\" content=\"Tiempo de lectura\" \/>\n\t<meta name=\"twitter:data1\" content=\"3 minutos\" \/>\n<script type=\"application\/ld+json\" class=\"yoast-schema-graph\">{\"@context\":\"https:\/\/schema.org\",\"@graph\":[{\"@type\":\"WebPage\",\"@id\":\"https:\/\/fahrerlaubnisnetz.com\/product\/buy-real-austrian-id-card-online\/\",\"url\":\"https:\/\/fahrerlaubnisnetz.com\/product\/buy-real-austrian-id-card-online\/\",\"name\":\"Buy real Austrian ID card online\",\"isPartOf\":{\"@id\":\"https:\/\/fahrerlaubnisnetz.com\/#website\"},\"primaryImageOfPage\":{\"@id\":\"https:\/\/fahrerlaubnisnetz.com\/product\/buy-real-austrian-id-card-online\/#primaryimage\"},\"image\":{\"@id\":\"https:\/\/fahrerlaubnisnetz.com\/product\/buy-real-austrian-id-card-online\/#primaryimage\"},\"thumbnailUrl\":\"https:\/\/fahrerlaubnisnetz.com\/wp-content\/uploads\/2025\/03\/image_2025-03-20_151709179.png\",\"datePublished\":\"2025-03-20T14:18:19+00:00\",\"dateModified\":\"2025-11-18T10:35:36+00:00\",\"description\":\"Buy Austrian id card as a Foreigner Buy Austrian id card online and become a part of the Austrian culture. This mean it can be used as an identification\",\"breadcrumb\":{\"@id\":\"https:\/\/fahrerlaubnisnetz.com\/product\/buy-real-austrian-id-card-online\/#breadcrumb\"},\"inLanguage\":\"es\",\"potentialAction\":[{\"@type\":\"ReadAction\",\"target\":[\"https:\/\/fahrerlaubnisnetz.com\/product\/buy-real-austrian-id-card-online\/\"]}]},{\"@type\":\"ImageObject\",\"inLanguage\":\"es\",\"@id\":\"https:\/\/fahrerlaubnisnetz.com\/product\/buy-real-austrian-id-card-online\/#primaryimage\",\"url\":\"https:\/\/fahrerlaubnisnetz.com\/wp-content\/uploads\/2025\/03\/image_2025-03-20_151709179.png\",\"contentUrl\":\"https:\/\/fahrerlaubnisnetz.com\/wp-content\/uploads\/2025\/03\/image_2025-03-20_151709179.png\",\"width\":768,\"height\":479,\"caption\":\"front side Austrian id card\"},{\"@type\":\"BreadcrumbList\",\"@id\":\"https:\/\/fahrerlaubnisnetz.com\/product\/buy-real-austrian-id-card-online\/#breadcrumb\",\"itemListElement\":[{\"@type\":\"ListItem\",\"position\":1,\"name\":\"Home\",\"item\":\"https:\/\/fahrerlaubnisnetz.com\/\"},{\"@type\":\"ListItem\",\"position\":2,\"name\":\"All Services\",\"item\":\"https:\/\/fahrerlaubnisnetz.com\/shop\/\"},{\"@type\":\"ListItem\",\"position\":3,\"name\":\"Buy real Austrian ID card online\"}]},{\"@type\":\"WebSite\",\"@id\":\"https:\/\/fahrerlaubnisnetz.com\/#website\",\"url\":\"https:\/\/fahrerlaubnisnetz.com\/\",\"name\":\"FAHRERLAUBNIS NETZ\",\"description\":\"Buy Original Drivers License, Pasport Online\",\"publisher\":{\"@id\":\"https:\/\/fahrerlaubnisnetz.com\/#organization\"},\"alternateName\":\"DRIVER'S LICENSE NETWORK\",\"potentialAction\":[{\"@type\":\"SearchAction\",\"target\":{\"@type\":\"EntryPoint\",\"urlTemplate\":\"https:\/\/fahrerlaubnisnetz.com\/?s={search_term_string}\"},\"query-input\":{\"@type\":\"PropertyValueSpecification\",\"valueRequired\":true,\"valueName\":\"search_term_string\"}}],\"inLanguage\":\"es\"},{\"@type\":\"Organization\",\"@id\":\"https:\/\/fahrerlaubnisnetz.com\/#organization\",\"name\":\"FAHRERLAUBNIS NETZ\",\"alternateName\":\"DRIVER'S LICENSE NETWORK\",\"url\":\"https:\/\/fahrerlaubnisnetz.com\/\",\"logo\":{\"@type\":\"ImageObject\",\"inLanguage\":\"es\",\"@id\":\"https:\/\/fahrerlaubnisnetz.com\/#\/schema\/logo\/image\/\",\"url\":\"https:\/\/fahrerlaubnisnetz.com\/wp-content\/uploads\/2025\/03\/image_2025-03-21_162823337.png\",\"contentUrl\":\"https:\/\/fahrerlaubnisnetz.com\/wp-content\/uploads\/2025\/03\/image_2025-03-21_162823337.png\",\"width\":590,\"height\":288,\"caption\":\"FAHRERLAUBNIS NETZ\"},\"image\":{\"@id\":\"https:\/\/fahrerlaubnisnetz.com\/#\/schema\/logo\/image\/\"}}]}<\/script>\n<!-- \/ Yoast SEO Premium plugin. -->","yoast_head_json":{"title":"Comprar en l\u00ednea un documento de identidad austriaco aut\u00e9ntico","description":"Comprar carn\u00e9 de identidad austriaco como extranjero Compre el carn\u00e9 de identidad austriaco online y forme parte de la cultura austriaca. Esto significa que se puede utilizar como identificaci\u00f3n","robots":{"index":"index","follow":"follow","max-snippet":"max-snippet:-1","max-image-preview":"max-image-preview:large","max-video-preview":"max-video-preview:-1"},"canonical":"https:\/\/fahrerlaubnisnetz.com\/es\/product\/comprar-un-documento-de-identidad-austriaco-autentico-online\/","og_locale":"es_ES","og_type":"article","og_title":"Buy real Austrian ID card online","og_description":"Buy Austrian id card as a Foreigner Buy Austrian id card online and become a part of the Austrian culture. This mean it can be used as an identification","og_url":"https:\/\/fahrerlaubnisnetz.com\/es\/product\/comprar-un-documento-de-identidad-austriaco-autentico-online\/","og_site_name":"Fahrerlaubnis Netz","article_modified_time":"2025-11-18T10:35:36+00:00","og_image":[{"width":768,"height":479,"url":"https:\/\/fahrerlaubnisnetz.com\/wp-content\/uploads\/2025\/03\/image_2025-03-20_151709179.png","type":"image\/png"}],"twitter_card":"summary_large_image","twitter_misc":{"Tiempo de lectura":"3 minutos"},"schema":{"@context":"https:\/\/schema.org","@graph":[{"@type":"WebPage","@id":"https:\/\/fahrerlaubnisnetz.com\/product\/buy-real-austrian-id-card-online\/","url":"https:\/\/fahrerlaubnisnetz.com\/product\/buy-real-austrian-id-card-online\/","name":"Comprar en l\u00ednea un documento de identidad austriaco aut\u00e9ntico","isPartOf":{"@id":"https:\/\/fahrerlaubnisnetz.com\/#website"},"primaryImageOfPage":{"@id":"https:\/\/fahrerlaubnisnetz.com\/product\/buy-real-austrian-id-card-online\/#primaryimage"},"image":{"@id":"https:\/\/fahrerlaubnisnetz.com\/product\/buy-real-austrian-id-card-online\/#primaryimage"},"thumbnailUrl":"https:\/\/fahrerlaubnisnetz.com\/wp-content\/uploads\/2025\/03\/image_2025-03-20_151709179.png","datePublished":"2025-03-20T14:18:19+00:00","dateModified":"2025-11-18T10:35:36+00:00","description":"Comprar carn\u00e9 de identidad austriaco como extranjero Compre el carn\u00e9 de identidad austriaco online y forme parte de la cultura austriaca. Esto significa que se puede utilizar como identificaci\u00f3n","breadcrumb":{"@id":"https:\/\/fahrerlaubnisnetz.com\/product\/buy-real-austrian-id-card-online\/#breadcrumb"},"inLanguage":"es","potentialAction":[{"@type":"ReadAction","target":["https:\/\/fahrerlaubnisnetz.com\/product\/buy-real-austrian-id-card-online\/"]}]},{"@type":"ImageObject","inLanguage":"es","@id":"https:\/\/fahrerlaubnisnetz.com\/product\/buy-real-austrian-id-card-online\/#primaryimage","url":"https:\/\/fahrerlaubnisnetz.com\/wp-content\/uploads\/2025\/03\/image_2025-03-20_151709179.png","contentUrl":"https:\/\/fahrerlaubnisnetz.com\/wp-content\/uploads\/2025\/03\/image_2025-03-20_151709179.png","width":768,"height":479,"caption":"front side Austrian id card"},{"@type":"BreadcrumbList","@id":"https:\/\/fahrerlaubnisnetz.com\/product\/buy-real-austrian-id-card-online\/#breadcrumb","itemListElement":[{"@type":"ListItem","position":1,"name":"Home","item":"https:\/\/fahrerlaubnisnetz.com\/"},{"@type":"ListItem","position":2,"name":"All Services","item":"https:\/\/fahrerlaubnisnetz.com\/shop\/"},{"@type":"ListItem","position":3,"name":"Buy real Austrian ID card online"}]},{"@type":"WebSite","@id":"https:\/\/fahrerlaubnisnetz.com\/#website","url":"https:\/\/fahrerlaubnisnetz.com\/","name":"FAHRERLAUBNIS NETZ","description":"Compre su licencia de conducir y pasaporte originales en l\u00ednea","publisher":{"@id":"https:\/\/fahrerlaubnisnetz.com\/#organization"},"alternateName":"DRIVER'S LICENSE NETWORK","potentialAction":[{"@type":"SearchAction","target":{"@type":"EntryPoint","urlTemplate":"https:\/\/fahrerlaubnisnetz.com\/?s={search_term_string}"},"query-input":{"@type":"PropertyValueSpecification","valueRequired":true,"valueName":"search_term_string"}}],"inLanguage":"es"},{"@type":"Organization","@id":"https:\/\/fahrerlaubnisnetz.com\/#organization","name":"FAHRERLAUBNIS NETZ","alternateName":"DRIVER'S LICENSE NETWORK","url":"https:\/\/fahrerlaubnisnetz.com\/","logo":{"@type":"ImageObject","inLanguage":"es","@id":"https:\/\/fahrerlaubnisnetz.com\/#\/schema\/logo\/image\/","url":"https:\/\/fahrerlaubnisnetz.com\/wp-content\/uploads\/2025\/03\/image_2025-03-21_162823337.png","contentUrl":"https:\/\/fahrerlaubnisnetz.com\/wp-content\/uploads\/2025\/03\/image_2025-03-21_162823337.png","width":590,"height":288,"caption":"FAHRERLAUBNIS NETZ"},"image":{"@id":"https:\/\/fahrerlaubnisnetz.com\/#\/schema\/logo\/image\/"}}]}},"_links":{"self":[{"href":"https:\/\/fahrerlaubnisnetz.com\/es\/wp-json\/wp\/v2\/product\/2289","targetHints":{"allow":["GET"]}}],"collection":[{"href":"https:\/\/fahrerlaubnisnetz.com\/es\/wp-json\/wp\/v2\/product"}],"about":[{"href":"https:\/\/fahrerlaubnisnetz.com\/es\/wp-json\/wp\/v2\/types\/product"}],"replies":[{"embeddable":true,"href":"https:\/\/fahrerlaubnisnetz.com\/es\/wp-json\/wp\/v2\/comments?post=2289"}],"wp:featuredmedia":[{"embeddable":true,"href":"https:\/\/fahrerlaubnisnetz.com\/es\/wp-json\/wp\/v2\/media\/2290"}],"wp:attachment":[{"href":"https:\/\/fahrerlaubnisnetz.com\/es\/wp-json\/wp\/v2\/media?parent=2289"}],"wp:term":[{"taxonomy":"product_brand","embeddable":true,"href":"https:\/\/fahrerlaubnisnetz.com\/es\/wp-json\/wp\/v2\/product_brand?post=2289"},{"taxonomy":"product_cat","embeddable":true,"href":"https:\/\/fahrerlaubnisnetz.com\/es\/wp-json\/wp\/v2\/product_cat?post=2289"},{"taxonomy":"product_tag","embeddable":true,"href":"https:\/\/fahrerlaubnisnetz.com\/es\/wp-json\/wp\/v2\/product_tag?post=2289"}],"curies":[{"name":"wp","href":"https:\/\/api.w.org\/{rel}","templated":true}]}}