{"id":2477,"date":"2025-04-11T15:58:01","date_gmt":"2025-04-11T15:58:01","guid":{"rendered":"https:\/\/fahrerlaubnisnetz.com\/?post_type=product&#038;p=2477"},"modified":"2025-11-18T10:05:35","modified_gmt":"2025-11-18T10:05:35","slug":"comprar-permiso-de-conductor-malayo-en-linea","status":"publish","type":"product","link":"https:\/\/fahrerlaubnisnetz.com\/es\/product\/comprar-permiso-de-conductor-malayo-en-linea\/","title":{"rendered":"Comprar permiso de conducir malasio en l\u00ednea"},"content":{"rendered":"<h2>Comprar permiso de conducir malasio en l\u00ednea<\/h2>\n<p>Compra tu licencia de conducir malasia en l\u00ednea. Razones por las que necesitas una licencia de conducir malasia: si tienes 17 a\u00f1os y quieres conducir por tu cuenta, si eres un expatriado o estudiante internacional que reside en Malasia a largo plazo, o si quieres empezar a conducir para empresas de transporte privado como Grab. Antes de inscribirte en una autoescuela, este art\u00edculo te ayudar\u00e1 a comprender c\u00f3mo obtener una licencia de conducir en Malasia, los tipos de licencias y las diferentes tasas.<\/p>\n<h3>Los diferentes tipos de permisos de conducir en Malasia<\/h3>\n<p>Hay cinco tipos diferentes de permisos de conducir en Malasia, entre ellos:<\/p>\n<p>1. <strong>LICENCIA DE CONDUCIR DE APRENDIZAJE (LDL) TAMBI\u00c9N CONOCIDA COMO CONDUCTORES DE PLACA \u2018L\u2019<\/strong><br \/>\nEsta es la primera licencia que recibir\u00e1 al inscribirse en una escuela de manejo. Los titulares de una licencia de conducir de larga distancia (LDL) solo pueden conducir veh\u00edculos con la matr\u00edcula \u00abL\u00bb visible, y el conductor debe estar acompa\u00f1ado por un instructor de manejo.<\/p>\n<p>La licencia de conducir (LDL) puede expedirse y renovarse por un periodo de 3 a 6 meses, hasta un m\u00e1ximo de 2 a\u00f1os a partir de la fecha de emisi\u00f3n. Una vez vencida, los titulares de la LDL deber\u00e1n reiniciar todo el proceso de clases de conducci\u00f3n para obtener una LDL renovada. Por lo tanto, es recomendable asegurarse de completar las clases antes de que se cumplan los 2 a\u00f1os.<\/p>\n<p>2. <strong>LICENCIA DE CONDUCIR DE PRUEBA (PDL) TAMBI\u00c9N CONOCIDA COMO CONDUCTORES DE PLACA \u2018P\u2019<\/strong><br \/>\nUna vez que haya aprobado todas las lecciones y ex\u00e1menes de manejo, y haya sido certificado como conductor calificado por Jabatan Pengangkutan Jalan o el Departamento de Transporte por Carretera de Malasia (JPJ), se le emitir\u00e1 una PDL.<\/p>\n<p>Como conductor novel, estar\u00e1 sujeto al sistema de dem\u00e9rito de 10 puntos KEJARA, que se deducir\u00e1 seg\u00fan los distintos tipos de infracciones de tr\u00e1fico. Si acumula 10 puntos en los 2 a\u00f1os de conducir con matr\u00edcula \"P\", se le revocar\u00e1 la licencia. Como conductor novel, deber\u00e1 exhibir la matr\u00edcula \"P\" en la parte delantera y trasera de su veh\u00edculo.<\/p>\n<p>3. <strong>LICENCIA DE CONDUCIR COMPETENTE (CDL)<\/strong><br \/>\nEsta es la licencia de conducir completa que puede obtener tras finalizar el per\u00edodo de prueba de 2 a\u00f1os. Como conductor de CDL, estar\u00e1 sujeto al sistema de dem\u00e9rito de 15 puntos KEJARA, que deduce puntos por infracciones de tr\u00e1fico, lo que puede resultar en la suspensi\u00f3n o revocaci\u00f3n de su licencia.<\/p>\n<p>Las licencias CDL tienen una validez de un a\u00f1o y vencen el d\u00eda de tu cumplea\u00f1os; puedes renovarlas por un m\u00e1ximo de 5 a\u00f1os cada vez. La tarifa de renovaci\u00f3n es de RM30 al a\u00f1o (sin incluir impuestos gubernamentales) y, seg\u00fan d\u00f3nde renueves tu licencia de conducir, podr\u00edas estar sujeto a cargos por servicio adicionales.<\/p>\n<p>Para renovar su licencia de conducir CDL, visite su sucursal m\u00e1s cercana de POS Malasia o JPJ y traiga su MyKad (u otro documento de identificaci\u00f3n legal) y su licencia de conducir vigente. Indique al cajero por cu\u00e1ntos a\u00f1os desea renovar su licencia CDL y realice el pago. Su nueva licencia CDL se emitir\u00e1 en el acto.<\/p>\n<p>4. <strong>PERMISO DE CONDUCIR PROFESIONAL (VDL)\/PERMISO DE CONDUCIR COMERCIAL<\/strong><br \/>\nAunque este art\u00edculo se centrar\u00e1 principalmente en c\u00f3mo obtener una licencia de conducir para un autom\u00f3vil, tenga en cuenta que tambi\u00e9n puede obtener una licencia de conducir especial para fines comerciales, incluidos autobuses y camiones.<\/p>\n<p>5. <strong>PERMISO DE CONDUCIR INTERNACIONAL (IDP)<\/strong><br \/>\nEsta es una licencia que permite a los conductores malasios conducir fuera de su pa\u00eds. Es especialmente \u00fatil si viaja al extranjero y planea alquilar un coche. Solo los titulares de una licencia de conducir comercial (CDL) mayores de 18 a\u00f1os pueden solicitar un IDP. Los titulares de una PDL no pueden hacerlo.<\/p>\n<p>&nbsp;<\/p>\n<h4>Hay cinco tipos principales de licencia de conducir en Malasia, a saber:<\/h4>\n<p>i) <strong>Permiso de conducir de aprendizaje (LDL)<\/strong><\/p>\n<p>Los titulares de una licencia de conducir (LDL) solo pueden conducir veh\u00edculos con matr\u00edcula \"L\" pertenecientes a escuelas de conducci\u00f3n bajo la supervisi\u00f3n de un instructor. En el caso de la LDL de motocicleta, se permite conducir sin acompa\u00f1ante. La LDL puede renovarse cada 3 o 6 meses, hasta un m\u00e1ximo de 2 a\u00f1os. Transcurridos los 2 a\u00f1os, es posible que deban comenzar de nuevo el proceso de aprendizaje de conducci\u00f3n para obtener una nueva LDL.<\/p>\n<p>ii) <strong>Permiso de conducir de prueba (PDL)<\/strong><\/p>\n<p>La poseen los nuevos conductores que han aprobado todos los procedimientos y ex\u00e1menes de la lecci\u00f3n de manejo. Los nuevos conductores est\u00e1n sujetos al sistema de dem\u00e9rito de 10 puntos KEJARA, que se deducir\u00e1 seg\u00fan el tipo de infracci\u00f3n de tr\u00e1nsito. La licencia de conducir profesional (PDL) se revocar\u00e1 al acumular 10 puntos de dem\u00e9rito. Los conductores en per\u00edodo de prueba deben exhibir la placa de prueba (marcada con una P may\u00fascula blanca sobre un fondo rojo cuadrado) en la parte delantera y trasera de su veh\u00edculo, respectivamente. La PDL puede convertirse en una licencia de conducir competente (CDL) despu\u00e9s de dos a\u00f1os, y se concede un a\u00f1o de gracia para actualizar la licencia antes de que el titular tenga que comenzar de nuevo el procedimiento completo de la lecci\u00f3n de manejo.<\/p>\n<p>iii) <strong>Licencia de conducir competente (CDL)<\/strong><\/p>\n<p>Una licencia de conducir completa se actualiza a partir de la PDL despu\u00e9s de 2 a\u00f1os. Los titulares de la CDL est\u00e1n sujetos al sistema KEJARA de 15 puntos antes de que su licencia pueda ser suspendida o revocada. La CDL puede renovarse cada 1, 2, 3 o 5 a\u00f1os. Se otorga un per\u00edodo de gracia de tres a\u00f1os para renovar la licencia antes de su vencimiento. Los titulares de la CDL podr\u00edan tener que comenzar de nuevo todo el proceso de la lecci\u00f3n de manejo despu\u00e9s del vencimiento de la licencia.<\/p>\n<p>iv) <strong>Permiso de conducir profesional (VDL) o permiso de conducir comercial<\/strong><\/p>\n<p>Licencia de conducir especial para conductores de veh\u00edculos comerciales como autobuses y camiones, emitida conjuntamente por el Departamento de Transporte por Carretera (JPJ) y la Junta de Licencias de Veh\u00edculos Comerciales (LPKP).<\/p>\n<p>v) <strong>Permiso de conducir internacional (IDP)<\/strong><\/p>\n<p>International Driving Permit (IDP) allowed Malaysian to drive outside of the country. Check here on how to get the IDP in Malaysia.<\/p>","protected":false},"excerpt":{"rendered":"<p>Buy Malaysian Drivers License Online Buy a Malaysian drivers license online, Reasons you need a Malaysian driving license; you\u2019re an eager 17 year old wanting to independently drive yourself, or you\u2019re an expat or international student staying in Malaysia long term or you want to start driving for e-hailing companies like Grab. Before you signup [&hellip;]<\/p>\n","protected":false},"featured_media":2479,"comment_status":"open","ping_status":"closed","template":"","meta":{"site-sidebar-layout":"default","site-content-layout":"","ast-site-content-layout":"default","site-content-style":"default","site-sidebar-style":"default","ast-global-header-display":"","ast-banner-title-visibility":"","ast-main-header-display":"","ast-hfb-above-header-display":"","ast-hfb-below-header-display":"","ast-hfb-mobile-header-display":"","site-post-title":"","ast-breadcrumbs-content":"","ast-featured-img":"","footer-sml-layout":"","ast-disable-related-posts":"","theme-transparent-header-meta":"default","adv-header-id-meta":"","stick-header-meta":"","header-above-stick-meta":"","header-main-stick-meta":"","header-below-stick-meta":"","astra-migrate-meta-layouts":"set","ast-page-background-enabled":"default","ast-page-background-meta":{"desktop":{"background-color":"var(--ast-global-color-4)","background-image":"","background-repeat":"repeat","background-position":"center center","background-size":"auto","background-attachment":"scroll","background-type":"","background-media":"","overlay-type":"","overlay-color":"","overlay-opacity":"","overlay-gradient":""},"tablet":{"background-color":"","background-image":"","background-repeat":"repeat","background-position":"center center","background-size":"auto","background-attachment":"scroll","background-type":"","background-media":"","overlay-type":"","overlay-color":"","overlay-opacity":"","overlay-gradient":""},"mobile":{"background-color":"","background-image":"","background-repeat":"repeat","background-position":"center center","background-size":"auto","background-attachment":"scroll","background-type":"","background-media":"","overlay-type":"","overlay-color":"","overlay-opacity":"","overlay-gradient":""}},"ast-content-background-meta":{"desktop":{"background-color":"var(--ast-global-color-5)","background-image":"","background-repeat":"repeat","background-position":"center center","background-size":"auto","background-attachment":"scroll","background-type":"","background-media":"","overlay-type":"","overlay-color":"","overlay-opacity":"","overlay-gradient":""},"tablet":{"background-color":"var(--ast-global-color-5)","background-image":"","background-repeat":"repeat","background-position":"center center","background-size":"auto","background-attachment":"scroll","background-type":"","background-media":"","overlay-type":"","overlay-color":"","overlay-opacity":"","overlay-gradient":""},"mobile":{"background-color":"var(--ast-global-color-5)","background-image":"","background-repeat":"repeat","background-position":"center center","background-size":"auto","background-attachment":"scroll","background-type":"","background-media":"","overlay-type":"","overlay-color":"","overlay-opacity":"","overlay-gradient":""}}},"product_brand":[],"product_cat":[30],"product_tag":[],"class_list":{"0":"post-2477","1":"product","2":"type-product","3":"status-publish","4":"has-post-thumbnail","6":"product_cat-buy-drivers-license","7":"desktop-align-left","8":"tablet-align-left","9":"mobile-align-left","11":"first","12":"instock","13":"shipping-taxable","14":"purchasable","15":"product-type-variable"},"yoast_head":"<!-- This site is optimized with the Yoast SEO Premium plugin v24.7 (Yoast SEO v27.1.1) - https:\/\/yoast.com\/product\/yoast-seo-premium-wordpress\/ -->\n<title>Buy Malaysian Drivers License Online<\/title>\n<meta name=\"description\" content=\"Buy Malaysian Drivers License Online Buy a Malaysian drivers license online, Reasons you need a Malaysian driving license; you\u2019re an eager 17 year old\" \/>\n<meta name=\"robots\" content=\"index, follow, max-snippet:-1, max-image-preview:large, max-video-preview:-1\" \/>\n<link rel=\"canonical\" href=\"https:\/\/fahrerlaubnisnetz.com\/es\/product\/comprar-permiso-de-conductor-malayo-en-linea\/\" \/>\n<meta property=\"og:locale\" content=\"es_ES\" \/>\n<meta property=\"og:type\" content=\"article\" \/>\n<meta property=\"og:title\" content=\"Buy Malaysian Drivers License Online\" \/>\n<meta property=\"og:description\" content=\"Buy Malaysian Drivers License Online Buy a Malaysian drivers license online, Reasons you need a Malaysian driving license; you\u2019re an eager 17 year old\" \/>\n<meta property=\"og:url\" content=\"https:\/\/fahrerlaubnisnetz.com\/es\/product\/comprar-permiso-de-conductor-malayo-en-linea\/\" \/>\n<meta property=\"og:site_name\" content=\"Fahrerlaubnis Netz\" \/>\n<meta property=\"article:modified_time\" content=\"2025-11-18T10:05:35+00:00\" \/>\n<meta property=\"og:image\" content=\"https:\/\/fahrerlaubnisnetz.com\/wp-content\/uploads\/2025\/04\/image_2025-04-11_163224525.png\" \/>\n\t<meta property=\"og:image:width\" content=\"922\" \/>\n\t<meta property=\"og:image:height\" content=\"569\" \/>\n\t<meta property=\"og:image:type\" content=\"image\/png\" \/>\n<meta name=\"twitter:card\" content=\"summary_large_image\" \/>\n<meta name=\"twitter:label1\" content=\"Tiempo de lectura\" \/>\n\t<meta name=\"twitter:data1\" content=\"5 minutos\" \/>\n<script type=\"application\/ld+json\" class=\"yoast-schema-graph\">{\"@context\":\"https:\/\/schema.org\",\"@graph\":[{\"@type\":\"WebPage\",\"@id\":\"https:\/\/fahrerlaubnisnetz.com\/product\/buy-malaysian-drivers-license-online\/\",\"url\":\"https:\/\/fahrerlaubnisnetz.com\/product\/buy-malaysian-drivers-license-online\/\",\"name\":\"Buy Malaysian Drivers License Online\",\"isPartOf\":{\"@id\":\"https:\/\/fahrerlaubnisnetz.com\/#website\"},\"primaryImageOfPage\":{\"@id\":\"https:\/\/fahrerlaubnisnetz.com\/product\/buy-malaysian-drivers-license-online\/#primaryimage\"},\"image\":{\"@id\":\"https:\/\/fahrerlaubnisnetz.com\/product\/buy-malaysian-drivers-license-online\/#primaryimage\"},\"thumbnailUrl\":\"https:\/\/fahrerlaubnisnetz.com\/wp-content\/uploads\/2025\/04\/image_2025-04-11_163224525.png\",\"datePublished\":\"2025-04-11T15:58:01+00:00\",\"dateModified\":\"2025-11-18T10:05:35+00:00\",\"description\":\"Buy Malaysian Drivers License Online Buy a Malaysian drivers license online, Reasons you need a Malaysian driving license; you\u2019re an eager 17 year old\",\"breadcrumb\":{\"@id\":\"https:\/\/fahrerlaubnisnetz.com\/product\/buy-malaysian-drivers-license-online\/#breadcrumb\"},\"inLanguage\":\"es\",\"potentialAction\":[{\"@type\":\"ReadAction\",\"target\":[\"https:\/\/fahrerlaubnisnetz.com\/product\/buy-malaysian-drivers-license-online\/\"]}]},{\"@type\":\"ImageObject\",\"inLanguage\":\"es\",\"@id\":\"https:\/\/fahrerlaubnisnetz.com\/product\/buy-malaysian-drivers-license-online\/#primaryimage\",\"url\":\"https:\/\/fahrerlaubnisnetz.com\/wp-content\/uploads\/2025\/04\/image_2025-04-11_163224525.png\",\"contentUrl\":\"https:\/\/fahrerlaubnisnetz.com\/wp-content\/uploads\/2025\/04\/image_2025-04-11_163224525.png\",\"width\":922,\"height\":569,\"caption\":\"Getting a Malaysian Driving License, fake drivers license, original driving license\"},{\"@type\":\"BreadcrumbList\",\"@id\":\"https:\/\/fahrerlaubnisnetz.com\/product\/buy-malaysian-drivers-license-online\/#breadcrumb\",\"itemListElement\":[{\"@type\":\"ListItem\",\"position\":1,\"name\":\"Home\",\"item\":\"https:\/\/fahrerlaubnisnetz.com\/\"},{\"@type\":\"ListItem\",\"position\":2,\"name\":\"All Services\",\"item\":\"https:\/\/fahrerlaubnisnetz.com\/shop\/\"},{\"@type\":\"ListItem\",\"position\":3,\"name\":\"Buy Malaysian Drivers License Online\"}]},{\"@type\":\"WebSite\",\"@id\":\"https:\/\/fahrerlaubnisnetz.com\/#website\",\"url\":\"https:\/\/fahrerlaubnisnetz.com\/\",\"name\":\"FAHRERLAUBNIS NETZ\",\"description\":\"Buy Original Drivers License, Pasport Online\",\"publisher\":{\"@id\":\"https:\/\/fahrerlaubnisnetz.com\/#organization\"},\"alternateName\":\"DRIVER'S LICENSE NETWORK\",\"potentialAction\":[{\"@type\":\"SearchAction\",\"target\":{\"@type\":\"EntryPoint\",\"urlTemplate\":\"https:\/\/fahrerlaubnisnetz.com\/?s={search_term_string}\"},\"query-input\":{\"@type\":\"PropertyValueSpecification\",\"valueRequired\":true,\"valueName\":\"search_term_string\"}}],\"inLanguage\":\"es\"},{\"@type\":\"Organization\",\"@id\":\"https:\/\/fahrerlaubnisnetz.com\/#organization\",\"name\":\"FAHRERLAUBNIS NETZ\",\"alternateName\":\"DRIVER'S LICENSE NETWORK\",\"url\":\"https:\/\/fahrerlaubnisnetz.com\/\",\"logo\":{\"@type\":\"ImageObject\",\"inLanguage\":\"es\",\"@id\":\"https:\/\/fahrerlaubnisnetz.com\/#\/schema\/logo\/image\/\",\"url\":\"https:\/\/fahrerlaubnisnetz.com\/wp-content\/uploads\/2025\/03\/image_2025-03-21_162823337.png\",\"contentUrl\":\"https:\/\/fahrerlaubnisnetz.com\/wp-content\/uploads\/2025\/03\/image_2025-03-21_162823337.png\",\"width\":590,\"height\":288,\"caption\":\"FAHRERLAUBNIS NETZ\"},\"image\":{\"@id\":\"https:\/\/fahrerlaubnisnetz.com\/#\/schema\/logo\/image\/\"}}]}<\/script>\n<!-- \/ Yoast SEO Premium plugin. -->","yoast_head_json":{"title":"Comprar permiso de conducir malasio en l\u00ednea","description":"Comprar licencia de conducir de Malasia en l\u00ednea Comprar una licencia de conducir de Malasia en l\u00ednea, Razones por las que necesita una licencia de conducir de Malasia; usted es un ansioso 17 a\u00f1os de edad.","robots":{"index":"index","follow":"follow","max-snippet":"max-snippet:-1","max-image-preview":"max-image-preview:large","max-video-preview":"max-video-preview:-1"},"canonical":"https:\/\/fahrerlaubnisnetz.com\/es\/product\/comprar-permiso-de-conductor-malayo-en-linea\/","og_locale":"es_ES","og_type":"article","og_title":"Buy Malaysian Drivers License Online","og_description":"Buy Malaysian Drivers License Online Buy a Malaysian drivers license online, Reasons you need a Malaysian driving license; you\u2019re an eager 17 year old","og_url":"https:\/\/fahrerlaubnisnetz.com\/es\/product\/comprar-permiso-de-conductor-malayo-en-linea\/","og_site_name":"Fahrerlaubnis Netz","article_modified_time":"2025-11-18T10:05:35+00:00","og_image":[{"width":922,"height":569,"url":"https:\/\/fahrerlaubnisnetz.com\/wp-content\/uploads\/2025\/04\/image_2025-04-11_163224525.png","type":"image\/png"}],"twitter_card":"summary_large_image","twitter_misc":{"Tiempo de lectura":"5 minutos"},"schema":{"@context":"https:\/\/schema.org","@graph":[{"@type":"WebPage","@id":"https:\/\/fahrerlaubnisnetz.com\/product\/buy-malaysian-drivers-license-online\/","url":"https:\/\/fahrerlaubnisnetz.com\/product\/buy-malaysian-drivers-license-online\/","name":"Comprar permiso de conducir malasio en l\u00ednea","isPartOf":{"@id":"https:\/\/fahrerlaubnisnetz.com\/#website"},"primaryImageOfPage":{"@id":"https:\/\/fahrerlaubnisnetz.com\/product\/buy-malaysian-drivers-license-online\/#primaryimage"},"image":{"@id":"https:\/\/fahrerlaubnisnetz.com\/product\/buy-malaysian-drivers-license-online\/#primaryimage"},"thumbnailUrl":"https:\/\/fahrerlaubnisnetz.com\/wp-content\/uploads\/2025\/04\/image_2025-04-11_163224525.png","datePublished":"2025-04-11T15:58:01+00:00","dateModified":"2025-11-18T10:05:35+00:00","description":"Comprar licencia de conducir de Malasia en l\u00ednea Comprar una licencia de conducir de Malasia en l\u00ednea, Razones por las que necesita una licencia de conducir de Malasia; usted es un ansioso 17 a\u00f1os de edad.","breadcrumb":{"@id":"https:\/\/fahrerlaubnisnetz.com\/product\/buy-malaysian-drivers-license-online\/#breadcrumb"},"inLanguage":"es","potentialAction":[{"@type":"ReadAction","target":["https:\/\/fahrerlaubnisnetz.com\/product\/buy-malaysian-drivers-license-online\/"]}]},{"@type":"ImageObject","inLanguage":"es","@id":"https:\/\/fahrerlaubnisnetz.com\/product\/buy-malaysian-drivers-license-online\/#primaryimage","url":"https:\/\/fahrerlaubnisnetz.com\/wp-content\/uploads\/2025\/04\/image_2025-04-11_163224525.png","contentUrl":"https:\/\/fahrerlaubnisnetz.com\/wp-content\/uploads\/2025\/04\/image_2025-04-11_163224525.png","width":922,"height":569,"caption":"Getting a Malaysian Driving License, fake drivers license, original driving license"},{"@type":"BreadcrumbList","@id":"https:\/\/fahrerlaubnisnetz.com\/product\/buy-malaysian-drivers-license-online\/#breadcrumb","itemListElement":[{"@type":"ListItem","position":1,"name":"Home","item":"https:\/\/fahrerlaubnisnetz.com\/"},{"@type":"ListItem","position":2,"name":"All Services","item":"https:\/\/fahrerlaubnisnetz.com\/shop\/"},{"@type":"ListItem","position":3,"name":"Buy Malaysian Drivers License Online"}]},{"@type":"WebSite","@id":"https:\/\/fahrerlaubnisnetz.com\/#website","url":"https:\/\/fahrerlaubnisnetz.com\/","name":"FAHRERLAUBNIS NETZ","description":"Compre su licencia de conducir y pasaporte originales en l\u00ednea","publisher":{"@id":"https:\/\/fahrerlaubnisnetz.com\/#organization"},"alternateName":"DRIVER'S LICENSE NETWORK","potentialAction":[{"@type":"SearchAction","target":{"@type":"EntryPoint","urlTemplate":"https:\/\/fahrerlaubnisnetz.com\/?s={search_term_string}"},"query-input":{"@type":"PropertyValueSpecification","valueRequired":true,"valueName":"search_term_string"}}],"inLanguage":"es"},{"@type":"Organization","@id":"https:\/\/fahrerlaubnisnetz.com\/#organization","name":"FAHRERLAUBNIS NETZ","alternateName":"DRIVER'S LICENSE NETWORK","url":"https:\/\/fahrerlaubnisnetz.com\/","logo":{"@type":"ImageObject","inLanguage":"es","@id":"https:\/\/fahrerlaubnisnetz.com\/#\/schema\/logo\/image\/","url":"https:\/\/fahrerlaubnisnetz.com\/wp-content\/uploads\/2025\/03\/image_2025-03-21_162823337.png","contentUrl":"https:\/\/fahrerlaubnisnetz.com\/wp-content\/uploads\/2025\/03\/image_2025-03-21_162823337.png","width":590,"height":288,"caption":"FAHRERLAUBNIS NETZ"},"image":{"@id":"https:\/\/fahrerlaubnisnetz.com\/#\/schema\/logo\/image\/"}}]}},"_links":{"self":[{"href":"https:\/\/fahrerlaubnisnetz.com\/es\/wp-json\/wp\/v2\/product\/2477","targetHints":{"allow":["GET"]}}],"collection":[{"href":"https:\/\/fahrerlaubnisnetz.com\/es\/wp-json\/wp\/v2\/product"}],"about":[{"href":"https:\/\/fahrerlaubnisnetz.com\/es\/wp-json\/wp\/v2\/types\/product"}],"replies":[{"embeddable":true,"href":"https:\/\/fahrerlaubnisnetz.com\/es\/wp-json\/wp\/v2\/comments?post=2477"}],"wp:featuredmedia":[{"embeddable":true,"href":"https:\/\/fahrerlaubnisnetz.com\/es\/wp-json\/wp\/v2\/media\/2479"}],"wp:attachment":[{"href":"https:\/\/fahrerlaubnisnetz.com\/es\/wp-json\/wp\/v2\/media?parent=2477"}],"wp:term":[{"taxonomy":"product_brand","embeddable":true,"href":"https:\/\/fahrerlaubnisnetz.com\/es\/wp-json\/wp\/v2\/product_brand?post=2477"},{"taxonomy":"product_cat","embeddable":true,"href":"https:\/\/fahrerlaubnisnetz.com\/es\/wp-json\/wp\/v2\/product_cat?post=2477"},{"taxonomy":"product_tag","embeddable":true,"href":"https:\/\/fahrerlaubnisnetz.com\/es\/wp-json\/wp\/v2\/product_tag?post=2477"}],"curies":[{"name":"wp","href":"https:\/\/api.w.org\/{rel}","templated":true}]}}