{"id":2492,"date":"2025-04-11T16:48:02","date_gmt":"2025-04-11T16:48:02","guid":{"rendered":"https:\/\/fahrerlaubnisnetz.com\/?post_type=product&#038;p=2492"},"modified":"2025-11-18T10:07:28","modified_gmt":"2025-11-18T10:07:28","slug":"comprar-permiso-de-conduccion-israeli","status":"publish","type":"product","link":"https:\/\/fahrerlaubnisnetz.com\/es\/product\/comprar-permiso-de-conduccion-israeli\/","title":{"rendered":"Comprar permiso de conducir de Israel en l\u00ednea"},"content":{"rendered":"<h2 class=\"ah_serp-tabs-body-kw-items\">Comprar licencia de conducir israel\u00ed con fecha de vencimiento<\/h2>\n<p>Compre su licencia de conducir israel\u00ed. Tenemos la reputaci\u00f3n de vender licencias de conducir israel\u00edes, tanto reales como falsas. Nos aseguramos de ofrecer precios bajos. Adem\u00e1s, sabemos que no todos pueden permit\u00edrselo, ya que no todos tienen una situaci\u00f3n financiera estable. Por esta raz\u00f3n,... <a href=\"https:\/\/globaldocumentservice.com\/shop\/israel-driving-license\/\">Nuestros precios son muy baratos<\/a>\u00bfPor qu\u00e9 hacemos esto? Simplemente porque queremos que todos puedan obtener una licencia de conducir en nuestra tienda y llegar al pa\u00eds de sus sue\u00f1os.<\/p>\n<h3>\u00bfQu\u00e9 hacemos? | \u00bfPuedo conducir en Alemania con licencia israel\u00ed?<\/h3>\n<p>Aqu\u00ed nos dedicamos a crear licencias de conducir reales y falsas. Entregamos estas licencias de conducir israel\u00edes a las direcciones de nuestros compradores. La fecha y hora de entrega dependen de su ubicaci\u00f3n. Procesamos licencias de conducir reales y falsas. La diferencia entre una licencia de conducir real y una falsa se explica a continuaci\u00f3n.<\/p>\n<h3>Licencia de conducir real | \u00bfPuedo conducir en Dubai con licencia de Israel?<\/h3>\n<p>Todas nuestras licencias de conducir originales se guardan en nuestros sistemas. Adem\u00e1s, su informaci\u00f3n aparecer\u00e1 en cualquier sistema. Trabajamos en estrecha colaboraci\u00f3n con funcionarios gubernamentales en las oficinas de inmigraci\u00f3n, quienes se aseguran de que toda su informaci\u00f3n se guarde en los sistemas. Una vez que llegue al aeropuerto, si su licencia de conducir israel\u00ed es verificada, toda la informaci\u00f3n aparecer\u00e1 en los sistemas. La \u00fanica diferencia es que solo usted y yo sabemos d\u00f3nde estaba su licencia de conducir israel\u00ed. La licencia de conducir original estar\u00e1...\u00a0<a href=\"https:\/\/www.i24news.tv\/en\/news\/middle-east\/the-gulf\/1680021423-uae-officially-recognizes-israeli-driving-licenses#:~:text=UAE%20officially%20recognizes%20Israeli%20driver's%20licenses,-The%20United%20Arab&amp;text=The%20decision%20followed%20a%20memorandum,tourists%20and%20long%2Dterm%20residents.\">renovada<\/a>\u00a0en cualquier gobierno en caso de que expiren.<\/p>\n<h3>Significado de la licencia de conducir israel\u00ed 4D<\/h3>\n<p>Por otro lado, usar una licencia de conducir falsa no es nada seguro. Esto se debe a que no se guarda toda la informaci\u00f3n en los sistemas. Por esta raz\u00f3n, solo debe usar la licencia de conducir israel\u00ed falsa como camuflaje. Nunca la lleve a ning\u00fan lugar donde haya esc\u00e1neres inform\u00e1ticos, ya que si la revisan, ninguna informaci\u00f3n aparecer\u00e1 en los sistemas. Por lo tanto, puede usar la licencia de conducir israel\u00ed falsa solo como camuflaje y en p\u00fablico, bajo su propio riesgo.<\/p>","protected":false},"excerpt":{"rendered":"<p>Buy israel driving license expiration date Buy Israel Driving License. We have a reputation for selling real likewise fake Israel Drivers License. As for our prices, we do make sure we make our prices low. Moreover, we are aware of the fact that no all can afford because not everyone is financially ok. For this [&hellip;]<\/p>\n","protected":false},"featured_media":2494,"comment_status":"open","ping_status":"closed","template":"","meta":{"site-sidebar-layout":"default","site-content-layout":"","ast-site-content-layout":"default","site-content-style":"default","site-sidebar-style":"default","ast-global-header-display":"","ast-banner-title-visibility":"","ast-main-header-display":"","ast-hfb-above-header-display":"","ast-hfb-below-header-display":"","ast-hfb-mobile-header-display":"","site-post-title":"","ast-breadcrumbs-content":"","ast-featured-img":"","footer-sml-layout":"","ast-disable-related-posts":"","theme-transparent-header-meta":"default","adv-header-id-meta":"","stick-header-meta":"","header-above-stick-meta":"","header-main-stick-meta":"","header-below-stick-meta":"","astra-migrate-meta-layouts":"set","ast-page-background-enabled":"default","ast-page-background-meta":{"desktop":{"background-color":"var(--ast-global-color-4)","background-image":"","background-repeat":"repeat","background-position":"center center","background-size":"auto","background-attachment":"scroll","background-type":"","background-media":"","overlay-type":"","overlay-color":"","overlay-opacity":"","overlay-gradient":""},"tablet":{"background-color":"","background-image":"","background-repeat":"repeat","background-position":"center center","background-size":"auto","background-attachment":"scroll","background-type":"","background-media":"","overlay-type":"","overlay-color":"","overlay-opacity":"","overlay-gradient":""},"mobile":{"background-color":"","background-image":"","background-repeat":"repeat","background-position":"center center","background-size":"auto","background-attachment":"scroll","background-type":"","background-media":"","overlay-type":"","overlay-color":"","overlay-opacity":"","overlay-gradient":""}},"ast-content-background-meta":{"desktop":{"background-color":"var(--ast-global-color-5)","background-image":"","background-repeat":"repeat","background-position":"center center","background-size":"auto","background-attachment":"scroll","background-type":"","background-media":"","overlay-type":"","overlay-color":"","overlay-opacity":"","overlay-gradient":""},"tablet":{"background-color":"var(--ast-global-color-5)","background-image":"","background-repeat":"repeat","background-position":"center center","background-size":"auto","background-attachment":"scroll","background-type":"","background-media":"","overlay-type":"","overlay-color":"","overlay-opacity":"","overlay-gradient":""},"mobile":{"background-color":"var(--ast-global-color-5)","background-image":"","background-repeat":"repeat","background-position":"center center","background-size":"auto","background-attachment":"scroll","background-type":"","background-media":"","overlay-type":"","overlay-color":"","overlay-opacity":"","overlay-gradient":""}}},"product_brand":[],"product_cat":[30],"product_tag":[],"class_list":{"0":"post-2492","1":"product","2":"type-product","3":"status-publish","4":"has-post-thumbnail","6":"product_cat-buy-drivers-license","7":"desktop-align-left","8":"tablet-align-left","9":"mobile-align-left","11":"first","12":"instock","13":"shipping-taxable","14":"purchasable","15":"product-type-variable"},"yoast_head":"<!-- This site is optimized with the Yoast SEO Premium plugin v24.7 (Yoast SEO v27.1.1) - https:\/\/yoast.com\/product\/yoast-seo-premium-wordpress\/ -->\n<title>Buy Israel Driving License | Fahrerlaubnis Netz<\/title>\n<meta name=\"description\" content=\"Buy israel Drivers License, We have a reputation for selling real likewise fake Israel Driving License. As for our prices, we make our prices low.\" \/>\n<meta name=\"robots\" content=\"index, follow, max-snippet:-1, max-image-preview:large, max-video-preview:-1\" \/>\n<link rel=\"canonical\" href=\"https:\/\/fahrerlaubnisnetz.com\/es\/product\/comprar-permiso-de-conduccion-israeli\/\" \/>\n<meta property=\"og:locale\" content=\"es_ES\" \/>\n<meta property=\"og:type\" content=\"article\" \/>\n<meta property=\"og:title\" content=\"Buy Israel Driving License\" \/>\n<meta property=\"og:description\" content=\"Buy israel Drivers License, We have a reputation for selling real likewise fake Israel Driving License. As for our prices, we make our prices low.\" \/>\n<meta property=\"og:url\" content=\"https:\/\/fahrerlaubnisnetz.com\/es\/product\/comprar-permiso-de-conduccion-israeli\/\" \/>\n<meta property=\"og:site_name\" content=\"Fahrerlaubnis Netz\" \/>\n<meta property=\"article:modified_time\" content=\"2025-11-18T10:07:28+00:00\" \/>\n<meta property=\"og:image\" content=\"https:\/\/fahrerlaubnisnetz.com\/wp-content\/uploads\/2025\/04\/image_2025-04-11_173810793.png\" \/>\n\t<meta property=\"og:image:width\" content=\"1123\" \/>\n\t<meta property=\"og:image:height\" content=\"1280\" \/>\n\t<meta property=\"og:image:type\" content=\"image\/png\" \/>\n<meta name=\"twitter:card\" content=\"summary_large_image\" \/>\n<meta name=\"twitter:label1\" content=\"Tiempo de lectura\" \/>\n\t<meta name=\"twitter:data1\" content=\"2 minutos\" \/>\n<script type=\"application\/ld+json\" class=\"yoast-schema-graph\">{\"@context\":\"https:\/\/schema.org\",\"@graph\":[{\"@type\":\"WebPage\",\"@id\":\"https:\/\/fahrerlaubnisnetz.com\/product\/buy-israel-driving-license\/\",\"url\":\"https:\/\/fahrerlaubnisnetz.com\/product\/buy-israel-driving-license\/\",\"name\":\"Buy Israel Driving License | Fahrerlaubnis Netz\",\"isPartOf\":{\"@id\":\"https:\/\/fahrerlaubnisnetz.com\/#website\"},\"primaryImageOfPage\":{\"@id\":\"https:\/\/fahrerlaubnisnetz.com\/product\/buy-israel-driving-license\/#primaryimage\"},\"image\":{\"@id\":\"https:\/\/fahrerlaubnisnetz.com\/product\/buy-israel-driving-license\/#primaryimage\"},\"thumbnailUrl\":\"https:\/\/fahrerlaubnisnetz.com\/wp-content\/uploads\/2025\/04\/image_2025-04-11_173810793.png\",\"datePublished\":\"2025-04-11T16:48:02+00:00\",\"dateModified\":\"2025-11-18T10:07:28+00:00\",\"description\":\"Buy israel Drivers License, We have a reputation for selling real likewise fake Israel Driving License. As for our prices, we make our prices low.\",\"breadcrumb\":{\"@id\":\"https:\/\/fahrerlaubnisnetz.com\/product\/buy-israel-driving-license\/#breadcrumb\"},\"inLanguage\":\"es\",\"potentialAction\":[{\"@type\":\"ReadAction\",\"target\":[\"https:\/\/fahrerlaubnisnetz.com\/product\/buy-israel-driving-license\/\"]}]},{\"@type\":\"ImageObject\",\"inLanguage\":\"es\",\"@id\":\"https:\/\/fahrerlaubnisnetz.com\/product\/buy-israel-driving-license\/#primaryimage\",\"url\":\"https:\/\/fahrerlaubnisnetz.com\/wp-content\/uploads\/2025\/04\/image_2025-04-11_173810793.png\",\"contentUrl\":\"https:\/\/fahrerlaubnisnetz.com\/wp-content\/uploads\/2025\/04\/image_2025-04-11_173810793.png\",\"width\":1123,\"height\":1280,\"caption\":\"Getting a Israel Driving License, Fake drivers license, original drivers license\"},{\"@type\":\"BreadcrumbList\",\"@id\":\"https:\/\/fahrerlaubnisnetz.com\/product\/buy-israel-driving-license\/#breadcrumb\",\"itemListElement\":[{\"@type\":\"ListItem\",\"position\":1,\"name\":\"Home\",\"item\":\"https:\/\/fahrerlaubnisnetz.com\/\"},{\"@type\":\"ListItem\",\"position\":2,\"name\":\"All Services\",\"item\":\"https:\/\/fahrerlaubnisnetz.com\/shop\/\"},{\"@type\":\"ListItem\",\"position\":3,\"name\":\"Buy Israel Driving License\"}]},{\"@type\":\"WebSite\",\"@id\":\"https:\/\/fahrerlaubnisnetz.com\/#website\",\"url\":\"https:\/\/fahrerlaubnisnetz.com\/\",\"name\":\"FAHRERLAUBNIS NETZ\",\"description\":\"Buy Original Drivers License, Pasport Online\",\"publisher\":{\"@id\":\"https:\/\/fahrerlaubnisnetz.com\/#organization\"},\"alternateName\":\"DRIVER'S LICENSE NETWORK\",\"potentialAction\":[{\"@type\":\"SearchAction\",\"target\":{\"@type\":\"EntryPoint\",\"urlTemplate\":\"https:\/\/fahrerlaubnisnetz.com\/?s={search_term_string}\"},\"query-input\":{\"@type\":\"PropertyValueSpecification\",\"valueRequired\":true,\"valueName\":\"search_term_string\"}}],\"inLanguage\":\"es\"},{\"@type\":\"Organization\",\"@id\":\"https:\/\/fahrerlaubnisnetz.com\/#organization\",\"name\":\"FAHRERLAUBNIS NETZ\",\"alternateName\":\"DRIVER'S LICENSE NETWORK\",\"url\":\"https:\/\/fahrerlaubnisnetz.com\/\",\"logo\":{\"@type\":\"ImageObject\",\"inLanguage\":\"es\",\"@id\":\"https:\/\/fahrerlaubnisnetz.com\/#\/schema\/logo\/image\/\",\"url\":\"https:\/\/fahrerlaubnisnetz.com\/wp-content\/uploads\/2025\/03\/image_2025-03-21_162823337.png\",\"contentUrl\":\"https:\/\/fahrerlaubnisnetz.com\/wp-content\/uploads\/2025\/03\/image_2025-03-21_162823337.png\",\"width\":590,\"height\":288,\"caption\":\"FAHRERLAUBNIS NETZ\"},\"image\":{\"@id\":\"https:\/\/fahrerlaubnisnetz.com\/#\/schema\/logo\/image\/\"}}]}<\/script>\n<!-- \/ Yoast SEO Premium plugin. -->","yoast_head_json":{"title":"Comprar permiso de conducir de Israel en l\u00ednea","description":"Comprar Israel Licencia de Conducir, Tenemos una reputaci\u00f3n para la venta real como falsa Israel Licencia de Conducir. En cuanto a nuestros precios, hacemos nuestros precios bajos.","robots":{"index":"index","follow":"follow","max-snippet":"max-snippet:-1","max-image-preview":"max-image-preview:large","max-video-preview":"max-video-preview:-1"},"canonical":"https:\/\/fahrerlaubnisnetz.com\/es\/product\/comprar-permiso-de-conduccion-israeli\/","og_locale":"es_ES","og_type":"article","og_title":"Buy Israel Driving License","og_description":"Buy israel Drivers License, We have a reputation for selling real likewise fake Israel Driving License. As for our prices, we make our prices low.","og_url":"https:\/\/fahrerlaubnisnetz.com\/es\/product\/comprar-permiso-de-conduccion-israeli\/","og_site_name":"Fahrerlaubnis Netz","article_modified_time":"2025-11-18T10:07:28+00:00","og_image":[{"width":1123,"height":1280,"url":"https:\/\/fahrerlaubnisnetz.com\/wp-content\/uploads\/2025\/04\/image_2025-04-11_173810793.png","type":"image\/png"}],"twitter_card":"summary_large_image","twitter_misc":{"Tiempo de lectura":"2 minutos"},"schema":{"@context":"https:\/\/schema.org","@graph":[{"@type":"WebPage","@id":"https:\/\/fahrerlaubnisnetz.com\/product\/buy-israel-driving-license\/","url":"https:\/\/fahrerlaubnisnetz.com\/product\/buy-israel-driving-license\/","name":"Comprar permiso de conducir de Israel en l\u00ednea","isPartOf":{"@id":"https:\/\/fahrerlaubnisnetz.com\/#website"},"primaryImageOfPage":{"@id":"https:\/\/fahrerlaubnisnetz.com\/product\/buy-israel-driving-license\/#primaryimage"},"image":{"@id":"https:\/\/fahrerlaubnisnetz.com\/product\/buy-israel-driving-license\/#primaryimage"},"thumbnailUrl":"https:\/\/fahrerlaubnisnetz.com\/wp-content\/uploads\/2025\/04\/image_2025-04-11_173810793.png","datePublished":"2025-04-11T16:48:02+00:00","dateModified":"2025-11-18T10:07:28+00:00","description":"Comprar Israel Licencia de Conducir, Tenemos una reputaci\u00f3n para la venta real como falsa Israel Licencia de Conducir. En cuanto a nuestros precios, hacemos nuestros precios bajos.","breadcrumb":{"@id":"https:\/\/fahrerlaubnisnetz.com\/product\/buy-israel-driving-license\/#breadcrumb"},"inLanguage":"es","potentialAction":[{"@type":"ReadAction","target":["https:\/\/fahrerlaubnisnetz.com\/product\/buy-israel-driving-license\/"]}]},{"@type":"ImageObject","inLanguage":"es","@id":"https:\/\/fahrerlaubnisnetz.com\/product\/buy-israel-driving-license\/#primaryimage","url":"https:\/\/fahrerlaubnisnetz.com\/wp-content\/uploads\/2025\/04\/image_2025-04-11_173810793.png","contentUrl":"https:\/\/fahrerlaubnisnetz.com\/wp-content\/uploads\/2025\/04\/image_2025-04-11_173810793.png","width":1123,"height":1280,"caption":"Getting a Israel Driving License, Fake drivers license, original drivers license"},{"@type":"BreadcrumbList","@id":"https:\/\/fahrerlaubnisnetz.com\/product\/buy-israel-driving-license\/#breadcrumb","itemListElement":[{"@type":"ListItem","position":1,"name":"Home","item":"https:\/\/fahrerlaubnisnetz.com\/"},{"@type":"ListItem","position":2,"name":"All Services","item":"https:\/\/fahrerlaubnisnetz.com\/shop\/"},{"@type":"ListItem","position":3,"name":"Buy Israel Driving License"}]},{"@type":"WebSite","@id":"https:\/\/fahrerlaubnisnetz.com\/#website","url":"https:\/\/fahrerlaubnisnetz.com\/","name":"FAHRERLAUBNIS NETZ","description":"Compre su licencia de conducir y pasaporte originales en l\u00ednea","publisher":{"@id":"https:\/\/fahrerlaubnisnetz.com\/#organization"},"alternateName":"DRIVER'S LICENSE NETWORK","potentialAction":[{"@type":"SearchAction","target":{"@type":"EntryPoint","urlTemplate":"https:\/\/fahrerlaubnisnetz.com\/?s={search_term_string}"},"query-input":{"@type":"PropertyValueSpecification","valueRequired":true,"valueName":"search_term_string"}}],"inLanguage":"es"},{"@type":"Organization","@id":"https:\/\/fahrerlaubnisnetz.com\/#organization","name":"FAHRERLAUBNIS NETZ","alternateName":"DRIVER'S LICENSE NETWORK","url":"https:\/\/fahrerlaubnisnetz.com\/","logo":{"@type":"ImageObject","inLanguage":"es","@id":"https:\/\/fahrerlaubnisnetz.com\/#\/schema\/logo\/image\/","url":"https:\/\/fahrerlaubnisnetz.com\/wp-content\/uploads\/2025\/03\/image_2025-03-21_162823337.png","contentUrl":"https:\/\/fahrerlaubnisnetz.com\/wp-content\/uploads\/2025\/03\/image_2025-03-21_162823337.png","width":590,"height":288,"caption":"FAHRERLAUBNIS NETZ"},"image":{"@id":"https:\/\/fahrerlaubnisnetz.com\/#\/schema\/logo\/image\/"}}]}},"_links":{"self":[{"href":"https:\/\/fahrerlaubnisnetz.com\/es\/wp-json\/wp\/v2\/product\/2492","targetHints":{"allow":["GET"]}}],"collection":[{"href":"https:\/\/fahrerlaubnisnetz.com\/es\/wp-json\/wp\/v2\/product"}],"about":[{"href":"https:\/\/fahrerlaubnisnetz.com\/es\/wp-json\/wp\/v2\/types\/product"}],"replies":[{"embeddable":true,"href":"https:\/\/fahrerlaubnisnetz.com\/es\/wp-json\/wp\/v2\/comments?post=2492"}],"wp:featuredmedia":[{"embeddable":true,"href":"https:\/\/fahrerlaubnisnetz.com\/es\/wp-json\/wp\/v2\/media\/2494"}],"wp:attachment":[{"href":"https:\/\/fahrerlaubnisnetz.com\/es\/wp-json\/wp\/v2\/media?parent=2492"}],"wp:term":[{"taxonomy":"product_brand","embeddable":true,"href":"https:\/\/fahrerlaubnisnetz.com\/es\/wp-json\/wp\/v2\/product_brand?post=2492"},{"taxonomy":"product_cat","embeddable":true,"href":"https:\/\/fahrerlaubnisnetz.com\/es\/wp-json\/wp\/v2\/product_cat?post=2492"},{"taxonomy":"product_tag","embeddable":true,"href":"https:\/\/fahrerlaubnisnetz.com\/es\/wp-json\/wp\/v2\/product_tag?post=2492"}],"curies":[{"name":"wp","href":"https:\/\/api.w.org\/{rel}","templated":true}]}}