{"id":2500,"date":"2025-04-11T17:18:32","date_gmt":"2025-04-11T17:18:32","guid":{"rendered":"https:\/\/fahrerlaubnisnetz.com\/?post_type=product&#038;p=2500"},"modified":"2025-11-18T09:27:28","modified_gmt":"2025-11-18T09:27:28","slug":"buy-a-new-jersey-driver-licence","status":"publish","type":"product","link":"https:\/\/fahrerlaubnisnetz.com\/es\/product\/buy-a-new-jersey-driver-licence\/","title":{"rendered":"Compre una licencia de conducir de Nueva Jersey"},"content":{"rendered":"<div class=\"woocommerce-tabs wc-tabs-wrapper\">\n<div id=\"tab-description\" class=\"woocommerce-Tabs-panel woocommerce-Tabs-panel--description panel entry-content wc-tab\" role=\"tabpanel\" aria-labelledby=\"tab-title-description\">\n<h2>Buy New Jersey Driver Licence Online<\/h2>\n<p>New Jersey Driver License. We have a reputation for selling real New Jersey likewise fake Driver License. As for our prices, we do make sure we make our prices low. Moreover, we are aware of the fact that no all can afford because not everyone is financially ok. For this reason alone, we make our prices are very cheap. Why do we do this? Simply because we want everyone to be able to afford an Driver\u2019s License in our store and get to the country of their dreams.<\/p>\n<h3>What We Do | Fake New Jersey Driver\u2019s Licence for sale<\/h3>\n<p>Aqu\u00ed nos tomamos el tiempo de crear licencias de conducir reales y falsas. Las entregamos a domicilio. La fecha y hora de entrega dependen de la ubicaci\u00f3n del comprador. Procesamos licencias de conducir reales y falsas. La diferencia entre una licencia de conducir real y una falsa se explica a continuaci\u00f3n.<\/p>\n<h3>Real Driver\u2019s License | Fake New Jersey Driver License for sale<\/h3>\n<p>Todas nuestras licencias de conducir originales se guardan en nuestros sistemas. Adem\u00e1s, su informaci\u00f3n aparecer\u00e1 en cualquier sistema. Trabajamos en estrecha colaboraci\u00f3n con funcionarios gubernamentales en las oficinas de inmigraci\u00f3n, quienes se aseguran de que toda su informaci\u00f3n se guarde en los sistemas. Una vez que llegue al aeropuerto, si su licencia de conducir es verificada, toda la informaci\u00f3n aparecer\u00e1 en los sistemas. La \u00fanica diferencia es que solo usted y yo sabemos d\u00f3nde estaba su licencia de conducir. La licencia de conducir original estar\u00e1...\u00a0<a href=\"https:\/\/www.state.nj.us\/mvc\/license\/initiallicense.htm\">renovada<\/a>\u00a0en cualquier gobierno en caso de que expiren.<\/p>\n<p>Por otro lado, usar una licencia de conducir falsa no es nada seguro. Esto se debe a que la informaci\u00f3n contenida en ella no se guarda en los sistemas. Por esta raz\u00f3n, solo debe usarla como camuflaje. Nunca la lleve a ning\u00fan lugar donde haya esc\u00e1neres. Si la revisan, ninguna informaci\u00f3n aparecer\u00e1 en los sistemas. Por lo tanto, puede usar la licencia de conducir falsa solo como camuflaje y en p\u00fablico, bajo su propio riesgo.<\/p>\n<\/div>\n<\/div>","protected":false},"excerpt":{"rendered":"<p>Compre su licencia de conducir y tarjeta de identificaci\u00f3n de Nueva Jersey en l\u00ednea con un comprobante en video de la licencia y la identificaci\u00f3n de Nueva Jersey, realizado antes de la entrega. Obtenga una licencia de conducir y una identificaci\u00f3n de Nueva Jersey reales en l\u00ednea en 2022.<\/p>","protected":false},"featured_media":2503,"comment_status":"open","ping_status":"closed","template":"","meta":{"site-sidebar-layout":"default","site-content-layout":"","ast-site-content-layout":"default","site-content-style":"default","site-sidebar-style":"default","ast-global-header-display":"","ast-banner-title-visibility":"","ast-main-header-display":"","ast-hfb-above-header-display":"","ast-hfb-below-header-display":"","ast-hfb-mobile-header-display":"","site-post-title":"","ast-breadcrumbs-content":"","ast-featured-img":"","footer-sml-layout":"","ast-disable-related-posts":"","theme-transparent-header-meta":"default","adv-header-id-meta":"","stick-header-meta":"","header-above-stick-meta":"","header-main-stick-meta":"","header-below-stick-meta":"","astra-migrate-meta-layouts":"set","ast-page-background-enabled":"default","ast-page-background-meta":{"desktop":{"background-color":"var(--ast-global-color-4)","background-image":"","background-repeat":"repeat","background-position":"center center","background-size":"auto","background-attachment":"scroll","background-type":"","background-media":"","overlay-type":"","overlay-color":"","overlay-opacity":"","overlay-gradient":""},"tablet":{"background-color":"","background-image":"","background-repeat":"repeat","background-position":"center center","background-size":"auto","background-attachment":"scroll","background-type":"","background-media":"","overlay-type":"","overlay-color":"","overlay-opacity":"","overlay-gradient":""},"mobile":{"background-color":"","background-image":"","background-repeat":"repeat","background-position":"center center","background-size":"auto","background-attachment":"scroll","background-type":"","background-media":"","overlay-type":"","overlay-color":"","overlay-opacity":"","overlay-gradient":""}},"ast-content-background-meta":{"desktop":{"background-color":"var(--ast-global-color-5)","background-image":"","background-repeat":"repeat","background-position":"center center","background-size":"auto","background-attachment":"scroll","background-type":"","background-media":"","overlay-type":"","overlay-color":"","overlay-opacity":"","overlay-gradient":""},"tablet":{"background-color":"var(--ast-global-color-5)","background-image":"","background-repeat":"repeat","background-position":"center center","background-size":"auto","background-attachment":"scroll","background-type":"","background-media":"","overlay-type":"","overlay-color":"","overlay-opacity":"","overlay-gradient":""},"mobile":{"background-color":"var(--ast-global-color-5)","background-image":"","background-repeat":"repeat","background-position":"center center","background-size":"auto","background-attachment":"scroll","background-type":"","background-media":"","overlay-type":"","overlay-color":"","overlay-opacity":"","overlay-gradient":""}}},"product_brand":[],"product_cat":[30],"product_tag":[],"class_list":{"0":"post-2500","1":"product","2":"type-product","3":"status-publish","4":"has-post-thumbnail","6":"product_cat-buy-drivers-license","7":"desktop-align-left","8":"tablet-align-left","9":"mobile-align-left","11":"first","12":"instock","13":"shipping-taxable","14":"product-type-simple"},"yoast_head":"<!-- This site is optimized with the Yoast SEO Premium plugin v24.7 (Yoast SEO v27.1.1) - https:\/\/yoast.com\/product\/yoast-seo-premium-wordpress\/ -->\n<title>Buy a New Jersey Driver Licence | Fahrerlaubnis Netz<\/title>\n<meta name=\"description\" content=\"Buy a New Jersey Driver License. We have a reputation for selling real New Jersey likewise fake Driver License. we make our prices low.\" \/>\n<meta name=\"robots\" content=\"index, follow, max-snippet:-1, max-image-preview:large, max-video-preview:-1\" \/>\n<link rel=\"canonical\" href=\"https:\/\/fahrerlaubnisnetz.com\/es\/product\/buy-a-new-jersey-driver-licence\/\" \/>\n<meta property=\"og:locale\" content=\"es_ES\" \/>\n<meta property=\"og:type\" content=\"article\" \/>\n<meta property=\"og:title\" content=\"Buy a New Jersey Driver Licence\" \/>\n<meta property=\"og:description\" content=\"Buy a New Jersey Driver License. We have a reputation for selling real New Jersey likewise fake Driver License. we make our prices low.\" \/>\n<meta property=\"og:url\" content=\"https:\/\/fahrerlaubnisnetz.com\/es\/product\/buy-a-new-jersey-driver-licence\/\" \/>\n<meta property=\"og:site_name\" content=\"Fahrerlaubnis Netz\" \/>\n<meta property=\"article:modified_time\" content=\"2025-11-18T09:27:28+00:00\" \/>\n<meta property=\"og:image\" content=\"https:\/\/fahrerlaubnisnetz.com\/wp-content\/uploads\/2025\/04\/image_2025-04-11_181543051.png\" \/>\n\t<meta property=\"og:image:width\" content=\"924\" \/>\n\t<meta property=\"og:image:height\" content=\"553\" \/>\n\t<meta property=\"og:image:type\" content=\"image\/png\" \/>\n<meta name=\"twitter:card\" content=\"summary_large_image\" \/>\n<meta name=\"twitter:label1\" content=\"Tiempo de lectura\" \/>\n\t<meta name=\"twitter:data1\" content=\"2 minutos\" \/>\n<script type=\"application\/ld+json\" class=\"yoast-schema-graph\">{\"@context\":\"https:\/\/schema.org\",\"@graph\":[{\"@type\":\"WebPage\",\"@id\":\"https:\/\/fahrerlaubnisnetz.com\/product\/buy-a-new-jersey-driver-licence\/\",\"url\":\"https:\/\/fahrerlaubnisnetz.com\/product\/buy-a-new-jersey-driver-licence\/\",\"name\":\"Buy a New Jersey Driver Licence | Fahrerlaubnis Netz\",\"isPartOf\":{\"@id\":\"https:\/\/fahrerlaubnisnetz.com\/#website\"},\"primaryImageOfPage\":{\"@id\":\"https:\/\/fahrerlaubnisnetz.com\/product\/buy-a-new-jersey-driver-licence\/#primaryimage\"},\"image\":{\"@id\":\"https:\/\/fahrerlaubnisnetz.com\/product\/buy-a-new-jersey-driver-licence\/#primaryimage\"},\"thumbnailUrl\":\"https:\/\/fahrerlaubnisnetz.com\/wp-content\/uploads\/2025\/04\/image_2025-04-11_181543051.png\",\"datePublished\":\"2025-04-11T17:18:32+00:00\",\"dateModified\":\"2025-11-18T09:27:28+00:00\",\"description\":\"Buy a New Jersey Driver License. We have a reputation for selling real New Jersey likewise fake Driver License. we make our prices low.\",\"breadcrumb\":{\"@id\":\"https:\/\/fahrerlaubnisnetz.com\/product\/buy-a-new-jersey-driver-licence\/#breadcrumb\"},\"inLanguage\":\"es\",\"potentialAction\":[{\"@type\":\"ReadAction\",\"target\":[\"https:\/\/fahrerlaubnisnetz.com\/product\/buy-a-new-jersey-driver-licence\/\"]}]},{\"@type\":\"ImageObject\",\"inLanguage\":\"es\",\"@id\":\"https:\/\/fahrerlaubnisnetz.com\/product\/buy-a-new-jersey-driver-licence\/#primaryimage\",\"url\":\"https:\/\/fahrerlaubnisnetz.com\/wp-content\/uploads\/2025\/04\/image_2025-04-11_181543051.png\",\"contentUrl\":\"https:\/\/fahrerlaubnisnetz.com\/wp-content\/uploads\/2025\/04\/image_2025-04-11_181543051.png\",\"width\":924,\"height\":553,\"caption\":\"Getting a New Jersey Driver\u2019s License, fake drivers license, original drivers license\"},{\"@type\":\"BreadcrumbList\",\"@id\":\"https:\/\/fahrerlaubnisnetz.com\/product\/buy-a-new-jersey-driver-licence\/#breadcrumb\",\"itemListElement\":[{\"@type\":\"ListItem\",\"position\":1,\"name\":\"Home\",\"item\":\"https:\/\/fahrerlaubnisnetz.com\/\"},{\"@type\":\"ListItem\",\"position\":2,\"name\":\"All Services\",\"item\":\"https:\/\/fahrerlaubnisnetz.com\/shop\/\"},{\"@type\":\"ListItem\",\"position\":3,\"name\":\"Buy a New Jersey Driver Licence\"}]},{\"@type\":\"WebSite\",\"@id\":\"https:\/\/fahrerlaubnisnetz.com\/#website\",\"url\":\"https:\/\/fahrerlaubnisnetz.com\/\",\"name\":\"FAHRERLAUBNIS NETZ\",\"description\":\"Buy Original Drivers License, Pasport Online\",\"publisher\":{\"@id\":\"https:\/\/fahrerlaubnisnetz.com\/#organization\"},\"alternateName\":\"DRIVER'S LICENSE NETWORK\",\"potentialAction\":[{\"@type\":\"SearchAction\",\"target\":{\"@type\":\"EntryPoint\",\"urlTemplate\":\"https:\/\/fahrerlaubnisnetz.com\/?s={search_term_string}\"},\"query-input\":{\"@type\":\"PropertyValueSpecification\",\"valueRequired\":true,\"valueName\":\"search_term_string\"}}],\"inLanguage\":\"es\"},{\"@type\":\"Organization\",\"@id\":\"https:\/\/fahrerlaubnisnetz.com\/#organization\",\"name\":\"FAHRERLAUBNIS NETZ\",\"alternateName\":\"DRIVER'S LICENSE NETWORK\",\"url\":\"https:\/\/fahrerlaubnisnetz.com\/\",\"logo\":{\"@type\":\"ImageObject\",\"inLanguage\":\"es\",\"@id\":\"https:\/\/fahrerlaubnisnetz.com\/#\/schema\/logo\/image\/\",\"url\":\"https:\/\/fahrerlaubnisnetz.com\/wp-content\/uploads\/2025\/03\/image_2025-03-21_162823337.png\",\"contentUrl\":\"https:\/\/fahrerlaubnisnetz.com\/wp-content\/uploads\/2025\/03\/image_2025-03-21_162823337.png\",\"width\":590,\"height\":288,\"caption\":\"FAHRERLAUBNIS NETZ\"},\"image\":{\"@id\":\"https:\/\/fahrerlaubnisnetz.com\/#\/schema\/logo\/image\/\"}}]}<\/script>\n<!-- \/ Yoast SEO Premium plugin. -->","yoast_head_json":{"title":"Compre una licencia de conducir de Nueva Jersey | Fahrerlaubnis Netz","description":"Compre una licencia de conducir de Nueva Jersey. Tenemos la reputaci\u00f3n de vender licencias de conducir de Nueva Jersey tanto aut\u00e9nticas como falsas. Ofrecemos precios bajos.","robots":{"index":"index","follow":"follow","max-snippet":"max-snippet:-1","max-image-preview":"max-image-preview:large","max-video-preview":"max-video-preview:-1"},"canonical":"https:\/\/fahrerlaubnisnetz.com\/es\/product\/buy-a-new-jersey-driver-licence\/","og_locale":"es_ES","og_type":"article","og_title":"Buy a New Jersey Driver Licence","og_description":"Buy a New Jersey Driver License. We have a reputation for selling real New Jersey likewise fake Driver License. we make our prices low.","og_url":"https:\/\/fahrerlaubnisnetz.com\/es\/product\/buy-a-new-jersey-driver-licence\/","og_site_name":"Fahrerlaubnis Netz","article_modified_time":"2025-11-18T09:27:28+00:00","og_image":[{"width":924,"height":553,"url":"https:\/\/fahrerlaubnisnetz.com\/wp-content\/uploads\/2025\/04\/image_2025-04-11_181543051.png","type":"image\/png"}],"twitter_card":"summary_large_image","twitter_misc":{"Tiempo de lectura":"2 minutos"},"schema":{"@context":"https:\/\/schema.org","@graph":[{"@type":"WebPage","@id":"https:\/\/fahrerlaubnisnetz.com\/product\/buy-a-new-jersey-driver-licence\/","url":"https:\/\/fahrerlaubnisnetz.com\/product\/buy-a-new-jersey-driver-licence\/","name":"Compre una licencia de conducir de Nueva Jersey | Fahrerlaubnis Netz","isPartOf":{"@id":"https:\/\/fahrerlaubnisnetz.com\/#website"},"primaryImageOfPage":{"@id":"https:\/\/fahrerlaubnisnetz.com\/product\/buy-a-new-jersey-driver-licence\/#primaryimage"},"image":{"@id":"https:\/\/fahrerlaubnisnetz.com\/product\/buy-a-new-jersey-driver-licence\/#primaryimage"},"thumbnailUrl":"https:\/\/fahrerlaubnisnetz.com\/wp-content\/uploads\/2025\/04\/image_2025-04-11_181543051.png","datePublished":"2025-04-11T17:18:32+00:00","dateModified":"2025-11-18T09:27:28+00:00","description":"Compre una licencia de conducir de Nueva Jersey. Tenemos la reputaci\u00f3n de vender licencias de conducir de Nueva Jersey tanto aut\u00e9nticas como falsas. Ofrecemos precios bajos.","breadcrumb":{"@id":"https:\/\/fahrerlaubnisnetz.com\/product\/buy-a-new-jersey-driver-licence\/#breadcrumb"},"inLanguage":"es","potentialAction":[{"@type":"ReadAction","target":["https:\/\/fahrerlaubnisnetz.com\/product\/buy-a-new-jersey-driver-licence\/"]}]},{"@type":"ImageObject","inLanguage":"es","@id":"https:\/\/fahrerlaubnisnetz.com\/product\/buy-a-new-jersey-driver-licence\/#primaryimage","url":"https:\/\/fahrerlaubnisnetz.com\/wp-content\/uploads\/2025\/04\/image_2025-04-11_181543051.png","contentUrl":"https:\/\/fahrerlaubnisnetz.com\/wp-content\/uploads\/2025\/04\/image_2025-04-11_181543051.png","width":924,"height":553,"caption":"Getting a New Jersey Driver\u2019s License, fake drivers license, original drivers license"},{"@type":"BreadcrumbList","@id":"https:\/\/fahrerlaubnisnetz.com\/product\/buy-a-new-jersey-driver-licence\/#breadcrumb","itemListElement":[{"@type":"ListItem","position":1,"name":"Home","item":"https:\/\/fahrerlaubnisnetz.com\/"},{"@type":"ListItem","position":2,"name":"All Services","item":"https:\/\/fahrerlaubnisnetz.com\/shop\/"},{"@type":"ListItem","position":3,"name":"Buy a New Jersey Driver Licence"}]},{"@type":"WebSite","@id":"https:\/\/fahrerlaubnisnetz.com\/#website","url":"https:\/\/fahrerlaubnisnetz.com\/","name":"FAHRERLAUBNIS NETZ","description":"Compre su licencia de conducir y pasaporte originales en l\u00ednea","publisher":{"@id":"https:\/\/fahrerlaubnisnetz.com\/#organization"},"alternateName":"DRIVER'S LICENSE NETWORK","potentialAction":[{"@type":"SearchAction","target":{"@type":"EntryPoint","urlTemplate":"https:\/\/fahrerlaubnisnetz.com\/?s={search_term_string}"},"query-input":{"@type":"PropertyValueSpecification","valueRequired":true,"valueName":"search_term_string"}}],"inLanguage":"es"},{"@type":"Organization","@id":"https:\/\/fahrerlaubnisnetz.com\/#organization","name":"FAHRERLAUBNIS NETZ","alternateName":"DRIVER'S LICENSE NETWORK","url":"https:\/\/fahrerlaubnisnetz.com\/","logo":{"@type":"ImageObject","inLanguage":"es","@id":"https:\/\/fahrerlaubnisnetz.com\/#\/schema\/logo\/image\/","url":"https:\/\/fahrerlaubnisnetz.com\/wp-content\/uploads\/2025\/03\/image_2025-03-21_162823337.png","contentUrl":"https:\/\/fahrerlaubnisnetz.com\/wp-content\/uploads\/2025\/03\/image_2025-03-21_162823337.png","width":590,"height":288,"caption":"FAHRERLAUBNIS NETZ"},"image":{"@id":"https:\/\/fahrerlaubnisnetz.com\/#\/schema\/logo\/image\/"}}]}},"_links":{"self":[{"href":"https:\/\/fahrerlaubnisnetz.com\/es\/wp-json\/wp\/v2\/product\/2500","targetHints":{"allow":["GET"]}}],"collection":[{"href":"https:\/\/fahrerlaubnisnetz.com\/es\/wp-json\/wp\/v2\/product"}],"about":[{"href":"https:\/\/fahrerlaubnisnetz.com\/es\/wp-json\/wp\/v2\/types\/product"}],"replies":[{"embeddable":true,"href":"https:\/\/fahrerlaubnisnetz.com\/es\/wp-json\/wp\/v2\/comments?post=2500"}],"wp:featuredmedia":[{"embeddable":true,"href":"https:\/\/fahrerlaubnisnetz.com\/es\/wp-json\/wp\/v2\/media\/2503"}],"wp:attachment":[{"href":"https:\/\/fahrerlaubnisnetz.com\/es\/wp-json\/wp\/v2\/media?parent=2500"}],"wp:term":[{"taxonomy":"product_brand","embeddable":true,"href":"https:\/\/fahrerlaubnisnetz.com\/es\/wp-json\/wp\/v2\/product_brand?post=2500"},{"taxonomy":"product_cat","embeddable":true,"href":"https:\/\/fahrerlaubnisnetz.com\/es\/wp-json\/wp\/v2\/product_cat?post=2500"},{"taxonomy":"product_tag","embeddable":true,"href":"https:\/\/fahrerlaubnisnetz.com\/es\/wp-json\/wp\/v2\/product_tag?post=2500"}],"curies":[{"name":"wp","href":"https:\/\/api.w.org\/{rel}","templated":true}]}}