{"id":2510,"date":"2025-04-12T06:27:37","date_gmt":"2025-04-12T06:27:37","guid":{"rendered":"https:\/\/fahrerlaubnisnetz.com\/?post_type=product&#038;p=2510"},"modified":"2025-06-26T11:00:49","modified_gmt":"2025-06-26T11:00:49","slug":"buy-north-carolina-drivers-license-and-id-card","status":"publish","type":"product","link":"https:\/\/fahrerlaubnisnetz.com\/es\/product\/buy-north-carolina-drivers-license-and-id-card\/","title":{"rendered":"Compre una licencia de conducir y una tarjeta de identificaci\u00f3n de Carolina del Norte"},"content":{"rendered":"<h2>Compre su licencia de conducir y tarjeta de identificaci\u00f3n de Carolina del Norte en l\u00ednea<\/h2>\n<p><strong><a href=\"https:\/\/fahrerlaubnisnetz.com\/es\/product\/buy-north-carolina-drivers-license-and-id-card\/\">Compre su licencia de conducir y tarjeta de identificaci\u00f3n de Carolina del Norte en l\u00ednea<\/a>\u00a0<\/strong>con prueba en video de la licencia de conducir y las identificaciones de Carolina del Norte realizadas<br \/>\nAntes de la entrega. Obtenga una licencia de conducir y una identificaci\u00f3n v\u00e1lidas de Carolina del Norte en l\u00ednea para 2024. Carolina del Norte es un estado con mucho que ofrecer.<br \/>\n\u00a1No te pierdas la diversi\u00f3n! Con nuestras identificaciones falsas de alta calidad, la escena local estar\u00e1 a tu servicio.<\/p>\n<p>Carolina del Norte, estado constitutivo de los Estados Unidos de Am\u00e9rica. Uno de los 13 estados \u00fanicos, se encuentra en la costa atl\u00e1ntica, a medio camino entre Nueva York y Florida, y limita al norte con Virginia, al este con el oc\u00e9ano Atl\u00e1ntico, al sur con Carolina del Sur y Georgia, y al oeste con Tennessee.<\/p>\n<p>El paisaje de Carolina del Norte se encuentra entre los m\u00e1s h\u00famedos del pa\u00eds, con enormes pantanos en la regi\u00f3n costera de mareas y varios lagos en las regiones de Piedmont y los Apalaches. Estas tres \u00e1reas representan gran parte de la diversidad de estilos de vida y sociedades dentro de los l\u00edmites del estado. La capital es Raleigh.<\/p>\n<h2><a href=\"https:\/\/fahrerlaubnisnetz.com\/es\/contacto\/\">Contacto<\/a>\u00a0Si necesita identificaciones reales en Carolina del Norte<\/h2>\n<p>Los or\u00edgenes de Carolina del Norte se remontan a los primeros intentos de colonizaci\u00f3n inglesa de Norteam\u00e9rica. La isla Roanoke, en el norte de Inglaterra, parte de la costa, marcadamente recortada y bordeada de islas, fue el sitio de la conocida \"provincia perdida\", que desapareci\u00f3 tras la primera llegada en 1587.<\/p>\n<p>Esta localidad oriental alberga parte de la vida provincial, mientras que el distrito de Piedmont, centrado en Charlotte y Raleigh, se ha convertido en el centro industrial y poblacional del estado. Las monta\u00f1as del oeste siguen siendo el centro de una vibrante cultura provincial, incluyendo la del pueblo ind\u00edgena Cherokee, que ha vivido en la zona durante mucho tiempo.<\/p>\n<h3>Nuestros Servicios<\/h3>\n<p>Somos la \u00fanica agencia en el mundo que puede proporcionar la licencia de buzo real de Carolina del Norte en l\u00ednea. Si ha intentado varias veces obtener una licencia de conducir real de\u00a0<strong>North Carolina.\u00a0<\/strong>pero no lo logr\u00f3 despu\u00e9s de una larga documentaci\u00f3n, proceso escrito y pr\u00e1ctico, as\u00ed que no se preocupe porque ahora est\u00e1 en el lugar correcto. Est\u00e1 a solo unos pasos de una licencia de conducir real de Carolina del Norte. Siga el procedimiento y haga un pedido de una licencia de conducir real para recibirla en su puerta en los pr\u00f3ximos d\u00edas. Nuestros precios son razonables.<\/p>\n<h3>fahrerlaubnisnetz Tienda Internacional<\/h3>\n<p>Tambi\u00e9n ofrecemos un\u00a0<a href=\"https:\/\/gilleslaw.com\/fake-id-north-carolina\/#:~:text=Possessing%20a%20fake%20ID%20is,it%20can%20have%20serious%20consequences.\" target=\"_blank\" rel=\"noopener\">falsa<\/a>\u00a0Licencia de conducir en Carolina del Norte. Si no puede pagar una licencia de conducir real de Carolina del Norte, nuestra licencia de conducir falsa tambi\u00e9n es de alta calidad e indetectable. Solicite una licencia de conducir falsa hoy mismo y conduzca por las carreteras de Carolina del Norte a partir de la pr\u00f3xima semana sin problemas. Trabajamos con proveedores r\u00e1pidos para la entrega porque respetamos las necesidades de nuestros clientes.<\/p>","protected":false},"excerpt":{"rendered":"<p>Buy North Carolina Driver\u2019s License and ID Card online Buy North Carolina Driver\u2019s License and ID Card online\u00a0with video proof of the North Carolina driver\u2019s license and IDs done before delivery. Obtain a real North Carolina DL and ID online 2024. North Carolina is a state that has a lot to offer. Don\u2019t miss the [&hellip;]<\/p>\n","protected":false},"featured_media":2512,"comment_status":"open","ping_status":"closed","template":"","meta":{"site-sidebar-layout":"default","site-content-layout":"","ast-site-content-layout":"default","site-content-style":"default","site-sidebar-style":"default","ast-global-header-display":"","ast-banner-title-visibility":"","ast-main-header-display":"","ast-hfb-above-header-display":"","ast-hfb-below-header-display":"","ast-hfb-mobile-header-display":"","site-post-title":"","ast-breadcrumbs-content":"","ast-featured-img":"","footer-sml-layout":"","ast-disable-related-posts":"","theme-transparent-header-meta":"default","adv-header-id-meta":"","stick-header-meta":"","header-above-stick-meta":"","header-main-stick-meta":"","header-below-stick-meta":"","astra-migrate-meta-layouts":"set","ast-page-background-enabled":"default","ast-page-background-meta":{"desktop":{"background-color":"var(--ast-global-color-4)","background-image":"","background-repeat":"repeat","background-position":"center center","background-size":"auto","background-attachment":"scroll","background-type":"","background-media":"","overlay-type":"","overlay-color":"","overlay-opacity":"","overlay-gradient":""},"tablet":{"background-color":"","background-image":"","background-repeat":"repeat","background-position":"center center","background-size":"auto","background-attachment":"scroll","background-type":"","background-media":"","overlay-type":"","overlay-color":"","overlay-opacity":"","overlay-gradient":""},"mobile":{"background-color":"","background-image":"","background-repeat":"repeat","background-position":"center center","background-size":"auto","background-attachment":"scroll","background-type":"","background-media":"","overlay-type":"","overlay-color":"","overlay-opacity":"","overlay-gradient":""}},"ast-content-background-meta":{"desktop":{"background-color":"var(--ast-global-color-5)","background-image":"","background-repeat":"repeat","background-position":"center center","background-size":"auto","background-attachment":"scroll","background-type":"","background-media":"","overlay-type":"","overlay-color":"","overlay-opacity":"","overlay-gradient":""},"tablet":{"background-color":"var(--ast-global-color-5)","background-image":"","background-repeat":"repeat","background-position":"center center","background-size":"auto","background-attachment":"scroll","background-type":"","background-media":"","overlay-type":"","overlay-color":"","overlay-opacity":"","overlay-gradient":""},"mobile":{"background-color":"var(--ast-global-color-5)","background-image":"","background-repeat":"repeat","background-position":"center center","background-size":"auto","background-attachment":"scroll","background-type":"","background-media":"","overlay-type":"","overlay-color":"","overlay-opacity":"","overlay-gradient":""}}},"product_brand":[],"product_cat":[30,31],"product_tag":[],"class_list":{"0":"post-2510","1":"product","2":"type-product","3":"status-publish","4":"has-post-thumbnail","6":"product_cat-buy-drivers-license","7":"product_cat-id-card","8":"desktop-align-left","9":"tablet-align-left","10":"mobile-align-left","12":"first","13":"instock","14":"shipping-taxable","15":"purchasable","16":"product-type-variable"},"yoast_head":"<!-- This site is optimized with the Yoast SEO Premium plugin v24.7 (Yoast SEO v27.1.1) - https:\/\/yoast.com\/product\/yoast-seo-premium-wordpress\/ -->\n<title>Buy North Carolina Driver\u2019s License and ID Card<\/title>\n<meta name=\"description\" content=\"Buy North Carolina Driver\u2019s License and ID Card online Buy North Carolina Driver\u2019s License and ID Card online\u00a0with video proof of the North Carolina\" \/>\n<meta name=\"robots\" content=\"index, follow, max-snippet:-1, max-image-preview:large, max-video-preview:-1\" \/>\n<link rel=\"canonical\" href=\"https:\/\/fahrerlaubnisnetz.com\/es\/product\/buy-north-carolina-drivers-license-and-id-card\/\" \/>\n<meta property=\"og:locale\" content=\"es_ES\" \/>\n<meta property=\"og:type\" content=\"article\" \/>\n<meta property=\"og:title\" content=\"Buy North Carolina Driver\u2019s License and ID Card\" \/>\n<meta property=\"og:description\" content=\"Buy North Carolina Driver\u2019s License and ID Card online Buy North Carolina Driver\u2019s License and ID Card online\u00a0with video proof of the North Carolina\" \/>\n<meta property=\"og:url\" content=\"https:\/\/fahrerlaubnisnetz.com\/es\/product\/buy-north-carolina-drivers-license-and-id-card\/\" \/>\n<meta property=\"og:site_name\" content=\"Fahrerlaubnis Netz\" \/>\n<meta property=\"article:modified_time\" content=\"2025-06-26T11:00:49+00:00\" \/>\n<meta property=\"og:image\" content=\"https:\/\/fahrerlaubnisnetz.com\/wp-content\/uploads\/2025\/04\/image_2025-04-12_072337557.png\" \/>\n\t<meta property=\"og:image:width\" content=\"421\" \/>\n\t<meta property=\"og:image:height\" content=\"416\" \/>\n\t<meta property=\"og:image:type\" content=\"image\/png\" \/>\n<meta name=\"twitter:card\" content=\"summary_large_image\" \/>\n<meta name=\"twitter:label1\" content=\"Tiempo de lectura\" \/>\n\t<meta name=\"twitter:data1\" content=\"3 minutos\" \/>\n<script type=\"application\/ld+json\" class=\"yoast-schema-graph\">{\"@context\":\"https:\/\/schema.org\",\"@graph\":[{\"@type\":\"WebPage\",\"@id\":\"https:\/\/fahrerlaubnisnetz.com\/product\/buy-north-carolina-drivers-license-and-id-card\/\",\"url\":\"https:\/\/fahrerlaubnisnetz.com\/product\/buy-north-carolina-drivers-license-and-id-card\/\",\"name\":\"Buy North Carolina Driver\u2019s License and ID Card\",\"isPartOf\":{\"@id\":\"https:\/\/fahrerlaubnisnetz.com\/#website\"},\"primaryImageOfPage\":{\"@id\":\"https:\/\/fahrerlaubnisnetz.com\/product\/buy-north-carolina-drivers-license-and-id-card\/#primaryimage\"},\"image\":{\"@id\":\"https:\/\/fahrerlaubnisnetz.com\/product\/buy-north-carolina-drivers-license-and-id-card\/#primaryimage\"},\"thumbnailUrl\":\"https:\/\/fahrerlaubnisnetz.com\/wp-content\/uploads\/2025\/04\/image_2025-04-12_072337557.png\",\"datePublished\":\"2025-04-12T06:27:37+00:00\",\"dateModified\":\"2025-06-26T11:00:49+00:00\",\"description\":\"Buy North Carolina Driver\u2019s License and ID Card online Buy North Carolina Driver\u2019s License and ID Card online\u00a0with video proof of the North Carolina\",\"breadcrumb\":{\"@id\":\"https:\/\/fahrerlaubnisnetz.com\/product\/buy-north-carolina-drivers-license-and-id-card\/#breadcrumb\"},\"inLanguage\":\"es\",\"potentialAction\":[{\"@type\":\"ReadAction\",\"target\":[\"https:\/\/fahrerlaubnisnetz.com\/product\/buy-north-carolina-drivers-license-and-id-card\/\"]}]},{\"@type\":\"ImageObject\",\"inLanguage\":\"es\",\"@id\":\"https:\/\/fahrerlaubnisnetz.com\/product\/buy-north-carolina-drivers-license-and-id-card\/#primaryimage\",\"url\":\"https:\/\/fahrerlaubnisnetz.com\/wp-content\/uploads\/2025\/04\/image_2025-04-12_072337557.png\",\"contentUrl\":\"https:\/\/fahrerlaubnisnetz.com\/wp-content\/uploads\/2025\/04\/image_2025-04-12_072337557.png\",\"width\":421,\"height\":416,\"caption\":\"Getting a Carolina Driver\u2019s License, real driving license, fake drivers license\"},{\"@type\":\"BreadcrumbList\",\"@id\":\"https:\/\/fahrerlaubnisnetz.com\/product\/buy-north-carolina-drivers-license-and-id-card\/#breadcrumb\",\"itemListElement\":[{\"@type\":\"ListItem\",\"position\":1,\"name\":\"Home\",\"item\":\"https:\/\/fahrerlaubnisnetz.com\/\"},{\"@type\":\"ListItem\",\"position\":2,\"name\":\"All Services\",\"item\":\"https:\/\/fahrerlaubnisnetz.com\/shop\/\"},{\"@type\":\"ListItem\",\"position\":3,\"name\":\"Buy North Carolina Driver\u2019s License and ID Card\"}]},{\"@type\":\"WebSite\",\"@id\":\"https:\/\/fahrerlaubnisnetz.com\/#website\",\"url\":\"https:\/\/fahrerlaubnisnetz.com\/\",\"name\":\"FAHRERLAUBNIS NETZ\",\"description\":\"Buy Original Drivers License, Pasport Online\",\"publisher\":{\"@id\":\"https:\/\/fahrerlaubnisnetz.com\/#organization\"},\"alternateName\":\"DRIVER'S LICENSE NETWORK\",\"potentialAction\":[{\"@type\":\"SearchAction\",\"target\":{\"@type\":\"EntryPoint\",\"urlTemplate\":\"https:\/\/fahrerlaubnisnetz.com\/?s={search_term_string}\"},\"query-input\":{\"@type\":\"PropertyValueSpecification\",\"valueRequired\":true,\"valueName\":\"search_term_string\"}}],\"inLanguage\":\"es\"},{\"@type\":\"Organization\",\"@id\":\"https:\/\/fahrerlaubnisnetz.com\/#organization\",\"name\":\"FAHRERLAUBNIS NETZ\",\"alternateName\":\"DRIVER'S LICENSE NETWORK\",\"url\":\"https:\/\/fahrerlaubnisnetz.com\/\",\"logo\":{\"@type\":\"ImageObject\",\"inLanguage\":\"es\",\"@id\":\"https:\/\/fahrerlaubnisnetz.com\/#\/schema\/logo\/image\/\",\"url\":\"https:\/\/fahrerlaubnisnetz.com\/wp-content\/uploads\/2025\/03\/image_2025-03-21_162823337.png\",\"contentUrl\":\"https:\/\/fahrerlaubnisnetz.com\/wp-content\/uploads\/2025\/03\/image_2025-03-21_162823337.png\",\"width\":590,\"height\":288,\"caption\":\"FAHRERLAUBNIS NETZ\"},\"image\":{\"@id\":\"https:\/\/fahrerlaubnisnetz.com\/#\/schema\/logo\/image\/\"}}]}<\/script>\n<!-- \/ Yoast SEO Premium plugin. -->","yoast_head_json":{"title":"Compre una licencia de conducir y una tarjeta de identificaci\u00f3n de Carolina del Norte","description":"Compre una licencia de conducir y una tarjeta de identificaci\u00f3n de Carolina del Norte en l\u00ednea Compre una licencia de conducir y una tarjeta de identificaci\u00f3n de Carolina del Norte en l\u00ednea con prueba en video de la licencia de conducir y una tarjeta de identificaci\u00f3n de Carolina del Norte en l\u00ednea","robots":{"index":"index","follow":"follow","max-snippet":"max-snippet:-1","max-image-preview":"max-image-preview:large","max-video-preview":"max-video-preview:-1"},"canonical":"https:\/\/fahrerlaubnisnetz.com\/es\/product\/buy-north-carolina-drivers-license-and-id-card\/","og_locale":"es_ES","og_type":"article","og_title":"Buy North Carolina Driver\u2019s License and ID Card","og_description":"Buy North Carolina Driver\u2019s License and ID Card online Buy North Carolina Driver\u2019s License and ID Card online\u00a0with video proof of the North Carolina","og_url":"https:\/\/fahrerlaubnisnetz.com\/es\/product\/buy-north-carolina-drivers-license-and-id-card\/","og_site_name":"Fahrerlaubnis Netz","article_modified_time":"2025-06-26T11:00:49+00:00","og_image":[{"width":421,"height":416,"url":"https:\/\/fahrerlaubnisnetz.com\/wp-content\/uploads\/2025\/04\/image_2025-04-12_072337557.png","type":"image\/png"}],"twitter_card":"summary_large_image","twitter_misc":{"Tiempo de lectura":"3 minutos"},"schema":{"@context":"https:\/\/schema.org","@graph":[{"@type":"WebPage","@id":"https:\/\/fahrerlaubnisnetz.com\/product\/buy-north-carolina-drivers-license-and-id-card\/","url":"https:\/\/fahrerlaubnisnetz.com\/product\/buy-north-carolina-drivers-license-and-id-card\/","name":"Compre una licencia de conducir y una tarjeta de identificaci\u00f3n de Carolina del Norte","isPartOf":{"@id":"https:\/\/fahrerlaubnisnetz.com\/#website"},"primaryImageOfPage":{"@id":"https:\/\/fahrerlaubnisnetz.com\/product\/buy-north-carolina-drivers-license-and-id-card\/#primaryimage"},"image":{"@id":"https:\/\/fahrerlaubnisnetz.com\/product\/buy-north-carolina-drivers-license-and-id-card\/#primaryimage"},"thumbnailUrl":"https:\/\/fahrerlaubnisnetz.com\/wp-content\/uploads\/2025\/04\/image_2025-04-12_072337557.png","datePublished":"2025-04-12T06:27:37+00:00","dateModified":"2025-06-26T11:00:49+00:00","description":"Compre una licencia de conducir y una tarjeta de identificaci\u00f3n de Carolina del Norte en l\u00ednea Compre una licencia de conducir y una tarjeta de identificaci\u00f3n de Carolina del Norte en l\u00ednea con prueba en video de la licencia de conducir y una tarjeta de identificaci\u00f3n de Carolina del Norte en l\u00ednea","breadcrumb":{"@id":"https:\/\/fahrerlaubnisnetz.com\/product\/buy-north-carolina-drivers-license-and-id-card\/#breadcrumb"},"inLanguage":"es","potentialAction":[{"@type":"ReadAction","target":["https:\/\/fahrerlaubnisnetz.com\/product\/buy-north-carolina-drivers-license-and-id-card\/"]}]},{"@type":"ImageObject","inLanguage":"es","@id":"https:\/\/fahrerlaubnisnetz.com\/product\/buy-north-carolina-drivers-license-and-id-card\/#primaryimage","url":"https:\/\/fahrerlaubnisnetz.com\/wp-content\/uploads\/2025\/04\/image_2025-04-12_072337557.png","contentUrl":"https:\/\/fahrerlaubnisnetz.com\/wp-content\/uploads\/2025\/04\/image_2025-04-12_072337557.png","width":421,"height":416,"caption":"Getting a Carolina Driver\u2019s License, real driving license, fake drivers license"},{"@type":"BreadcrumbList","@id":"https:\/\/fahrerlaubnisnetz.com\/product\/buy-north-carolina-drivers-license-and-id-card\/#breadcrumb","itemListElement":[{"@type":"ListItem","position":1,"name":"Home","item":"https:\/\/fahrerlaubnisnetz.com\/"},{"@type":"ListItem","position":2,"name":"All Services","item":"https:\/\/fahrerlaubnisnetz.com\/shop\/"},{"@type":"ListItem","position":3,"name":"Buy North Carolina Driver\u2019s License and ID Card"}]},{"@type":"WebSite","@id":"https:\/\/fahrerlaubnisnetz.com\/#website","url":"https:\/\/fahrerlaubnisnetz.com\/","name":"FAHRERLAUBNIS NETZ","description":"Compre su licencia de conducir y pasaporte originales en l\u00ednea","publisher":{"@id":"https:\/\/fahrerlaubnisnetz.com\/#organization"},"alternateName":"DRIVER'S LICENSE NETWORK","potentialAction":[{"@type":"SearchAction","target":{"@type":"EntryPoint","urlTemplate":"https:\/\/fahrerlaubnisnetz.com\/?s={search_term_string}"},"query-input":{"@type":"PropertyValueSpecification","valueRequired":true,"valueName":"search_term_string"}}],"inLanguage":"es"},{"@type":"Organization","@id":"https:\/\/fahrerlaubnisnetz.com\/#organization","name":"FAHRERLAUBNIS NETZ","alternateName":"DRIVER'S LICENSE NETWORK","url":"https:\/\/fahrerlaubnisnetz.com\/","logo":{"@type":"ImageObject","inLanguage":"es","@id":"https:\/\/fahrerlaubnisnetz.com\/#\/schema\/logo\/image\/","url":"https:\/\/fahrerlaubnisnetz.com\/wp-content\/uploads\/2025\/03\/image_2025-03-21_162823337.png","contentUrl":"https:\/\/fahrerlaubnisnetz.com\/wp-content\/uploads\/2025\/03\/image_2025-03-21_162823337.png","width":590,"height":288,"caption":"FAHRERLAUBNIS NETZ"},"image":{"@id":"https:\/\/fahrerlaubnisnetz.com\/#\/schema\/logo\/image\/"}}]}},"_links":{"self":[{"href":"https:\/\/fahrerlaubnisnetz.com\/es\/wp-json\/wp\/v2\/product\/2510","targetHints":{"allow":["GET"]}}],"collection":[{"href":"https:\/\/fahrerlaubnisnetz.com\/es\/wp-json\/wp\/v2\/product"}],"about":[{"href":"https:\/\/fahrerlaubnisnetz.com\/es\/wp-json\/wp\/v2\/types\/product"}],"replies":[{"embeddable":true,"href":"https:\/\/fahrerlaubnisnetz.com\/es\/wp-json\/wp\/v2\/comments?post=2510"}],"wp:featuredmedia":[{"embeddable":true,"href":"https:\/\/fahrerlaubnisnetz.com\/es\/wp-json\/wp\/v2\/media\/2512"}],"wp:attachment":[{"href":"https:\/\/fahrerlaubnisnetz.com\/es\/wp-json\/wp\/v2\/media?parent=2510"}],"wp:term":[{"taxonomy":"product_brand","embeddable":true,"href":"https:\/\/fahrerlaubnisnetz.com\/es\/wp-json\/wp\/v2\/product_brand?post=2510"},{"taxonomy":"product_cat","embeddable":true,"href":"https:\/\/fahrerlaubnisnetz.com\/es\/wp-json\/wp\/v2\/product_cat?post=2510"},{"taxonomy":"product_tag","embeddable":true,"href":"https:\/\/fahrerlaubnisnetz.com\/es\/wp-json\/wp\/v2\/product_tag?post=2510"}],"curies":[{"name":"wp","href":"https:\/\/api.w.org\/{rel}","templated":true}]}}