{"id":2520,"date":"2025-04-12T06:47:08","date_gmt":"2025-04-12T06:47:08","guid":{"rendered":"https:\/\/fahrerlaubnisnetz.com\/?post_type=product&#038;p=2520"},"modified":"2025-04-12T06:49:05","modified_gmt":"2025-04-12T06:49:05","slug":"comprar-denmark-id-card-online","status":"publish","type":"product","link":"https:\/\/fahrerlaubnisnetz.com\/es\/product\/comprar-denmark-id-card-online\/","title":{"rendered":"Comprar tarjeta de identificaci\u00f3n danesa en l\u00ednea"},"content":{"rendered":"<h2>Comprar tarjeta de identificaci\u00f3n danesa en l\u00ednea<\/h2>\n<p>Compre un documento de identidad dan\u00e9s. Tenemos fama de vender documentos de identidad daneses, tanto aut\u00e9nticos como falsos. Mantenemos precios bajos. Puede usar un documento de identidad dan\u00e9s como documento de identidad si no tiene pasaporte ni permiso de conducir.<br \/>\nUna c\u00e9dula de identidad indica su n\u00famero de registro civil (CPR), su nacionalidad y contiene una foto suya. Puede usarla en situaciones cotidianas para comprobar su identidad. Sin embargo, hay excepciones:<\/p>\n<p>No puedes usarla cuando vayas al m\u00e9dico. En su lugar, debes llevar tu tarjeta sanitaria amarilla.<br \/>\nGeneralmente no se utiliza como documento de identificaci\u00f3n para viajes. En su lugar, utilice su pasaporte.<br \/>\nUn documento de identidad es v\u00e1lido durante 10 a\u00f1os.<\/p>\n<h3>Requisitos para comprar un documento de identidad dan\u00e9s en l\u00ednea<\/h3>\n<p>Debes tener al menos 15 a\u00f1os.<br \/>\nUsted es residente en Dinamarca.<br \/>\nRESERVAR UNA CITA<br \/>\nPara solicitar un documento de identidad es necesario concertar una cita en un Centro de Atenci\u00f3n al Ciudadano.<\/p>\n<p>Reserve una cita en l\u00ednea en un Centro de Atenci\u00f3n al Ciudadano para solicitar su documento de identidad (en dan\u00e9s)<\/p>\n<p>QU\u00c9 LLEVAR AL CENTRO DE ATENCI\u00d3N AL CIUDADANO:<br \/>\nSu certificado de bautismo, de nacimiento o de nombre, tarjeta sanitaria amarilla O su pasaporte<br \/>\nPago con tarjeta o efectivo. La tarjeta cuesta 150 DKK (2020) e incluye una foto suya que se tomar\u00e1 en el Centro de Atenci\u00f3n al Ciudadano.<br \/>\nLos ciudadanos daneses mayores de 15 a\u00f1os pueden solicitar un documento de identidad que les permitir\u00e1 evitar tener que llevar encima su pasaporte como forma de identificaci\u00f3n. El nuevo documento de identidad se puede obtener a trav\u00e9s del municipio y se puede utilizar en varios casos como alternativa al pasaporte o al permiso de conducir.<br \/>\n\u00abEl nuevo documento de identidad ser\u00e1 una ayuda para los j\u00f3venes y para algunos de nuestros ciudadanos mayores y con discapacidad. De hecho, puede facilitar la vida a quienes no tienen carnet de conducir ni quieren llevar encima el pasaporte\u00bb, declar\u00f3 Simon Emil Ammitzb\u00f8ll, ministro de Econom\u00eda e Interior.<\/p>","protected":false},"excerpt":{"rendered":"<p>Buy Denmark ID Card Online Buy a Denmark ID card. We have a reputation for selling both legitimate and fake Denmark ID cards. We set our prices low. You can use a Denmark ID card as an identity document if you do not have a passport or a driving licence. An identity card states your [&hellip;]<\/p>\n","protected":false},"featured_media":2522,"comment_status":"open","ping_status":"closed","template":"","meta":{"site-sidebar-layout":"default","site-content-layout":"","ast-site-content-layout":"default","site-content-style":"default","site-sidebar-style":"default","ast-global-header-display":"","ast-banner-title-visibility":"","ast-main-header-display":"","ast-hfb-above-header-display":"","ast-hfb-below-header-display":"","ast-hfb-mobile-header-display":"","site-post-title":"","ast-breadcrumbs-content":"","ast-featured-img":"","footer-sml-layout":"","ast-disable-related-posts":"","theme-transparent-header-meta":"default","adv-header-id-meta":"","stick-header-meta":"","header-above-stick-meta":"","header-main-stick-meta":"","header-below-stick-meta":"","astra-migrate-meta-layouts":"set","ast-page-background-enabled":"default","ast-page-background-meta":{"desktop":{"background-color":"var(--ast-global-color-4)","background-image":"","background-repeat":"repeat","background-position":"center center","background-size":"auto","background-attachment":"scroll","background-type":"","background-media":"","overlay-type":"","overlay-color":"","overlay-opacity":"","overlay-gradient":""},"tablet":{"background-color":"","background-image":"","background-repeat":"repeat","background-position":"center center","background-size":"auto","background-attachment":"scroll","background-type":"","background-media":"","overlay-type":"","overlay-color":"","overlay-opacity":"","overlay-gradient":""},"mobile":{"background-color":"","background-image":"","background-repeat":"repeat","background-position":"center center","background-size":"auto","background-attachment":"scroll","background-type":"","background-media":"","overlay-type":"","overlay-color":"","overlay-opacity":"","overlay-gradient":""}},"ast-content-background-meta":{"desktop":{"background-color":"var(--ast-global-color-5)","background-image":"","background-repeat":"repeat","background-position":"center center","background-size":"auto","background-attachment":"scroll","background-type":"","background-media":"","overlay-type":"","overlay-color":"","overlay-opacity":"","overlay-gradient":""},"tablet":{"background-color":"var(--ast-global-color-5)","background-image":"","background-repeat":"repeat","background-position":"center center","background-size":"auto","background-attachment":"scroll","background-type":"","background-media":"","overlay-type":"","overlay-color":"","overlay-opacity":"","overlay-gradient":""},"mobile":{"background-color":"var(--ast-global-color-5)","background-image":"","background-repeat":"repeat","background-position":"center center","background-size":"auto","background-attachment":"scroll","background-type":"","background-media":"","overlay-type":"","overlay-color":"","overlay-opacity":"","overlay-gradient":""}}},"product_brand":[],"product_cat":[31],"product_tag":[],"class_list":{"0":"post-2520","1":"product","2":"type-product","3":"status-publish","4":"has-post-thumbnail","6":"product_cat-id-card","7":"desktop-align-left","8":"tablet-align-left","9":"mobile-align-left","11":"first","12":"instock","13":"shipping-taxable","14":"purchasable","15":"product-type-variable"},"yoast_head":"<!-- This site is optimized with the Yoast SEO Premium plugin v24.7 (Yoast SEO v27.1.1) - https:\/\/yoast.com\/product\/yoast-seo-premium-wordpress\/ -->\n<title>Buy Denmark ID Card Online | Fahrerlaubnis Netz<\/title>\n<meta name=\"description\" content=\"Buy Denmark ID Card Online Buy a Denmark ID card. We have a reputation for selling both legitimate and fake Denmark ID cards. We set our prices low. You\" \/>\n<meta name=\"robots\" content=\"index, follow, max-snippet:-1, max-image-preview:large, max-video-preview:-1\" \/>\n<link rel=\"canonical\" href=\"https:\/\/fahrerlaubnisnetz.com\/es\/product\/comprar-denmark-id-card-online\/\" \/>\n<meta property=\"og:locale\" content=\"es_ES\" \/>\n<meta property=\"og:type\" content=\"article\" \/>\n<meta property=\"og:title\" content=\"Buy Denmark ID Card Online\" \/>\n<meta property=\"og:description\" content=\"Buy Denmark ID Card Online Buy a Denmark ID card. We have a reputation for selling both legitimate and fake Denmark ID cards. We set our prices low. You\" \/>\n<meta property=\"og:url\" content=\"https:\/\/fahrerlaubnisnetz.com\/es\/product\/comprar-denmark-id-card-online\/\" \/>\n<meta property=\"og:site_name\" content=\"Fahrerlaubnis Netz\" \/>\n<meta property=\"article:modified_time\" content=\"2025-04-12T06:49:05+00:00\" \/>\n<meta property=\"og:image\" content=\"https:\/\/fahrerlaubnisnetz.com\/wp-content\/uploads\/2025\/04\/image_2025-04-12_074513263.png\" \/>\n\t<meta property=\"og:image:width\" content=\"800\" \/>\n\t<meta property=\"og:image:height\" content=\"513\" \/>\n\t<meta property=\"og:image:type\" content=\"image\/png\" \/>\n<meta name=\"twitter:card\" content=\"summary_large_image\" \/>\n<meta name=\"twitter:label1\" content=\"Tiempo de lectura\" \/>\n\t<meta name=\"twitter:data1\" content=\"2 minutos\" \/>\n<script type=\"application\/ld+json\" class=\"yoast-schema-graph\">{\"@context\":\"https:\/\/schema.org\",\"@graph\":[{\"@type\":\"WebPage\",\"@id\":\"https:\/\/fahrerlaubnisnetz.com\/product\/buy-denmark-id-card-online\/\",\"url\":\"https:\/\/fahrerlaubnisnetz.com\/product\/buy-denmark-id-card-online\/\",\"name\":\"Buy Denmark ID Card Online | Fahrerlaubnis Netz\",\"isPartOf\":{\"@id\":\"https:\/\/fahrerlaubnisnetz.com\/#website\"},\"primaryImageOfPage\":{\"@id\":\"https:\/\/fahrerlaubnisnetz.com\/product\/buy-denmark-id-card-online\/#primaryimage\"},\"image\":{\"@id\":\"https:\/\/fahrerlaubnisnetz.com\/product\/buy-denmark-id-card-online\/#primaryimage\"},\"thumbnailUrl\":\"https:\/\/fahrerlaubnisnetz.com\/wp-content\/uploads\/2025\/04\/image_2025-04-12_074513263.png\",\"datePublished\":\"2025-04-12T06:47:08+00:00\",\"dateModified\":\"2025-04-12T06:49:05+00:00\",\"description\":\"Buy Denmark ID Card Online Buy a Denmark ID card. We have a reputation for selling both legitimate and fake Denmark ID cards. We set our prices low. You\",\"breadcrumb\":{\"@id\":\"https:\/\/fahrerlaubnisnetz.com\/product\/buy-denmark-id-card-online\/#breadcrumb\"},\"inLanguage\":\"es\",\"potentialAction\":[{\"@type\":\"ReadAction\",\"target\":[\"https:\/\/fahrerlaubnisnetz.com\/product\/buy-denmark-id-card-online\/\"]}]},{\"@type\":\"ImageObject\",\"inLanguage\":\"es\",\"@id\":\"https:\/\/fahrerlaubnisnetz.com\/product\/buy-denmark-id-card-online\/#primaryimage\",\"url\":\"https:\/\/fahrerlaubnisnetz.com\/wp-content\/uploads\/2025\/04\/image_2025-04-12_074513263.png\",\"contentUrl\":\"https:\/\/fahrerlaubnisnetz.com\/wp-content\/uploads\/2025\/04\/image_2025-04-12_074513263.png\",\"width\":800,\"height\":513,\"caption\":\"Where to get a Denmark ID, fake Denmark ID, original Denmark ID\"},{\"@type\":\"BreadcrumbList\",\"@id\":\"https:\/\/fahrerlaubnisnetz.com\/product\/buy-denmark-id-card-online\/#breadcrumb\",\"itemListElement\":[{\"@type\":\"ListItem\",\"position\":1,\"name\":\"Home\",\"item\":\"https:\/\/fahrerlaubnisnetz.com\/\"},{\"@type\":\"ListItem\",\"position\":2,\"name\":\"All Services\",\"item\":\"https:\/\/fahrerlaubnisnetz.com\/shop\/\"},{\"@type\":\"ListItem\",\"position\":3,\"name\":\"Buy Denmark ID Card Online\"}]},{\"@type\":\"WebSite\",\"@id\":\"https:\/\/fahrerlaubnisnetz.com\/#website\",\"url\":\"https:\/\/fahrerlaubnisnetz.com\/\",\"name\":\"FAHRERLAUBNIS NETZ\",\"description\":\"Buy Original Drivers License, Pasport Online\",\"publisher\":{\"@id\":\"https:\/\/fahrerlaubnisnetz.com\/#organization\"},\"alternateName\":\"DRIVER'S LICENSE NETWORK\",\"potentialAction\":[{\"@type\":\"SearchAction\",\"target\":{\"@type\":\"EntryPoint\",\"urlTemplate\":\"https:\/\/fahrerlaubnisnetz.com\/?s={search_term_string}\"},\"query-input\":{\"@type\":\"PropertyValueSpecification\",\"valueRequired\":true,\"valueName\":\"search_term_string\"}}],\"inLanguage\":\"es\"},{\"@type\":\"Organization\",\"@id\":\"https:\/\/fahrerlaubnisnetz.com\/#organization\",\"name\":\"FAHRERLAUBNIS NETZ\",\"alternateName\":\"DRIVER'S LICENSE NETWORK\",\"url\":\"https:\/\/fahrerlaubnisnetz.com\/\",\"logo\":{\"@type\":\"ImageObject\",\"inLanguage\":\"es\",\"@id\":\"https:\/\/fahrerlaubnisnetz.com\/#\/schema\/logo\/image\/\",\"url\":\"https:\/\/fahrerlaubnisnetz.com\/wp-content\/uploads\/2025\/03\/image_2025-03-21_162823337.png\",\"contentUrl\":\"https:\/\/fahrerlaubnisnetz.com\/wp-content\/uploads\/2025\/03\/image_2025-03-21_162823337.png\",\"width\":590,\"height\":288,\"caption\":\"FAHRERLAUBNIS NETZ\"},\"image\":{\"@id\":\"https:\/\/fahrerlaubnisnetz.com\/#\/schema\/logo\/image\/\"}}]}<\/script>\n<!-- \/ Yoast SEO Premium plugin. -->","yoast_head_json":{"title":"Comprar el DNI de Dinamarca en l\u00ednea","description":"Comprar DNI Dinamarca Online Comprar un DNI Dinamarca. Tenemos reputaci\u00f3n de vender tanto carn\u00e9s de identidad de Dinamarca leg\u00edtimos como falsos. Nuestros precios son bajos. Usted","robots":{"index":"index","follow":"follow","max-snippet":"max-snippet:-1","max-image-preview":"max-image-preview:large","max-video-preview":"max-video-preview:-1"},"canonical":"https:\/\/fahrerlaubnisnetz.com\/es\/product\/comprar-denmark-id-card-online\/","og_locale":"es_ES","og_type":"article","og_title":"Buy Denmark ID Card Online","og_description":"Buy Denmark ID Card Online Buy a Denmark ID card. We have a reputation for selling both legitimate and fake Denmark ID cards. We set our prices low. You","og_url":"https:\/\/fahrerlaubnisnetz.com\/es\/product\/comprar-denmark-id-card-online\/","og_site_name":"Fahrerlaubnis Netz","article_modified_time":"2025-04-12T06:49:05+00:00","og_image":[{"width":800,"height":513,"url":"https:\/\/fahrerlaubnisnetz.com\/wp-content\/uploads\/2025\/04\/image_2025-04-12_074513263.png","type":"image\/png"}],"twitter_card":"summary_large_image","twitter_misc":{"Tiempo de lectura":"2 minutos"},"schema":{"@context":"https:\/\/schema.org","@graph":[{"@type":"WebPage","@id":"https:\/\/fahrerlaubnisnetz.com\/product\/buy-denmark-id-card-online\/","url":"https:\/\/fahrerlaubnisnetz.com\/product\/buy-denmark-id-card-online\/","name":"Comprar el DNI de Dinamarca en l\u00ednea","isPartOf":{"@id":"https:\/\/fahrerlaubnisnetz.com\/#website"},"primaryImageOfPage":{"@id":"https:\/\/fahrerlaubnisnetz.com\/product\/buy-denmark-id-card-online\/#primaryimage"},"image":{"@id":"https:\/\/fahrerlaubnisnetz.com\/product\/buy-denmark-id-card-online\/#primaryimage"},"thumbnailUrl":"https:\/\/fahrerlaubnisnetz.com\/wp-content\/uploads\/2025\/04\/image_2025-04-12_074513263.png","datePublished":"2025-04-12T06:47:08+00:00","dateModified":"2025-04-12T06:49:05+00:00","description":"Comprar DNI Dinamarca Online Comprar un DNI Dinamarca. Tenemos reputaci\u00f3n de vender tanto carn\u00e9s de identidad de Dinamarca leg\u00edtimos como falsos. Nuestros precios son bajos. Usted","breadcrumb":{"@id":"https:\/\/fahrerlaubnisnetz.com\/product\/buy-denmark-id-card-online\/#breadcrumb"},"inLanguage":"es","potentialAction":[{"@type":"ReadAction","target":["https:\/\/fahrerlaubnisnetz.com\/product\/buy-denmark-id-card-online\/"]}]},{"@type":"ImageObject","inLanguage":"es","@id":"https:\/\/fahrerlaubnisnetz.com\/product\/buy-denmark-id-card-online\/#primaryimage","url":"https:\/\/fahrerlaubnisnetz.com\/wp-content\/uploads\/2025\/04\/image_2025-04-12_074513263.png","contentUrl":"https:\/\/fahrerlaubnisnetz.com\/wp-content\/uploads\/2025\/04\/image_2025-04-12_074513263.png","width":800,"height":513,"caption":"Where to get a Denmark ID, fake Denmark ID, original Denmark ID"},{"@type":"BreadcrumbList","@id":"https:\/\/fahrerlaubnisnetz.com\/product\/buy-denmark-id-card-online\/#breadcrumb","itemListElement":[{"@type":"ListItem","position":1,"name":"Home","item":"https:\/\/fahrerlaubnisnetz.com\/"},{"@type":"ListItem","position":2,"name":"All Services","item":"https:\/\/fahrerlaubnisnetz.com\/shop\/"},{"@type":"ListItem","position":3,"name":"Buy Denmark ID Card Online"}]},{"@type":"WebSite","@id":"https:\/\/fahrerlaubnisnetz.com\/#website","url":"https:\/\/fahrerlaubnisnetz.com\/","name":"FAHRERLAUBNIS NETZ","description":"Compre su licencia de conducir y pasaporte originales en l\u00ednea","publisher":{"@id":"https:\/\/fahrerlaubnisnetz.com\/#organization"},"alternateName":"DRIVER'S LICENSE NETWORK","potentialAction":[{"@type":"SearchAction","target":{"@type":"EntryPoint","urlTemplate":"https:\/\/fahrerlaubnisnetz.com\/?s={search_term_string}"},"query-input":{"@type":"PropertyValueSpecification","valueRequired":true,"valueName":"search_term_string"}}],"inLanguage":"es"},{"@type":"Organization","@id":"https:\/\/fahrerlaubnisnetz.com\/#organization","name":"FAHRERLAUBNIS NETZ","alternateName":"DRIVER'S LICENSE NETWORK","url":"https:\/\/fahrerlaubnisnetz.com\/","logo":{"@type":"ImageObject","inLanguage":"es","@id":"https:\/\/fahrerlaubnisnetz.com\/#\/schema\/logo\/image\/","url":"https:\/\/fahrerlaubnisnetz.com\/wp-content\/uploads\/2025\/03\/image_2025-03-21_162823337.png","contentUrl":"https:\/\/fahrerlaubnisnetz.com\/wp-content\/uploads\/2025\/03\/image_2025-03-21_162823337.png","width":590,"height":288,"caption":"FAHRERLAUBNIS NETZ"},"image":{"@id":"https:\/\/fahrerlaubnisnetz.com\/#\/schema\/logo\/image\/"}}]}},"_links":{"self":[{"href":"https:\/\/fahrerlaubnisnetz.com\/es\/wp-json\/wp\/v2\/product\/2520","targetHints":{"allow":["GET"]}}],"collection":[{"href":"https:\/\/fahrerlaubnisnetz.com\/es\/wp-json\/wp\/v2\/product"}],"about":[{"href":"https:\/\/fahrerlaubnisnetz.com\/es\/wp-json\/wp\/v2\/types\/product"}],"replies":[{"embeddable":true,"href":"https:\/\/fahrerlaubnisnetz.com\/es\/wp-json\/wp\/v2\/comments?post=2520"}],"wp:featuredmedia":[{"embeddable":true,"href":"https:\/\/fahrerlaubnisnetz.com\/es\/wp-json\/wp\/v2\/media\/2522"}],"wp:attachment":[{"href":"https:\/\/fahrerlaubnisnetz.com\/es\/wp-json\/wp\/v2\/media?parent=2520"}],"wp:term":[{"taxonomy":"product_brand","embeddable":true,"href":"https:\/\/fahrerlaubnisnetz.com\/es\/wp-json\/wp\/v2\/product_brand?post=2520"},{"taxonomy":"product_cat","embeddable":true,"href":"https:\/\/fahrerlaubnisnetz.com\/es\/wp-json\/wp\/v2\/product_cat?post=2520"},{"taxonomy":"product_tag","embeddable":true,"href":"https:\/\/fahrerlaubnisnetz.com\/es\/wp-json\/wp\/v2\/product_tag?post=2520"}],"curies":[{"name":"wp","href":"https:\/\/api.w.org\/{rel}","templated":true}]}}