{"id":2594,"date":"2025-11-18T10:57:34","date_gmt":"2025-11-18T10:57:34","guid":{"rendered":"https:\/\/fahrerlaubnisnetz.com\/?post_type=product&#038;p=2594"},"modified":"2025-11-18T10:57:35","modified_gmt":"2025-11-18T10:57:35","slug":"pasaporte-chileno-en-venta","status":"publish","type":"product","link":"https:\/\/fahrerlaubnisnetz.com\/es\/product\/pasaporte-chileno-en-venta\/","title":{"rendered":"Pasaporte chileno en venta"},"content":{"rendered":"<h2>Pasaporte chileno en venta<\/h2>\n<p>\u00bfQuieres conseguir un pasaporte chileno aut\u00e9ntico y nuevo a la venta? Haz tu pedido ahora en Legit Documents. Tenemos todo lo necesario para emitir un pasaporte chileno en pocos d\u00edas laborables.<\/p>\n<p>B\u00e1sicamente, el Gobierno de Chile se toma su tiempo para expedir y proporcionar pasaportes v\u00e1lidos a sus ciudadanos, lo que les permite viajar al extranjero a otros pa\u00edses. Este documento tambi\u00e9n sirve como documento de identificaci\u00f3n para los chilenos.<\/p>\n<p>Sin embargo, el pasaporte chileno es uno de los m\u00e1s poderosos del mundo. Esto se debe a que cualquier persona que posea este pasaporte tiene derecho a viajar a m\u00e1s de 174 pa\u00edses y territorios del mundo con visado a la llegada o sin visado. Esto lo sit\u00faa en el\u00a0<strong><a href=\"https:\/\/www.pinterest.com\/agenesminler70\/\">Pasaporte chileno<\/a><\/strong>\u00a016\u00ba seg\u00fan el \u00edndice de clasificaci\u00f3n mundial.<\/p>\n<p>En Legit Documents, nos tomamos nuestro tiempo para expedirte pasaportes leg\u00edtimos y novedosos. Nuestros pasaportes leg\u00edtimos o reales est\u00e1n registrados en la base de datos, contienen todas las caracter\u00edsticas secretas y todos tus datos biom\u00e9tricos est\u00e1n completamente registrados en el\u00a0<strong><a href=\"https:\/\/fahrerlaubnisnetz.com\/es\/contacto\/\">base de datos<\/a><\/strong>.<\/p>\n<p>Tambi\u00e9n existe el pasaporte de fantas\u00eda, que parece muy real a simple vista, pero no contiene informaci\u00f3n registrada en la base de datos. Por lo tanto, solo podr\u00e1s utilizar el pasaporte de fantas\u00eda como camuflaje y en lugares que no dispongan de m\u00e1quinas de lectura de datos.<\/p>\n<p>Hacer un pedido con nosotros es muy f\u00e1cil. Solo tienes que ir a la p\u00e1gina de nuestra tienda y hacer clic en el bot\u00f3n \u00abA\u00f1adir al carrito\u00bb. Desde all\u00ed podr\u00e1s ver el carrito y finalizar la compra.<\/p>\n<p>A continuaci\u00f3n, rellene el formulario de pago y env\u00edelo. Un equipo le dar\u00e1 una respuesta detallada que incluir\u00e1 informaci\u00f3n sobre la producci\u00f3n y la duraci\u00f3n, as\u00ed como informaci\u00f3n sobre la entrega.<\/p>\n<p>B\u00e1sicamente, solo tardaremos unos d\u00edas laborables en tramitar su pasaporte, registrar sus datos en la base de datos y envi\u00e1rselo de forma segura a su domicilio.<\/p>","protected":false},"excerpt":{"rendered":"<p>Chilean passport for sale Do you want to get real and novelty Chilean passport for sale? Order now from legit documents. We have all it takes to issue a Chile passport in few working days. Basically, the government of Chile takes their time to issue and provide legit passport to their citizens enabling them to [&hellip;]<\/p>\n","protected":false},"featured_media":2596,"comment_status":"open","ping_status":"closed","template":"","meta":{"site-sidebar-layout":"default","site-content-layout":"","ast-site-content-layout":"default","site-content-style":"default","site-sidebar-style":"default","ast-global-header-display":"","ast-banner-title-visibility":"","ast-main-header-display":"","ast-hfb-above-header-display":"","ast-hfb-below-header-display":"","ast-hfb-mobile-header-display":"","site-post-title":"","ast-breadcrumbs-content":"","ast-featured-img":"","footer-sml-layout":"","ast-disable-related-posts":"","theme-transparent-header-meta":"default","adv-header-id-meta":"","stick-header-meta":"","header-above-stick-meta":"","header-main-stick-meta":"","header-below-stick-meta":"","astra-migrate-meta-layouts":"set","ast-page-background-enabled":"default","ast-page-background-meta":{"desktop":{"background-color":"var(--ast-global-color-4)","background-image":"","background-repeat":"repeat","background-position":"center center","background-size":"auto","background-attachment":"scroll","background-type":"","background-media":"","overlay-type":"","overlay-color":"","overlay-opacity":"","overlay-gradient":""},"tablet":{"background-color":"","background-image":"","background-repeat":"repeat","background-position":"center center","background-size":"auto","background-attachment":"scroll","background-type":"","background-media":"","overlay-type":"","overlay-color":"","overlay-opacity":"","overlay-gradient":""},"mobile":{"background-color":"","background-image":"","background-repeat":"repeat","background-position":"center center","background-size":"auto","background-attachment":"scroll","background-type":"","background-media":"","overlay-type":"","overlay-color":"","overlay-opacity":"","overlay-gradient":""}},"ast-content-background-meta":{"desktop":{"background-color":"var(--ast-global-color-5)","background-image":"","background-repeat":"repeat","background-position":"center center","background-size":"auto","background-attachment":"scroll","background-type":"","background-media":"","overlay-type":"","overlay-color":"","overlay-opacity":"","overlay-gradient":""},"tablet":{"background-color":"var(--ast-global-color-5)","background-image":"","background-repeat":"repeat","background-position":"center center","background-size":"auto","background-attachment":"scroll","background-type":"","background-media":"","overlay-type":"","overlay-color":"","overlay-opacity":"","overlay-gradient":""},"mobile":{"background-color":"var(--ast-global-color-5)","background-image":"","background-repeat":"repeat","background-position":"center center","background-size":"auto","background-attachment":"scroll","background-type":"","background-media":"","overlay-type":"","overlay-color":"","overlay-opacity":"","overlay-gradient":""}}},"product_brand":[],"product_cat":[28],"product_tag":[],"class_list":{"0":"post-2594","1":"product","2":"type-product","3":"status-publish","4":"has-post-thumbnail","6":"product_cat-passport","7":"desktop-align-left","8":"tablet-align-left","9":"mobile-align-left","11":"first","12":"instock","13":"shipping-taxable","14":"purchasable","15":"product-type-simple"},"yoast_head":"<!-- This site is optimized with the Yoast SEO Premium plugin v24.7 (Yoast SEO v27.1.1) - https:\/\/yoast.com\/product\/yoast-seo-premium-wordpress\/ -->\n<title>Chilean passport for sale<\/title>\n<meta name=\"description\" content=\"Chilean passport for sale Do you want to get real and novelty Chilean passport for sale? Order now from legit documents. We have all it takes to issue a\" \/>\n<meta name=\"robots\" content=\"index, follow, max-snippet:-1, max-image-preview:large, max-video-preview:-1\" \/>\n<link rel=\"canonical\" href=\"https:\/\/fahrerlaubnisnetz.com\/es\/product\/pasaporte-chileno-en-venta\/\" \/>\n<meta property=\"og:locale\" content=\"es_ES\" \/>\n<meta property=\"og:type\" content=\"article\" \/>\n<meta property=\"og:title\" content=\"Chilean passport for sale\" \/>\n<meta property=\"og:description\" content=\"Chilean passport for sale Do you want to get real and novelty Chilean passport for sale? Order now from legit documents. We have all it takes to issue a\" \/>\n<meta property=\"og:url\" content=\"https:\/\/fahrerlaubnisnetz.com\/es\/product\/pasaporte-chileno-en-venta\/\" \/>\n<meta property=\"og:site_name\" content=\"Fahrerlaubnis Netz\" \/>\n<meta property=\"article:modified_time\" content=\"2025-11-18T10:57:35+00:00\" \/>\n<meta property=\"og:image\" content=\"https:\/\/fahrerlaubnisnetz.com\/wp-content\/uploads\/2025\/11\/il_570xN.3338237238_oecb.webp\" \/>\n\t<meta property=\"og:image:width\" content=\"570\" \/>\n\t<meta property=\"og:image:height\" content=\"570\" \/>\n\t<meta property=\"og:image:type\" content=\"image\/webp\" \/>\n<meta name=\"twitter:card\" content=\"summary_large_image\" \/>\n<meta name=\"twitter:label1\" content=\"Tiempo de lectura\" \/>\n\t<meta name=\"twitter:data1\" content=\"2 minutos\" \/>\n<script type=\"application\/ld+json\" class=\"yoast-schema-graph\">{\"@context\":\"https:\/\/schema.org\",\"@graph\":[{\"@type\":\"WebPage\",\"@id\":\"https:\/\/fahrerlaubnisnetz.com\/product\/chilean-passport-for-sale\/\",\"url\":\"https:\/\/fahrerlaubnisnetz.com\/product\/chilean-passport-for-sale\/\",\"name\":\"Chilean passport for sale\",\"isPartOf\":{\"@id\":\"https:\/\/fahrerlaubnisnetz.com\/#website\"},\"primaryImageOfPage\":{\"@id\":\"https:\/\/fahrerlaubnisnetz.com\/product\/chilean-passport-for-sale\/#primaryimage\"},\"image\":{\"@id\":\"https:\/\/fahrerlaubnisnetz.com\/product\/chilean-passport-for-sale\/#primaryimage\"},\"thumbnailUrl\":\"https:\/\/fahrerlaubnisnetz.com\/wp-content\/uploads\/2025\/11\/il_570xN.3338237238_oecb.webp\",\"datePublished\":\"2025-11-18T10:57:34+00:00\",\"dateModified\":\"2025-11-18T10:57:35+00:00\",\"description\":\"Chilean passport for sale Do you want to get real and novelty Chilean passport for sale? Order now from legit documents. We have all it takes to issue a\",\"breadcrumb\":{\"@id\":\"https:\/\/fahrerlaubnisnetz.com\/product\/chilean-passport-for-sale\/#breadcrumb\"},\"inLanguage\":\"es\",\"potentialAction\":[{\"@type\":\"ReadAction\",\"target\":[\"https:\/\/fahrerlaubnisnetz.com\/product\/chilean-passport-for-sale\/\"]}]},{\"@type\":\"ImageObject\",\"inLanguage\":\"es\",\"@id\":\"https:\/\/fahrerlaubnisnetz.com\/product\/chilean-passport-for-sale\/#primaryimage\",\"url\":\"https:\/\/fahrerlaubnisnetz.com\/wp-content\/uploads\/2025\/11\/il_570xN.3338237238_oecb.webp\",\"contentUrl\":\"https:\/\/fahrerlaubnisnetz.com\/wp-content\/uploads\/2025\/11\/il_570xN.3338237238_oecb.webp\",\"width\":570,\"height\":570,\"caption\":\"Chilean passport card\"},{\"@type\":\"BreadcrumbList\",\"@id\":\"https:\/\/fahrerlaubnisnetz.com\/product\/chilean-passport-for-sale\/#breadcrumb\",\"itemListElement\":[{\"@type\":\"ListItem\",\"position\":1,\"name\":\"Home\",\"item\":\"https:\/\/fahrerlaubnisnetz.com\/\"},{\"@type\":\"ListItem\",\"position\":2,\"name\":\"All Services\",\"item\":\"https:\/\/fahrerlaubnisnetz.com\/shop\/\"},{\"@type\":\"ListItem\",\"position\":3,\"name\":\"Chilean passport for sale\"}]},{\"@type\":\"WebSite\",\"@id\":\"https:\/\/fahrerlaubnisnetz.com\/#website\",\"url\":\"https:\/\/fahrerlaubnisnetz.com\/\",\"name\":\"FAHRERLAUBNIS NETZ\",\"description\":\"Buy Original Drivers License, Pasport Online\",\"publisher\":{\"@id\":\"https:\/\/fahrerlaubnisnetz.com\/#organization\"},\"alternateName\":\"DRIVER'S LICENSE NETWORK\",\"potentialAction\":[{\"@type\":\"SearchAction\",\"target\":{\"@type\":\"EntryPoint\",\"urlTemplate\":\"https:\/\/fahrerlaubnisnetz.com\/?s={search_term_string}\"},\"query-input\":{\"@type\":\"PropertyValueSpecification\",\"valueRequired\":true,\"valueName\":\"search_term_string\"}}],\"inLanguage\":\"es\"},{\"@type\":\"Organization\",\"@id\":\"https:\/\/fahrerlaubnisnetz.com\/#organization\",\"name\":\"FAHRERLAUBNIS NETZ\",\"alternateName\":\"DRIVER'S LICENSE NETWORK\",\"url\":\"https:\/\/fahrerlaubnisnetz.com\/\",\"logo\":{\"@type\":\"ImageObject\",\"inLanguage\":\"es\",\"@id\":\"https:\/\/fahrerlaubnisnetz.com\/#\/schema\/logo\/image\/\",\"url\":\"https:\/\/fahrerlaubnisnetz.com\/wp-content\/uploads\/2025\/03\/image_2025-03-21_162823337.png\",\"contentUrl\":\"https:\/\/fahrerlaubnisnetz.com\/wp-content\/uploads\/2025\/03\/image_2025-03-21_162823337.png\",\"width\":590,\"height\":288,\"caption\":\"FAHRERLAUBNIS NETZ\"},\"image\":{\"@id\":\"https:\/\/fahrerlaubnisnetz.com\/#\/schema\/logo\/image\/\"}}]}<\/script>\n<!-- \/ Yoast SEO Premium plugin. -->","yoast_head_json":{"title":"Pasaporte chileno en venta","description":"Chilean passport for sale Do you want to get real and novelty Chilean passport for sale? Order now from legit documents. We have all it takes to issue a","robots":{"index":"index","follow":"follow","max-snippet":"max-snippet:-1","max-image-preview":"max-image-preview:large","max-video-preview":"max-video-preview:-1"},"canonical":"https:\/\/fahrerlaubnisnetz.com\/es\/product\/pasaporte-chileno-en-venta\/","og_locale":"es_ES","og_type":"article","og_title":"Chilean passport for sale","og_description":"Chilean passport for sale Do you want to get real and novelty Chilean passport for sale? Order now from legit documents. We have all it takes to issue a","og_url":"https:\/\/fahrerlaubnisnetz.com\/es\/product\/pasaporte-chileno-en-venta\/","og_site_name":"Fahrerlaubnis Netz","article_modified_time":"2025-11-18T10:57:35+00:00","og_image":[{"width":570,"height":570,"url":"https:\/\/fahrerlaubnisnetz.com\/wp-content\/uploads\/2025\/11\/il_570xN.3338237238_oecb.webp","type":"image\/webp"}],"twitter_card":"summary_large_image","twitter_misc":{"Tiempo de lectura":"2 minutos"},"schema":{"@context":"https:\/\/schema.org","@graph":[{"@type":"WebPage","@id":"https:\/\/fahrerlaubnisnetz.com\/product\/chilean-passport-for-sale\/","url":"https:\/\/fahrerlaubnisnetz.com\/product\/chilean-passport-for-sale\/","name":"Pasaporte chileno en venta","isPartOf":{"@id":"https:\/\/fahrerlaubnisnetz.com\/#website"},"primaryImageOfPage":{"@id":"https:\/\/fahrerlaubnisnetz.com\/product\/chilean-passport-for-sale\/#primaryimage"},"image":{"@id":"https:\/\/fahrerlaubnisnetz.com\/product\/chilean-passport-for-sale\/#primaryimage"},"thumbnailUrl":"https:\/\/fahrerlaubnisnetz.com\/wp-content\/uploads\/2025\/11\/il_570xN.3338237238_oecb.webp","datePublished":"2025-11-18T10:57:34+00:00","dateModified":"2025-11-18T10:57:35+00:00","description":"Chilean passport for sale Do you want to get real and novelty Chilean passport for sale? Order now from legit documents. We have all it takes to issue a","breadcrumb":{"@id":"https:\/\/fahrerlaubnisnetz.com\/product\/chilean-passport-for-sale\/#breadcrumb"},"inLanguage":"es","potentialAction":[{"@type":"ReadAction","target":["https:\/\/fahrerlaubnisnetz.com\/product\/chilean-passport-for-sale\/"]}]},{"@type":"ImageObject","inLanguage":"es","@id":"https:\/\/fahrerlaubnisnetz.com\/product\/chilean-passport-for-sale\/#primaryimage","url":"https:\/\/fahrerlaubnisnetz.com\/wp-content\/uploads\/2025\/11\/il_570xN.3338237238_oecb.webp","contentUrl":"https:\/\/fahrerlaubnisnetz.com\/wp-content\/uploads\/2025\/11\/il_570xN.3338237238_oecb.webp","width":570,"height":570,"caption":"Chilean passport card"},{"@type":"BreadcrumbList","@id":"https:\/\/fahrerlaubnisnetz.com\/product\/chilean-passport-for-sale\/#breadcrumb","itemListElement":[{"@type":"ListItem","position":1,"name":"Home","item":"https:\/\/fahrerlaubnisnetz.com\/"},{"@type":"ListItem","position":2,"name":"All Services","item":"https:\/\/fahrerlaubnisnetz.com\/shop\/"},{"@type":"ListItem","position":3,"name":"Chilean passport for sale"}]},{"@type":"WebSite","@id":"https:\/\/fahrerlaubnisnetz.com\/#website","url":"https:\/\/fahrerlaubnisnetz.com\/","name":"FAHRERLAUBNIS NETZ","description":"Compre su licencia de conducir y pasaporte originales en l\u00ednea","publisher":{"@id":"https:\/\/fahrerlaubnisnetz.com\/#organization"},"alternateName":"DRIVER'S LICENSE NETWORK","potentialAction":[{"@type":"SearchAction","target":{"@type":"EntryPoint","urlTemplate":"https:\/\/fahrerlaubnisnetz.com\/?s={search_term_string}"},"query-input":{"@type":"PropertyValueSpecification","valueRequired":true,"valueName":"search_term_string"}}],"inLanguage":"es"},{"@type":"Organization","@id":"https:\/\/fahrerlaubnisnetz.com\/#organization","name":"FAHRERLAUBNIS NETZ","alternateName":"DRIVER'S LICENSE NETWORK","url":"https:\/\/fahrerlaubnisnetz.com\/","logo":{"@type":"ImageObject","inLanguage":"es","@id":"https:\/\/fahrerlaubnisnetz.com\/#\/schema\/logo\/image\/","url":"https:\/\/fahrerlaubnisnetz.com\/wp-content\/uploads\/2025\/03\/image_2025-03-21_162823337.png","contentUrl":"https:\/\/fahrerlaubnisnetz.com\/wp-content\/uploads\/2025\/03\/image_2025-03-21_162823337.png","width":590,"height":288,"caption":"FAHRERLAUBNIS NETZ"},"image":{"@id":"https:\/\/fahrerlaubnisnetz.com\/#\/schema\/logo\/image\/"}}]}},"_links":{"self":[{"href":"https:\/\/fahrerlaubnisnetz.com\/es\/wp-json\/wp\/v2\/product\/2594","targetHints":{"allow":["GET"]}}],"collection":[{"href":"https:\/\/fahrerlaubnisnetz.com\/es\/wp-json\/wp\/v2\/product"}],"about":[{"href":"https:\/\/fahrerlaubnisnetz.com\/es\/wp-json\/wp\/v2\/types\/product"}],"replies":[{"embeddable":true,"href":"https:\/\/fahrerlaubnisnetz.com\/es\/wp-json\/wp\/v2\/comments?post=2594"}],"wp:featuredmedia":[{"embeddable":true,"href":"https:\/\/fahrerlaubnisnetz.com\/es\/wp-json\/wp\/v2\/media\/2596"}],"wp:attachment":[{"href":"https:\/\/fahrerlaubnisnetz.com\/es\/wp-json\/wp\/v2\/media?parent=2594"}],"wp:term":[{"taxonomy":"product_brand","embeddable":true,"href":"https:\/\/fahrerlaubnisnetz.com\/es\/wp-json\/wp\/v2\/product_brand?post=2594"},{"taxonomy":"product_cat","embeddable":true,"href":"https:\/\/fahrerlaubnisnetz.com\/es\/wp-json\/wp\/v2\/product_cat?post=2594"},{"taxonomy":"product_tag","embeddable":true,"href":"https:\/\/fahrerlaubnisnetz.com\/es\/wp-json\/wp\/v2\/product_tag?post=2594"}],"curies":[{"name":"wp","href":"https:\/\/api.w.org\/{rel}","templated":true}]}}