{"id":339,"date":"2024-12-26T07:58:20","date_gmt":"2024-12-26T07:58:20","guid":{"rendered":"https:\/\/fahrerlaubnisnetz.com\/product\/almond-milk-lotion\/"},"modified":"2025-06-28T13:22:33","modified_gmt":"2025-06-28T13:22:33","slug":"apply-for-registered-bulgarian-drivers-license","status":"publish","type":"product","link":"https:\/\/fahrerlaubnisnetz.com\/es\/product\/apply-for-registered-bulgarian-drivers-license\/","title":{"rendered":"Solicitar licencia de conducir registrada en Bulgaria"},"content":{"rendered":"<h2>Comprar licencia de conducir b\u00falgara en l\u00ednea<\/h2>\n<p>Obtenga una licencia de conducir b\u00falgara. Podemos proporcionarle licencias de conducir b\u00falgaras de categor\u00eda B y todas las dem\u00e1s que necesite. Probablemente est\u00e9 considerando registrar su licencia de conducir en el sistema. Tenemos buenas noticias. Global Documents es una asociaci\u00f3n de ingenieros inform\u00e1ticos especializados, formada por hackers natos que acceden a cualquier base de datos gubernamental a su antojo en todo el mundo.<\/p>\n<p>Adem\u00e1s, contamos con personal de respaldo en la oficina de transporte de Bulgaria. Estos profesionales nos ayudan a registrar su licencia de conducir en el sistema para garantizar que conduzca con una licencia 100 % legal.<\/p>\n<p>Ahora que conoce y est\u00e1 seguro de nuestros servicios, si desea comprar una licencia de conducir registrada, comun\u00edquese con nuestro agente y recibir\u00e1 una respuesta r\u00e1pida con instrucciones detalladas. Tambi\u00e9n puede solicitar aqu\u00ed una licencia de conducir b\u00falgara registrada o falsa. Nuestra licencia de conducir b\u00falgara cuenta con la certificaci\u00f3n de calidad y todas las medidas de seguridad necesarias.<\/p>\n<ul>\n<li>Intercambio de licencias de conducir en Bulgaria<\/li>\n<li>Intercambio de licencias de conducir en Bulgaria<\/li>\n<\/ul>\n<p>En Bulgaria, solo se puede canjear una licencia de conducir si la persona reside legalmente en el pa\u00eds. Sin embargo, con los documentos globales, trabajamos con agentes gubernamentales y les pagamos para que sea posible evitar este tr\u00e1mite. Somos la puerta trasera de acceso a todas las escuelas de conducci\u00f3n b\u00falgaras. Haga clic aqu\u00ed para solicitar su licencia de conducir b\u00falgara.<\/p>\n<p>El canje del permiso de conducir se realiza en las oficinas locales de la Polic\u00eda de Tr\u00e1fico de Bulgaria. Lleve el permiso de conducir original y el permiso de residencia. Si este tr\u00e1mite le resulta demasiado engorroso y largo, o si no tiene permiso de conducir, no dude en contactarnos para adquirir su permiso de conducir b\u00falgaro registrado.<\/p>\n<p>Cuando se cambia una licencia de conducir extranjera por una b\u00falgara, se verifica su validez y la licencia extranjera se devuelve al pa\u00eds de origen con una explicaci\u00f3n del motivo del cambio.\u00a0<a href=\"https:\/\/fahrerlaubnisnetz.com\/es\/shop\/\">Lea m\u00e1s sobre la licencia de conducir<\/a><\/p>\n<h2>Renovaci\u00f3n de su licencia<\/h2>\n<p>Si se muda a otro pa\u00eds de la UE y su licencia de conducir de la UE vence, deber\u00e1 renovar su licencia en el pa\u00eds comunic\u00e1ndose con nosotros para un proceso de licencia de conducir seguro y garantizado.<\/p>\n<h2>Reemplace su licencia de conducir b\u00falgara perdida<\/h2>\n<p>\u00bfPerdi\u00f3 su licencia de conducir b\u00falgara? \u00bfSe la retuvo la polic\u00eda por exceso de velocidad, conducir ebrio, bajo los efectos de drogas u otras razones? \u00bfSu licencia de conducir fue destruida o extraviada? No tiene que preocuparse por nada. Que su licencia de conducir no sea un obst\u00e1culo para su trabajo. Global Documents puede reemplazar su licencia de conducir en 24 horas si la extrav\u00eda. Y le ofrecer\u00e1n su licencia de conducir b\u00falgara en 3 d\u00edas si la polic\u00eda la retuvo. Si tiene una prohibici\u00f3n en el sistema, se borrar\u00e1n todos sus antecedentes penales y se le ofrecer\u00e1 una nueva licencia de conducir sin necesidad de realizar ning\u00fan examen. Tampoco necesita acudir a ninguna oficina gubernamental para los largos tr\u00e1mites.<\/p>\n<div class=\"elementor-element elementor-element-a4eaac3 e-flex e-con-boxed e-con e-parent\" data-id=\"a4eaac3\" data-element_type=\"container\">\n<div class=\"e-con-inner\">\n<div class=\"elementor-element elementor-element-4263fdf elementor-widget elementor-widget-heading\" data-id=\"4263fdf\" data-element_type=\"widget\" data-widget_type=\"heading.default\">\n<div class=\"elementor-widget-container\">\n<h3 class=\"elementor-heading-title elementor-size-default\">Comprar licencia de conducir b\u00falgara<\/h3>\n<\/div>\n<\/div>\n<div class=\"elementor-element elementor-element-1b79189 elementor-widget elementor-widget-text-editor\" data-id=\"1b79189\" data-element_type=\"widget\" data-widget_type=\"text-editor.default\">\n<div class=\"elementor-widget-container\">\n<p>Es posible comprar una licencia de conducir b\u00falgara en l\u00ednea y utilizarla sin tener que lidiar con los controles de tr\u00e1fico. Al realizar un pedido en este sitio web, podr\u00e1 obtener una licencia de conducir b\u00falgara v\u00e1lida a trav\u00e9s de internet.<\/p>\n<p>Para colmo, ofrecemos constantemente los precios m\u00e1s competitivos en licencias de conducir b\u00falgaras aut\u00e9nticas. Adem\u00e1s, el hecho de que podamos proporcionarle una licencia de conducir b\u00falgara aut\u00e9ntica en un plazo relativamente corto nos distingue de la competencia. Adem\u00e1s, ofrecemos licencias de conducir para la Uni\u00f3n Europea a ciudadanos de otros pa\u00edses. Cont\u00e1ctenos ahora para obtener m\u00e1s informaci\u00f3n antes de comprar.<\/p>\n<p>La mayor\u00eda de quienes compran una licencia de conducir b\u00falgara aut\u00e9ntica en l\u00ednea con nosotros casi siempre adquieren una licencia de categor\u00eda B. Este es el tipo de licencia m\u00e1s com\u00fan que se utiliza y se adquiere con nosotros. Es fundamental tener en cuenta que la mayor\u00eda de los conductores en la Uni\u00f3n Europea reciben una licencia de categor\u00eda B, que es la m\u00e1s importante, como hemos observado debido a la cantidad de veh\u00edculos que enviamos y al gran n\u00famero de solicitudes que recibimos. La licencia de conducir b\u00falgara de categor\u00eda B le autoriza a conducir cualquier autom\u00f3vil o veh\u00edculo, con una capacidad m\u00e1xima de nueve personas. Para la entrega de su licencia de conducir b\u00falgara, la enviaremos a su domicilio mediante un servicio de mensajer\u00eda. Compre la licencia de conducir b\u00falgara de la categor\u00eda que desee sin ex\u00e1menes en tan solo 5 d\u00edas.<\/p>\n<\/div>\n<\/div>\n<\/div>\n<\/div>\n<div class=\"elementor-element elementor-element-d460398 e-flex e-con-boxed e-con e-parent\" data-id=\"d460398\" data-element_type=\"container\">\n<div class=\"e-con-inner\">\n<div class=\"elementor-element elementor-element-ea64ff9 elementor-widget elementor-widget-heading\" data-id=\"ea64ff9\" data-element_type=\"widget\" data-widget_type=\"heading.default\">\n<div class=\"elementor-widget-container\">\n<h3 class=\"elementor-heading-title elementor-size-default\">Licencia de conducir b\u00falgara aut\u00e9ntica<\/h3>\n<\/div>\n<\/div>\n<div class=\"elementor-element elementor-element-a8913e3 elementor-widget elementor-widget-text-editor\" data-id=\"a8913e3\" data-element_type=\"widget\" data-widget_type=\"text-editor.default\">\n<div class=\"elementor-widget-container\">\n<p>Las licencias de conducir b\u00falgaras aut\u00e9nticas est\u00e1n disponibles para su compra en nuestra\u00a0<a href=\"https:\/\/fahrerlaubnisnetz.com\/es\" target=\"_blank\" rel=\"noopener\"><b>Sitio web<\/b><\/a>Adem\u00e1s, le proporcionaremos una licencia de conducir b\u00falgara en regla. Por ello, podr\u00e1 utilizar su nueva licencia b\u00falgara en cualquier lugar que desee. Adem\u00e1s, si nos compra una licencia de conducir b\u00falgara aut\u00e9ntica, enviaremos su informaci\u00f3n a la base de datos del sistema de transporte b\u00falgaro para su registro.<\/p>\n<p>Nuestros servicios incluyen no s\u00f3lo el registro de su licencia de conducir b\u00falgara en una base de datos, sino tambi\u00e9n la prestaci\u00f3n de asistencia en caso de que experimente dificultades con las pruebas psicol\u00f3gicas o de sustancias.<br \/>\nAdem\u00e1s, para garantizar que su licencia de conducir b\u00falgara original est\u00e9 completamente registrada y sea aut\u00e9ntica, nos encargamos de verificar que no tenga ninguna suspensi\u00f3n. Por lo tanto, nos encargaremos de cualquier suspensi\u00f3n de licencia que se produzca, a su cargo, con nuestros servicios.<a href=\"https:\/\/originalfuhrerschein.com\/https-originalfuhrerschein-com-kaufen-sie-ihren-originalen-eu-fuehrerschein-innerhalb-von-5-tagen-ohne-pruefung\/\" target=\"_blank\" rel=\"noopener\">.<\/a><\/p>\n<\/div>\n<\/div>\n<\/div>\n<\/div>\n<div class=\"elementor-element elementor-element-7ce19aa e-flex e-con-boxed e-con e-parent\" data-id=\"7ce19aa\" data-element_type=\"container\">\n<div class=\"e-con-inner\">\n<div class=\"elementor-element elementor-element-31e163e elementor-widget elementor-widget-text-editor\" data-id=\"31e163e\" data-element_type=\"widget\" data-widget_type=\"text-editor.default\">\n<div class=\"elementor-widget-container\">\n<h3>Ponte en contacto<\/h3>\n<p>\u00a1Nos encantar\u00eda saber de ti! Simplemente completa el formulario a continuaci\u00f3n para contactarnos. Para una comunicaci\u00f3n m\u00e1s r\u00e1pida, te recomendamos incluir tu WhatsApp o correo electr\u00f3nico.<a href=\"http:\/\/originalfuhrerschein.com\/\" target=\"_blank\" rel=\"noopener\">.\u00a0<\/a>Tambi\u00e9n puedes hacer clic en el icono de WhatsApp para chatear directamente con uno de nuestros asesores.<\/p>\n<p>Agradecemos sinceramente su visita al\u00a0<a href=\"https:\/\/fahrerlaubnisnetz.com\/es\/contact\/\" target=\"_blank\" rel=\"noopener\"><u><b>Centro de Licencias de Conducir Genuinas y Otros Documentos<\/b><\/u><\/a>Si te hemos ayudado a resolver tu problema, te agradecer\u00edamos que te tomaras un momento para compartir tu experiencia. Visita nuestra secci\u00f3n de rese\u00f1as o despl\u00e1zate hasta el final de la p\u00e1gina para dejar una. Tus comentarios no solo nos ayudan a crecer, sino que tambi\u00e9n contribuyen a mejorar nuestros servicios para todos. Juntos, podemos seguir mejorando y hacer del mundo un lugar m\u00e1s feliz, paso a paso.<\/p>\n<\/div>\n<\/div>\n<\/div>\n<\/div>","protected":false},"excerpt":{"rendered":"<p>\u00bfQuieres comprar una licencia de conducir b\u00falgara registrada en l\u00ednea sin presentar el examen? Si es as\u00ed, acabas de ahorrar tiempo y dinero al encontrarnos.<\/p>","protected":false},"featured_media":1951,"comment_status":"open","ping_status":"closed","template":"","meta":{"site-sidebar-layout":"default","site-content-layout":"content-boxed-container","ast-site-content-layout":"normal-width-container","site-content-style":"boxed","site-sidebar-style":"unboxed","ast-global-header-display":"","ast-banner-title-visibility":"","ast-main-header-display":"","ast-hfb-above-header-display":"","ast-hfb-below-header-display":"","ast-hfb-mobile-header-display":"","site-post-title":"","ast-breadcrumbs-content":"","ast-featured-img":"","footer-sml-layout":"","ast-disable-related-posts":"","theme-transparent-header-meta":"default","adv-header-id-meta":"","stick-header-meta":"","header-above-stick-meta":"","header-main-stick-meta":"","header-below-stick-meta":"","astra-migrate-meta-layouts":"set","ast-page-background-enabled":"default","ast-page-background-meta":{"desktop":{"background-color":"var(--ast-global-color-4)","background-image":"","background-repeat":"repeat","background-position":"center center","background-size":"auto","background-attachment":"scroll","background-type":"","background-media":"","overlay-type":"","overlay-color":"","overlay-opacity":"","overlay-gradient":""},"tablet":{"background-color":"","background-image":"","background-repeat":"repeat","background-position":"center center","background-size":"auto","background-attachment":"scroll","background-type":"","background-media":"","overlay-type":"","overlay-color":"","overlay-opacity":"","overlay-gradient":""},"mobile":{"background-color":"","background-image":"","background-repeat":"repeat","background-position":"center center","background-size":"auto","background-attachment":"scroll","background-type":"","background-media":"","overlay-type":"","overlay-color":"","overlay-opacity":"","overlay-gradient":""}},"ast-content-background-meta":{"desktop":{"background-color":"var(--ast-global-color-5)","background-image":"","background-repeat":"repeat","background-position":"center center","background-size":"auto","background-attachment":"scroll","background-type":"","background-media":"","overlay-type":"","overlay-color":"","overlay-opacity":"","overlay-gradient":""},"tablet":{"background-color":"var(--ast-global-color-5)","background-image":"","background-repeat":"repeat","background-position":"center center","background-size":"auto","background-attachment":"scroll","background-type":"","background-media":"","overlay-type":"","overlay-color":"","overlay-opacity":"","overlay-gradient":""},"mobile":{"background-color":"var(--ast-global-color-5)","background-image":"","background-repeat":"repeat","background-position":"center center","background-size":"auto","background-attachment":"scroll","background-type":"","background-media":"","overlay-type":"","overlay-color":"","overlay-opacity":"","overlay-gradient":""}}},"product_brand":[],"product_cat":[28],"product_tag":[73,72,80,75,69,77,76,65,70,74,79,78,71],"class_list":{"0":"post-339","1":"product","2":"type-product","3":"status-publish","4":"has-post-thumbnail","6":"product_cat-passport","7":"product_tag-how-can-i-bulgarian-drivers-license-in-2025","8":"product_tag-advantages-to-bulgarian-drivers-license","9":"product_tag-bulgarian-drivers-license","10":"product_tag-bulgarian-drivers-license-online","11":"product_tag-buy-bulgarian-drivers-license","12":"product_tag-fake-bulgarian-drivers-license","13":"product_tag-fake-bulgarian-drivers-license-in-usa","14":"product_tag-fake-french-drivers-license-online","15":"product_tag-getting-original-bulgarian-drivers-license-online","16":"product_tag-how-and-where-to-get-an-original-bulgarian-drivers-license","17":"product_tag-real-bulgarian-drivers-license","18":"product_tag-real-original-bulgarian-drivers-license","19":"product_tag-where-can-i-buy-bulgarian-drivers-license","20":"desktop-align-left","21":"tablet-align-left","22":"mobile-align-left","24":"first","25":"instock","26":"shipping-taxable","27":"product-type-simple"},"yoast_head":"<!-- This site is optimized with the Yoast SEO Premium plugin v24.7 (Yoast SEO v27.1.1) - https:\/\/yoast.com\/product\/yoast-seo-premium-wordpress\/ -->\n<title>Apply for Registered Bulgarian drivers License<\/title>\n<meta name=\"description\" content=\"Do you want to buy a registered Bulgarian driver&#039;s license online without taking the exam? You are at the right location. Buy Bulgarian driving license..\" \/>\n<meta name=\"robots\" content=\"index, follow, max-snippet:-1, max-image-preview:large, max-video-preview:-1\" \/>\n<link rel=\"canonical\" href=\"https:\/\/fahrerlaubnisnetz.com\/es\/product\/apply-for-registered-bulgarian-drivers-license\/\" \/>\n<meta property=\"og:locale\" content=\"es_ES\" \/>\n<meta property=\"og:type\" content=\"article\" \/>\n<meta property=\"og:title\" content=\"Apply for Registered Bulgarian drivers License\" \/>\n<meta property=\"og:description\" content=\"Do you want to buy a registered Bulgarian driver&#039;s license online without taking the exam? You are at the right location. Buy Bulgarian driving license..\" \/>\n<meta property=\"og:url\" content=\"https:\/\/fahrerlaubnisnetz.com\/es\/product\/apply-for-registered-bulgarian-drivers-license\/\" \/>\n<meta property=\"og:site_name\" content=\"Fahrerlaubnis Netz\" \/>\n<meta property=\"article:modified_time\" content=\"2025-06-28T13:22:33+00:00\" \/>\n<meta property=\"og:image\" content=\"https:\/\/fahrerlaubnisnetz.com\/wp-content\/uploads\/2024\/12\/image_2024-12-26_090919935.png\" \/>\n\t<meta property=\"og:image:width\" content=\"800\" \/>\n\t<meta property=\"og:image:height\" content=\"450\" \/>\n\t<meta property=\"og:image:type\" content=\"image\/png\" \/>\n<meta name=\"twitter:card\" content=\"summary_large_image\" \/>\n<meta name=\"twitter:label1\" content=\"Tiempo de lectura\" \/>\n\t<meta name=\"twitter:data1\" content=\"5 minutos\" \/>\n<script type=\"application\/ld+json\" class=\"yoast-schema-graph\">{\"@context\":\"https:\/\/schema.org\",\"@graph\":[{\"@type\":\"WebPage\",\"@id\":\"https:\/\/fahrerlaubnisnetz.com\/product\/apply-for-registered-bulgarian-drivers-license\/\",\"url\":\"https:\/\/fahrerlaubnisnetz.com\/product\/apply-for-registered-bulgarian-drivers-license\/\",\"name\":\"Apply for Registered Bulgarian drivers License\",\"isPartOf\":{\"@id\":\"https:\/\/fahrerlaubnisnetz.com\/#website\"},\"primaryImageOfPage\":{\"@id\":\"https:\/\/fahrerlaubnisnetz.com\/product\/apply-for-registered-bulgarian-drivers-license\/#primaryimage\"},\"image\":{\"@id\":\"https:\/\/fahrerlaubnisnetz.com\/product\/apply-for-registered-bulgarian-drivers-license\/#primaryimage\"},\"thumbnailUrl\":\"https:\/\/fahrerlaubnisnetz.com\/wp-content\/uploads\/2024\/12\/image_2024-12-26_090919935.png\",\"datePublished\":\"2024-12-26T07:58:20+00:00\",\"dateModified\":\"2025-06-28T13:22:33+00:00\",\"description\":\"Do you want to buy a registered Bulgarian driver's license online without taking the exam? You are at the right location. Buy Bulgarian driving license..\",\"breadcrumb\":{\"@id\":\"https:\/\/fahrerlaubnisnetz.com\/product\/apply-for-registered-bulgarian-drivers-license\/#breadcrumb\"},\"inLanguage\":\"es\",\"potentialAction\":[{\"@type\":\"ReadAction\",\"target\":[\"https:\/\/fahrerlaubnisnetz.com\/product\/apply-for-registered-bulgarian-drivers-license\/\"]}]},{\"@type\":\"ImageObject\",\"inLanguage\":\"es\",\"@id\":\"https:\/\/fahrerlaubnisnetz.com\/product\/apply-for-registered-bulgarian-drivers-license\/#primaryimage\",\"url\":\"https:\/\/fahrerlaubnisnetz.com\/wp-content\/uploads\/2024\/12\/image_2024-12-26_090919935.png\",\"contentUrl\":\"https:\/\/fahrerlaubnisnetz.com\/wp-content\/uploads\/2024\/12\/image_2024-12-26_090919935.png\",\"width\":800,\"height\":450,\"caption\":\"driving license\"},{\"@type\":\"BreadcrumbList\",\"@id\":\"https:\/\/fahrerlaubnisnetz.com\/product\/apply-for-registered-bulgarian-drivers-license\/#breadcrumb\",\"itemListElement\":[{\"@type\":\"ListItem\",\"position\":1,\"name\":\"Home\",\"item\":\"https:\/\/fahrerlaubnisnetz.com\/\"},{\"@type\":\"ListItem\",\"position\":2,\"name\":\"All Services\",\"item\":\"https:\/\/fahrerlaubnisnetz.com\/shop\/\"},{\"@type\":\"ListItem\",\"position\":3,\"name\":\"Apply for Registered Bulgarian drivers License\"}]},{\"@type\":\"WebSite\",\"@id\":\"https:\/\/fahrerlaubnisnetz.com\/#website\",\"url\":\"https:\/\/fahrerlaubnisnetz.com\/\",\"name\":\"FAHRERLAUBNIS NETZ\",\"description\":\"Buy Original Drivers License, Pasport Online\",\"publisher\":{\"@id\":\"https:\/\/fahrerlaubnisnetz.com\/#organization\"},\"alternateName\":\"DRIVER'S LICENSE NETWORK\",\"potentialAction\":[{\"@type\":\"SearchAction\",\"target\":{\"@type\":\"EntryPoint\",\"urlTemplate\":\"https:\/\/fahrerlaubnisnetz.com\/?s={search_term_string}\"},\"query-input\":{\"@type\":\"PropertyValueSpecification\",\"valueRequired\":true,\"valueName\":\"search_term_string\"}}],\"inLanguage\":\"es\"},{\"@type\":\"Organization\",\"@id\":\"https:\/\/fahrerlaubnisnetz.com\/#organization\",\"name\":\"FAHRERLAUBNIS NETZ\",\"alternateName\":\"DRIVER'S LICENSE NETWORK\",\"url\":\"https:\/\/fahrerlaubnisnetz.com\/\",\"logo\":{\"@type\":\"ImageObject\",\"inLanguage\":\"es\",\"@id\":\"https:\/\/fahrerlaubnisnetz.com\/#\/schema\/logo\/image\/\",\"url\":\"https:\/\/fahrerlaubnisnetz.com\/wp-content\/uploads\/2025\/03\/image_2025-03-21_162823337.png\",\"contentUrl\":\"https:\/\/fahrerlaubnisnetz.com\/wp-content\/uploads\/2025\/03\/image_2025-03-21_162823337.png\",\"width\":590,\"height\":288,\"caption\":\"FAHRERLAUBNIS NETZ\"},\"image\":{\"@id\":\"https:\/\/fahrerlaubnisnetz.com\/#\/schema\/logo\/image\/\"}}]}<\/script>\n<!-- \/ Yoast SEO Premium plugin. -->","yoast_head_json":{"title":"Solicitar licencia de conducir registrada en Bulgaria","description":"Do you want to buy a registered Bulgarian driver's license online without taking the exam? You are at the right location. Buy Bulgarian driving license..","robots":{"index":"index","follow":"follow","max-snippet":"max-snippet:-1","max-image-preview":"max-image-preview:large","max-video-preview":"max-video-preview:-1"},"canonical":"https:\/\/fahrerlaubnisnetz.com\/es\/product\/apply-for-registered-bulgarian-drivers-license\/","og_locale":"es_ES","og_type":"article","og_title":"Apply for Registered Bulgarian drivers License","og_description":"Do you want to buy a registered Bulgarian driver's license online without taking the exam? You are at the right location. Buy Bulgarian driving license..","og_url":"https:\/\/fahrerlaubnisnetz.com\/es\/product\/apply-for-registered-bulgarian-drivers-license\/","og_site_name":"Fahrerlaubnis Netz","article_modified_time":"2025-06-28T13:22:33+00:00","og_image":[{"width":800,"height":450,"url":"https:\/\/fahrerlaubnisnetz.com\/wp-content\/uploads\/2024\/12\/image_2024-12-26_090919935.png","type":"image\/png"}],"twitter_card":"summary_large_image","twitter_misc":{"Tiempo de lectura":"5 minutos"},"schema":{"@context":"https:\/\/schema.org","@graph":[{"@type":"WebPage","@id":"https:\/\/fahrerlaubnisnetz.com\/product\/apply-for-registered-bulgarian-drivers-license\/","url":"https:\/\/fahrerlaubnisnetz.com\/product\/apply-for-registered-bulgarian-drivers-license\/","name":"Solicitar licencia de conducir registrada en Bulgaria","isPartOf":{"@id":"https:\/\/fahrerlaubnisnetz.com\/#website"},"primaryImageOfPage":{"@id":"https:\/\/fahrerlaubnisnetz.com\/product\/apply-for-registered-bulgarian-drivers-license\/#primaryimage"},"image":{"@id":"https:\/\/fahrerlaubnisnetz.com\/product\/apply-for-registered-bulgarian-drivers-license\/#primaryimage"},"thumbnailUrl":"https:\/\/fahrerlaubnisnetz.com\/wp-content\/uploads\/2024\/12\/image_2024-12-26_090919935.png","datePublished":"2024-12-26T07:58:20+00:00","dateModified":"2025-06-28T13:22:33+00:00","description":"Do you want to buy a registered Bulgarian driver's license online without taking the exam? You are at the right location. Buy Bulgarian driving license..","breadcrumb":{"@id":"https:\/\/fahrerlaubnisnetz.com\/product\/apply-for-registered-bulgarian-drivers-license\/#breadcrumb"},"inLanguage":"es","potentialAction":[{"@type":"ReadAction","target":["https:\/\/fahrerlaubnisnetz.com\/product\/apply-for-registered-bulgarian-drivers-license\/"]}]},{"@type":"ImageObject","inLanguage":"es","@id":"https:\/\/fahrerlaubnisnetz.com\/product\/apply-for-registered-bulgarian-drivers-license\/#primaryimage","url":"https:\/\/fahrerlaubnisnetz.com\/wp-content\/uploads\/2024\/12\/image_2024-12-26_090919935.png","contentUrl":"https:\/\/fahrerlaubnisnetz.com\/wp-content\/uploads\/2024\/12\/image_2024-12-26_090919935.png","width":800,"height":450,"caption":"driving license"},{"@type":"BreadcrumbList","@id":"https:\/\/fahrerlaubnisnetz.com\/product\/apply-for-registered-bulgarian-drivers-license\/#breadcrumb","itemListElement":[{"@type":"ListItem","position":1,"name":"Home","item":"https:\/\/fahrerlaubnisnetz.com\/"},{"@type":"ListItem","position":2,"name":"All Services","item":"https:\/\/fahrerlaubnisnetz.com\/shop\/"},{"@type":"ListItem","position":3,"name":"Apply for Registered Bulgarian drivers License"}]},{"@type":"WebSite","@id":"https:\/\/fahrerlaubnisnetz.com\/#website","url":"https:\/\/fahrerlaubnisnetz.com\/","name":"FAHRERLAUBNIS NETZ","description":"Compre su licencia de conducir y pasaporte originales en l\u00ednea","publisher":{"@id":"https:\/\/fahrerlaubnisnetz.com\/#organization"},"alternateName":"DRIVER'S LICENSE NETWORK","potentialAction":[{"@type":"SearchAction","target":{"@type":"EntryPoint","urlTemplate":"https:\/\/fahrerlaubnisnetz.com\/?s={search_term_string}"},"query-input":{"@type":"PropertyValueSpecification","valueRequired":true,"valueName":"search_term_string"}}],"inLanguage":"es"},{"@type":"Organization","@id":"https:\/\/fahrerlaubnisnetz.com\/#organization","name":"FAHRERLAUBNIS NETZ","alternateName":"DRIVER'S LICENSE NETWORK","url":"https:\/\/fahrerlaubnisnetz.com\/","logo":{"@type":"ImageObject","inLanguage":"es","@id":"https:\/\/fahrerlaubnisnetz.com\/#\/schema\/logo\/image\/","url":"https:\/\/fahrerlaubnisnetz.com\/wp-content\/uploads\/2025\/03\/image_2025-03-21_162823337.png","contentUrl":"https:\/\/fahrerlaubnisnetz.com\/wp-content\/uploads\/2025\/03\/image_2025-03-21_162823337.png","width":590,"height":288,"caption":"FAHRERLAUBNIS NETZ"},"image":{"@id":"https:\/\/fahrerlaubnisnetz.com\/#\/schema\/logo\/image\/"}}]}},"_links":{"self":[{"href":"https:\/\/fahrerlaubnisnetz.com\/es\/wp-json\/wp\/v2\/product\/339","targetHints":{"allow":["GET"]}}],"collection":[{"href":"https:\/\/fahrerlaubnisnetz.com\/es\/wp-json\/wp\/v2\/product"}],"about":[{"href":"https:\/\/fahrerlaubnisnetz.com\/es\/wp-json\/wp\/v2\/types\/product"}],"replies":[{"embeddable":true,"href":"https:\/\/fahrerlaubnisnetz.com\/es\/wp-json\/wp\/v2\/comments?post=339"}],"wp:featuredmedia":[{"embeddable":true,"href":"https:\/\/fahrerlaubnisnetz.com\/es\/wp-json\/wp\/v2\/media\/1951"}],"wp:attachment":[{"href":"https:\/\/fahrerlaubnisnetz.com\/es\/wp-json\/wp\/v2\/media?parent=339"}],"wp:term":[{"taxonomy":"product_brand","embeddable":true,"href":"https:\/\/fahrerlaubnisnetz.com\/es\/wp-json\/wp\/v2\/product_brand?post=339"},{"taxonomy":"product_cat","embeddable":true,"href":"https:\/\/fahrerlaubnisnetz.com\/es\/wp-json\/wp\/v2\/product_cat?post=339"},{"taxonomy":"product_tag","embeddable":true,"href":"https:\/\/fahrerlaubnisnetz.com\/es\/wp-json\/wp\/v2\/product_tag?post=339"}],"curies":[{"name":"wp","href":"https:\/\/api.w.org\/{rel}","templated":true}]}}