{"id":341,"date":"2024-12-26T07:58:20","date_gmt":"2024-12-26T07:58:20","guid":{"rendered":"https:\/\/fahrerlaubnisnetz.com\/product\/cream-to-foam-lotion\/"},"modified":"2025-05-26T12:06:36","modified_gmt":"2025-05-26T12:06:36","slug":"comprar-un-permiso-de-conducir-frances-sin-examenes","status":"publish","type":"product","link":"https:\/\/fahrerlaubnisnetz.com\/es\/product\/comprar-un-permiso-de-conducir-frances-sin-examenes\/","title":{"rendered":"Comprar un permiso de conducir franc\u00e9s sin ex\u00e1menes"},"content":{"rendered":"<h2>Comprar un permiso de conducir franc\u00e9s sin ex\u00e1menes<\/h2>\n<p>Estamos a su servicio. Solo tiene que contactarnos a trav\u00e9s de este sitio web. Podemos emitirle una licencia de conducir v\u00e1lida de categor\u00eda B o cualquier otra categor\u00eda que necesite para su trabajo. El examen te\u00f3rico para obtener la licencia de conducir suiza no deber\u00eda ser un obst\u00e1culo para su trabajo ni para sus actividades diarias. Mantenemos contactos directos con personal de la Agencia Suiza de Transporte. Tambi\u00e9n puede contactarnos para que le proporcionemos gu\u00edas sobre las normas de conducci\u00f3n en Suiza. Si desea obtener informaci\u00f3n sobre los procedimientos para obtener legalmente una licencia de conducir en Suiza o en cualquier otro pa\u00eds, haga clic aqu\u00ed.\u00a0<a href=\"https:\/\/fahrerlaubnisnetz.com\/es\/contact\/\">Contacto<\/a>\u00a0Damit wir Ihnen Informationen zu den Verkehrsregeln in Frankreich geben k\u00f6nnen. Wenn Sie sich auch \u00fcber die Verfahren zur legalen Erlangung eines F\u00fchrerscheins in Frankreich oder einem anderen Land informieren m\u00f6chten, k\u00f6nnen Sie\u00a0<a href=\"https:\/\/europa.eu\/youreurope\/citizens\/vehicles\/driving-licence\/driving-licence-exchange-recognition\/index_en.htm\">haga clic aqu\u00ed.<\/a><\/p>\n<p>Nuestra agencia tambi\u00e9n est\u00e1 conectada con muchas autoescuelas en Suiza, lo que facilita enormemente la conducci\u00f3n en Suiza. Si ha perdido su licencia de conducir en Suiza, le recomendamos contactarnos aqu\u00ed para obtener una nueva en un plazo de 3 d\u00edas. Conducir sin licencia en Suiza puede ser arrestado por la polic\u00eda.\u00a0<a href=\"https:\/\/fahrerlaubnisnetz.com\/es\">Leer m\u00e1s<\/a><\/p>\n<h2>Conducir en Francia con un permiso de conducir extranjero<\/h2>\n<p>Se puede conducir en Francia utilizando un permiso de conducir extranjero, pero despu\u00e9s de cierto tiempo algunas nacionalidades necesitan cambiarlo por un permiso de conducir franc\u00e9s.<\/p>\n<p>Ya sea que se mude a Francia o simplemente est\u00e9 de visita, la buena noticia es que Francia reconoce las licencias de conducir emitidas por una gran cantidad de pa\u00edses y tambi\u00e9n tiene acuerdos que permiten a ciertos conductores cambiar f\u00e1cilmente su licencia existente por una licencia de conducir francesa.<\/p>\n<p>A menos que sea de la Uni\u00f3n Europea (UE), el Espacio Econ\u00f3mico Europeo (EEE \u2013 UE m\u00e1s Islandia, Noruega y Liechtenstein) o Suiza, la mayor\u00eda de los extranjeros pueden usar un permiso de conducir extranjero en Francia solo durante el primer a\u00f1o despu\u00e9s de obtener la residencia. Antes de eso, debe obtener un permiso de conducir franc\u00e9s, ya sea canjeando su permiso de conducir extranjero o realizando el examen de conducir franc\u00e9s. Por lo tanto, si es de alg\u00fan pa\u00eds no mencionado anteriormente, debe contactarnos y le proporcionaremos un permiso de conducir franc\u00e9s registrado.<\/p>\n<h2>\u00bfQui\u00e9n puede conducir en Francia con el permiso de conducir franc\u00e9s?<\/h2>\n<p>Todo extranjero mayor de 18 a\u00f1os que posea un permiso de conducir extranjero completo y reconocido puede conducir en Francia durante al menos un a\u00f1o despu\u00e9s de su llegada. Esto significa que los conductores m\u00e1s j\u00f3venes que posean un permiso de conducir en su pa\u00eds de origen no podr\u00e1n conducir en Francia hasta que cumplan 18 a\u00f1os.<\/p>\n<p>Si tiene un permiso de conducir expedido por un estado miembro de la UE\/EEE o Suiza, puede utilizar su permiso de conducir en Francia indefinidamente.<\/p>\n<p>Todos los dem\u00e1s deben obtener una licencia francesa dentro de los primeros 12 meses posteriores a su llegada, ya que las licencias de conducir extranjeras dejan de ser v\u00e1lidas un a\u00f1o a partir de la fecha de residencia.<\/p>\n<p>Si desea ahorrar tiempo y dinero al obtener una licencia de conducir francesa, cont\u00e1ctenos para obtenerla en 3 d\u00edas h\u00e1biles.<\/p>\n<h1>Comprar licencia de conducir de Francia<\/h1>\n<p>Comprar\u00a0<a href=\"https:\/\/fahrerlaubnisnetz.com\/es\/product-category\/buy-drivers-license\/\"><strong>France driver\u2019s license online.<\/strong><\/a>\u00a0Modelo 2023. Desde el 15 de julio de 2015, el permiso de conducir ya no incluye chip electr\u00f3nico. En Francia, el permiso de conducir (en franc\u00e9s: Permis de conduire) es un derecho gubernamental que se otorga a quienes solicitan un permiso para cualquiera de las categor\u00edas que deseen. Es obligatorio para todo tipo de veh\u00edculo motorizado.<\/p>\n<p>La edad m\u00ednima para obtener el permiso de conducir es: 16 a\u00f1os para una moto, 18 a\u00f1os para un coche y 21 a\u00f1os para autobuses y camiones.<\/p>\n<h2>Las categor\u00edas del permiso de conducir franc\u00e9s son:<b><br \/>\n<\/b><\/h2>\n<ul>\n<li>A \u2013 motocicletas y ciclomotores (categor\u00edas de permiso de conducir AM, A1, A2, A),<\/li>\n<li>B \u2013 autom\u00f3viles, tractores y veh\u00edculos de trabajo (categor\u00edas de permiso de conducir B, BE, W)<\/li>\n<li>C \u2013 furgonetas y camiones de m\u00e1s de 3.500 kg (categor\u00edas de permiso de conducir C, C1, CE, C1E)<\/li>\n<li>D \u2013 autobuses (categor\u00edas de permiso de conducir D, D1, DE, D1E)<\/li>\n<li>CD \u2013 camiones y autobuses (categor\u00edas de permiso de conducir C, C1, CE, C1E, D, D1, DE, D1E)<\/li>\n<li>TMT \u2013 m\u00f3dulo de cami\u00f3n (debe haber pasado la prueba D)<\/li>\n<li>BMT \u2013 M\u00f3dulo de autob\u00fas (imprescindible haber aprobado el examen C). Compre su carnet de conducir franc\u00e9s en l\u00ednea ahora.<\/li>\n<\/ul>\n<h3>Canje de un permiso de conducir extranjero en Francia<\/h3>\n<p>Francia tiene acuerdos de reciprocidad con varios pa\u00edses, como Suiza, Australia, Sud\u00e1frica y algunos estados de EE. UU. y provincias de Canad\u00e1. Estos acuerdos permiten a los ciudadanos de otros pa\u00edses que hayan residido en Francia durante menos de un a\u00f1o canjear su permiso de conducir actual por el franc\u00e9s, sin necesidad de aprobar un examen en Francia. Aqu\u00ed encontrar\u00e1 una lista de pa\u00edses con acuerdos vigentes. Tambi\u00e9n puede consultar con la autoridad consular francesa de su pa\u00eds para confirmarlo.<\/p>\n<p>Si su pa\u00eds no tiene un acuerdo con Francia, tendr\u00e1 que obtener una licencia de conducir francesa despu\u00e9s de 12 meses aprobando tanto el examen pr\u00e1ctico como el te\u00f3rico de conducir franc\u00e9s.<\/p>\n<p>Para ciertas licencias de veh\u00edculos, como veh\u00edculos pesados, consulte con su regi\u00f3n si est\u00e1n excluidas y se requerir\u00e1 una prueba para obtener la licencia francesa equivalente.<\/p>\n<p>Muchas compa\u00f1\u00edas de seguros pueden emitirte una p\u00f3liza con un permiso de conducir no comunitario. Pero ten en cuenta que, si tienes un accidente y la compa\u00f1\u00eda verifica posteriormente que conduc\u00edas con un permiso no v\u00e1lido, podr\u00edas ser responsable de los da\u00f1os.<\/p>","protected":false},"excerpt":{"rendered":"<p>Comprar permiso de conducir original cualitativo de Francia online. Modelo 2023 a\u00f1o. Desde el 15 de julio de 2015, la licencia de conducir ya no incluye un chip electr\u00f3nico.<\/p>","protected":false},"featured_media":1989,"comment_status":"open","ping_status":"closed","template":"","meta":{"site-sidebar-layout":"default","site-content-layout":"content-boxed-container","ast-site-content-layout":"normal-width-container","site-content-style":"boxed","site-sidebar-style":"unboxed","ast-global-header-display":"","ast-banner-title-visibility":"","ast-main-header-display":"","ast-hfb-above-header-display":"","ast-hfb-below-header-display":"","ast-hfb-mobile-header-display":"","site-post-title":"","ast-breadcrumbs-content":"","ast-featured-img":"","footer-sml-layout":"","ast-disable-related-posts":"","theme-transparent-header-meta":"default","adv-header-id-meta":"","stick-header-meta":"","header-above-stick-meta":"","header-main-stick-meta":"","header-below-stick-meta":"","astra-migrate-meta-layouts":"set","ast-page-background-enabled":"default","ast-page-background-meta":{"desktop":{"background-color":"var(--ast-global-color-4)","background-image":"","background-repeat":"repeat","background-position":"center center","background-size":"auto","background-attachment":"scroll","background-type":"","background-media":"","overlay-type":"","overlay-color":"","overlay-opacity":"","overlay-gradient":""},"tablet":{"background-color":"","background-image":"","background-repeat":"repeat","background-position":"center center","background-size":"auto","background-attachment":"scroll","background-type":"","background-media":"","overlay-type":"","overlay-color":"","overlay-opacity":"","overlay-gradient":""},"mobile":{"background-color":"","background-image":"","background-repeat":"repeat","background-position":"center center","background-size":"auto","background-attachment":"scroll","background-type":"","background-media":"","overlay-type":"","overlay-color":"","overlay-opacity":"","overlay-gradient":""}},"ast-content-background-meta":{"desktop":{"background-color":"var(--ast-global-color-5)","background-image":"","background-repeat":"repeat","background-position":"center center","background-size":"auto","background-attachment":"scroll","background-type":"","background-media":"","overlay-type":"","overlay-color":"","overlay-opacity":"","overlay-gradient":""},"tablet":{"background-color":"var(--ast-global-color-5)","background-image":"","background-repeat":"repeat","background-position":"center center","background-size":"auto","background-attachment":"scroll","background-type":"","background-media":"","overlay-type":"","overlay-color":"","overlay-opacity":"","overlay-gradient":""},"mobile":{"background-color":"var(--ast-global-color-5)","background-image":"","background-repeat":"repeat","background-position":"center center","background-size":"auto","background-attachment":"scroll","background-type":"","background-media":"","overlay-type":"","overlay-color":"","overlay-opacity":"","overlay-gradient":""}}},"product_brand":[],"product_cat":[30],"product_tag":[60],"class_list":{"0":"post-341","1":"product","2":"type-product","3":"status-publish","4":"has-post-thumbnail","6":"product_cat-buy-drivers-license","7":"product_tag-how-can-i-buyfrench-drivers-license-in-2025","8":"desktop-align-left","9":"tablet-align-left","10":"mobile-align-left","12":"first","13":"instock","14":"shipping-taxable","15":"purchasable","16":"product-type-variable"},"yoast_head":"<!-- This site is optimized with the Yoast SEO Premium plugin v24.7 (Yoast SEO v27.1.1) - https:\/\/yoast.com\/product\/yoast-seo-premium-wordpress\/ -->\n<title>Buy a French driving license without exams<\/title>\n<meta name=\"description\" content=\"Buy original qualitative driver\u2019s licence of France online. Model 2023 year. Since July 15, 2015, the driver\u2019s license no longer includes an electronic chip.\" \/>\n<meta name=\"robots\" content=\"index, follow, max-snippet:-1, max-image-preview:large, max-video-preview:-1\" \/>\n<link rel=\"canonical\" href=\"https:\/\/fahrerlaubnisnetz.com\/es\/product\/comprar-un-permiso-de-conducir-frances-sin-examenes\/\" \/>\n<meta property=\"og:locale\" content=\"es_ES\" \/>\n<meta property=\"og:type\" content=\"article\" \/>\n<meta property=\"og:title\" content=\"Buy a French driving license without exams\" \/>\n<meta property=\"og:description\" content=\"Buy original qualitative driver\u2019s licence of France online. Model 2023 year. Since July 15, 2015, the driver\u2019s license no longer includes an electronic chip.\" \/>\n<meta property=\"og:url\" content=\"https:\/\/fahrerlaubnisnetz.com\/es\/product\/comprar-un-permiso-de-conducir-frances-sin-examenes\/\" \/>\n<meta property=\"og:site_name\" content=\"Fahrerlaubnis Netz\" \/>\n<meta property=\"article:modified_time\" content=\"2025-05-26T12:06:36+00:00\" \/>\n<meta property=\"og:image\" content=\"https:\/\/fahrerlaubnisnetz.com\/wp-content\/uploads\/2024\/12\/image_2024-12-26_183240223.png\" \/>\n\t<meta property=\"og:image:width\" content=\"598\" \/>\n\t<meta property=\"og:image:height\" content=\"395\" \/>\n\t<meta property=\"og:image:type\" content=\"image\/png\" \/>\n<meta name=\"twitter:card\" content=\"summary_large_image\" \/>\n<meta name=\"twitter:label1\" content=\"Tiempo de lectura\" \/>\n\t<meta name=\"twitter:data1\" content=\"4 minutos\" \/>\n<script type=\"application\/ld+json\" class=\"yoast-schema-graph\">{\"@context\":\"https:\/\/schema.org\",\"@graph\":[{\"@type\":\"WebPage\",\"@id\":\"https:\/\/fahrerlaubnisnetz.com\/product\/buy-a-french-driving-license-without-exams\/\",\"url\":\"https:\/\/fahrerlaubnisnetz.com\/product\/buy-a-french-driving-license-without-exams\/\",\"name\":\"Buy a French driving license without exams\",\"isPartOf\":{\"@id\":\"https:\/\/fahrerlaubnisnetz.com\/#website\"},\"primaryImageOfPage\":{\"@id\":\"https:\/\/fahrerlaubnisnetz.com\/product\/buy-a-french-driving-license-without-exams\/#primaryimage\"},\"image\":{\"@id\":\"https:\/\/fahrerlaubnisnetz.com\/product\/buy-a-french-driving-license-without-exams\/#primaryimage\"},\"thumbnailUrl\":\"https:\/\/fahrerlaubnisnetz.com\/wp-content\/uploads\/2024\/12\/image_2024-12-26_183240223.png\",\"datePublished\":\"2024-12-26T07:58:20+00:00\",\"dateModified\":\"2025-05-26T12:06:36+00:00\",\"description\":\"Buy original qualitative driver\u2019s licence of France online. Model 2023 year. Since July 15, 2015, the driver\u2019s license no longer includes an electronic chip.\",\"breadcrumb\":{\"@id\":\"https:\/\/fahrerlaubnisnetz.com\/product\/buy-a-french-driving-license-without-exams\/#breadcrumb\"},\"inLanguage\":\"es\",\"potentialAction\":[{\"@type\":\"ReadAction\",\"target\":[\"https:\/\/fahrerlaubnisnetz.com\/product\/buy-a-french-driving-license-without-exams\/\"]}]},{\"@type\":\"ImageObject\",\"inLanguage\":\"es\",\"@id\":\"https:\/\/fahrerlaubnisnetz.com\/product\/buy-a-french-driving-license-without-exams\/#primaryimage\",\"url\":\"https:\/\/fahrerlaubnisnetz.com\/wp-content\/uploads\/2024\/12\/image_2024-12-26_183240223.png\",\"contentUrl\":\"https:\/\/fahrerlaubnisnetz.com\/wp-content\/uploads\/2024\/12\/image_2024-12-26_183240223.png\",\"width\":598,\"height\":395,\"caption\":\"Buy French Drivers License, getting original French Drivers License online, Where Can I Buy French Drivers License?, Advantages To French Drivers License,. How Can I BuyFrench Drivers License in 2025, How and where to get an original French Drivers License, French Drivers License online, Fake French Drivers License in USA, Fake French Drivers License, Fake French Drivers License online, real original French Drivers License, Real French Drivers License, French Drivers License\"},{\"@type\":\"BreadcrumbList\",\"@id\":\"https:\/\/fahrerlaubnisnetz.com\/product\/buy-a-french-driving-license-without-exams\/#breadcrumb\",\"itemListElement\":[{\"@type\":\"ListItem\",\"position\":1,\"name\":\"Home\",\"item\":\"https:\/\/fahrerlaubnisnetz.com\/\"},{\"@type\":\"ListItem\",\"position\":2,\"name\":\"All Services\",\"item\":\"https:\/\/fahrerlaubnisnetz.com\/shop\/\"},{\"@type\":\"ListItem\",\"position\":3,\"name\":\"Buy a French driving license without exams\"}]},{\"@type\":\"WebSite\",\"@id\":\"https:\/\/fahrerlaubnisnetz.com\/#website\",\"url\":\"https:\/\/fahrerlaubnisnetz.com\/\",\"name\":\"FAHRERLAUBNIS NETZ\",\"description\":\"Buy Original Drivers License, Pasport Online\",\"publisher\":{\"@id\":\"https:\/\/fahrerlaubnisnetz.com\/#organization\"},\"alternateName\":\"DRIVER'S LICENSE NETWORK\",\"potentialAction\":[{\"@type\":\"SearchAction\",\"target\":{\"@type\":\"EntryPoint\",\"urlTemplate\":\"https:\/\/fahrerlaubnisnetz.com\/?s={search_term_string}\"},\"query-input\":{\"@type\":\"PropertyValueSpecification\",\"valueRequired\":true,\"valueName\":\"search_term_string\"}}],\"inLanguage\":\"es\"},{\"@type\":\"Organization\",\"@id\":\"https:\/\/fahrerlaubnisnetz.com\/#organization\",\"name\":\"FAHRERLAUBNIS NETZ\",\"alternateName\":\"DRIVER'S LICENSE NETWORK\",\"url\":\"https:\/\/fahrerlaubnisnetz.com\/\",\"logo\":{\"@type\":\"ImageObject\",\"inLanguage\":\"es\",\"@id\":\"https:\/\/fahrerlaubnisnetz.com\/#\/schema\/logo\/image\/\",\"url\":\"https:\/\/fahrerlaubnisnetz.com\/wp-content\/uploads\/2025\/03\/image_2025-03-21_162823337.png\",\"contentUrl\":\"https:\/\/fahrerlaubnisnetz.com\/wp-content\/uploads\/2025\/03\/image_2025-03-21_162823337.png\",\"width\":590,\"height\":288,\"caption\":\"FAHRERLAUBNIS NETZ\"},\"image\":{\"@id\":\"https:\/\/fahrerlaubnisnetz.com\/#\/schema\/logo\/image\/\"}}]}<\/script>\n<!-- \/ Yoast SEO Premium plugin. -->","yoast_head_json":{"title":"Comprar un permiso de conducir franc\u00e9s sin ex\u00e1menes","description":"Comprar permiso de conducir original cualitativo de Francia online. Modelo 2023 a\u00f1o. Desde el 15 de julio de 2015, la licencia de conducir ya no incluye un chip electr\u00f3nico.","robots":{"index":"index","follow":"follow","max-snippet":"max-snippet:-1","max-image-preview":"max-image-preview:large","max-video-preview":"max-video-preview:-1"},"canonical":"https:\/\/fahrerlaubnisnetz.com\/es\/product\/comprar-un-permiso-de-conducir-frances-sin-examenes\/","og_locale":"es_ES","og_type":"article","og_title":"Buy a French driving license without exams","og_description":"Buy original qualitative driver\u2019s licence of France online. Model 2023 year. Since July 15, 2015, the driver\u2019s license no longer includes an electronic chip.","og_url":"https:\/\/fahrerlaubnisnetz.com\/es\/product\/comprar-un-permiso-de-conducir-frances-sin-examenes\/","og_site_name":"Fahrerlaubnis Netz","article_modified_time":"2025-05-26T12:06:36+00:00","og_image":[{"width":598,"height":395,"url":"https:\/\/fahrerlaubnisnetz.com\/wp-content\/uploads\/2024\/12\/image_2024-12-26_183240223.png","type":"image\/png"}],"twitter_card":"summary_large_image","twitter_misc":{"Tiempo de lectura":"4 minutos"},"schema":{"@context":"https:\/\/schema.org","@graph":[{"@type":"WebPage","@id":"https:\/\/fahrerlaubnisnetz.com\/product\/buy-a-french-driving-license-without-exams\/","url":"https:\/\/fahrerlaubnisnetz.com\/product\/buy-a-french-driving-license-without-exams\/","name":"Comprar un permiso de conducir franc\u00e9s sin ex\u00e1menes","isPartOf":{"@id":"https:\/\/fahrerlaubnisnetz.com\/#website"},"primaryImageOfPage":{"@id":"https:\/\/fahrerlaubnisnetz.com\/product\/buy-a-french-driving-license-without-exams\/#primaryimage"},"image":{"@id":"https:\/\/fahrerlaubnisnetz.com\/product\/buy-a-french-driving-license-without-exams\/#primaryimage"},"thumbnailUrl":"https:\/\/fahrerlaubnisnetz.com\/wp-content\/uploads\/2024\/12\/image_2024-12-26_183240223.png","datePublished":"2024-12-26T07:58:20+00:00","dateModified":"2025-05-26T12:06:36+00:00","description":"Comprar permiso de conducir original cualitativo de Francia online. Modelo 2023 a\u00f1o. Desde el 15 de julio de 2015, la licencia de conducir ya no incluye un chip electr\u00f3nico.","breadcrumb":{"@id":"https:\/\/fahrerlaubnisnetz.com\/product\/buy-a-french-driving-license-without-exams\/#breadcrumb"},"inLanguage":"es","potentialAction":[{"@type":"ReadAction","target":["https:\/\/fahrerlaubnisnetz.com\/product\/buy-a-french-driving-license-without-exams\/"]}]},{"@type":"ImageObject","inLanguage":"es","@id":"https:\/\/fahrerlaubnisnetz.com\/product\/buy-a-french-driving-license-without-exams\/#primaryimage","url":"https:\/\/fahrerlaubnisnetz.com\/wp-content\/uploads\/2024\/12\/image_2024-12-26_183240223.png","contentUrl":"https:\/\/fahrerlaubnisnetz.com\/wp-content\/uploads\/2024\/12\/image_2024-12-26_183240223.png","width":598,"height":395,"caption":"Buy French Drivers License, getting original French Drivers License online, Where Can I Buy French Drivers License?, Advantages To French Drivers License,. How Can I BuyFrench Drivers License in 2025, How and where to get an original French Drivers License, French Drivers License online, Fake French Drivers License in USA, Fake French Drivers License, Fake French Drivers License online, real original French Drivers License, Real French Drivers License, French Drivers License"},{"@type":"BreadcrumbList","@id":"https:\/\/fahrerlaubnisnetz.com\/product\/buy-a-french-driving-license-without-exams\/#breadcrumb","itemListElement":[{"@type":"ListItem","position":1,"name":"Home","item":"https:\/\/fahrerlaubnisnetz.com\/"},{"@type":"ListItem","position":2,"name":"All Services","item":"https:\/\/fahrerlaubnisnetz.com\/shop\/"},{"@type":"ListItem","position":3,"name":"Buy a French driving license without exams"}]},{"@type":"WebSite","@id":"https:\/\/fahrerlaubnisnetz.com\/#website","url":"https:\/\/fahrerlaubnisnetz.com\/","name":"FAHRERLAUBNIS NETZ","description":"Compre su licencia de conducir y pasaporte originales en l\u00ednea","publisher":{"@id":"https:\/\/fahrerlaubnisnetz.com\/#organization"},"alternateName":"DRIVER'S LICENSE NETWORK","potentialAction":[{"@type":"SearchAction","target":{"@type":"EntryPoint","urlTemplate":"https:\/\/fahrerlaubnisnetz.com\/?s={search_term_string}"},"query-input":{"@type":"PropertyValueSpecification","valueRequired":true,"valueName":"search_term_string"}}],"inLanguage":"es"},{"@type":"Organization","@id":"https:\/\/fahrerlaubnisnetz.com\/#organization","name":"FAHRERLAUBNIS NETZ","alternateName":"DRIVER'S LICENSE NETWORK","url":"https:\/\/fahrerlaubnisnetz.com\/","logo":{"@type":"ImageObject","inLanguage":"es","@id":"https:\/\/fahrerlaubnisnetz.com\/#\/schema\/logo\/image\/","url":"https:\/\/fahrerlaubnisnetz.com\/wp-content\/uploads\/2025\/03\/image_2025-03-21_162823337.png","contentUrl":"https:\/\/fahrerlaubnisnetz.com\/wp-content\/uploads\/2025\/03\/image_2025-03-21_162823337.png","width":590,"height":288,"caption":"FAHRERLAUBNIS NETZ"},"image":{"@id":"https:\/\/fahrerlaubnisnetz.com\/#\/schema\/logo\/image\/"}}]}},"_links":{"self":[{"href":"https:\/\/fahrerlaubnisnetz.com\/es\/wp-json\/wp\/v2\/product\/341","targetHints":{"allow":["GET"]}}],"collection":[{"href":"https:\/\/fahrerlaubnisnetz.com\/es\/wp-json\/wp\/v2\/product"}],"about":[{"href":"https:\/\/fahrerlaubnisnetz.com\/es\/wp-json\/wp\/v2\/types\/product"}],"replies":[{"embeddable":true,"href":"https:\/\/fahrerlaubnisnetz.com\/es\/wp-json\/wp\/v2\/comments?post=341"}],"wp:featuredmedia":[{"embeddable":true,"href":"https:\/\/fahrerlaubnisnetz.com\/es\/wp-json\/wp\/v2\/media\/1989"}],"wp:attachment":[{"href":"https:\/\/fahrerlaubnisnetz.com\/es\/wp-json\/wp\/v2\/media?parent=341"}],"wp:term":[{"taxonomy":"product_brand","embeddable":true,"href":"https:\/\/fahrerlaubnisnetz.com\/es\/wp-json\/wp\/v2\/product_brand?post=341"},{"taxonomy":"product_cat","embeddable":true,"href":"https:\/\/fahrerlaubnisnetz.com\/es\/wp-json\/wp\/v2\/product_cat?post=341"},{"taxonomy":"product_tag","embeddable":true,"href":"https:\/\/fahrerlaubnisnetz.com\/es\/wp-json\/wp\/v2\/product_tag?post=341"}],"curies":[{"name":"wp","href":"https:\/\/api.w.org\/{rel}","templated":true}]}}