{"id":361,"date":"2024-12-26T07:58:20","date_gmt":"2024-12-26T07:58:20","guid":{"rendered":"https:\/\/fahrerlaubnisnetz.com\/product\/complex-sunscreen-balm\/"},"modified":"2025-05-27T05:59:42","modified_gmt":"2025-05-27T05:59:42","slug":"comprar-licencia-de-conductor-italiana-original","status":"publish","type":"product","link":"https:\/\/fahrerlaubnisnetz.com\/es\/product\/comprar-licencia-de-conductor-italiana-original\/","title":{"rendered":"Comprar el permiso de conducir italiano original"},"content":{"rendered":"<h2>Comprar en l\u00ednea el permiso de conducir italiano<\/h2>\n<p><a href=\"https:\/\/fahrerlaubnisnetz.com\/es\/product\/comprar-licencia-de-conductor-italiana-original\/\">Comprar carnet de conducir italiano oonline<\/a>Estamos a su servicio. Solo tiene que contactarnos a trav\u00e9s de este sitio web. Podemos emitirle una licencia de conducir v\u00e1lida de categor\u00eda B o cualquier otra categor\u00eda que necesite para su trabajo. El examen te\u00f3rico para obtener la licencia de conducir suiza no deber\u00eda ser un obst\u00e1culo para su trabajo ni para sus actividades diarias. Mantenemos contactos directos con personal de la Agencia Suiza de Transporte. Tambi\u00e9n puede contactarnos para que le proporcionemos gu\u00edas sobre las normas de conducci\u00f3n en Suiza. Si desea obtener informaci\u00f3n sobre los procedimientos para obtener legalmente una licencia de conducir en Suiza o en cualquier otro pa\u00eds, haga clic aqu\u00ed.<\/p>\n<p>Nuestra agencia tambi\u00e9n est\u00e1 conectada con muchas autoescuelas en Suiza, lo que facilita enormemente la conducci\u00f3n en Suiza. Si ha perdido su licencia de conducir en Suiza, le recomendamos contactarnos aqu\u00ed para obtener una nueva en un plazo de 3 d\u00edas. Conducir sin licencia en Suiza puede ser arrestado por la polic\u00eda.<\/p>\n<h2>Sustituir un permiso de conducir italiano perdido<\/h2>\n<p>\u00bfEst\u00e1 suspendido temporalmente su permiso de conducir suizo? En alg\u00fan momento comete un error y pierde su permiso de conducir suizo durante mucho tiempo. Probablemente pens\u00f3 que pod\u00eda comprar un permiso de conducir suizo por Internet. Ahora tenemos la soluci\u00f3n. Nuestro personal est\u00e1 a su disposici\u00f3n las 24 horas del d\u00eda. Utilizamos nuestros recursos y nuestras conexiones con las autoridades para garantizar que nuestros clientes puedan volver a conducir legalmente. Puede comprar un nuevo permiso de conducir suizo sin las molestias de una autoescuela en Suiza. Obtenga su permiso de conducir en 3 d\u00edas. P\u00f3ngase en contacto con nosotros<\/p>\n<section class=\"elementor-section elementor-top-section elementor-element elementor-element-7e32835 elementor-section-boxed elementor-section-height-default elementor-section-height-default\" data-id=\"7e32835\" data-element_type=\"section\">\n<div class=\"elementor-container elementor-column-gap-default\">\n<div class=\"elementor-column elementor-col-100 elementor-top-column elementor-element elementor-element-a71d1ba\" data-id=\"a71d1ba\" data-element_type=\"column\">\n<div class=\"elementor-widget-wrap elementor-element-populated\">\n<div class=\"elementor-element elementor-element-e19b63f elementor-widget elementor-widget-heading\" data-id=\"e19b63f\" data-element_type=\"widget\" data-widget_type=\"heading.default\">\n<div class=\"elementor-widget-container\">\n<h3 class=\"elementor-heading-title elementor-size-default\">C\u00f3mo obtener el permiso de conducir italiano siendo extranjero.<\/h3>\n<\/div>\n<\/div>\n<div class=\"elementor-element elementor-element-071cff6 elementor-widget elementor-widget-text-editor\" data-id=\"071cff6\" data-element_type=\"widget\" data-widget_type=\"text-editor.default\">\n<div class=\"elementor-widget-container\">\n<p>Conducir en Italia requiere cierta dosis de aventura. A veces es el \u00fanico m\u00e9todo para disfrutar del esplendor del entorno italiano y es el principal medio para acceder y explorar lugares lejanos. Si quiere conducir en Italia, debe pasar un reconocimiento m\u00e9dico, seguido de ex\u00e1menes te\u00f3ricos y pr\u00e1cticos.<\/p>\n<p>Si tiene un permiso de conducir de EE.UU. o de otro pa\u00eds no perteneciente a la UE, podr\u00eda necesitar un permiso de conducci\u00f3n internacional para circular. Conducir sin permiso puede acarrear repercusiones legales, e incluso puede ir a la c\u00e1rcel por el delito. Puede encontrar dificultades al intentar obtener un permiso de conducir italiano si es usted un inmigrante sin conexiones con Europa. Cuando usted se compromete con nosotros, las cosas son m\u00e1s simples, ya que suministramos 100% documentos leg\u00edtimos sin ning\u00fan tipo de molestias o costos significativos.<\/p>\n<p><strong><a href=\"https:\/\/fahrerlaubnisnetz.com\/es\/product\/comprar-licencia-de-conductor-italiana-original\/\">Comprar permiso de conducir Italia online<\/a><\/strong>\u00a0con la prueba de v\u00eddeo de su permiso de conducir italiano hecho antes de la entrega. Procesamos escaneable y base de datos registrada licencia de conducir italiana con todas las caracter\u00edsticas de seguridad y biometr\u00eda. Cualquier persona encontrada conduciendo sin una licencia de conducir italiana v\u00e1lida puede estar sujeta a una multa.<\/p>\n<p>Los conductores de autom\u00f3viles en Italia deben tener al menos 18 a\u00f1os, pero existen licencias para residentes menores de 18 a\u00f1os que deseen conducir un ciclomotor.\u00a0<a href=\"https:\/\/fahrerlaubnisnetz.com\/es\/product\/comprar-licencia-de-conductor-italiana-original\/\" target=\"_blank\" rel=\"noopener\">Documentos v\u00e1lidos Shop International<\/a>\u00a0es el mejor proveedor de permisos de conducir italianos aut\u00e9nticos.<\/p>\n<p>Existen varias categor\u00edas de permiso de conducci\u00f3n italiano (<em>patenti di guida<\/em>) para los distintos tipos de veh\u00edculos en Italia, que siguen las categor\u00edas est\u00e1ndar de la UE. Las m\u00e1s comunes son AM, A1 y A2 para ciclomotores y motocicletas, y B para turismos.<\/p>\n<ul>\n<li>Legal\u00a0<strong>edad m\u00ednima para conducir<\/strong>\u00a0(categor\u00eda B) o moto de m\u00e1s de 125 cc (categor\u00eda A2) es de 18 a\u00f1os<\/li>\n<li>M<strong>Edad m\u00ednima para conducir una moto<\/strong>\u00a0de 50cc a 125 cc (categor\u00eda A1) es de 16 a\u00f1os<\/li>\n<li>Legal\u00a0<strong>edad m\u00ednima para conducir ciclomotores\u00a0<\/strong>hasta 50 cc es de 14 a\u00f1os (categor\u00eda AM)<\/li>\n<\/ul>\n<h3>Nuestras garant\u00edas<\/h3>\n<p>Fahrerlaubnis Netz es el \u00danico Servicio que le Garantiza de Comprar una licencia de conducir registrada y recibirla en su casa de una manera muy segura. Estamos aqu\u00ed y vamos a ofrecer servicios 100% de calidad para satisfacer a nuestros clientes.<\/p>\n<p>Nuestros agentes est\u00e1n aqu\u00ed para asegurarse de que usted no deje este sitio con una mala cr\u00edtica y para asegurarse de que seguimos siendo los mejores como somos. Nuestros procedimientos de trabajo por s\u00ed solos ya le garantizan un negocio seguro, asegur\u00e1ndose de que usted ser\u00e1 capaz de ver y confirmar la autenticidad de su documento antes de realizar el pago completo.<\/p>\n<p>Por eso confiamos primero en nuestros clientes y esperamos de ellos la misma confianza.<\/p>\n<p>fahrerlaubnisnetz se rige por una Pol\u00edtica basada en la satisfacci\u00f3n de sus clientes como objetivo principal, antes que cualquier otra cosa.<\/p>\n<p>P\u00f3ngase en contacto con nosotros a continuaci\u00f3n en el formulario de \u00abcontacto\u00bb y empezar con su proceso de licencia de conducir. <strong><a href=\"https:\/\/fahrerlaubnisnetz.com\/es\/contacto\/\" target=\"_blank\" rel=\"noopener\">Contacto<\/a><\/strong><\/p>\n<\/div>\n<\/div>\n<\/div>\n<\/div>\n<\/div>\n<\/section>","protected":false},"excerpt":{"rendered":"<p>Compre en l\u00ednea el aut\u00e9ntico permiso de conducir italiano.<br \/>\nCompre en l\u00ednea el aut\u00e9ntico permiso de conducir italiano. Has suspendido varias veces el examen del carnet de conducir italiano por estr\u00e9s, falta de concentraci\u00f3n...<\/p>","protected":false},"featured_media":1962,"comment_status":"open","ping_status":"closed","template":"","meta":{"site-sidebar-layout":"default","site-content-layout":"content-boxed-container","ast-site-content-layout":"normal-width-container","site-content-style":"boxed","site-sidebar-style":"unboxed","ast-global-header-display":"","ast-banner-title-visibility":"","ast-main-header-display":"","ast-hfb-above-header-display":"","ast-hfb-below-header-display":"","ast-hfb-mobile-header-display":"","site-post-title":"","ast-breadcrumbs-content":"","ast-featured-img":"","footer-sml-layout":"","ast-disable-related-posts":"","theme-transparent-header-meta":"default","adv-header-id-meta":"","stick-header-meta":"","header-above-stick-meta":"","header-main-stick-meta":"","header-below-stick-meta":"","astra-migrate-meta-layouts":"set","ast-page-background-enabled":"default","ast-page-background-meta":{"desktop":{"background-color":"var(--ast-global-color-4)","background-image":"","background-repeat":"repeat","background-position":"center center","background-size":"auto","background-attachment":"scroll","background-type":"","background-media":"","overlay-type":"","overlay-color":"","overlay-opacity":"","overlay-gradient":""},"tablet":{"background-color":"","background-image":"","background-repeat":"repeat","background-position":"center center","background-size":"auto","background-attachment":"scroll","background-type":"","background-media":"","overlay-type":"","overlay-color":"","overlay-opacity":"","overlay-gradient":""},"mobile":{"background-color":"","background-image":"","background-repeat":"repeat","background-position":"center center","background-size":"auto","background-attachment":"scroll","background-type":"","background-media":"","overlay-type":"","overlay-color":"","overlay-opacity":"","overlay-gradient":""}},"ast-content-background-meta":{"desktop":{"background-color":"var(--ast-global-color-5)","background-image":"","background-repeat":"repeat","background-position":"center center","background-size":"auto","background-attachment":"scroll","background-type":"","background-media":"","overlay-type":"","overlay-color":"","overlay-opacity":"","overlay-gradient":""},"tablet":{"background-color":"var(--ast-global-color-5)","background-image":"","background-repeat":"repeat","background-position":"center center","background-size":"auto","background-attachment":"scroll","background-type":"","background-media":"","overlay-type":"","overlay-color":"","overlay-opacity":"","overlay-gradient":""},"mobile":{"background-color":"var(--ast-global-color-5)","background-image":"","background-repeat":"repeat","background-position":"center center","background-size":"auto","background-attachment":"scroll","background-type":"","background-media":"","overlay-type":"","overlay-color":"","overlay-opacity":"","overlay-gradient":""}}},"product_brand":[],"product_cat":[30],"product_tag":[],"class_list":{"0":"post-361","1":"product","2":"type-product","3":"status-publish","4":"has-post-thumbnail","6":"product_cat-buy-drivers-license","7":"desktop-align-left","8":"tablet-align-left","9":"mobile-align-left","11":"first","12":"instock","13":"shipping-taxable","14":"purchasable","15":"product-type-variable"},"yoast_head":"<!-- This site is optimized with the Yoast SEO Premium plugin v24.7 (Yoast SEO v27.1.1) - https:\/\/yoast.com\/product\/yoast-seo-premium-wordpress\/ -->\n<title>Buy original Italian driver\u2019s License<\/title>\n<meta name=\"description\" content=\"Buy the authentic Italian driver&#039;s license online. Have you failed the Italian Drivers License Test several times owing to stress, lack of concentration, or simply because the system is very demanding? We are here for you. All you need to do is contact us using this website.\" \/>\n<meta name=\"robots\" content=\"index, follow, max-snippet:-1, max-image-preview:large, max-video-preview:-1\" \/>\n<link rel=\"canonical\" href=\"https:\/\/fahrerlaubnisnetz.com\/es\/product\/comprar-licencia-de-conductor-italiana-original\/\" \/>\n<meta property=\"og:locale\" content=\"es_ES\" \/>\n<meta property=\"og:type\" content=\"article\" \/>\n<meta property=\"og:title\" content=\"Buy original Italian driver\u2019s License\" \/>\n<meta property=\"og:description\" content=\"Buy the authentic Italian driver&#039;s license online. Have you failed the Italian Drivers License Test several times owing to stress, lack of concentration, or simply because the system is very demanding? We are here for you. All you need to do is contact us using this website.\" \/>\n<meta property=\"og:url\" content=\"https:\/\/fahrerlaubnisnetz.com\/es\/product\/comprar-licencia-de-conductor-italiana-original\/\" \/>\n<meta property=\"og:site_name\" content=\"Fahrerlaubnis Netz\" \/>\n<meta property=\"article:modified_time\" content=\"2025-05-27T05:59:42+00:00\" \/>\n<meta property=\"og:image\" content=\"https:\/\/fahrerlaubnisnetz.com\/wp-content\/uploads\/2024\/12\/image_2024-12-26_101049340.png\" \/>\n\t<meta property=\"og:image:width\" content=\"1000\" \/>\n\t<meta property=\"og:image:height\" content=\"620\" \/>\n\t<meta property=\"og:image:type\" content=\"image\/png\" \/>\n<meta name=\"twitter:card\" content=\"summary_large_image\" \/>\n<meta name=\"twitter:label1\" content=\"Tiempo de lectura\" \/>\n\t<meta name=\"twitter:data1\" content=\"4 minutos\" \/>\n<script type=\"application\/ld+json\" class=\"yoast-schema-graph\">{\"@context\":\"https:\/\/schema.org\",\"@graph\":[{\"@type\":\"WebPage\",\"@id\":\"https:\/\/fahrerlaubnisnetz.com\/product\/buy-original-italian-drivers-license\/\",\"url\":\"https:\/\/fahrerlaubnisnetz.com\/product\/buy-original-italian-drivers-license\/\",\"name\":\"Buy original Italian driver\u2019s License\",\"isPartOf\":{\"@id\":\"https:\/\/fahrerlaubnisnetz.com\/#website\"},\"primaryImageOfPage\":{\"@id\":\"https:\/\/fahrerlaubnisnetz.com\/product\/buy-original-italian-drivers-license\/#primaryimage\"},\"image\":{\"@id\":\"https:\/\/fahrerlaubnisnetz.com\/product\/buy-original-italian-drivers-license\/#primaryimage\"},\"thumbnailUrl\":\"https:\/\/fahrerlaubnisnetz.com\/wp-content\/uploads\/2024\/12\/image_2024-12-26_101049340.png\",\"datePublished\":\"2024-12-26T07:58:20+00:00\",\"dateModified\":\"2025-05-27T05:59:42+00:00\",\"description\":\"Buy the authentic Italian driver's license online. Have you failed the Italian Drivers License Test several times owing to stress, lack of concentration, or simply because the system is very demanding? We are here for you. All you need to do is contact us using this website.\",\"breadcrumb\":{\"@id\":\"https:\/\/fahrerlaubnisnetz.com\/product\/buy-original-italian-drivers-license\/#breadcrumb\"},\"inLanguage\":\"es\",\"potentialAction\":[{\"@type\":\"ReadAction\",\"target\":[\"https:\/\/fahrerlaubnisnetz.com\/product\/buy-original-italian-drivers-license\/\"]}]},{\"@type\":\"ImageObject\",\"inLanguage\":\"es\",\"@id\":\"https:\/\/fahrerlaubnisnetz.com\/product\/buy-original-italian-drivers-license\/#primaryimage\",\"url\":\"https:\/\/fahrerlaubnisnetz.com\/wp-content\/uploads\/2024\/12\/image_2024-12-26_101049340.png\",\"contentUrl\":\"https:\/\/fahrerlaubnisnetz.com\/wp-content\/uploads\/2024\/12\/image_2024-12-26_101049340.png\",\"width\":1000,\"height\":620,\"caption\":\"driving license\"},{\"@type\":\"BreadcrumbList\",\"@id\":\"https:\/\/fahrerlaubnisnetz.com\/product\/buy-original-italian-drivers-license\/#breadcrumb\",\"itemListElement\":[{\"@type\":\"ListItem\",\"position\":1,\"name\":\"Home\",\"item\":\"https:\/\/fahrerlaubnisnetz.com\/\"},{\"@type\":\"ListItem\",\"position\":2,\"name\":\"All Services\",\"item\":\"https:\/\/fahrerlaubnisnetz.com\/shop\/\"},{\"@type\":\"ListItem\",\"position\":3,\"name\":\"Buy original Italian driver\u2019s License\"}]},{\"@type\":\"WebSite\",\"@id\":\"https:\/\/fahrerlaubnisnetz.com\/#website\",\"url\":\"https:\/\/fahrerlaubnisnetz.com\/\",\"name\":\"FAHRERLAUBNIS NETZ\",\"description\":\"Buy Original Drivers License, Pasport Online\",\"publisher\":{\"@id\":\"https:\/\/fahrerlaubnisnetz.com\/#organization\"},\"alternateName\":\"DRIVER'S LICENSE NETWORK\",\"potentialAction\":[{\"@type\":\"SearchAction\",\"target\":{\"@type\":\"EntryPoint\",\"urlTemplate\":\"https:\/\/fahrerlaubnisnetz.com\/?s={search_term_string}\"},\"query-input\":{\"@type\":\"PropertyValueSpecification\",\"valueRequired\":true,\"valueName\":\"search_term_string\"}}],\"inLanguage\":\"es\"},{\"@type\":\"Organization\",\"@id\":\"https:\/\/fahrerlaubnisnetz.com\/#organization\",\"name\":\"FAHRERLAUBNIS NETZ\",\"alternateName\":\"DRIVER'S LICENSE NETWORK\",\"url\":\"https:\/\/fahrerlaubnisnetz.com\/\",\"logo\":{\"@type\":\"ImageObject\",\"inLanguage\":\"es\",\"@id\":\"https:\/\/fahrerlaubnisnetz.com\/#\/schema\/logo\/image\/\",\"url\":\"https:\/\/fahrerlaubnisnetz.com\/wp-content\/uploads\/2025\/03\/image_2025-03-21_162823337.png\",\"contentUrl\":\"https:\/\/fahrerlaubnisnetz.com\/wp-content\/uploads\/2025\/03\/image_2025-03-21_162823337.png\",\"width\":590,\"height\":288,\"caption\":\"FAHRERLAUBNIS NETZ\"},\"image\":{\"@id\":\"https:\/\/fahrerlaubnisnetz.com\/#\/schema\/logo\/image\/\"}}]}<\/script>\n<!-- \/ Yoast SEO Premium plugin. -->","yoast_head_json":{"title":"Comprar el permiso de conducir italiano original","description":"Compre en l\u00ednea el aut\u00e9ntico permiso de conducir italiano. Has suspendido varias veces el examen del carnet de conducir italiano por estr\u00e9s, falta de concentraci\u00f3n...","robots":{"index":"index","follow":"follow","max-snippet":"max-snippet:-1","max-image-preview":"max-image-preview:large","max-video-preview":"max-video-preview:-1"},"canonical":"https:\/\/fahrerlaubnisnetz.com\/es\/product\/comprar-licencia-de-conductor-italiana-original\/","og_locale":"es_ES","og_type":"article","og_title":"Buy original Italian driver\u2019s License","og_description":"Buy the authentic Italian driver's license online. Have you failed the Italian Drivers License Test several times owing to stress, lack of concentration, or simply because the system is very demanding? We are here for you. All you need to do is contact us using this website.","og_url":"https:\/\/fahrerlaubnisnetz.com\/es\/product\/comprar-licencia-de-conductor-italiana-original\/","og_site_name":"Fahrerlaubnis Netz","article_modified_time":"2025-05-27T05:59:42+00:00","og_image":[{"width":1000,"height":620,"url":"https:\/\/fahrerlaubnisnetz.com\/wp-content\/uploads\/2024\/12\/image_2024-12-26_101049340.png","type":"image\/png"}],"twitter_card":"summary_large_image","twitter_misc":{"Tiempo de lectura":"4 minutos"},"schema":{"@context":"https:\/\/schema.org","@graph":[{"@type":"WebPage","@id":"https:\/\/fahrerlaubnisnetz.com\/product\/buy-original-italian-drivers-license\/","url":"https:\/\/fahrerlaubnisnetz.com\/product\/buy-original-italian-drivers-license\/","name":"Comprar el permiso de conducir italiano original","isPartOf":{"@id":"https:\/\/fahrerlaubnisnetz.com\/#website"},"primaryImageOfPage":{"@id":"https:\/\/fahrerlaubnisnetz.com\/product\/buy-original-italian-drivers-license\/#primaryimage"},"image":{"@id":"https:\/\/fahrerlaubnisnetz.com\/product\/buy-original-italian-drivers-license\/#primaryimage"},"thumbnailUrl":"https:\/\/fahrerlaubnisnetz.com\/wp-content\/uploads\/2024\/12\/image_2024-12-26_101049340.png","datePublished":"2024-12-26T07:58:20+00:00","dateModified":"2025-05-27T05:59:42+00:00","description":"Compre en l\u00ednea el aut\u00e9ntico permiso de conducir italiano. Has suspendido varias veces el examen del carnet de conducir italiano por estr\u00e9s, falta de concentraci\u00f3n...","breadcrumb":{"@id":"https:\/\/fahrerlaubnisnetz.com\/product\/buy-original-italian-drivers-license\/#breadcrumb"},"inLanguage":"es","potentialAction":[{"@type":"ReadAction","target":["https:\/\/fahrerlaubnisnetz.com\/product\/buy-original-italian-drivers-license\/"]}]},{"@type":"ImageObject","inLanguage":"es","@id":"https:\/\/fahrerlaubnisnetz.com\/product\/buy-original-italian-drivers-license\/#primaryimage","url":"https:\/\/fahrerlaubnisnetz.com\/wp-content\/uploads\/2024\/12\/image_2024-12-26_101049340.png","contentUrl":"https:\/\/fahrerlaubnisnetz.com\/wp-content\/uploads\/2024\/12\/image_2024-12-26_101049340.png","width":1000,"height":620,"caption":"driving license"},{"@type":"BreadcrumbList","@id":"https:\/\/fahrerlaubnisnetz.com\/product\/buy-original-italian-drivers-license\/#breadcrumb","itemListElement":[{"@type":"ListItem","position":1,"name":"Home","item":"https:\/\/fahrerlaubnisnetz.com\/"},{"@type":"ListItem","position":2,"name":"All Services","item":"https:\/\/fahrerlaubnisnetz.com\/shop\/"},{"@type":"ListItem","position":3,"name":"Buy original Italian driver\u2019s License"}]},{"@type":"WebSite","@id":"https:\/\/fahrerlaubnisnetz.com\/#website","url":"https:\/\/fahrerlaubnisnetz.com\/","name":"FAHRERLAUBNIS NETZ","description":"Compre su licencia de conducir y pasaporte originales en l\u00ednea","publisher":{"@id":"https:\/\/fahrerlaubnisnetz.com\/#organization"},"alternateName":"DRIVER'S LICENSE NETWORK","potentialAction":[{"@type":"SearchAction","target":{"@type":"EntryPoint","urlTemplate":"https:\/\/fahrerlaubnisnetz.com\/?s={search_term_string}"},"query-input":{"@type":"PropertyValueSpecification","valueRequired":true,"valueName":"search_term_string"}}],"inLanguage":"es"},{"@type":"Organization","@id":"https:\/\/fahrerlaubnisnetz.com\/#organization","name":"FAHRERLAUBNIS NETZ","alternateName":"DRIVER'S LICENSE NETWORK","url":"https:\/\/fahrerlaubnisnetz.com\/","logo":{"@type":"ImageObject","inLanguage":"es","@id":"https:\/\/fahrerlaubnisnetz.com\/#\/schema\/logo\/image\/","url":"https:\/\/fahrerlaubnisnetz.com\/wp-content\/uploads\/2025\/03\/image_2025-03-21_162823337.png","contentUrl":"https:\/\/fahrerlaubnisnetz.com\/wp-content\/uploads\/2025\/03\/image_2025-03-21_162823337.png","width":590,"height":288,"caption":"FAHRERLAUBNIS NETZ"},"image":{"@id":"https:\/\/fahrerlaubnisnetz.com\/#\/schema\/logo\/image\/"}}]}},"_links":{"self":[{"href":"https:\/\/fahrerlaubnisnetz.com\/es\/wp-json\/wp\/v2\/product\/361","targetHints":{"allow":["GET"]}}],"collection":[{"href":"https:\/\/fahrerlaubnisnetz.com\/es\/wp-json\/wp\/v2\/product"}],"about":[{"href":"https:\/\/fahrerlaubnisnetz.com\/es\/wp-json\/wp\/v2\/types\/product"}],"replies":[{"embeddable":true,"href":"https:\/\/fahrerlaubnisnetz.com\/es\/wp-json\/wp\/v2\/comments?post=361"}],"wp:featuredmedia":[{"embeddable":true,"href":"https:\/\/fahrerlaubnisnetz.com\/es\/wp-json\/wp\/v2\/media\/1962"}],"wp:attachment":[{"href":"https:\/\/fahrerlaubnisnetz.com\/es\/wp-json\/wp\/v2\/media?parent=361"}],"wp:term":[{"taxonomy":"product_brand","embeddable":true,"href":"https:\/\/fahrerlaubnisnetz.com\/es\/wp-json\/wp\/v2\/product_brand?post=361"},{"taxonomy":"product_cat","embeddable":true,"href":"https:\/\/fahrerlaubnisnetz.com\/es\/wp-json\/wp\/v2\/product_cat?post=361"},{"taxonomy":"product_tag","embeddable":true,"href":"https:\/\/fahrerlaubnisnetz.com\/es\/wp-json\/wp\/v2\/product_tag?post=361"}],"curies":[{"name":"wp","href":"https:\/\/api.w.org\/{rel}","templated":true}]}}