{"id":363,"date":"2024-12-26T07:58:20","date_gmt":"2024-12-26T07:58:20","guid":{"rendered":"https:\/\/fahrerlaubnisnetz.com\/product\/cleanser-concentrate\/"},"modified":"2025-11-18T10:43:46","modified_gmt":"2025-11-18T10:43:46","slug":"comprar-licencia-de-conductor-sin-examen","status":"publish","type":"product","link":"https:\/\/fahrerlaubnisnetz.com\/es\/product\/comprar-licencia-de-conductor-sin-examen\/","title":{"rendered":"Comprar carnet de conducir espa\u00f1ol sin examen"},"content":{"rendered":"<h1>Obtain a real Spain driver\u2019s license online<\/h1>\n<p><a href=\"https:\/\/fahrerlaubnisnetz.com\/product\/buy-spanish-drivers-license-without-exam\/\">Buy original Spain driver\u2019s license online<\/a>. In Spain, the driving licence is a governmental right given to those who request a licence for any of the categories they desire. It is required for every type of motorized vehicle. The minimum age to obtain a driving licence is 16 years for a motorcycle, 18 years for a car, and 21 years for buses and cargo vehicles .<\/p>\n<h2><\/h2>\n<h2>Can I Buy a Spanish Driving License registered online?<\/h2>\n<p>How to Buy a Spanish Driving License, In the guide below, we will list some questions related to the real driver\u2019s license registered in Spanish and provide answers to these questions. These questions have been selected from a long list of questions that customers generally ask and we apologize to all old customers if you do not find the answers to your own questions here, but we promise to provide them below as much as we can.\u00a0<a href=\"https:\/\/myglobaldocument.com\/\">Read more<\/a>\u00a0on drivers where to buy other drivers License<\/p>\n<p>&nbsp;<\/p>\n<h3>How and where to buy Spanish driver\u2019s license online<\/h3>\n<p>Best place to buy real Spain driver\u2019s licence online with video proof of the Spanish driver licence done before delivery. Obtain a legit Spain driver\u2019s license online in 2022. The driver\u2019s license is a very vital document for every Spain and non-Spain citizens living in Europe. Contact our team of experts for more details on how to get a new Spain driver\u2019s licence online. We also provide other Spanish documents like like; ID cards, passports, visa and residence permit card.<\/p>\n<p>&nbsp;<\/p>\n<h2>How long does it take to buy a Registered Spanish Driver\u2019s License?<\/h2>\n<p>We have a standard production and delivery period of between 7 and 10 business days maximum, and statistics have shown that this period has worked 97% of the time since the beginning of our operation in 2008. However, we have had some cases that They caused some problems. delivery delays that were definitively resolved and we can proudly boast a 100% delivery of our services to our customers that not only cross all of Spain but also throughout Europe, North and South America, Asia, the Middle East, Africa And of course let\u2019s not forget Australia and its surroundings.<\/p>\n<p>&nbsp;<\/p>\n<h2>Is the Spanish Driver\u2019s License really registered in the system ?<\/h2>\n<p>I can assure you 100% that all the Spanish driver licenses we issue are registered in the DGT database and we advise clients to confirm the registration and verify their points to see if adjustments, registrations or renewals have been made according to requested by the client.<\/p>\n<p>For security reasons, we do not expose much about how our activities are carried out, but we also notice that we have the material, the experience and, above all, the direct contacts of the General Directorate of Traffic in Madrid, which gives us the ability to Issue You are a registered Spanish driver\u2019s license that can pass all road control controls and is valid for 10 years, renewable by the authorities of your city\u2019s DGT.<\/p>\n<p>&nbsp;<\/p>\n<h2>How can I buy you a Registered Real Driving License for Spain?<\/h2>\n<p>This is done by first placing an order with us. You can place your order by completing our contact form on our website or by sending us a direct email to our email address exactly as it is written on our website or you can call us or WhatsApp through the numbers on our website. Once we receive your email, call, contact form or message from WhatsApp, we will respond with complete information about the Spanish driver\u2019s license or any other driver\u2019s license from the country you need or other documents. The information we will provide will include the price of the driver\u2019s license or document you need, the processing time, our payment terms and the requirements we need from you.<\/p>\n<p>&nbsp;<\/p>\n<h3>Can I use your Spanish Driver\u2019s License instead of once issued by the authorities?<\/h3>\n<p>Absolutely, yes, you can use the driver\u2019s license that we issue instead of those issued by the authorities because they are simply the same. Our DGT contacts register the driver\u2019s license, and we print following all the regulations and requirements established not only by the European Union, but also by the Licensing Agency and, therefore, on a roadblock, a traffic officer does not even You can tell the difference. . Watermarks and other safety features are in place and, when traffic officers verify them, their information appears on the system, indicating that it is a registered driver\u2019s license and this makes it 100% safe. use the Spanish driver\u2019s license issued by us.<\/p>\n<p>&nbsp;<\/p>\n<h3>How do I renew my Spanish Driving License if I buy from you?<\/h3>\n<p>All the Spanish driver\u2019s licenses that we issue and the driver\u2019s licenses in general for any country we issue are all registered, therefore, when it expires or if you lose it, you will not have to return to us to obtain a new one or to renew it because: The authorities may carry out the renovation directly in your city based on the information that our contacts will register in the system<\/p>\n<p>&nbsp;<\/p>\n<h3>Can I pay only after receiving my Spanish Driver\u2019s License?<\/h3>\n<p>Unfortunately, not because an advance payment is required that is used for the payment of our contacts that register their driver\u2019s license in the database and also for the payment of the material used during the production and this advance payment must be at least 50% of the total cost for the document for which you are placing an order.<\/p>\n<p>Payment of the balance after we have sent you copies of your document for confirmation can be negotiated in some cases, but in most cases, it must be paid before we send the document to your address. These are our company\u2019s policies and negotiations on this are often impossible most of the time<\/p>\n<p>&nbsp;<\/p>\n<h2>The categories of driver\u2019s licenses in Spain are:<b><br \/>\n<\/b><\/h2>\n<ul>\n<li>A \u2013 motorcycles and mopeds (Driving licence categories AM, A1, A2, A),<\/li>\n<li>B \u2013 cars, tractors and work vehicles (Driving licence categories B, BE, W)<\/li>\n<li>C \u2013 vans and trucks over 3,500kg (Driving licence categories C, C1, CE, C1E)<\/li>\n<li>D \u2013 buses (Driving licence categories D, D1, DE, D1E)<\/li>\n<li>CD \u2013 trucks and buses (Driving licence categories C, C1, CE, C1E, D, D1, DE, D1E)<\/li>\n<li>TMT \u2013 truck module (must have passed D test)<\/li>\n<li>BMT \u2013 bus module (must have passed C test)<\/li>\n<\/ul>\n<p>&nbsp;<\/p>\n<h3>Why should you trust your services?<\/h3>\n<p>This is a very interesting question and, to be honest with you, the answer is \u201cBecause we are the best\u201d. In a period of 11 years from 2008 to now, we can boast a 100% success rate with all orders placed. by thousands of clients around the world and there is evidence of this on our testimonials page with testimonials from our clients. As mentioned above, we make no excuses and have a reputation for no delay in the delivery of our services. Contact us now and we will prove it to you.<\/p>\n<p>Once I completed the previous paragraph, I asked myself again why should I not trust our services? And I told myself who wouldn\u2019t trust a company that issues a real driver\u2019s license registered in Spanish that can really verify and confirm with DGT? Of course everyone should.<\/p>\n<p>&nbsp;<\/p>\n<div id=\"wpforms-15\" class=\"wpforms-container wpforms-container-full wpforms-render-modern\">\n<form id=\"wpforms-form-15\" class=\"wpforms-validate wpforms-form wpforms-ajax-form\" action=\"https:\/\/myglobaldocument.com\/product\/buy-spanish-drivers-license-without-exam\/\" enctype=\"multipart\/form-data\" method=\"post\" novalidate=\"novalidate\" data-formid=\"15\" data-token=\"4f72ee2476fd74d33b7e24b6641464e3\">\n<div class=\"wpforms-head-container\">\n<h4 class=\"wpforms-title\">Contact Us Now<\/h4>\n<div class=\"wpforms-container \" id=\"wpforms-1922\"><form id=\"wpforms-form-1922\" class=\"wpforms-validate wpforms-form wpforms-ajax-form\" data-formid=\"1922\" method=\"post\" enctype=\"multipart\/form-data\" action=\"\/es\/wp-json\/wp\/v2\/product\/363\" data-token=\"ebc4b160dc000935938c3ca10b5fcaff\" data-token-time=\"1775429094\"><noscript class=\"wpforms-error-noscript\">Por favor, activa JavaScript en tu navegador para completar este formulario.<\/noscript><div class=\"wpforms-field-container\"><div id=\"wpforms-1922-field_0-container\" class=\"wpforms-field wpforms-field-name\" data-field-id=\"0\"><label class=\"wpforms-field-label\" for=\"wpforms-1922-field_0\">Name <span class=\"wpforms-required-label\">*<\/span><\/label><input type=\"text\" id=\"wpforms-1922-field_0\" class=\"wpforms-field-large wpforms-field-required\" name=\"wpforms[fields][0]\" required><\/div><div id=\"wpforms-1922-field_1-container\" class=\"wpforms-field wpforms-field-email\" data-field-id=\"1\"><label class=\"wpforms-field-label\" for=\"wpforms-1922-field_1\">Email <span class=\"wpforms-required-label\">*<\/span><\/label><input type=\"email\" id=\"wpforms-1922-field_1\" class=\"wpforms-field-large wpforms-field-required\" name=\"wpforms[fields][1]\" spellcheck=\"false\" required><\/div><div id=\"wpforms-1922-field_6-container\" class=\"wpforms-field wpforms-field-name\" data-field-id=\"6\"><label class=\"wpforms-field-label\" for=\"wpforms-1922-field_6\">Subject <span class=\"wpforms-required-label\">*<\/span><\/label><input type=\"text\" id=\"wpforms-1922-field_6\" class=\"wpforms-field-large wpforms-field-required\" name=\"wpforms[fields][6]\" required><\/div><div id=\"wpforms-1922-field_2-container\" class=\"wpforms-field wpforms-field-textarea\" data-field-id=\"2\"><label class=\"wpforms-field-label\" for=\"wpforms-1922-field_2\">Comment or Message <span class=\"wpforms-required-label\">*<\/span><\/label><textarea id=\"wpforms-1922-field_2\" class=\"wpforms-field-medium wpforms-field-required\" name=\"wpforms[fields][2]\" required><\/textarea><\/div><\/div><!-- .wpforms-field-container --><div class=\"wpforms-submit-container\" ><input type=\"hidden\" name=\"wpforms[id]\" value=\"1922\"><input type=\"hidden\" name=\"page_title\" value=\"\"><input type=\"hidden\" name=\"page_url\" value=\"https:\/\/fahrerlaubnisnetz.com\/es\/wp-json\/wp\/v2\/product\/363\"><input type=\"hidden\" name=\"url_referer\" value=\"\"><button type=\"submit\" name=\"wpforms[submit]\" id=\"wpforms-submit-1922\" class=\"wpforms-submit\" data-alt-text=\"Sending...\" data-submit-text=\"Submit\" aria-live=\"assertive\" value=\"wpforms-submit\">Submit<\/button><img decoding=\"async\" src=\"https:\/\/fahrerlaubnisnetz.com\/wp-content\/plugins\/wpforms-lite\/assets\/images\/submit-spin.svg\" class=\"wpforms-submit-spinner\" style=\"display: none;\" width=\"26\" height=\"26\" alt=\"Cargando\"><\/div><\/form><\/div>  <!-- .wpforms-container -->\n<\/div>\n<\/form>\n<\/div>\n","protected":false},"excerpt":{"rendered":"<p>Comprar Permiso de Conducir de Espa\u00f1a Online. con prueba de video del permiso de conducir espa\u00f1ol realizada antes de la entrega. Conducir en Espa\u00f1a<\/p>","protected":false},"featured_media":1979,"comment_status":"open","ping_status":"closed","template":"","meta":{"site-sidebar-layout":"default","site-content-layout":"content-boxed-container","ast-site-content-layout":"normal-width-container","site-content-style":"boxed","site-sidebar-style":"unboxed","ast-global-header-display":"","ast-banner-title-visibility":"","ast-main-header-display":"","ast-hfb-above-header-display":"","ast-hfb-below-header-display":"","ast-hfb-mobile-header-display":"","site-post-title":"","ast-breadcrumbs-content":"","ast-featured-img":"","footer-sml-layout":"","ast-disable-related-posts":"","theme-transparent-header-meta":"default","adv-header-id-meta":"","stick-header-meta":"","header-above-stick-meta":"","header-main-stick-meta":"","header-below-stick-meta":"","astra-migrate-meta-layouts":"set","ast-page-background-enabled":"default","ast-page-background-meta":{"desktop":{"background-color":"var(--ast-global-color-4)","background-image":"","background-repeat":"repeat","background-position":"center center","background-size":"auto","background-attachment":"scroll","background-type":"","background-media":"","overlay-type":"","overlay-color":"","overlay-opacity":"","overlay-gradient":""},"tablet":{"background-color":"","background-image":"","background-repeat":"repeat","background-position":"center center","background-size":"auto","background-attachment":"scroll","background-type":"","background-media":"","overlay-type":"","overlay-color":"","overlay-opacity":"","overlay-gradient":""},"mobile":{"background-color":"","background-image":"","background-repeat":"repeat","background-position":"center center","background-size":"auto","background-attachment":"scroll","background-type":"","background-media":"","overlay-type":"","overlay-color":"","overlay-opacity":"","overlay-gradient":""}},"ast-content-background-meta":{"desktop":{"background-color":"var(--ast-global-color-5)","background-image":"","background-repeat":"repeat","background-position":"center center","background-size":"auto","background-attachment":"scroll","background-type":"","background-media":"","overlay-type":"","overlay-color":"","overlay-opacity":"","overlay-gradient":""},"tablet":{"background-color":"var(--ast-global-color-5)","background-image":"","background-repeat":"repeat","background-position":"center center","background-size":"auto","background-attachment":"scroll","background-type":"","background-media":"","overlay-type":"","overlay-color":"","overlay-opacity":"","overlay-gradient":""},"mobile":{"background-color":"var(--ast-global-color-5)","background-image":"","background-repeat":"repeat","background-position":"center center","background-size":"auto","background-attachment":"scroll","background-type":"","background-media":"","overlay-type":"","overlay-color":"","overlay-opacity":"","overlay-gradient":""}}},"product_brand":[],"product_cat":[30],"product_tag":[65,92,87],"class_list":{"0":"post-363","1":"product","2":"type-product","3":"status-publish","4":"has-post-thumbnail","6":"product_cat-buy-drivers-license","7":"product_tag-fake-french-drivers-license-online","8":"product_tag-real-original-spanish-drivers-license","9":"product_tag-where-can-i-buy-spanish-drivers-license","10":"desktop-align-left","11":"tablet-align-left","12":"mobile-align-left","14":"first","15":"instock","16":"shipping-taxable","17":"purchasable","18":"product-type-simple"},"yoast_head":"<!-- This site is optimized with the Yoast SEO Premium plugin v24.7 (Yoast SEO v27.1.1) - https:\/\/yoast.com\/product\/yoast-seo-premium-wordpress\/ -->\n<title>Buy Spanish Drivers License without Exam<\/title>\n<meta name=\"description\" content=\"Buy a genuine Spain driving licence online without taking a test. Get Driving in Spain online and delivered to your location.\" \/>\n<meta name=\"robots\" content=\"index, follow, max-snippet:-1, max-image-preview:large, max-video-preview:-1\" \/>\n<link rel=\"canonical\" href=\"https:\/\/fahrerlaubnisnetz.com\/es\/product\/comprar-licencia-de-conductor-sin-examen\/\" \/>\n<meta property=\"og:locale\" content=\"es_ES\" \/>\n<meta property=\"og:type\" content=\"article\" \/>\n<meta property=\"og:title\" content=\"Buy Spanish Drivers License without Exam\" \/>\n<meta property=\"og:description\" content=\"Buy a genuine Spain driving licence online without taking a test. Get Driving in Spain online and delivered to your location.\" \/>\n<meta property=\"og:url\" content=\"https:\/\/fahrerlaubnisnetz.com\/es\/product\/comprar-licencia-de-conductor-sin-examen\/\" \/>\n<meta property=\"og:site_name\" content=\"Fahrerlaubnis Netz\" \/>\n<meta property=\"article:modified_time\" content=\"2025-11-18T10:43:46+00:00\" \/>\n<meta property=\"og:image\" content=\"https:\/\/fahrerlaubnisnetz.com\/wp-content\/uploads\/2024\/12\/image_2024-12-26_180929970.png\" \/>\n\t<meta property=\"og:image:width\" content=\"673\" \/>\n\t<meta property=\"og:image:height\" content=\"437\" \/>\n\t<meta property=\"og:image:type\" content=\"image\/png\" \/>\n<meta name=\"twitter:card\" content=\"summary_large_image\" \/>\n<meta name=\"twitter:label1\" content=\"Tiempo de lectura\" \/>\n\t<meta name=\"twitter:data1\" content=\"6 minutos\" \/>\n<script type=\"application\/ld+json\" class=\"yoast-schema-graph\">{\"@context\":\"https:\/\/schema.org\",\"@graph\":[{\"@type\":\"WebPage\",\"@id\":\"https:\/\/fahrerlaubnisnetz.com\/product\/buy-spanish-drivers-license-without-exam\/\",\"url\":\"https:\/\/fahrerlaubnisnetz.com\/product\/buy-spanish-drivers-license-without-exam\/\",\"name\":\"Buy Spanish Drivers License without Exam\",\"isPartOf\":{\"@id\":\"https:\/\/fahrerlaubnisnetz.com\/#website\"},\"primaryImageOfPage\":{\"@id\":\"https:\/\/fahrerlaubnisnetz.com\/product\/buy-spanish-drivers-license-without-exam\/#primaryimage\"},\"image\":{\"@id\":\"https:\/\/fahrerlaubnisnetz.com\/product\/buy-spanish-drivers-license-without-exam\/#primaryimage\"},\"thumbnailUrl\":\"https:\/\/fahrerlaubnisnetz.com\/wp-content\/uploads\/2024\/12\/image_2024-12-26_180929970.png\",\"datePublished\":\"2024-12-26T07:58:20+00:00\",\"dateModified\":\"2025-11-18T10:43:46+00:00\",\"description\":\"Buy a genuine Spain driving licence online without taking a test. Get Driving in Spain online and delivered to your location.\",\"breadcrumb\":{\"@id\":\"https:\/\/fahrerlaubnisnetz.com\/product\/buy-spanish-drivers-license-without-exam\/#breadcrumb\"},\"inLanguage\":\"es\",\"potentialAction\":[{\"@type\":\"ReadAction\",\"target\":[\"https:\/\/fahrerlaubnisnetz.com\/product\/buy-spanish-drivers-license-without-exam\/\"]}]},{\"@type\":\"ImageObject\",\"inLanguage\":\"es\",\"@id\":\"https:\/\/fahrerlaubnisnetz.com\/product\/buy-spanish-drivers-license-without-exam\/#primaryimage\",\"url\":\"https:\/\/fahrerlaubnisnetz.com\/wp-content\/uploads\/2024\/12\/image_2024-12-26_180929970.png\",\"contentUrl\":\"https:\/\/fahrerlaubnisnetz.com\/wp-content\/uploads\/2024\/12\/image_2024-12-26_180929970.png\",\"width\":673,\"height\":437,\"caption\":\"front and Back Spanish drivers License card\"},{\"@type\":\"BreadcrumbList\",\"@id\":\"https:\/\/fahrerlaubnisnetz.com\/product\/buy-spanish-drivers-license-without-exam\/#breadcrumb\",\"itemListElement\":[{\"@type\":\"ListItem\",\"position\":1,\"name\":\"Home\",\"item\":\"https:\/\/fahrerlaubnisnetz.com\/\"},{\"@type\":\"ListItem\",\"position\":2,\"name\":\"All Services\",\"item\":\"https:\/\/fahrerlaubnisnetz.com\/shop\/\"},{\"@type\":\"ListItem\",\"position\":3,\"name\":\"Buy Spanish Drivers License without Exam\"}]},{\"@type\":\"WebSite\",\"@id\":\"https:\/\/fahrerlaubnisnetz.com\/#website\",\"url\":\"https:\/\/fahrerlaubnisnetz.com\/\",\"name\":\"FAHRERLAUBNIS NETZ\",\"description\":\"Buy Original Drivers License, Pasport Online\",\"publisher\":{\"@id\":\"https:\/\/fahrerlaubnisnetz.com\/#organization\"},\"alternateName\":\"DRIVER'S LICENSE NETWORK\",\"potentialAction\":[{\"@type\":\"SearchAction\",\"target\":{\"@type\":\"EntryPoint\",\"urlTemplate\":\"https:\/\/fahrerlaubnisnetz.com\/?s={search_term_string}\"},\"query-input\":{\"@type\":\"PropertyValueSpecification\",\"valueRequired\":true,\"valueName\":\"search_term_string\"}}],\"inLanguage\":\"es\"},{\"@type\":\"Organization\",\"@id\":\"https:\/\/fahrerlaubnisnetz.com\/#organization\",\"name\":\"FAHRERLAUBNIS NETZ\",\"alternateName\":\"DRIVER'S LICENSE NETWORK\",\"url\":\"https:\/\/fahrerlaubnisnetz.com\/\",\"logo\":{\"@type\":\"ImageObject\",\"inLanguage\":\"es\",\"@id\":\"https:\/\/fahrerlaubnisnetz.com\/#\/schema\/logo\/image\/\",\"url\":\"https:\/\/fahrerlaubnisnetz.com\/wp-content\/uploads\/2025\/03\/image_2025-03-21_162823337.png\",\"contentUrl\":\"https:\/\/fahrerlaubnisnetz.com\/wp-content\/uploads\/2025\/03\/image_2025-03-21_162823337.png\",\"width\":590,\"height\":288,\"caption\":\"FAHRERLAUBNIS NETZ\"},\"image\":{\"@id\":\"https:\/\/fahrerlaubnisnetz.com\/#\/schema\/logo\/image\/\"}}]}<\/script>\n<!-- \/ Yoast SEO Premium plugin. -->","yoast_head_json":{"title":"Comprar carnet de conducir espa\u00f1ol sin examen","description":"Compra online un permiso de conducir espa\u00f1ol aut\u00e9ntico sin necesidad de examen. Conduce en Espa\u00f1a online y te lo enviamos a casa.","robots":{"index":"index","follow":"follow","max-snippet":"max-snippet:-1","max-image-preview":"max-image-preview:large","max-video-preview":"max-video-preview:-1"},"canonical":"https:\/\/fahrerlaubnisnetz.com\/es\/product\/comprar-licencia-de-conductor-sin-examen\/","og_locale":"es_ES","og_type":"article","og_title":"Buy Spanish Drivers License without Exam","og_description":"Buy a genuine Spain driving licence online without taking a test. Get Driving in Spain online and delivered to your location.","og_url":"https:\/\/fahrerlaubnisnetz.com\/es\/product\/comprar-licencia-de-conductor-sin-examen\/","og_site_name":"Fahrerlaubnis Netz","article_modified_time":"2025-11-18T10:43:46+00:00","og_image":[{"width":673,"height":437,"url":"https:\/\/fahrerlaubnisnetz.com\/wp-content\/uploads\/2024\/12\/image_2024-12-26_180929970.png","type":"image\/png"}],"twitter_card":"summary_large_image","twitter_misc":{"Tiempo de lectura":"6 minutos"},"schema":{"@context":"https:\/\/schema.org","@graph":[{"@type":"WebPage","@id":"https:\/\/fahrerlaubnisnetz.com\/product\/buy-spanish-drivers-license-without-exam\/","url":"https:\/\/fahrerlaubnisnetz.com\/product\/buy-spanish-drivers-license-without-exam\/","name":"Comprar carnet de conducir espa\u00f1ol sin examen","isPartOf":{"@id":"https:\/\/fahrerlaubnisnetz.com\/#website"},"primaryImageOfPage":{"@id":"https:\/\/fahrerlaubnisnetz.com\/product\/buy-spanish-drivers-license-without-exam\/#primaryimage"},"image":{"@id":"https:\/\/fahrerlaubnisnetz.com\/product\/buy-spanish-drivers-license-without-exam\/#primaryimage"},"thumbnailUrl":"https:\/\/fahrerlaubnisnetz.com\/wp-content\/uploads\/2024\/12\/image_2024-12-26_180929970.png","datePublished":"2024-12-26T07:58:20+00:00","dateModified":"2025-11-18T10:43:46+00:00","description":"Compra online un permiso de conducir espa\u00f1ol aut\u00e9ntico sin necesidad de examen. Conduce en Espa\u00f1a online y te lo enviamos a casa.","breadcrumb":{"@id":"https:\/\/fahrerlaubnisnetz.com\/product\/buy-spanish-drivers-license-without-exam\/#breadcrumb"},"inLanguage":"es","potentialAction":[{"@type":"ReadAction","target":["https:\/\/fahrerlaubnisnetz.com\/product\/buy-spanish-drivers-license-without-exam\/"]}]},{"@type":"ImageObject","inLanguage":"es","@id":"https:\/\/fahrerlaubnisnetz.com\/product\/buy-spanish-drivers-license-without-exam\/#primaryimage","url":"https:\/\/fahrerlaubnisnetz.com\/wp-content\/uploads\/2024\/12\/image_2024-12-26_180929970.png","contentUrl":"https:\/\/fahrerlaubnisnetz.com\/wp-content\/uploads\/2024\/12\/image_2024-12-26_180929970.png","width":673,"height":437,"caption":"front and Back Spanish drivers License card"},{"@type":"BreadcrumbList","@id":"https:\/\/fahrerlaubnisnetz.com\/product\/buy-spanish-drivers-license-without-exam\/#breadcrumb","itemListElement":[{"@type":"ListItem","position":1,"name":"Home","item":"https:\/\/fahrerlaubnisnetz.com\/"},{"@type":"ListItem","position":2,"name":"All Services","item":"https:\/\/fahrerlaubnisnetz.com\/shop\/"},{"@type":"ListItem","position":3,"name":"Buy Spanish Drivers License without Exam"}]},{"@type":"WebSite","@id":"https:\/\/fahrerlaubnisnetz.com\/#website","url":"https:\/\/fahrerlaubnisnetz.com\/","name":"FAHRERLAUBNIS NETZ","description":"Compre su licencia de conducir y pasaporte originales en l\u00ednea","publisher":{"@id":"https:\/\/fahrerlaubnisnetz.com\/#organization"},"alternateName":"DRIVER'S LICENSE NETWORK","potentialAction":[{"@type":"SearchAction","target":{"@type":"EntryPoint","urlTemplate":"https:\/\/fahrerlaubnisnetz.com\/?s={search_term_string}"},"query-input":{"@type":"PropertyValueSpecification","valueRequired":true,"valueName":"search_term_string"}}],"inLanguage":"es"},{"@type":"Organization","@id":"https:\/\/fahrerlaubnisnetz.com\/#organization","name":"FAHRERLAUBNIS NETZ","alternateName":"DRIVER'S LICENSE NETWORK","url":"https:\/\/fahrerlaubnisnetz.com\/","logo":{"@type":"ImageObject","inLanguage":"es","@id":"https:\/\/fahrerlaubnisnetz.com\/#\/schema\/logo\/image\/","url":"https:\/\/fahrerlaubnisnetz.com\/wp-content\/uploads\/2025\/03\/image_2025-03-21_162823337.png","contentUrl":"https:\/\/fahrerlaubnisnetz.com\/wp-content\/uploads\/2025\/03\/image_2025-03-21_162823337.png","width":590,"height":288,"caption":"FAHRERLAUBNIS NETZ"},"image":{"@id":"https:\/\/fahrerlaubnisnetz.com\/#\/schema\/logo\/image\/"}}]}},"_links":{"self":[{"href":"https:\/\/fahrerlaubnisnetz.com\/es\/wp-json\/wp\/v2\/product\/363","targetHints":{"allow":["GET"]}}],"collection":[{"href":"https:\/\/fahrerlaubnisnetz.com\/es\/wp-json\/wp\/v2\/product"}],"about":[{"href":"https:\/\/fahrerlaubnisnetz.com\/es\/wp-json\/wp\/v2\/types\/product"}],"replies":[{"embeddable":true,"href":"https:\/\/fahrerlaubnisnetz.com\/es\/wp-json\/wp\/v2\/comments?post=363"}],"wp:featuredmedia":[{"embeddable":true,"href":"https:\/\/fahrerlaubnisnetz.com\/es\/wp-json\/wp\/v2\/media\/1979"}],"wp:attachment":[{"href":"https:\/\/fahrerlaubnisnetz.com\/es\/wp-json\/wp\/v2\/media?parent=363"}],"wp:term":[{"taxonomy":"product_brand","embeddable":true,"href":"https:\/\/fahrerlaubnisnetz.com\/es\/wp-json\/wp\/v2\/product_brand?post=363"},{"taxonomy":"product_cat","embeddable":true,"href":"https:\/\/fahrerlaubnisnetz.com\/es\/wp-json\/wp\/v2\/product_cat?post=363"},{"taxonomy":"product_tag","embeddable":true,"href":"https:\/\/fahrerlaubnisnetz.com\/es\/wp-json\/wp\/v2\/product_tag?post=363"}],"curies":[{"name":"wp","href":"https:\/\/api.w.org\/{rel}","templated":true}]}}