{"id":365,"date":"2024-12-26T07:58:20","date_gmt":"2024-12-26T07:58:20","guid":{"rendered":"https:\/\/fahrerlaubnisnetz.com\/product\/balancing-daily-cleanser\/"},"modified":"2025-05-27T14:55:54","modified_gmt":"2025-05-27T14:55:54","slug":"comprar-permiso-de-conduccion-sueco-registrado","status":"publish","type":"product","link":"https:\/\/fahrerlaubnisnetz.com\/es\/product\/comprar-permiso-de-conduccion-sueco-registrado\/","title":{"rendered":"Comprar un permiso de conducir sueco registrado"},"content":{"rendered":"<h2>Comprar un aut\u00e9ntico permiso de conducir sueco sin hacer el examen de conducir<\/h2>\n<p>Comprar permiso de conducir sueco, Servimos a nuestros clientes con dignidad. En estos sitios, tanto extranjeros como ciudadanos para comprar una licencia. Ponemos en circulaci\u00f3n m\u00e1s de 2400 velocidad compatible con la tarjeta de conductor y 3000 otros tipos de documentos de identidad en los \u00faltimos dos a\u00f1os.<\/p>\n<p>P\u00f3ngase en contacto con nosotros para obtener un servicio de calidad y recibir su licencia de conducir sueca dentro de 3 d\u00edas h\u00e1biles. Ofrecemos env\u00edo gratuito y Garantizado.<\/p>\n<p>&nbsp;<\/p>\n<h2>Adquirir el permiso de conducir sueco sin los ex\u00e1menes escritos<\/h2>\n<p>\u00bfHas suspendido el examen del permiso de conducir en Suecia en varias ocasiones por estr\u00e9s, falta de concentraci\u00f3n o simplemente porque el sistema es demasiado exigente hasta tal punto?<br \/>\nEstamos a su servicio. Todo lo que tiene que hacer es ponerse en contacto con nosotros a trav\u00e9s de esta p\u00e1gina web. Podemos darte un Permiso de Conducir V\u00e1lido Categor\u00eda B o cualquier otra categor\u00eda que necesites para tu trabajo.<\/p>\n<p>La prueba de la licencia de conducir sueca Teor\u00eda no debe interponerse entre usted y su trabajo o sus transacciones diarias. Estamos en conexiones anticipadas con personas de dentro de la agencia sueca de transportes. Tambi\u00e9n puede ponerse en contacto con nosotros para que podamos ofrecerle gu\u00edas sobre las normas de conducci\u00f3n en Suecia. Si tambi\u00e9n desea leer acerca de los procedimientos de obtenci\u00f3n legal de la licencia de conducir en Suecia o en cualquier otro pa\u00eds, puede hacer clic aqu\u00ed.<\/p>\n<p>Nuestra agencia tambi\u00e9n est\u00e1 conectada en muchas escuelas de conducci\u00f3n Gotemburgo, Estocolmo, y otras partes de Suecia que hace que la conducci\u00f3n en Suecia muy f\u00e1cil. Si usted ha perdido su licencia de conducir en Suecia, ser\u00e1 bueno para\u00a0<a href=\"https:\/\/fahrerlaubnisnetz.com\/es\/\">Contacto<\/a>\u00a0aqu\u00ed para obtener un reemplazo dentro de 3 d\u00edas. conducir sin licencia en Suecia puede conducir a la detenci\u00f3n por la Polic\u00eda<\/p>\n<p>&nbsp;<\/p>\n<h2>Comprar un permiso de conducir sueco sin pruebas pr\u00e1cticas<\/h2>\n<p>\u00bfPuede conducir muy bien por las carreteras suecas, pero no le va bien en el examen pr\u00e1ctico del permiso de conducir dif\u00edcil? Hacer el examen del permiso de conducir en presencia de un vigilante del examen del permiso de conducir puede impedirle aprobar el examen pr\u00e1ctico del permiso de conducir, pero no le impedir\u00e1 obtener el permiso de conducir por Internet.<br \/>\nS\u00f3lo tiene que ponerse en contacto con nosotros y solicitar su permiso de conducir sueco en l\u00ednea y nosotros registraremos sus datos en la oficina de transporte de permisos de conducir.<\/p>\n<p>&nbsp;<\/p>\n<h2>Renovar el permiso de conducir sueco en vigor<\/h2>\n<p>Las personas que tienen dificultades para renovar su permiso de conducir sueco tambi\u00e9n pueden encontrar ayuda en este sitio donde pueden comprar un permiso de conducir falso y un permiso de conducir registrado en l\u00ednea.<\/p>\n<p>Los procedimientos de compra de licencia en l\u00ednea no necesitan que el conductor haga un examen de licencia de conducir y no tiene que hacer un examen pr\u00e1ctico de conducci\u00f3n. Usted no tiene permiso de conducir. S\u00f3lo tiene que seguir un sencillo procedimiento y nosotros le guiaremos.\u00a0<a href=\"https:\/\/fahrerlaubnisnetz.com\/es\/\">cont\u00e1ctenos aqu\u00ed<\/a><\/p>\n<p>&nbsp;<\/p>\n<h2>Sustituir un permiso de conducir sueco perdido<\/h2>\n<p>\u00bfSu permiso de conducir sueco ha caducado temporalmente? En alg\u00fan momento comete un error y pierde su permiso de conducir sueco durante un tiempo. Probablemente se imagin\u00f3 que puede comprar un permiso de conducir sueco en l\u00ednea. Acaba de encontrar una soluci\u00f3n. Aqu\u00ed est\u00e1n nuestros agentes disponibles para ayudarle en cualquier momento del d\u00eda. Utilizamos nuestros recursos y conexiones gubernamentales para ASEGURAR que nuestros clientes puedan conducir legalmente de nuevo. Usted puede comprar una nueva licencia de conducir sueca sin ning\u00fan tipo de estr\u00e9s de tomar ir a la escuela de conducci\u00f3n en Suecia. Obtenga el permiso de conducir en 3 d\u00edas. Contacte con nosotros<\/p>\n<h2>\u00bfDebo dejar la autoescuela?<\/h2>\n<p>Si ya est\u00e1s matriculado en una autoescuela, debes seguir sac\u00e1ndote el carnet de conducir. Pero no ser\u00e1 necesario que usted tome la prueba de licencia de conducir tanto te\u00f3rica como pr\u00e1cticamente. Esto se debe a que vamos m\u00e1s all\u00e1 del proceso y trabajar directamente con personas con informaci\u00f3n privilegiada de la oficina de transporte para obtener una licencia registrada y genuina sin una prueba. Estamos conectados con la mayor\u00eda de las autoescuelas y registramos sus datos en ellas. Con todas estas conexiones que tenemos, le garantizamos un permiso de conducir sueco seguro y legal.<\/p>\n<p>&nbsp;<\/p>\n<h2>Comprar permiso de conducir sueco falso<\/h2>\n<ul>\n<li>Comprar un permiso de conducir sueco a veces es costoso y perder el tiempo cuando se trata de comprar directamente del Gobierno. Dependiendo de lo caras y lentas que se han vuelto las autoescuelas suecas, a la mayor\u00eda de la gente le gustar\u00e1 comprar su permiso de conducir online, que es barato y asequible. Pero no todas las agencias en l\u00ednea que prometen esto ser\u00e1n capaces de proporcionarlo.<\/li>\n<li>Global documents ha establecido relaciones firmes en toda Suecia. tenemos una relaci\u00f3n genuina y conexi\u00f3n en la oficina de transporte en Suecia. tambi\u00e9n, tenemos conexiones con 8 autoescuelas m\u00e1s populares en Suecia, y actuamos como la puerta trasera de las autoescuelas suecas. Si usted es un buen conductor, y s\u00f3lo necesita un permiso de conducir para empezar a conducir, entonces usted no necesita tomar ning\u00fan examen de conducir. Le proporcionaremos un permiso de conducir registrado en un plazo de 3 d\u00edas laborables. lo \u00fanico que tiene que hacer es ponerse en contacto con nosotros.<\/li>\n<li>El permiso de conducir sueco que producimos es 100% seguro. Si te para la polic\u00eda de tr\u00e1fico, no tendr\u00e1s problemas porque el permiso de conducir est\u00e1 registrado en la base de datos. As\u00ed que usted es tan seguro como alguien que ha tomado el examen oficial de conducir y pasar la prueba. P\u00f3ngase en contacto con nosotros ahora y ahorre tiempo y dinero para obtener su permiso de conducir sueco registrado. Contacte con nosotros<\/li>\n<\/ul>\n<h2>Diferencia entre el permiso de conducir sueco falso y el permiso de conducir sueco registrado<\/h2>\n<ul>\n<li>Usted puede comprar una licencia de conducir sueca que es una licencia de conducir sueca falsa o una licencia de conducir sueca registrada.<\/li>\n<li>Usted puede obtener una licencia de conducir sueca registrada que es 100% segura para su uso y registrada en el sistema. Comprar licencia de conducir sueca registrada sin examen. \u00bfSab\u00eda usted que usted puede conducir legalmente en sueco con pasar por todos los procesos voluminosos y costosos de obtener la licencia de conducir sueca? Si usted est\u00e1 en esta p\u00e1gina, no dude en escribir a nuestro apoyo para obtener una licencia de conducir registrada. Si la Polic\u00eda comprueba el permiso de conducir sueco registrado, lo ver\u00e1 registrado en la base de datos del Gobierno.<\/li>\n<li>Mientras tanto, o falsa licencia de conducir sueca se ve de manera similar a la licencia de conducir sueca registrada, excepto la falsificaci\u00f3n de los que no se encuentran en el sistema. Estos licencia de conducir tambi\u00e9n se puede utilizar con \u00e9xito en las carreteras suecas. pero hay que tener en cuenta que no son Annabelle. Si te metes en un accidente o cualquier problema, donde usted tiene que ser buscado en la base de datos, ser\u00e1 un problema porque no se encuentra.<\/li>\n<\/ul>","protected":false},"excerpt":{"rendered":"<p>\u00bfC\u00f3mo comprar un permiso de conducir sueco aut\u00e9ntico? Somos la empresa m\u00e1s grande y aut\u00e9ntica que le guiar\u00e1 a trav\u00e9s del proceso de obtenci\u00f3n del permiso de conducir. Nuestras condiciones de trabajo y procedimientos tambi\u00e9n son sencillos y \u00fatiles para todos los clientes. No exigimos a nuestros clientes a pagar ning\u00fan dinero si su licencia de conducir no ha sido completamente procesada. Antes de realizar un pago, debe...<\/p>","protected":false},"featured_media":1959,"comment_status":"open","ping_status":"closed","template":"","meta":{"site-sidebar-layout":"default","site-content-layout":"content-boxed-container","ast-site-content-layout":"normal-width-container","site-content-style":"boxed","site-sidebar-style":"unboxed","ast-global-header-display":"","ast-banner-title-visibility":"","ast-main-header-display":"","ast-hfb-above-header-display":"","ast-hfb-below-header-display":"","ast-hfb-mobile-header-display":"","site-post-title":"","ast-breadcrumbs-content":"","ast-featured-img":"","footer-sml-layout":"","ast-disable-related-posts":"","theme-transparent-header-meta":"default","adv-header-id-meta":"","stick-header-meta":"","header-above-stick-meta":"","header-main-stick-meta":"","header-below-stick-meta":"","astra-migrate-meta-layouts":"set","ast-page-background-enabled":"default","ast-page-background-meta":{"desktop":{"background-color":"var(--ast-global-color-4)","background-image":"","background-repeat":"repeat","background-position":"center center","background-size":"auto","background-attachment":"scroll","background-type":"","background-media":"","overlay-type":"","overlay-color":"","overlay-opacity":"","overlay-gradient":""},"tablet":{"background-color":"","background-image":"","background-repeat":"repeat","background-position":"center center","background-size":"auto","background-attachment":"scroll","background-type":"","background-media":"","overlay-type":"","overlay-color":"","overlay-opacity":"","overlay-gradient":""},"mobile":{"background-color":"","background-image":"","background-repeat":"repeat","background-position":"center center","background-size":"auto","background-attachment":"scroll","background-type":"","background-media":"","overlay-type":"","overlay-color":"","overlay-opacity":"","overlay-gradient":""}},"ast-content-background-meta":{"desktop":{"background-color":"var(--ast-global-color-5)","background-image":"","background-repeat":"repeat","background-position":"center center","background-size":"auto","background-attachment":"scroll","background-type":"","background-media":"","overlay-type":"","overlay-color":"","overlay-opacity":"","overlay-gradient":""},"tablet":{"background-color":"var(--ast-global-color-5)","background-image":"","background-repeat":"repeat","background-position":"center center","background-size":"auto","background-attachment":"scroll","background-type":"","background-media":"","overlay-type":"","overlay-color":"","overlay-opacity":"","overlay-gradient":""},"mobile":{"background-color":"var(--ast-global-color-5)","background-image":"","background-repeat":"repeat","background-position":"center center","background-size":"auto","background-attachment":"scroll","background-type":"","background-media":"","overlay-type":"","overlay-color":"","overlay-opacity":"","overlay-gradient":""}}},"product_brand":[],"product_cat":[30],"product_tag":[],"class_list":{"0":"post-365","1":"product","2":"type-product","3":"status-publish","4":"has-post-thumbnail","6":"product_cat-buy-drivers-license","7":"desktop-align-left","8":"tablet-align-left","9":"mobile-align-left","11":"first","12":"instock","13":"shipping-taxable","14":"purchasable","15":"product-type-simple"},"yoast_head":"<!-- This site is optimized with the Yoast SEO Premium plugin v24.7 (Yoast SEO v27.1.1) - https:\/\/yoast.com\/product\/yoast-seo-premium-wordpress\/ -->\n<title>Buy registered Swedish Driving License<\/title>\n<meta name=\"description\" content=\"Buy a registered Swedish driver&#039;s license from us. We are the best and most reliable company to help you through the licensing process.\" \/>\n<meta name=\"robots\" content=\"index, follow, max-snippet:-1, max-image-preview:large, max-video-preview:-1\" \/>\n<link rel=\"canonical\" href=\"https:\/\/fahrerlaubnisnetz.com\/es\/product\/comprar-permiso-de-conduccion-sueco-registrado\/\" \/>\n<meta property=\"og:locale\" content=\"es_ES\" \/>\n<meta property=\"og:type\" content=\"article\" \/>\n<meta property=\"og:title\" content=\"Buy registered Swedish Driving License\" \/>\n<meta property=\"og:description\" content=\"Buy a registered Swedish driver&#039;s license from us. We are the best and most reliable company to help you through the licensing process.\" \/>\n<meta property=\"og:url\" content=\"https:\/\/fahrerlaubnisnetz.com\/es\/product\/comprar-permiso-de-conduccion-sueco-registrado\/\" \/>\n<meta property=\"og:site_name\" content=\"Fahrerlaubnis Netz\" \/>\n<meta property=\"article:modified_time\" content=\"2025-05-27T14:55:54+00:00\" \/>\n<meta property=\"og:image\" content=\"https:\/\/fahrerlaubnisnetz.com\/wp-content\/uploads\/2024\/12\/image_2024-12-26_095030908.png\" \/>\n\t<meta property=\"og:image:width\" content=\"1599\" \/>\n\t<meta property=\"og:image:height\" content=\"1214\" \/>\n\t<meta property=\"og:image:type\" content=\"image\/png\" \/>\n<meta name=\"twitter:card\" content=\"summary_large_image\" \/>\n<meta name=\"twitter:label1\" content=\"Tiempo de lectura\" \/>\n\t<meta name=\"twitter:data1\" content=\"5 minutos\" \/>\n<script type=\"application\/ld+json\" class=\"yoast-schema-graph\">{\"@context\":\"https:\/\/schema.org\",\"@graph\":[{\"@type\":\"WebPage\",\"@id\":\"https:\/\/fahrerlaubnisnetz.com\/product\/buy-registered-swedish-driving-license\/\",\"url\":\"https:\/\/fahrerlaubnisnetz.com\/product\/buy-registered-swedish-driving-license\/\",\"name\":\"Buy registered Swedish Driving License\",\"isPartOf\":{\"@id\":\"https:\/\/fahrerlaubnisnetz.com\/#website\"},\"primaryImageOfPage\":{\"@id\":\"https:\/\/fahrerlaubnisnetz.com\/product\/buy-registered-swedish-driving-license\/#primaryimage\"},\"image\":{\"@id\":\"https:\/\/fahrerlaubnisnetz.com\/product\/buy-registered-swedish-driving-license\/#primaryimage\"},\"thumbnailUrl\":\"https:\/\/fahrerlaubnisnetz.com\/wp-content\/uploads\/2024\/12\/image_2024-12-26_095030908.png\",\"datePublished\":\"2024-12-26T07:58:20+00:00\",\"dateModified\":\"2025-05-27T14:55:54+00:00\",\"description\":\"Buy a registered Swedish driver's license from us. We are the best and most reliable company to help you through the licensing process.\",\"breadcrumb\":{\"@id\":\"https:\/\/fahrerlaubnisnetz.com\/product\/buy-registered-swedish-driving-license\/#breadcrumb\"},\"inLanguage\":\"es\",\"potentialAction\":[{\"@type\":\"ReadAction\",\"target\":[\"https:\/\/fahrerlaubnisnetz.com\/product\/buy-registered-swedish-driving-license\/\"]}]},{\"@type\":\"ImageObject\",\"inLanguage\":\"es\",\"@id\":\"https:\/\/fahrerlaubnisnetz.com\/product\/buy-registered-swedish-driving-license\/#primaryimage\",\"url\":\"https:\/\/fahrerlaubnisnetz.com\/wp-content\/uploads\/2024\/12\/image_2024-12-26_095030908.png\",\"contentUrl\":\"https:\/\/fahrerlaubnisnetz.com\/wp-content\/uploads\/2024\/12\/image_2024-12-26_095030908.png\",\"width\":1599,\"height\":1214,\"caption\":\"Getting a Sweden driving license, Swedish driving license, Where Can I Buy Sweden driving license?, Advantages To Sweden driving license, How Can I Sweden driving license in 2025, How and where to get an original Spanish drivers License, Sweden driving license online, Fake Sweden driving license in USA, Sweden drivers license, Fake Sweden drivers online, real original Sweden drivers, Real Sweden drivers, Spanish drivers License original and fake Sweden drivers\"},{\"@type\":\"BreadcrumbList\",\"@id\":\"https:\/\/fahrerlaubnisnetz.com\/product\/buy-registered-swedish-driving-license\/#breadcrumb\",\"itemListElement\":[{\"@type\":\"ListItem\",\"position\":1,\"name\":\"Home\",\"item\":\"https:\/\/fahrerlaubnisnetz.com\/\"},{\"@type\":\"ListItem\",\"position\":2,\"name\":\"All Services\",\"item\":\"https:\/\/fahrerlaubnisnetz.com\/shop\/\"},{\"@type\":\"ListItem\",\"position\":3,\"name\":\"Buy registered Swedish Driving License\"}]},{\"@type\":\"WebSite\",\"@id\":\"https:\/\/fahrerlaubnisnetz.com\/#website\",\"url\":\"https:\/\/fahrerlaubnisnetz.com\/\",\"name\":\"FAHRERLAUBNIS NETZ\",\"description\":\"Buy Original Drivers License, Pasport Online\",\"publisher\":{\"@id\":\"https:\/\/fahrerlaubnisnetz.com\/#organization\"},\"alternateName\":\"DRIVER'S LICENSE NETWORK\",\"potentialAction\":[{\"@type\":\"SearchAction\",\"target\":{\"@type\":\"EntryPoint\",\"urlTemplate\":\"https:\/\/fahrerlaubnisnetz.com\/?s={search_term_string}\"},\"query-input\":{\"@type\":\"PropertyValueSpecification\",\"valueRequired\":true,\"valueName\":\"search_term_string\"}}],\"inLanguage\":\"es\"},{\"@type\":\"Organization\",\"@id\":\"https:\/\/fahrerlaubnisnetz.com\/#organization\",\"name\":\"FAHRERLAUBNIS NETZ\",\"alternateName\":\"DRIVER'S LICENSE NETWORK\",\"url\":\"https:\/\/fahrerlaubnisnetz.com\/\",\"logo\":{\"@type\":\"ImageObject\",\"inLanguage\":\"es\",\"@id\":\"https:\/\/fahrerlaubnisnetz.com\/#\/schema\/logo\/image\/\",\"url\":\"https:\/\/fahrerlaubnisnetz.com\/wp-content\/uploads\/2025\/03\/image_2025-03-21_162823337.png\",\"contentUrl\":\"https:\/\/fahrerlaubnisnetz.com\/wp-content\/uploads\/2025\/03\/image_2025-03-21_162823337.png\",\"width\":590,\"height\":288,\"caption\":\"FAHRERLAUBNIS NETZ\"},\"image\":{\"@id\":\"https:\/\/fahrerlaubnisnetz.com\/#\/schema\/logo\/image\/\"}}]}<\/script>\n<!-- \/ Yoast SEO Premium plugin. -->","yoast_head_json":{"title":"Comprar un permiso de conducir sueco registrado","description":"C\u00f3mprenos un permiso de conducir sueco registrado. Somos la mejor empresa y la m\u00e1s fiable para ayudarle en el proceso de obtenci\u00f3n de la licencia.","robots":{"index":"index","follow":"follow","max-snippet":"max-snippet:-1","max-image-preview":"max-image-preview:large","max-video-preview":"max-video-preview:-1"},"canonical":"https:\/\/fahrerlaubnisnetz.com\/es\/product\/comprar-permiso-de-conduccion-sueco-registrado\/","og_locale":"es_ES","og_type":"article","og_title":"Buy registered Swedish Driving License","og_description":"Buy a registered Swedish driver's license from us. We are the best and most reliable company to help you through the licensing process.","og_url":"https:\/\/fahrerlaubnisnetz.com\/es\/product\/comprar-permiso-de-conduccion-sueco-registrado\/","og_site_name":"Fahrerlaubnis Netz","article_modified_time":"2025-05-27T14:55:54+00:00","og_image":[{"width":1599,"height":1214,"url":"https:\/\/fahrerlaubnisnetz.com\/wp-content\/uploads\/2024\/12\/image_2024-12-26_095030908.png","type":"image\/png"}],"twitter_card":"summary_large_image","twitter_misc":{"Tiempo de lectura":"5 minutos"},"schema":{"@context":"https:\/\/schema.org","@graph":[{"@type":"WebPage","@id":"https:\/\/fahrerlaubnisnetz.com\/product\/buy-registered-swedish-driving-license\/","url":"https:\/\/fahrerlaubnisnetz.com\/product\/buy-registered-swedish-driving-license\/","name":"Comprar un permiso de conducir sueco registrado","isPartOf":{"@id":"https:\/\/fahrerlaubnisnetz.com\/#website"},"primaryImageOfPage":{"@id":"https:\/\/fahrerlaubnisnetz.com\/product\/buy-registered-swedish-driving-license\/#primaryimage"},"image":{"@id":"https:\/\/fahrerlaubnisnetz.com\/product\/buy-registered-swedish-driving-license\/#primaryimage"},"thumbnailUrl":"https:\/\/fahrerlaubnisnetz.com\/wp-content\/uploads\/2024\/12\/image_2024-12-26_095030908.png","datePublished":"2024-12-26T07:58:20+00:00","dateModified":"2025-05-27T14:55:54+00:00","description":"C\u00f3mprenos un permiso de conducir sueco registrado. Somos la mejor empresa y la m\u00e1s fiable para ayudarle en el proceso de obtenci\u00f3n de la licencia.","breadcrumb":{"@id":"https:\/\/fahrerlaubnisnetz.com\/product\/buy-registered-swedish-driving-license\/#breadcrumb"},"inLanguage":"es","potentialAction":[{"@type":"ReadAction","target":["https:\/\/fahrerlaubnisnetz.com\/product\/buy-registered-swedish-driving-license\/"]}]},{"@type":"ImageObject","inLanguage":"es","@id":"https:\/\/fahrerlaubnisnetz.com\/product\/buy-registered-swedish-driving-license\/#primaryimage","url":"https:\/\/fahrerlaubnisnetz.com\/wp-content\/uploads\/2024\/12\/image_2024-12-26_095030908.png","contentUrl":"https:\/\/fahrerlaubnisnetz.com\/wp-content\/uploads\/2024\/12\/image_2024-12-26_095030908.png","width":1599,"height":1214,"caption":"Getting a Sweden driving license, Swedish driving license, Where Can I Buy Sweden driving license?, Advantages To Sweden driving license, How Can I Sweden driving license in 2025, How and where to get an original Spanish drivers License, Sweden driving license online, Fake Sweden driving license in USA, Sweden drivers license, Fake Sweden drivers online, real original Sweden drivers, Real Sweden drivers, Spanish drivers License original and fake Sweden drivers"},{"@type":"BreadcrumbList","@id":"https:\/\/fahrerlaubnisnetz.com\/product\/buy-registered-swedish-driving-license\/#breadcrumb","itemListElement":[{"@type":"ListItem","position":1,"name":"Home","item":"https:\/\/fahrerlaubnisnetz.com\/"},{"@type":"ListItem","position":2,"name":"All Services","item":"https:\/\/fahrerlaubnisnetz.com\/shop\/"},{"@type":"ListItem","position":3,"name":"Buy registered Swedish Driving License"}]},{"@type":"WebSite","@id":"https:\/\/fahrerlaubnisnetz.com\/#website","url":"https:\/\/fahrerlaubnisnetz.com\/","name":"FAHRERLAUBNIS NETZ","description":"Compre su licencia de conducir y pasaporte originales en l\u00ednea","publisher":{"@id":"https:\/\/fahrerlaubnisnetz.com\/#organization"},"alternateName":"DRIVER'S LICENSE NETWORK","potentialAction":[{"@type":"SearchAction","target":{"@type":"EntryPoint","urlTemplate":"https:\/\/fahrerlaubnisnetz.com\/?s={search_term_string}"},"query-input":{"@type":"PropertyValueSpecification","valueRequired":true,"valueName":"search_term_string"}}],"inLanguage":"es"},{"@type":"Organization","@id":"https:\/\/fahrerlaubnisnetz.com\/#organization","name":"FAHRERLAUBNIS NETZ","alternateName":"DRIVER'S LICENSE NETWORK","url":"https:\/\/fahrerlaubnisnetz.com\/","logo":{"@type":"ImageObject","inLanguage":"es","@id":"https:\/\/fahrerlaubnisnetz.com\/#\/schema\/logo\/image\/","url":"https:\/\/fahrerlaubnisnetz.com\/wp-content\/uploads\/2025\/03\/image_2025-03-21_162823337.png","contentUrl":"https:\/\/fahrerlaubnisnetz.com\/wp-content\/uploads\/2025\/03\/image_2025-03-21_162823337.png","width":590,"height":288,"caption":"FAHRERLAUBNIS NETZ"},"image":{"@id":"https:\/\/fahrerlaubnisnetz.com\/#\/schema\/logo\/image\/"}}]}},"_links":{"self":[{"href":"https:\/\/fahrerlaubnisnetz.com\/es\/wp-json\/wp\/v2\/product\/365","targetHints":{"allow":["GET"]}}],"collection":[{"href":"https:\/\/fahrerlaubnisnetz.com\/es\/wp-json\/wp\/v2\/product"}],"about":[{"href":"https:\/\/fahrerlaubnisnetz.com\/es\/wp-json\/wp\/v2\/types\/product"}],"replies":[{"embeddable":true,"href":"https:\/\/fahrerlaubnisnetz.com\/es\/wp-json\/wp\/v2\/comments?post=365"}],"wp:featuredmedia":[{"embeddable":true,"href":"https:\/\/fahrerlaubnisnetz.com\/es\/wp-json\/wp\/v2\/media\/1959"}],"wp:attachment":[{"href":"https:\/\/fahrerlaubnisnetz.com\/es\/wp-json\/wp\/v2\/media?parent=365"}],"wp:term":[{"taxonomy":"product_brand","embeddable":true,"href":"https:\/\/fahrerlaubnisnetz.com\/es\/wp-json\/wp\/v2\/product_brand?post=365"},{"taxonomy":"product_cat","embeddable":true,"href":"https:\/\/fahrerlaubnisnetz.com\/es\/wp-json\/wp\/v2\/product_cat?post=365"},{"taxonomy":"product_tag","embeddable":true,"href":"https:\/\/fahrerlaubnisnetz.com\/es\/wp-json\/wp\/v2\/product_tag?post=365"}],"curies":[{"name":"wp","href":"https:\/\/api.w.org\/{rel}","templated":true}]}}