{"id":366,"date":"2024-12-26T07:58:20","date_gmt":"2024-12-26T07:58:20","guid":{"rendered":"https:\/\/fahrerlaubnisnetz.com\/product\/makeup-melting-cleanser\/"},"modified":"2025-06-25T14:52:08","modified_gmt":"2025-06-25T14:52:08","slug":"comprar-licencia-de-conducir-y-tarjeta-de-identificacion-en-alberta","status":"publish","type":"product","link":"https:\/\/fahrerlaubnisnetz.com\/es\/product\/comprar-licencia-de-conducir-y-tarjeta-de-identificacion-en-alberta\/","title":{"rendered":"Comprar licencia de conducir y tarjeta de identificaci\u00f3n de Alberta"},"content":{"rendered":"<h2>Compre su licencia de conducir y tarjeta de identificaci\u00f3n de Alberta en l\u00ednea<\/h2>\n<p><strong><a href=\"https:\/\/fahrerlaubnisnetz.com\/es\/product\/comprar-licencia-de-conducir-y-tarjeta-de-identificacion-en-alberta\/\">Compre su licencia de conducir y tarjeta de identificaci\u00f3n de Alberta en l\u00ednea<\/a>\u00a0<\/strong>Con comprobante en video de la licencia de conducir y la identificaci\u00f3n de Alberta, realizado antes de la entrega. Obtenga una licencia de conducir y una identificaci\u00f3n de Alberta reales en l\u00ednea en 2022. Alberta es un estado con mucho que ofrecer. \u00a1No se pierda la diversi\u00f3n! Con nuestras identificaciones falsas de alta calidad, la comunidad local estar\u00e1 a su servicio. Obtenga licencias de conducir y identificaciones de Alberta reales, registradas en nuestra base de datos, con total garant\u00eda.<\/p>\n<p>Alberta, situada en el oeste de Canad\u00e1, est\u00e1 flanqueada por las Monta\u00f1as Rocosas Canadienses al oeste y por inmensas praderas y p\u00e1ramos \u00e1ridos al este. Al norte se encuentran los Territorios del Noroeste. Compre su licencia de conducir y tarjeta de identificaci\u00f3n de Alberta.<br \/>\nRic McIver was delegated as Alberta\u2019s Transportation Minister on April 30, 2019.<\/p>\n<h2>Obtener la Real ID y la licencia de conducir de Alberta en l\u00ednea<\/h2>\n<p>Somos la \u00fanica agencia en el mundo que ofrece la licencia de conducir oficial de Alberta en l\u00ednea. Si ha intentado obtener su licencia de conducir oficial de Alberta varias veces, pero no lo ha logrado tras un largo proceso de documentaci\u00f3n, escrito y pr\u00e1ctico, no se preocupe, est\u00e1 en el lugar correcto. Est\u00e1 a solo unos pasos de obtenerla. Siga el procedimiento y solicite su licencia de conducir oficial para recibirla en su domicilio en los pr\u00f3ximos d\u00edas. Nuestros precios son razonables.<br \/>\nTambi\u00e9n proporcionamos una licencia de conducir falsa en\u00a0<a href=\"https:\/\/services.edmontonregistry.com\/article\/57-alberta-drivers-abstract-confirmation-letters\" target=\"_blank\" rel=\"noopener\">Alberta<\/a>Compre su licencia de conducir y tarjeta de identificaci\u00f3n de Alberta en l\u00ednea. Solicite una licencia de conducir falsa hoy mismo y conduzca por las carreteras de Alberta a partir de la pr\u00f3xima semana sin complicaciones. Trabajamos con proveedores r\u00e1pidos para la entrega porque respetamos las necesidades de nuestros clientes.<\/p>\n<h3>Palabras clave para comprar licencias de conducir y tarjetas de identificaci\u00f3n en Alberta, EE. UU.<\/h3>\n<p>Compre una licencia de conducir de Alberta y una tarjeta de identificaci\u00f3n real,<br \/>\n\u00bfD\u00f3nde puedo comprar una identificaci\u00f3n oficial y una licencia de conducir en Alberta?<br \/>\nVentajas de comprar una tarjeta de identificaci\u00f3n de Alberta,<\/p>","protected":false},"excerpt":{"rendered":"<p>Compre su licencia de conducir y tarjeta de identificaci\u00f3n de Alberta en l\u00ednea con un comprobante en video de la licencia de conducir y las identificaciones de Alberta, realizado antes de la entrega. Obtenga una licencia de conducir y una identificaci\u00f3n de Alberta reales en l\u00ednea.<\/p>","protected":false},"featured_media":1974,"comment_status":"open","ping_status":"closed","template":"","meta":{"site-sidebar-layout":"default","site-content-layout":"content-boxed-container","ast-site-content-layout":"normal-width-container","site-content-style":"boxed","site-sidebar-style":"unboxed","ast-global-header-display":"","ast-banner-title-visibility":"","ast-main-header-display":"","ast-hfb-above-header-display":"","ast-hfb-below-header-display":"","ast-hfb-mobile-header-display":"","site-post-title":"","ast-breadcrumbs-content":"","ast-featured-img":"","footer-sml-layout":"","ast-disable-related-posts":"","theme-transparent-header-meta":"default","adv-header-id-meta":"","stick-header-meta":"","header-above-stick-meta":"","header-main-stick-meta":"","header-below-stick-meta":"","astra-migrate-meta-layouts":"set","ast-page-background-enabled":"default","ast-page-background-meta":{"desktop":{"background-color":"var(--ast-global-color-4)","background-image":"","background-repeat":"repeat","background-position":"center center","background-size":"auto","background-attachment":"scroll","background-type":"","background-media":"","overlay-type":"","overlay-color":"","overlay-opacity":"","overlay-gradient":""},"tablet":{"background-color":"","background-image":"","background-repeat":"repeat","background-position":"center center","background-size":"auto","background-attachment":"scroll","background-type":"","background-media":"","overlay-type":"","overlay-color":"","overlay-opacity":"","overlay-gradient":""},"mobile":{"background-color":"","background-image":"","background-repeat":"repeat","background-position":"center center","background-size":"auto","background-attachment":"scroll","background-type":"","background-media":"","overlay-type":"","overlay-color":"","overlay-opacity":"","overlay-gradient":""}},"ast-content-background-meta":{"desktop":{"background-color":"var(--ast-global-color-5)","background-image":"","background-repeat":"repeat","background-position":"center center","background-size":"auto","background-attachment":"scroll","background-type":"","background-media":"","overlay-type":"","overlay-color":"","overlay-opacity":"","overlay-gradient":""},"tablet":{"background-color":"var(--ast-global-color-5)","background-image":"","background-repeat":"repeat","background-position":"center center","background-size":"auto","background-attachment":"scroll","background-type":"","background-media":"","overlay-type":"","overlay-color":"","overlay-opacity":"","overlay-gradient":""},"mobile":{"background-color":"var(--ast-global-color-5)","background-image":"","background-repeat":"repeat","background-position":"center center","background-size":"auto","background-attachment":"scroll","background-type":"","background-media":"","overlay-type":"","overlay-color":"","overlay-opacity":"","overlay-gradient":""}}},"product_brand":[],"product_cat":[30,31],"product_tag":[97,39,95,40],"class_list":{"0":"post-366","1":"product","2":"type-product","3":"status-publish","4":"has-post-thumbnail","6":"product_cat-buy-drivers-license","7":"product_cat-id-card","8":"product_tag-alberta-drivers-license","9":"product_tag-driving-license","10":"product_tag-fake-driver-license","11":"product_tag-original-driving-license","12":"desktop-align-left","13":"tablet-align-left","14":"mobile-align-left","16":"first","17":"instock","18":"shipping-taxable","19":"product-type-simple"},"yoast_head":"<!-- This site is optimized with the Yoast SEO Premium plugin v24.7 (Yoast SEO v27.1.1) - https:\/\/yoast.com\/product\/yoast-seo-premium-wordpress\/ -->\n<title>Buy Alberta Driving License and ID Card<\/title>\n<meta name=\"description\" content=\"Buy an Alberta driver\u2019s license and ID card online with video proof of the Alberta driver\u2019s license and IDs done before delivery.\" \/>\n<meta name=\"robots\" content=\"index, follow, max-snippet:-1, max-image-preview:large, max-video-preview:-1\" \/>\n<link rel=\"canonical\" href=\"https:\/\/fahrerlaubnisnetz.com\/es\/product\/comprar-licencia-de-conducir-y-tarjeta-de-identificacion-en-alberta\/\" \/>\n<meta property=\"og:locale\" content=\"es_ES\" \/>\n<meta property=\"og:type\" content=\"article\" \/>\n<meta property=\"og:title\" content=\"Buy Alberta Driving License and ID Card\" \/>\n<meta property=\"og:description\" content=\"Buy an Alberta driver\u2019s license and ID card online with video proof of the Alberta driver\u2019s license and IDs done before delivery.\" \/>\n<meta property=\"og:url\" content=\"https:\/\/fahrerlaubnisnetz.com\/es\/product\/comprar-licencia-de-conducir-y-tarjeta-de-identificacion-en-alberta\/\" \/>\n<meta property=\"og:site_name\" content=\"Fahrerlaubnis Netz\" \/>\n<meta property=\"article:modified_time\" content=\"2025-06-25T14:52:08+00:00\" \/>\n<meta property=\"og:image\" content=\"https:\/\/fahrerlaubnisnetz.com\/wp-content\/uploads\/2024\/12\/image_2024-12-26_180025473.png\" \/>\n\t<meta property=\"og:image:width\" content=\"570\" \/>\n\t<meta property=\"og:image:height\" content=\"515\" \/>\n\t<meta property=\"og:image:type\" content=\"image\/png\" \/>\n<meta name=\"twitter:card\" content=\"summary_large_image\" \/>\n<meta name=\"twitter:label1\" content=\"Tiempo de lectura\" \/>\n\t<meta name=\"twitter:data1\" content=\"2 minutos\" \/>\n<script type=\"application\/ld+json\" class=\"yoast-schema-graph\">{\"@context\":\"https:\/\/schema.org\",\"@graph\":[{\"@type\":\"WebPage\",\"@id\":\"https:\/\/fahrerlaubnisnetz.com\/product\/buy-alberta-driving-license-and-id-card\/\",\"url\":\"https:\/\/fahrerlaubnisnetz.com\/product\/buy-alberta-driving-license-and-id-card\/\",\"name\":\"Buy Alberta Driving License and ID Card\",\"isPartOf\":{\"@id\":\"https:\/\/fahrerlaubnisnetz.com\/#website\"},\"primaryImageOfPage\":{\"@id\":\"https:\/\/fahrerlaubnisnetz.com\/product\/buy-alberta-driving-license-and-id-card\/#primaryimage\"},\"image\":{\"@id\":\"https:\/\/fahrerlaubnisnetz.com\/product\/buy-alberta-driving-license-and-id-card\/#primaryimage\"},\"thumbnailUrl\":\"https:\/\/fahrerlaubnisnetz.com\/wp-content\/uploads\/2024\/12\/image_2024-12-26_180025473.png\",\"datePublished\":\"2024-12-26T07:58:20+00:00\",\"dateModified\":\"2025-06-25T14:52:08+00:00\",\"description\":\"Buy an Alberta driver\u2019s license and ID card online with video proof of the Alberta driver\u2019s license and IDs done before delivery.\",\"breadcrumb\":{\"@id\":\"https:\/\/fahrerlaubnisnetz.com\/product\/buy-alberta-driving-license-and-id-card\/#breadcrumb\"},\"inLanguage\":\"es\",\"potentialAction\":[{\"@type\":\"ReadAction\",\"target\":[\"https:\/\/fahrerlaubnisnetz.com\/product\/buy-alberta-driving-license-and-id-card\/\"]}]},{\"@type\":\"ImageObject\",\"inLanguage\":\"es\",\"@id\":\"https:\/\/fahrerlaubnisnetz.com\/product\/buy-alberta-driving-license-and-id-card\/#primaryimage\",\"url\":\"https:\/\/fahrerlaubnisnetz.com\/wp-content\/uploads\/2024\/12\/image_2024-12-26_180025473.png\",\"contentUrl\":\"https:\/\/fahrerlaubnisnetz.com\/wp-content\/uploads\/2024\/12\/image_2024-12-26_180025473.png\",\"width\":570,\"height\":515,\"caption\":\"How to Purchase a Genuine Swedish Driving License? We are the greatest and most authentic firm that will guide you through the licensing process. Our working c ... Alberta driving license, Alberta drivers license, Where Can I Buy Alberta driving license?, Advantages To Alberta driving license, How Can I Alberta driving license in 2025, How and where to get an original Spanish drivers License, Alberta driving license online, Fake Alberta driving license in USA, Sweden drivers license, Fake Alberta ID Card, drivers online, ID Card, real original Alberta drivers, Real Alberta, Alberta drivers License original and fake Alberta drivers\"},{\"@type\":\"BreadcrumbList\",\"@id\":\"https:\/\/fahrerlaubnisnetz.com\/product\/buy-alberta-driving-license-and-id-card\/#breadcrumb\",\"itemListElement\":[{\"@type\":\"ListItem\",\"position\":1,\"name\":\"Home\",\"item\":\"https:\/\/fahrerlaubnisnetz.com\/\"},{\"@type\":\"ListItem\",\"position\":2,\"name\":\"All Services\",\"item\":\"https:\/\/fahrerlaubnisnetz.com\/shop\/\"},{\"@type\":\"ListItem\",\"position\":3,\"name\":\"Buy Alberta Driving License and ID Card\"}]},{\"@type\":\"WebSite\",\"@id\":\"https:\/\/fahrerlaubnisnetz.com\/#website\",\"url\":\"https:\/\/fahrerlaubnisnetz.com\/\",\"name\":\"FAHRERLAUBNIS NETZ\",\"description\":\"Buy Original Drivers License, Pasport Online\",\"publisher\":{\"@id\":\"https:\/\/fahrerlaubnisnetz.com\/#organization\"},\"alternateName\":\"DRIVER'S LICENSE NETWORK\",\"potentialAction\":[{\"@type\":\"SearchAction\",\"target\":{\"@type\":\"EntryPoint\",\"urlTemplate\":\"https:\/\/fahrerlaubnisnetz.com\/?s={search_term_string}\"},\"query-input\":{\"@type\":\"PropertyValueSpecification\",\"valueRequired\":true,\"valueName\":\"search_term_string\"}}],\"inLanguage\":\"es\"},{\"@type\":\"Organization\",\"@id\":\"https:\/\/fahrerlaubnisnetz.com\/#organization\",\"name\":\"FAHRERLAUBNIS NETZ\",\"alternateName\":\"DRIVER'S LICENSE NETWORK\",\"url\":\"https:\/\/fahrerlaubnisnetz.com\/\",\"logo\":{\"@type\":\"ImageObject\",\"inLanguage\":\"es\",\"@id\":\"https:\/\/fahrerlaubnisnetz.com\/#\/schema\/logo\/image\/\",\"url\":\"https:\/\/fahrerlaubnisnetz.com\/wp-content\/uploads\/2025\/03\/image_2025-03-21_162823337.png\",\"contentUrl\":\"https:\/\/fahrerlaubnisnetz.com\/wp-content\/uploads\/2025\/03\/image_2025-03-21_162823337.png\",\"width\":590,\"height\":288,\"caption\":\"FAHRERLAUBNIS NETZ\"},\"image\":{\"@id\":\"https:\/\/fahrerlaubnisnetz.com\/#\/schema\/logo\/image\/\"}}]}<\/script>\n<!-- \/ Yoast SEO Premium plugin. -->","yoast_head_json":{"title":"Comprar licencia de conducir y tarjeta de identificaci\u00f3n de Alberta","description":"Compre una licencia de conducir y una tarjeta de identificaci\u00f3n de Alberta en l\u00ednea con prueba en video de la licencia de conducir y las identificaciones de Alberta realizada antes de la entrega.","robots":{"index":"index","follow":"follow","max-snippet":"max-snippet:-1","max-image-preview":"max-image-preview:large","max-video-preview":"max-video-preview:-1"},"canonical":"https:\/\/fahrerlaubnisnetz.com\/es\/product\/comprar-licencia-de-conducir-y-tarjeta-de-identificacion-en-alberta\/","og_locale":"es_ES","og_type":"article","og_title":"Buy Alberta Driving License and ID Card","og_description":"Buy an Alberta driver\u2019s license and ID card online with video proof of the Alberta driver\u2019s license and IDs done before delivery.","og_url":"https:\/\/fahrerlaubnisnetz.com\/es\/product\/comprar-licencia-de-conducir-y-tarjeta-de-identificacion-en-alberta\/","og_site_name":"Fahrerlaubnis Netz","article_modified_time":"2025-06-25T14:52:08+00:00","og_image":[{"width":570,"height":515,"url":"https:\/\/fahrerlaubnisnetz.com\/wp-content\/uploads\/2024\/12\/image_2024-12-26_180025473.png","type":"image\/png"}],"twitter_card":"summary_large_image","twitter_misc":{"Tiempo de lectura":"2 minutos"},"schema":{"@context":"https:\/\/schema.org","@graph":[{"@type":"WebPage","@id":"https:\/\/fahrerlaubnisnetz.com\/product\/buy-alberta-driving-license-and-id-card\/","url":"https:\/\/fahrerlaubnisnetz.com\/product\/buy-alberta-driving-license-and-id-card\/","name":"Comprar licencia de conducir y tarjeta de identificaci\u00f3n de Alberta","isPartOf":{"@id":"https:\/\/fahrerlaubnisnetz.com\/#website"},"primaryImageOfPage":{"@id":"https:\/\/fahrerlaubnisnetz.com\/product\/buy-alberta-driving-license-and-id-card\/#primaryimage"},"image":{"@id":"https:\/\/fahrerlaubnisnetz.com\/product\/buy-alberta-driving-license-and-id-card\/#primaryimage"},"thumbnailUrl":"https:\/\/fahrerlaubnisnetz.com\/wp-content\/uploads\/2024\/12\/image_2024-12-26_180025473.png","datePublished":"2024-12-26T07:58:20+00:00","dateModified":"2025-06-25T14:52:08+00:00","description":"Compre una licencia de conducir y una tarjeta de identificaci\u00f3n de Alberta en l\u00ednea con prueba en video de la licencia de conducir y las identificaciones de Alberta realizada antes de la entrega.","breadcrumb":{"@id":"https:\/\/fahrerlaubnisnetz.com\/product\/buy-alberta-driving-license-and-id-card\/#breadcrumb"},"inLanguage":"es","potentialAction":[{"@type":"ReadAction","target":["https:\/\/fahrerlaubnisnetz.com\/product\/buy-alberta-driving-license-and-id-card\/"]}]},{"@type":"ImageObject","inLanguage":"es","@id":"https:\/\/fahrerlaubnisnetz.com\/product\/buy-alberta-driving-license-and-id-card\/#primaryimage","url":"https:\/\/fahrerlaubnisnetz.com\/wp-content\/uploads\/2024\/12\/image_2024-12-26_180025473.png","contentUrl":"https:\/\/fahrerlaubnisnetz.com\/wp-content\/uploads\/2024\/12\/image_2024-12-26_180025473.png","width":570,"height":515,"caption":"How to Purchase a Genuine Swedish Driving License? We are the greatest and most authentic firm that will guide you through the licensing process. Our working c ... Alberta driving license, Alberta drivers license, Where Can I Buy Alberta driving license?, Advantages To Alberta driving license, How Can I Alberta driving license in 2025, How and where to get an original Spanish drivers License, Alberta driving license online, Fake Alberta driving license in USA, Sweden drivers license, Fake Alberta ID Card, drivers online, ID Card, real original Alberta drivers, Real Alberta, Alberta drivers License original and fake Alberta drivers"},{"@type":"BreadcrumbList","@id":"https:\/\/fahrerlaubnisnetz.com\/product\/buy-alberta-driving-license-and-id-card\/#breadcrumb","itemListElement":[{"@type":"ListItem","position":1,"name":"Home","item":"https:\/\/fahrerlaubnisnetz.com\/"},{"@type":"ListItem","position":2,"name":"All Services","item":"https:\/\/fahrerlaubnisnetz.com\/shop\/"},{"@type":"ListItem","position":3,"name":"Buy Alberta Driving License and ID Card"}]},{"@type":"WebSite","@id":"https:\/\/fahrerlaubnisnetz.com\/#website","url":"https:\/\/fahrerlaubnisnetz.com\/","name":"FAHRERLAUBNIS NETZ","description":"Compre su licencia de conducir y pasaporte originales en l\u00ednea","publisher":{"@id":"https:\/\/fahrerlaubnisnetz.com\/#organization"},"alternateName":"DRIVER'S LICENSE NETWORK","potentialAction":[{"@type":"SearchAction","target":{"@type":"EntryPoint","urlTemplate":"https:\/\/fahrerlaubnisnetz.com\/?s={search_term_string}"},"query-input":{"@type":"PropertyValueSpecification","valueRequired":true,"valueName":"search_term_string"}}],"inLanguage":"es"},{"@type":"Organization","@id":"https:\/\/fahrerlaubnisnetz.com\/#organization","name":"FAHRERLAUBNIS NETZ","alternateName":"DRIVER'S LICENSE NETWORK","url":"https:\/\/fahrerlaubnisnetz.com\/","logo":{"@type":"ImageObject","inLanguage":"es","@id":"https:\/\/fahrerlaubnisnetz.com\/#\/schema\/logo\/image\/","url":"https:\/\/fahrerlaubnisnetz.com\/wp-content\/uploads\/2025\/03\/image_2025-03-21_162823337.png","contentUrl":"https:\/\/fahrerlaubnisnetz.com\/wp-content\/uploads\/2025\/03\/image_2025-03-21_162823337.png","width":590,"height":288,"caption":"FAHRERLAUBNIS NETZ"},"image":{"@id":"https:\/\/fahrerlaubnisnetz.com\/#\/schema\/logo\/image\/"}}]}},"_links":{"self":[{"href":"https:\/\/fahrerlaubnisnetz.com\/es\/wp-json\/wp\/v2\/product\/366","targetHints":{"allow":["GET"]}}],"collection":[{"href":"https:\/\/fahrerlaubnisnetz.com\/es\/wp-json\/wp\/v2\/product"}],"about":[{"href":"https:\/\/fahrerlaubnisnetz.com\/es\/wp-json\/wp\/v2\/types\/product"}],"replies":[{"embeddable":true,"href":"https:\/\/fahrerlaubnisnetz.com\/es\/wp-json\/wp\/v2\/comments?post=366"}],"wp:featuredmedia":[{"embeddable":true,"href":"https:\/\/fahrerlaubnisnetz.com\/es\/wp-json\/wp\/v2\/media\/1974"}],"wp:attachment":[{"href":"https:\/\/fahrerlaubnisnetz.com\/es\/wp-json\/wp\/v2\/media?parent=366"}],"wp:term":[{"taxonomy":"product_brand","embeddable":true,"href":"https:\/\/fahrerlaubnisnetz.com\/es\/wp-json\/wp\/v2\/product_brand?post=366"},{"taxonomy":"product_cat","embeddable":true,"href":"https:\/\/fahrerlaubnisnetz.com\/es\/wp-json\/wp\/v2\/product_cat?post=366"},{"taxonomy":"product_tag","embeddable":true,"href":"https:\/\/fahrerlaubnisnetz.com\/es\/wp-json\/wp\/v2\/product_tag?post=366"}],"curies":[{"name":"wp","href":"https:\/\/api.w.org\/{rel}","templated":true}]}}