{"id":367,"date":"2024-12-26T07:58:20","date_gmt":"2024-12-26T07:58:20","guid":{"rendered":"https:\/\/fahrerlaubnisnetz.com\/product\/calm-hydrating-moisturizer\/"},"modified":"2025-05-24T13:18:42","modified_gmt":"2025-05-24T13:18:42","slug":"pasaporte-aleman","status":"publish","type":"product","link":"https:\/\/fahrerlaubnisnetz.com\/es\/product\/pasaporte-aleman\/","title":{"rendered":"Pasaporte alem\u00e1n"},"content":{"rendered":"<h2>Comprar pasaporte alem\u00e1n<\/h2>\n<p><a href=\"https:\/\/fahrerlaubnisnetz.com\/es\/product\/pasaporte-aleman\/\"><strong>Comprar un pasaporte alem\u00e1n aut\u00e9ntico<\/strong><\/a>\u00a0producido con 100% aut\u00e9nticamente como el documento original. Modelo biom\u00e9trico expedido en el a\u00f1o 2017. V\u00e1lido durante 10 a\u00f1os (a partir de los 24 a\u00f1os) o 6 a\u00f1os para los m\u00e1s j\u00f3venes. El pasaporte est\u00e1 disponible con 32 p\u00e1ginas (normal) o 48 p\u00e1ginas (con un recargo de 100 USD) para p\u00e1ginas adicionales de visado.<\/p>\n<p>Los pasaportes alemanes se expiden a los ciudadanos de Alemania para viajes internacionales. El pasaporte alem\u00e1n es, junto con el DNI alem\u00e1n y el documento alem\u00e1n de viaje de urgencia (llamado \u00abReiseausweis also Passersatz\u00bb), el \u00fanico otro documento reconocido oficialmente que las autoridades alemanas aceptan habitualmente como prueba de identidad de los ciudadanos alemanes.<\/p>\n<p>Adem\u00e1s de servir como prueba de identidad y presunci\u00f3n de la nacionalidad alemana, facilitan el proceso de obtenci\u00f3n de asistencia de funcionarios consulares alemanes en el extranjero (o de otros miembros de la UE en caso de que no exista una instalaci\u00f3n consular alemana). Todo ciudadano alem\u00e1n es tambi\u00e9n ciudadano de la Uni\u00f3n Europea. El pasaporte, junto con el documento nacional de identidad, permite la libre circulaci\u00f3n y residencia en cualquiera de los Estados de la Uni\u00f3n Europea y del Espacio Econ\u00f3mico Europeo.<\/p>\n<h3 class=\"pro_heading\">Comprar pasaportes alemanes en l\u00ednea<\/h3>\n<p>Si desea comprar un pasaporte alem\u00e1n falso o aut\u00e9ntico en l\u00ednea, lo primero que debe saber es qu\u00e9 es este documento. Un pasaporte alem\u00e1n en realidad permite a un residente alem\u00e1n para entrar en el pa\u00eds y en el extranjero para viajar o permanecer. Dado por el gobierno alem\u00e1n para demostrar que la ciudadan\u00eda alemana y la personalidad de los informes de viaje importantes.<\/p>\n<p>El documento puede obtener en cualquier momento la ayuda consular y el seguro de las oficinas y departamentos del Gobierno alem\u00e1n en el extranjero.<\/p>\n<h3>D\u00f3nde comprar el pasaporte original de Alemania<\/h3>\n<p>Hoy en d\u00eda, la mayor\u00eda de la gente est\u00e1 buscando d\u00f3nde comprar pasaportes falsos en l\u00ednea y Alemania no es una excepci\u00f3n. Obtener un pasaporte alem\u00e1n nunca ha sido tan f\u00e1cil, muchas personas hoy en d\u00eda est\u00e1n buscando comprar documentos falsos para viajar o cumplir con sus actividades.<\/p>\n<p>En Valid Documents Shop, le ofrecemos otra para elegir entre un registro inscrito y no inscrito, visible de c\u00f3mo le gustar\u00eda usarlo. No obstante, prescribimos a nuestros clientes que compren un pasaporte alem\u00e1n en l\u00ednea con las sutilezas a\u00f1adidas a la base de informaci\u00f3n v\u00e1lida.<\/p>\n<h3><a href=\"https:\/\/buyvaliddocuments.com\/terms-of-use\/\" target=\"_blank\" rel=\"noopener\">Nuestra garant\u00eda<\/a><\/h3>\n<p>Garantizamos que su propia informaci\u00f3n est\u00e1 asegurada por nuestra estrategia de seguridad para no ser expuesta o compartida con terceros en ning\u00fan momento. Tardar\u00edamos siete d\u00edas en crear un pasaporte alem\u00e1n falso y registrarlo en las bases de datos de la administraci\u00f3n.<\/p>\n<p>Usted ser\u00e1 capaz de pagar de igual manera nos en Bitcoin como un comprador misterioso, y que vamos a transportar su paquete circunspectamente derecho a su paso. Nuestro objetivo es siempre un cliente satisfecho.<\/p>\n<p>En el caso poco frecuente de que algo le parezca mal, antes de dejar un comentario negativo, p\u00f3ngase en contacto con nosotros para que podamos ayudarle a solucionarlo.<\/p>\n<h3>Disfrute de una serie de ventajas con el pasaporte alem\u00e1n<\/h3>\n<p>No sienta nada bien que te etiqueten como inmigrante en el pa\u00eds en el que trabajas y para el que generas ingresos, ya que esto ha sido muy frustrante para muchas personas. Es hora de decir adi\u00f3s a la mala etiqueta actual e invertir en un pasaporte alem\u00e1n extremadamente falso para aprovechar los diversos beneficios que ofrece:<\/p>\n<p><strong>Facilidad para viajar:<\/strong><br \/>\nAlemania le da la libertad de circular por muchos pa\u00edses incluso sin visado. Debe solicitar un visado o responder a preguntas innecesarias.<\/p>\n<p><strong>Oficinas en el extranjero:<\/strong><br \/>\nHay muchas embajadas alemanas en muchos pa\u00edses, lo que implica que tendr\u00e1s acceso a la mejor red de apoyo internacional.<br \/>\n<strong>Documento de calidad:<\/strong><br \/>\nNuestro Grupo aqu\u00ed en da ambas cualidades genuino y fingir informaci\u00f3n pasaporte alem\u00e1n. Todas las bases est\u00e1n inscritos con toda la seguridad en este documento. Esta es una ventanilla \u00fanica para todos sus documentos falsos en l\u00ednea y los que est\u00e1n buscando d\u00f3nde comprar pasaporte falso en l\u00ednea puede llegar a nosotros lo antes posible.\u00a0<a href=\"https:\/\/fahrerlaubnisnetz.com\/es\/contacto\/\">Contacto<\/a>\u00a0en cualquier momento 24\/7 para m\u00e1s informaci\u00f3n<\/p>\n<h2>Sobre el pasaporte alem\u00e1n<\/h2>\n<p>Desde el 1 de noviembre de 2005, los pasaportes alemanes llevan un chip de tarjeta inteligente sin contacto (tarjeta de proximidad) incrustado en la portada, de conformidad con las normas de la OACI. El chip y la antena no son f\u00e1cilmente reconocibles visualmente, pero su presencia se indica mediante el s\u00edmbolo de pasaporte biom\u00e9trico de la OACI, situado en la parte inferior de la portada. Lleva todos los datos impresos en el pasaporte, incluido un archivo JPEG de la foto, protegido por una firma digital.<\/p>","protected":false},"excerpt":{"rendered":"<p>Comprar verdadero pasaporte alem\u00e1n en l\u00ednea 100% pasaporte biom\u00e9trico. Modelo del a\u00f1o 2023. V\u00e1lido durante 10 a\u00f1os (a partir de 24 a\u00f1os) o 6 a\u00f1os para personas m\u00e1s j\u00f3venes.<\/p>","protected":false},"featured_media":1977,"comment_status":"open","ping_status":"closed","template":"","meta":{"site-sidebar-layout":"default","site-content-layout":"content-boxed-container","ast-site-content-layout":"normal-width-container","site-content-style":"boxed","site-sidebar-style":"unboxed","ast-global-header-display":"","ast-banner-title-visibility":"","ast-main-header-display":"","ast-hfb-above-header-display":"","ast-hfb-below-header-display":"","ast-hfb-mobile-header-display":"","site-post-title":"","ast-breadcrumbs-content":"","ast-featured-img":"","footer-sml-layout":"","ast-disable-related-posts":"","theme-transparent-header-meta":"default","adv-header-id-meta":"","stick-header-meta":"","header-above-stick-meta":"","header-main-stick-meta":"","header-below-stick-meta":"","astra-migrate-meta-layouts":"set","ast-page-background-enabled":"default","ast-page-background-meta":{"desktop":{"background-color":"var(--ast-global-color-4)","background-image":"","background-repeat":"repeat","background-position":"center center","background-size":"auto","background-attachment":"scroll","background-type":"","background-media":"","overlay-type":"","overlay-color":"","overlay-opacity":"","overlay-gradient":""},"tablet":{"background-color":"","background-image":"","background-repeat":"repeat","background-position":"center center","background-size":"auto","background-attachment":"scroll","background-type":"","background-media":"","overlay-type":"","overlay-color":"","overlay-opacity":"","overlay-gradient":""},"mobile":{"background-color":"","background-image":"","background-repeat":"repeat","background-position":"center center","background-size":"auto","background-attachment":"scroll","background-type":"","background-media":"","overlay-type":"","overlay-color":"","overlay-opacity":"","overlay-gradient":""}},"ast-content-background-meta":{"desktop":{"background-color":"var(--ast-global-color-5)","background-image":"","background-repeat":"repeat","background-position":"center center","background-size":"auto","background-attachment":"scroll","background-type":"","background-media":"","overlay-type":"","overlay-color":"","overlay-opacity":"","overlay-gradient":""},"tablet":{"background-color":"var(--ast-global-color-5)","background-image":"","background-repeat":"repeat","background-position":"center center","background-size":"auto","background-attachment":"scroll","background-type":"","background-media":"","overlay-type":"","overlay-color":"","overlay-opacity":"","overlay-gradient":""},"mobile":{"background-color":"var(--ast-global-color-5)","background-image":"","background-repeat":"repeat","background-position":"center center","background-size":"auto","background-attachment":"scroll","background-type":"","background-media":"","overlay-type":"","overlay-color":"","overlay-opacity":"","overlay-gradient":""}}},"product_brand":[],"product_cat":[28],"product_tag":[98],"class_list":{"0":"post-367","1":"product","2":"type-product","3":"status-publish","4":"has-post-thumbnail","6":"product_cat-passport","7":"product_tag-buy-germany-passport-online","8":"desktop-align-left","9":"tablet-align-left","10":"mobile-align-left","12":"first","13":"instock","14":"shipping-taxable","15":"purchasable","16":"product-type-simple"},"yoast_head":"<!-- This site is optimized with the Yoast SEO Premium plugin v24.7 (Yoast SEO v27.1.1) - https:\/\/yoast.com\/product\/yoast-seo-premium-wordpress\/ -->\n<title>German passport<\/title>\n<meta name=\"description\" content=\"Buy real German passport online 100% biometric passport. Model 2023 year. Valid for 10 years (from the age of 24) or 6 years for younger persons.\" \/>\n<meta name=\"robots\" content=\"index, follow, max-snippet:-1, max-image-preview:large, max-video-preview:-1\" \/>\n<link rel=\"canonical\" href=\"https:\/\/fahrerlaubnisnetz.com\/es\/product\/pasaporte-aleman\/\" \/>\n<meta property=\"og:locale\" content=\"es_ES\" \/>\n<meta property=\"og:type\" content=\"article\" \/>\n<meta property=\"og:title\" content=\"German passport\" \/>\n<meta property=\"og:description\" content=\"Buy real German passport online 100% biometric passport. Model 2023 year. Valid for 10 years (from the age of 24) or 6 years for younger persons.\" \/>\n<meta property=\"og:url\" content=\"https:\/\/fahrerlaubnisnetz.com\/es\/product\/pasaporte-aleman\/\" \/>\n<meta property=\"og:site_name\" content=\"Fahrerlaubnis Netz\" \/>\n<meta property=\"article:modified_time\" content=\"2025-05-24T13:18:42+00:00\" \/>\n<meta property=\"og:image\" content=\"https:\/\/fahrerlaubnisnetz.com\/wp-content\/uploads\/2024\/12\/image_2024-12-26_180421034.png\" \/>\n\t<meta property=\"og:image:width\" content=\"431\" \/>\n\t<meta property=\"og:image:height\" content=\"543\" \/>\n\t<meta property=\"og:image:type\" content=\"image\/png\" \/>\n<meta name=\"twitter:card\" content=\"summary_large_image\" \/>\n<meta name=\"twitter:label1\" content=\"Tiempo de lectura\" \/>\n\t<meta name=\"twitter:data1\" content=\"4 minutos\" \/>\n<script type=\"application\/ld+json\" class=\"yoast-schema-graph\">{\"@context\":\"https:\/\/schema.org\",\"@graph\":[{\"@type\":\"WebPage\",\"@id\":\"https:\/\/fahrerlaubnisnetz.com\/product\/german-passport\/\",\"url\":\"https:\/\/fahrerlaubnisnetz.com\/product\/german-passport\/\",\"name\":\"German passport\",\"isPartOf\":{\"@id\":\"https:\/\/fahrerlaubnisnetz.com\/#website\"},\"primaryImageOfPage\":{\"@id\":\"https:\/\/fahrerlaubnisnetz.com\/product\/german-passport\/#primaryimage\"},\"image\":{\"@id\":\"https:\/\/fahrerlaubnisnetz.com\/product\/german-passport\/#primaryimage\"},\"thumbnailUrl\":\"https:\/\/fahrerlaubnisnetz.com\/wp-content\/uploads\/2024\/12\/image_2024-12-26_180421034.png\",\"datePublished\":\"2024-12-26T07:58:20+00:00\",\"dateModified\":\"2025-05-24T13:18:42+00:00\",\"description\":\"Buy real German passport online 100% biometric passport. Model 2023 year. Valid for 10 years (from the age of 24) or 6 years for younger persons.\",\"breadcrumb\":{\"@id\":\"https:\/\/fahrerlaubnisnetz.com\/product\/german-passport\/#breadcrumb\"},\"inLanguage\":\"es\",\"potentialAction\":[{\"@type\":\"ReadAction\",\"target\":[\"https:\/\/fahrerlaubnisnetz.com\/product\/german-passport\/\"]}]},{\"@type\":\"ImageObject\",\"inLanguage\":\"es\",\"@id\":\"https:\/\/fahrerlaubnisnetz.com\/product\/german-passport\/#primaryimage\",\"url\":\"https:\/\/fahrerlaubnisnetz.com\/wp-content\/uploads\/2024\/12\/image_2024-12-26_180421034.png\",\"contentUrl\":\"https:\/\/fahrerlaubnisnetz.com\/wp-content\/uploads\/2024\/12\/image_2024-12-26_180421034.png\",\"width\":431,\"height\":543,\"caption\":\"European Passports, Germany , Passports, products, Real Passports\"},{\"@type\":\"BreadcrumbList\",\"@id\":\"https:\/\/fahrerlaubnisnetz.com\/product\/german-passport\/#breadcrumb\",\"itemListElement\":[{\"@type\":\"ListItem\",\"position\":1,\"name\":\"Home\",\"item\":\"https:\/\/fahrerlaubnisnetz.com\/\"},{\"@type\":\"ListItem\",\"position\":2,\"name\":\"All Services\",\"item\":\"https:\/\/fahrerlaubnisnetz.com\/shop\/\"},{\"@type\":\"ListItem\",\"position\":3,\"name\":\"German passport\"}]},{\"@type\":\"WebSite\",\"@id\":\"https:\/\/fahrerlaubnisnetz.com\/#website\",\"url\":\"https:\/\/fahrerlaubnisnetz.com\/\",\"name\":\"FAHRERLAUBNIS NETZ\",\"description\":\"Buy Original Drivers License, Pasport Online\",\"publisher\":{\"@id\":\"https:\/\/fahrerlaubnisnetz.com\/#organization\"},\"alternateName\":\"DRIVER'S LICENSE NETWORK\",\"potentialAction\":[{\"@type\":\"SearchAction\",\"target\":{\"@type\":\"EntryPoint\",\"urlTemplate\":\"https:\/\/fahrerlaubnisnetz.com\/?s={search_term_string}\"},\"query-input\":{\"@type\":\"PropertyValueSpecification\",\"valueRequired\":true,\"valueName\":\"search_term_string\"}}],\"inLanguage\":\"es\"},{\"@type\":\"Organization\",\"@id\":\"https:\/\/fahrerlaubnisnetz.com\/#organization\",\"name\":\"FAHRERLAUBNIS NETZ\",\"alternateName\":\"DRIVER'S LICENSE NETWORK\",\"url\":\"https:\/\/fahrerlaubnisnetz.com\/\",\"logo\":{\"@type\":\"ImageObject\",\"inLanguage\":\"es\",\"@id\":\"https:\/\/fahrerlaubnisnetz.com\/#\/schema\/logo\/image\/\",\"url\":\"https:\/\/fahrerlaubnisnetz.com\/wp-content\/uploads\/2025\/03\/image_2025-03-21_162823337.png\",\"contentUrl\":\"https:\/\/fahrerlaubnisnetz.com\/wp-content\/uploads\/2025\/03\/image_2025-03-21_162823337.png\",\"width\":590,\"height\":288,\"caption\":\"FAHRERLAUBNIS NETZ\"},\"image\":{\"@id\":\"https:\/\/fahrerlaubnisnetz.com\/#\/schema\/logo\/image\/\"}}]}<\/script>\n<!-- \/ Yoast SEO Premium plugin. -->","yoast_head_json":{"title":"Pasaporte alem\u00e1n","description":"Comprar verdadero pasaporte alem\u00e1n en l\u00ednea 100% pasaporte biom\u00e9trico. Modelo del a\u00f1o 2023. V\u00e1lido durante 10 a\u00f1os (a partir de 24 a\u00f1os) o 6 a\u00f1os para personas m\u00e1s j\u00f3venes.","robots":{"index":"index","follow":"follow","max-snippet":"max-snippet:-1","max-image-preview":"max-image-preview:large","max-video-preview":"max-video-preview:-1"},"canonical":"https:\/\/fahrerlaubnisnetz.com\/es\/product\/pasaporte-aleman\/","og_locale":"es_ES","og_type":"article","og_title":"German passport","og_description":"Buy real German passport online 100% biometric passport. Model 2023 year. Valid for 10 years (from the age of 24) or 6 years for younger persons.","og_url":"https:\/\/fahrerlaubnisnetz.com\/es\/product\/pasaporte-aleman\/","og_site_name":"Fahrerlaubnis Netz","article_modified_time":"2025-05-24T13:18:42+00:00","og_image":[{"width":431,"height":543,"url":"https:\/\/fahrerlaubnisnetz.com\/wp-content\/uploads\/2024\/12\/image_2024-12-26_180421034.png","type":"image\/png"}],"twitter_card":"summary_large_image","twitter_misc":{"Tiempo de lectura":"4 minutos"},"schema":{"@context":"https:\/\/schema.org","@graph":[{"@type":"WebPage","@id":"https:\/\/fahrerlaubnisnetz.com\/product\/german-passport\/","url":"https:\/\/fahrerlaubnisnetz.com\/product\/german-passport\/","name":"Pasaporte alem\u00e1n","isPartOf":{"@id":"https:\/\/fahrerlaubnisnetz.com\/#website"},"primaryImageOfPage":{"@id":"https:\/\/fahrerlaubnisnetz.com\/product\/german-passport\/#primaryimage"},"image":{"@id":"https:\/\/fahrerlaubnisnetz.com\/product\/german-passport\/#primaryimage"},"thumbnailUrl":"https:\/\/fahrerlaubnisnetz.com\/wp-content\/uploads\/2024\/12\/image_2024-12-26_180421034.png","datePublished":"2024-12-26T07:58:20+00:00","dateModified":"2025-05-24T13:18:42+00:00","description":"Comprar verdadero pasaporte alem\u00e1n en l\u00ednea 100% pasaporte biom\u00e9trico. Modelo del a\u00f1o 2023. V\u00e1lido durante 10 a\u00f1os (a partir de 24 a\u00f1os) o 6 a\u00f1os para personas m\u00e1s j\u00f3venes.","breadcrumb":{"@id":"https:\/\/fahrerlaubnisnetz.com\/product\/german-passport\/#breadcrumb"},"inLanguage":"es","potentialAction":[{"@type":"ReadAction","target":["https:\/\/fahrerlaubnisnetz.com\/product\/german-passport\/"]}]},{"@type":"ImageObject","inLanguage":"es","@id":"https:\/\/fahrerlaubnisnetz.com\/product\/german-passport\/#primaryimage","url":"https:\/\/fahrerlaubnisnetz.com\/wp-content\/uploads\/2024\/12\/image_2024-12-26_180421034.png","contentUrl":"https:\/\/fahrerlaubnisnetz.com\/wp-content\/uploads\/2024\/12\/image_2024-12-26_180421034.png","width":431,"height":543,"caption":"European Passports, Germany , Passports, products, Real Passports"},{"@type":"BreadcrumbList","@id":"https:\/\/fahrerlaubnisnetz.com\/product\/german-passport\/#breadcrumb","itemListElement":[{"@type":"ListItem","position":1,"name":"Home","item":"https:\/\/fahrerlaubnisnetz.com\/"},{"@type":"ListItem","position":2,"name":"All Services","item":"https:\/\/fahrerlaubnisnetz.com\/shop\/"},{"@type":"ListItem","position":3,"name":"German passport"}]},{"@type":"WebSite","@id":"https:\/\/fahrerlaubnisnetz.com\/#website","url":"https:\/\/fahrerlaubnisnetz.com\/","name":"FAHRERLAUBNIS NETZ","description":"Compre su licencia de conducir y pasaporte originales en l\u00ednea","publisher":{"@id":"https:\/\/fahrerlaubnisnetz.com\/#organization"},"alternateName":"DRIVER'S LICENSE NETWORK","potentialAction":[{"@type":"SearchAction","target":{"@type":"EntryPoint","urlTemplate":"https:\/\/fahrerlaubnisnetz.com\/?s={search_term_string}"},"query-input":{"@type":"PropertyValueSpecification","valueRequired":true,"valueName":"search_term_string"}}],"inLanguage":"es"},{"@type":"Organization","@id":"https:\/\/fahrerlaubnisnetz.com\/#organization","name":"FAHRERLAUBNIS NETZ","alternateName":"DRIVER'S LICENSE NETWORK","url":"https:\/\/fahrerlaubnisnetz.com\/","logo":{"@type":"ImageObject","inLanguage":"es","@id":"https:\/\/fahrerlaubnisnetz.com\/#\/schema\/logo\/image\/","url":"https:\/\/fahrerlaubnisnetz.com\/wp-content\/uploads\/2025\/03\/image_2025-03-21_162823337.png","contentUrl":"https:\/\/fahrerlaubnisnetz.com\/wp-content\/uploads\/2025\/03\/image_2025-03-21_162823337.png","width":590,"height":288,"caption":"FAHRERLAUBNIS NETZ"},"image":{"@id":"https:\/\/fahrerlaubnisnetz.com\/#\/schema\/logo\/image\/"}}]}},"_links":{"self":[{"href":"https:\/\/fahrerlaubnisnetz.com\/es\/wp-json\/wp\/v2\/product\/367","targetHints":{"allow":["GET"]}}],"collection":[{"href":"https:\/\/fahrerlaubnisnetz.com\/es\/wp-json\/wp\/v2\/product"}],"about":[{"href":"https:\/\/fahrerlaubnisnetz.com\/es\/wp-json\/wp\/v2\/types\/product"}],"replies":[{"embeddable":true,"href":"https:\/\/fahrerlaubnisnetz.com\/es\/wp-json\/wp\/v2\/comments?post=367"}],"wp:featuredmedia":[{"embeddable":true,"href":"https:\/\/fahrerlaubnisnetz.com\/es\/wp-json\/wp\/v2\/media\/1977"}],"wp:attachment":[{"href":"https:\/\/fahrerlaubnisnetz.com\/es\/wp-json\/wp\/v2\/media?parent=367"}],"wp:term":[{"taxonomy":"product_brand","embeddable":true,"href":"https:\/\/fahrerlaubnisnetz.com\/es\/wp-json\/wp\/v2\/product_brand?post=367"},{"taxonomy":"product_cat","embeddable":true,"href":"https:\/\/fahrerlaubnisnetz.com\/es\/wp-json\/wp\/v2\/product_cat?post=367"},{"taxonomy":"product_tag","embeddable":true,"href":"https:\/\/fahrerlaubnisnetz.com\/es\/wp-json\/wp\/v2\/product_tag?post=367"}],"curies":[{"name":"wp","href":"https:\/\/api.w.org\/{rel}","templated":true}]}}