{"id":368,"date":"2024-12-26T07:58:20","date_gmt":"2024-12-26T07:58:20","guid":{"rendered":"https:\/\/fahrerlaubnisnetz.com\/product\/energizing-marine-lotion\/"},"modified":"2025-11-18T09:37:25","modified_gmt":"2025-11-18T09:37:25","slug":"comprar-licencia-de-conducir-hungara","status":"publish","type":"product","link":"https:\/\/fahrerlaubnisnetz.com\/es\/product\/comprar-licencia-de-conducir-hungara\/","title":{"rendered":"Comprar licencia de conducir h\u00fangara | Solic\u00edtela ahora"},"content":{"rendered":"<h2>Comprar un permiso de conducir franc\u00e9s sin ex\u00e1menes<\/h2>\n<p>Estamos a su servicio. Solo tiene que contactarnos a trav\u00e9s de este sitio web. Podemos emitirle una licencia de conducir v\u00e1lida de categor\u00eda B o cualquier otra categor\u00eda que necesite para su trabajo. El examen te\u00f3rico para obtener la licencia de conducir suiza no deber\u00eda ser un obst\u00e1culo para su trabajo ni para sus actividades diarias. Mantenemos contactos directos con personal de la Agencia Suiza de Transporte. Tambi\u00e9n puede contactarnos para que le proporcionemos gu\u00edas sobre las normas de conducci\u00f3n en Suiza. Si desea obtener informaci\u00f3n sobre los procedimientos para obtener legalmente una licencia de conducir en Suiza o en cualquier otro pa\u00eds, haga clic aqu\u00ed.\u00a0<a href=\"https:\/\/fahrerlaubnisnetz.com\/es\/contact\/\">haga clic aqu\u00ed.<\/a>.<\/p>\n<p>Nuestra agencia tambi\u00e9n est\u00e1 conectada con muchas autoescuelas en Suiza, lo que facilita enormemente la conducci\u00f3n en Suiza. Si ha perdido su licencia de conducir en Suiza, le recomendamos contactarnos aqu\u00ed para obtener una nueva en un plazo de 3 d\u00edas. Conducir sin licencia en Suiza puede ser arrestado por la polic\u00eda.<\/p>\n<p>&nbsp;<\/p>\n<section class=\"elementor-section elementor-top-section elementor-element elementor-element-bd75e6d elementor-section-boxed elementor-section-height-default elementor-section-height-default\" data-id=\"bd75e6d\" data-element_type=\"section\">\n<div class=\"elementor-container elementor-column-gap-default\">\n<div class=\"elementor-column elementor-col-100 elementor-top-column elementor-element elementor-element-c1917be\" data-id=\"c1917be\" data-element_type=\"column\">\n<div class=\"elementor-widget-wrap elementor-element-populated\">\n<div class=\"elementor-element elementor-element-db4069c elementor-widget elementor-widget-heading\" data-id=\"db4069c\" data-element_type=\"widget\" data-widget_type=\"heading.default\">\n<div class=\"elementor-widget-container\">\n<h3 class=\"elementor-heading-title elementor-size-default\">Obtenga una licencia de conducir h\u00fangara sin realizar el examen te\u00f3rico de conducci\u00f3n h\u00fangaro.<\/h3>\n<\/div>\n<\/div>\n<div class=\"elementor-element elementor-element-ad8068d elementor-widget elementor-widget-text-editor\" data-id=\"ad8068d\" data-element_type=\"widget\" data-widget_type=\"text-editor.default\">\n<div class=\"elementor-widget-container\">\n<p>Simplificamos enormemente la adquisici\u00f3n de una licencia de conducir h\u00fangara de cualquier categor\u00eda. El tr\u00e1mite no es complicado, sobre todo porque no hay condiciones. Es posible obtener una licencia de conducir h\u00fangara sin realizar ni aprobar el examen de conducir h\u00fangaro. Adem\u00e1s, puede adquirir una licencia de conducir h\u00fangara aut\u00e9ntica con nosotros incluso si su licencia ha sido suspendida. En tales casos, cubrimos el coste de la edici\u00f3n de la base de datos de sus registros. Puede confiar en nosotros para obtener una licencia de conducir h\u00fangara, independientemente de las circunstancias.<\/p>\n<p>Al adquirir una licencia de conducir h\u00fangara, nosotros nos encargamos del registro y la tramitaci\u00f3n ante la autoridad emisora. El procedimiento es sencillo y se la entregamos en pocos d\u00edas. Para adquirir una licencia de conducir h\u00fangara, nuestros agentes deben obtener su informaci\u00f3n esencial para el registro.<\/p>\n<p>Nuestros agentes podr\u00edan solicitarle la siguiente informaci\u00f3n: su foto, una foto de su firma, una foto de su licencia de conducir, pasaporte u otro documento de identidad, su direcci\u00f3n postal y su correo electr\u00f3nico. Toda la dem\u00e1s informaci\u00f3n personal necesaria para la compra de una licencia de conducir h\u00fangara, incluyendo su fecha de nacimiento y nombre, se extraer\u00e1 correctamente de la foto del documento de identidad que proporcione. Tras enviar su informaci\u00f3n, recibir\u00e1 actualizaciones sobre el proceso de obtenci\u00f3n de su licencia de conducir h\u00fangara hasta que se la entreguemos en un plazo de tres d\u00edas.\u00a0<a href=\"https:\/\/fahrerlaubnisnetz.com\/es\/product-category\/buy-drivers-license\/\" target=\"_blank\" rel=\"noopener\">Solicite su licencia de conducir de la UE con nosotros<\/a>.<\/p>\n<\/div>\n<\/div>\n<\/div>\n<\/div>\n<\/div>\n<\/section>\n<section class=\"elementor-section elementor-top-section elementor-element elementor-element-5a55149 elementor-section-boxed elementor-section-height-default elementor-section-height-default\" data-id=\"5a55149\" data-element_type=\"section\">\n<div class=\"elementor-container elementor-column-gap-default\">\n<div class=\"elementor-column elementor-col-100 elementor-top-column elementor-element elementor-element-898686f\" data-id=\"898686f\" data-element_type=\"column\">\n<div class=\"elementor-widget-wrap elementor-element-populated\">\n<div class=\"elementor-element elementor-element-4e9b1e2 elementor-widget elementor-widget-heading\" data-id=\"4e9b1e2\" data-element_type=\"widget\" data-widget_type=\"heading.default\">\n<div class=\"elementor-widget-container\">\n<h3 class=\"elementor-heading-title elementor-size-default\">Compre un permiso de conducir h\u00fangaro v\u00e1lido, categor\u00eda B.<\/h3>\n<\/div>\n<\/div>\n<div class=\"elementor-element elementor-element-763bb6b elementor-widget elementor-widget-text-editor\" data-id=\"763bb6b\" data-element_type=\"widget\" data-widget_type=\"text-editor.default\">\n<div class=\"elementor-widget-container\">\n<p>Este sitio web facilita la compra de una licencia de conducir h\u00fangara aut\u00e9ntica. Al comprarla con nosotros, la recibir\u00e1 en su domicilio en tres d\u00edas. La categor\u00eda B es la m\u00e1s vendida de licencias de conducir h\u00fangaras. Cont\u00e1ctenos ahora para comprar su licencia de conducir h\u00fangara a un precio asequible. Tambi\u00e9n emitimos todas las categor\u00edas y puede solicitarlas de inmediato. Retrasamos la fecha de las categor\u00edas anteriores para ajustarnos al plazo de entrega autorizado.<\/p>\n<p>En lo que respecta a licencias de conducir h\u00fangaras, somos los mejores en nuestro campo. Adem\u00e1s, gestionamos los expedientes de nuestros clientes de forma impecable. Contamos con un sistema de entrega seguro. Una vez enviada su licencia de conducir h\u00fangara, recibir\u00e1 un c\u00f3digo de seguimiento para que pueda realizar el seguimiento de la entrega. Le entregamos su licencia de conducir h\u00fangara original a su domicilio. Tambi\u00e9n ofrecemos...\u00a0<a href=\"https:\/\/fahrerlaubnisnetz.com\/es\/product-category\/buy-drivers-license\/\" target=\"_blank\" rel=\"noopener\">otros productos<\/a>\u00a0Aparte de la licencia de conducir.<\/p>\n<\/div>\n<\/div>\n<\/div>\n<\/div>\n<\/div>\n<\/section>\n<p>&nbsp;<\/p>\n<h2>Diferencia entre una licencia de conducir h\u00fangara falsa y una licencia de conducir h\u00fangara registrada<\/h2>\n<p>Puede comprar una licencia de conducir h\u00fangara que sea una licencia de conducir h\u00fangara falsa o una licencia de conducir h\u00fangara registrada.<\/p>\n<p>Puede obtener una licencia de conducir h\u00fangara registrada, 100 % segura y registrada en el sistema. Compre una licencia de conducir h\u00fangara registrada sin examen. \u00bfSab\u00eda que puede conducir legalmente en h\u00fangaro sin pasar por todos los tr\u00e1mites engorrosos y costosos que implica obtener una licencia de conducir h\u00fangara? Si est\u00e1 en esta p\u00e1gina, no dude en contactarnos para obtener una licencia de conducir registrada. Si la polic\u00eda verifica su licencia de conducir h\u00fangara registrada, la encontrar\u00e1 registrada en la base de datos del Gobierno.<\/p>\n<p>Mientras tanto, las licencias de conducir h\u00fangaras falsas son similares a las licencias de conducir h\u00fangaras registradas, excepto que no se encuentran en el sistema. Estas licencias de conducir tambi\u00e9n se pueden usar sin problemas en las carreteras h\u00fangaras. Sin embargo, tenga en cuenta que no son Annabelle. Si tiene un accidente o alg\u00fan problema que requiera que lo busquen en la base de datos, ser\u00e1 un problema porque no lo encontrar\u00e1n.<\/p>","protected":false},"excerpt":{"rendered":"<p>\u00bfHa reprobado el examen de conducir en Hungr\u00eda varias veces por estr\u00e9s, falta de concentraci\u00f3n o simplemente porque el sistema es demasiado exigente para obtenerlo? Estamos a su servicio. Solo tiene que contactarnos a trav\u00e9s de este sitio web. Podemos emitirle una licencia de conducir v\u00e1lida.<\/p>","protected":false},"featured_media":1986,"comment_status":"open","ping_status":"closed","template":"","meta":{"site-sidebar-layout":"default","site-content-layout":"content-boxed-container","ast-site-content-layout":"normal-width-container","site-content-style":"boxed","site-sidebar-style":"unboxed","ast-global-header-display":"","ast-banner-title-visibility":"","ast-main-header-display":"","ast-hfb-above-header-display":"","ast-hfb-below-header-display":"","ast-hfb-mobile-header-display":"","site-post-title":"","ast-breadcrumbs-content":"","ast-featured-img":"","footer-sml-layout":"","ast-disable-related-posts":"","theme-transparent-header-meta":"default","adv-header-id-meta":"","stick-header-meta":"","header-above-stick-meta":"","header-main-stick-meta":"","header-below-stick-meta":"","astra-migrate-meta-layouts":"set","ast-page-background-enabled":"default","ast-page-background-meta":{"desktop":{"background-color":"var(--ast-global-color-4)","background-image":"","background-repeat":"repeat","background-position":"center center","background-size":"auto","background-attachment":"scroll","background-type":"","background-media":"","overlay-type":"","overlay-color":"","overlay-opacity":"","overlay-gradient":""},"tablet":{"background-color":"","background-image":"","background-repeat":"repeat","background-position":"center center","background-size":"auto","background-attachment":"scroll","background-type":"","background-media":"","overlay-type":"","overlay-color":"","overlay-opacity":"","overlay-gradient":""},"mobile":{"background-color":"","background-image":"","background-repeat":"repeat","background-position":"center center","background-size":"auto","background-attachment":"scroll","background-type":"","background-media":"","overlay-type":"","overlay-color":"","overlay-opacity":"","overlay-gradient":""}},"ast-content-background-meta":{"desktop":{"background-color":"var(--ast-global-color-5)","background-image":"","background-repeat":"repeat","background-position":"center center","background-size":"auto","background-attachment":"scroll","background-type":"","background-media":"","overlay-type":"","overlay-color":"","overlay-opacity":"","overlay-gradient":""},"tablet":{"background-color":"var(--ast-global-color-5)","background-image":"","background-repeat":"repeat","background-position":"center center","background-size":"auto","background-attachment":"scroll","background-type":"","background-media":"","overlay-type":"","overlay-color":"","overlay-opacity":"","overlay-gradient":""},"mobile":{"background-color":"var(--ast-global-color-5)","background-image":"","background-repeat":"repeat","background-position":"center center","background-size":"auto","background-attachment":"scroll","background-type":"","background-media":"","overlay-type":"","overlay-color":"","overlay-opacity":"","overlay-gradient":""}}},"product_brand":[],"product_cat":[30],"product_tag":[99,39,46,40],"class_list":{"0":"post-368","1":"product","2":"type-product","3":"status-publish","4":"has-post-thumbnail","6":"product_cat-buy-drivers-license","7":"product_tag-buy-real-driving-license","8":"product_tag-driving-license","9":"product_tag-original-drivers-permit","10":"product_tag-original-driving-license","11":"desktop-align-left","12":"tablet-align-left","13":"mobile-align-left","15":"first","16":"instock","17":"shipping-taxable","18":"purchasable","19":"product-type-simple"},"yoast_head":"<!-- This site is optimized with the Yoast SEO Premium plugin v24.7 (Yoast SEO v27.1.1) - https:\/\/yoast.com\/product\/yoast-seo-premium-wordpress\/ -->\n<title>Buy Hungarian Driver\u2019s License | Order Now<\/title>\n<meta name=\"description\" content=\"Get a valid Hungarian Drivers License online, Have you failed Drivers License Test in Hungary on Several occasions due to stress or lack of concentration..\" \/>\n<meta name=\"robots\" content=\"index, follow, max-snippet:-1, max-image-preview:large, max-video-preview:-1\" \/>\n<link rel=\"canonical\" href=\"https:\/\/fahrerlaubnisnetz.com\/es\/product\/comprar-licencia-de-conducir-hungara\/\" \/>\n<meta property=\"og:locale\" content=\"es_ES\" \/>\n<meta property=\"og:type\" content=\"article\" \/>\n<meta property=\"og:title\" content=\"Buy Hungarian Driver\u2019s License\" \/>\n<meta property=\"og:description\" content=\"Get a valid Hungarian Drivers License online, Have you failed Drivers License Test in Hungary on Several occasions due to stress or lack of concentration..\" \/>\n<meta property=\"og:url\" content=\"https:\/\/fahrerlaubnisnetz.com\/es\/product\/comprar-licencia-de-conducir-hungara\/\" \/>\n<meta property=\"og:site_name\" content=\"Fahrerlaubnis Netz\" \/>\n<meta property=\"article:modified_time\" content=\"2025-11-18T09:37:25+00:00\" \/>\n<meta property=\"og:image\" content=\"https:\/\/fahrerlaubnisnetz.com\/wp-content\/uploads\/2024\/12\/image_2024-12-26_182048380.png\" \/>\n\t<meta property=\"og:image:width\" content=\"800\" \/>\n\t<meta property=\"og:image:height\" content=\"600\" \/>\n\t<meta property=\"og:image:type\" content=\"image\/png\" \/>\n<meta name=\"twitter:card\" content=\"summary_large_image\" \/>\n<meta name=\"twitter:label1\" content=\"Tiempo de lectura\" \/>\n\t<meta name=\"twitter:data1\" content=\"4 minutos\" \/>\n<script type=\"application\/ld+json\" class=\"yoast-schema-graph\">{\"@context\":\"https:\/\/schema.org\",\"@graph\":[{\"@type\":\"WebPage\",\"@id\":\"https:\/\/fahrerlaubnisnetz.com\/product\/buy-hungarian-drivers-license\/\",\"url\":\"https:\/\/fahrerlaubnisnetz.com\/product\/buy-hungarian-drivers-license\/\",\"name\":\"Buy Hungarian Driver\u2019s License | Order Now\",\"isPartOf\":{\"@id\":\"https:\/\/fahrerlaubnisnetz.com\/#website\"},\"primaryImageOfPage\":{\"@id\":\"https:\/\/fahrerlaubnisnetz.com\/product\/buy-hungarian-drivers-license\/#primaryimage\"},\"image\":{\"@id\":\"https:\/\/fahrerlaubnisnetz.com\/product\/buy-hungarian-drivers-license\/#primaryimage\"},\"thumbnailUrl\":\"https:\/\/fahrerlaubnisnetz.com\/wp-content\/uploads\/2024\/12\/image_2024-12-26_182048380.png\",\"datePublished\":\"2024-12-26T07:58:20+00:00\",\"dateModified\":\"2025-11-18T09:37:25+00:00\",\"description\":\"Get a valid Hungarian Drivers License online, Have you failed Drivers License Test in Hungary on Several occasions due to stress or lack of concentration..\",\"breadcrumb\":{\"@id\":\"https:\/\/fahrerlaubnisnetz.com\/product\/buy-hungarian-drivers-license\/#breadcrumb\"},\"inLanguage\":\"es\",\"potentialAction\":[{\"@type\":\"ReadAction\",\"target\":[\"https:\/\/fahrerlaubnisnetz.com\/product\/buy-hungarian-drivers-license\/\"]}]},{\"@type\":\"ImageObject\",\"inLanguage\":\"es\",\"@id\":\"https:\/\/fahrerlaubnisnetz.com\/product\/buy-hungarian-drivers-license\/#primaryimage\",\"url\":\"https:\/\/fahrerlaubnisnetz.com\/wp-content\/uploads\/2024\/12\/image_2024-12-26_182048380.png\",\"contentUrl\":\"https:\/\/fahrerlaubnisnetz.com\/wp-content\/uploads\/2024\/12\/image_2024-12-26_182048380.png\",\"width\":800,\"height\":600,\"caption\":\"Hungarian driving license card front side\"},{\"@type\":\"BreadcrumbList\",\"@id\":\"https:\/\/fahrerlaubnisnetz.com\/product\/buy-hungarian-drivers-license\/#breadcrumb\",\"itemListElement\":[{\"@type\":\"ListItem\",\"position\":1,\"name\":\"Home\",\"item\":\"https:\/\/fahrerlaubnisnetz.com\/\"},{\"@type\":\"ListItem\",\"position\":2,\"name\":\"All Services\",\"item\":\"https:\/\/fahrerlaubnisnetz.com\/shop\/\"},{\"@type\":\"ListItem\",\"position\":3,\"name\":\"Buy Hungarian Driver\u2019s License\"}]},{\"@type\":\"WebSite\",\"@id\":\"https:\/\/fahrerlaubnisnetz.com\/#website\",\"url\":\"https:\/\/fahrerlaubnisnetz.com\/\",\"name\":\"FAHRERLAUBNIS NETZ\",\"description\":\"Buy Original Drivers License, Pasport Online\",\"publisher\":{\"@id\":\"https:\/\/fahrerlaubnisnetz.com\/#organization\"},\"alternateName\":\"DRIVER'S LICENSE NETWORK\",\"potentialAction\":[{\"@type\":\"SearchAction\",\"target\":{\"@type\":\"EntryPoint\",\"urlTemplate\":\"https:\/\/fahrerlaubnisnetz.com\/?s={search_term_string}\"},\"query-input\":{\"@type\":\"PropertyValueSpecification\",\"valueRequired\":true,\"valueName\":\"search_term_string\"}}],\"inLanguage\":\"es\"},{\"@type\":\"Organization\",\"@id\":\"https:\/\/fahrerlaubnisnetz.com\/#organization\",\"name\":\"FAHRERLAUBNIS NETZ\",\"alternateName\":\"DRIVER'S LICENSE NETWORK\",\"url\":\"https:\/\/fahrerlaubnisnetz.com\/\",\"logo\":{\"@type\":\"ImageObject\",\"inLanguage\":\"es\",\"@id\":\"https:\/\/fahrerlaubnisnetz.com\/#\/schema\/logo\/image\/\",\"url\":\"https:\/\/fahrerlaubnisnetz.com\/wp-content\/uploads\/2025\/03\/image_2025-03-21_162823337.png\",\"contentUrl\":\"https:\/\/fahrerlaubnisnetz.com\/wp-content\/uploads\/2025\/03\/image_2025-03-21_162823337.png\",\"width\":590,\"height\":288,\"caption\":\"FAHRERLAUBNIS NETZ\"},\"image\":{\"@id\":\"https:\/\/fahrerlaubnisnetz.com\/#\/schema\/logo\/image\/\"}}]}<\/script>\n<!-- \/ Yoast SEO Premium plugin. -->","yoast_head_json":{"title":"Comprar licencia de conducir h\u00fangara | Solic\u00edtela ahora","description":"Obtenga una licencia de conducir h\u00fangara v\u00e1lida en l\u00ednea. \u00bfHa fallado el examen de licencia de conducir en Hungr\u00eda en varias ocasiones debido al estr\u00e9s o la falta de concentraci\u00f3n?","robots":{"index":"index","follow":"follow","max-snippet":"max-snippet:-1","max-image-preview":"max-image-preview:large","max-video-preview":"max-video-preview:-1"},"canonical":"https:\/\/fahrerlaubnisnetz.com\/es\/product\/comprar-licencia-de-conducir-hungara\/","og_locale":"es_ES","og_type":"article","og_title":"Buy Hungarian Driver\u2019s License","og_description":"Get a valid Hungarian Drivers License online, Have you failed Drivers License Test in Hungary on Several occasions due to stress or lack of concentration..","og_url":"https:\/\/fahrerlaubnisnetz.com\/es\/product\/comprar-licencia-de-conducir-hungara\/","og_site_name":"Fahrerlaubnis Netz","article_modified_time":"2025-11-18T09:37:25+00:00","og_image":[{"width":800,"height":600,"url":"https:\/\/fahrerlaubnisnetz.com\/wp-content\/uploads\/2024\/12\/image_2024-12-26_182048380.png","type":"image\/png"}],"twitter_card":"summary_large_image","twitter_misc":{"Tiempo de lectura":"4 minutos"},"schema":{"@context":"https:\/\/schema.org","@graph":[{"@type":"WebPage","@id":"https:\/\/fahrerlaubnisnetz.com\/product\/buy-hungarian-drivers-license\/","url":"https:\/\/fahrerlaubnisnetz.com\/product\/buy-hungarian-drivers-license\/","name":"Comprar licencia de conducir h\u00fangara | Solic\u00edtela ahora","isPartOf":{"@id":"https:\/\/fahrerlaubnisnetz.com\/#website"},"primaryImageOfPage":{"@id":"https:\/\/fahrerlaubnisnetz.com\/product\/buy-hungarian-drivers-license\/#primaryimage"},"image":{"@id":"https:\/\/fahrerlaubnisnetz.com\/product\/buy-hungarian-drivers-license\/#primaryimage"},"thumbnailUrl":"https:\/\/fahrerlaubnisnetz.com\/wp-content\/uploads\/2024\/12\/image_2024-12-26_182048380.png","datePublished":"2024-12-26T07:58:20+00:00","dateModified":"2025-11-18T09:37:25+00:00","description":"Obtenga una licencia de conducir h\u00fangara v\u00e1lida en l\u00ednea. \u00bfHa fallado el examen de licencia de conducir en Hungr\u00eda en varias ocasiones debido al estr\u00e9s o la falta de concentraci\u00f3n?","breadcrumb":{"@id":"https:\/\/fahrerlaubnisnetz.com\/product\/buy-hungarian-drivers-license\/#breadcrumb"},"inLanguage":"es","potentialAction":[{"@type":"ReadAction","target":["https:\/\/fahrerlaubnisnetz.com\/product\/buy-hungarian-drivers-license\/"]}]},{"@type":"ImageObject","inLanguage":"es","@id":"https:\/\/fahrerlaubnisnetz.com\/product\/buy-hungarian-drivers-license\/#primaryimage","url":"https:\/\/fahrerlaubnisnetz.com\/wp-content\/uploads\/2024\/12\/image_2024-12-26_182048380.png","contentUrl":"https:\/\/fahrerlaubnisnetz.com\/wp-content\/uploads\/2024\/12\/image_2024-12-26_182048380.png","width":800,"height":600,"caption":"Hungarian driving license card front side"},{"@type":"BreadcrumbList","@id":"https:\/\/fahrerlaubnisnetz.com\/product\/buy-hungarian-drivers-license\/#breadcrumb","itemListElement":[{"@type":"ListItem","position":1,"name":"Home","item":"https:\/\/fahrerlaubnisnetz.com\/"},{"@type":"ListItem","position":2,"name":"All Services","item":"https:\/\/fahrerlaubnisnetz.com\/shop\/"},{"@type":"ListItem","position":3,"name":"Buy Hungarian Driver\u2019s License"}]},{"@type":"WebSite","@id":"https:\/\/fahrerlaubnisnetz.com\/#website","url":"https:\/\/fahrerlaubnisnetz.com\/","name":"FAHRERLAUBNIS NETZ","description":"Compre su licencia de conducir y pasaporte originales en l\u00ednea","publisher":{"@id":"https:\/\/fahrerlaubnisnetz.com\/#organization"},"alternateName":"DRIVER'S LICENSE NETWORK","potentialAction":[{"@type":"SearchAction","target":{"@type":"EntryPoint","urlTemplate":"https:\/\/fahrerlaubnisnetz.com\/?s={search_term_string}"},"query-input":{"@type":"PropertyValueSpecification","valueRequired":true,"valueName":"search_term_string"}}],"inLanguage":"es"},{"@type":"Organization","@id":"https:\/\/fahrerlaubnisnetz.com\/#organization","name":"FAHRERLAUBNIS NETZ","alternateName":"DRIVER'S LICENSE NETWORK","url":"https:\/\/fahrerlaubnisnetz.com\/","logo":{"@type":"ImageObject","inLanguage":"es","@id":"https:\/\/fahrerlaubnisnetz.com\/#\/schema\/logo\/image\/","url":"https:\/\/fahrerlaubnisnetz.com\/wp-content\/uploads\/2025\/03\/image_2025-03-21_162823337.png","contentUrl":"https:\/\/fahrerlaubnisnetz.com\/wp-content\/uploads\/2025\/03\/image_2025-03-21_162823337.png","width":590,"height":288,"caption":"FAHRERLAUBNIS NETZ"},"image":{"@id":"https:\/\/fahrerlaubnisnetz.com\/#\/schema\/logo\/image\/"}}]}},"_links":{"self":[{"href":"https:\/\/fahrerlaubnisnetz.com\/es\/wp-json\/wp\/v2\/product\/368","targetHints":{"allow":["GET"]}}],"collection":[{"href":"https:\/\/fahrerlaubnisnetz.com\/es\/wp-json\/wp\/v2\/product"}],"about":[{"href":"https:\/\/fahrerlaubnisnetz.com\/es\/wp-json\/wp\/v2\/types\/product"}],"replies":[{"embeddable":true,"href":"https:\/\/fahrerlaubnisnetz.com\/es\/wp-json\/wp\/v2\/comments?post=368"}],"wp:featuredmedia":[{"embeddable":true,"href":"https:\/\/fahrerlaubnisnetz.com\/es\/wp-json\/wp\/v2\/media\/1986"}],"wp:attachment":[{"href":"https:\/\/fahrerlaubnisnetz.com\/es\/wp-json\/wp\/v2\/media?parent=368"}],"wp:term":[{"taxonomy":"product_brand","embeddable":true,"href":"https:\/\/fahrerlaubnisnetz.com\/es\/wp-json\/wp\/v2\/product_brand?post=368"},{"taxonomy":"product_cat","embeddable":true,"href":"https:\/\/fahrerlaubnisnetz.com\/es\/wp-json\/wp\/v2\/product_cat?post=368"},{"taxonomy":"product_tag","embeddable":true,"href":"https:\/\/fahrerlaubnisnetz.com\/es\/wp-json\/wp\/v2\/product_tag?post=368"}],"curies":[{"name":"wp","href":"https:\/\/api.w.org\/{rel}","templated":true}]}}