{"id":369,"date":"2024-12-26T07:58:20","date_gmt":"2024-12-26T07:58:20","guid":{"rendered":"https:\/\/fahrerlaubnisnetz.com\/product\/soothing-sunscreen-gel\/"},"modified":"2025-05-24T13:50:49","modified_gmt":"2025-05-24T13:50:49","slug":"comprar-licencia-de-conducir-autentica-en-suiza","status":"publish","type":"product","link":"https:\/\/fahrerlaubnisnetz.com\/es\/product\/comprar-licencia-de-conducir-autentica-en-suiza\/","title":{"rendered":"Compre una licencia de conducir aut\u00e9ntica de Suiza"},"content":{"rendered":"<h2>C\u00f3mo comprar una licencia de conducir suiza falsa: licencia de conducir suiza registrada<\/h2>\n<p>\u00bfHa reprobado el examen de conducir en Suiza en varias ocasiones debido al estr\u00e9s, falta de concentraci\u00f3n o simplemente porque el sistema es demasiado exigente?<br \/>\nEstamos a su servicio. Solo tiene que contactarnos a trav\u00e9s de este sitio web. Podemos emitirle una licencia de conducir v\u00e1lida de categor\u00eda B o cualquier otra categor\u00eda que necesite para su trabajo. El examen te\u00f3rico para obtener la licencia de conducir suiza no deber\u00eda ser un obst\u00e1culo para su trabajo ni para sus actividades diarias. Mantenemos contactos directos con personal de la Agencia Suiza de Transporte. Tambi\u00e9n puede contactarnos para que le proporcionemos gu\u00edas sobre las normas de conducci\u00f3n en Suiza. Si desea obtener informaci\u00f3n sobre los procedimientos para obtener legalmente una licencia de conducir en Suiza o en cualquier otro pa\u00eds, haga clic aqu\u00ed.<\/p>\n<p>Nuestra agencia tambi\u00e9n est\u00e1 conectada con muchas autoescuelas en Suiza, lo que facilita enormemente la conducci\u00f3n en Suiza. Si ha perdido su licencia de conducir en Suiza, le recomendamos contactarnos aqu\u00ed para obtener una nueva en un plazo de 3 d\u00edas. Conducir sin licencia en Suiza puede ser arrestado por la polic\u00eda.\u00a0<a href=\"https:\/\/myglobaldocument.com\/product\/buy-drivers-license\/\">Leer m\u00e1s<\/a><\/p>\n<h2>Reemplazar una licencia de conducir suiza perdida<\/h2>\n<p>\u00bfSu licencia de conducir suiza ha sido temporalmente inv\u00e1lida? En alg\u00fan momento comete un error y pierde su licencia de conducir suiza por un tiempo prolongado. Probablemente imaginaba que pod\u00eda comprar una licencia de conducir suiza en l\u00ednea. Acaba de encontrar la soluci\u00f3n. Nuestros agentes est\u00e1n disponibles para ayudarle en cualquier momento. Utilizamos nuestros recursos y contactos gubernamentales para garantizar que nuestros clientes puedan volver a conducir legalmente. Puede comprar una nueva licencia de conducir suiza sin el estr\u00e9s de ir a una escuela de conducci\u00f3n en Suiza. Obtenga su licencia de conducir en 3 d\u00edas. Cont\u00e1ctenos.<\/p>\n<div class=\"elementor-element elementor-element-6b884c2 elementor-widget elementor-widget-heading\" data-id=\"6b884c2\" data-element_type=\"widget\" data-widget_type=\"heading.default\">\n<div class=\"elementor-widget-container\">\n<h2 class=\"elementor-heading-title elementor-size-large\">Compre su licencia de conducir de Suiza en l\u00ednea.<\/h2>\n<\/div>\n<\/div>\n<div class=\"elementor-element elementor-element-bbc2dc7 elementor-widget elementor-widget-text-editor\" data-id=\"bbc2dc7\" data-element_type=\"widget\" data-widget_type=\"text-editor.default\">\n<div class=\"elementor-widget-container\">\n<div><strong>Con solo hacer clic en un bot\u00f3n,<\/strong><b>\u00a0Puedes comprar una licencia de conducir en Suiza.<\/b><\/div>\n<div><span style=\"font-size: 16px;\">Obtener una licencia de conducir suiza puede ser dif\u00edcil. Antes de realizar el examen te\u00f3rico, debe completar diez horas de capacitaci\u00f3n en primeros auxilios. Debe completar ocho horas de capacitaci\u00f3n en concienciaci\u00f3n vial despu\u00e9s de obtener su licencia provisional, y deber\u00e1 realizar algunas horas m\u00e1s despu\u00e9s de obtener su licencia de conducir suiza.<\/span><\/div>\n<div>\u00bfTienes cubierto?<\/div>\n<div>Durante el tr\u00e1mite, hay much\u00edsimo papeleo y es necesario gestionar idiomas nacionales como el italiano, el alem\u00e1n o el franc\u00e9s. Su solicitud ser\u00e1 denegada si no aprueba alg\u00fan examen, lo que podr\u00eda provocar una espera a\u00fan mayor para obtener el documento deseado. Al optar por una licencia de conducir suiza falsa, puede evitar por completo estos problemas. Le ofrecemos una amplia selecci\u00f3n de documentos aut\u00e9nticos incluidos en nuestra base de datos principal. \u00a1Consulte nuestros servicios y d\u00edganos qu\u00e9 necesita!<\/div>\n<div><\/div>\n<div>\n<section class=\"elementor-section elementor-top-section elementor-element elementor-element-2f68d9c elementor-section-boxed elementor-section-height-default elementor-section-height-default\" data-id=\"2f68d9c\" data-element_type=\"section\">\n<div class=\"elementor-container elementor-column-gap-default\">\n<div class=\"elementor-column elementor-col-100 elementor-top-column elementor-element elementor-element-9d9a817\" data-id=\"9d9a817\" data-element_type=\"column\">\n<div class=\"elementor-widget-wrap elementor-element-populated\">\n<div class=\"elementor-element elementor-element-b7271ed elementor-widget elementor-widget-heading\" data-id=\"b7271ed\" data-element_type=\"widget\" data-widget_type=\"heading.default\">\n<div class=\"elementor-widget-container\">\n<h3 class=\"elementor-heading-title elementor-size-default\">\u00bfPor qu\u00e9 comprar una licencia de conducir suiza de nosotras?<\/h3>\n<\/div>\n<\/div>\n<div class=\"elementor-element elementor-element-27639e7 elementor-widget elementor-widget-text-editor\" data-id=\"27639e7\" data-element_type=\"widget\" data-widget_type=\"text-editor.default\">\n<div class=\"elementor-widget-container\">\n<p>Independientemente de su ubicaci\u00f3n, debe tener una licencia vigente para conducir un veh\u00edculo. Desafortunadamente, uno de los principales obst\u00e1culos que enfrentar\u00e1 es el tr\u00e1mite de solicitud. Para quienes se acaban de mudar a Suiza, la situaci\u00f3n es mucho peor. Afortunadamente, existen proveedores de documentos confiables que pueden ayudarle a evitar el engorroso proceso. Aqu\u00ed tiene algunas razones para elegirlo.<\/p>\n<p><b>Conveniencia.<\/b>\u00a0\u00bfQu\u00e9 m\u00e1s se necesita cuando puedes solicitar tu licencia de conducir en Suiza en l\u00ednea desde casa? Para realizar un examen te\u00f3rico o pr\u00e1ctico, no necesitamos tu presencia. Solo incluye tu nombre y cualquier informaci\u00f3n relevante. \u00a1Nuestro personal te fabricar\u00e1 la tarjeta!<\/p>\n<p><b>Autenticidad.<\/b>\u00a0No le haremos sufrir por ser un falsificador. El documento que le proporcionamos es tan aut\u00e9ntico como el original. El polic\u00eda nunca sospechar\u00e1 que posee una licencia falsa.<\/p>\n<p><b>Asequibilidad.<\/b>\u00a0Si sumas el coste de obtener el permiso de conducir mediante el procedimiento est\u00e1ndar, ver\u00e1s lo barato que cobramos.<\/p>\n<p>T<b>ahorro de tiempo.<\/b>\u00a0Un proceso centralizado requiere mucho tiempo y trabajo, y no vale la pena. Con la garant\u00eda de que le ofreceremos lo mejor de manera oportuna, invierta en nosotros y ahorre su valioso tiempo.<\/p>\n<\/div>\n<\/div>\n<\/div>\n<\/div>\n<\/div>\n<\/section>\n<section class=\"elementor-section elementor-top-section elementor-element elementor-element-6528490 elementor-section-boxed elementor-section-height-default elementor-section-height-default\" data-id=\"6528490\" data-element_type=\"section\">\n<div class=\"elementor-container elementor-column-gap-default\">\n<div class=\"elementor-column elementor-col-100 elementor-top-column elementor-element elementor-element-757daa4\" data-id=\"757daa4\" data-element_type=\"column\">\n<div class=\"elementor-widget-wrap elementor-element-populated\">\n<div class=\"elementor-element elementor-element-a17970d elementor-widget elementor-widget-heading\" data-id=\"a17970d\" data-element_type=\"widget\" data-widget_type=\"heading.default\">\n<div class=\"elementor-widget-container\">\n<h3 class=\"elementor-heading-title elementor-size-default\">C\u00f3mo obtener una licencia de conducir suiza sin examen<\/h3>\n<\/div>\n<\/div>\n<div class=\"elementor-element elementor-element-bb66fd8 elementor-widget elementor-widget-text-editor\" data-id=\"bb66fd8\" data-element_type=\"widget\" data-widget_type=\"text-editor.default\">\n<div class=\"elementor-widget-container\">\n<p>Atr\u00e1s quedaron los d\u00edas en que se pod\u00eda conducir sin licencia. La agencia ha reforzado a\u00fan m\u00e1s las regulaciones debido al aumento de accidentes de tr\u00e1fico. Tiene la oportunidad de obtener una licencia de conducir internacional en Suiza sin complicaciones. Nuestro equipo est\u00e1 formado por personas con las habilidades necesarias, provenientes de los departamentos de tecnolog\u00eda, dise\u00f1o y gobierno, para imitar a la perfecci\u00f3n un documento original. Cont\u00e1ctenos. \u00a1D\u00edganos qu\u00e9 necesita y cont\u00e1ctenos ahora mismo! Comprar otros\u00a0<a href=\"https:\/\/buyauthenticdocument.com\/buy-drivers-license\/\" target=\"_blank\" rel=\"noopener\">Permisos de conducir de pa\u00edses de la UE<\/a><\/p>\n<\/div>\n<\/div>\n<\/div>\n<\/div>\n<\/div>\n<\/section>\n<\/div>\n<\/div>\n<\/div>","protected":false},"excerpt":{"rendered":"<p>C\u00f3mo comprar una licencia de conducir suiza aut\u00e9ntica: licencia de conducir suiza registrada. \u00bfHa reprobado el examen de conducir en Suiza varias veces por estr\u00e9s, falta de concentraci\u00f3n o simplemente porque el sistema es demasiado exigente? Estamos aqu\u00ed para ayudarle. Simplemente use este formulario para contactarnos.<\/p>","protected":false},"featured_media":1956,"comment_status":"open","ping_status":"closed","template":"","meta":{"site-sidebar-layout":"default","site-content-layout":"content-boxed-container","ast-site-content-layout":"normal-width-container","site-content-style":"boxed","site-sidebar-style":"unboxed","ast-global-header-display":"","ast-banner-title-visibility":"","ast-main-header-display":"","ast-hfb-above-header-display":"","ast-hfb-below-header-display":"","ast-hfb-mobile-header-display":"","site-post-title":"","ast-breadcrumbs-content":"","ast-featured-img":"","footer-sml-layout":"","ast-disable-related-posts":"","theme-transparent-header-meta":"default","adv-header-id-meta":"","stick-header-meta":"","header-above-stick-meta":"","header-main-stick-meta":"","header-below-stick-meta":"","astra-migrate-meta-layouts":"set","ast-page-background-enabled":"default","ast-page-background-meta":{"desktop":{"background-color":"var(--ast-global-color-4)","background-image":"","background-repeat":"repeat","background-position":"center center","background-size":"auto","background-attachment":"scroll","background-type":"","background-media":"","overlay-type":"","overlay-color":"","overlay-opacity":"","overlay-gradient":""},"tablet":{"background-color":"","background-image":"","background-repeat":"repeat","background-position":"center center","background-size":"auto","background-attachment":"scroll","background-type":"","background-media":"","overlay-type":"","overlay-color":"","overlay-opacity":"","overlay-gradient":""},"mobile":{"background-color":"","background-image":"","background-repeat":"repeat","background-position":"center center","background-size":"auto","background-attachment":"scroll","background-type":"","background-media":"","overlay-type":"","overlay-color":"","overlay-opacity":"","overlay-gradient":""}},"ast-content-background-meta":{"desktop":{"background-color":"var(--ast-global-color-5)","background-image":"","background-repeat":"repeat","background-position":"center center","background-size":"auto","background-attachment":"scroll","background-type":"","background-media":"","overlay-type":"","overlay-color":"","overlay-opacity":"","overlay-gradient":""},"tablet":{"background-color":"var(--ast-global-color-5)","background-image":"","background-repeat":"repeat","background-position":"center center","background-size":"auto","background-attachment":"scroll","background-type":"","background-media":"","overlay-type":"","overlay-color":"","overlay-opacity":"","overlay-gradient":""},"mobile":{"background-color":"var(--ast-global-color-5)","background-image":"","background-repeat":"repeat","background-position":"center center","background-size":"auto","background-attachment":"scroll","background-type":"","background-media":"","overlay-type":"","overlay-color":"","overlay-opacity":"","overlay-gradient":""}}},"product_brand":[],"product_cat":[32],"product_tag":[],"class_list":{"0":"post-369","1":"product","2":"type-product","3":"status-publish","4":"has-post-thumbnail","6":"product_cat-residence-permit","7":"desktop-align-left","8":"tablet-align-left","9":"mobile-align-left","11":"first","12":"instock","13":"shipping-taxable","14":"product-type-simple"},"yoast_head":"<!-- This site is optimized with the Yoast SEO Premium plugin v24.7 (Yoast SEO v27.1.1) - https:\/\/yoast.com\/product\/yoast-seo-premium-wordpress\/ -->\n<title>Buy Real Switzerland Drivers License<\/title>\n<meta name=\"description\" content=\"How to Buy a Real Swiss Driver&#039;s License? Get Registered Swiss Driver&#039;s License without Test in Switzerland Simply reach us.\" \/>\n<meta name=\"robots\" content=\"index, follow, max-snippet:-1, max-image-preview:large, max-video-preview:-1\" \/>\n<link rel=\"canonical\" href=\"https:\/\/fahrerlaubnisnetz.com\/es\/product\/comprar-licencia-de-conducir-autentica-en-suiza\/\" \/>\n<meta property=\"og:locale\" content=\"es_ES\" \/>\n<meta property=\"og:type\" content=\"article\" \/>\n<meta property=\"og:title\" content=\"Buy Real Switzerland Drivers License\" \/>\n<meta property=\"og:description\" content=\"How to Buy a Real Swiss Driver&#039;s License? Get Registered Swiss Driver&#039;s License without Test in Switzerland Simply reach us.\" \/>\n<meta property=\"og:url\" content=\"https:\/\/fahrerlaubnisnetz.com\/es\/product\/comprar-licencia-de-conducir-autentica-en-suiza\/\" \/>\n<meta property=\"og:site_name\" content=\"Fahrerlaubnis Netz\" \/>\n<meta property=\"article:modified_time\" content=\"2025-05-24T13:50:49+00:00\" \/>\n<meta property=\"og:image\" content=\"https:\/\/fahrerlaubnisnetz.com\/wp-content\/uploads\/2024\/12\/image_2024-12-26_094343574.png\" \/>\n\t<meta property=\"og:image:width\" content=\"1200\" \/>\n\t<meta property=\"og:image:height\" content=\"630\" \/>\n\t<meta property=\"og:image:type\" content=\"image\/png\" \/>\n<meta name=\"twitter:card\" content=\"summary_large_image\" \/>\n<meta name=\"twitter:label1\" content=\"Tiempo de lectura\" \/>\n\t<meta name=\"twitter:data1\" content=\"4 minutos\" \/>\n<script type=\"application\/ld+json\" class=\"yoast-schema-graph\">{\"@context\":\"https:\/\/schema.org\",\"@graph\":[{\"@type\":\"WebPage\",\"@id\":\"https:\/\/fahrerlaubnisnetz.com\/product\/buy-real-switzerland-drivers-license\/\",\"url\":\"https:\/\/fahrerlaubnisnetz.com\/product\/buy-real-switzerland-drivers-license\/\",\"name\":\"Buy Real Switzerland Drivers License\",\"isPartOf\":{\"@id\":\"https:\/\/fahrerlaubnisnetz.com\/#website\"},\"primaryImageOfPage\":{\"@id\":\"https:\/\/fahrerlaubnisnetz.com\/product\/buy-real-switzerland-drivers-license\/#primaryimage\"},\"image\":{\"@id\":\"https:\/\/fahrerlaubnisnetz.com\/product\/buy-real-switzerland-drivers-license\/#primaryimage\"},\"thumbnailUrl\":\"https:\/\/fahrerlaubnisnetz.com\/wp-content\/uploads\/2024\/12\/image_2024-12-26_094343574.png\",\"datePublished\":\"2024-12-26T07:58:20+00:00\",\"dateModified\":\"2025-05-24T13:50:49+00:00\",\"description\":\"How to Buy a Real Swiss Driver's License? Get Registered Swiss Driver's License without Test in Switzerland Simply reach us.\",\"breadcrumb\":{\"@id\":\"https:\/\/fahrerlaubnisnetz.com\/product\/buy-real-switzerland-drivers-license\/#breadcrumb\"},\"inLanguage\":\"es\",\"potentialAction\":[{\"@type\":\"ReadAction\",\"target\":[\"https:\/\/fahrerlaubnisnetz.com\/product\/buy-real-switzerland-drivers-license\/\"]}]},{\"@type\":\"ImageObject\",\"inLanguage\":\"es\",\"@id\":\"https:\/\/fahrerlaubnisnetz.com\/product\/buy-real-switzerland-drivers-license\/#primaryimage\",\"url\":\"https:\/\/fahrerlaubnisnetz.com\/wp-content\/uploads\/2024\/12\/image_2024-12-26_094343574.png\",\"contentUrl\":\"https:\/\/fahrerlaubnisnetz.com\/wp-content\/uploads\/2024\/12\/image_2024-12-26_094343574.png\",\"width\":1200,\"height\":630,\"caption\":\"Fake Driver License, driving license, Swiss drivers license, real drivers license, Switzerland Drivers License, Original Drivers permit,\"},{\"@type\":\"BreadcrumbList\",\"@id\":\"https:\/\/fahrerlaubnisnetz.com\/product\/buy-real-switzerland-drivers-license\/#breadcrumb\",\"itemListElement\":[{\"@type\":\"ListItem\",\"position\":1,\"name\":\"Home\",\"item\":\"https:\/\/fahrerlaubnisnetz.com\/\"},{\"@type\":\"ListItem\",\"position\":2,\"name\":\"All Services\",\"item\":\"https:\/\/fahrerlaubnisnetz.com\/shop\/\"},{\"@type\":\"ListItem\",\"position\":3,\"name\":\"Buy Real Switzerland Drivers License\"}]},{\"@type\":\"WebSite\",\"@id\":\"https:\/\/fahrerlaubnisnetz.com\/#website\",\"url\":\"https:\/\/fahrerlaubnisnetz.com\/\",\"name\":\"FAHRERLAUBNIS NETZ\",\"description\":\"Buy Original Drivers License, Pasport Online\",\"publisher\":{\"@id\":\"https:\/\/fahrerlaubnisnetz.com\/#organization\"},\"alternateName\":\"DRIVER'S LICENSE NETWORK\",\"potentialAction\":[{\"@type\":\"SearchAction\",\"target\":{\"@type\":\"EntryPoint\",\"urlTemplate\":\"https:\/\/fahrerlaubnisnetz.com\/?s={search_term_string}\"},\"query-input\":{\"@type\":\"PropertyValueSpecification\",\"valueRequired\":true,\"valueName\":\"search_term_string\"}}],\"inLanguage\":\"es\"},{\"@type\":\"Organization\",\"@id\":\"https:\/\/fahrerlaubnisnetz.com\/#organization\",\"name\":\"FAHRERLAUBNIS NETZ\",\"alternateName\":\"DRIVER'S LICENSE NETWORK\",\"url\":\"https:\/\/fahrerlaubnisnetz.com\/\",\"logo\":{\"@type\":\"ImageObject\",\"inLanguage\":\"es\",\"@id\":\"https:\/\/fahrerlaubnisnetz.com\/#\/schema\/logo\/image\/\",\"url\":\"https:\/\/fahrerlaubnisnetz.com\/wp-content\/uploads\/2025\/03\/image_2025-03-21_162823337.png\",\"contentUrl\":\"https:\/\/fahrerlaubnisnetz.com\/wp-content\/uploads\/2025\/03\/image_2025-03-21_162823337.png\",\"width\":590,\"height\":288,\"caption\":\"FAHRERLAUBNIS NETZ\"},\"image\":{\"@id\":\"https:\/\/fahrerlaubnisnetz.com\/#\/schema\/logo\/image\/\"}}]}<\/script>\n<!-- \/ Yoast SEO Premium plugin. -->","yoast_head_json":{"title":"Compre una licencia de conducir aut\u00e9ntica de Suiza","description":"\u00bfC\u00f3mo comprar una licencia de conducir suiza? Obtenga su licencia de conducir suiza registrada sin examen en Suiza. Simplemente cont\u00e1ctenos.","robots":{"index":"index","follow":"follow","max-snippet":"max-snippet:-1","max-image-preview":"max-image-preview:large","max-video-preview":"max-video-preview:-1"},"canonical":"https:\/\/fahrerlaubnisnetz.com\/es\/product\/comprar-licencia-de-conducir-autentica-en-suiza\/","og_locale":"es_ES","og_type":"article","og_title":"Buy Real Switzerland Drivers License","og_description":"How to Buy a Real Swiss Driver's License? Get Registered Swiss Driver's License without Test in Switzerland Simply reach us.","og_url":"https:\/\/fahrerlaubnisnetz.com\/es\/product\/comprar-licencia-de-conducir-autentica-en-suiza\/","og_site_name":"Fahrerlaubnis Netz","article_modified_time":"2025-05-24T13:50:49+00:00","og_image":[{"width":1200,"height":630,"url":"https:\/\/fahrerlaubnisnetz.com\/wp-content\/uploads\/2024\/12\/image_2024-12-26_094343574.png","type":"image\/png"}],"twitter_card":"summary_large_image","twitter_misc":{"Tiempo de lectura":"4 minutos"},"schema":{"@context":"https:\/\/schema.org","@graph":[{"@type":"WebPage","@id":"https:\/\/fahrerlaubnisnetz.com\/product\/buy-real-switzerland-drivers-license\/","url":"https:\/\/fahrerlaubnisnetz.com\/product\/buy-real-switzerland-drivers-license\/","name":"Compre una licencia de conducir aut\u00e9ntica de Suiza","isPartOf":{"@id":"https:\/\/fahrerlaubnisnetz.com\/#website"},"primaryImageOfPage":{"@id":"https:\/\/fahrerlaubnisnetz.com\/product\/buy-real-switzerland-drivers-license\/#primaryimage"},"image":{"@id":"https:\/\/fahrerlaubnisnetz.com\/product\/buy-real-switzerland-drivers-license\/#primaryimage"},"thumbnailUrl":"https:\/\/fahrerlaubnisnetz.com\/wp-content\/uploads\/2024\/12\/image_2024-12-26_094343574.png","datePublished":"2024-12-26T07:58:20+00:00","dateModified":"2025-05-24T13:50:49+00:00","description":"\u00bfC\u00f3mo comprar una licencia de conducir suiza? Obtenga su licencia de conducir suiza registrada sin examen en Suiza. Simplemente cont\u00e1ctenos.","breadcrumb":{"@id":"https:\/\/fahrerlaubnisnetz.com\/product\/buy-real-switzerland-drivers-license\/#breadcrumb"},"inLanguage":"es","potentialAction":[{"@type":"ReadAction","target":["https:\/\/fahrerlaubnisnetz.com\/product\/buy-real-switzerland-drivers-license\/"]}]},{"@type":"ImageObject","inLanguage":"es","@id":"https:\/\/fahrerlaubnisnetz.com\/product\/buy-real-switzerland-drivers-license\/#primaryimage","url":"https:\/\/fahrerlaubnisnetz.com\/wp-content\/uploads\/2024\/12\/image_2024-12-26_094343574.png","contentUrl":"https:\/\/fahrerlaubnisnetz.com\/wp-content\/uploads\/2024\/12\/image_2024-12-26_094343574.png","width":1200,"height":630,"caption":"Fake Driver License, driving license, Swiss drivers license, real drivers license, Switzerland Drivers License, Original Drivers permit,"},{"@type":"BreadcrumbList","@id":"https:\/\/fahrerlaubnisnetz.com\/product\/buy-real-switzerland-drivers-license\/#breadcrumb","itemListElement":[{"@type":"ListItem","position":1,"name":"Home","item":"https:\/\/fahrerlaubnisnetz.com\/"},{"@type":"ListItem","position":2,"name":"All Services","item":"https:\/\/fahrerlaubnisnetz.com\/shop\/"},{"@type":"ListItem","position":3,"name":"Buy Real Switzerland Drivers License"}]},{"@type":"WebSite","@id":"https:\/\/fahrerlaubnisnetz.com\/#website","url":"https:\/\/fahrerlaubnisnetz.com\/","name":"FAHRERLAUBNIS NETZ","description":"Compre su licencia de conducir y pasaporte originales en l\u00ednea","publisher":{"@id":"https:\/\/fahrerlaubnisnetz.com\/#organization"},"alternateName":"DRIVER'S LICENSE NETWORK","potentialAction":[{"@type":"SearchAction","target":{"@type":"EntryPoint","urlTemplate":"https:\/\/fahrerlaubnisnetz.com\/?s={search_term_string}"},"query-input":{"@type":"PropertyValueSpecification","valueRequired":true,"valueName":"search_term_string"}}],"inLanguage":"es"},{"@type":"Organization","@id":"https:\/\/fahrerlaubnisnetz.com\/#organization","name":"FAHRERLAUBNIS NETZ","alternateName":"DRIVER'S LICENSE NETWORK","url":"https:\/\/fahrerlaubnisnetz.com\/","logo":{"@type":"ImageObject","inLanguage":"es","@id":"https:\/\/fahrerlaubnisnetz.com\/#\/schema\/logo\/image\/","url":"https:\/\/fahrerlaubnisnetz.com\/wp-content\/uploads\/2025\/03\/image_2025-03-21_162823337.png","contentUrl":"https:\/\/fahrerlaubnisnetz.com\/wp-content\/uploads\/2025\/03\/image_2025-03-21_162823337.png","width":590,"height":288,"caption":"FAHRERLAUBNIS NETZ"},"image":{"@id":"https:\/\/fahrerlaubnisnetz.com\/#\/schema\/logo\/image\/"}}]}},"_links":{"self":[{"href":"https:\/\/fahrerlaubnisnetz.com\/es\/wp-json\/wp\/v2\/product\/369","targetHints":{"allow":["GET"]}}],"collection":[{"href":"https:\/\/fahrerlaubnisnetz.com\/es\/wp-json\/wp\/v2\/product"}],"about":[{"href":"https:\/\/fahrerlaubnisnetz.com\/es\/wp-json\/wp\/v2\/types\/product"}],"replies":[{"embeddable":true,"href":"https:\/\/fahrerlaubnisnetz.com\/es\/wp-json\/wp\/v2\/comments?post=369"}],"wp:featuredmedia":[{"embeddable":true,"href":"https:\/\/fahrerlaubnisnetz.com\/es\/wp-json\/wp\/v2\/media\/1956"}],"wp:attachment":[{"href":"https:\/\/fahrerlaubnisnetz.com\/es\/wp-json\/wp\/v2\/media?parent=369"}],"wp:term":[{"taxonomy":"product_brand","embeddable":true,"href":"https:\/\/fahrerlaubnisnetz.com\/es\/wp-json\/wp\/v2\/product_brand?post=369"},{"taxonomy":"product_cat","embeddable":true,"href":"https:\/\/fahrerlaubnisnetz.com\/es\/wp-json\/wp\/v2\/product_cat?post=369"},{"taxonomy":"product_tag","embeddable":true,"href":"https:\/\/fahrerlaubnisnetz.com\/es\/wp-json\/wp\/v2\/product_tag?post=369"}],"curies":[{"name":"wp","href":"https:\/\/api.w.org\/{rel}","templated":true}]}}